{"id":1979,"date":"2024-11-13T10:10:11","date_gmt":"2024-11-13T10:10:11","guid":{"rendered":"https:\/\/www.jy-electric.com\/?post_type=product&#038;p=1979"},"modified":"2025-03-09T11:42:05","modified_gmt":"2025-03-09T11:42:05","slug":"1000vdc-30a-panel-solar-conectores-electricos-ip67","status":"publish","type":"product","link":"https:\/\/www.jyiele.com\/es\/product\/1000vdc-30a-panel-solar-conectores-electricos-ip67\/","title":{"rendered":"1000VDC 30A Panel Solar Conectores El\u00e9ctricos IP67 Impermeable PV-HCA30"},"content":{"rendered":"<h2>Caracter\u00edsticas y ventajas<\/h2>\n<p>\u2666 Dise\u00f1o Safety-Lock: Utiliza un sencillo mecanismo de bloqueo a presi\u00f3n para una conexi\u00f3n firme y fiable; instalaci\u00f3n r\u00e1pida y sencilla con muchos conectores solares.<br \/>\nMaterial de silicona de alta densidad: Resistencia al calor, retardante de llama, funciones de impermeabilidad y a prueba de polvo contribuyen a un largo rendimiento en un entorno duro.<br \/>\nFunci\u00f3n impermeable y a prueba de polvo: Equipado con anillos de goma impermeables de alta densidad, excelente calidad de materiales de silicona, protecci\u00f3n de clase IP67 para condiciones clim\u00e1ticas diversificadas.<br \/>\nN\u00facleo de cobre engrosado: El n\u00facleo de cobre soldado es excelente en conductividad, con resistencia a la oxidaci\u00f3n. La resistencia de contacto puede ser tan baja como 0,5m\u03a9 para garantizar una transmisi\u00f3n eficiente de la corriente.<br \/>\n\u2666 Soporta alta tensi\u00f3n nominal y corriente: Cuenta con alta tensi\u00f3n nominal de hasta 1000V DC y alta corriente nominal de hasta 45A, haciendo que el conector sea una aplicaci\u00f3n perfecta para el establecimiento fotovoltaico a gran escala.<br \/>\n\u2666 Amplia adaptabilidad a la temperatura: Funcionamiento a una temperatura tan baja como -40 \u00b0 C y tan alta como +90 \u00b0 C, mientras que la temperatura m\u00e1xima puede alcanzar +105 \u00b0 C, por lo que es muy adaptable a diferentes condiciones ambientales.<br \/>\nAlta resistencia al fuego: Es ign\u00edfugo de grado UL-94-V0, por lo que cumple los requisitos de seguridad en entornos con altas temperaturas o propensos al fuego.<\/p>\n<h2>Par\u00e1metros del producto<\/h2>\n<figure class=\"wp-block-table\">\n<div class=\"scroll\">\n<table>\n<tbody>\n<tr>\n<td>N\u00famero de serie<\/td>\n<td>Par\u00e1metro<\/td>\n<td>Par\u00e1metro<\/td>\n<\/tr>\n<tr>\n<td>1<\/td>\n<td>Tipo<\/td>\n<td>Conector solar fotovoltaico<\/td>\n<\/tr>\n<tr>\n<td>2<\/td>\n<td>Tensi\u00f3n nominal<\/td>\n<td>1000 V CC<\/td>\n<\/tr>\n<tr>\n<td>3<\/td>\n<td>Corriente nominal<\/td>\n<td>45A (2,5\/4\/6mm2,14\/12\/10AWG)<\/td>\n<\/tr>\n<tr>\n<td>4<\/td>\n<td>Tensi\u00f3n de prueba<\/td>\n<td>8000V(50Hz,1min)<\/td>\n<\/tr>\n<tr>\n<td>5<\/td>\n<td>Temperatura<\/td>\n<td>-40\u00b0C ...+90\u00b0C<\/td>\n<\/tr>\n<tr>\n<td>6<\/td>\n<td>Temperatura l\u00edmite superior<\/td>\n<td>+105\u00b0C<\/td>\n<\/tr>\n<tr>\n<td>7<\/td>\n<td>Grado de protecci\u00f3n<\/td>\n<td>IP2X\/ IP68<\/td>\n<\/tr>\n<tr>\n<td>8<\/td>\n<td>Resistencia de contacto de los conectores<\/td>\n<td>0,5m\u03a9<\/td>\n<\/tr>\n<tr>\n<td>9<\/td>\n<td>Clase de seguridad<\/td>\n<td>\u2161<\/td>\n<\/tr>\n<tr>\n<td>10<\/td>\n<td>Material de contacto<\/td>\n<td>Cobre, esta\u00f1ado<\/td>\n<\/tr>\n<tr>\n<td>11<\/td>\n<td>Material aislante<\/td>\n<td>PPO<\/td>\n<\/tr>\n<tr>\n<td>12<\/td>\n<td>Fuerza de retirada\/Fuerza de inserci\u00f3n<\/td>\n<td>\u226550N\/\u226450N<\/td>\n<\/tr>\n<tr>\n<td>13<\/td>\n<td>Sistema de cierre<\/td>\n<td>Encaje a presi\u00f3n<\/td>\n<\/tr>\n<tr>\n<td>14<\/td>\n<td>Clase Flame<\/td>\n<td>UL-94-V0<\/td>\n<\/tr>\n<\/tbody>\n<\/table>\n<\/div>\n<\/figure>\n<figure class=\"wp-block-image size-full is-resized\"><img fetchpriority=\"high\" decoding=\"async\" class=\"alignnone wp-image-1983\" src=\"https:\/\/www.jy-electric.com\/wp-content\/uploads\/2024\/10\/30A-Solar-PV-Connector-Male-And-Female-294x300.webp\" alt=\"30A Solar PV Conector Macho Y Hembra\" width=\"450\" height=\"459\" srcset=\"https:\/\/www.jyiele.com\/wp-content\/uploads\/2024\/10\/30A-Solar-PV-Connector-Male-And-Female-294x300.webp 294w, https:\/\/www.jyiele.com\/wp-content\/uploads\/2024\/10\/30A-Solar-PV-Connector-Male-And-Female-12x12.webp 12w, https:\/\/www.jyiele.com\/wp-content\/uploads\/2024\/10\/30A-Solar-PV-Connector-Male-And-Female-600x613.webp 600w, https:\/\/www.jyiele.com\/wp-content\/uploads\/2024\/10\/30A-Solar-PV-Connector-Male-And-Female.webp 671w\" sizes=\"(max-width: 450px) 100vw, 450px\" \/><\/figure>\n<h2>Principales aplicaciones<\/h2>\n<p><strong>Conectores el\u00e9ctricos de paneles solares<\/strong> puede aplicarse a una amplia gama de usos en sistemas de generaci\u00f3n de energ\u00eda fotovoltaica, incluidos -aunque no exclusivamente- los siguientes escenarios:<\/p>\n<p>Sistemas residenciales de energ\u00eda solar: Se utilizar\u00e1n en las conexiones de los paneles solares de los tejados a la red o al inversor para la conversi\u00f3n y transmisi\u00f3n de energ\u00eda.<\/p>\n<p>Plantas de energ\u00eda solar comerciales: Estos conectores encontrar\u00e1n aplicaciones a gran escala en proyectos de energ\u00eda solar que conectan matrices de paneles solares para una transmisi\u00f3n eficaz de la energ\u00eda.<\/p>\n<p>Aplicaciones solares industriales: Los conectores el\u00e9ctricos para paneles solares pueden aplicarse a estaciones de energ\u00eda solar a escala industrial y a sistemas alimentados por energ\u00eda solar.<\/p>\n<h2>Mantenimiento y cuidado<\/h2>\n<p>\u2666 Inspecci\u00f3n peri\u00f3dica: Inspeccione peri\u00f3dicamente la resistencia de contacto del conector para asegurarse de que su conductividad se encuentra dentro de un rango normal.<br \/>\n\u2666 Limpieza de los anillos de goma impermeables: Limpie los anillos de goma impermeables con frecuencia, ya que la acumulaci\u00f3n de polvo u otras part\u00edculas puede interferir con el sellado.<br \/>\n\u2666 Compruebe el bloqueo de seguridad: Compruebe la estabilidad del mecanismo de bloqueo con vistas a garantizar la fiabilidad en las conexiones incluso despu\u00e9s de periodos de tiempo.<br \/>\n\u2666 Preste atenci\u00f3n a las conexiones correctas de los terminales positivo y negativo antes de la instalaci\u00f3n para evitar errores de polaridad del sistema que puedan provocar un mal funcionamiento.<br \/>\n\u2666 Prot\u00e9jalo del sol y la lluvia: Siempre que sea posible, evita la luz solar intensa y la lluvia para prolongar la vida \u00fatil del conector.<br \/>\n\u2666 Siguiendo los pasos que se indican a continuaci\u00f3n, se puede prolongar la vida \u00fatil de los conectores el\u00e9ctricos de los paneles solares para garantizar la estabilidad de un sistema fotovoltaico.<\/p>","protected":false},"excerpt":{"rendered":"<p><strong>Conectores el\u00e9ctricos para paneles solares<\/strong> son partes importantes de un sistema fotovoltaico. Se dise\u00f1aron para conectar paneles solares con controladores, inversores y otras instalaciones para una transmisi\u00f3n de potencia de salida m\u00e1xima. Este conector 1000VDC 30A est\u00e1 dise\u00f1ado tanto en versi\u00f3n macho como hembra, impermeable IP 67, y con los m\u00e1s altos est\u00e1ndares posibles. Tiene un dise\u00f1o de PV-HCA30 con excelente resistencia al calor, a prueba de agua y a prueba de polvo, por lo que es adecuado para la instalaci\u00f3n y el mantenimiento en diferentes tipos de sistemas solares fotovoltaicos.<\/p>","protected":false},"featured_media":1986,"template":"","meta":{"site-sidebar-layout":"default","site-content-layout":"","ast-site-content-layout":"default","site-content-style":"default","site-sidebar-style":"default","ast-global-header-display":"","ast-banner-title-visibility":"","ast-main-header-display":"","ast-hfb-above-header-display":"","ast-hfb-below-header-display":"","ast-hfb-mobile-header-display":"","site-post-title":"","ast-breadcrumbs-content":"","ast-featured-img":"","footer-sml-layout":"","ast-disable-related-posts":"","theme-transparent-header-meta":"default","adv-header-id-meta":"","stick-header-meta":"","header-above-stick-meta":"","header-main-stick-meta":"","header-below-stick-meta":"","astra-migrate-meta-layouts":"set","ast-page-background-enabled":"default","ast-page-background-meta":{"desktop":{"background-color":"var(--ast-global-color-4)","background-image":"","background-repeat":"repeat","background-position":"center center","background-size":"auto","background-attachment":"scroll","background-type":"","background-media":"","overlay-type":"","overlay-color":"","overlay-opacity":"","overlay-gradient":""},"tablet":{"background-color":"","background-image":"","background-repeat":"repeat","background-position":"center center","background-size":"auto","background-attachment":"scroll","background-type":"","background-media":"","overlay-type":"","overlay-color":"","overlay-opacity":"","overlay-gradient":""},"mobile":{"background-color":"","background-image":"","background-repeat":"repeat","background-position":"center center","background-size":"auto","background-attachment":"scroll","background-type":"","background-media":"","overlay-type":"","overlay-color":"","overlay-opacity":"","overlay-gradient":""}},"ast-content-background-meta":{"desktop":{"background-color":"var(--ast-global-color-5)","background-image":"","background-repeat":"repeat","background-position":"center center","background-size":"auto","background-attachment":"scroll","background-type":"","background-media":"","overlay-type":"","overlay-color":"","overlay-opacity":"","overlay-gradient":""},"tablet":{"background-color":"var(--ast-global-color-5)","background-image":"","background-repeat":"repeat","background-position":"center center","background-size":"auto","background-attachment":"scroll","background-type":"","background-media":"","overlay-type":"","overlay-color":"","overlay-opacity":"","overlay-gradient":""},"mobile":{"background-color":"var(--ast-global-color-5)","background-image":"","background-repeat":"repeat","background-position":"center center","background-size":"auto","background-attachment":"scroll","background-type":"","background-media":"","overlay-type":"","overlay-color":"","overlay-opacity":"","overlay-gradient":""}}},"product_brand":[],"product_cat":[19],"product_tag":[],"class_list":{"0":"post-1979","1":"product","2":"type-product","3":"status-publish","4":"has-post-thumbnail","6":"product_cat-mc4-connector","7":"desktop-align-left","8":"tablet-align-left","9":"mobile-align-left","11":"first","12":"instock","13":"shipping-taxable","14":"product-type-simple"},"yoast_head":"<!-- This site is optimized with the Yoast SEO plugin v24.8.1 - https:\/\/yoast.com\/wordpress\/plugins\/seo\/ -->\n<title>Solar Panel Electrical Connectors Manufacturer Form China<\/title>\n<meta name=\"description\" content=\"Durable solar panel electrical connectors, IP67 waterproof rating, and heat resistance. Ideal for efficient, safe solar power system connections.\" \/>\n<meta name=\"robots\" content=\"index, follow, max-snippet:-1, max-image-preview:large, max-video-preview:-1\" \/>\n<link rel=\"canonical\" href=\"https:\/\/www.jyiele.com\/es\/product\/1000vdc-30a-panel-solar-conectores-electricos-ip67\/\" \/>\n<meta property=\"og:locale\" content=\"es_ES\" \/>\n<meta property=\"og:type\" content=\"article\" \/>\n<meta property=\"og:title\" content=\"Solar Panel Electrical Connectors Manufacturer Form China\" \/>\n<meta property=\"og:description\" content=\"Durable solar panel electrical connectors, IP67 waterproof rating, and heat resistance. Ideal for efficient, safe solar power system connections.\" \/>\n<meta property=\"og:url\" content=\"https:\/\/www.jyiele.com\/es\/product\/1000vdc-30a-panel-solar-conectores-electricos-ip67\/\" \/>\n<meta property=\"og:site_name\" content=\"JYIELE\" \/>\n<meta property=\"article:modified_time\" content=\"2025-03-09T11:42:05+00:00\" \/>\n<meta property=\"og:image\" content=\"https:\/\/www.jyiele.com\/wp-content\/uploads\/2024\/10\/1000VDC-30A-Solar-Panel-Electrical-Connectors-IP67.webp\" \/>\n\t<meta property=\"og:image:width\" content=\"800\" \/>\n\t<meta property=\"og:image:height\" content=\"800\" \/>\n\t<meta property=\"og:image:type\" content=\"image\/webp\" \/>\n<meta name=\"twitter:card\" content=\"summary_large_image\" \/>\n<meta name=\"twitter:label1\" content=\"Tiempo de lectura\" \/>\n\t<meta name=\"twitter:data1\" content=\"3 minutos\" \/>\n<script type=\"application\/ld+json\" class=\"yoast-schema-graph\">{\"@context\":\"https:\/\/schema.org\",\"@graph\":[{\"@type\":\"WebPage\",\"@id\":\"https:\/\/www.jyiele.com\/product\/1000vdc-30a-solar-panel-electrical-connectors-ip67\/\",\"url\":\"https:\/\/www.jyiele.com\/product\/1000vdc-30a-solar-panel-electrical-connectors-ip67\/\",\"name\":\"Solar Panel Electrical Connectors Manufacturer Form China\",\"isPartOf\":{\"@id\":\"https:\/\/www.jyiele.com\/#website\"},\"primaryImageOfPage\":{\"@id\":\"https:\/\/www.jyiele.com\/product\/1000vdc-30a-solar-panel-electrical-connectors-ip67\/#primaryimage\"},\"image\":{\"@id\":\"https:\/\/www.jyiele.com\/product\/1000vdc-30a-solar-panel-electrical-connectors-ip67\/#primaryimage\"},\"thumbnailUrl\":\"https:\/\/www.jyiele.com\/wp-content\/uploads\/2024\/10\/1000VDC-30A-Solar-Panel-Electrical-Connectors-IP67.webp\",\"datePublished\":\"2024-11-13T10:10:11+00:00\",\"dateModified\":\"2025-03-09T11:42:05+00:00\",\"description\":\"Durable solar panel electrical connectors, IP67 waterproof rating, and heat resistance. Ideal for efficient, safe solar power system connections.\",\"breadcrumb\":{\"@id\":\"https:\/\/www.jyiele.com\/product\/1000vdc-30a-solar-panel-electrical-connectors-ip67\/#breadcrumb\"},\"inLanguage\":\"es\",\"potentialAction\":[{\"@type\":\"ReadAction\",\"target\":[\"https:\/\/www.jyiele.com\/product\/1000vdc-30a-solar-panel-electrical-connectors-ip67\/\"]}]},{\"@type\":\"ImageObject\",\"inLanguage\":\"es\",\"@id\":\"https:\/\/www.jyiele.com\/product\/1000vdc-30a-solar-panel-electrical-connectors-ip67\/#primaryimage\",\"url\":\"https:\/\/www.jyiele.com\/wp-content\/uploads\/2024\/10\/1000VDC-30A-Solar-Panel-Electrical-Connectors-IP67.webp\",\"contentUrl\":\"https:\/\/www.jyiele.com\/wp-content\/uploads\/2024\/10\/1000VDC-30A-Solar-Panel-Electrical-Connectors-IP67.webp\",\"width\":800,\"height\":800,\"caption\":\"1000VDC 30A Solar Panel Electrical Connectors IP67\"},{\"@type\":\"BreadcrumbList\",\"@id\":\"https:\/\/www.jyiele.com\/product\/1000vdc-30a-solar-panel-electrical-connectors-ip67\/#breadcrumb\",\"itemListElement\":[{\"@type\":\"ListItem\",\"position\":1,\"name\":\"Home\",\"item\":\"https:\/\/www.jyiele.com\/\"},{\"@type\":\"ListItem\",\"position\":2,\"name\":\"Product\",\"item\":\"https:\/\/www.jyiele.com\/product\/\"},{\"@type\":\"ListItem\",\"position\":3,\"name\":\"MC4 Connector\",\"item\":\"https:\/\/www.jyiele.com\/product-category\/mc4-connector\/\"},{\"@type\":\"ListItem\",\"position\":4,\"name\":\"1000VDC 30A Solar Panel Electrical Connectors IP67 Waterproof PV-HCA30\"}]},{\"@type\":\"WebSite\",\"@id\":\"https:\/\/www.jyiele.com\/#website\",\"url\":\"https:\/\/www.jyiele.com\/\",\"name\":\"JYIELE\",\"description\":\"Vacuum Circuit Breaker manufacturer\",\"publisher\":{\"@id\":\"https:\/\/www.jyiele.com\/#organization\"},\"potentialAction\":[{\"@type\":\"SearchAction\",\"target\":{\"@type\":\"EntryPoint\",\"urlTemplate\":\"https:\/\/www.jyiele.com\/?s={search_term_string}\"},\"query-input\":{\"@type\":\"PropertyValueSpecification\",\"valueRequired\":true,\"valueName\":\"search_term_string\"}}],\"inLanguage\":\"es\"},{\"@type\":\"Organization\",\"@id\":\"https:\/\/www.jyiele.com\/#organization\",\"name\":\"JYIELE\",\"url\":\"https:\/\/www.jyiele.com\/\",\"logo\":{\"@type\":\"ImageObject\",\"inLanguage\":\"es\",\"@id\":\"https:\/\/www.jyiele.com\/#\/schema\/logo\/image\/\",\"url\":\"https:\/\/www.jyiele.com\/wp-content\/uploads\/2024\/09\/cropped-jyele-1.webp\",\"contentUrl\":\"https:\/\/www.jyiele.com\/wp-content\/uploads\/2024\/09\/cropped-jyele-1.webp\",\"width\":137,\"height\":60,\"caption\":\"JYIELE\"},\"image\":{\"@id\":\"https:\/\/www.jyiele.com\/#\/schema\/logo\/image\/\"}}]}<\/script>\n<!-- \/ Yoast SEO plugin. -->","yoast_head_json":{"title":"Conectores el\u00e9ctricos para paneles solares Fabricantes China","description":"Conectores el\u00e9ctricos para paneles solares duraderos, con grado de impermeabilidad IP67 y resistentes al calor. Ideales para conexiones eficientes y seguras de sistemas de energ\u00eda solar.","robots":{"index":"index","follow":"follow","max-snippet":"max-snippet:-1","max-image-preview":"max-image-preview:large","max-video-preview":"max-video-preview:-1"},"canonical":"https:\/\/www.jyiele.com\/es\/product\/1000vdc-30a-panel-solar-conectores-electricos-ip67\/","og_locale":"es_ES","og_type":"article","og_title":"Solar Panel Electrical Connectors Manufacturer Form China","og_description":"Durable solar panel electrical connectors, IP67 waterproof rating, and heat resistance. Ideal for efficient, safe solar power system connections.","og_url":"https:\/\/www.jyiele.com\/es\/product\/1000vdc-30a-panel-solar-conectores-electricos-ip67\/","og_site_name":"JYIELE","article_modified_time":"2025-03-09T11:42:05+00:00","og_image":[{"width":800,"height":800,"url":"https:\/\/www.jyiele.com\/wp-content\/uploads\/2024\/10\/1000VDC-30A-Solar-Panel-Electrical-Connectors-IP67.webp","type":"image\/webp"}],"twitter_card":"summary_large_image","twitter_misc":{"Tiempo de lectura":"3 minutos"},"schema":{"@context":"https:\/\/schema.org","@graph":[{"@type":"WebPage","@id":"https:\/\/www.jyiele.com\/product\/1000vdc-30a-solar-panel-electrical-connectors-ip67\/","url":"https:\/\/www.jyiele.com\/product\/1000vdc-30a-solar-panel-electrical-connectors-ip67\/","name":"Conectores el\u00e9ctricos para paneles solares Fabricantes China","isPartOf":{"@id":"https:\/\/www.jyiele.com\/#website"},"primaryImageOfPage":{"@id":"https:\/\/www.jyiele.com\/product\/1000vdc-30a-solar-panel-electrical-connectors-ip67\/#primaryimage"},"image":{"@id":"https:\/\/www.jyiele.com\/product\/1000vdc-30a-solar-panel-electrical-connectors-ip67\/#primaryimage"},"thumbnailUrl":"https:\/\/www.jyiele.com\/wp-content\/uploads\/2024\/10\/1000VDC-30A-Solar-Panel-Electrical-Connectors-IP67.webp","datePublished":"2024-11-13T10:10:11+00:00","dateModified":"2025-03-09T11:42:05+00:00","description":"Conectores el\u00e9ctricos para paneles solares duraderos, con grado de impermeabilidad IP67 y resistentes al calor. Ideales para conexiones eficientes y seguras de sistemas de energ\u00eda solar.","breadcrumb":{"@id":"https:\/\/www.jyiele.com\/product\/1000vdc-30a-solar-panel-electrical-connectors-ip67\/#breadcrumb"},"inLanguage":"es","potentialAction":[{"@type":"ReadAction","target":["https:\/\/www.jyiele.com\/product\/1000vdc-30a-solar-panel-electrical-connectors-ip67\/"]}]},{"@type":"ImageObject","inLanguage":"es","@id":"https:\/\/www.jyiele.com\/product\/1000vdc-30a-solar-panel-electrical-connectors-ip67\/#primaryimage","url":"https:\/\/www.jyiele.com\/wp-content\/uploads\/2024\/10\/1000VDC-30A-Solar-Panel-Electrical-Connectors-IP67.webp","contentUrl":"https:\/\/www.jyiele.com\/wp-content\/uploads\/2024\/10\/1000VDC-30A-Solar-Panel-Electrical-Connectors-IP67.webp","width":800,"height":800,"caption":"1000VDC 30A Solar Panel Electrical Connectors IP67"},{"@type":"BreadcrumbList","@id":"https:\/\/www.jyiele.com\/product\/1000vdc-30a-solar-panel-electrical-connectors-ip67\/#breadcrumb","itemListElement":[{"@type":"ListItem","position":1,"name":"Home","item":"https:\/\/www.jyiele.com\/"},{"@type":"ListItem","position":2,"name":"Product","item":"https:\/\/www.jyiele.com\/product\/"},{"@type":"ListItem","position":3,"name":"MC4 Connector","item":"https:\/\/www.jyiele.com\/product-category\/mc4-connector\/"},{"@type":"ListItem","position":4,"name":"1000VDC 30A Solar Panel Electrical Connectors IP67 Waterproof PV-HCA30"}]},{"@type":"WebSite","@id":"https:\/\/www.jyiele.com\/#website","url":"https:\/\/www.jyiele.com\/","name":"JYIELE","description":"Fabricante de disyuntores de vac\u00edo","publisher":{"@id":"https:\/\/www.jyiele.com\/#organization"},"potentialAction":[{"@type":"SearchAction","target":{"@type":"EntryPoint","urlTemplate":"https:\/\/www.jyiele.com\/?s={search_term_string}"},"query-input":{"@type":"PropertyValueSpecification","valueRequired":true,"valueName":"search_term_string"}}],"inLanguage":"es"},{"@type":"Organization","@id":"https:\/\/www.jyiele.com\/#organization","name":"JYIELE","url":"https:\/\/www.jyiele.com\/","logo":{"@type":"ImageObject","inLanguage":"es","@id":"https:\/\/www.jyiele.com\/#\/schema\/logo\/image\/","url":"https:\/\/www.jyiele.com\/wp-content\/uploads\/2024\/09\/cropped-jyele-1.webp","contentUrl":"https:\/\/www.jyiele.com\/wp-content\/uploads\/2024\/09\/cropped-jyele-1.webp","width":137,"height":60,"caption":"JYIELE"},"image":{"@id":"https:\/\/www.jyiele.com\/#\/schema\/logo\/image\/"}}]}},"_links":{"self":[{"href":"https:\/\/www.jyiele.com\/es\/wp-json\/wp\/v2\/product\/1979","targetHints":{"allow":["GET"]}}],"collection":[{"href":"https:\/\/www.jyiele.com\/es\/wp-json\/wp\/v2\/product"}],"about":[{"href":"https:\/\/www.jyiele.com\/es\/wp-json\/wp\/v2\/types\/product"}],"version-history":[{"count":4,"href":"https:\/\/www.jyiele.com\/es\/wp-json\/wp\/v2\/product\/1979\/revisions"}],"predecessor-version":[{"id":1987,"href":"https:\/\/www.jyiele.com\/es\/wp-json\/wp\/v2\/product\/1979\/revisions\/1987"}],"wp:featuredmedia":[{"embeddable":true,"href":"https:\/\/www.jyiele.com\/es\/wp-json\/wp\/v2\/media\/1986"}],"wp:attachment":[{"href":"https:\/\/www.jyiele.com\/es\/wp-json\/wp\/v2\/media?parent=1979"}],"wp:term":[{"taxonomy":"product_brand","embeddable":true,"href":"https:\/\/www.jyiele.com\/es\/wp-json\/wp\/v2\/product_brand?post=1979"},{"taxonomy":"product_cat","embeddable":true,"href":"https:\/\/www.jyiele.com\/es\/wp-json\/wp\/v2\/product_cat?post=1979"},{"taxonomy":"product_tag","embeddable":true,"href":"https:\/\/www.jyiele.com\/es\/wp-json\/wp\/v2\/product_tag?post=1979"}],"curies":[{"name":"wp","href":"https:\/\/api.w.org\/{rel}","templated":true}]}}