{"id":2047,"date":"2023-10-27T06:12:07","date_gmt":"2023-10-27T06:12:07","guid":{"rendered":"https:\/\/www.jy-electric.com\/?post_type=product&#038;p=2047"},"modified":"2025-03-09T11:41:15","modified_gmt":"2025-03-09T11:41:15","slug":"cps-125-control-and-protection-switch","status":"publish","type":"product","link":"https:\/\/www.jyiele.com\/es\/product\/cps-125-control-and-protection-switch\/","title":{"rendered":"CPS-125 Interruptor de control y protecci\u00f3n Aparatos"},"content":{"rendered":"<p>- El CPS desarrollado con la avanzada tecnolog\u00eda de control MCU tiene una alta precisi\u00f3n de protecci\u00f3n, un funcionamiento estable y fiable y una fuerte resistencia a las interferencias, logrando el dispositivo de conmutaci\u00f3n de control y protecci\u00f3n con funciones de digitalizaci\u00f3n intelligentization, la creaci\u00f3n de redes de comunicaci\u00f3n y la supervisi\u00f3n de la conexi\u00f3n de bus de campo, etc.<br \/>\n- CPS cumple con GB14048.9\/IEC60947-6-2 aparamenta de baja tensi\u00f3n secci\u00f3n 6-2:Control de equipos de funci\u00f3n m\u00faltiple y dispositivos de conmutaci\u00f3n de protecci\u00f3n (o equipo)(KBO).<\/p>\n<h4 class=\"wp-block-heading\"><strong>General<\/strong><\/h4>\n<p>- Par\u00e1metros t\u00e9cnicos b\u00e1sicos<\/p>\n<figure class=\"wp-block-table\">\n<div class=\"scroll\">\n<table>\n<tbody>\n<tr>\n<td>Tama\u00f1o del marco(A)<\/td>\n<td>Corriente nominal del cuerpo<\/td>\n<td>Corriente nominal de funcionamiento del regulador le(A)<\/td>\n<td>Rango de ajuste de la corriente nominal de funcionamiento del regulador Ir1(A)<\/td>\n<td>Rango de control ower de 380V(kW)<\/td>\n<td>Categor\u00eda de utilizaci\u00f3n<\/td>\n<td>Tensi\u00f3n nominal (V)<\/td>\n<td>Frecuencia nominal\uff08Hz\uff09<\/td>\n<td>Tensi\u00f3n nominal soportada a impulsos (KV)<\/td>\n<td>Clase de viaje<\/td>\n<\/tr>\n<tr>\n<td rowspan=\"7\">45<\/td>\n<td rowspan=\"2\">3<\/td>\n<td>1<\/td>\n<td>0.4\uff5e1<\/td>\n<td>0.18\uff5e0.45<\/td>\n<td rowspan=\"10\">AC-42AC-43AC-44<\/td>\n<td rowspan=\"10\">400<\/td>\n<td rowspan=\"10\">50(60)<\/td>\n<td rowspan=\"10\">8<\/td>\n<td rowspan=\"10\">10<\/td>\n<\/tr>\n<tr>\n<td>3<\/td>\n<td>1.2\uff5e3<\/td>\n<td>0.55\uff5e1.35<\/td>\n<\/tr>\n<tr>\n<td rowspan=\"3\">16<\/td>\n<td>6<\/td>\n<td>2.4\uff5e6<\/td>\n<td>1.1\uff5e2.7<\/td>\n<\/tr>\n<tr>\n<td>10<\/td>\n<td>4\uff5e10<\/td>\n<td>1.8\uff5e4.5<\/td>\n<\/tr>\n<tr>\n<td>16<\/td>\n<td>6.4\uff5e16<\/td>\n<td>3\uff5e7.5<\/td>\n<\/tr>\n<tr>\n<td rowspan=\"2\">45<\/td>\n<td>32<\/td>\n<td>12.8\uff5e32<\/td>\n<td>6\uff5e15<\/td>\n<\/tr>\n<tr>\n<td>45<\/td>\n<td>18\uff5e45<\/td>\n<td>8\uff5e20<\/td>\n<\/tr>\n<tr>\n<td rowspan=\"3\">125<\/td>\n<td rowspan=\"3\">125<\/td>\n<td>63<\/td>\n<td>25.2\uff5e63<\/td>\n<td>12\uff5e30<\/td>\n<\/tr>\n<tr>\n<td>100<\/td>\n<td>40\uff5e100<\/td>\n<td>18\uff5e45<\/td>\n<\/tr>\n<tr>\n<td>125<\/td>\n<td>50\uff5e125<\/td>\n<td>22\uff5e55<\/td>\n<\/tr>\n<\/tbody>\n<\/table>\n<\/div>\n<\/figure>","protected":false},"excerpt":{"rendered":"<p>El fusible de la serie CPS (en lo sucesivo, ERKBO) es un nuevo tipo de aparato de baja tensi\u00f3n. - CPS desarrollado por nuestra empresa adopta la estructura modularizada, integra las principales funciones de componentes independientes (por ejemplo, disyuntor, contactor, rel\u00e9 de sobrecarga, seccionador, etc.), e integra varias se\u00f1ales, logrando as\u00ed la coordinaci\u00f3n autom\u00e1tica entre las funciones de control y la funci\u00f3n de protecci\u00f3n dentro del producto. Tiene caracter\u00edsticas de peque\u00f1o tama\u00f1o, alto cortocircuito rompiendo rformance larga vida electromec\u00e1nica, alta confiabilidad operacional, operaci\u00f3n segura y conveniente, ahorro de energ\u00eda y ahorro de material, etc..<\/p>","protected":false},"featured_media":2048,"template":"","meta":{"site-sidebar-layout":"default","site-content-layout":"","ast-site-content-layout":"default","site-content-style":"default","site-sidebar-style":"default","ast-global-header-display":"","ast-banner-title-visibility":"","ast-main-header-display":"","ast-hfb-above-header-display":"","ast-hfb-below-header-display":"","ast-hfb-mobile-header-display":"","site-post-title":"","ast-breadcrumbs-content":"","ast-featured-img":"","footer-sml-layout":"","ast-disable-related-posts":"","theme-transparent-header-meta":"default","adv-header-id-meta":"","stick-header-meta":"","header-above-stick-meta":"","header-main-stick-meta":"","header-below-stick-meta":"","astra-migrate-meta-layouts":"set","ast-page-background-enabled":"default","ast-page-background-meta":{"desktop":{"background-color":"var(--ast-global-color-4)","background-image":"","background-repeat":"repeat","background-position":"center center","background-size":"auto","background-attachment":"scroll","background-type":"","background-media":"","overlay-type":"","overlay-color":"","overlay-opacity":"","overlay-gradient":""},"tablet":{"background-color":"","background-image":"","background-repeat":"repeat","background-position":"center center","background-size":"auto","background-attachment":"scroll","background-type":"","background-media":"","overlay-type":"","overlay-color":"","overlay-opacity":"","overlay-gradient":""},"mobile":{"background-color":"","background-image":"","background-repeat":"repeat","background-position":"center center","background-size":"auto","background-attachment":"scroll","background-type":"","background-media":"","overlay-type":"","overlay-color":"","overlay-opacity":"","overlay-gradient":""}},"ast-content-background-meta":{"desktop":{"background-color":"var(--ast-global-color-5)","background-image":"","background-repeat":"repeat","background-position":"center center","background-size":"auto","background-attachment":"scroll","background-type":"","background-media":"","overlay-type":"","overlay-color":"","overlay-opacity":"","overlay-gradient":""},"tablet":{"background-color":"var(--ast-global-color-5)","background-image":"","background-repeat":"repeat","background-position":"center center","background-size":"auto","background-attachment":"scroll","background-type":"","background-media":"","overlay-type":"","overlay-color":"","overlay-opacity":"","overlay-gradient":""},"mobile":{"background-color":"var(--ast-global-color-5)","background-image":"","background-repeat":"repeat","background-position":"center center","background-size":"auto","background-attachment":"scroll","background-type":"","background-media":"","overlay-type":"","overlay-color":"","overlay-opacity":"","overlay-gradient":""}}},"product_brand":[],"product_cat":[25],"product_tag":[],"class_list":{"0":"post-2047","1":"product","2":"type-product","3":"status-publish","4":"has-post-thumbnail","6":"product_cat-cps-control-protection-switch","7":"desktop-align-left","8":"tablet-align-left","9":"mobile-align-left","11":"first","12":"instock","13":"shipping-taxable","14":"purchasable","15":"product-type-simple"},"yoast_head":"<!-- This site is optimized with the Yoast SEO plugin v24.8.1 - https:\/\/yoast.com\/wordpress\/plugins\/seo\/ -->\n<title>CPS-125 Control And Protection Switch Appliances Supplier - JYIELE<\/title>\n<meta name=\"description\" content=\"The CPS-125 controls and protects switchgear, providing efficient and reliable power management solutions to ensure equipment safety and performance optimization. Suitable for a wide range of industrial applications to meet your control needs.\" \/>\n<meta name=\"robots\" content=\"index, follow, max-snippet:-1, max-image-preview:large, max-video-preview:-1\" \/>\n<link rel=\"canonical\" href=\"https:\/\/www.jyiele.com\/es\/product\/cps-125-control-and-protection-switch\/\" \/>\n<meta property=\"og:locale\" content=\"es_ES\" \/>\n<meta property=\"og:type\" content=\"article\" \/>\n<meta property=\"og:title\" content=\"CPS-125 Control And Protection Switch Appliances Supplier - JYIELE\" \/>\n<meta property=\"og:description\" content=\"The CPS-125 controls and protects switchgear, providing efficient and reliable power management solutions to ensure equipment safety and performance optimization. Suitable for a wide range of industrial applications to meet your control needs.\" \/>\n<meta property=\"og:url\" content=\"https:\/\/www.jyiele.com\/es\/product\/cps-125-control-and-protection-switch\/\" \/>\n<meta property=\"og:site_name\" content=\"JYIELE\" \/>\n<meta property=\"article:modified_time\" content=\"2025-03-09T11:41:15+00:00\" \/>\n<meta property=\"og:image\" content=\"https:\/\/www.jyiele.com\/wp-content\/uploads\/2024\/10\/CPS-125-Control-And-Protection-Switch.webp\" \/>\n\t<meta property=\"og:image:width\" content=\"800\" \/>\n\t<meta property=\"og:image:height\" content=\"800\" \/>\n\t<meta property=\"og:image:type\" content=\"image\/webp\" \/>\n<meta name=\"twitter:card\" content=\"summary_large_image\" \/>\n<meta name=\"twitter:label1\" content=\"Tiempo de lectura\" \/>\n\t<meta name=\"twitter:data1\" content=\"1 minuto\" \/>\n<script type=\"application\/ld+json\" class=\"yoast-schema-graph\">{\"@context\":\"https:\/\/schema.org\",\"@graph\":[{\"@type\":\"WebPage\",\"@id\":\"https:\/\/www.jyiele.com\/product\/cps-125-control-and-protection-switch\/\",\"url\":\"https:\/\/www.jyiele.com\/product\/cps-125-control-and-protection-switch\/\",\"name\":\"CPS-125 Control And Protection Switch Appliances Supplier - JYIELE\",\"isPartOf\":{\"@id\":\"https:\/\/www.jyiele.com\/#website\"},\"primaryImageOfPage\":{\"@id\":\"https:\/\/www.jyiele.com\/product\/cps-125-control-and-protection-switch\/#primaryimage\"},\"image\":{\"@id\":\"https:\/\/www.jyiele.com\/product\/cps-125-control-and-protection-switch\/#primaryimage\"},\"thumbnailUrl\":\"https:\/\/www.jyiele.com\/wp-content\/uploads\/2024\/10\/CPS-125-Control-And-Protection-Switch.webp\",\"datePublished\":\"2023-10-27T06:12:07+00:00\",\"dateModified\":\"2025-03-09T11:41:15+00:00\",\"description\":\"The CPS-125 controls and protects switchgear, providing efficient and reliable power management solutions to ensure equipment safety and performance optimization. Suitable for a wide range of industrial applications to meet your control needs.\",\"breadcrumb\":{\"@id\":\"https:\/\/www.jyiele.com\/product\/cps-125-control-and-protection-switch\/#breadcrumb\"},\"inLanguage\":\"es\",\"potentialAction\":[{\"@type\":\"ReadAction\",\"target\":[\"https:\/\/www.jyiele.com\/product\/cps-125-control-and-protection-switch\/\"]}]},{\"@type\":\"ImageObject\",\"inLanguage\":\"es\",\"@id\":\"https:\/\/www.jyiele.com\/product\/cps-125-control-and-protection-switch\/#primaryimage\",\"url\":\"https:\/\/www.jyiele.com\/wp-content\/uploads\/2024\/10\/CPS-125-Control-And-Protection-Switch.webp\",\"contentUrl\":\"https:\/\/www.jyiele.com\/wp-content\/uploads\/2024\/10\/CPS-125-Control-And-Protection-Switch.webp\",\"width\":800,\"height\":800,\"caption\":\"CPS-125 Control And Protection Switch\"},{\"@type\":\"BreadcrumbList\",\"@id\":\"https:\/\/www.jyiele.com\/product\/cps-125-control-and-protection-switch\/#breadcrumb\",\"itemListElement\":[{\"@type\":\"ListItem\",\"position\":1,\"name\":\"Home\",\"item\":\"https:\/\/www.jyiele.com\/\"},{\"@type\":\"ListItem\",\"position\":2,\"name\":\"Product\",\"item\":\"https:\/\/www.jyiele.com\/product\/\"},{\"@type\":\"ListItem\",\"position\":3,\"name\":\"CPS Control Protection Switch\",\"item\":\"https:\/\/www.jyiele.com\/product-category\/cps-control-protection-switch\/\"},{\"@type\":\"ListItem\",\"position\":4,\"name\":\"CPS-125 Control And Protection Switch Appliances\"}]},{\"@type\":\"WebSite\",\"@id\":\"https:\/\/www.jyiele.com\/#website\",\"url\":\"https:\/\/www.jyiele.com\/\",\"name\":\"JYIELE\",\"description\":\"Vacuum Circuit Breaker manufacturer\",\"publisher\":{\"@id\":\"https:\/\/www.jyiele.com\/#organization\"},\"potentialAction\":[{\"@type\":\"SearchAction\",\"target\":{\"@type\":\"EntryPoint\",\"urlTemplate\":\"https:\/\/www.jyiele.com\/?s={search_term_string}\"},\"query-input\":{\"@type\":\"PropertyValueSpecification\",\"valueRequired\":true,\"valueName\":\"search_term_string\"}}],\"inLanguage\":\"es\"},{\"@type\":\"Organization\",\"@id\":\"https:\/\/www.jyiele.com\/#organization\",\"name\":\"JYIELE\",\"url\":\"https:\/\/www.jyiele.com\/\",\"logo\":{\"@type\":\"ImageObject\",\"inLanguage\":\"es\",\"@id\":\"https:\/\/www.jyiele.com\/#\/schema\/logo\/image\/\",\"url\":\"https:\/\/www.jyiele.com\/wp-content\/uploads\/2024\/09\/cropped-jyele-1.webp\",\"contentUrl\":\"https:\/\/www.jyiele.com\/wp-content\/uploads\/2024\/09\/cropped-jyele-1.webp\",\"width\":137,\"height\":60,\"caption\":\"JYIELE\"},\"image\":{\"@id\":\"https:\/\/www.jyiele.com\/#\/schema\/logo\/image\/\"}}]}<\/script>\n<!-- \/ Yoast SEO plugin. -->","yoast_head_json":{"title":"CPS-125 Interruptor de Control y Protecci\u00f3n Aparatos Proveedor - JYIELE","description":"El CPS-125 controla y protege la aparamenta el\u00e9ctrica, proporcionando soluciones de gesti\u00f3n de potencia eficientes y fiables para garantizar la seguridad de los equipos y la optimizaci\u00f3n de su rendimiento. Adecuado para una amplia gama de aplicaciones industriales para satisfacer sus necesidades de control.","robots":{"index":"index","follow":"follow","max-snippet":"max-snippet:-1","max-image-preview":"max-image-preview:large","max-video-preview":"max-video-preview:-1"},"canonical":"https:\/\/www.jyiele.com\/es\/product\/cps-125-control-and-protection-switch\/","og_locale":"es_ES","og_type":"article","og_title":"CPS-125 Control And Protection Switch Appliances Supplier - JYIELE","og_description":"The CPS-125 controls and protects switchgear, providing efficient and reliable power management solutions to ensure equipment safety and performance optimization. Suitable for a wide range of industrial applications to meet your control needs.","og_url":"https:\/\/www.jyiele.com\/es\/product\/cps-125-control-and-protection-switch\/","og_site_name":"JYIELE","article_modified_time":"2025-03-09T11:41:15+00:00","og_image":[{"width":800,"height":800,"url":"https:\/\/www.jyiele.com\/wp-content\/uploads\/2024\/10\/CPS-125-Control-And-Protection-Switch.webp","type":"image\/webp"}],"twitter_card":"summary_large_image","twitter_misc":{"Tiempo de lectura":"1 minuto"},"schema":{"@context":"https:\/\/schema.org","@graph":[{"@type":"WebPage","@id":"https:\/\/www.jyiele.com\/product\/cps-125-control-and-protection-switch\/","url":"https:\/\/www.jyiele.com\/product\/cps-125-control-and-protection-switch\/","name":"CPS-125 Interruptor de Control y Protecci\u00f3n Aparatos Proveedor - JYIELE","isPartOf":{"@id":"https:\/\/www.jyiele.com\/#website"},"primaryImageOfPage":{"@id":"https:\/\/www.jyiele.com\/product\/cps-125-control-and-protection-switch\/#primaryimage"},"image":{"@id":"https:\/\/www.jyiele.com\/product\/cps-125-control-and-protection-switch\/#primaryimage"},"thumbnailUrl":"https:\/\/www.jyiele.com\/wp-content\/uploads\/2024\/10\/CPS-125-Control-And-Protection-Switch.webp","datePublished":"2023-10-27T06:12:07+00:00","dateModified":"2025-03-09T11:41:15+00:00","description":"El CPS-125 controla y protege la aparamenta el\u00e9ctrica, proporcionando soluciones de gesti\u00f3n de potencia eficientes y fiables para garantizar la seguridad de los equipos y la optimizaci\u00f3n de su rendimiento. Adecuado para una amplia gama de aplicaciones industriales para satisfacer sus necesidades de control.","breadcrumb":{"@id":"https:\/\/www.jyiele.com\/product\/cps-125-control-and-protection-switch\/#breadcrumb"},"inLanguage":"es","potentialAction":[{"@type":"ReadAction","target":["https:\/\/www.jyiele.com\/product\/cps-125-control-and-protection-switch\/"]}]},{"@type":"ImageObject","inLanguage":"es","@id":"https:\/\/www.jyiele.com\/product\/cps-125-control-and-protection-switch\/#primaryimage","url":"https:\/\/www.jyiele.com\/wp-content\/uploads\/2024\/10\/CPS-125-Control-And-Protection-Switch.webp","contentUrl":"https:\/\/www.jyiele.com\/wp-content\/uploads\/2024\/10\/CPS-125-Control-And-Protection-Switch.webp","width":800,"height":800,"caption":"CPS-125 Control And Protection Switch"},{"@type":"BreadcrumbList","@id":"https:\/\/www.jyiele.com\/product\/cps-125-control-and-protection-switch\/#breadcrumb","itemListElement":[{"@type":"ListItem","position":1,"name":"Home","item":"https:\/\/www.jyiele.com\/"},{"@type":"ListItem","position":2,"name":"Product","item":"https:\/\/www.jyiele.com\/product\/"},{"@type":"ListItem","position":3,"name":"CPS Control Protection Switch","item":"https:\/\/www.jyiele.com\/product-category\/cps-control-protection-switch\/"},{"@type":"ListItem","position":4,"name":"CPS-125 Control And Protection Switch Appliances"}]},{"@type":"WebSite","@id":"https:\/\/www.jyiele.com\/#website","url":"https:\/\/www.jyiele.com\/","name":"JYIELE","description":"Fabricante de disyuntores de vac\u00edo","publisher":{"@id":"https:\/\/www.jyiele.com\/#organization"},"potentialAction":[{"@type":"SearchAction","target":{"@type":"EntryPoint","urlTemplate":"https:\/\/www.jyiele.com\/?s={search_term_string}"},"query-input":{"@type":"PropertyValueSpecification","valueRequired":true,"valueName":"search_term_string"}}],"inLanguage":"es"},{"@type":"Organization","@id":"https:\/\/www.jyiele.com\/#organization","name":"JYIELE","url":"https:\/\/www.jyiele.com\/","logo":{"@type":"ImageObject","inLanguage":"es","@id":"https:\/\/www.jyiele.com\/#\/schema\/logo\/image\/","url":"https:\/\/www.jyiele.com\/wp-content\/uploads\/2024\/09\/cropped-jyele-1.webp","contentUrl":"https:\/\/www.jyiele.com\/wp-content\/uploads\/2024\/09\/cropped-jyele-1.webp","width":137,"height":60,"caption":"JYIELE"},"image":{"@id":"https:\/\/www.jyiele.com\/#\/schema\/logo\/image\/"}}]}},"_links":{"self":[{"href":"https:\/\/www.jyiele.com\/es\/wp-json\/wp\/v2\/product\/2047","targetHints":{"allow":["GET"]}}],"collection":[{"href":"https:\/\/www.jyiele.com\/es\/wp-json\/wp\/v2\/product"}],"about":[{"href":"https:\/\/www.jyiele.com\/es\/wp-json\/wp\/v2\/types\/product"}],"version-history":[{"count":1,"href":"https:\/\/www.jyiele.com\/es\/wp-json\/wp\/v2\/product\/2047\/revisions"}],"predecessor-version":[{"id":2051,"href":"https:\/\/www.jyiele.com\/es\/wp-json\/wp\/v2\/product\/2047\/revisions\/2051"}],"wp:featuredmedia":[{"embeddable":true,"href":"https:\/\/www.jyiele.com\/es\/wp-json\/wp\/v2\/media\/2048"}],"wp:attachment":[{"href":"https:\/\/www.jyiele.com\/es\/wp-json\/wp\/v2\/media?parent=2047"}],"wp:term":[{"taxonomy":"product_brand","embeddable":true,"href":"https:\/\/www.jyiele.com\/es\/wp-json\/wp\/v2\/product_brand?post=2047"},{"taxonomy":"product_cat","embeddable":true,"href":"https:\/\/www.jyiele.com\/es\/wp-json\/wp\/v2\/product_cat?post=2047"},{"taxonomy":"product_tag","embeddable":true,"href":"https:\/\/www.jyiele.com\/es\/wp-json\/wp\/v2\/product_tag?post=2047"}],"curies":[{"name":"wp","href":"https:\/\/api.w.org\/{rel}","templated":true}]}}