{"id":2063,"date":"2024-10-15T09:43:04","date_gmt":"2024-10-15T09:43:04","guid":{"rendered":"https:\/\/www.jy-electric.com\/?post_type=product&#038;p=2063"},"modified":"2025-03-09T11:35:41","modified_gmt":"2025-03-09T11:35:41","slug":"4p-double-power-automatic-transfer-switch","status":"publish","type":"product","link":"https:\/\/www.jyiele.com\/es\/product\/4p-double-power-automatic-transfer-switch\/","title":{"rendered":"Interruptor de Transferencia Autom\u00e1tica Inteligente de Doble Potencia de Alta Calidad Serie ATSQ2 4P"},"content":{"rendered":"<h4 class=\"wp-block-heading\"><strong>Caracter\u00edsticas del producto<\/strong><\/h4>\n<p>Accesorios internos: rel\u00e9 de derivaci\u00f3n, rel\u00e9 de m\u00ednima tensi\u00f3n, contactos auxiliares, contactos de alarma<br \/>\nFunci\u00f3n del producto: interruptor de alimentaci\u00f3n autom\u00e1tico y protecci\u00f3n contra sobrecarga, cortocircuito, etc.<br \/>\nRendimiento del producto: El retardo de tiempo de conmutaci\u00f3n es ajustable, y el tiempo de acci\u00f3n es preciso<br \/>\nUso del producto: metalurgia, construcci\u00f3n, militar y otras ocasiones de carga bidireccional.<br \/>\nEstructura del producto: tama\u00f1o reducido, estructura compacta, arco corto, rotura elevada<br \/>\nMarco del producto: 63, 100, 225, 250, 400, 630, 800, 1250<br \/>\nCorriente del producto: 6A-1250A<br \/>\nN\u00famero de polos product: 3, 4<br \/>\nNorma del producto: IEC60947-6, GB14048.11<br \/>\nATSE: Clase CB<\/p>\n<figure class=\"wp-block-table\">\n<div class=\"scroll\">\n<table>\n<tbody>\n<tr>\n<td>N\u00famero de modelo: CJQ2<br \/>\nM\u00e1x. Corriente: 12500A<br \/>\nM\u00e1x. Tensi\u00f3n: 400 V<br \/>\nNombre del producto: Interruptor de transferencia autom\u00e1tica inteligente de doble potencia<br \/>\nCorriente nominal: 6~1250A<br \/>\nPostes: 3P\/4P<br \/>\nGarant\u00eda: 1 a\u00f1o<br \/>\nMaterial: Clase CB<\/td>\n<td>Asa: S\u00cd<br \/>\nOEM: S\u00ed<br \/>\nTipo: Interruptor autom\u00e1tico de caja de molde<br \/>\nEmbalaje: Embalaje est\u00e1ndar para exportaci\u00f3n<br \/>\nExpreso: DHL, TNT, EMS, FEDEX o como su petici\u00f3n<br \/>\nCertificaci\u00f3n: CE<br \/>\nSi el inteligente: S\u00ed<br \/>\nLugar de origen: Zhejiang, China<\/td>\n<\/tr>\n<\/tbody>\n<\/table>\n<\/div>\n<\/figure>\n<h4 class=\"wp-block-heading\"><strong>Modelo<\/strong><\/h4>\n<figure class=\"wp-block-table\">\n<div class=\"scroll\">\n<table>\n<tbody>\n<tr>\n<td rowspan=\"7\">Modelo:ATSQ2\u25a1-\u25a1\/\u25a1\u25a1\u25a1<\/td>\n<td>ATS<\/td>\n<td>Interruptor de transferencia autom\u00e1tica<\/td>\n<\/tr>\n<tr>\n<td>Q<\/td>\n<td>Nivel CB<\/td>\n<\/tr>\n<tr>\n<td>2<\/td>\n<td>Secuencia de dise\u00f1o<\/td>\n<\/tr>\n<tr>\n<td>\u25a1<\/td>\n<td>(R)Conversi\u00f3n y recuperaci\u00f3n autom\u00e1ticas(S)Conversi\u00f3n y recuperaci\u00f3n no autom\u00e1ticas(F) La red al generador<\/td>\n<\/tr>\n<tr>\n<td>\u25a1<\/td>\n<td>Corriente m\u00e1xima<\/td>\n<\/tr>\n<tr>\n<td>\u25a1<\/td>\n<td>Polos: 3P\u30014P<\/td>\n<\/tr>\n<tr>\n<td>\u25a1<\/td>\n<td>Corriente nominal<\/td>\n<\/tr>\n<\/tbody>\n<\/table>\n<\/div>\n<\/figure>\n<div class=\"wp-block-media-text is-stacked-on-mobile\">\n<figure class=\"wp-block-media-text__media\"><img fetchpriority=\"high\" decoding=\"async\" class=\"alignnone size-medium wp-image-2065\" src=\"https:\/\/www.jy-electric.com\/wp-content\/uploads\/2024\/10\/4P-Double-Power-Automatic-Transfer-SwitchS-300x211.webp\" alt=\"Interruptor de transferencia autom\u00e1tica de doble potencia 4P\" width=\"300\" height=\"211\" srcset=\"https:\/\/www.jyiele.com\/wp-content\/uploads\/2024\/10\/4P-Double-Power-Automatic-Transfer-SwitchS-300x211.webp 300w, https:\/\/www.jyiele.com\/wp-content\/uploads\/2024\/10\/4P-Double-Power-Automatic-Transfer-SwitchS-18x12.webp 18w, https:\/\/www.jyiele.com\/wp-content\/uploads\/2024\/10\/4P-Double-Power-Automatic-Transfer-SwitchS.webp 389w\" sizes=\"(max-width: 300px) 100vw, 300px\" \/><\/figure>\n<div class=\"wp-block-media-text__content\">\n<p>1\u3001Pantalla LCD<br \/>\n2\u3001Configuraci\u00f3n<br \/>\n3\u3001Bot\u00f3n Shift derecho<br \/>\n4\u3001Aumento del valor<br \/>\n5\u3001Valor Disminuci\u00f3n\/Alarma<br \/>\n6\u3001Manual<br \/>\n7\u3001Auto<br \/>\n8\u3001Apagado<\/p>\n<\/div>\n<\/div>\n<h4 class=\"wp-block-heading\"><strong>Esquema<\/strong><\/h4>\n<figure class=\"wp-block-image size-full\"><img decoding=\"async\" class=\"alignnone size-medium wp-image-2066\" src=\"https:\/\/www.jy-electric.com\/wp-content\/uploads\/2024\/10\/4P-Intelligent-Double-Power-Automatic-Transfer-Switch-2-300x110.webp\" alt=\"4P Interruptor de transferencia autom\u00e1tica inteligente de doble potencia 2\" width=\"300\" height=\"110\" srcset=\"https:\/\/www.jyiele.com\/wp-content\/uploads\/2024\/10\/4P-Intelligent-Double-Power-Automatic-Transfer-Switch-2-300x110.webp 300w, https:\/\/www.jyiele.com\/wp-content\/uploads\/2024\/10\/4P-Intelligent-Double-Power-Automatic-Transfer-Switch-2-768x282.webp 768w, https:\/\/www.jyiele.com\/wp-content\/uploads\/2024\/10\/4P-Intelligent-Double-Power-Automatic-Transfer-Switch-2-18x7.webp 18w, https:\/\/www.jyiele.com\/wp-content\/uploads\/2024\/10\/4P-Intelligent-Double-Power-Automatic-Transfer-Switch-2-600x220.webp 600w, https:\/\/www.jyiele.com\/wp-content\/uploads\/2024\/10\/4P-Intelligent-Double-Power-Automatic-Transfer-Switch-2.webp 872w\" sizes=\"(max-width: 300px) 100vw, 300px\" \/><\/figure>\n<h4 class=\"wp-block-heading\"><strong>Modelo de producto<\/strong><\/h4>\n<figure class=\"wp-block-table\">\n<div class=\"scroll\">\n<table>\n<tbody>\n<tr>\n<td>Modelo<\/td>\n<td>Actual<\/td>\n<td>Unidad<\/td>\n<\/tr>\n<tr>\n<td>ATSQ2M-63\/3P<\/td>\n<td>63A<\/td>\n<td>1 PC<\/td>\n<\/tr>\n<tr>\n<td>ATSQ2M-63\/4P<\/td>\n<td>63A<\/td>\n<td>1 PC<\/td>\n<\/tr>\n<tr>\n<td>ATSQ2M-100\/3P<\/td>\n<td>16-100A<\/td>\n<td>1 PC<\/td>\n<\/tr>\n<tr>\n<td>ATSQ2M-100\/4P<\/td>\n<td>16-100A<\/td>\n<td>1 PC<\/td>\n<\/tr>\n<tr>\n<td>ATSQ2M-225\/3P<\/td>\n<td>100-225A<\/td>\n<td>1 PC<\/td>\n<\/tr>\n<tr>\n<td>ATSQ2M-225\/4P<\/td>\n<td>100-225A<\/td>\n<td>1 PC<\/td>\n<\/tr>\n<tr>\n<td>ATSQ2M-400\/3P<\/td>\n<td>225-400A<\/td>\n<td>1 PC<\/td>\n<\/tr>\n<tr>\n<td>ATSQ2M-400\/4P<\/td>\n<td>225-400A<\/td>\n<td>1 PC<\/td>\n<\/tr>\n<tr>\n<td>ATSQ2M-630\/3P<\/td>\n<td>400-630A<\/td>\n<td>1 PC<\/td>\n<\/tr>\n<tr>\n<td>ATSQ2M-630\/4P<\/td>\n<td>400-630A<\/td>\n<td>1 PC<\/td>\n<\/tr>\n<tr>\n<td>ATSQ2M-800\/3P<\/td>\n<td>630-800A<\/td>\n<td>1 PC<\/td>\n<\/tr>\n<tr>\n<td>ATSQ2M-800\/4P<\/td>\n<td>630-800A<\/td>\n<td>1 PC<\/td>\n<\/tr>\n<tr>\n<td>ATSQ2M-1000\/4P<\/td>\n<td>1000A<\/td>\n<td>1 PC<\/td>\n<\/tr>\n<\/tbody>\n<\/table>\n<\/div>\n<\/figure>\n<h4 class=\"wp-block-heading\"><strong>Condiciones normales de funcionamiento y montaje<\/strong><\/h4>\n<p>1.La altitud de la instalaci\u00f3n no debe superar los 2000 metros.<br \/>\n2.El l\u00edmite superior de la temperatura ambiente no es superior a +40\u00b0C, el l\u00edmite inferior no es inferior a -5\u00b0C, la media de 24 horas no supera los + 35\u00b0C.<br \/>\n3.Atmospheric humedad relativa en la temperatura del aire ambiente es de + 40 \u00b0 C no m\u00e1s de 50%, a temperaturas m\u00e1s bajas pueden tener una mayor humedad, condensaci\u00f3n products debe tener en cuenta la superficie del cambio de humedad.<br \/>\n4.No medio explosivo, el medio no lo suficiente como para corroer y da\u00f1ar el aislamiento de gas y polvo.<br \/>\n5.Sin sacudidas ni vibraciones de choque significativas<\/p>\n<h4 class=\"wp-block-heading\"><strong>Aplicaci\u00f3n<\/strong><\/h4>\n<p>Interruptor autom\u00e1tico de potencia (en lo sucesivo, interruptor) para AC 50Hz, tensi\u00f3n nominal de trabajo 380V, corriente nominal 63A-1250A sistema de alimentaci\u00f3n dual, con funcionamiento autom\u00e1tico o manual completa el traspaso de alimentaci\u00f3n com\u00fan y alimentaci\u00f3n de reserva. El interruptor se utiliza principalmente para ocasiones importantes, hospitales, tiendas, bancos, industria qu\u00edmica, metalurgia, edificios de gran altura, instalaciones militares y as\u00ed sucesivamente.<br \/>\nEstructura b\u00e1sica<br \/>\nInterruptor autom\u00e1tico de potencia principalmente por el convertidor de potencia para llevar a cabo la composici\u00f3n de disyuntor, hay tres posiciones de conmutaci\u00f3n de estado para los usuarios a elegir: la fuente de alimentaci\u00f3n com\u00fan (N) juntos, puntos dobles, energ\u00eda de reserva (R) juntos, el interruptor tiene un tama\u00f1o peque\u00f1o, peso ligero, estable f\u00e1cil de usar y as\u00ed sucesivamente.<\/p>\n<p>[wpforms id=\"1930\u2033 title=\"true\"]<\/p>","protected":false},"excerpt":{"rendered":"<p>CJQ2 interruptor de transferencia autom\u00e1tica de doble potencia (en lo sucesivo, A.T.S) para 50Hz \/ 60Hz, la tensi\u00f3n nominal de funcionamiento es 380V (3P, 4P), y la corriente nominal es 10A~1250A (sistema de alimentaci\u00f3n de doble bucle). Puede convertir la potencia normal y la potencia inversa autom\u00e1ticamente para garantizar la fiabilidad de la potencia, principalmente para edificios de gran altura, centros comerciales, bombas contra incendios, ventiladores de humo, ascensores, bombas de agua, iluminaci\u00f3n de accidentes y otros lugares.<\/p>\n<p>&nbsp;<\/p>","protected":false},"featured_media":2064,"template":"","meta":{"site-sidebar-layout":"no-sidebar","site-content-layout":"","ast-site-content-layout":"default","site-content-style":"unboxed","site-sidebar-style":"default","ast-global-header-display":"","ast-banner-title-visibility":"","ast-main-header-display":"","ast-hfb-above-header-display":"","ast-hfb-below-header-display":"","ast-hfb-mobile-header-display":"","site-post-title":"","ast-breadcrumbs-content":"","ast-featured-img":"","footer-sml-layout":"","ast-disable-related-posts":"","theme-transparent-header-meta":"default","adv-header-id-meta":"","stick-header-meta":"","header-above-stick-meta":"","header-main-stick-meta":"","header-below-stick-meta":"","astra-migrate-meta-layouts":"set","ast-page-background-enabled":"default","ast-page-background-meta":{"desktop":{"background-color":"var(--ast-global-color-4)","background-image":"","background-repeat":"repeat","background-position":"center center","background-size":"auto","background-attachment":"scroll","background-type":"","background-media":"","overlay-type":"","overlay-color":"","overlay-opacity":"","overlay-gradient":""},"tablet":{"background-color":"","background-image":"","background-repeat":"repeat","background-position":"center center","background-size":"auto","background-attachment":"scroll","background-type":"","background-media":"","overlay-type":"","overlay-color":"","overlay-opacity":"","overlay-gradient":""},"mobile":{"background-color":"","background-image":"","background-repeat":"repeat","background-position":"center center","background-size":"auto","background-attachment":"scroll","background-type":"","background-media":"","overlay-type":"","overlay-color":"","overlay-opacity":"","overlay-gradient":""}},"ast-content-background-meta":{"desktop":{"background-color":"var(--ast-global-color-5)","background-image":"","background-repeat":"repeat","background-position":"center center","background-size":"auto","background-attachment":"scroll","background-type":"","background-media":"","overlay-type":"","overlay-color":"","overlay-opacity":"","overlay-gradient":""},"tablet":{"background-color":"var(--ast-global-color-5)","background-image":"","background-repeat":"repeat","background-position":"center center","background-size":"auto","background-attachment":"scroll","background-type":"","background-media":"","overlay-type":"","overlay-color":"","overlay-opacity":"","overlay-gradient":""},"mobile":{"background-color":"var(--ast-global-color-5)","background-image":"","background-repeat":"repeat","background-position":"center center","background-size":"auto","background-attachment":"scroll","background-type":"","background-media":"","overlay-type":"","overlay-color":"","overlay-opacity":"","overlay-gradient":""}}},"product_brand":[],"product_cat":[24,27],"product_tag":[],"class_list":{"0":"post-2063","1":"product","2":"type-product","3":"status-publish","4":"has-post-thumbnail","6":"product_cat-dual-power-automatic-transfer-switch","7":"product_cat-other","8":"desktop-align-left","9":"tablet-align-left","10":"mobile-align-left","12":"first","13":"instock","14":"shipping-taxable","15":"product-type-simple"},"yoast_head":"<!-- This site is optimized with the Yoast SEO plugin v24.8.1 - https:\/\/yoast.com\/wordpress\/plugins\/seo\/ -->\n<title>High Quality ATSQ2 Series 4P Intelligent Double Power Automatic Transfer Switch - JYIELE<\/title>\n<meta name=\"robots\" content=\"index, follow, max-snippet:-1, max-image-preview:large, max-video-preview:-1\" \/>\n<link rel=\"canonical\" href=\"https:\/\/www.jyiele.com\/es\/product\/4p-double-power-automatic-transfer-switch\/\" \/>\n<meta property=\"og:locale\" content=\"es_ES\" \/>\n<meta property=\"og:type\" content=\"article\" \/>\n<meta property=\"og:title\" content=\"High Quality ATSQ2 Series 4P Intelligent Double Power Automatic Transfer Switch - JYIELE\" \/>\n<meta property=\"og:description\" content=\"CJQ2 dual power automatic transfer switch (hereinafter referred to as A.T.S) for 50Hz \/ 60Hz, the rated operating voltage is 380V (3P, 4P), and the rated current is 10A~1250A (double loop power supply system). It can convert the normal power and reversed power automatically to ensure the reliability of the power, mainly for high -rise buildings, shopping malls, fire pumps, smoke fans, elevators, life water pumps, accident lighting and other places.  &nbsp;\" \/>\n<meta property=\"og:url\" content=\"https:\/\/www.jyiele.com\/es\/product\/4p-double-power-automatic-transfer-switch\/\" \/>\n<meta property=\"og:site_name\" content=\"JYIELE\" \/>\n<meta property=\"article:modified_time\" content=\"2025-03-09T11:35:41+00:00\" \/>\n<meta property=\"og:image\" content=\"https:\/\/www.jyiele.com\/wp-content\/uploads\/2024\/10\/4P-Double-Power-Automatic-Transfer-Switch.webp\" \/>\n\t<meta property=\"og:image:width\" content=\"800\" \/>\n\t<meta property=\"og:image:height\" content=\"800\" \/>\n\t<meta property=\"og:image:type\" content=\"image\/webp\" \/>\n<meta name=\"twitter:card\" content=\"summary_large_image\" \/>\n<meta name=\"twitter:label1\" content=\"Tiempo de lectura\" \/>\n\t<meta name=\"twitter:data1\" content=\"3 minutos\" \/>\n<script type=\"application\/ld+json\" class=\"yoast-schema-graph\">{\"@context\":\"https:\/\/schema.org\",\"@graph\":[{\"@type\":\"WebPage\",\"@id\":\"https:\/\/www.jyiele.com\/it\/prodotto\/4p-double-power-automatic-transfer-switch\/\",\"url\":\"https:\/\/www.jyiele.com\/it\/prodotto\/4p-double-power-automatic-transfer-switch\/\",\"name\":\"High Quality ATSQ2 Series 4P Intelligent Double Power Automatic Transfer Switch - JYIELE\",\"isPartOf\":{\"@id\":\"https:\/\/www.jyiele.com\/#website\"},\"primaryImageOfPage\":{\"@id\":\"https:\/\/www.jyiele.com\/it\/prodotto\/4p-double-power-automatic-transfer-switch\/#primaryimage\"},\"image\":{\"@id\":\"https:\/\/www.jyiele.com\/it\/prodotto\/4p-double-power-automatic-transfer-switch\/#primaryimage\"},\"thumbnailUrl\":\"https:\/\/www.jyiele.com\/wp-content\/uploads\/2024\/10\/4P-Double-Power-Automatic-Transfer-Switch.webp\",\"datePublished\":\"2024-10-15T09:43:04+00:00\",\"dateModified\":\"2025-03-09T11:35:41+00:00\",\"breadcrumb\":{\"@id\":\"https:\/\/www.jyiele.com\/it\/prodotto\/4p-double-power-automatic-transfer-switch\/#breadcrumb\"},\"inLanguage\":\"es\",\"potentialAction\":[{\"@type\":\"ReadAction\",\"target\":[\"https:\/\/www.jyiele.com\/it\/prodotto\/4p-double-power-automatic-transfer-switch\/\"]}]},{\"@type\":\"ImageObject\",\"inLanguage\":\"es\",\"@id\":\"https:\/\/www.jyiele.com\/it\/prodotto\/4p-double-power-automatic-transfer-switch\/#primaryimage\",\"url\":\"https:\/\/www.jyiele.com\/wp-content\/uploads\/2024\/10\/4P-Double-Power-Automatic-Transfer-Switch.webp\",\"contentUrl\":\"https:\/\/www.jyiele.com\/wp-content\/uploads\/2024\/10\/4P-Double-Power-Automatic-Transfer-Switch.webp\",\"width\":800,\"height\":800,\"caption\":\"4P Double Power Automatic Transfer Switch\"},{\"@type\":\"BreadcrumbList\",\"@id\":\"https:\/\/www.jyiele.com\/it\/prodotto\/4p-double-power-automatic-transfer-switch\/#breadcrumb\",\"itemListElement\":[{\"@type\":\"ListItem\",\"position\":1,\"name\":\"Home\",\"item\":\"https:\/\/www.jyiele.com\/\"},{\"@type\":\"ListItem\",\"position\":2,\"name\":\"Product\",\"item\":\"https:\/\/www.jyiele.com\/product\/\"},{\"@type\":\"ListItem\",\"position\":3,\"name\":\"Dual Power Automatic Transfer Switch\",\"item\":\"https:\/\/www.jyiele.com\/it\/categoria-prodotto\/dual-power-automatic-transfer-switch\/\"},{\"@type\":\"ListItem\",\"position\":4,\"name\":\"High Quality ATSQ2 Series 4P Intelligent Double Power Automatic Transfer Switch\"}]},{\"@type\":\"WebSite\",\"@id\":\"https:\/\/www.jyiele.com\/#website\",\"url\":\"https:\/\/www.jyiele.com\/\",\"name\":\"JYIELE\",\"description\":\"Vacuum Circuit Breaker manufacturer\",\"publisher\":{\"@id\":\"https:\/\/www.jyiele.com\/#organization\"},\"potentialAction\":[{\"@type\":\"SearchAction\",\"target\":{\"@type\":\"EntryPoint\",\"urlTemplate\":\"https:\/\/www.jyiele.com\/?s={search_term_string}\"},\"query-input\":{\"@type\":\"PropertyValueSpecification\",\"valueRequired\":true,\"valueName\":\"search_term_string\"}}],\"inLanguage\":\"es\"},{\"@type\":\"Organization\",\"@id\":\"https:\/\/www.jyiele.com\/#organization\",\"name\":\"JYIELE\",\"url\":\"https:\/\/www.jyiele.com\/\",\"logo\":{\"@type\":\"ImageObject\",\"inLanguage\":\"es\",\"@id\":\"https:\/\/www.jyiele.com\/#\/schema\/logo\/image\/\",\"url\":\"https:\/\/www.jyiele.com\/wp-content\/uploads\/2024\/09\/cropped-jyele-1.webp\",\"contentUrl\":\"https:\/\/www.jyiele.com\/wp-content\/uploads\/2024\/09\/cropped-jyele-1.webp\",\"width\":137,\"height\":60,\"caption\":\"JYIELE\"},\"image\":{\"@id\":\"https:\/\/www.jyiele.com\/#\/schema\/logo\/image\/\"}}]}<\/script>\n<!-- \/ Yoast SEO plugin. -->","yoast_head_json":{"title":"Interruptor de Transferencia Autom\u00e1tica Inteligente de Doble Potencia de Alta Calidad Serie ATSQ2 4P - JYIELE","robots":{"index":"index","follow":"follow","max-snippet":"max-snippet:-1","max-image-preview":"max-image-preview:large","max-video-preview":"max-video-preview:-1"},"canonical":"https:\/\/www.jyiele.com\/es\/product\/4p-double-power-automatic-transfer-switch\/","og_locale":"es_ES","og_type":"article","og_title":"High Quality ATSQ2 Series 4P Intelligent Double Power Automatic Transfer Switch - JYIELE","og_description":"CJQ2 dual power automatic transfer switch (hereinafter referred to as A.T.S) for 50Hz \/ 60Hz, the rated operating voltage is 380V (3P, 4P), and the rated current is 10A~1250A (double loop power supply system). It can convert the normal power and reversed power automatically to ensure the reliability of the power, mainly for high -rise buildings, shopping malls, fire pumps, smoke fans, elevators, life water pumps, accident lighting and other places.  &nbsp;","og_url":"https:\/\/www.jyiele.com\/es\/product\/4p-double-power-automatic-transfer-switch\/","og_site_name":"JYIELE","article_modified_time":"2025-03-09T11:35:41+00:00","og_image":[{"width":800,"height":800,"url":"https:\/\/www.jyiele.com\/wp-content\/uploads\/2024\/10\/4P-Double-Power-Automatic-Transfer-Switch.webp","type":"image\/webp"}],"twitter_card":"summary_large_image","twitter_misc":{"Tiempo de lectura":"3 minutos"},"schema":{"@context":"https:\/\/schema.org","@graph":[{"@type":"WebPage","@id":"https:\/\/www.jyiele.com\/it\/prodotto\/4p-double-power-automatic-transfer-switch\/","url":"https:\/\/www.jyiele.com\/it\/prodotto\/4p-double-power-automatic-transfer-switch\/","name":"Interruptor de Transferencia Autom\u00e1tica Inteligente de Doble Potencia de Alta Calidad Serie ATSQ2 4P - JYIELE","isPartOf":{"@id":"https:\/\/www.jyiele.com\/#website"},"primaryImageOfPage":{"@id":"https:\/\/www.jyiele.com\/it\/prodotto\/4p-double-power-automatic-transfer-switch\/#primaryimage"},"image":{"@id":"https:\/\/www.jyiele.com\/it\/prodotto\/4p-double-power-automatic-transfer-switch\/#primaryimage"},"thumbnailUrl":"https:\/\/www.jyiele.com\/wp-content\/uploads\/2024\/10\/4P-Double-Power-Automatic-Transfer-Switch.webp","datePublished":"2024-10-15T09:43:04+00:00","dateModified":"2025-03-09T11:35:41+00:00","breadcrumb":{"@id":"https:\/\/www.jyiele.com\/it\/prodotto\/4p-double-power-automatic-transfer-switch\/#breadcrumb"},"inLanguage":"es","potentialAction":[{"@type":"ReadAction","target":["https:\/\/www.jyiele.com\/it\/prodotto\/4p-double-power-automatic-transfer-switch\/"]}]},{"@type":"ImageObject","inLanguage":"es","@id":"https:\/\/www.jyiele.com\/it\/prodotto\/4p-double-power-automatic-transfer-switch\/#primaryimage","url":"https:\/\/www.jyiele.com\/wp-content\/uploads\/2024\/10\/4P-Double-Power-Automatic-Transfer-Switch.webp","contentUrl":"https:\/\/www.jyiele.com\/wp-content\/uploads\/2024\/10\/4P-Double-Power-Automatic-Transfer-Switch.webp","width":800,"height":800,"caption":"4P Double Power Automatic Transfer Switch"},{"@type":"BreadcrumbList","@id":"https:\/\/www.jyiele.com\/it\/prodotto\/4p-double-power-automatic-transfer-switch\/#breadcrumb","itemListElement":[{"@type":"ListItem","position":1,"name":"Home","item":"https:\/\/www.jyiele.com\/"},{"@type":"ListItem","position":2,"name":"Product","item":"https:\/\/www.jyiele.com\/product\/"},{"@type":"ListItem","position":3,"name":"Dual Power Automatic Transfer Switch","item":"https:\/\/www.jyiele.com\/it\/categoria-prodotto\/dual-power-automatic-transfer-switch\/"},{"@type":"ListItem","position":4,"name":"High Quality ATSQ2 Series 4P Intelligent Double Power Automatic Transfer Switch"}]},{"@type":"WebSite","@id":"https:\/\/www.jyiele.com\/#website","url":"https:\/\/www.jyiele.com\/","name":"JYIELE","description":"Fabricante de disyuntores de vac\u00edo","publisher":{"@id":"https:\/\/www.jyiele.com\/#organization"},"potentialAction":[{"@type":"SearchAction","target":{"@type":"EntryPoint","urlTemplate":"https:\/\/www.jyiele.com\/?s={search_term_string}"},"query-input":{"@type":"PropertyValueSpecification","valueRequired":true,"valueName":"search_term_string"}}],"inLanguage":"es"},{"@type":"Organization","@id":"https:\/\/www.jyiele.com\/#organization","name":"JYIELE","url":"https:\/\/www.jyiele.com\/","logo":{"@type":"ImageObject","inLanguage":"es","@id":"https:\/\/www.jyiele.com\/#\/schema\/logo\/image\/","url":"https:\/\/www.jyiele.com\/wp-content\/uploads\/2024\/09\/cropped-jyele-1.webp","contentUrl":"https:\/\/www.jyiele.com\/wp-content\/uploads\/2024\/09\/cropped-jyele-1.webp","width":137,"height":60,"caption":"JYIELE"},"image":{"@id":"https:\/\/www.jyiele.com\/#\/schema\/logo\/image\/"}}]}},"_links":{"self":[{"href":"https:\/\/www.jyiele.com\/es\/wp-json\/wp\/v2\/product\/2063","targetHints":{"allow":["GET"]}}],"collection":[{"href":"https:\/\/www.jyiele.com\/es\/wp-json\/wp\/v2\/product"}],"about":[{"href":"https:\/\/www.jyiele.com\/es\/wp-json\/wp\/v2\/types\/product"}],"version-history":[{"count":3,"href":"https:\/\/www.jyiele.com\/es\/wp-json\/wp\/v2\/product\/2063\/revisions"}],"predecessor-version":[{"id":2087,"href":"https:\/\/www.jyiele.com\/es\/wp-json\/wp\/v2\/product\/2063\/revisions\/2087"}],"wp:featuredmedia":[{"embeddable":true,"href":"https:\/\/www.jyiele.com\/es\/wp-json\/wp\/v2\/media\/2064"}],"wp:attachment":[{"href":"https:\/\/www.jyiele.com\/es\/wp-json\/wp\/v2\/media?parent=2063"}],"wp:term":[{"taxonomy":"product_brand","embeddable":true,"href":"https:\/\/www.jyiele.com\/es\/wp-json\/wp\/v2\/product_brand?post=2063"},{"taxonomy":"product_cat","embeddable":true,"href":"https:\/\/www.jyiele.com\/es\/wp-json\/wp\/v2\/product_cat?post=2063"},{"taxonomy":"product_tag","embeddable":true,"href":"https:\/\/www.jyiele.com\/es\/wp-json\/wp\/v2\/product_tag?post=2063"}],"curies":[{"name":"wp","href":"https:\/\/api.w.org\/{rel}","templated":true}]}}