{"id":2101,"date":"2024-10-16T11:33:35","date_gmt":"2024-10-16T11:33:35","guid":{"rendered":"https:\/\/www.jy-electric.com\/?post_type=product&#038;p=2101"},"modified":"2025-03-09T11:35:21","modified_gmt":"2025-03-09T11:35:21","slug":"hpc-series-ip65-plastic-waterproof-electrical-circuit-breaker-junction-box","status":"publish","type":"product","link":"https:\/\/www.jyiele.com\/es\/product\/hpc-series-ip65-plastic-waterproof-electrical-circuit-breaker-junction-box\/","title":{"rendered":"Caja de conexiones de disyuntores el\u00e9ctricos impermeables de pl\u00e1stico IP65 de la serie HPC"},"content":{"rendered":"<h2>Caracter\u00edsticas principales:<\/h2>\n<p>Material del panel<br \/>\nEl panel est\u00e1 fabricado con material de ingenier\u00eda ABS de alta resistencia, que ofrece durabilidad y retenci\u00f3n del color, mientras que la cubierta transparente es de policarbonato (PC), lo que garantiza una visibilidad clara.<\/p>\n<p>Tapa de apertura y cierre a presi\u00f3n<br \/>\nLa cubierta incorpora un mecanismo de empuje para facilitar su apertura. Una ligera presi\u00f3n abre el panel, y la bisagra de posicionamiento autobloqueante garantiza un funcionamiento seguro y estable cuando est\u00e1 abierta.<\/p>\n<p>Dise\u00f1o del cableado<br \/>\nLa placa de soporte del carril gu\u00eda puede elevarse hasta la posici\u00f3n m\u00f3vil m\u00e1xima, lo que facilita la instalaci\u00f3n de cables sin limitaciones de espacio. La caja est\u00e1 dise\u00f1ada con ranuras para cables y orificios de salida para diversas necesidades de cableado, lo que permite una instalaci\u00f3n sin problemas de cables y conductos.<\/p>\n<p>Instalaci\u00f3n de la base<br \/>\nLa parte inferior de la caja incluye orificios para tornillos autorroscantes que facilitan el montaje y la instalaci\u00f3n. La hebilla de bisagra puede instalarse en el lado largo o en el lado corto de la caja para mayor flexibilidad.<\/p>\n<p>Configuraciones opcionales<br \/>\nDispone de un panel frontal y varios accesorios de montaje para personalizarlo. Esta serie tambi\u00e9n es adecuada para aplicaciones solares, funcionando como caja combinadora.<\/p>\n<h4 class=\"wp-block-heading\">Especificaci\u00f3n del producto<\/h4>\n<figure class=\"wp-block-table\">\n<div class=\"scroll\">\n<table>\n<tbody>\n<tr>\n<td>Modelo<\/td>\n<td>Caminos<\/td>\n<td>Clasificaci\u00f3n IP<\/td>\n<td>Tama\u00f1os del producto (L*A*A) mm<\/td>\n<\/tr>\n<tr>\n<td>HPC-4<\/td>\n<td>24 v\u00edas<\/td>\n<td>IP65<\/td>\n<td>107*212*92<\/td>\n<\/tr>\n<tr>\n<td>HPC-6<\/td>\n<td>6 v\u00edas<\/td>\n<td>IP65<\/td>\n<td>165*200*100<\/td>\n<\/tr>\n<tr>\n<td>HPC-9<\/td>\n<td>9 formas<\/td>\n<td>IP65<\/td>\n<td>219*200*100<\/td>\n<\/tr>\n<tr>\n<td>HPC-12<\/td>\n<td>12 formas<\/td>\n<td>IP65<\/td>\n<td>273*230*110<\/td>\n<\/tr>\n<tr>\n<td>HPC-18<\/td>\n<td>18 v\u00edas<\/td>\n<td>IP65<\/td>\n<td>381*230*110<\/td>\n<\/tr>\n<tr>\n<td>HPC-24<\/td>\n<td>24 v\u00edas<\/td>\n<td>IP65<\/td>\n<td>273*380*110<\/td>\n<\/tr>\n<tr>\n<td>HPC-36<\/td>\n<td>36 v\u00edas<\/td>\n<td>IP65<\/td>\n<td>381*380*110<\/td>\n<\/tr>\n<\/tbody>\n<\/table>\n<\/div>\n<\/figure>","protected":false},"excerpt":{"rendered":"<p>Los armarios el\u00e9ctricos murales AG, AT, PG y PT est\u00e1n fabricados en policarbonato o ABS resistente a los impactos, dise\u00f1ados para soportar entornos industriales dif\u00edciles.<\/p>\n<p>Caracter\u00edsticas del producto<br \/>\nNombre del producto: Caja de distribuci\u00f3n<br \/>\nPalabra clave: Caja de distribuci\u00f3n el\u00e9ctrica<br \/>\nMaterial: Policarbonato (PC)\/ABS<br \/>\nV\u00edas: de 4 a 54 v\u00edas<br \/>\nCaracter\u00edstica: Larga vida \u00fatil<br \/>\nAplicaci\u00f3n: Caja de control el\u00e9ctrico para la construcci\u00f3n<br \/>\nVentajas: Servicio OEM disponible<br \/>\nUso: Distribuci\u00f3n de terminales, caja combinadora solar<\/p>","protected":false},"featured_media":2105,"template":"","meta":{"site-sidebar-layout":"default","site-content-layout":"","ast-site-content-layout":"default","site-content-style":"default","site-sidebar-style":"default","ast-global-header-display":"","ast-banner-title-visibility":"","ast-main-header-display":"","ast-hfb-above-header-display":"","ast-hfb-below-header-display":"","ast-hfb-mobile-header-display":"","site-post-title":"","ast-breadcrumbs-content":"","ast-featured-img":"","footer-sml-layout":"","ast-disable-related-posts":"","theme-transparent-header-meta":"default","adv-header-id-meta":"","stick-header-meta":"","header-above-stick-meta":"","header-main-stick-meta":"","header-below-stick-meta":"","astra-migrate-meta-layouts":"set","ast-page-background-enabled":"default","ast-page-background-meta":{"desktop":{"background-color":"var(--ast-global-color-4)","background-image":"","background-repeat":"repeat","background-position":"center center","background-size":"auto","background-attachment":"scroll","background-type":"","background-media":"","overlay-type":"","overlay-color":"","overlay-opacity":"","overlay-gradient":""},"tablet":{"background-color":"","background-image":"","background-repeat":"repeat","background-position":"center center","background-size":"auto","background-attachment":"scroll","background-type":"","background-media":"","overlay-type":"","overlay-color":"","overlay-opacity":"","overlay-gradient":""},"mobile":{"background-color":"","background-image":"","background-repeat":"repeat","background-position":"center center","background-size":"auto","background-attachment":"scroll","background-type":"","background-media":"","overlay-type":"","overlay-color":"","overlay-opacity":"","overlay-gradient":""}},"ast-content-background-meta":{"desktop":{"background-color":"var(--ast-global-color-5)","background-image":"","background-repeat":"repeat","background-position":"center center","background-size":"auto","background-attachment":"scroll","background-type":"","background-media":"","overlay-type":"","overlay-color":"","overlay-opacity":"","overlay-gradient":""},"tablet":{"background-color":"var(--ast-global-color-5)","background-image":"","background-repeat":"repeat","background-position":"center center","background-size":"auto","background-attachment":"scroll","background-type":"","background-media":"","overlay-type":"","overlay-color":"","overlay-opacity":"","overlay-gradient":""},"mobile":{"background-color":"var(--ast-global-color-5)","background-image":"","background-repeat":"repeat","background-position":"center center","background-size":"auto","background-attachment":"scroll","background-type":"","background-media":"","overlay-type":"","overlay-color":"","overlay-opacity":"","overlay-gradient":""}}},"product_brand":[],"product_cat":[23],"product_tag":[],"class_list":{"0":"post-2101","1":"product","2":"type-product","3":"status-publish","4":"has-post-thumbnail","6":"product_cat-waterproof-plastic-enclosure","7":"desktop-align-left","8":"tablet-align-left","9":"mobile-align-left","11":"first","12":"instock","13":"shipping-taxable","14":"product-type-simple"},"yoast_head":"<!-- This site is optimized with the Yoast SEO plugin v24.8.1 - https:\/\/yoast.com\/wordpress\/plugins\/seo\/ -->\n<title>HPC Series IP65 Plastic Waterproof Electrical Circuit Breaker Junction Box - JYIELE<\/title>\n<meta name=\"robots\" content=\"index, follow, max-snippet:-1, max-image-preview:large, max-video-preview:-1\" \/>\n<link rel=\"canonical\" href=\"https:\/\/www.jyiele.com\/es\/product\/hpc-series-ip65-plastic-waterproof-electrical-circuit-breaker-junction-box\/\" \/>\n<meta property=\"og:locale\" content=\"es_ES\" \/>\n<meta property=\"og:type\" content=\"article\" \/>\n<meta property=\"og:title\" content=\"HPC Series IP65 Plastic Waterproof Electrical Circuit Breaker Junction Box - JYIELE\" \/>\n<meta property=\"og:description\" content=\"The AG, AT, PG, and PT wall-mounted electrical enclosures are made from impact-resistant polycarbonate or ABS, designed to withstand tough industrial environments.  Product Features Product Name: Distribution Box Keyword: Distribution Box Electrical Material: Polycarbonate (PC)\/ABS Ways: 4 to 54 ways Feature: Long Service Life Application: Construction Electrical Control Box Advantage: OEM Service Available Usage: Terminal Distribution, Solar Combiner Box\" \/>\n<meta property=\"og:url\" content=\"https:\/\/www.jyiele.com\/es\/product\/hpc-series-ip65-plastic-waterproof-electrical-circuit-breaker-junction-box\/\" \/>\n<meta property=\"og:site_name\" content=\"JYIELE\" \/>\n<meta property=\"article:modified_time\" content=\"2025-03-09T11:35:21+00:00\" \/>\n<meta property=\"og:image\" content=\"https:\/\/www.jyiele.com\/wp-content\/uploads\/2024\/10\/HPC-Series-IP65-Plastic-Waterproof-Electrical-Circuit-Breaker-Junction-Box.webp\" \/>\n\t<meta property=\"og:image:width\" content=\"800\" \/>\n\t<meta property=\"og:image:height\" content=\"800\" \/>\n\t<meta property=\"og:image:type\" content=\"image\/webp\" \/>\n<meta name=\"twitter:card\" content=\"summary_large_image\" \/>\n<meta name=\"twitter:label1\" content=\"Tiempo de lectura\" \/>\n\t<meta name=\"twitter:data1\" content=\"2 minutos\" \/>\n<script type=\"application\/ld+json\" class=\"yoast-schema-graph\">{\"@context\":\"https:\/\/schema.org\",\"@graph\":[{\"@type\":\"WebPage\",\"@id\":\"https:\/\/www.jyiele.com\/product\/hpc-series-ip65-plastic-waterproof-electrical-circuit-breaker-junction-box\/\",\"url\":\"https:\/\/www.jyiele.com\/product\/hpc-series-ip65-plastic-waterproof-electrical-circuit-breaker-junction-box\/\",\"name\":\"HPC Series IP65 Plastic Waterproof Electrical Circuit Breaker Junction Box - JYIELE\",\"isPartOf\":{\"@id\":\"https:\/\/www.jyiele.com\/#website\"},\"primaryImageOfPage\":{\"@id\":\"https:\/\/www.jyiele.com\/product\/hpc-series-ip65-plastic-waterproof-electrical-circuit-breaker-junction-box\/#primaryimage\"},\"image\":{\"@id\":\"https:\/\/www.jyiele.com\/product\/hpc-series-ip65-plastic-waterproof-electrical-circuit-breaker-junction-box\/#primaryimage\"},\"thumbnailUrl\":\"https:\/\/www.jyiele.com\/wp-content\/uploads\/2024\/10\/HPC-Series-IP65-Plastic-Waterproof-Electrical-Circuit-Breaker-Junction-Box.webp\",\"datePublished\":\"2024-10-16T11:33:35+00:00\",\"dateModified\":\"2025-03-09T11:35:21+00:00\",\"breadcrumb\":{\"@id\":\"https:\/\/www.jyiele.com\/product\/hpc-series-ip65-plastic-waterproof-electrical-circuit-breaker-junction-box\/#breadcrumb\"},\"inLanguage\":\"es\",\"potentialAction\":[{\"@type\":\"ReadAction\",\"target\":[\"https:\/\/www.jyiele.com\/product\/hpc-series-ip65-plastic-waterproof-electrical-circuit-breaker-junction-box\/\"]}]},{\"@type\":\"ImageObject\",\"inLanguage\":\"es\",\"@id\":\"https:\/\/www.jyiele.com\/product\/hpc-series-ip65-plastic-waterproof-electrical-circuit-breaker-junction-box\/#primaryimage\",\"url\":\"https:\/\/www.jyiele.com\/wp-content\/uploads\/2024\/10\/HPC-Series-IP65-Plastic-Waterproof-Electrical-Circuit-Breaker-Junction-Box.webp\",\"contentUrl\":\"https:\/\/www.jyiele.com\/wp-content\/uploads\/2024\/10\/HPC-Series-IP65-Plastic-Waterproof-Electrical-Circuit-Breaker-Junction-Box.webp\",\"width\":800,\"height\":800,\"caption\":\"HPC Series IP65 Plastic Waterproof Electrical Circuit Breaker Junction Box\"},{\"@type\":\"BreadcrumbList\",\"@id\":\"https:\/\/www.jyiele.com\/product\/hpc-series-ip65-plastic-waterproof-electrical-circuit-breaker-junction-box\/#breadcrumb\",\"itemListElement\":[{\"@type\":\"ListItem\",\"position\":1,\"name\":\"Home\",\"item\":\"https:\/\/www.jyiele.com\/\"},{\"@type\":\"ListItem\",\"position\":2,\"name\":\"Product\",\"item\":\"https:\/\/www.jyiele.com\/product\/\"},{\"@type\":\"ListItem\",\"position\":3,\"name\":\"Waterproof Plastic Enclosure\",\"item\":\"https:\/\/www.jyiele.com\/ja\/product-category\/waterproof-plastic-enclosure\/\"},{\"@type\":\"ListItem\",\"position\":4,\"name\":\"HPC Series IP65 Plastic Waterproof Electrical Circuit Breaker Junction Box\"}]},{\"@type\":\"WebSite\",\"@id\":\"https:\/\/www.jyiele.com\/#website\",\"url\":\"https:\/\/www.jyiele.com\/\",\"name\":\"JYIELE\",\"description\":\"Vacuum Circuit Breaker manufacturer\",\"publisher\":{\"@id\":\"https:\/\/www.jyiele.com\/#organization\"},\"potentialAction\":[{\"@type\":\"SearchAction\",\"target\":{\"@type\":\"EntryPoint\",\"urlTemplate\":\"https:\/\/www.jyiele.com\/?s={search_term_string}\"},\"query-input\":{\"@type\":\"PropertyValueSpecification\",\"valueRequired\":true,\"valueName\":\"search_term_string\"}}],\"inLanguage\":\"es\"},{\"@type\":\"Organization\",\"@id\":\"https:\/\/www.jyiele.com\/#organization\",\"name\":\"JYIELE\",\"url\":\"https:\/\/www.jyiele.com\/\",\"logo\":{\"@type\":\"ImageObject\",\"inLanguage\":\"es\",\"@id\":\"https:\/\/www.jyiele.com\/#\/schema\/logo\/image\/\",\"url\":\"https:\/\/www.jyiele.com\/wp-content\/uploads\/2024\/09\/cropped-jyele-1.webp\",\"contentUrl\":\"https:\/\/www.jyiele.com\/wp-content\/uploads\/2024\/09\/cropped-jyele-1.webp\",\"width\":137,\"height\":60,\"caption\":\"JYIELE\"},\"image\":{\"@id\":\"https:\/\/www.jyiele.com\/#\/schema\/logo\/image\/\"}}]}<\/script>\n<!-- \/ Yoast SEO plugin. -->","yoast_head_json":{"title":"Caja de conexiones de disyuntores el\u00e9ctricos impermeables de pl\u00e1stico IP65 de la serie HPC - JYIELE","robots":{"index":"index","follow":"follow","max-snippet":"max-snippet:-1","max-image-preview":"max-image-preview:large","max-video-preview":"max-video-preview:-1"},"canonical":"https:\/\/www.jyiele.com\/es\/product\/hpc-series-ip65-plastic-waterproof-electrical-circuit-breaker-junction-box\/","og_locale":"es_ES","og_type":"article","og_title":"HPC Series IP65 Plastic Waterproof Electrical Circuit Breaker Junction Box - JYIELE","og_description":"The AG, AT, PG, and PT wall-mounted electrical enclosures are made from impact-resistant polycarbonate or ABS, designed to withstand tough industrial environments.  Product Features Product Name: Distribution Box Keyword: Distribution Box Electrical Material: Polycarbonate (PC)\/ABS Ways: 4 to 54 ways Feature: Long Service Life Application: Construction Electrical Control Box Advantage: OEM Service Available Usage: Terminal Distribution, Solar Combiner Box","og_url":"https:\/\/www.jyiele.com\/es\/product\/hpc-series-ip65-plastic-waterproof-electrical-circuit-breaker-junction-box\/","og_site_name":"JYIELE","article_modified_time":"2025-03-09T11:35:21+00:00","og_image":[{"width":800,"height":800,"url":"https:\/\/www.jyiele.com\/wp-content\/uploads\/2024\/10\/HPC-Series-IP65-Plastic-Waterproof-Electrical-Circuit-Breaker-Junction-Box.webp","type":"image\/webp"}],"twitter_card":"summary_large_image","twitter_misc":{"Tiempo de lectura":"2 minutos"},"schema":{"@context":"https:\/\/schema.org","@graph":[{"@type":"WebPage","@id":"https:\/\/www.jyiele.com\/product\/hpc-series-ip65-plastic-waterproof-electrical-circuit-breaker-junction-box\/","url":"https:\/\/www.jyiele.com\/product\/hpc-series-ip65-plastic-waterproof-electrical-circuit-breaker-junction-box\/","name":"Caja de conexiones de disyuntores el\u00e9ctricos impermeables de pl\u00e1stico IP65 de la serie HPC - JYIELE","isPartOf":{"@id":"https:\/\/www.jyiele.com\/#website"},"primaryImageOfPage":{"@id":"https:\/\/www.jyiele.com\/product\/hpc-series-ip65-plastic-waterproof-electrical-circuit-breaker-junction-box\/#primaryimage"},"image":{"@id":"https:\/\/www.jyiele.com\/product\/hpc-series-ip65-plastic-waterproof-electrical-circuit-breaker-junction-box\/#primaryimage"},"thumbnailUrl":"https:\/\/www.jyiele.com\/wp-content\/uploads\/2024\/10\/HPC-Series-IP65-Plastic-Waterproof-Electrical-Circuit-Breaker-Junction-Box.webp","datePublished":"2024-10-16T11:33:35+00:00","dateModified":"2025-03-09T11:35:21+00:00","breadcrumb":{"@id":"https:\/\/www.jyiele.com\/product\/hpc-series-ip65-plastic-waterproof-electrical-circuit-breaker-junction-box\/#breadcrumb"},"inLanguage":"es","potentialAction":[{"@type":"ReadAction","target":["https:\/\/www.jyiele.com\/product\/hpc-series-ip65-plastic-waterproof-electrical-circuit-breaker-junction-box\/"]}]},{"@type":"ImageObject","inLanguage":"es","@id":"https:\/\/www.jyiele.com\/product\/hpc-series-ip65-plastic-waterproof-electrical-circuit-breaker-junction-box\/#primaryimage","url":"https:\/\/www.jyiele.com\/wp-content\/uploads\/2024\/10\/HPC-Series-IP65-Plastic-Waterproof-Electrical-Circuit-Breaker-Junction-Box.webp","contentUrl":"https:\/\/www.jyiele.com\/wp-content\/uploads\/2024\/10\/HPC-Series-IP65-Plastic-Waterproof-Electrical-Circuit-Breaker-Junction-Box.webp","width":800,"height":800,"caption":"HPC Series IP65 Plastic Waterproof Electrical Circuit Breaker Junction Box"},{"@type":"BreadcrumbList","@id":"https:\/\/www.jyiele.com\/product\/hpc-series-ip65-plastic-waterproof-electrical-circuit-breaker-junction-box\/#breadcrumb","itemListElement":[{"@type":"ListItem","position":1,"name":"Home","item":"https:\/\/www.jyiele.com\/"},{"@type":"ListItem","position":2,"name":"Product","item":"https:\/\/www.jyiele.com\/product\/"},{"@type":"ListItem","position":3,"name":"Waterproof Plastic Enclosure","item":"https:\/\/www.jyiele.com\/ja\/product-category\/waterproof-plastic-enclosure\/"},{"@type":"ListItem","position":4,"name":"HPC Series IP65 Plastic Waterproof Electrical Circuit Breaker Junction Box"}]},{"@type":"WebSite","@id":"https:\/\/www.jyiele.com\/#website","url":"https:\/\/www.jyiele.com\/","name":"JYIELE","description":"Fabricante de disyuntores de vac\u00edo","publisher":{"@id":"https:\/\/www.jyiele.com\/#organization"},"potentialAction":[{"@type":"SearchAction","target":{"@type":"EntryPoint","urlTemplate":"https:\/\/www.jyiele.com\/?s={search_term_string}"},"query-input":{"@type":"PropertyValueSpecification","valueRequired":true,"valueName":"search_term_string"}}],"inLanguage":"es"},{"@type":"Organization","@id":"https:\/\/www.jyiele.com\/#organization","name":"JYIELE","url":"https:\/\/www.jyiele.com\/","logo":{"@type":"ImageObject","inLanguage":"es","@id":"https:\/\/www.jyiele.com\/#\/schema\/logo\/image\/","url":"https:\/\/www.jyiele.com\/wp-content\/uploads\/2024\/09\/cropped-jyele-1.webp","contentUrl":"https:\/\/www.jyiele.com\/wp-content\/uploads\/2024\/09\/cropped-jyele-1.webp","width":137,"height":60,"caption":"JYIELE"},"image":{"@id":"https:\/\/www.jyiele.com\/#\/schema\/logo\/image\/"}}]}},"_links":{"self":[{"href":"https:\/\/www.jyiele.com\/es\/wp-json\/wp\/v2\/product\/2101","targetHints":{"allow":["GET"]}}],"collection":[{"href":"https:\/\/www.jyiele.com\/es\/wp-json\/wp\/v2\/product"}],"about":[{"href":"https:\/\/www.jyiele.com\/es\/wp-json\/wp\/v2\/types\/product"}],"version-history":[{"count":7,"href":"https:\/\/www.jyiele.com\/es\/wp-json\/wp\/v2\/product\/2101\/revisions"}],"predecessor-version":[{"id":2112,"href":"https:\/\/www.jyiele.com\/es\/wp-json\/wp\/v2\/product\/2101\/revisions\/2112"}],"wp:featuredmedia":[{"embeddable":true,"href":"https:\/\/www.jyiele.com\/es\/wp-json\/wp\/v2\/media\/2105"}],"wp:attachment":[{"href":"https:\/\/www.jyiele.com\/es\/wp-json\/wp\/v2\/media?parent=2101"}],"wp:term":[{"taxonomy":"product_brand","embeddable":true,"href":"https:\/\/www.jyiele.com\/es\/wp-json\/wp\/v2\/product_brand?post=2101"},{"taxonomy":"product_cat","embeddable":true,"href":"https:\/\/www.jyiele.com\/es\/wp-json\/wp\/v2\/product_cat?post=2101"},{"taxonomy":"product_tag","embeddable":true,"href":"https:\/\/www.jyiele.com\/es\/wp-json\/wp\/v2\/product_tag?post=2101"}],"curies":[{"name":"wp","href":"https:\/\/api.w.org\/{rel}","templated":true}]}}