{"id":2127,"date":"2024-10-16T12:24:44","date_gmt":"2024-10-16T12:24:44","guid":{"rendered":"https:\/\/www.jy-electric.com\/?post_type=product&#038;p=2127"},"modified":"2024-10-16T12:24:44","modified_gmt":"2024-10-16T12:24:44","slug":"abs-plastic-transparent-connectivity-waterproof-box-ip-67","status":"publish","type":"product","link":"https:\/\/www.jyiele.com\/es\/product\/abs-plastic-transparent-connectivity-waterproof-box-ip-67\/","title":{"rendered":"Pl\u00e1stico ABS Transparente Conectividad Caja Estanca Protecci\u00f3n IP 67 Ventana Capucha"},"content":{"rendered":"<h2>Ventajas del producto y caracter\u00edsticas principales:<\/h2>\n<p>IP67 a prueba de agua y polvo: Proporcionando una buena protecci\u00f3n contra el agua y el polvo en entornos dif\u00edciles.<br \/>\nMateriales duraderos: Fabricado con ABS\/PC de calidad para una resistencia a los impactos de hasta IK07\/IK08 y retardante de llama UL94V-0.<br \/>\nDise\u00f1o personalizable: Se puede producir en una variedad de opciones de tama\u00f1o y especificaci\u00f3n seg\u00fan el requisito del cliente.<br \/>\nResistente al agua 360 grados: La funci\u00f3n impermeable puede alcanzar hasta IP68.<br \/>\nResistencia qu\u00edmica y t\u00e9rmica: Resiste temperaturas de hasta 80 \u00b0C y la mayor\u00eda de los productos qu\u00edmicos.<br \/>\nAplicaci\u00f3n universal: Se utiliza en numerosas aplicaciones de interior y exterior, como sistemas industriales y medioambientales.<br \/>\nF\u00e1cil instalaci\u00f3n: El dise\u00f1o de la base del terminal facilita la conexi\u00f3n y el montaje.<\/p>\n<figure class=\"wp-block-table\">\n<div class=\"scroll\">\n<table>\n<tbody>\n<tr>\n<td>Funci\u00f3n:Impermeable, Antipolvo, Resistente a 80 Grados<\/td>\n<td><\/td>\n<\/tr>\n<tr>\n<td>Embalaje de transporte: cart\u00f3n<\/td>\n<td>Origen:Zhejiang, China<\/td>\n<\/tr>\n<tr>\n<td>Especificaci\u00f3n:2P-18P<\/td>\n<td>C\u00f3digo HS:3926909090<\/td>\n<\/tr>\n<\/tbody>\n<\/table>\n<\/div>\n<\/figure>\n<figure class=\"wp-block-table\">\n<div class=\"scroll\">\n<table>\n<tbody>\n<tr>\n<td>Material<\/td>\n<td>ABS \\ PC Nuevos materiales<\/td>\n<\/tr>\n<tr>\n<td>Waterdicht Nivel<\/td>\n<td>IP67<\/td>\n<\/tr>\n<tr>\n<td>Vlamvertragende Cijfer<\/td>\n<td>UL94V-0 es aanpasbare<\/td>\n<\/tr>\n<tr>\n<td>Certificaci\u00f3n<\/td>\n<td>RoHS;UL(Materia);SGS;CE;IP67<\/td>\n<\/tr>\n<tr>\n<td>Funci\u00f3n<\/td>\n<td>Slagvastheid, hittebestendigheid, Koude weerstand, Chemische weerstand, Uitstekende elektrische prestaties glad oppervlak enz. .....<\/td>\n<\/tr>\n<tr>\n<td>Caracter\u00edstica<\/td>\n<td>El anillo de sujeci\u00f3n est\u00e1 equipado con una sujeci\u00f3n de fundici\u00f3n de 360 grados, tiene una buena resistencia a la rotura y puede ser IP68. El cuerpo est\u00e1 equipado con una base de terminales para conectar los terminales.<\/td>\n<\/tr>\n<tr>\n<td>Slagvastheid Rating van Plastic<\/td>\n<td>ABS en IK07, PC en 08<\/td>\n<\/tr>\n<tr>\n<td>Toepassing<\/td>\n<td>Soluciones adaptadas a las necesidades espec\u00edficas de cada pa\u00eds<\/td>\n<\/tr>\n<tr>\n<td>Product Verwerking<\/td>\n<td>Se puede cambiar el color de la ropa de cama<\/td>\n<\/tr>\n<tr>\n<td>Producto Maat<\/td>\n<td>Se puede cambiar en funci\u00f3n de las especificaciones, servicio de consultor\u00eda espec\u00edfico para cada cliente.<\/td>\n<\/tr>\n<tr>\n<td>Verpakking<\/td>\n<td>Klantenservice<\/td>\n<\/tr>\n<tr>\n<td>MOQ<\/td>\n<td>Se puede obtener un peque\u00f1o descuento<\/td>\n<\/tr>\n<tr>\n<td>Doorlooptijd<\/td>\n<td>5-9 semanas<\/td>\n<\/tr>\n<tr>\n<td>Betalingstermijn<\/td>\n<td>T \\ T,Paypal<\/td>\n<\/tr>\n<tr>\n<td>Dise\u00f1o Vermogen<\/td>\n<td>Podemos suministrar monster, OEM y ODM (fabricaci\u00f3n, ingenier\u00eda, fotograf\u00eda, monster, productos)<\/td>\n<\/tr>\n<\/tbody>\n<\/table>\n<\/div>\n<\/figure>\n<figure class=\"wp-block-image size-large\"><img fetchpriority=\"high\" decoding=\"async\" class=\"alignnone wp-image-2129 size-full\" src=\"https:\/\/www.jy-electric.com\/wp-content\/uploads\/2024\/10\/Plastic-Transparent-Connectivity-Waterproof-Box-IP-67-Protection-Window-Hood.webp\" alt=\"Pl\u00e1stico Transparente Conectividad Caja Estanca Protecci\u00f3n IP 67 Ventana Capucha\" width=\"1024\" height=\"499\" srcset=\"https:\/\/www.jyiele.com\/wp-content\/uploads\/2024\/10\/Plastic-Transparent-Connectivity-Waterproof-Box-IP-67-Protection-Window-Hood.webp 1024w, https:\/\/www.jyiele.com\/wp-content\/uploads\/2024\/10\/Plastic-Transparent-Connectivity-Waterproof-Box-IP-67-Protection-Window-Hood-300x146.webp 300w, https:\/\/www.jyiele.com\/wp-content\/uploads\/2024\/10\/Plastic-Transparent-Connectivity-Waterproof-Box-IP-67-Protection-Window-Hood-768x374.webp 768w, https:\/\/www.jyiele.com\/wp-content\/uploads\/2024\/10\/Plastic-Transparent-Connectivity-Waterproof-Box-IP-67-Protection-Window-Hood-18x9.webp 18w, https:\/\/www.jyiele.com\/wp-content\/uploads\/2024\/10\/Plastic-Transparent-Connectivity-Waterproof-Box-IP-67-Protection-Window-Hood-600x292.webp 600w\" sizes=\"(max-width: 1024px) 100vw, 1024px\" \/><\/figure>\n<figure class=\"wp-block-image size-full\"><img decoding=\"async\" class=\"alignnone wp-image-2131 size-full\" src=\"https:\/\/www.jy-electric.com\/wp-content\/uploads\/2024\/10\/Transparent-Connectivity-Waterproof-Box-IP-67-Protection-Window-Hood.webp\" alt=\"Conectividad Transparente Caja Estanca Protecci\u00f3n IP 67 Ventana Capucha\" width=\"1024\" height=\"523\" srcset=\"https:\/\/www.jyiele.com\/wp-content\/uploads\/2024\/10\/Transparent-Connectivity-Waterproof-Box-IP-67-Protection-Window-Hood.webp 1024w, https:\/\/www.jyiele.com\/wp-content\/uploads\/2024\/10\/Transparent-Connectivity-Waterproof-Box-IP-67-Protection-Window-Hood-300x153.webp 300w, https:\/\/www.jyiele.com\/wp-content\/uploads\/2024\/10\/Transparent-Connectivity-Waterproof-Box-IP-67-Protection-Window-Hood-768x392.webp 768w, https:\/\/www.jyiele.com\/wp-content\/uploads\/2024\/10\/Transparent-Connectivity-Waterproof-Box-IP-67-Protection-Window-Hood-18x9.webp 18w, https:\/\/www.jyiele.com\/wp-content\/uploads\/2024\/10\/Transparent-Connectivity-Waterproof-Box-IP-67-Protection-Window-Hood-600x306.webp 600w\" sizes=\"(max-width: 1024px) 100vw, 1024px\" \/><\/figure>\n<figure class=\"wp-block-image size-large\"><img decoding=\"async\" class=\"alignnone wp-image-2132 size-full\" src=\"https:\/\/www.jy-electric.com\/wp-content\/uploads\/2024\/10\/Waterproof-Box-IP-67-Protection-Window-Hood.webp\" alt=\"Caja estanca Protecci\u00f3n IP 67 Ventana Capucha\" width=\"1024\" height=\"494\" srcset=\"https:\/\/www.jyiele.com\/wp-content\/uploads\/2024\/10\/Waterproof-Box-IP-67-Protection-Window-Hood.webp 1024w, https:\/\/www.jyiele.com\/wp-content\/uploads\/2024\/10\/Waterproof-Box-IP-67-Protection-Window-Hood-300x145.webp 300w, https:\/\/www.jyiele.com\/wp-content\/uploads\/2024\/10\/Waterproof-Box-IP-67-Protection-Window-Hood-768x371.webp 768w, https:\/\/www.jyiele.com\/wp-content\/uploads\/2024\/10\/Waterproof-Box-IP-67-Protection-Window-Hood-18x9.webp 18w, https:\/\/www.jyiele.com\/wp-content\/uploads\/2024\/10\/Waterproof-Box-IP-67-Protection-Window-Hood-600x289.webp 600w\" sizes=\"(max-width: 1024px) 100vw, 1024px\" \/><\/figure>\n<figure class=\"wp-block-image size-large\"><img loading=\"lazy\" decoding=\"async\" class=\"alignnone wp-image-2133 size-full\" src=\"https:\/\/www.jy-electric.com\/wp-content\/uploads\/2024\/10\/Waterproof-Box-IP-67-Protection-Window.webp\" alt=\"Caja estanca Ventana de protecci\u00f3n IP 67\" width=\"1024\" height=\"550\" srcset=\"https:\/\/www.jyiele.com\/wp-content\/uploads\/2024\/10\/Waterproof-Box-IP-67-Protection-Window.webp 1024w, https:\/\/www.jyiele.com\/wp-content\/uploads\/2024\/10\/Waterproof-Box-IP-67-Protection-Window-300x161.webp 300w, https:\/\/www.jyiele.com\/wp-content\/uploads\/2024\/10\/Waterproof-Box-IP-67-Protection-Window-768x413.webp 768w, https:\/\/www.jyiele.com\/wp-content\/uploads\/2024\/10\/Waterproof-Box-IP-67-Protection-Window-18x10.webp 18w, https:\/\/www.jyiele.com\/wp-content\/uploads\/2024\/10\/Waterproof-Box-IP-67-Protection-Window-600x322.webp 600w\" sizes=\"(max-width: 1024px) 100vw, 1024px\" \/><\/figure>\n<figure class=\"wp-block-image size-large\"><img loading=\"lazy\" decoding=\"async\" class=\"alignnone wp-image-2130 size-full\" src=\"https:\/\/www.jy-electric.com\/wp-content\/uploads\/2024\/10\/Protection-Window-Hood.webp\" alt=\"Protecci\u00f3n Ventana Cap\u00f3\" width=\"1024\" height=\"526\" srcset=\"https:\/\/www.jyiele.com\/wp-content\/uploads\/2024\/10\/Protection-Window-Hood.webp 1024w, https:\/\/www.jyiele.com\/wp-content\/uploads\/2024\/10\/Protection-Window-Hood-300x154.webp 300w, https:\/\/www.jyiele.com\/wp-content\/uploads\/2024\/10\/Protection-Window-Hood-768x395.webp 768w, https:\/\/www.jyiele.com\/wp-content\/uploads\/2024\/10\/Protection-Window-Hood-18x9.webp 18w, https:\/\/www.jyiele.com\/wp-content\/uploads\/2024\/10\/Protection-Window-Hood-600x308.webp 600w\" sizes=\"(max-width: 1024px) 100vw, 1024px\" \/><\/figure>\n<figure class=\"wp-block-image size-large\"><img loading=\"lazy\" decoding=\"async\" class=\"alignnone wp-image-2136 size-full\" src=\"https:\/\/www.jy-electric.com\/wp-content\/uploads\/2024\/10\/IP-67-Protection-Window-Hood.webp\" alt=\"Ventana de protecci\u00f3n IP 67\" width=\"1024\" height=\"517\" srcset=\"https:\/\/www.jyiele.com\/wp-content\/uploads\/2024\/10\/IP-67-Protection-Window-Hood.webp 1024w, https:\/\/www.jyiele.com\/wp-content\/uploads\/2024\/10\/IP-67-Protection-Window-Hood-300x151.webp 300w, https:\/\/www.jyiele.com\/wp-content\/uploads\/2024\/10\/IP-67-Protection-Window-Hood-768x388.webp 768w, https:\/\/www.jyiele.com\/wp-content\/uploads\/2024\/10\/IP-67-Protection-Window-Hood-18x9.webp 18w, https:\/\/www.jyiele.com\/wp-content\/uploads\/2024\/10\/IP-67-Protection-Window-Hood-600x303.webp 600w\" sizes=\"(max-width: 1024px) 100vw, 1024px\" \/><\/figure>\n<figure class=\"wp-block-image size-large\"><img loading=\"lazy\" decoding=\"async\" class=\"alignnone wp-image-2134 size-full\" src=\"https:\/\/www.jy-electric.com\/wp-content\/uploads\/2024\/10\/Window-Hood.webp\" alt=\"Cap\u00f3 de ventana\" width=\"1024\" height=\"642\" srcset=\"https:\/\/www.jyiele.com\/wp-content\/uploads\/2024\/10\/Window-Hood.webp 1024w, https:\/\/www.jyiele.com\/wp-content\/uploads\/2024\/10\/Window-Hood-300x188.webp 300w, https:\/\/www.jyiele.com\/wp-content\/uploads\/2024\/10\/Window-Hood-768x482.webp 768w, https:\/\/www.jyiele.com\/wp-content\/uploads\/2024\/10\/Window-Hood-18x12.webp 18w, https:\/\/www.jyiele.com\/wp-content\/uploads\/2024\/10\/Window-Hood-600x376.webp 600w\" sizes=\"(max-width: 1024px) 100vw, 1024px\" \/><\/figure>","protected":false},"excerpt":{"rendered":"<p>Caja de pl\u00e1stico ABS a prueba de agua IP 67 Protecci\u00f3n Ventana Capucha se puede utilizar tanto para aplicaciones interiores y exteriores en los sistemas el\u00e9ctricos, comunicaciones, equipos contra incendios, fabricaci\u00f3n de acero, las industrias petroqu\u00edmicas, electr\u00f3nica, redes el\u00e9ctricas, ferrocarriles, edificios, miner\u00eda, aeropuertos, puertos mar\u00edtimos, hoteles, barcos, instalaciones industriales, procesamiento de aguas residuales, y equipos ambientales.<\/p>","protected":false},"featured_media":2135,"template":"","meta":{"site-sidebar-layout":"default","site-content-layout":"","ast-site-content-layout":"default","site-content-style":"default","site-sidebar-style":"default","ast-global-header-display":"","ast-banner-title-visibility":"","ast-main-header-display":"","ast-hfb-above-header-display":"","ast-hfb-below-header-display":"","ast-hfb-mobile-header-display":"","site-post-title":"","ast-breadcrumbs-content":"","ast-featured-img":"","footer-sml-layout":"","ast-disable-related-posts":"","theme-transparent-header-meta":"default","adv-header-id-meta":"","stick-header-meta":"","header-above-stick-meta":"","header-main-stick-meta":"","header-below-stick-meta":"","astra-migrate-meta-layouts":"set","ast-page-background-enabled":"default","ast-page-background-meta":{"desktop":{"background-color":"var(--ast-global-color-4)","background-image":"","background-repeat":"repeat","background-position":"center center","background-size":"auto","background-attachment":"scroll","background-type":"","background-media":"","overlay-type":"","overlay-color":"","overlay-opacity":"","overlay-gradient":""},"tablet":{"background-color":"","background-image":"","background-repeat":"repeat","background-position":"center center","background-size":"auto","background-attachment":"scroll","background-type":"","background-media":"","overlay-type":"","overlay-color":"","overlay-opacity":"","overlay-gradient":""},"mobile":{"background-color":"","background-image":"","background-repeat":"repeat","background-position":"center center","background-size":"auto","background-attachment":"scroll","background-type":"","background-media":"","overlay-type":"","overlay-color":"","overlay-opacity":"","overlay-gradient":""}},"ast-content-background-meta":{"desktop":{"background-color":"var(--ast-global-color-5)","background-image":"","background-repeat":"repeat","background-position":"center center","background-size":"auto","background-attachment":"scroll","background-type":"","background-media":"","overlay-type":"","overlay-color":"","overlay-opacity":"","overlay-gradient":""},"tablet":{"background-color":"var(--ast-global-color-5)","background-image":"","background-repeat":"repeat","background-position":"center center","background-size":"auto","background-attachment":"scroll","background-type":"","background-media":"","overlay-type":"","overlay-color":"","overlay-opacity":"","overlay-gradient":""},"mobile":{"background-color":"var(--ast-global-color-5)","background-image":"","background-repeat":"repeat","background-position":"center center","background-size":"auto","background-attachment":"scroll","background-type":"","background-media":"","overlay-type":"","overlay-color":"","overlay-opacity":"","overlay-gradient":""}}},"product_brand":[],"product_cat":[27],"product_tag":[],"class_list":{"0":"post-2127","1":"product","2":"type-product","3":"status-publish","4":"has-post-thumbnail","6":"product_cat-other","7":"desktop-align-left","8":"tablet-align-left","9":"mobile-align-left","11":"first","12":"instock","13":"shipping-taxable","14":"product-type-simple"},"yoast_head":"<!-- This site is optimized with the Yoast SEO plugin v24.8.1 - https:\/\/yoast.com\/wordpress\/plugins\/seo\/ -->\n<title>ABS Plastic Transparent Connectivity Waterproof Box IP 67 Protection Window Hood - JYIELE<\/title>\n<meta name=\"robots\" content=\"index, follow, max-snippet:-1, max-image-preview:large, max-video-preview:-1\" \/>\n<link rel=\"canonical\" href=\"https:\/\/www.jyiele.com\/es\/product\/abs-plastic-transparent-connectivity-waterproof-box-ip-67\/\" \/>\n<meta property=\"og:locale\" content=\"es_ES\" \/>\n<meta property=\"og:type\" content=\"article\" \/>\n<meta property=\"og:title\" content=\"ABS Plastic Transparent Connectivity Waterproof Box IP 67 Protection Window Hood - JYIELE\" \/>\n<meta property=\"og:description\" content=\"ABS Plastic Waterproof Box IP 67 Protection Window Hood can be used for both indoor and outdoor applications in electrical systems, communications, firefighting equipment, steel manufacturing, the petrochemical industries, electronics, power grids, railways, buildings, mining, airports, seaports, hotels, ships, industrial facilities, wastewater processing, and environmental equipment.\" \/>\n<meta property=\"og:url\" content=\"https:\/\/www.jyiele.com\/es\/product\/abs-plastic-transparent-connectivity-waterproof-box-ip-67\/\" \/>\n<meta property=\"og:site_name\" content=\"JYIELE\" \/>\n<meta property=\"og:image\" content=\"https:\/\/www.jyiele.com\/wp-content\/uploads\/2024\/10\/ABS-Plastic-Transparent-Connectivity-Waterproof-Box-IP-67-Protection-Window-Hood.webp\" \/>\n\t<meta property=\"og:image:width\" content=\"800\" \/>\n\t<meta property=\"og:image:height\" content=\"800\" \/>\n\t<meta property=\"og:image:type\" content=\"image\/webp\" \/>\n<meta name=\"twitter:card\" content=\"summary_large_image\" \/>\n<meta name=\"twitter:label1\" content=\"Tiempo de lectura\" \/>\n\t<meta name=\"twitter:data1\" content=\"3 minutos\" \/>\n<script type=\"application\/ld+json\" class=\"yoast-schema-graph\">{\"@context\":\"https:\/\/schema.org\",\"@graph\":[{\"@type\":\"WebPage\",\"@id\":\"https:\/\/www.jyiele.com\/product\/abs-plastic-transparent-connectivity-waterproof-box-ip-67-protection-window-hood\/\",\"url\":\"https:\/\/www.jyiele.com\/product\/abs-plastic-transparent-connectivity-waterproof-box-ip-67-protection-window-hood\/\",\"name\":\"ABS Plastic Transparent Connectivity Waterproof Box IP 67 Protection Window Hood - JYIELE\",\"isPartOf\":{\"@id\":\"https:\/\/www.jyiele.com\/#website\"},\"primaryImageOfPage\":{\"@id\":\"https:\/\/www.jyiele.com\/product\/abs-plastic-transparent-connectivity-waterproof-box-ip-67-protection-window-hood\/#primaryimage\"},\"image\":{\"@id\":\"https:\/\/www.jyiele.com\/product\/abs-plastic-transparent-connectivity-waterproof-box-ip-67-protection-window-hood\/#primaryimage\"},\"thumbnailUrl\":\"https:\/\/www.jyiele.com\/wp-content\/uploads\/2024\/10\/ABS-Plastic-Transparent-Connectivity-Waterproof-Box-IP-67-Protection-Window-Hood.webp\",\"datePublished\":\"2024-10-16T12:24:44+00:00\",\"breadcrumb\":{\"@id\":\"https:\/\/www.jyiele.com\/product\/abs-plastic-transparent-connectivity-waterproof-box-ip-67-protection-window-hood\/#breadcrumb\"},\"inLanguage\":\"es\",\"potentialAction\":[{\"@type\":\"ReadAction\",\"target\":[\"https:\/\/www.jyiele.com\/product\/abs-plastic-transparent-connectivity-waterproof-box-ip-67-protection-window-hood\/\"]}]},{\"@type\":\"ImageObject\",\"inLanguage\":\"es\",\"@id\":\"https:\/\/www.jyiele.com\/product\/abs-plastic-transparent-connectivity-waterproof-box-ip-67-protection-window-hood\/#primaryimage\",\"url\":\"https:\/\/www.jyiele.com\/wp-content\/uploads\/2024\/10\/ABS-Plastic-Transparent-Connectivity-Waterproof-Box-IP-67-Protection-Window-Hood.webp\",\"contentUrl\":\"https:\/\/www.jyiele.com\/wp-content\/uploads\/2024\/10\/ABS-Plastic-Transparent-Connectivity-Waterproof-Box-IP-67-Protection-Window-Hood.webp\",\"width\":800,\"height\":800,\"caption\":\"ABS Plastic Transparent Connectivity Waterproof Box IP 67 Protection Window Hood\"},{\"@type\":\"BreadcrumbList\",\"@id\":\"https:\/\/www.jyiele.com\/product\/abs-plastic-transparent-connectivity-waterproof-box-ip-67-protection-window-hood\/#breadcrumb\",\"itemListElement\":[{\"@type\":\"ListItem\",\"position\":1,\"name\":\"Home\",\"item\":\"https:\/\/www.jyiele.com\/\"},{\"@type\":\"ListItem\",\"position\":2,\"name\":\"Product\",\"item\":\"https:\/\/www.jyiele.com\/product\/\"},{\"@type\":\"ListItem\",\"position\":3,\"name\":\"Other\",\"item\":\"https:\/\/www.jyiele.com\/product-category\/other\/\"},{\"@type\":\"ListItem\",\"position\":4,\"name\":\"ABS Plastic Transparent Connectivity Waterproof Box IP 67 Protection Window Hood\"}]},{\"@type\":\"WebSite\",\"@id\":\"https:\/\/www.jyiele.com\/#website\",\"url\":\"https:\/\/www.jyiele.com\/\",\"name\":\"JYIELE\",\"description\":\"Vacuum Circuit Breaker manufacturer\",\"publisher\":{\"@id\":\"https:\/\/www.jyiele.com\/#organization\"},\"potentialAction\":[{\"@type\":\"SearchAction\",\"target\":{\"@type\":\"EntryPoint\",\"urlTemplate\":\"https:\/\/www.jyiele.com\/?s={search_term_string}\"},\"query-input\":{\"@type\":\"PropertyValueSpecification\",\"valueRequired\":true,\"valueName\":\"search_term_string\"}}],\"inLanguage\":\"es\"},{\"@type\":\"Organization\",\"@id\":\"https:\/\/www.jyiele.com\/#organization\",\"name\":\"JYIELE\",\"url\":\"https:\/\/www.jyiele.com\/\",\"logo\":{\"@type\":\"ImageObject\",\"inLanguage\":\"es\",\"@id\":\"https:\/\/www.jyiele.com\/#\/schema\/logo\/image\/\",\"url\":\"https:\/\/www.jyiele.com\/wp-content\/uploads\/2024\/09\/cropped-jyele-1.webp\",\"contentUrl\":\"https:\/\/www.jyiele.com\/wp-content\/uploads\/2024\/09\/cropped-jyele-1.webp\",\"width\":137,\"height\":60,\"caption\":\"JYIELE\"},\"image\":{\"@id\":\"https:\/\/www.jyiele.com\/#\/schema\/logo\/image\/\"}}]}<\/script>\n<!-- \/ Yoast SEO plugin. -->","yoast_head_json":{"title":"ABS Pl\u00e1stico Transparente Conectividad Caja Impermeable Protecci\u00f3n IP 67 Ventana Capucha - JYIELE","robots":{"index":"index","follow":"follow","max-snippet":"max-snippet:-1","max-image-preview":"max-image-preview:large","max-video-preview":"max-video-preview:-1"},"canonical":"https:\/\/www.jyiele.com\/es\/product\/abs-plastic-transparent-connectivity-waterproof-box-ip-67\/","og_locale":"es_ES","og_type":"article","og_title":"ABS Plastic Transparent Connectivity Waterproof Box IP 67 Protection Window Hood - JYIELE","og_description":"ABS Plastic Waterproof Box IP 67 Protection Window Hood can be used for both indoor and outdoor applications in electrical systems, communications, firefighting equipment, steel manufacturing, the petrochemical industries, electronics, power grids, railways, buildings, mining, airports, seaports, hotels, ships, industrial facilities, wastewater processing, and environmental equipment.","og_url":"https:\/\/www.jyiele.com\/es\/product\/abs-plastic-transparent-connectivity-waterproof-box-ip-67\/","og_site_name":"JYIELE","og_image":[{"width":800,"height":800,"url":"https:\/\/www.jyiele.com\/wp-content\/uploads\/2024\/10\/ABS-Plastic-Transparent-Connectivity-Waterproof-Box-IP-67-Protection-Window-Hood.webp","type":"image\/webp"}],"twitter_card":"summary_large_image","twitter_misc":{"Tiempo de lectura":"3 minutos"},"schema":{"@context":"https:\/\/schema.org","@graph":[{"@type":"WebPage","@id":"https:\/\/www.jyiele.com\/product\/abs-plastic-transparent-connectivity-waterproof-box-ip-67-protection-window-hood\/","url":"https:\/\/www.jyiele.com\/product\/abs-plastic-transparent-connectivity-waterproof-box-ip-67-protection-window-hood\/","name":"ABS Pl\u00e1stico Transparente Conectividad Caja Impermeable Protecci\u00f3n IP 67 Ventana Capucha - JYIELE","isPartOf":{"@id":"https:\/\/www.jyiele.com\/#website"},"primaryImageOfPage":{"@id":"https:\/\/www.jyiele.com\/product\/abs-plastic-transparent-connectivity-waterproof-box-ip-67-protection-window-hood\/#primaryimage"},"image":{"@id":"https:\/\/www.jyiele.com\/product\/abs-plastic-transparent-connectivity-waterproof-box-ip-67-protection-window-hood\/#primaryimage"},"thumbnailUrl":"https:\/\/www.jyiele.com\/wp-content\/uploads\/2024\/10\/ABS-Plastic-Transparent-Connectivity-Waterproof-Box-IP-67-Protection-Window-Hood.webp","datePublished":"2024-10-16T12:24:44+00:00","breadcrumb":{"@id":"https:\/\/www.jyiele.com\/product\/abs-plastic-transparent-connectivity-waterproof-box-ip-67-protection-window-hood\/#breadcrumb"},"inLanguage":"es","potentialAction":[{"@type":"ReadAction","target":["https:\/\/www.jyiele.com\/product\/abs-plastic-transparent-connectivity-waterproof-box-ip-67-protection-window-hood\/"]}]},{"@type":"ImageObject","inLanguage":"es","@id":"https:\/\/www.jyiele.com\/product\/abs-plastic-transparent-connectivity-waterproof-box-ip-67-protection-window-hood\/#primaryimage","url":"https:\/\/www.jyiele.com\/wp-content\/uploads\/2024\/10\/ABS-Plastic-Transparent-Connectivity-Waterproof-Box-IP-67-Protection-Window-Hood.webp","contentUrl":"https:\/\/www.jyiele.com\/wp-content\/uploads\/2024\/10\/ABS-Plastic-Transparent-Connectivity-Waterproof-Box-IP-67-Protection-Window-Hood.webp","width":800,"height":800,"caption":"ABS Plastic Transparent Connectivity Waterproof Box IP 67 Protection Window Hood"},{"@type":"BreadcrumbList","@id":"https:\/\/www.jyiele.com\/product\/abs-plastic-transparent-connectivity-waterproof-box-ip-67-protection-window-hood\/#breadcrumb","itemListElement":[{"@type":"ListItem","position":1,"name":"Home","item":"https:\/\/www.jyiele.com\/"},{"@type":"ListItem","position":2,"name":"Product","item":"https:\/\/www.jyiele.com\/product\/"},{"@type":"ListItem","position":3,"name":"Other","item":"https:\/\/www.jyiele.com\/product-category\/other\/"},{"@type":"ListItem","position":4,"name":"ABS Plastic Transparent Connectivity Waterproof Box IP 67 Protection Window Hood"}]},{"@type":"WebSite","@id":"https:\/\/www.jyiele.com\/#website","url":"https:\/\/www.jyiele.com\/","name":"JYIELE","description":"Fabricante de disyuntores de vac\u00edo","publisher":{"@id":"https:\/\/www.jyiele.com\/#organization"},"potentialAction":[{"@type":"SearchAction","target":{"@type":"EntryPoint","urlTemplate":"https:\/\/www.jyiele.com\/?s={search_term_string}"},"query-input":{"@type":"PropertyValueSpecification","valueRequired":true,"valueName":"search_term_string"}}],"inLanguage":"es"},{"@type":"Organization","@id":"https:\/\/www.jyiele.com\/#organization","name":"JYIELE","url":"https:\/\/www.jyiele.com\/","logo":{"@type":"ImageObject","inLanguage":"es","@id":"https:\/\/www.jyiele.com\/#\/schema\/logo\/image\/","url":"https:\/\/www.jyiele.com\/wp-content\/uploads\/2024\/09\/cropped-jyele-1.webp","contentUrl":"https:\/\/www.jyiele.com\/wp-content\/uploads\/2024\/09\/cropped-jyele-1.webp","width":137,"height":60,"caption":"JYIELE"},"image":{"@id":"https:\/\/www.jyiele.com\/#\/schema\/logo\/image\/"}}]}},"_links":{"self":[{"href":"https:\/\/www.jyiele.com\/es\/wp-json\/wp\/v2\/product\/2127","targetHints":{"allow":["GET"]}}],"collection":[{"href":"https:\/\/www.jyiele.com\/es\/wp-json\/wp\/v2\/product"}],"about":[{"href":"https:\/\/www.jyiele.com\/es\/wp-json\/wp\/v2\/types\/product"}],"version-history":[{"count":2,"href":"https:\/\/www.jyiele.com\/es\/wp-json\/wp\/v2\/product\/2127\/revisions"}],"predecessor-version":[{"id":2137,"href":"https:\/\/www.jyiele.com\/es\/wp-json\/wp\/v2\/product\/2127\/revisions\/2137"}],"wp:featuredmedia":[{"embeddable":true,"href":"https:\/\/www.jyiele.com\/es\/wp-json\/wp\/v2\/media\/2135"}],"wp:attachment":[{"href":"https:\/\/www.jyiele.com\/es\/wp-json\/wp\/v2\/media?parent=2127"}],"wp:term":[{"taxonomy":"product_brand","embeddable":true,"href":"https:\/\/www.jyiele.com\/es\/wp-json\/wp\/v2\/product_brand?post=2127"},{"taxonomy":"product_cat","embeddable":true,"href":"https:\/\/www.jyiele.com\/es\/wp-json\/wp\/v2\/product_cat?post=2127"},{"taxonomy":"product_tag","embeddable":true,"href":"https:\/\/www.jyiele.com\/es\/wp-json\/wp\/v2\/product_tag?post=2127"}],"curies":[{"name":"wp","href":"https:\/\/api.w.org\/{rel}","templated":true}]}}