{"id":2143,"date":"2024-10-16T12:45:56","date_gmt":"2024-10-16T12:45:56","guid":{"rendered":"https:\/\/www.jy-electric.com\/?post_type=product&#038;p=2143"},"modified":"2025-03-09T11:34:16","modified_gmt":"2025-03-09T11:34:16","slug":"water-proof-control-panel-enclosure","status":"publish","type":"product","link":"https:\/\/www.jyiele.com\/es\/product\/water-proof-control-panel-enclosure\/","title":{"rendered":"Armario para panel de control estanco de tipo econ\u00f3mico -Serie A Econ\u00f3mica"},"content":{"rendered":"<h2>Caracter\u00edsticas principales:<\/h2>\n<p>Panel de instalaci\u00f3n desmontable: El panel desmontable para m\u00faltiples reinstalaciones simplifica el montaje y la fijaci\u00f3n de diferentes componentes electr\u00f3nicos.<br \/>\nVariedad de opciones: Disponible en diferentes tama\u00f1os, materiales, estilo, color y m\u00e9todo de montaje para adaptarse a todo tipo de usos.<br \/>\nAbertura personalizada: Apertura circular y procesamiento personalizado (CNC, marcado l\u00e1ser, serigraf\u00eda) se acepta bajo petici\u00f3n.<\/p>\n<h2>Aplicaciones:<\/h2>\n<p>Adecuado para aplicaciones en interiores y exteriores, incluidos, entre otros, sistemas el\u00e9ctricos, telecomunicaciones, aparatos contra incendios, siderurgia, petroqu\u00edmica, industria electr\u00f3nica, transmisi\u00f3n y distribuci\u00f3n de energ\u00eda, ferrocarril, construcci\u00f3n, miner\u00eda, aeropuertos, puertos mar\u00edtimos, hoteles, barcos, automatizaci\u00f3n industrial, tratamiento de aguas residuales y protecci\u00f3n ecol\u00f3gica.<\/p>\n<h2>Instalaci\u00f3n<\/h2>\n<p>Interior: En el interior de la caja se ofrecen las siguientes opciones de instalaci\u00f3n: orificios con m\u00e1s de dos tuercas de lat\u00f3n M4 para el montaje de placas de circuitos o carriles DIN.<br \/>\nExterior: Puede montarse en paredes o en cualquier superficie plana con tornillos o clavos a trav\u00e9s de los orificios pretaladrados en la parte inferior de la caja. Orificio de salida: Se puede proporcionar un orificio de salida personalizado, y tambi\u00e9n se acepta la instalaci\u00f3n de prensaestopas para aumentar el rendimiento impermeable.<\/p>\n<h4 class=\"wp-block-heading\">Especificaci\u00f3n del producto<\/h4>\n<figure class=\"wp-block-table\">\n<div class=\"scroll\">\n<table>\n<tbody>\n<tr>\n<td>especificaciones<\/td>\n<td>L*An*Al(mm)<\/td>\n<\/tr>\n<tr>\n<td>A-10060500<\/td>\n<td rowspan=\"2\">100*68*50<\/td>\n<\/tr>\n<tr>\n<td>A-1006050T<\/td>\n<\/tr>\n<tr>\n<td>A-2012075G<\/td>\n<td rowspan=\"2\">200*120*75<\/td>\n<\/tr>\n<tr>\n<td>A-2012075T<\/td>\n<\/tr>\n<tr>\n<td>A-1611090G<\/td>\n<td rowspan=\"2\">160*110*90<\/td>\n<\/tr>\n<tr>\n<td>A-1611090T<\/td>\n<\/tr>\n<tr>\n<td>A-1109055G<\/td>\n<td rowspan=\"2\">115*90*55<\/td>\n<\/tr>\n<tr>\n<td>A-1109055T<\/td>\n<\/tr>\n<tr>\n<td>A-1010070G<\/td>\n<td rowspan=\"2\">100*100*70<\/td>\n<\/tr>\n<tr>\n<td>A-1010070T<\/td>\n<\/tr>\n<tr>\n<td>A-1212090G<\/td>\n<td rowspan=\"2\">120*120*90<\/td>\n<\/tr>\n<tr>\n<td>A-12120907<\/td>\n<\/tr>\n<tr>\n<td>A-1509060G<\/td>\n<td rowspan=\"2\">158*90*60<\/td>\n<\/tr>\n<tr>\n<td>A-15090601<\/td>\n<\/tr>\n<tr>\n<td>A-1616090G<\/td>\n<td rowspan=\"2\">160*160*90<\/td>\n<\/tr>\n<tr>\n<td>A-16160901<\/td>\n<\/tr>\n<tr>\n<td>A-2020095G<\/td>\n<td rowspan=\"2\">200*200*95<\/td>\n<\/tr>\n<tr>\n<td>A-2020095T<\/td>\n<\/tr>\n<tr>\n<td>A-2315080G<\/td>\n<td rowspan=\"2\">230*150*87<\/td>\n<\/tr>\n<tr>\n<td>A-2315080T<\/td>\n<\/tr>\n<tr>\n<td>A-3224110G<\/td>\n<td rowspan=\"2\">320*240*110<\/td>\n<\/tr>\n<tr>\n<td>A-3224110T<\/td>\n<\/tr>\n<\/tbody>\n<\/table>\n<\/div>\n<\/figure>\n<h4 class=\"wp-block-heading\"><\/h4>","protected":false},"excerpt":{"rendered":"<p>Este <strong>Caja estanca econ\u00f3mica para panel de control<\/strong> est\u00e1 excepcionalmente dise\u00f1ado pensando en la flexibilidad y la personalizaci\u00f3n. Dispone de un panel de instalaci\u00f3n f\u00e1cilmente desmontable para colocar f\u00e1cilmente los componentes electr\u00f3nicos, un gran n\u00famero de tama\u00f1os, materiales, colores y opciones de montaje. Las aberturas circulares pueden hacerse a medida, y tambi\u00e9n es posible el mecanizado CNC, el marcado por l\u00e1ser y la serigraf\u00eda seg\u00fan los requisitos individuales.<\/p>","protected":false},"featured_media":2145,"template":"","meta":{"site-sidebar-layout":"default","site-content-layout":"","ast-site-content-layout":"default","site-content-style":"default","site-sidebar-style":"default","ast-global-header-display":"","ast-banner-title-visibility":"","ast-main-header-display":"","ast-hfb-above-header-display":"","ast-hfb-below-header-display":"","ast-hfb-mobile-header-display":"","site-post-title":"","ast-breadcrumbs-content":"","ast-featured-img":"","footer-sml-layout":"","ast-disable-related-posts":"","theme-transparent-header-meta":"default","adv-header-id-meta":"","stick-header-meta":"","header-above-stick-meta":"","header-main-stick-meta":"","header-below-stick-meta":"","astra-migrate-meta-layouts":"set","ast-page-background-enabled":"default","ast-page-background-meta":{"desktop":{"background-color":"var(--ast-global-color-4)","background-image":"","background-repeat":"repeat","background-position":"center center","background-size":"auto","background-attachment":"scroll","background-type":"","background-media":"","overlay-type":"","overlay-color":"","overlay-opacity":"","overlay-gradient":""},"tablet":{"background-color":"","background-image":"","background-repeat":"repeat","background-position":"center center","background-size":"auto","background-attachment":"scroll","background-type":"","background-media":"","overlay-type":"","overlay-color":"","overlay-opacity":"","overlay-gradient":""},"mobile":{"background-color":"","background-image":"","background-repeat":"repeat","background-position":"center center","background-size":"auto","background-attachment":"scroll","background-type":"","background-media":"","overlay-type":"","overlay-color":"","overlay-opacity":"","overlay-gradient":""}},"ast-content-background-meta":{"desktop":{"background-color":"var(--ast-global-color-5)","background-image":"","background-repeat":"repeat","background-position":"center center","background-size":"auto","background-attachment":"scroll","background-type":"","background-media":"","overlay-type":"","overlay-color":"","overlay-opacity":"","overlay-gradient":""},"tablet":{"background-color":"var(--ast-global-color-5)","background-image":"","background-repeat":"repeat","background-position":"center center","background-size":"auto","background-attachment":"scroll","background-type":"","background-media":"","overlay-type":"","overlay-color":"","overlay-opacity":"","overlay-gradient":""},"mobile":{"background-color":"var(--ast-global-color-5)","background-image":"","background-repeat":"repeat","background-position":"center center","background-size":"auto","background-attachment":"scroll","background-type":"","background-media":"","overlay-type":"","overlay-color":"","overlay-opacity":"","overlay-gradient":""}}},"product_brand":[],"product_cat":[23],"product_tag":[],"class_list":{"0":"post-2143","1":"product","2":"type-product","3":"status-publish","4":"has-post-thumbnail","6":"product_cat-waterproof-plastic-enclosure","7":"desktop-align-left","8":"tablet-align-left","9":"mobile-align-left","11":"first","12":"instock","13":"shipping-taxable","14":"product-type-simple"},"yoast_head":"<!-- This site is optimized with the Yoast SEO plugin v24.8.1 - https:\/\/yoast.com\/wordpress\/plugins\/seo\/ -->\n<title>ChinaEconomy Type Water Proof Control Panel Enclosure -A Series Economical Manufacturer - JYIELE<\/title>\n<meta name=\"description\" content=\"Choose our Water Proof Control Panel Enclosure for a waterproof control panel. Cost-effective protection for your electrical components.\" \/>\n<meta name=\"robots\" content=\"index, follow, max-snippet:-1, max-image-preview:large, max-video-preview:-1\" \/>\n<link rel=\"canonical\" href=\"https:\/\/www.jyiele.com\/es\/product\/water-proof-control-panel-enclosure\/\" \/>\n<meta property=\"og:locale\" content=\"es_ES\" \/>\n<meta property=\"og:type\" content=\"article\" \/>\n<meta property=\"og:title\" content=\"ChinaEconomy Type Water Proof Control Panel Enclosure -A Series Economical Manufacturer - JYIELE\" \/>\n<meta property=\"og:description\" content=\"Choose our Water Proof Control Panel Enclosure for a waterproof control panel. Cost-effective protection for your electrical components.\" \/>\n<meta property=\"og:url\" content=\"https:\/\/www.jyiele.com\/es\/product\/water-proof-control-panel-enclosure\/\" \/>\n<meta property=\"og:site_name\" content=\"JYIELE\" \/>\n<meta property=\"article:modified_time\" content=\"2025-03-09T11:34:16+00:00\" \/>\n<meta property=\"og:image\" content=\"https:\/\/www.jyiele.com\/wp-content\/uploads\/2024\/10\/Water-Proof-Control-Panel-Enclosure.webp\" \/>\n\t<meta property=\"og:image:width\" content=\"800\" \/>\n\t<meta property=\"og:image:height\" content=\"800\" \/>\n\t<meta property=\"og:image:type\" content=\"image\/webp\" \/>\n<meta name=\"twitter:card\" content=\"summary_large_image\" \/>\n<meta name=\"twitter:label1\" content=\"Tiempo de lectura\" \/>\n\t<meta name=\"twitter:data1\" content=\"2 minutos\" \/>\n<script type=\"application\/ld+json\" class=\"yoast-schema-graph\">{\"@context\":\"https:\/\/schema.org\",\"@graph\":[{\"@type\":\"WebPage\",\"@id\":\"https:\/\/www.jyiele.com\/product\/water-proof-control-panel-enclosure\/\",\"url\":\"https:\/\/www.jyiele.com\/product\/water-proof-control-panel-enclosure\/\",\"name\":\"ChinaEconomy Type Water Proof Control Panel Enclosure -A Series Economical Manufacturer - JYIELE\",\"isPartOf\":{\"@id\":\"https:\/\/www.jyiele.com\/#website\"},\"primaryImageOfPage\":{\"@id\":\"https:\/\/www.jyiele.com\/product\/water-proof-control-panel-enclosure\/#primaryimage\"},\"image\":{\"@id\":\"https:\/\/www.jyiele.com\/product\/water-proof-control-panel-enclosure\/#primaryimage\"},\"thumbnailUrl\":\"https:\/\/www.jyiele.com\/wp-content\/uploads\/2024\/10\/Water-Proof-Control-Panel-Enclosure.webp\",\"datePublished\":\"2024-10-16T12:45:56+00:00\",\"dateModified\":\"2025-03-09T11:34:16+00:00\",\"description\":\"Choose our Water Proof Control Panel Enclosure for a waterproof control panel. Cost-effective protection for your electrical components.\",\"breadcrumb\":{\"@id\":\"https:\/\/www.jyiele.com\/product\/water-proof-control-panel-enclosure\/#breadcrumb\"},\"inLanguage\":\"es\",\"potentialAction\":[{\"@type\":\"ReadAction\",\"target\":[\"https:\/\/www.jyiele.com\/product\/water-proof-control-panel-enclosure\/\"]}]},{\"@type\":\"ImageObject\",\"inLanguage\":\"es\",\"@id\":\"https:\/\/www.jyiele.com\/product\/water-proof-control-panel-enclosure\/#primaryimage\",\"url\":\"https:\/\/www.jyiele.com\/wp-content\/uploads\/2024\/10\/Water-Proof-Control-Panel-Enclosure.webp\",\"contentUrl\":\"https:\/\/www.jyiele.com\/wp-content\/uploads\/2024\/10\/Water-Proof-Control-Panel-Enclosure.webp\",\"width\":800,\"height\":800,\"caption\":\"Water Proof Control Panel Enclosure\"},{\"@type\":\"BreadcrumbList\",\"@id\":\"https:\/\/www.jyiele.com\/product\/water-proof-control-panel-enclosure\/#breadcrumb\",\"itemListElement\":[{\"@type\":\"ListItem\",\"position\":1,\"name\":\"Home\",\"item\":\"https:\/\/www.jyiele.com\/\"},{\"@type\":\"ListItem\",\"position\":2,\"name\":\"Product\",\"item\":\"https:\/\/www.jyiele.com\/product\/\"},{\"@type\":\"ListItem\",\"position\":3,\"name\":\"Waterproof Plastic Enclosure\",\"item\":\"https:\/\/www.jyiele.com\/ja\/product-category\/waterproof-plastic-enclosure\/\"},{\"@type\":\"ListItem\",\"position\":4,\"name\":\"Economy Type Water Proof Control Panel Enclosure -A Series Economical\"}]},{\"@type\":\"WebSite\",\"@id\":\"https:\/\/www.jyiele.com\/#website\",\"url\":\"https:\/\/www.jyiele.com\/\",\"name\":\"JYIELE\",\"description\":\"Vacuum Circuit Breaker manufacturer\",\"publisher\":{\"@id\":\"https:\/\/www.jyiele.com\/#organization\"},\"potentialAction\":[{\"@type\":\"SearchAction\",\"target\":{\"@type\":\"EntryPoint\",\"urlTemplate\":\"https:\/\/www.jyiele.com\/?s={search_term_string}\"},\"query-input\":{\"@type\":\"PropertyValueSpecification\",\"valueRequired\":true,\"valueName\":\"search_term_string\"}}],\"inLanguage\":\"es\"},{\"@type\":\"Organization\",\"@id\":\"https:\/\/www.jyiele.com\/#organization\",\"name\":\"JYIELE\",\"url\":\"https:\/\/www.jyiele.com\/\",\"logo\":{\"@type\":\"ImageObject\",\"inLanguage\":\"es\",\"@id\":\"https:\/\/www.jyiele.com\/#\/schema\/logo\/image\/\",\"url\":\"https:\/\/www.jyiele.com\/wp-content\/uploads\/2024\/09\/cropped-jyele-1.webp\",\"contentUrl\":\"https:\/\/www.jyiele.com\/wp-content\/uploads\/2024\/09\/cropped-jyele-1.webp\",\"width\":137,\"height\":60,\"caption\":\"JYIELE\"},\"image\":{\"@id\":\"https:\/\/www.jyiele.com\/#\/schema\/logo\/image\/\"}}]}<\/script>\n<!-- \/ Yoast SEO plugin. -->","yoast_head_json":{"title":"ChinaEconomy Type Caja del panel de control a prueba de agua - Fabricante econ\u00f3mico de la serie A - JYIELE","description":"Elija nuestro armario para panel de control a prueba de agua para un panel de control impermeable. Protecci\u00f3n rentable para sus componentes el\u00e9ctricos.","robots":{"index":"index","follow":"follow","max-snippet":"max-snippet:-1","max-image-preview":"max-image-preview:large","max-video-preview":"max-video-preview:-1"},"canonical":"https:\/\/www.jyiele.com\/es\/product\/water-proof-control-panel-enclosure\/","og_locale":"es_ES","og_type":"article","og_title":"ChinaEconomy Type Water Proof Control Panel Enclosure -A Series Economical Manufacturer - JYIELE","og_description":"Choose our Water Proof Control Panel Enclosure for a waterproof control panel. Cost-effective protection for your electrical components.","og_url":"https:\/\/www.jyiele.com\/es\/product\/water-proof-control-panel-enclosure\/","og_site_name":"JYIELE","article_modified_time":"2025-03-09T11:34:16+00:00","og_image":[{"width":800,"height":800,"url":"https:\/\/www.jyiele.com\/wp-content\/uploads\/2024\/10\/Water-Proof-Control-Panel-Enclosure.webp","type":"image\/webp"}],"twitter_card":"summary_large_image","twitter_misc":{"Tiempo de lectura":"2 minutos"},"schema":{"@context":"https:\/\/schema.org","@graph":[{"@type":"WebPage","@id":"https:\/\/www.jyiele.com\/product\/water-proof-control-panel-enclosure\/","url":"https:\/\/www.jyiele.com\/product\/water-proof-control-panel-enclosure\/","name":"ChinaEconomy Type Caja del panel de control a prueba de agua - Fabricante econ\u00f3mico de la serie A - JYIELE","isPartOf":{"@id":"https:\/\/www.jyiele.com\/#website"},"primaryImageOfPage":{"@id":"https:\/\/www.jyiele.com\/product\/water-proof-control-panel-enclosure\/#primaryimage"},"image":{"@id":"https:\/\/www.jyiele.com\/product\/water-proof-control-panel-enclosure\/#primaryimage"},"thumbnailUrl":"https:\/\/www.jyiele.com\/wp-content\/uploads\/2024\/10\/Water-Proof-Control-Panel-Enclosure.webp","datePublished":"2024-10-16T12:45:56+00:00","dateModified":"2025-03-09T11:34:16+00:00","description":"Elija nuestro armario para panel de control a prueba de agua para un panel de control impermeable. Protecci\u00f3n rentable para sus componentes el\u00e9ctricos.","breadcrumb":{"@id":"https:\/\/www.jyiele.com\/product\/water-proof-control-panel-enclosure\/#breadcrumb"},"inLanguage":"es","potentialAction":[{"@type":"ReadAction","target":["https:\/\/www.jyiele.com\/product\/water-proof-control-panel-enclosure\/"]}]},{"@type":"ImageObject","inLanguage":"es","@id":"https:\/\/www.jyiele.com\/product\/water-proof-control-panel-enclosure\/#primaryimage","url":"https:\/\/www.jyiele.com\/wp-content\/uploads\/2024\/10\/Water-Proof-Control-Panel-Enclosure.webp","contentUrl":"https:\/\/www.jyiele.com\/wp-content\/uploads\/2024\/10\/Water-Proof-Control-Panel-Enclosure.webp","width":800,"height":800,"caption":"Water Proof Control Panel Enclosure"},{"@type":"BreadcrumbList","@id":"https:\/\/www.jyiele.com\/product\/water-proof-control-panel-enclosure\/#breadcrumb","itemListElement":[{"@type":"ListItem","position":1,"name":"Home","item":"https:\/\/www.jyiele.com\/"},{"@type":"ListItem","position":2,"name":"Product","item":"https:\/\/www.jyiele.com\/product\/"},{"@type":"ListItem","position":3,"name":"Waterproof Plastic Enclosure","item":"https:\/\/www.jyiele.com\/ja\/product-category\/waterproof-plastic-enclosure\/"},{"@type":"ListItem","position":4,"name":"Economy Type Water Proof Control Panel Enclosure -A Series Economical"}]},{"@type":"WebSite","@id":"https:\/\/www.jyiele.com\/#website","url":"https:\/\/www.jyiele.com\/","name":"JYIELE","description":"Fabricante de disyuntores de vac\u00edo","publisher":{"@id":"https:\/\/www.jyiele.com\/#organization"},"potentialAction":[{"@type":"SearchAction","target":{"@type":"EntryPoint","urlTemplate":"https:\/\/www.jyiele.com\/?s={search_term_string}"},"query-input":{"@type":"PropertyValueSpecification","valueRequired":true,"valueName":"search_term_string"}}],"inLanguage":"es"},{"@type":"Organization","@id":"https:\/\/www.jyiele.com\/#organization","name":"JYIELE","url":"https:\/\/www.jyiele.com\/","logo":{"@type":"ImageObject","inLanguage":"es","@id":"https:\/\/www.jyiele.com\/#\/schema\/logo\/image\/","url":"https:\/\/www.jyiele.com\/wp-content\/uploads\/2024\/09\/cropped-jyele-1.webp","contentUrl":"https:\/\/www.jyiele.com\/wp-content\/uploads\/2024\/09\/cropped-jyele-1.webp","width":137,"height":60,"caption":"JYIELE"},"image":{"@id":"https:\/\/www.jyiele.com\/#\/schema\/logo\/image\/"}}]}},"_links":{"self":[{"href":"https:\/\/www.jyiele.com\/es\/wp-json\/wp\/v2\/product\/2143","targetHints":{"allow":["GET"]}}],"collection":[{"href":"https:\/\/www.jyiele.com\/es\/wp-json\/wp\/v2\/product"}],"about":[{"href":"https:\/\/www.jyiele.com\/es\/wp-json\/wp\/v2\/types\/product"}],"version-history":[{"count":1,"href":"https:\/\/www.jyiele.com\/es\/wp-json\/wp\/v2\/product\/2143\/revisions"}],"predecessor-version":[{"id":2144,"href":"https:\/\/www.jyiele.com\/es\/wp-json\/wp\/v2\/product\/2143\/revisions\/2144"}],"wp:featuredmedia":[{"embeddable":true,"href":"https:\/\/www.jyiele.com\/es\/wp-json\/wp\/v2\/media\/2145"}],"wp:attachment":[{"href":"https:\/\/www.jyiele.com\/es\/wp-json\/wp\/v2\/media?parent=2143"}],"wp:term":[{"taxonomy":"product_brand","embeddable":true,"href":"https:\/\/www.jyiele.com\/es\/wp-json\/wp\/v2\/product_brand?post=2143"},{"taxonomy":"product_cat","embeddable":true,"href":"https:\/\/www.jyiele.com\/es\/wp-json\/wp\/v2\/product_cat?post=2143"},{"taxonomy":"product_tag","embeddable":true,"href":"https:\/\/www.jyiele.com\/es\/wp-json\/wp\/v2\/product_tag?post=2143"}],"curies":[{"name":"wp","href":"https:\/\/api.w.org\/{rel}","templated":true}]}}