{"id":590,"date":"2022-09-01T08:33:11","date_gmt":"2022-09-01T08:33:11","guid":{"rendered":"https:\/\/jyiele.com\/?post_type=product&#038;p=590"},"modified":"2025-03-09T11:39:13","modified_gmt":"2025-03-09T11:39:13","slug":"outdoor-high-voltage-vacuum-circuit-breaker","status":"publish","type":"product","link":"https:\/\/www.jyiele.com\/es\/product\/outdoor-high-voltage-vacuum-circuit-breaker\/","title":{"rendered":"ZW32-12 Interruptor autom\u00e1tico de vac\u00edo de alta tensi\u00f3n para exteriores"},"content":{"rendered":"<p>El disyuntor de vac\u00edo de CA para exteriores modelo ZW32-12 se utiliza para crear y cortar la corriente de carga, la corriente de sobrecarga y la corriente de cortocircuito en sistemas de alimentaci\u00f3n de 12\/24 kV, 50\/60 Hz. Es aplicable a subestaciones, industria y miner\u00eda, redes el\u00e9ctricas urbanas y rurales, especialmente en situaciones de funcionamiento frecuente y redes de distribuci\u00f3n autom\u00e1tica de energ\u00eda. Cumple con la norma IEC62271-100&amp;GB1984: disyuntor de alta tensi\u00f3n de CA, IEC60694&amp;GB\/T11022: Requisitos t\u00e9cnicos generales de alta tensi\u00f3n para interruptores y aparatos de control.<\/p>\n<p><a href=\"http:\/\/jyiele.com\/wp-content\/uploads\/2024\/09\/High-Voltage-Vacuum-Circuit-Breaker.webp\"><img fetchpriority=\"high\" decoding=\"async\" class=\"alignnone wp-image-766 size-full\" title=\"Interruptor autom\u00e1tico de vac\u00edo de alta tensi\u00f3n\" src=\"http:\/\/jyiele.com\/wp-content\/uploads\/2024\/09\/High-Voltage-Vacuum-Circuit-Breaker.webp\" alt=\"Interruptor autom\u00e1tico de vac\u00edo de alta tensi\u00f3n\" width=\"845\" height=\"340\" srcset=\"https:\/\/www.jyiele.com\/wp-content\/uploads\/2024\/09\/High-Voltage-Vacuum-Circuit-Breaker.webp 845w, https:\/\/www.jyiele.com\/wp-content\/uploads\/2024\/09\/High-Voltage-Vacuum-Circuit-Breaker-300x121.webp 300w, https:\/\/www.jyiele.com\/wp-content\/uploads\/2024\/09\/High-Voltage-Vacuum-Circuit-Breaker-768x309.webp 768w, https:\/\/www.jyiele.com\/wp-content\/uploads\/2024\/09\/High-Voltage-Vacuum-Circuit-Breaker-18x7.webp 18w, https:\/\/www.jyiele.com\/wp-content\/uploads\/2024\/09\/High-Voltage-Vacuum-Circuit-Breaker-600x241.webp 600w\" sizes=\"(max-width: 845px) 100vw, 845px\" \/><\/a><\/p>\n<h2 class=\"wp-block-heading\">Descripci\u00f3n del modelo<\/h2>\n<figure class=\"wp-block-image size-full is-resized\"><img decoding=\"async\" class=\"alignnone wp-image-767 size-full\" title=\"Interruptor autom\u00e1tico de vac\u00edo de alta tensi\u00f3n para exteriores \" src=\"http:\/\/jyiele.com\/wp-content\/uploads\/2024\/09\/Outdoor-High-Voltage-Vacuum-Circuit-Breaker-2.webp\" alt=\"Interruptor autom\u00e1tico de vac\u00edo de alta tensi\u00f3n para exteriores \" width=\"845\" height=\"163\" srcset=\"https:\/\/www.jyiele.com\/wp-content\/uploads\/2024\/09\/Outdoor-High-Voltage-Vacuum-Circuit-Breaker-2.webp 845w, https:\/\/www.jyiele.com\/wp-content\/uploads\/2024\/09\/Outdoor-High-Voltage-Vacuum-Circuit-Breaker-2-300x58.webp 300w, https:\/\/www.jyiele.com\/wp-content\/uploads\/2024\/09\/Outdoor-High-Voltage-Vacuum-Circuit-Breaker-2-768x148.webp 768w, https:\/\/www.jyiele.com\/wp-content\/uploads\/2024\/09\/Outdoor-High-Voltage-Vacuum-Circuit-Breaker-2-18x3.webp 18w, https:\/\/www.jyiele.com\/wp-content\/uploads\/2024\/09\/Outdoor-High-Voltage-Vacuum-Circuit-Breaker-2-600x116.webp 600w\" sizes=\"(max-width: 845px) 100vw, 845px\" \/><\/figure>\n<h2 class=\"wp-block-heading\">Condiciones ambientales<\/h2>\n<p>1.Altitud:&lt;2000mm;<br \/>\n2.Temperatura ambiente:-40\u2103~+45\u2103<br \/>\n3.Velocidad del viento:34m\/s;<br \/>\n4.Intensidad del terremoto:&lt;8 grados;<br \/>\n5.Contaminaci\u00f3n ambiental:IV;<br \/>\nGrosor 6.IceNess:10mm;<br \/>\n7.Las ocasiones aplicables deben estar libres de inflamables, explosivos, corrosivos y vibraciones severas.<\/p>\n<h2 class=\"wp-block-heading\">Par\u00e1metros t\u00e9cnicos<\/h2>\n<figure class=\"wp-block-table\">\n<div class=\"scroll\">\n<table>\n<tbody>\n<tr>\n<td rowspan=\"2\">No<\/td>\n<td colspan=\"3\" rowspan=\"2\">Nombre<\/td>\n<td rowspan=\"2\">Unidad<\/td>\n<td>Datos<\/td>\n<\/tr>\n<tr>\n<td>12kV<\/td>\n<\/tr>\n<tr>\n<td>\u00a0 1<\/td>\n<td colspan=\"3\">Tensi\u00f3n nominal<\/td>\n<td>kV<\/td>\n<td>12<\/td>\n<\/tr>\n<tr>\n<td>\u00a0 2<\/td>\n<td colspan=\"3\">Corriente nominal<\/td>\n<td>A<\/td>\n<td>630\u30011250<\/td>\n<\/tr>\n<tr>\n<td rowspan=\"2\">3<\/td>\n<td rowspan=\"3\">Rated<br \/>\naislante<br \/>\nnivel<\/td>\n<td rowspan=\"2\">1min.PF tensi\u00f3n soportada<\/td>\n<td>seco<\/td>\n<td rowspan=\"2\">kV<\/td>\n<td>a trav\u00e9s abierto:42 contactos:48<\/td>\n<\/tr>\n<tr>\n<td>h\u00famedo<\/td>\n<td>34<\/td>\n<\/tr>\n<tr>\n<td>\u00a0 4<\/td>\n<td colspan=\"2\">Tensi\u00f3n soportada por el impulso del rayo (pico)<\/td>\n<td>kV<\/td>\n<td>Interfase, a tierra 75, ruptura 85<\/td>\n<\/tr>\n<tr>\n<td>\u00a0 5<\/td>\n<td colspan=\"3\">Corriente nominal de corte en cortocircuito<\/td>\n<td>kA<\/td>\n<td>20\u300125<\/td>\n<\/tr>\n<tr>\n<td>\u00a0 6<\/td>\n<td colspan=\"3\">Corriente nominal de cortocircuito (pico)<\/td>\n<td>kA<\/td>\n<td>50\u300163<\/td>\n<\/tr>\n<tr>\n<td>\u00a0 7<\/td>\n<td colspan=\"3\">Corriente nominal de pico soportada<\/td>\n<td>kA<\/td>\n<td>50\u300163<\/td>\n<\/tr>\n<tr>\n<td>\u00a0 8<\/td>\n<td colspan=\"3\">Corriente nominal de corta duraci\u00f3n de 4 s<\/td>\n<td>kA<\/td>\n<td>20\u300125<\/td>\n<\/tr>\n<tr>\n<td>\u00a0 9<\/td>\n<td colspan=\"3\">Secuencia de funcionamiento nominal<\/td>\n<td><\/td>\n<td>O-0,3s-CO-180s-CO<\/td>\n<\/tr>\n<tr>\n<td>\u00a0 10<\/td>\n<td colspan=\"3\">Tiempos de corte de la corriente asignada de corte en cortocircuito<\/td>\n<td>\u6b21times<\/td>\n<td>30<\/td>\n<\/tr>\n<tr>\n<td>\u00a0 11<\/td>\n<td colspan=\"3\">Duraci\u00f3n mec\u00e1nica<\/td>\n<td>\u6b21times<\/td>\n<td>10000<\/td>\n<\/tr>\n<tr>\n<td>\u00a0 12<\/td>\n<td colspan=\"3\">Tensi\u00f3n nominal del motor de almacenamiento de energ\u00eda<\/td>\n<td>V<\/td>\n<td>DC o AC220\u3001DC110\u300148\u300124<\/td>\n<\/tr>\n<tr>\n<td>\u00a0 13<\/td>\n<td colspan=\"3\">Tensi\u00f3n nominal de funcionamiento<\/td>\n<td>V<\/td>\n<td>DCo AC220\u3001DC110\u300148\u300124<\/td>\n<\/tr>\n<tr>\n<td>\u00a0 14<\/td>\n<td colspan=\"3\">Abrasiones Grosor de los contactos<\/td>\n<td>mm<\/td>\n<td>3<\/td>\n<\/tr>\n<tr>\n<td>\u00a0 15<\/td>\n<td colspan=\"3\">Corriente nominal del rel\u00e9 de sobreintensidad<\/td>\n<td>A<\/td>\n<td>5<\/td>\n<\/tr>\n<tr>\n<td>\u00a0 16<\/td>\n<td colspan=\"3\">Relaci\u00f3n del transformador de corriente<\/td>\n<td><\/td>\n<td>200\/5,400\/5,600\/5<br \/>\nGrado de protecci\u00f3n:Clase III,Clase:0,5)<\/td>\n<\/tr>\n<\/tbody>\n<\/table>\n<\/div>\n<\/figure>\n<h2 class=\"wp-block-heading\">Esquema de dimensiones e instalaci\u00f3n<\/h2>\n<figure class=\"wp-block-image size-full\"><img decoding=\"async\" class=\"alignnone wp-image-768 size-full\" title=\"ZW32-12\" src=\"http:\/\/jyiele.com\/wp-content\/uploads\/2024\/09\/ZW32-12-03.webp\" alt=\"ZW32-12\" width=\"845\" height=\"504\" srcset=\"https:\/\/www.jyiele.com\/wp-content\/uploads\/2024\/09\/ZW32-12-03.webp 845w, https:\/\/www.jyiele.com\/wp-content\/uploads\/2024\/09\/ZW32-12-03-300x179.webp 300w, https:\/\/www.jyiele.com\/wp-content\/uploads\/2024\/09\/ZW32-12-03-768x458.webp 768w, https:\/\/www.jyiele.com\/wp-content\/uploads\/2024\/09\/ZW32-12-03-18x12.webp 18w, https:\/\/www.jyiele.com\/wp-content\/uploads\/2024\/09\/ZW32-12-03-600x358.webp 600w\" sizes=\"(max-width: 845px) 100vw, 845px\" \/><\/figure>","protected":false},"excerpt":{"rendered":"<p>El disyuntor de vac\u00edo de alta tensi\u00f3n para exteriores ZW32-12 es un equipo de distribuci\u00f3n de alta tensi\u00f3n para exteriores con una tensi\u00f3n nominal de 12 kV y CA trif\u00e1sica de 50 Hz. Se utiliza principalmente para cortar y cerrar la corriente de carga, la corriente de sobrecarga y la corriente de cortocircuito en los sistemas de energ\u00eda.<\/p>","protected":false},"featured_media":742,"template":"","meta":{"site-sidebar-layout":"default","site-content-layout":"","ast-site-content-layout":"default","site-content-style":"default","site-sidebar-style":"default","ast-global-header-display":"","ast-banner-title-visibility":"","ast-main-header-display":"","ast-hfb-above-header-display":"","ast-hfb-below-header-display":"","ast-hfb-mobile-header-display":"","site-post-title":"","ast-breadcrumbs-content":"","ast-featured-img":"","footer-sml-layout":"","ast-disable-related-posts":"","theme-transparent-header-meta":"default","adv-header-id-meta":"","stick-header-meta":"","header-above-stick-meta":"","header-main-stick-meta":"","header-below-stick-meta":"","astra-migrate-meta-layouts":"set","ast-page-background-enabled":"default","ast-page-background-meta":{"desktop":{"background-color":"var(--ast-global-color-4)","background-image":"","background-repeat":"repeat","background-position":"center center","background-size":"auto","background-attachment":"scroll","background-type":"","background-media":"","overlay-type":"","overlay-color":"","overlay-opacity":"","overlay-gradient":""},"tablet":{"background-color":"","background-image":"","background-repeat":"repeat","background-position":"center center","background-size":"auto","background-attachment":"scroll","background-type":"","background-media":"","overlay-type":"","overlay-color":"","overlay-opacity":"","overlay-gradient":""},"mobile":{"background-color":"","background-image":"","background-repeat":"repeat","background-position":"center center","background-size":"auto","background-attachment":"scroll","background-type":"","background-media":"","overlay-type":"","overlay-color":"","overlay-opacity":"","overlay-gradient":""}},"ast-content-background-meta":{"desktop":{"background-color":"var(--ast-global-color-5)","background-image":"","background-repeat":"repeat","background-position":"center center","background-size":"auto","background-attachment":"scroll","background-type":"","background-media":"","overlay-type":"","overlay-color":"","overlay-opacity":"","overlay-gradient":""},"tablet":{"background-color":"var(--ast-global-color-5)","background-image":"","background-repeat":"repeat","background-position":"center center","background-size":"auto","background-attachment":"scroll","background-type":"","background-media":"","overlay-type":"","overlay-color":"","overlay-opacity":"","overlay-gradient":""},"mobile":{"background-color":"var(--ast-global-color-5)","background-image":"","background-repeat":"repeat","background-position":"center center","background-size":"auto","background-attachment":"scroll","background-type":"","background-media":"","overlay-type":"","overlay-color":"","overlay-opacity":"","overlay-gradient":""}}},"product_brand":[],"product_cat":[26],"product_tag":[],"class_list":{"0":"post-590","1":"product","2":"type-product","3":"status-publish","4":"has-post-thumbnail","6":"product_cat-vacuum-circuit-breaker","7":"desktop-align-left","8":"tablet-align-left","9":"mobile-align-left","11":"first","12":"instock","13":"shipping-taxable","14":"product-type-simple"},"yoast_head":"<!-- This site is optimized with the Yoast SEO plugin v24.8.1 - https:\/\/yoast.com\/wordpress\/plugins\/seo\/ -->\n<title>ZW32-12 Outdoor High Voltage Vacuum Circuit Breaker - JYIELE<\/title>\n<meta name=\"robots\" content=\"index, follow, max-snippet:-1, max-image-preview:large, max-video-preview:-1\" \/>\n<link rel=\"canonical\" href=\"https:\/\/www.jyiele.com\/es\/product\/outdoor-high-voltage-vacuum-circuit-breaker\/\" \/>\n<meta property=\"og:locale\" content=\"es_ES\" \/>\n<meta property=\"og:type\" content=\"article\" \/>\n<meta property=\"og:title\" content=\"ZW32-12 Outdoor High Voltage Vacuum Circuit Breaker - JYIELE\" \/>\n<meta property=\"og:description\" content=\"ZW32-12 outdoor high-voltage vacuum circuit breaker is an outdoor high-voltage distribution equipment with a rated voltage of 12kV and three-phase AC 50Hz. Mainly used for breaking and closing load current, overload current, and short-circuit current in power systems.\" \/>\n<meta property=\"og:url\" content=\"https:\/\/www.jyiele.com\/es\/product\/outdoor-high-voltage-vacuum-circuit-breaker\/\" \/>\n<meta property=\"og:site_name\" content=\"JYIELE\" \/>\n<meta property=\"article:modified_time\" content=\"2025-03-09T11:39:13+00:00\" \/>\n<meta property=\"og:image\" content=\"https:\/\/www.jyiele.com\/wp-content\/uploads\/2024\/09\/Outdoor-High-Voltage-Vacuum-Circuit-Breaker.webp\" \/>\n\t<meta property=\"og:image:width\" content=\"650\" \/>\n\t<meta property=\"og:image:height\" content=\"650\" \/>\n\t<meta property=\"og:image:type\" content=\"image\/webp\" \/>\n<meta name=\"twitter:card\" content=\"summary_large_image\" \/>\n<meta name=\"twitter:label1\" content=\"Tiempo de lectura\" \/>\n\t<meta name=\"twitter:data1\" content=\"2 minutos\" \/>\n<script type=\"application\/ld+json\" class=\"yoast-schema-graph\">{\"@context\":\"https:\/\/schema.org\",\"@graph\":[{\"@type\":\"WebPage\",\"@id\":\"https:\/\/www.jyiele.com\/product\/outdoor-high-voltage-vacuum-circuit-breaker\/\",\"url\":\"https:\/\/www.jyiele.com\/product\/outdoor-high-voltage-vacuum-circuit-breaker\/\",\"name\":\"ZW32-12 Outdoor High Voltage Vacuum Circuit Breaker - JYIELE\",\"isPartOf\":{\"@id\":\"https:\/\/www.jyiele.com\/#website\"},\"primaryImageOfPage\":{\"@id\":\"https:\/\/www.jyiele.com\/product\/outdoor-high-voltage-vacuum-circuit-breaker\/#primaryimage\"},\"image\":{\"@id\":\"https:\/\/www.jyiele.com\/product\/outdoor-high-voltage-vacuum-circuit-breaker\/#primaryimage\"},\"thumbnailUrl\":\"https:\/\/www.jyiele.com\/wp-content\/uploads\/2024\/09\/Outdoor-High-Voltage-Vacuum-Circuit-Breaker.webp\",\"datePublished\":\"2022-09-01T08:33:11+00:00\",\"dateModified\":\"2025-03-09T11:39:13+00:00\",\"breadcrumb\":{\"@id\":\"https:\/\/www.jyiele.com\/product\/outdoor-high-voltage-vacuum-circuit-breaker\/#breadcrumb\"},\"inLanguage\":\"es\",\"potentialAction\":[{\"@type\":\"ReadAction\",\"target\":[\"https:\/\/www.jyiele.com\/product\/outdoor-high-voltage-vacuum-circuit-breaker\/\"]}]},{\"@type\":\"ImageObject\",\"inLanguage\":\"es\",\"@id\":\"https:\/\/www.jyiele.com\/product\/outdoor-high-voltage-vacuum-circuit-breaker\/#primaryimage\",\"url\":\"https:\/\/www.jyiele.com\/wp-content\/uploads\/2024\/09\/Outdoor-High-Voltage-Vacuum-Circuit-Breaker.webp\",\"contentUrl\":\"https:\/\/www.jyiele.com\/wp-content\/uploads\/2024\/09\/Outdoor-High-Voltage-Vacuum-Circuit-Breaker.webp\",\"width\":650,\"height\":650,\"caption\":\"Outdoor High Voltage Vacuum Circuit Breaker\"},{\"@type\":\"BreadcrumbList\",\"@id\":\"https:\/\/www.jyiele.com\/product\/outdoor-high-voltage-vacuum-circuit-breaker\/#breadcrumb\",\"itemListElement\":[{\"@type\":\"ListItem\",\"position\":1,\"name\":\"Home\",\"item\":\"https:\/\/www.jyiele.com\/\"},{\"@type\":\"ListItem\",\"position\":2,\"name\":\"Product\",\"item\":\"https:\/\/www.jyiele.com\/product\/\"},{\"@type\":\"ListItem\",\"position\":3,\"name\":\"Vacuum Circuit Breaker\",\"item\":\"https:\/\/www.jyiele.com\/product-category\/vacuum-circuit-breaker\/\"},{\"@type\":\"ListItem\",\"position\":4,\"name\":\"ZW32-12 Outdoor High Voltage Vacuum Circuit Breaker\"}]},{\"@type\":\"WebSite\",\"@id\":\"https:\/\/www.jyiele.com\/#website\",\"url\":\"https:\/\/www.jyiele.com\/\",\"name\":\"JYIELE\",\"description\":\"Vacuum Circuit Breaker manufacturer\",\"publisher\":{\"@id\":\"https:\/\/www.jyiele.com\/#organization\"},\"potentialAction\":[{\"@type\":\"SearchAction\",\"target\":{\"@type\":\"EntryPoint\",\"urlTemplate\":\"https:\/\/www.jyiele.com\/?s={search_term_string}\"},\"query-input\":{\"@type\":\"PropertyValueSpecification\",\"valueRequired\":true,\"valueName\":\"search_term_string\"}}],\"inLanguage\":\"es\"},{\"@type\":\"Organization\",\"@id\":\"https:\/\/www.jyiele.com\/#organization\",\"name\":\"JYIELE\",\"url\":\"https:\/\/www.jyiele.com\/\",\"logo\":{\"@type\":\"ImageObject\",\"inLanguage\":\"es\",\"@id\":\"https:\/\/www.jyiele.com\/#\/schema\/logo\/image\/\",\"url\":\"https:\/\/www.jyiele.com\/wp-content\/uploads\/2024\/09\/cropped-jyele-1.webp\",\"contentUrl\":\"https:\/\/www.jyiele.com\/wp-content\/uploads\/2024\/09\/cropped-jyele-1.webp\",\"width\":137,\"height\":60,\"caption\":\"JYIELE\"},\"image\":{\"@id\":\"https:\/\/www.jyiele.com\/#\/schema\/logo\/image\/\"}}]}<\/script>\n<!-- \/ Yoast SEO plugin. -->","yoast_head_json":{"title":"ZW32-12 Interruptor autom\u00e1tico de vac\u00edo de alta tensi\u00f3n para exteriores - JYIELE","robots":{"index":"index","follow":"follow","max-snippet":"max-snippet:-1","max-image-preview":"max-image-preview:large","max-video-preview":"max-video-preview:-1"},"canonical":"https:\/\/www.jyiele.com\/es\/product\/outdoor-high-voltage-vacuum-circuit-breaker\/","og_locale":"es_ES","og_type":"article","og_title":"ZW32-12 Outdoor High Voltage Vacuum Circuit Breaker - JYIELE","og_description":"ZW32-12 outdoor high-voltage vacuum circuit breaker is an outdoor high-voltage distribution equipment with a rated voltage of 12kV and three-phase AC 50Hz. Mainly used for breaking and closing load current, overload current, and short-circuit current in power systems.","og_url":"https:\/\/www.jyiele.com\/es\/product\/outdoor-high-voltage-vacuum-circuit-breaker\/","og_site_name":"JYIELE","article_modified_time":"2025-03-09T11:39:13+00:00","og_image":[{"width":650,"height":650,"url":"https:\/\/www.jyiele.com\/wp-content\/uploads\/2024\/09\/Outdoor-High-Voltage-Vacuum-Circuit-Breaker.webp","type":"image\/webp"}],"twitter_card":"summary_large_image","twitter_misc":{"Tiempo de lectura":"2 minutos"},"schema":{"@context":"https:\/\/schema.org","@graph":[{"@type":"WebPage","@id":"https:\/\/www.jyiele.com\/product\/outdoor-high-voltage-vacuum-circuit-breaker\/","url":"https:\/\/www.jyiele.com\/product\/outdoor-high-voltage-vacuum-circuit-breaker\/","name":"ZW32-12 Interruptor autom\u00e1tico de vac\u00edo de alta tensi\u00f3n para exteriores - JYIELE","isPartOf":{"@id":"https:\/\/www.jyiele.com\/#website"},"primaryImageOfPage":{"@id":"https:\/\/www.jyiele.com\/product\/outdoor-high-voltage-vacuum-circuit-breaker\/#primaryimage"},"image":{"@id":"https:\/\/www.jyiele.com\/product\/outdoor-high-voltage-vacuum-circuit-breaker\/#primaryimage"},"thumbnailUrl":"https:\/\/www.jyiele.com\/wp-content\/uploads\/2024\/09\/Outdoor-High-Voltage-Vacuum-Circuit-Breaker.webp","datePublished":"2022-09-01T08:33:11+00:00","dateModified":"2025-03-09T11:39:13+00:00","breadcrumb":{"@id":"https:\/\/www.jyiele.com\/product\/outdoor-high-voltage-vacuum-circuit-breaker\/#breadcrumb"},"inLanguage":"es","potentialAction":[{"@type":"ReadAction","target":["https:\/\/www.jyiele.com\/product\/outdoor-high-voltage-vacuum-circuit-breaker\/"]}]},{"@type":"ImageObject","inLanguage":"es","@id":"https:\/\/www.jyiele.com\/product\/outdoor-high-voltage-vacuum-circuit-breaker\/#primaryimage","url":"https:\/\/www.jyiele.com\/wp-content\/uploads\/2024\/09\/Outdoor-High-Voltage-Vacuum-Circuit-Breaker.webp","contentUrl":"https:\/\/www.jyiele.com\/wp-content\/uploads\/2024\/09\/Outdoor-High-Voltage-Vacuum-Circuit-Breaker.webp","width":650,"height":650,"caption":"Outdoor High Voltage Vacuum Circuit Breaker"},{"@type":"BreadcrumbList","@id":"https:\/\/www.jyiele.com\/product\/outdoor-high-voltage-vacuum-circuit-breaker\/#breadcrumb","itemListElement":[{"@type":"ListItem","position":1,"name":"Home","item":"https:\/\/www.jyiele.com\/"},{"@type":"ListItem","position":2,"name":"Product","item":"https:\/\/www.jyiele.com\/product\/"},{"@type":"ListItem","position":3,"name":"Vacuum Circuit Breaker","item":"https:\/\/www.jyiele.com\/product-category\/vacuum-circuit-breaker\/"},{"@type":"ListItem","position":4,"name":"ZW32-12 Outdoor High Voltage Vacuum Circuit Breaker"}]},{"@type":"WebSite","@id":"https:\/\/www.jyiele.com\/#website","url":"https:\/\/www.jyiele.com\/","name":"JYIELE","description":"Fabricante de disyuntores de vac\u00edo","publisher":{"@id":"https:\/\/www.jyiele.com\/#organization"},"potentialAction":[{"@type":"SearchAction","target":{"@type":"EntryPoint","urlTemplate":"https:\/\/www.jyiele.com\/?s={search_term_string}"},"query-input":{"@type":"PropertyValueSpecification","valueRequired":true,"valueName":"search_term_string"}}],"inLanguage":"es"},{"@type":"Organization","@id":"https:\/\/www.jyiele.com\/#organization","name":"JYIELE","url":"https:\/\/www.jyiele.com\/","logo":{"@type":"ImageObject","inLanguage":"es","@id":"https:\/\/www.jyiele.com\/#\/schema\/logo\/image\/","url":"https:\/\/www.jyiele.com\/wp-content\/uploads\/2024\/09\/cropped-jyele-1.webp","contentUrl":"https:\/\/www.jyiele.com\/wp-content\/uploads\/2024\/09\/cropped-jyele-1.webp","width":137,"height":60,"caption":"JYIELE"},"image":{"@id":"https:\/\/www.jyiele.com\/#\/schema\/logo\/image\/"}}]}},"_links":{"self":[{"href":"https:\/\/www.jyiele.com\/es\/wp-json\/wp\/v2\/product\/590","targetHints":{"allow":["GET"]}}],"collection":[{"href":"https:\/\/www.jyiele.com\/es\/wp-json\/wp\/v2\/product"}],"about":[{"href":"https:\/\/www.jyiele.com\/es\/wp-json\/wp\/v2\/types\/product"}],"version-history":[{"count":2,"href":"https:\/\/www.jyiele.com\/es\/wp-json\/wp\/v2\/product\/590\/revisions"}],"predecessor-version":[{"id":1480,"href":"https:\/\/www.jyiele.com\/es\/wp-json\/wp\/v2\/product\/590\/revisions\/1480"}],"wp:featuredmedia":[{"embeddable":true,"href":"https:\/\/www.jyiele.com\/es\/wp-json\/wp\/v2\/media\/742"}],"wp:attachment":[{"href":"https:\/\/www.jyiele.com\/es\/wp-json\/wp\/v2\/media?parent=590"}],"wp:term":[{"taxonomy":"product_brand","embeddable":true,"href":"https:\/\/www.jyiele.com\/es\/wp-json\/wp\/v2\/product_brand?post=590"},{"taxonomy":"product_cat","embeddable":true,"href":"https:\/\/www.jyiele.com\/es\/wp-json\/wp\/v2\/product_cat?post=590"},{"taxonomy":"product_tag","embeddable":true,"href":"https:\/\/www.jyiele.com\/es\/wp-json\/wp\/v2\/product_tag?post=590"}],"curies":[{"name":"wp","href":"https:\/\/api.w.org\/{rel}","templated":true}]}}