{"id":1220,"date":"2022-09-16T12:45:25","date_gmt":"2022-09-16T12:45:25","guid":{"rendered":"https:\/\/www.jy-electric.com\/?post_type=product&#038;p=1220"},"modified":"2025-03-09T11:38:51","modified_gmt":"2025-03-09T11:38:51","slug":"zn85-40-5-high-voltage-vacuum-circuit-breaker","status":"publish","type":"product","link":"https:\/\/www.jyiele.com\/fr\/product\/zn85-40-5-high-voltage-vacuum-circuit-breaker\/","title":{"rendered":"ZN85-40.5 Disjoncteur \u00e0 vide haute tension"},"content":{"rendered":"<h2>Description<\/h2>\n<p>Le ZN85 est un disjoncteur \u00e0 vide haute tension avec une fr\u00e9quence de 50Hz et une tension nominale de 40,5kV. Il convient parfaitement aux entreprises industrielles et mini\u00e8res, aux centrales \u00e9lectriques et aux sous-stations qui doivent fonctionner fr\u00e9quemment. Ses performances stables et sa facilit\u00e9 d'installation en font un choix id\u00e9al pour le contr\u00f4le et la protection des syst\u00e8mes de transmission et de distribution \u00e0 haute tension.<\/p>\n<h2>Produit standard<\/h2>\n<p>Le disjoncteur \u00e0 vide haute tension ZN85-40.5 est conforme aux normes suivantes :<\/p>\n<p>IEC 62271-100 Disjoncteur AC haute tension<br \/>\nGB\/T 11022-2011 Standard General Specification for High Voltage Switchgear and Controlgear (Sp\u00e9cification g\u00e9n\u00e9rale pour l'appareillage de commutation et de commande \u00e0 haute tension)<br \/>\nGB 1984 Disjoncteur haute tension \u00e0 courant alternatif<br \/>\nGB 311.1 Coordination de l'isolation des \u00e9quipements de transmission et de distribution d'\u00e9nergie \u00e0 haute tension<\/p>\n<h2>Conditions de travail<\/h2>\n<p>Conditions normales de fonctionnement :<br \/>\nTemp\u00e9rature ambiante : -40\u2103 \u00e0 +40\u2103 (temp\u00e9rature inf\u00e9rieure \u00e0 35\u2103 dans les 24 heures).<br \/>\nHumidit\u00e9 relative : \u226495% (moyenne journali\u00e8re) ou \u226490% (moyenne mensuelle)<br \/>\nAltitude : \u22641000 m\u00e8tres<\/p>\n<h2 class=\"wp-block-heading\">Param\u00e8tres techniques<\/h2>\n<h3>1.1 Param\u00e8tres techniques<\/h3>\n<figure class=\"wp-block-table\">\n<div class=\"scroll\">\n<table>\n<tbody>\n<tr>\n<td colspan=\"2\">Poste Unit\u00e9<\/td>\n<td>Valeur de r\u00e9f\u00e9rence<\/td>\n<\/tr>\n<tr>\n<td>\u00a0\u00a0\u00a0 \u00c9valu\u00e9 par yoltag<\/td>\n<td>kV<\/td>\n<td>40.5<\/td>\n<\/tr>\n<tr>\n<td>Tension de r\u00e9sistance aux chocs de foudre<\/td>\n<td>kV<\/td>\n<td>185<\/td>\n<\/tr>\n<tr>\n<td>\u00a0\u00a0\u00a0 Niveau d'isolation nominale Tension de tenue \u00e0 la fr\u00e9quence de puissance 1min<\/td>\n<td>kV<\/td>\n<td>95<\/td>\n<\/tr>\n<tr>\n<td>\u00a0\u00a0\u00a0 Fr\u00e9quence nominale,<\/td>\n<td>Hz<\/td>\n<td>50\/60<\/td>\n<\/tr>\n<tr>\n<td>\u00a0\u00a0\u00a0 Courant nominal<\/td>\n<td>A<\/td>\n<td>630\/1250\/1600\/2000\/2500\/3150<\/td>\n<\/tr>\n<tr>\n<td>\u00a0\u00a0\u00a0 Courant nominal de rupture en court-circuit<\/td>\n<td>kA<\/td>\n<td>20\/25\/31.5<\/td>\n<\/tr>\n<tr>\n<td>\u00a0\u00a0\u00a0 Courant nominal de court-circuit (valeur de cr\u00eate)<\/td>\n<td>kA<\/td>\n<td>506,380<\/td>\n<\/tr>\n<tr>\n<td>\u00a0\u00a0\u00a0 Courant nominal de courte dur\u00e9e<\/td>\n<td>kA<\/td>\n<td>20\/25\/31.5<\/td>\n<\/tr>\n<tr>\n<td>\u00a0\u00a0\u00a0 Courant de r\u00e9sistance nominal (valeur de cr\u00eate)<\/td>\n<td>kA<\/td>\n<td>506,380<\/td>\n<\/tr>\n<tr>\n<td>\u00a0\u00a0\u00a0 S\u00e9quence d'op\u00e9rations requise<\/td>\n<td><\/td>\n<td>0-0,3s-CO-180s-CO<\/td>\n<\/tr>\n<tr>\n<td>\u00a0\u00a0\u00a0 Dur\u00e9e nominale de court-circuit<\/td>\n<td>5<\/td>\n<td>4<\/td>\n<\/tr>\n<tr>\n<td>\u00a0\u00a0\u00a0 Temps de r\u00e9alisation et de rupture avec le courant de court-circuit nominal<\/td>\n<td>L'heure<\/td>\n<td>30<\/td>\n<\/tr>\n<tr>\n<td>\u00a0\u00a0\u00a0 Dur\u00e9e de vie m\u00e9canique<\/td>\n<td><\/td>\n<td>Niveau M2<\/td>\n<\/tr>\n<tr>\n<td>\u00a0\u00a0\u00a0 Peser<\/td>\n<td>kg<\/td>\n<td>350<\/td>\n<\/tr>\n<\/tbody>\n<\/table>\n<\/div>\n<\/figure>\n<h3 class=\"wp-block-heading\">1.2 Param\u00e8tres m\u00e9caniques<\/h3>\n<figure class=\"wp-block-table\">\n<div class=\"scroll\">\n<table>\n<tbody>\n<tr>\n<td>\u00a0 ltem<\/td>\n<td>Unit\u00e9<\/td>\n<td>Valeur de r\u00e9f\u00e9rence<\/td>\n<\/tr>\n<tr>\n<td>\u00a0 Lacunes dans les contacts<\/td>\n<td>mm<\/td>\n<td>20\u00b12<\/td>\n<\/tr>\n<tr>\n<td>\u00a0\u00a0 Contacter overtravel<\/td>\n<td>mm<\/td>\n<td>6\u00b11<\/td>\n<\/tr>\n<tr>\n<td>\u00a0 Vitesse moyenne de fabrication<\/td>\n<td>m\/s<\/td>\n<td>0.6\u00b10.2<\/td>\n<\/tr>\n<tr>\n<td>\u00a0 Vitesse de rupture moyenne<\/td>\n<td>m\/s<\/td>\n<td>1.5~2.0<\/td>\n<\/tr>\n<tr>\n<td>\u00a0 Temps de rebond dans la prise de contact<\/td>\n<td>ms<\/td>\n<td>\u22643<\/td>\n<\/tr>\n<tr>\n<td>\u00a0 \u00c9tablissement\/rupture de contact non synchrone<\/td>\n<td>ms<\/td>\n<td>\u22642<\/td>\n<\/tr>\n<tr>\n<td>\u00a0 R\u00e9sistance du circuit de chaque phase<\/td>\n<td>\u03bc Q<\/td>\n<td>\u226480<\/td>\n<\/tr>\n<tr>\n<td>\u00a0 Epaisseur totale d'usure admissible du contact mobile\/fixe<\/td>\n<td>mm<\/td>\n<td>3<\/td>\n<\/tr>\n<\/tbody>\n<\/table>\n<\/div>\n<\/figure>\n<h2 class=\"wp-block-heading\">Dimensions d'encombrement et d'installation<\/h2>\n<p>Dimension globale du ZN85-40.5(chariot \u00e0 main \u00e0 cylindre isolant)disjoncteur int\u00e9rieur \u00e0 courant alternatif haute tension<\/p>\n<figure class=\"wp-block-image size-full\"><img fetchpriority=\"high\" decoding=\"async\" class=\"alignnone wp-image-1224 size-full\" src=\"https:\/\/www.jy-electric.com\/wp-content\/uploads\/2024\/09\/voltage-vacuum-circuit-breaker.webp\" alt=\"disjoncteur de tension-vide\" width=\"799\" height=\"473\" srcset=\"https:\/\/www.jyiele.com\/wp-content\/uploads\/2024\/09\/voltage-vacuum-circuit-breaker.webp 799w, https:\/\/www.jyiele.com\/wp-content\/uploads\/2024\/09\/voltage-vacuum-circuit-breaker-300x178.webp 300w, https:\/\/www.jyiele.com\/wp-content\/uploads\/2024\/09\/voltage-vacuum-circuit-breaker-768x455.webp 768w, https:\/\/www.jyiele.com\/wp-content\/uploads\/2024\/09\/voltage-vacuum-circuit-breaker-18x12.webp 18w, https:\/\/www.jyiele.com\/wp-content\/uploads\/2024\/09\/voltage-vacuum-circuit-breaker-600x355.webp 600w\" sizes=\"(max-width: 799px) 100vw, 799px\" \/><\/figure>\n<figure class=\"wp-block-table\">\n<div class=\"scroll\">\n<table>\n<tbody>\n<tr>\n<td>\u00a0\u00a0 Courant nominal (A)<\/td>\n<td>630<\/td>\n<td>1250<\/td>\n<td>1600<\/td>\n<td>2000<\/td>\n<td>\u00a0\u00a0\u00a0 2500<\/td>\n<\/tr>\n<tr>\n<td>\u00a0\u00a0 Courant de rupture nominal (kA)<\/td>\n<td>202,531.5<\/td>\n<td>202,531.5<\/td>\n<td>2,531.5<\/td>\n<td>31.5<\/td>\n<td>\u00a0\u00a0\u00a0 31.5<\/td>\n<\/tr>\n<tr>\n<td>\u00a0\u00a0 Taille du contact fixe D(mm)<\/td>\n<td>\u03c635<\/td>\n<td>\u03c649<\/td>\n<td>\u4e2d55<\/td>\n<td>\u03c679<\/td>\n<td>\u00a0\u00a0\u00a0 \u03c6109<\/td>\n<\/tr>\n<tr>\n<td>\u00a0\u00a0 Distance interphase (mm)<\/td>\n<td colspan=\"5\">300\u00b11.5<\/td>\n<\/tr>\n<tr>\n<td>\u00a0\u00a0 D\u00e9placement de la charrette \u00e0 bras (mm)<\/td>\n<td colspan=\"5\">610\u00b12<\/td>\n<\/tr>\n<\/tbody>\n<\/table>\n<\/div>\n<\/figure>","protected":false},"excerpt":{"rendered":"<p>Le ZN85-40.5 est un type de disjoncteur \u00e0 vide haute tension \u00e0 usage int\u00e9rieur, qui convient au syst\u00e8me d'alimentation AC 50Hz et 35kV. Il est principalement utilis\u00e9 pour les \u00e9quipements de protection et de contr\u00f4le dans les centrales \u00e9lectriques, les sous-stations et autres lieux.<\/p>","protected":false},"featured_media":1222,"template":"","meta":{"site-sidebar-layout":"default","site-content-layout":"","ast-site-content-layout":"default","site-content-style":"default","site-sidebar-style":"default","ast-global-header-display":"","ast-banner-title-visibility":"","ast-main-header-display":"","ast-hfb-above-header-display":"","ast-hfb-below-header-display":"","ast-hfb-mobile-header-display":"","site-post-title":"","ast-breadcrumbs-content":"","ast-featured-img":"","footer-sml-layout":"","ast-disable-related-posts":"","theme-transparent-header-meta":"default","adv-header-id-meta":"","stick-header-meta":"","header-above-stick-meta":"","header-main-stick-meta":"","header-below-stick-meta":"","astra-migrate-meta-layouts":"set","ast-page-background-enabled":"default","ast-page-background-meta":{"desktop":{"background-color":"var(--ast-global-color-4)","background-image":"","background-repeat":"repeat","background-position":"center center","background-size":"auto","background-attachment":"scroll","background-type":"","background-media":"","overlay-type":"","overlay-color":"","overlay-opacity":"","overlay-gradient":""},"tablet":{"background-color":"","background-image":"","background-repeat":"repeat","background-position":"center center","background-size":"auto","background-attachment":"scroll","background-type":"","background-media":"","overlay-type":"","overlay-color":"","overlay-opacity":"","overlay-gradient":""},"mobile":{"background-color":"","background-image":"","background-repeat":"repeat","background-position":"center center","background-size":"auto","background-attachment":"scroll","background-type":"","background-media":"","overlay-type":"","overlay-color":"","overlay-opacity":"","overlay-gradient":""}},"ast-content-background-meta":{"desktop":{"background-color":"var(--ast-global-color-5)","background-image":"","background-repeat":"repeat","background-position":"center center","background-size":"auto","background-attachment":"scroll","background-type":"","background-media":"","overlay-type":"","overlay-color":"","overlay-opacity":"","overlay-gradient":""},"tablet":{"background-color":"var(--ast-global-color-5)","background-image":"","background-repeat":"repeat","background-position":"center center","background-size":"auto","background-attachment":"scroll","background-type":"","background-media":"","overlay-type":"","overlay-color":"","overlay-opacity":"","overlay-gradient":""},"mobile":{"background-color":"var(--ast-global-color-5)","background-image":"","background-repeat":"repeat","background-position":"center center","background-size":"auto","background-attachment":"scroll","background-type":"","background-media":"","overlay-type":"","overlay-color":"","overlay-opacity":"","overlay-gradient":""}}},"product_brand":[],"product_cat":[26],"product_tag":[],"class_list":{"0":"post-1220","1":"product","2":"type-product","3":"status-publish","4":"has-post-thumbnail","6":"product_cat-vacuum-circuit-breaker","7":"desktop-align-left","8":"tablet-align-left","9":"mobile-align-left","11":"first","12":"instock","13":"shipping-taxable","14":"product-type-simple"},"yoast_head":"<!-- This site is optimized with the Yoast SEO plugin v24.8.1 - https:\/\/yoast.com\/wordpress\/plugins\/seo\/ -->\n<title>ZN85-40.5 High Voltage Vacuum Circuit Breaker | Reliable Circuit Protection Solutions - JYIELE<\/title>\n<meta name=\"description\" content=\"Explore ZN85-40.5 high voltage vacuum circuit breakers renowned for their reliability and efficiency. Our circuit breakers provide robust protection for high voltage applications, ensuring uninterrupted power supply and safety. Discover superior quality and performance with our range of circuit protection solutions.\" \/>\n<meta name=\"robots\" content=\"index, follow, max-snippet:-1, max-image-preview:large, max-video-preview:-1\" \/>\n<link rel=\"canonical\" href=\"https:\/\/www.jyiele.com\/fr\/product\/zn85-40-5-high-voltage-vacuum-circuit-breaker\/\" \/>\n<meta property=\"og:locale\" content=\"fr_FR\" \/>\n<meta property=\"og:type\" content=\"article\" \/>\n<meta property=\"og:title\" content=\"ZN85-40.5 High Voltage Vacuum Circuit Breaker | Reliable Circuit Protection Solutions - JYIELE\" \/>\n<meta property=\"og:description\" content=\"Explore ZN85-40.5 high voltage vacuum circuit breakers renowned for their reliability and efficiency. Our circuit breakers provide robust protection for high voltage applications, ensuring uninterrupted power supply and safety. Discover superior quality and performance with our range of circuit protection solutions.\" \/>\n<meta property=\"og:url\" content=\"https:\/\/www.jyiele.com\/fr\/product\/zn85-40-5-high-voltage-vacuum-circuit-breaker\/\" \/>\n<meta property=\"og:site_name\" content=\"JYIELE\" \/>\n<meta property=\"article:modified_time\" content=\"2025-03-09T11:38:51+00:00\" \/>\n<meta property=\"og:image\" content=\"https:\/\/www.jyiele.com\/wp-content\/uploads\/2024\/09\/high-voltage-vacuum-circuit-breaker-1.webp\" \/>\n\t<meta property=\"og:image:width\" content=\"600\" \/>\n\t<meta property=\"og:image:height\" content=\"600\" \/>\n\t<meta property=\"og:image:type\" content=\"image\/webp\" \/>\n<meta name=\"twitter:card\" content=\"summary_large_image\" \/>\n<meta name=\"twitter:label1\" content=\"Dur\u00e9e de lecture estim\u00e9e\" \/>\n\t<meta name=\"twitter:data1\" content=\"2 minutes\" \/>\n<script type=\"application\/ld+json\" class=\"yoast-schema-graph\">{\"@context\":\"https:\/\/schema.org\",\"@graph\":[{\"@type\":\"WebPage\",\"@id\":\"https:\/\/www.jyiele.com\/product\/zn85-40-5-high-voltage-vacuum-circuit-breaker\/\",\"url\":\"https:\/\/www.jyiele.com\/product\/zn85-40-5-high-voltage-vacuum-circuit-breaker\/\",\"name\":\"ZN85-40.5 High Voltage Vacuum Circuit Breaker | Reliable Circuit Protection Solutions - JYIELE\",\"isPartOf\":{\"@id\":\"https:\/\/www.jyiele.com\/#website\"},\"primaryImageOfPage\":{\"@id\":\"https:\/\/www.jyiele.com\/product\/zn85-40-5-high-voltage-vacuum-circuit-breaker\/#primaryimage\"},\"image\":{\"@id\":\"https:\/\/www.jyiele.com\/product\/zn85-40-5-high-voltage-vacuum-circuit-breaker\/#primaryimage\"},\"thumbnailUrl\":\"https:\/\/www.jyiele.com\/wp-content\/uploads\/2024\/09\/high-voltage-vacuum-circuit-breaker-1.webp\",\"datePublished\":\"2022-09-16T12:45:25+00:00\",\"dateModified\":\"2025-03-09T11:38:51+00:00\",\"description\":\"Explore ZN85-40.5 high voltage vacuum circuit breakers renowned for their reliability and efficiency. Our circuit breakers provide robust protection for high voltage applications, ensuring uninterrupted power supply and safety. Discover superior quality and performance with our range of circuit protection solutions.\",\"breadcrumb\":{\"@id\":\"https:\/\/www.jyiele.com\/product\/zn85-40-5-high-voltage-vacuum-circuit-breaker\/#breadcrumb\"},\"inLanguage\":\"fr-FR\",\"potentialAction\":[{\"@type\":\"ReadAction\",\"target\":[\"https:\/\/www.jyiele.com\/product\/zn85-40-5-high-voltage-vacuum-circuit-breaker\/\"]}]},{\"@type\":\"ImageObject\",\"inLanguage\":\"fr-FR\",\"@id\":\"https:\/\/www.jyiele.com\/product\/zn85-40-5-high-voltage-vacuum-circuit-breaker\/#primaryimage\",\"url\":\"https:\/\/www.jyiele.com\/wp-content\/uploads\/2024\/09\/high-voltage-vacuum-circuit-breaker-1.webp\",\"contentUrl\":\"https:\/\/www.jyiele.com\/wp-content\/uploads\/2024\/09\/high-voltage-vacuum-circuit-breaker-1.webp\",\"width\":600,\"height\":600,\"caption\":\"high-voltage-vacuum-circuit-breaker\"},{\"@type\":\"BreadcrumbList\",\"@id\":\"https:\/\/www.jyiele.com\/product\/zn85-40-5-high-voltage-vacuum-circuit-breaker\/#breadcrumb\",\"itemListElement\":[{\"@type\":\"ListItem\",\"position\":1,\"name\":\"Home\",\"item\":\"https:\/\/www.jyiele.com\/\"},{\"@type\":\"ListItem\",\"position\":2,\"name\":\"Product\",\"item\":\"https:\/\/www.jyiele.com\/product\/\"},{\"@type\":\"ListItem\",\"position\":3,\"name\":\"Vacuum Circuit Breaker\",\"item\":\"https:\/\/www.jyiele.com\/product-category\/vacuum-circuit-breaker\/\"},{\"@type\":\"ListItem\",\"position\":4,\"name\":\"ZN85-40.5 High Voltage Vacuum Circuit Breaker\"}]},{\"@type\":\"WebSite\",\"@id\":\"https:\/\/www.jyiele.com\/#website\",\"url\":\"https:\/\/www.jyiele.com\/\",\"name\":\"JYIELE\",\"description\":\"Vacuum Circuit Breaker manufacturer\",\"publisher\":{\"@id\":\"https:\/\/www.jyiele.com\/#organization\"},\"potentialAction\":[{\"@type\":\"SearchAction\",\"target\":{\"@type\":\"EntryPoint\",\"urlTemplate\":\"https:\/\/www.jyiele.com\/?s={search_term_string}\"},\"query-input\":{\"@type\":\"PropertyValueSpecification\",\"valueRequired\":true,\"valueName\":\"search_term_string\"}}],\"inLanguage\":\"fr-FR\"},{\"@type\":\"Organization\",\"@id\":\"https:\/\/www.jyiele.com\/#organization\",\"name\":\"JYIELE\",\"url\":\"https:\/\/www.jyiele.com\/\",\"logo\":{\"@type\":\"ImageObject\",\"inLanguage\":\"fr-FR\",\"@id\":\"https:\/\/www.jyiele.com\/#\/schema\/logo\/image\/\",\"url\":\"https:\/\/www.jyiele.com\/wp-content\/uploads\/2024\/09\/cropped-jyele-1.webp\",\"contentUrl\":\"https:\/\/www.jyiele.com\/wp-content\/uploads\/2024\/09\/cropped-jyele-1.webp\",\"width\":137,\"height\":60,\"caption\":\"JYIELE\"},\"image\":{\"@id\":\"https:\/\/www.jyiele.com\/#\/schema\/logo\/image\/\"}}]}<\/script>\n<!-- \/ Yoast SEO plugin. -->","yoast_head_json":{"title":"ZN85-40.5 Disjoncteur \u00e0 vide haute tension | Solutions fiables de protection des circuits - JYIELE","description":"D\u00e9couvrez les disjoncteurs \u00e0 vide haute tension ZN85-40.5, r\u00e9put\u00e9s pour leur fiabilit\u00e9 et leur efficacit\u00e9. Nos disjoncteurs offrent une protection robuste pour les applications haute tension, garantissant une alimentation \u00e9lectrique ininterrompue et la s\u00e9curit\u00e9. D\u00e9couvrez la qualit\u00e9 et les performances sup\u00e9rieures de notre gamme de solutions de protection des circuits.","robots":{"index":"index","follow":"follow","max-snippet":"max-snippet:-1","max-image-preview":"max-image-preview:large","max-video-preview":"max-video-preview:-1"},"canonical":"https:\/\/www.jyiele.com\/fr\/product\/zn85-40-5-high-voltage-vacuum-circuit-breaker\/","og_locale":"fr_FR","og_type":"article","og_title":"ZN85-40.5 High Voltage Vacuum Circuit Breaker | Reliable Circuit Protection Solutions - JYIELE","og_description":"Explore ZN85-40.5 high voltage vacuum circuit breakers renowned for their reliability and efficiency. Our circuit breakers provide robust protection for high voltage applications, ensuring uninterrupted power supply and safety. Discover superior quality and performance with our range of circuit protection solutions.","og_url":"https:\/\/www.jyiele.com\/fr\/product\/zn85-40-5-high-voltage-vacuum-circuit-breaker\/","og_site_name":"JYIELE","article_modified_time":"2025-03-09T11:38:51+00:00","og_image":[{"width":600,"height":600,"url":"https:\/\/www.jyiele.com\/wp-content\/uploads\/2024\/09\/high-voltage-vacuum-circuit-breaker-1.webp","type":"image\/webp"}],"twitter_card":"summary_large_image","twitter_misc":{"Dur\u00e9e de lecture estim\u00e9e":"2 minutes"},"schema":{"@context":"https:\/\/schema.org","@graph":[{"@type":"WebPage","@id":"https:\/\/www.jyiele.com\/product\/zn85-40-5-high-voltage-vacuum-circuit-breaker\/","url":"https:\/\/www.jyiele.com\/product\/zn85-40-5-high-voltage-vacuum-circuit-breaker\/","name":"ZN85-40.5 Disjoncteur \u00e0 vide haute tension | Solutions fiables de protection des circuits - JYIELE","isPartOf":{"@id":"https:\/\/www.jyiele.com\/#website"},"primaryImageOfPage":{"@id":"https:\/\/www.jyiele.com\/product\/zn85-40-5-high-voltage-vacuum-circuit-breaker\/#primaryimage"},"image":{"@id":"https:\/\/www.jyiele.com\/product\/zn85-40-5-high-voltage-vacuum-circuit-breaker\/#primaryimage"},"thumbnailUrl":"https:\/\/www.jyiele.com\/wp-content\/uploads\/2024\/09\/high-voltage-vacuum-circuit-breaker-1.webp","datePublished":"2022-09-16T12:45:25+00:00","dateModified":"2025-03-09T11:38:51+00:00","description":"D\u00e9couvrez les disjoncteurs \u00e0 vide haute tension ZN85-40.5, r\u00e9put\u00e9s pour leur fiabilit\u00e9 et leur efficacit\u00e9. Nos disjoncteurs offrent une protection robuste pour les applications haute tension, garantissant une alimentation \u00e9lectrique ininterrompue et la s\u00e9curit\u00e9. D\u00e9couvrez la qualit\u00e9 et les performances sup\u00e9rieures de notre gamme de solutions de protection des circuits.","breadcrumb":{"@id":"https:\/\/www.jyiele.com\/product\/zn85-40-5-high-voltage-vacuum-circuit-breaker\/#breadcrumb"},"inLanguage":"fr-FR","potentialAction":[{"@type":"ReadAction","target":["https:\/\/www.jyiele.com\/product\/zn85-40-5-high-voltage-vacuum-circuit-breaker\/"]}]},{"@type":"ImageObject","inLanguage":"fr-FR","@id":"https:\/\/www.jyiele.com\/product\/zn85-40-5-high-voltage-vacuum-circuit-breaker\/#primaryimage","url":"https:\/\/www.jyiele.com\/wp-content\/uploads\/2024\/09\/high-voltage-vacuum-circuit-breaker-1.webp","contentUrl":"https:\/\/www.jyiele.com\/wp-content\/uploads\/2024\/09\/high-voltage-vacuum-circuit-breaker-1.webp","width":600,"height":600,"caption":"high-voltage-vacuum-circuit-breaker"},{"@type":"BreadcrumbList","@id":"https:\/\/www.jyiele.com\/product\/zn85-40-5-high-voltage-vacuum-circuit-breaker\/#breadcrumb","itemListElement":[{"@type":"ListItem","position":1,"name":"Home","item":"https:\/\/www.jyiele.com\/"},{"@type":"ListItem","position":2,"name":"Product","item":"https:\/\/www.jyiele.com\/product\/"},{"@type":"ListItem","position":3,"name":"Vacuum Circuit Breaker","item":"https:\/\/www.jyiele.com\/product-category\/vacuum-circuit-breaker\/"},{"@type":"ListItem","position":4,"name":"ZN85-40.5 High Voltage Vacuum Circuit Breaker"}]},{"@type":"WebSite","@id":"https:\/\/www.jyiele.com\/#website","url":"https:\/\/www.jyiele.com\/","name":"JYIELE","description":"Fabricant de disjoncteurs \u00e0 vide","publisher":{"@id":"https:\/\/www.jyiele.com\/#organization"},"potentialAction":[{"@type":"SearchAction","target":{"@type":"EntryPoint","urlTemplate":"https:\/\/www.jyiele.com\/?s={search_term_string}"},"query-input":{"@type":"PropertyValueSpecification","valueRequired":true,"valueName":"search_term_string"}}],"inLanguage":"fr-FR"},{"@type":"Organization","@id":"https:\/\/www.jyiele.com\/#organization","name":"JYIELE","url":"https:\/\/www.jyiele.com\/","logo":{"@type":"ImageObject","inLanguage":"fr-FR","@id":"https:\/\/www.jyiele.com\/#\/schema\/logo\/image\/","url":"https:\/\/www.jyiele.com\/wp-content\/uploads\/2024\/09\/cropped-jyele-1.webp","contentUrl":"https:\/\/www.jyiele.com\/wp-content\/uploads\/2024\/09\/cropped-jyele-1.webp","width":137,"height":60,"caption":"JYIELE"},"image":{"@id":"https:\/\/www.jyiele.com\/#\/schema\/logo\/image\/"}}]}},"_links":{"self":[{"href":"https:\/\/www.jyiele.com\/fr\/wp-json\/wp\/v2\/product\/1220","targetHints":{"allow":["GET"]}}],"collection":[{"href":"https:\/\/www.jyiele.com\/fr\/wp-json\/wp\/v2\/product"}],"about":[{"href":"https:\/\/www.jyiele.com\/fr\/wp-json\/wp\/v2\/types\/product"}],"version-history":[{"count":2,"href":"https:\/\/www.jyiele.com\/fr\/wp-json\/wp\/v2\/product\/1220\/revisions"}],"predecessor-version":[{"id":1479,"href":"https:\/\/www.jyiele.com\/fr\/wp-json\/wp\/v2\/product\/1220\/revisions\/1479"}],"wp:featuredmedia":[{"embeddable":true,"href":"https:\/\/www.jyiele.com\/fr\/wp-json\/wp\/v2\/media\/1222"}],"wp:attachment":[{"href":"https:\/\/www.jyiele.com\/fr\/wp-json\/wp\/v2\/media?parent=1220"}],"wp:term":[{"taxonomy":"product_brand","embeddable":true,"href":"https:\/\/www.jyiele.com\/fr\/wp-json\/wp\/v2\/product_brand?post=1220"},{"taxonomy":"product_cat","embeddable":true,"href":"https:\/\/www.jyiele.com\/fr\/wp-json\/wp\/v2\/product_cat?post=1220"},{"taxonomy":"product_tag","embeddable":true,"href":"https:\/\/www.jyiele.com\/fr\/wp-json\/wp\/v2\/product_tag?post=1220"}],"curies":[{"name":"wp","href":"https:\/\/api.w.org\/{rel}","templated":true}]}}