{"id":1223,"date":"2020-04-06T13:11:11","date_gmt":"2020-04-06T13:11:11","guid":{"rendered":"https:\/\/www.jy-electric.com\/?post_type=product&#038;p=1223"},"modified":"2024-09-16T13:59:33","modified_gmt":"2024-09-16T13:59:33","slug":"plastic-self-locking-eco-friendly-nylon-cable-tie-wraps","status":"publish","type":"product","link":"https:\/\/www.jyiele.com\/fr\/product\/plastic-self-locking-eco-friendly-nylon-cable-tie-wraps\/","title":{"rendered":"Attaches en plastique autobloquantes en nylon respectueuses de l'environnement"},"content":{"rendered":"<p>Lieu d'origine : Zhejiang, Chine<br \/>\nMarque\uff1aJYIELE<br \/>\nMod\u00e8le\uff1aYN-NBT002<br \/>\nType\uff1aSelf-locking<br \/>\nMati\u00e8re : nylon 66<br \/>\nCouleur : naturel, noir, d'autres couleurs peuvent \u00eatre personnalis\u00e9es.<br \/>\nTaille : personnalis\u00e9e<br \/>\nUtilisation : C\u00e2ble de fixation<br \/>\nTemp\u00e9rature de fonctionnement : -35\u00b0C \u00e0 85\u00b0C<br \/>\n\u00c9chantillons : Gratuits<br \/>\nR\u00e9sistance \u00e0 la traction : 120LBS (55KG)<br \/>\nIndice d'inflammabilit\u00e9 : UL94V-2<br \/>\nEmballage : 100pcs\/sac<br \/>\nCertification : CE, CCC, PAHS<\/p>\n<p><a href=\"https:\/\/www.jy-electric.com\/wp-content\/uploads\/2024\/09\/Plastic-Self-Locking-Eco-Friendly-Nylon-Cable-Tie-Wraps.webp\"><img fetchpriority=\"high\" decoding=\"async\" class=\"alignnone wp-image-1225 size-medium\" src=\"https:\/\/www.jy-electric.com\/wp-content\/uploads\/2024\/09\/Plastic-Self-Locking-Eco-Friendly-Nylon-Cable-Tie-Wraps-300x300.webp\" alt=\"Attaches en plastique autobloquantes en nylon respectueuses de l&#039;environnement\" width=\"300\" height=\"300\" srcset=\"https:\/\/www.jyiele.com\/wp-content\/uploads\/2024\/09\/Plastic-Self-Locking-Eco-Friendly-Nylon-Cable-Tie-Wraps-300x300.webp 300w, https:\/\/www.jyiele.com\/wp-content\/uploads\/2024\/09\/Plastic-Self-Locking-Eco-Friendly-Nylon-Cable-Tie-Wraps-150x150.webp 150w, https:\/\/www.jyiele.com\/wp-content\/uploads\/2024\/09\/Plastic-Self-Locking-Eco-Friendly-Nylon-Cable-Tie-Wraps-768x768.webp 768w, https:\/\/www.jyiele.com\/wp-content\/uploads\/2024\/09\/Plastic-Self-Locking-Eco-Friendly-Nylon-Cable-Tie-Wraps-12x12.webp 12w, https:\/\/www.jyiele.com\/wp-content\/uploads\/2024\/09\/Plastic-Self-Locking-Eco-Friendly-Nylon-Cable-Tie-Wraps-600x600.webp 600w, https:\/\/www.jyiele.com\/wp-content\/uploads\/2024\/09\/Plastic-Self-Locking-Eco-Friendly-Nylon-Cable-Tie-Wraps-100x100.webp 100w, https:\/\/www.jyiele.com\/wp-content\/uploads\/2024\/09\/Plastic-Self-Locking-Eco-Friendly-Nylon-Cable-Tie-Wraps.webp 800w\" sizes=\"(max-width: 300px) 100vw, 300px\" \/><\/a><\/p>\n<h2>Caract\u00e9ristiques du produit :<\/h2>\n<p>Barrettes en acier inoxydable : assurent des performances stables et peuvent \u00eatre r\u00e9gl\u00e9es en continu.<br \/>\nHaute r\u00e9sistance : anti-\u00e9tirement, faible force d'enfilage.<br \/>\nCorps de la bande ondul\u00e9e : emp\u00eache le mouvement lat\u00e9ral du faisceau de c\u00e2bles.<br \/>\nPointe courb\u00e9e : Facile d'acc\u00e8s \u00e0 partir d'une surface plane, am\u00e9liorant la vitesse de filetage et l'efficacit\u00e9 de l'installation.<br \/>\nR\u00e9sistance \u00e9lev\u00e9e de l'anneau : d\u00e9passe les normes de l'industrie.<br \/>\nMultiples options de mat\u00e9riaux : r\u00e9pond \u00e0 diff\u00e9rentes exigences d'application.<br \/>\nEnvironnement : utilisation \u00e0 l'int\u00e9rieur et \u00e0 l'ext\u00e9rieur.<br \/>\nLarge \u00e9ventail d'applications : convient \u00e0 l'organisation et \u00e0 la fixation d'\u00e9quipements m\u00e9caniques, d'\u00e9quipements d'automatisation et de toutes sortes de fils.<\/p>\n<p>&nbsp;<\/p>","protected":false},"excerpt":{"rendered":"<p>Les attaches plastiques autobloquantes de JYIELE offrent des performances de fixation fiables et une durabilit\u00e9 \u00e0 long terme gr\u00e2ce \u00e0 leur mat\u00e9riau en nylon 66 tr\u00e8s r\u00e9sistant et \u00e0 leur conception autobloquante solide.<\/p>\n<p>Leur conception \u00e0 pointe incurv\u00e9e permet une installation plus rapide et le corps du ruban ondul\u00e9 emp\u00eache tout mouvement lat\u00e9ral du faisceau de c\u00e2bles, tout en pouvant \u00eatre utilis\u00e9 \u00e0 des temp\u00e9ratures allant de -35\u00b0C \u00e0 85\u00b0C. Disponibles dans une large gamme de couleurs et de tailles personnalis\u00e9es pour s'adapter \u00e0 une vari\u00e9t\u00e9 d'environnements et d'applications, ils garantissent une s\u00e9curit\u00e9 \u00e9lev\u00e9e et une large applicabilit\u00e9.<\/p>","protected":false},"featured_media":1225,"template":"","meta":{"site-sidebar-layout":"default","site-content-layout":"","ast-site-content-layout":"default","site-content-style":"default","site-sidebar-style":"default","ast-global-header-display":"","ast-banner-title-visibility":"","ast-main-header-display":"","ast-hfb-above-header-display":"","ast-hfb-below-header-display":"","ast-hfb-mobile-header-display":"","site-post-title":"","ast-breadcrumbs-content":"","ast-featured-img":"","footer-sml-layout":"","theme-transparent-header-meta":"default","adv-header-id-meta":"","stick-header-meta":"","header-above-stick-meta":"","header-main-stick-meta":"","header-below-stick-meta":"","astra-migrate-meta-layouts":"set","ast-page-background-enabled":"default","ast-page-background-meta":{"desktop":{"background-color":"var(--ast-global-color-4)","background-image":"","background-repeat":"repeat","background-position":"center center","background-size":"auto","background-attachment":"scroll","background-type":"","background-media":"","overlay-type":"","overlay-color":"","overlay-opacity":"","overlay-gradient":""},"tablet":{"background-color":"","background-image":"","background-repeat":"repeat","background-position":"center center","background-size":"auto","background-attachment":"scroll","background-type":"","background-media":"","overlay-type":"","overlay-color":"","overlay-opacity":"","overlay-gradient":""},"mobile":{"background-color":"","background-image":"","background-repeat":"repeat","background-position":"center center","background-size":"auto","background-attachment":"scroll","background-type":"","background-media":"","overlay-type":"","overlay-color":"","overlay-opacity":"","overlay-gradient":""}},"ast-content-background-meta":{"desktop":{"background-color":"var(--ast-global-color-5)","background-image":"","background-repeat":"repeat","background-position":"center center","background-size":"auto","background-attachment":"scroll","background-type":"","background-media":"","overlay-type":"","overlay-color":"","overlay-opacity":"","overlay-gradient":""},"tablet":{"background-color":"var(--ast-global-color-5)","background-image":"","background-repeat":"repeat","background-position":"center center","background-size":"auto","background-attachment":"scroll","background-type":"","background-media":"","overlay-type":"","overlay-color":"","overlay-opacity":"","overlay-gradient":""},"mobile":{"background-color":"var(--ast-global-color-5)","background-image":"","background-repeat":"repeat","background-position":"center center","background-size":"auto","background-attachment":"scroll","background-type":"","background-media":"","overlay-type":"","overlay-color":"","overlay-opacity":"","overlay-gradient":""}}},"product_brand":[],"product_cat":[20],"product_tag":[],"class_list":{"0":"post-1223","1":"product","2":"type-product","3":"status-publish","4":"has-post-thumbnail","6":"product_cat-zip-ties","7":"desktop-align-left","8":"tablet-align-left","9":"mobile-align-left","11":"first","12":"instock","13":"shipping-taxable","14":"product-type-simple"},"yoast_head":"<!-- This site is optimized with the Yoast SEO plugin v24.8.1 - https:\/\/yoast.com\/wordpress\/plugins\/seo\/ -->\n<title>Plastic Self-Locking Eco-Friendly Nylon Cable Tie Wraps from China manufacturer - JYIELE Electric<\/title>\n<meta name=\"description\" content=\"Plastic Self-Locking Eco-Friendly Nylon Cable Tie Wraps offered by China manufacturer JYIELE Electric Manufacture. Buy directly with low price and high quality.\" \/>\n<meta name=\"robots\" content=\"index, follow, max-snippet:-1, max-image-preview:large, max-video-preview:-1\" \/>\n<link rel=\"canonical\" href=\"https:\/\/www.jyiele.com\/fr\/product\/plastic-self-locking-eco-friendly-nylon-cable-tie-wraps\/\" \/>\n<meta property=\"og:locale\" content=\"fr_FR\" \/>\n<meta property=\"og:type\" content=\"article\" \/>\n<meta property=\"og:title\" content=\"Plastic Self-Locking Eco-Friendly Nylon Cable Tie Wraps from China manufacturer - JYIELE Electric\" \/>\n<meta property=\"og:description\" content=\"Plastic Self-Locking Eco-Friendly Nylon Cable Tie Wraps offered by China manufacturer JYIELE Electric Manufacture. Buy directly with low price and high quality.\" \/>\n<meta property=\"og:url\" content=\"https:\/\/www.jyiele.com\/fr\/product\/plastic-self-locking-eco-friendly-nylon-cable-tie-wraps\/\" \/>\n<meta property=\"og:site_name\" content=\"JYIELE\" \/>\n<meta property=\"article:modified_time\" content=\"2024-09-16T13:59:33+00:00\" \/>\n<meta property=\"og:image\" content=\"https:\/\/www.jyiele.com\/wp-content\/uploads\/2024\/09\/Plastic-Self-Locking-Eco-Friendly-Nylon-Cable-Tie-Wraps.webp\" \/>\n\t<meta property=\"og:image:width\" content=\"800\" \/>\n\t<meta property=\"og:image:height\" content=\"800\" \/>\n\t<meta property=\"og:image:type\" content=\"image\/webp\" \/>\n<meta name=\"twitter:card\" content=\"summary_large_image\" \/>\n<meta name=\"twitter:label1\" content=\"Dur\u00e9e de lecture estim\u00e9e\" \/>\n\t<meta name=\"twitter:data1\" content=\"1 minute\" \/>\n<script type=\"application\/ld+json\" class=\"yoast-schema-graph\">{\"@context\":\"https:\/\/schema.org\",\"@graph\":[{\"@type\":\"WebPage\",\"@id\":\"https:\/\/www.jyiele.com\/product\/plastic-self-locking-eco-friendly-nylon-cable-tie-wraps\/\",\"url\":\"https:\/\/www.jyiele.com\/product\/plastic-self-locking-eco-friendly-nylon-cable-tie-wraps\/\",\"name\":\"Plastic Self-Locking Eco-Friendly Nylon Cable Tie Wraps from China manufacturer - JYIELE Electric\",\"isPartOf\":{\"@id\":\"https:\/\/www.jyiele.com\/#website\"},\"primaryImageOfPage\":{\"@id\":\"https:\/\/www.jyiele.com\/product\/plastic-self-locking-eco-friendly-nylon-cable-tie-wraps\/#primaryimage\"},\"image\":{\"@id\":\"https:\/\/www.jyiele.com\/product\/plastic-self-locking-eco-friendly-nylon-cable-tie-wraps\/#primaryimage\"},\"thumbnailUrl\":\"https:\/\/www.jyiele.com\/wp-content\/uploads\/2024\/09\/Plastic-Self-Locking-Eco-Friendly-Nylon-Cable-Tie-Wraps.webp\",\"datePublished\":\"2020-04-06T13:11:11+00:00\",\"dateModified\":\"2024-09-16T13:59:33+00:00\",\"description\":\"Plastic Self-Locking Eco-Friendly Nylon Cable Tie Wraps offered by China manufacturer JYIELE Electric Manufacture. Buy directly with low price and high quality.\",\"breadcrumb\":{\"@id\":\"https:\/\/www.jyiele.com\/product\/plastic-self-locking-eco-friendly-nylon-cable-tie-wraps\/#breadcrumb\"},\"inLanguage\":\"fr-FR\",\"potentialAction\":[{\"@type\":\"ReadAction\",\"target\":[\"https:\/\/www.jyiele.com\/product\/plastic-self-locking-eco-friendly-nylon-cable-tie-wraps\/\"]}]},{\"@type\":\"ImageObject\",\"inLanguage\":\"fr-FR\",\"@id\":\"https:\/\/www.jyiele.com\/product\/plastic-self-locking-eco-friendly-nylon-cable-tie-wraps\/#primaryimage\",\"url\":\"https:\/\/www.jyiele.com\/wp-content\/uploads\/2024\/09\/Plastic-Self-Locking-Eco-Friendly-Nylon-Cable-Tie-Wraps.webp\",\"contentUrl\":\"https:\/\/www.jyiele.com\/wp-content\/uploads\/2024\/09\/Plastic-Self-Locking-Eco-Friendly-Nylon-Cable-Tie-Wraps.webp\",\"width\":800,\"height\":800,\"caption\":\"Plastic Self-Locking Eco-Friendly Nylon Cable Tie Wraps\"},{\"@type\":\"BreadcrumbList\",\"@id\":\"https:\/\/www.jyiele.com\/product\/plastic-self-locking-eco-friendly-nylon-cable-tie-wraps\/#breadcrumb\",\"itemListElement\":[{\"@type\":\"ListItem\",\"position\":1,\"name\":\"Home\",\"item\":\"https:\/\/www.jyiele.com\/\"},{\"@type\":\"ListItem\",\"position\":2,\"name\":\"Product\",\"item\":\"https:\/\/www.jyiele.com\/product\/\"},{\"@type\":\"ListItem\",\"position\":3,\"name\":\"Zip Ties\",\"item\":\"https:\/\/www.jyiele.com\/de\/product-category\/zip-ties\/\"},{\"@type\":\"ListItem\",\"position\":4,\"name\":\"Plastic Self-Locking Eco-Friendly Nylon Cable Tie Wraps\"}]},{\"@type\":\"WebSite\",\"@id\":\"https:\/\/www.jyiele.com\/#website\",\"url\":\"https:\/\/www.jyiele.com\/\",\"name\":\"JYIELE\",\"description\":\"Vacuum Circuit Breaker manufacturer\",\"publisher\":{\"@id\":\"https:\/\/www.jyiele.com\/#organization\"},\"potentialAction\":[{\"@type\":\"SearchAction\",\"target\":{\"@type\":\"EntryPoint\",\"urlTemplate\":\"https:\/\/www.jyiele.com\/?s={search_term_string}\"},\"query-input\":{\"@type\":\"PropertyValueSpecification\",\"valueRequired\":true,\"valueName\":\"search_term_string\"}}],\"inLanguage\":\"fr-FR\"},{\"@type\":\"Organization\",\"@id\":\"https:\/\/www.jyiele.com\/#organization\",\"name\":\"JYIELE\",\"url\":\"https:\/\/www.jyiele.com\/\",\"logo\":{\"@type\":\"ImageObject\",\"inLanguage\":\"fr-FR\",\"@id\":\"https:\/\/www.jyiele.com\/#\/schema\/logo\/image\/\",\"url\":\"https:\/\/www.jyiele.com\/wp-content\/uploads\/2024\/09\/cropped-jyele-1.webp\",\"contentUrl\":\"https:\/\/www.jyiele.com\/wp-content\/uploads\/2024\/09\/cropped-jyele-1.webp\",\"width\":137,\"height\":60,\"caption\":\"JYIELE\"},\"image\":{\"@id\":\"https:\/\/www.jyiele.com\/#\/schema\/logo\/image\/\"}}]}<\/script>\n<!-- \/ Yoast SEO plugin. -->","yoast_head_json":{"title":"Attaches de c\u00e2bles en plastique auto-verrouillantes en nylon \u00e9cologique de fabricant chinois - JYIELE Electric","description":"Attache de c\u00e2ble en nylon \u00e9cologique autobloquante en plastique propos\u00e9e par le fabricant chinois JYIELE Electric Manufacture. Achetez directement avec des prix bas et une haute qualit\u00e9.","robots":{"index":"index","follow":"follow","max-snippet":"max-snippet:-1","max-image-preview":"max-image-preview:large","max-video-preview":"max-video-preview:-1"},"canonical":"https:\/\/www.jyiele.com\/fr\/product\/plastic-self-locking-eco-friendly-nylon-cable-tie-wraps\/","og_locale":"fr_FR","og_type":"article","og_title":"Plastic Self-Locking Eco-Friendly Nylon Cable Tie Wraps from China manufacturer - JYIELE Electric","og_description":"Plastic Self-Locking Eco-Friendly Nylon Cable Tie Wraps offered by China manufacturer JYIELE Electric Manufacture. Buy directly with low price and high quality.","og_url":"https:\/\/www.jyiele.com\/fr\/product\/plastic-self-locking-eco-friendly-nylon-cable-tie-wraps\/","og_site_name":"JYIELE","article_modified_time":"2024-09-16T13:59:33+00:00","og_image":[{"width":800,"height":800,"url":"https:\/\/www.jyiele.com\/wp-content\/uploads\/2024\/09\/Plastic-Self-Locking-Eco-Friendly-Nylon-Cable-Tie-Wraps.webp","type":"image\/webp"}],"twitter_card":"summary_large_image","twitter_misc":{"Dur\u00e9e de lecture estim\u00e9e":"1 minute"},"schema":{"@context":"https:\/\/schema.org","@graph":[{"@type":"WebPage","@id":"https:\/\/www.jyiele.com\/product\/plastic-self-locking-eco-friendly-nylon-cable-tie-wraps\/","url":"https:\/\/www.jyiele.com\/product\/plastic-self-locking-eco-friendly-nylon-cable-tie-wraps\/","name":"Attaches de c\u00e2bles en plastique auto-verrouillantes en nylon \u00e9cologique de fabricant chinois - JYIELE Electric","isPartOf":{"@id":"https:\/\/www.jyiele.com\/#website"},"primaryImageOfPage":{"@id":"https:\/\/www.jyiele.com\/product\/plastic-self-locking-eco-friendly-nylon-cable-tie-wraps\/#primaryimage"},"image":{"@id":"https:\/\/www.jyiele.com\/product\/plastic-self-locking-eco-friendly-nylon-cable-tie-wraps\/#primaryimage"},"thumbnailUrl":"https:\/\/www.jyiele.com\/wp-content\/uploads\/2024\/09\/Plastic-Self-Locking-Eco-Friendly-Nylon-Cable-Tie-Wraps.webp","datePublished":"2020-04-06T13:11:11+00:00","dateModified":"2024-09-16T13:59:33+00:00","description":"Attache de c\u00e2ble en nylon \u00e9cologique autobloquante en plastique propos\u00e9e par le fabricant chinois JYIELE Electric Manufacture. Achetez directement avec des prix bas et une haute qualit\u00e9.","breadcrumb":{"@id":"https:\/\/www.jyiele.com\/product\/plastic-self-locking-eco-friendly-nylon-cable-tie-wraps\/#breadcrumb"},"inLanguage":"fr-FR","potentialAction":[{"@type":"ReadAction","target":["https:\/\/www.jyiele.com\/product\/plastic-self-locking-eco-friendly-nylon-cable-tie-wraps\/"]}]},{"@type":"ImageObject","inLanguage":"fr-FR","@id":"https:\/\/www.jyiele.com\/product\/plastic-self-locking-eco-friendly-nylon-cable-tie-wraps\/#primaryimage","url":"https:\/\/www.jyiele.com\/wp-content\/uploads\/2024\/09\/Plastic-Self-Locking-Eco-Friendly-Nylon-Cable-Tie-Wraps.webp","contentUrl":"https:\/\/www.jyiele.com\/wp-content\/uploads\/2024\/09\/Plastic-Self-Locking-Eco-Friendly-Nylon-Cable-Tie-Wraps.webp","width":800,"height":800,"caption":"Plastic Self-Locking Eco-Friendly Nylon Cable Tie Wraps"},{"@type":"BreadcrumbList","@id":"https:\/\/www.jyiele.com\/product\/plastic-self-locking-eco-friendly-nylon-cable-tie-wraps\/#breadcrumb","itemListElement":[{"@type":"ListItem","position":1,"name":"Home","item":"https:\/\/www.jyiele.com\/"},{"@type":"ListItem","position":2,"name":"Product","item":"https:\/\/www.jyiele.com\/product\/"},{"@type":"ListItem","position":3,"name":"Zip Ties","item":"https:\/\/www.jyiele.com\/de\/product-category\/zip-ties\/"},{"@type":"ListItem","position":4,"name":"Plastic Self-Locking Eco-Friendly Nylon Cable Tie Wraps"}]},{"@type":"WebSite","@id":"https:\/\/www.jyiele.com\/#website","url":"https:\/\/www.jyiele.com\/","name":"JYIELE","description":"Fabricant de disjoncteurs \u00e0 vide","publisher":{"@id":"https:\/\/www.jyiele.com\/#organization"},"potentialAction":[{"@type":"SearchAction","target":{"@type":"EntryPoint","urlTemplate":"https:\/\/www.jyiele.com\/?s={search_term_string}"},"query-input":{"@type":"PropertyValueSpecification","valueRequired":true,"valueName":"search_term_string"}}],"inLanguage":"fr-FR"},{"@type":"Organization","@id":"https:\/\/www.jyiele.com\/#organization","name":"JYIELE","url":"https:\/\/www.jyiele.com\/","logo":{"@type":"ImageObject","inLanguage":"fr-FR","@id":"https:\/\/www.jyiele.com\/#\/schema\/logo\/image\/","url":"https:\/\/www.jyiele.com\/wp-content\/uploads\/2024\/09\/cropped-jyele-1.webp","contentUrl":"https:\/\/www.jyiele.com\/wp-content\/uploads\/2024\/09\/cropped-jyele-1.webp","width":137,"height":60,"caption":"JYIELE"},"image":{"@id":"https:\/\/www.jyiele.com\/#\/schema\/logo\/image\/"}}]}},"_links":{"self":[{"href":"https:\/\/www.jyiele.com\/fr\/wp-json\/wp\/v2\/product\/1223","targetHints":{"allow":["GET"]}}],"collection":[{"href":"https:\/\/www.jyiele.com\/fr\/wp-json\/wp\/v2\/product"}],"about":[{"href":"https:\/\/www.jyiele.com\/fr\/wp-json\/wp\/v2\/types\/product"}],"version-history":[{"count":1,"href":"https:\/\/www.jyiele.com\/fr\/wp-json\/wp\/v2\/product\/1223\/revisions"}],"predecessor-version":[{"id":1226,"href":"https:\/\/www.jyiele.com\/fr\/wp-json\/wp\/v2\/product\/1223\/revisions\/1226"}],"wp:featuredmedia":[{"embeddable":true,"href":"https:\/\/www.jyiele.com\/fr\/wp-json\/wp\/v2\/media\/1225"}],"wp:attachment":[{"href":"https:\/\/www.jyiele.com\/fr\/wp-json\/wp\/v2\/media?parent=1223"}],"wp:term":[{"taxonomy":"product_brand","embeddable":true,"href":"https:\/\/www.jyiele.com\/fr\/wp-json\/wp\/v2\/product_brand?post=1223"},{"taxonomy":"product_cat","embeddable":true,"href":"https:\/\/www.jyiele.com\/fr\/wp-json\/wp\/v2\/product_cat?post=1223"},{"taxonomy":"product_tag","embeddable":true,"href":"https:\/\/www.jyiele.com\/fr\/wp-json\/wp\/v2\/product_tag?post=1223"}],"curies":[{"name":"wp","href":"https:\/\/api.w.org\/{rel}","templated":true}]}}