{"id":1228,"date":"2022-09-16T13:33:48","date_gmt":"2022-09-16T13:33:48","guid":{"rendered":"https:\/\/www.jy-electric.com\/?post_type=product&#038;p=1228"},"modified":"2025-03-09T11:38:45","modified_gmt":"2025-03-09T11:38:45","slug":"high-voltage-ac-vacuum-load-switch","status":"publish","type":"product","link":"https:\/\/www.jyiele.com\/fr\/product\/high-voltage-ac-vacuum-load-switch\/","title":{"rendered":"Interrupteur \u00e0 vide haute tension CA int\u00e9gr\u00e9 VF(R)-12"},"content":{"rendered":"<h2>Aper\u00e7u de VF(R)-12<\/h2>\n<p>Le VF(R)-12 est une sorte de dispositif combin\u00e9 fusible-interrupteur de charge \u00e0 vide CA haute tension int\u00e9gr\u00e9 \u00e0 l'int\u00e9rieur. Il convient \u00e0 divers r\u00e9seaux \u00e9lectriques et fonctionne de mani\u00e8re s\u00fbre et stable dans le cadre de ses param\u00e8tres techniques. De conception avanc\u00e9e, ce dispositif est largement utilis\u00e9 dans les syst\u00e8mes \u00e9lectriques modernes.<\/p>\n<h2>Produit standard<\/h2>\n<p>L'interrupteur \u00e0 vide VF(R)-12 est conforme aux normes suivantes :<\/p>\n<p>GB 3804-2004 : Interrupteurs de charge haute tension \u00e0 courant alternatif dont la tension nominale est comprise entre 3,6 kV et 40,5 kV.<br \/>\nGB 16926-2009 : Norme pour les combinaisons interrupteur-fusible \u00e0 courant alternatif pour les charges \u00e0 haute tension.<\/p>\n<h2>Param\u00e8tres techniques<\/h2>\n<figure class=\"wp-block-table\">\n<div class=\"scroll\">\n<table>\n<tbody>\n<tr>\n<td rowspan=\"2\">\u00a0\u00a0\u00a0Objet<\/td>\n<td rowspan=\"2\">Unit\u00e9<\/td>\n<td colspan=\"4\">Valeur de r\u00e9f\u00e9rence<\/td>\n<\/tr>\n<tr>\n<td>VF-12\/T630-20<br \/>\nCharge \u00e0 vide<br \/>\ninterrupteur<\/td>\n<td>VFR-12\/T125-50<br \/>\nCharge \u00e0 vide<br \/>\ninterrupteur-fusible<br \/>\ncombinaison<\/td>\n<td>VFH-12\/T630-25<br \/>\nRupture importante<br \/>\nvide de capacit\u00e9<br \/>\ninterrupteur<\/td>\n<td>VFHR-12\/T125-50<br \/>\nRupture importante<br \/>\nvide de capacit\u00e9<br \/>\ninterrupteur-m\u00e8che<br \/>\ncombinaison<\/td>\n<\/tr>\n<tr>\n<td>\u00a0\u00a0 Tension nominale<\/td>\n<td>kV<\/td>\n<td>12<\/td>\n<td>12<\/td>\n<td>12<\/td>\n<td>12<\/td>\n<\/tr>\n<tr>\n<td>Tension de r\u00e9sistance aux impulsions foudroyantes<\/td>\n<td>kV<\/td>\n<td>75<\/td>\n<td>75<\/td>\n<td>75<\/td>\n<td>75<\/td>\n<\/tr>\n<tr>\n<td>\u00a0\u00a0\u00a0 Niveau d'isolation nominale Tension de tenue \u00e0 la fr\u00e9quence de puissance 1min<\/td>\n<td>kV<\/td>\n<td>42<\/td>\n<td>42<\/td>\n<td>42<\/td>\n<td>42<\/td>\n<\/tr>\n<tr>\n<td>\u00a0\u00a0 Fr\u00e9quence nominale<\/td>\n<td>Hz<\/td>\n<td>50\/60<\/td>\n<td>50\/60<\/td>\n<td>50\/60<\/td>\n<td>50\/60<\/td>\n<\/tr>\n<tr>\n<td>\u00a0\u00a0 Courant nominal<\/td>\n<td>A<\/td>\n<td>630<\/td>\n<td>125(fusible)<\/td>\n<td>630<\/td>\n<td>125(fusible)<\/td>\n<\/tr>\n<tr>\n<td>\u00a0\u00a0 Courant nominal de rupture en court-circuit<\/td>\n<td>kA<\/td>\n<td><\/td>\n<td>50(fusible<\/td>\n<td>25 (sont des chambres de suppreson)<\/td>\n<td>25im pcesson harx<\/td>\n<\/tr>\n<tr>\n<td>\u00a0\u00a0 Courant nominal de court-circuit (valeur de cr\u00eate)<\/td>\n<td>kA<\/td>\n<td>50<\/td>\n<td><\/td>\n<td>63<\/td>\n<td><\/td>\n<\/tr>\n<tr>\n<td>\u00a0\u00a0 Courant nominal de courte dur\u00e9e<\/td>\n<td>kA<\/td>\n<td>20<\/td>\n<td><\/td>\n<td>25<\/td>\n<td><\/td>\n<\/tr>\n<tr>\n<td>\u00a0\u00a0 Courant de r\u00e9sistance nominal (valeur de cr\u00eate)<\/td>\n<td>kA<\/td>\n<td>50<\/td>\n<td><\/td>\n<td>63<\/td>\n<td><\/td>\n<\/tr>\n<tr>\n<td>\u00a0\u00a0 Courant de rupture nominal du c\u00e2ble pendant la charge<\/td>\n<td>A<\/td>\n<td>16<\/td>\n<td><\/td>\n<td><\/td>\n<td><\/td>\n<\/tr>\n<tr>\n<td>\u00a0\u00a0 Courant de rupture nominal du transformateur \u00e0 vide<\/td>\n<td>kVA<\/td>\n<td>1250<\/td>\n<td><\/td>\n<td>1250<\/td>\n<td><\/td>\n<\/tr>\n<tr>\n<td>\u00a0\u00a0 Courant de rupture nominal<\/td>\n<td>A<\/td>\n<td><\/td>\n<td>3150<\/td>\n<td><\/td>\n<td>3150<\/td>\n<\/tr>\n<tr>\n<td>\u00a0\u00a0 Temps de rupture du courant de court-circuit nominal<\/td>\n<td>Temps<\/td>\n<td><\/td>\n<td><\/td>\n<td><\/td>\n<td><\/td>\n<\/tr>\n<tr>\n<td>\u00a0\u00a0 Dur\u00e9e de vie m\u00e9canique<\/td>\n<td><\/td>\n<td>Niveau M2<\/td>\n<td>Niveau M2<\/td>\n<td>Niveau M2<\/td>\n<td>Niveau M2<\/td>\n<\/tr>\n<tr>\n<td>\u00a0\u00a0 Poids<\/td>\n<td>kg<\/td>\n<td colspan=\"4\">125<\/td>\n<\/tr>\n<\/tbody>\n<\/table>\n<\/div>\n<\/figure>\n<h2>Conditions de fonctionnement<\/h2>\n<p>Temp\u00e9rature ambiante : -40\u00b0C \u00e0 +40\u00b0C (moins de 35\u00b0C dans les 24 heures)<br \/>\nHumidit\u00e9 relative : \u226495% (moyenne journali\u00e8re), ou \u226490% (moyenne mensuelle)<br \/>\nAltitude : \u22641000 m\u00e8tres<\/p>\n<h2>S\u00e9lection des transformateurs et des fusibles<\/h2>\n<p>Les fusibles ont la capacit\u00e9 de couper des courants \u00e9lev\u00e9s en moins de 10 millisecondes et ont un pouvoir de coupure allant jusqu'\u00e0 50KA, ce qui les rend efficaces pour prot\u00e9ger les transformateurs. Lors de la s\u00e9lection des fusibles, il est important de tenir compte du fait que le courant du fusible doit \u00eatre 1,6 fois sup\u00e9rieur \u00e0 sa valeur nominale pour faire face aux courants d'appel potentiels. Le concepteur doit \u00e9galement pr\u00e9voir une marge pour le fusible, en tenant compte des fluctuations du r\u00e9seau. Si le fusible doit \u00eatre utilis\u00e9 pour prot\u00e9ger un moteur \u00e0 haute tension, il faut \u00e9galement tenir compte de la fr\u00e9quence des d\u00e9marrages du moteur, car des d\u00e9marrages fr\u00e9quents peuvent emp\u00eacher le fusible de se refroidir \u00e0 temps et entra\u00eener sa d\u00e9faillance.<\/p>\n<h2 class=\"wp-block-heading\">S\u00e9lection des fusibles<\/h2>\n<figure class=\"wp-block-table\">\n<div class=\"scroll\">\n<table>\n<tbody>\n<tr>\n<td rowspan=\"2\">Tension primaire de<br \/>\nle transformateur (kV)<\/td>\n<td rowspan=\"2\">Capacit\u00e9 de<br \/>\nle transformateur (kVA)<\/td>\n<td colspan=\"2\">Mod\u00e8le de fusible<\/td>\n<td rowspan=\"2\">Courant nominal<br \/>\ndu fusible (A<\/td>\n<\/tr>\n<tr>\n<td>Mod\u00e8le pour le march\u00e9 int\u00e9rieur<\/td>\n<td>Mod\u00e8le pour le march\u00e9 international<\/td>\n<\/tr>\n<tr>\n<td rowspan=\"6\">6.6<\/td>\n<td>200<\/td>\n<td rowspan=\"6\">XRNT-10<\/td>\n<td rowspan=\"3\">12kV BDGHC<\/td>\n<td>31.5<\/td>\n<\/tr>\n<tr>\n<td>250<\/td>\n<td>40<\/td>\n<\/tr>\n<tr>\n<td>300\/315<\/td>\n<td>50<\/td>\n<\/tr>\n<tr>\n<td>400<\/td>\n<td rowspan=\"3\">12kV BDGHC<\/td>\n<td>63<\/td>\n<\/tr>\n<tr>\n<td>500<\/td>\n<td>80<\/td>\n<\/tr>\n<tr>\n<td>630<\/td>\n<td>90<\/td>\n<\/tr>\n<\/tbody>\n<\/table>\n<\/div>\n<\/figure>\n<h2 class=\"wp-block-heading\">Dimensions d'encombrement et d'installation<\/h2>\n<p>Dimension globale du disjoncteur \u00e0 vide int\u00e9rieur haute tension \u00e0 courant alternatif VF(R)-12 (sur roues)<\/p>\n<figure class=\"wp-block-image size-full is-resized\"><img fetchpriority=\"high\" decoding=\"async\" class=\"alignnone wp-image-1229 size-full\" src=\"https:\/\/www.jy-electric.com\/wp-content\/uploads\/2024\/09\/AC-Vacuum-Load-Switch.webp\" alt=\"Interrupteur de charge \u00e0 vide CA\" width=\"845\" height=\"388\" srcset=\"https:\/\/www.jyiele.com\/wp-content\/uploads\/2024\/09\/AC-Vacuum-Load-Switch.webp 845w, https:\/\/www.jyiele.com\/wp-content\/uploads\/2024\/09\/AC-Vacuum-Load-Switch-300x138.webp 300w, https:\/\/www.jyiele.com\/wp-content\/uploads\/2024\/09\/AC-Vacuum-Load-Switch-768x353.webp 768w, https:\/\/www.jyiele.com\/wp-content\/uploads\/2024\/09\/AC-Vacuum-Load-Switch-18x8.webp 18w, https:\/\/www.jyiele.com\/wp-content\/uploads\/2024\/09\/AC-Vacuum-Load-Switch-600x276.webp 600w\" sizes=\"(max-width: 845px) 100vw, 845px\" \/><\/figure>\n<figure class=\"wp-block-table\">\n<div class=\"scroll\">\n<table>\n<tbody>\n<tr>\n<td>Largeur de l'armoire (mm)<\/td>\n<td>P(mm)<\/td>\n<td>A(mm)<\/td>\n<td>B(mm)<\/td>\n<td>C(mm)<\/td>\n<td>E(mm)<\/td>\n<td>\u03c6W(mm)<\/td>\n<\/tr>\n<tr>\n<td>650<\/td>\n<td>150<\/td>\n<td>500<\/td>\n<td>530<\/td>\n<td>490<\/td>\n<td>203<\/td>\n<td>35<\/td>\n<\/tr>\n<tr>\n<td>800<\/td>\n<td>210<\/td>\n<td>650<\/td>\n<td>680<\/td>\n<td>640<\/td>\n<td>278<\/td>\n<td>35<\/td>\n<\/tr>\n<tr>\n<td>1000<\/td>\n<td>275<\/td>\n<td>850<\/td>\n<td>880<\/td>\n<td>840<\/td>\n<td>378<\/td>\n<td>35<\/td>\n<\/tr>\n<\/tbody>\n<\/table>\n<\/div>\n<\/figure>","protected":false},"excerpt":{"rendered":"<p>L'interrupteur \u00e0 vide VFR-12R AC est une nouvelle g\u00e9n\u00e9ration d'\u00e9quipement de commutation \u00e0 vide haute tension, d\u00e9velopp\u00e9 sp\u00e9cifiquement pour r\u00e9pondre \u00e0 la demande du march\u00e9 et aux concepts modernes. Il est principalement utilis\u00e9 dans les appareillages de commutation int\u00e9rieurs blind\u00e9s \u00e0 isolation par l'air et est capable de fonctionner de mani\u00e8re stable dans la plage de tension sp\u00e9cifi\u00e9e dans des conditions normales.<\/p>","protected":false},"featured_media":1230,"template":"","meta":{"site-sidebar-layout":"default","site-content-layout":"","ast-site-content-layout":"default","site-content-style":"default","site-sidebar-style":"default","ast-global-header-display":"","ast-banner-title-visibility":"","ast-main-header-display":"","ast-hfb-above-header-display":"","ast-hfb-below-header-display":"","ast-hfb-mobile-header-display":"","site-post-title":"","ast-breadcrumbs-content":"","ast-featured-img":"","footer-sml-layout":"","ast-disable-related-posts":"","theme-transparent-header-meta":"default","adv-header-id-meta":"","stick-header-meta":"","header-above-stick-meta":"","header-main-stick-meta":"","header-below-stick-meta":"","astra-migrate-meta-layouts":"set","ast-page-background-enabled":"default","ast-page-background-meta":{"desktop":{"background-color":"var(--ast-global-color-4)","background-image":"","background-repeat":"repeat","background-position":"center center","background-size":"auto","background-attachment":"scroll","background-type":"","background-media":"","overlay-type":"","overlay-color":"","overlay-opacity":"","overlay-gradient":""},"tablet":{"background-color":"","background-image":"","background-repeat":"repeat","background-position":"center center","background-size":"auto","background-attachment":"scroll","background-type":"","background-media":"","overlay-type":"","overlay-color":"","overlay-opacity":"","overlay-gradient":""},"mobile":{"background-color":"","background-image":"","background-repeat":"repeat","background-position":"center center","background-size":"auto","background-attachment":"scroll","background-type":"","background-media":"","overlay-type":"","overlay-color":"","overlay-opacity":"","overlay-gradient":""}},"ast-content-background-meta":{"desktop":{"background-color":"var(--ast-global-color-5)","background-image":"","background-repeat":"repeat","background-position":"center center","background-size":"auto","background-attachment":"scroll","background-type":"","background-media":"","overlay-type":"","overlay-color":"","overlay-opacity":"","overlay-gradient":""},"tablet":{"background-color":"var(--ast-global-color-5)","background-image":"","background-repeat":"repeat","background-position":"center center","background-size":"auto","background-attachment":"scroll","background-type":"","background-media":"","overlay-type":"","overlay-color":"","overlay-opacity":"","overlay-gradient":""},"mobile":{"background-color":"var(--ast-global-color-5)","background-image":"","background-repeat":"repeat","background-position":"center center","background-size":"auto","background-attachment":"scroll","background-type":"","background-media":"","overlay-type":"","overlay-color":"","overlay-opacity":"","overlay-gradient":""}}},"product_brand":[],"product_cat":[26],"product_tag":[],"class_list":{"0":"post-1228","1":"product","2":"type-product","3":"status-publish","4":"has-post-thumbnail","6":"product_cat-vacuum-circuit-breaker","7":"desktop-align-left","8":"tablet-align-left","9":"mobile-align-left","11":"first","12":"instock","13":"shipping-taxable","14":"product-type-simple"},"yoast_head":"<!-- This site is optimized with the Yoast SEO plugin v24.8.1 - https:\/\/yoast.com\/wordpress\/plugins\/seo\/ -->\n<title>VF(R)-12 Embedded High Voltage AC Vacuum Load Switch from China manufacturer - JYIELE<\/title>\n<meta name=\"description\" content=\"High Voltage AC Vacuum Load Switch offered by China manufacturer JYIELE Electric Manufacture. Buy Vacuum Circuit Breaker directly with low price and high quality.\" \/>\n<meta name=\"robots\" content=\"index, follow, max-snippet:-1, max-image-preview:large, max-video-preview:-1\" \/>\n<link rel=\"canonical\" href=\"https:\/\/www.jyiele.com\/fr\/product\/high-voltage-ac-vacuum-load-switch\/\" \/>\n<meta property=\"og:locale\" content=\"fr_FR\" \/>\n<meta property=\"og:type\" content=\"article\" \/>\n<meta property=\"og:title\" content=\"VF(R)-12 Embedded High Voltage AC Vacuum Load Switch from China manufacturer - JYIELE\" \/>\n<meta property=\"og:description\" content=\"High Voltage AC Vacuum Load Switch offered by China manufacturer JYIELE Electric Manufacture. Buy Vacuum Circuit Breaker directly with low price and high quality.\" \/>\n<meta property=\"og:url\" content=\"https:\/\/www.jyiele.com\/fr\/product\/high-voltage-ac-vacuum-load-switch\/\" \/>\n<meta property=\"og:site_name\" content=\"JYIELE\" \/>\n<meta property=\"article:modified_time\" content=\"2025-03-09T11:38:45+00:00\" \/>\n<meta property=\"og:image\" content=\"https:\/\/www.jyiele.com\/wp-content\/uploads\/2024\/09\/High-Voltage-AC-Vacuum-Load-Switch.webp\" \/>\n\t<meta property=\"og:image:width\" content=\"600\" \/>\n\t<meta property=\"og:image:height\" content=\"600\" \/>\n\t<meta property=\"og:image:type\" content=\"image\/webp\" \/>\n<meta name=\"twitter:card\" content=\"summary_large_image\" \/>\n<meta name=\"twitter:label1\" content=\"Dur\u00e9e de lecture estim\u00e9e\" \/>\n\t<meta name=\"twitter:data1\" content=\"3 minutes\" \/>\n<script type=\"application\/ld+json\" class=\"yoast-schema-graph\">{\"@context\":\"https:\/\/schema.org\",\"@graph\":[{\"@type\":\"WebPage\",\"@id\":\"https:\/\/www.jyiele.com\/product\/high-voltage-ac-vacuum-load-switch\/\",\"url\":\"https:\/\/www.jyiele.com\/product\/high-voltage-ac-vacuum-load-switch\/\",\"name\":\"VF(R)-12 Embedded High Voltage AC Vacuum Load Switch from China manufacturer - JYIELE\",\"isPartOf\":{\"@id\":\"https:\/\/www.jyiele.com\/#website\"},\"primaryImageOfPage\":{\"@id\":\"https:\/\/www.jyiele.com\/product\/high-voltage-ac-vacuum-load-switch\/#primaryimage\"},\"image\":{\"@id\":\"https:\/\/www.jyiele.com\/product\/high-voltage-ac-vacuum-load-switch\/#primaryimage\"},\"thumbnailUrl\":\"https:\/\/www.jyiele.com\/wp-content\/uploads\/2024\/09\/High-Voltage-AC-Vacuum-Load-Switch.webp\",\"datePublished\":\"2022-09-16T13:33:48+00:00\",\"dateModified\":\"2025-03-09T11:38:45+00:00\",\"description\":\"High Voltage AC Vacuum Load Switch offered by China manufacturer JYIELE Electric Manufacture. Buy Vacuum Circuit Breaker directly with low price and high quality.\",\"breadcrumb\":{\"@id\":\"https:\/\/www.jyiele.com\/product\/high-voltage-ac-vacuum-load-switch\/#breadcrumb\"},\"inLanguage\":\"fr-FR\",\"potentialAction\":[{\"@type\":\"ReadAction\",\"target\":[\"https:\/\/www.jyiele.com\/product\/high-voltage-ac-vacuum-load-switch\/\"]}]},{\"@type\":\"ImageObject\",\"inLanguage\":\"fr-FR\",\"@id\":\"https:\/\/www.jyiele.com\/product\/high-voltage-ac-vacuum-load-switch\/#primaryimage\",\"url\":\"https:\/\/www.jyiele.com\/wp-content\/uploads\/2024\/09\/High-Voltage-AC-Vacuum-Load-Switch.webp\",\"contentUrl\":\"https:\/\/www.jyiele.com\/wp-content\/uploads\/2024\/09\/High-Voltage-AC-Vacuum-Load-Switch.webp\",\"width\":600,\"height\":600,\"caption\":\"High Voltage AC Vacuum Load Switch\"},{\"@type\":\"BreadcrumbList\",\"@id\":\"https:\/\/www.jyiele.com\/product\/high-voltage-ac-vacuum-load-switch\/#breadcrumb\",\"itemListElement\":[{\"@type\":\"ListItem\",\"position\":1,\"name\":\"Home\",\"item\":\"https:\/\/www.jyiele.com\/\"},{\"@type\":\"ListItem\",\"position\":2,\"name\":\"Product\",\"item\":\"https:\/\/www.jyiele.com\/product\/\"},{\"@type\":\"ListItem\",\"position\":3,\"name\":\"Vacuum Circuit Breaker\",\"item\":\"https:\/\/www.jyiele.com\/product-category\/vacuum-circuit-breaker\/\"},{\"@type\":\"ListItem\",\"position\":4,\"name\":\"VF(R)-12 Embedded High Voltage AC Vacuum Load Switch\"}]},{\"@type\":\"WebSite\",\"@id\":\"https:\/\/www.jyiele.com\/#website\",\"url\":\"https:\/\/www.jyiele.com\/\",\"name\":\"JYIELE\",\"description\":\"Vacuum Circuit Breaker manufacturer\",\"publisher\":{\"@id\":\"https:\/\/www.jyiele.com\/#organization\"},\"potentialAction\":[{\"@type\":\"SearchAction\",\"target\":{\"@type\":\"EntryPoint\",\"urlTemplate\":\"https:\/\/www.jyiele.com\/?s={search_term_string}\"},\"query-input\":{\"@type\":\"PropertyValueSpecification\",\"valueRequired\":true,\"valueName\":\"search_term_string\"}}],\"inLanguage\":\"fr-FR\"},{\"@type\":\"Organization\",\"@id\":\"https:\/\/www.jyiele.com\/#organization\",\"name\":\"JYIELE\",\"url\":\"https:\/\/www.jyiele.com\/\",\"logo\":{\"@type\":\"ImageObject\",\"inLanguage\":\"fr-FR\",\"@id\":\"https:\/\/www.jyiele.com\/#\/schema\/logo\/image\/\",\"url\":\"https:\/\/www.jyiele.com\/wp-content\/uploads\/2024\/09\/cropped-jyele-1.webp\",\"contentUrl\":\"https:\/\/www.jyiele.com\/wp-content\/uploads\/2024\/09\/cropped-jyele-1.webp\",\"width\":137,\"height\":60,\"caption\":\"JYIELE\"},\"image\":{\"@id\":\"https:\/\/www.jyiele.com\/#\/schema\/logo\/image\/\"}}]}<\/script>\n<!-- \/ Yoast SEO plugin. -->","yoast_head_json":{"title":"VF(R)-12 Embedded High Voltage AC Vacuum Load Switch from China manufacturer - JYIELE","description":"Interrupteur \u00e0 vide AC haute tension propos\u00e9 par le fabricant chinois JYIELE Electric Manufacture. Achetez directement le disjoncteur \u00e0 vide avec un prix bas et une haute qualit\u00e9.","robots":{"index":"index","follow":"follow","max-snippet":"max-snippet:-1","max-image-preview":"max-image-preview:large","max-video-preview":"max-video-preview:-1"},"canonical":"https:\/\/www.jyiele.com\/fr\/product\/high-voltage-ac-vacuum-load-switch\/","og_locale":"fr_FR","og_type":"article","og_title":"VF(R)-12 Embedded High Voltage AC Vacuum Load Switch from China manufacturer - JYIELE","og_description":"High Voltage AC Vacuum Load Switch offered by China manufacturer JYIELE Electric Manufacture. Buy Vacuum Circuit Breaker directly with low price and high quality.","og_url":"https:\/\/www.jyiele.com\/fr\/product\/high-voltage-ac-vacuum-load-switch\/","og_site_name":"JYIELE","article_modified_time":"2025-03-09T11:38:45+00:00","og_image":[{"width":600,"height":600,"url":"https:\/\/www.jyiele.com\/wp-content\/uploads\/2024\/09\/High-Voltage-AC-Vacuum-Load-Switch.webp","type":"image\/webp"}],"twitter_card":"summary_large_image","twitter_misc":{"Dur\u00e9e de lecture estim\u00e9e":"3 minutes"},"schema":{"@context":"https:\/\/schema.org","@graph":[{"@type":"WebPage","@id":"https:\/\/www.jyiele.com\/product\/high-voltage-ac-vacuum-load-switch\/","url":"https:\/\/www.jyiele.com\/product\/high-voltage-ac-vacuum-load-switch\/","name":"VF(R)-12 Embedded High Voltage AC Vacuum Load Switch from China manufacturer - JYIELE","isPartOf":{"@id":"https:\/\/www.jyiele.com\/#website"},"primaryImageOfPage":{"@id":"https:\/\/www.jyiele.com\/product\/high-voltage-ac-vacuum-load-switch\/#primaryimage"},"image":{"@id":"https:\/\/www.jyiele.com\/product\/high-voltage-ac-vacuum-load-switch\/#primaryimage"},"thumbnailUrl":"https:\/\/www.jyiele.com\/wp-content\/uploads\/2024\/09\/High-Voltage-AC-Vacuum-Load-Switch.webp","datePublished":"2022-09-16T13:33:48+00:00","dateModified":"2025-03-09T11:38:45+00:00","description":"Interrupteur \u00e0 vide AC haute tension propos\u00e9 par le fabricant chinois JYIELE Electric Manufacture. Achetez directement le disjoncteur \u00e0 vide avec un prix bas et une haute qualit\u00e9.","breadcrumb":{"@id":"https:\/\/www.jyiele.com\/product\/high-voltage-ac-vacuum-load-switch\/#breadcrumb"},"inLanguage":"fr-FR","potentialAction":[{"@type":"ReadAction","target":["https:\/\/www.jyiele.com\/product\/high-voltage-ac-vacuum-load-switch\/"]}]},{"@type":"ImageObject","inLanguage":"fr-FR","@id":"https:\/\/www.jyiele.com\/product\/high-voltage-ac-vacuum-load-switch\/#primaryimage","url":"https:\/\/www.jyiele.com\/wp-content\/uploads\/2024\/09\/High-Voltage-AC-Vacuum-Load-Switch.webp","contentUrl":"https:\/\/www.jyiele.com\/wp-content\/uploads\/2024\/09\/High-Voltage-AC-Vacuum-Load-Switch.webp","width":600,"height":600,"caption":"High Voltage AC Vacuum Load Switch"},{"@type":"BreadcrumbList","@id":"https:\/\/www.jyiele.com\/product\/high-voltage-ac-vacuum-load-switch\/#breadcrumb","itemListElement":[{"@type":"ListItem","position":1,"name":"Home","item":"https:\/\/www.jyiele.com\/"},{"@type":"ListItem","position":2,"name":"Product","item":"https:\/\/www.jyiele.com\/product\/"},{"@type":"ListItem","position":3,"name":"Vacuum Circuit Breaker","item":"https:\/\/www.jyiele.com\/product-category\/vacuum-circuit-breaker\/"},{"@type":"ListItem","position":4,"name":"VF(R)-12 Embedded High Voltage AC Vacuum Load Switch"}]},{"@type":"WebSite","@id":"https:\/\/www.jyiele.com\/#website","url":"https:\/\/www.jyiele.com\/","name":"JYIELE","description":"Fabricant de disjoncteurs \u00e0 vide","publisher":{"@id":"https:\/\/www.jyiele.com\/#organization"},"potentialAction":[{"@type":"SearchAction","target":{"@type":"EntryPoint","urlTemplate":"https:\/\/www.jyiele.com\/?s={search_term_string}"},"query-input":{"@type":"PropertyValueSpecification","valueRequired":true,"valueName":"search_term_string"}}],"inLanguage":"fr-FR"},{"@type":"Organization","@id":"https:\/\/www.jyiele.com\/#organization","name":"JYIELE","url":"https:\/\/www.jyiele.com\/","logo":{"@type":"ImageObject","inLanguage":"fr-FR","@id":"https:\/\/www.jyiele.com\/#\/schema\/logo\/image\/","url":"https:\/\/www.jyiele.com\/wp-content\/uploads\/2024\/09\/cropped-jyele-1.webp","contentUrl":"https:\/\/www.jyiele.com\/wp-content\/uploads\/2024\/09\/cropped-jyele-1.webp","width":137,"height":60,"caption":"JYIELE"},"image":{"@id":"https:\/\/www.jyiele.com\/#\/schema\/logo\/image\/"}}]}},"_links":{"self":[{"href":"https:\/\/www.jyiele.com\/fr\/wp-json\/wp\/v2\/product\/1228","targetHints":{"allow":["GET"]}}],"collection":[{"href":"https:\/\/www.jyiele.com\/fr\/wp-json\/wp\/v2\/product"}],"about":[{"href":"https:\/\/www.jyiele.com\/fr\/wp-json\/wp\/v2\/types\/product"}],"version-history":[{"count":1,"href":"https:\/\/www.jyiele.com\/fr\/wp-json\/wp\/v2\/product\/1228\/revisions"}],"predecessor-version":[{"id":2447,"href":"https:\/\/www.jyiele.com\/fr\/wp-json\/wp\/v2\/product\/1228\/revisions\/2447"}],"wp:featuredmedia":[{"embeddable":true,"href":"https:\/\/www.jyiele.com\/fr\/wp-json\/wp\/v2\/media\/1230"}],"wp:attachment":[{"href":"https:\/\/www.jyiele.com\/fr\/wp-json\/wp\/v2\/media?parent=1228"}],"wp:term":[{"taxonomy":"product_brand","embeddable":true,"href":"https:\/\/www.jyiele.com\/fr\/wp-json\/wp\/v2\/product_brand?post=1228"},{"taxonomy":"product_cat","embeddable":true,"href":"https:\/\/www.jyiele.com\/fr\/wp-json\/wp\/v2\/product_cat?post=1228"},{"taxonomy":"product_tag","embeddable":true,"href":"https:\/\/www.jyiele.com\/fr\/wp-json\/wp\/v2\/product_tag?post=1228"}],"curies":[{"name":"wp","href":"https:\/\/api.w.org\/{rel}","templated":true}]}}