{"id":1244,"date":"2020-03-07T06:44:57","date_gmt":"2020-03-07T06:44:57","guid":{"rendered":"https:\/\/www.jy-electric.com\/?post_type=product&#038;p=1244"},"modified":"2024-09-22T06:02:33","modified_gmt":"2024-09-22T06:02:33","slug":"car-tire-anti-slip-heavy-duty-zip-ties-plastic","status":"publish","type":"product","link":"https:\/\/www.jyiele.com\/fr\/product\/car-tire-anti-slip-heavy-duty-zip-ties-plastic\/","title":{"rendered":"Attaches Zip en plastique antid\u00e9rapantes pour pneus de voiture"},"content":{"rendered":"<h2>Caract\u00e9ristiques du produit<\/h2>\n<p>La sangle de fermeture \u00e0 glissi\u00e8re en plastique robuste pour pneus de voiture est anticorrosion, antiacide, isolante, a une fonction d'arr\u00eat, une bonne t\u00e9nacit\u00e9, une forte adh\u00e9rence, une fixation automatique, n'est pas facile \u00e0 vieillir, a une forte r\u00e9sistance au vieillissement, etc. Elle am\u00e9liore non seulement la s\u00e9curit\u00e9 de la conduite, mais elle est \u00e9galement tr\u00e8s durable et son installation est tr\u00e8s pratique, en particulier lorsqu'il pleut, qu'il neige ou que l'\u00e9tat de la route est mauvais.<\/p>\n<h2>M\u00e9thode d'installation<\/h2>\n<p>Il est possible de poin\u00e7onner et de serrer directement.<\/p>\n<h2>Autre description<\/h2>\n<p>La taille de la cha\u00eene antid\u00e9rapante peut \u00eatre ajust\u00e9e par la courroie r\u00e9sistante \u00e0 l'abrasion, ce qui convient \u00e0 tous les types de conditions routi\u00e8res.<br \/>\nConvient aux voitures, aux SUV, aux v\u00e9hicules commerciaux et \u00e0 de nombreux autres mod\u00e8les.<\/p>\n<p><img fetchpriority=\"high\" decoding=\"async\" class=\"alignnone wp-image-1249\" src=\"https:\/\/www.jy-electric.com\/wp-content\/uploads\/2024\/09\/Ties-Plastic-300x277.webp\" alt=\"Cravates en plastique\" width=\"488\" height=\"451\" srcset=\"https:\/\/www.jyiele.com\/wp-content\/uploads\/2024\/09\/Ties-Plastic-300x277.webp 300w, https:\/\/www.jyiele.com\/wp-content\/uploads\/2024\/09\/Ties-Plastic-13x12.webp 13w, https:\/\/www.jyiele.com\/wp-content\/uploads\/2024\/09\/Ties-Plastic-600x554.webp 600w, https:\/\/www.jyiele.com\/wp-content\/uploads\/2024\/09\/Ties-Plastic.webp 750w\" sizes=\"(max-width: 488px) 100vw, 488px\" \/><img decoding=\"async\" class=\"alignnone wp-image-1248\" style=\"font-weight: inherit;\" src=\"https:\/\/www.jy-electric.com\/wp-content\/uploads\/2024\/09\/Car-Tire-Anti-Slip-Heavy-Duty-Zip-Ties-221x300.webp\" alt=\"\" width=\"333\" height=\"452\" srcset=\"https:\/\/www.jyiele.com\/wp-content\/uploads\/2024\/09\/Car-Tire-Anti-Slip-Heavy-Duty-Zip-Ties-221x300.webp 221w, https:\/\/www.jyiele.com\/wp-content\/uploads\/2024\/09\/Car-Tire-Anti-Slip-Heavy-Duty-Zip-Ties-9x12.webp 9w, https:\/\/www.jyiele.com\/wp-content\/uploads\/2024\/09\/Car-Tire-Anti-Slip-Heavy-Duty-Zip-Ties-600x815.webp 600w, https:\/\/www.jyiele.com\/wp-content\/uploads\/2024\/09\/Car-Tire-Anti-Slip-Heavy-Duty-Zip-Ties.webp 750w\" sizes=\"(max-width: 333px) 100vw, 333px\" \/><img decoding=\"async\" class=\"alignnone wp-image-1247\" style=\"font-weight: inherit;\" src=\"https:\/\/www.jy-electric.com\/wp-content\/uploads\/2024\/09\/Zip-Ties-Plastic-175x300.webp\" alt=\"\" width=\"264\" height=\"452\" srcset=\"https:\/\/www.jyiele.com\/wp-content\/uploads\/2024\/09\/Zip-Ties-Plastic-175x300.webp 175w, https:\/\/www.jyiele.com\/wp-content\/uploads\/2024\/09\/Zip-Ties-Plastic-7x12.webp 7w\" sizes=\"(max-width: 264px) 100vw, 264px\" \/><\/p>\n<h2>FAQ<\/h2>\n<p>Q 1 : \u00cates-vous une usine ou une soci\u00e9t\u00e9 commerciale ?<br \/>\nR : Nous sommes une usine, l'achat direct aupr\u00e8s de nous peut b\u00e9n\u00e9ficier du prix le plus bas, d'un bon rapport qualit\u00e9-prix.<\/p>\n<p>Q 2 : Comment garantissez-vous la qualit\u00e9 de vos produits ?<br \/>\nR : Nous contr\u00f4lons tous les produits 100% pour en garantir la qualit\u00e9.<\/p>\n<p>Q 3 : Quand recevrai-je un devis ?<br \/>\nR : D'une mani\u00e8re g\u00e9n\u00e9rale, nous vous fournirons un devis dans les 24 heures suivant la r\u00e9ception de votre demande.<\/p>\n<p>Q 4 : Comment puis-je obtenir des \u00e9chantillons ?<br \/>\nR : Si vous ne trouvez pas nos produits localement, nous pouvons vous envoyer des \u00e9chantillons. Les frais d'\u00e9chantillonnage et d'exp\u00e9dition sont \u00e0 votre charge.<\/p>","protected":false},"excerpt":{"rendered":"<p>Product Name\uff1aCar Tire Anti-Slip Heavy Duty Zip Ties Plastic<br \/>\nMarque\uff1aJYIELE<br \/>\nMati\u00e8re : nouveau nylon 66<br \/>\nTaille : 12*900 MM<br \/>\nLargeur : 175-195 MM<br \/>\nPoids : 0,8 kg<br \/>\nTaille de roue applicable : 14-24 pouces (ne s'applique pas aux roues de camion et aux roues \u00e0 tambour)<br \/>\nTemp\u00e9rature de fonctionnement : -35\u00b0C \u00e0 85\u00b0C<br \/>\nCouleur : naturel, noir, couleur personnalis\u00e9e<br \/>\nClassement au feu : UL94V-2<br \/>\nCertification : ISO9001, CE, ROHS<br \/>\nGarantie : Un an<br \/>\nUtilisation : Emp\u00eache les pneus de glisser sur les routes pluvieuses et enneig\u00e9es.<br \/>\n\u00c9chantillon : \u00c9chantillon gratuit<br \/>\nOEM : Support<\/p>","protected":false},"featured_media":1245,"template":"","meta":{"site-sidebar-layout":"default","site-content-layout":"","ast-site-content-layout":"default","site-content-style":"default","site-sidebar-style":"default","ast-global-header-display":"","ast-banner-title-visibility":"","ast-main-header-display":"","ast-hfb-above-header-display":"","ast-hfb-below-header-display":"","ast-hfb-mobile-header-display":"","site-post-title":"","ast-breadcrumbs-content":"","ast-featured-img":"","footer-sml-layout":"","theme-transparent-header-meta":"default","adv-header-id-meta":"","stick-header-meta":"","header-above-stick-meta":"","header-main-stick-meta":"","header-below-stick-meta":"","astra-migrate-meta-layouts":"set","ast-page-background-enabled":"default","ast-page-background-meta":{"desktop":{"background-color":"var(--ast-global-color-4)","background-image":"","background-repeat":"repeat","background-position":"center center","background-size":"auto","background-attachment":"scroll","background-type":"","background-media":"","overlay-type":"","overlay-color":"","overlay-opacity":"","overlay-gradient":""},"tablet":{"background-color":"","background-image":"","background-repeat":"repeat","background-position":"center center","background-size":"auto","background-attachment":"scroll","background-type":"","background-media":"","overlay-type":"","overlay-color":"","overlay-opacity":"","overlay-gradient":""},"mobile":{"background-color":"","background-image":"","background-repeat":"repeat","background-position":"center center","background-size":"auto","background-attachment":"scroll","background-type":"","background-media":"","overlay-type":"","overlay-color":"","overlay-opacity":"","overlay-gradient":""}},"ast-content-background-meta":{"desktop":{"background-color":"var(--ast-global-color-5)","background-image":"","background-repeat":"repeat","background-position":"center center","background-size":"auto","background-attachment":"scroll","background-type":"","background-media":"","overlay-type":"","overlay-color":"","overlay-opacity":"","overlay-gradient":""},"tablet":{"background-color":"var(--ast-global-color-5)","background-image":"","background-repeat":"repeat","background-position":"center center","background-size":"auto","background-attachment":"scroll","background-type":"","background-media":"","overlay-type":"","overlay-color":"","overlay-opacity":"","overlay-gradient":""},"mobile":{"background-color":"var(--ast-global-color-5)","background-image":"","background-repeat":"repeat","background-position":"center center","background-size":"auto","background-attachment":"scroll","background-type":"","background-media":"","overlay-type":"","overlay-color":"","overlay-opacity":"","overlay-gradient":""}}},"product_brand":[],"product_cat":[20],"product_tag":[],"class_list":{"0":"post-1244","1":"product","2":"type-product","3":"status-publish","4":"has-post-thumbnail","6":"product_cat-zip-ties","7":"desktop-align-left","8":"tablet-align-left","9":"mobile-align-left","11":"first","12":"instock","13":"shipping-taxable","14":"product-type-simple"},"yoast_head":"<!-- This site is optimized with the Yoast SEO plugin v24.8.1 - https:\/\/yoast.com\/wordpress\/plugins\/seo\/ -->\n<title>Car Tire Anti-Slip Heavy Duty Zip Ties Plastic from China manufacturer - JYIELE Electric<\/title>\n<meta name=\"description\" content=\"Car Tire Anti-Slip Heavy Duty Zip Ties Plastic offered by China manufacturer JYIELE Electric Manufacture. Buy Zip Ties directly with low price and high quality.\" \/>\n<meta name=\"robots\" content=\"index, follow, max-snippet:-1, max-image-preview:large, max-video-preview:-1\" \/>\n<link rel=\"canonical\" href=\"https:\/\/www.jyiele.com\/fr\/product\/car-tire-anti-slip-heavy-duty-zip-ties-plastic\/\" \/>\n<meta property=\"og:locale\" content=\"fr_FR\" \/>\n<meta property=\"og:type\" content=\"article\" \/>\n<meta property=\"og:title\" content=\"Car Tire Anti-Slip Heavy Duty Zip Ties Plastic from China manufacturer - JYIELE Electric\" \/>\n<meta property=\"og:description\" content=\"Car Tire Anti-Slip Heavy Duty Zip Ties Plastic offered by China manufacturer JYIELE Electric Manufacture. Buy Zip Ties directly with low price and high quality.\" \/>\n<meta property=\"og:url\" content=\"https:\/\/www.jyiele.com\/fr\/product\/car-tire-anti-slip-heavy-duty-zip-ties-plastic\/\" \/>\n<meta property=\"og:site_name\" content=\"JYIELE\" \/>\n<meta property=\"article:modified_time\" content=\"2024-09-22T06:02:33+00:00\" \/>\n<meta property=\"og:image\" content=\"https:\/\/www.jyiele.com\/wp-content\/uploads\/2024\/09\/Car-Tire-Anti-Slip-Heavy-Duty-Zip-Ties-Plastic.webp\" \/>\n\t<meta property=\"og:image:width\" content=\"800\" \/>\n\t<meta property=\"og:image:height\" content=\"800\" \/>\n\t<meta property=\"og:image:type\" content=\"image\/webp\" \/>\n<meta name=\"twitter:card\" content=\"summary_large_image\" \/>\n<meta name=\"twitter:label1\" content=\"Dur\u00e9e de lecture estim\u00e9e\" \/>\n\t<meta name=\"twitter:data1\" content=\"2 minutes\" \/>\n<script type=\"application\/ld+json\" class=\"yoast-schema-graph\">{\"@context\":\"https:\/\/schema.org\",\"@graph\":[{\"@type\":\"WebPage\",\"@id\":\"https:\/\/www.jyiele.com\/product\/car-tire-anti-slip-heavy-duty-zip-ties-plastic\/\",\"url\":\"https:\/\/www.jyiele.com\/product\/car-tire-anti-slip-heavy-duty-zip-ties-plastic\/\",\"name\":\"Car Tire Anti-Slip Heavy Duty Zip Ties Plastic from China manufacturer - JYIELE Electric\",\"isPartOf\":{\"@id\":\"https:\/\/www.jyiele.com\/#website\"},\"primaryImageOfPage\":{\"@id\":\"https:\/\/www.jyiele.com\/product\/car-tire-anti-slip-heavy-duty-zip-ties-plastic\/#primaryimage\"},\"image\":{\"@id\":\"https:\/\/www.jyiele.com\/product\/car-tire-anti-slip-heavy-duty-zip-ties-plastic\/#primaryimage\"},\"thumbnailUrl\":\"https:\/\/www.jyiele.com\/wp-content\/uploads\/2024\/09\/Car-Tire-Anti-Slip-Heavy-Duty-Zip-Ties-Plastic.webp\",\"datePublished\":\"2020-03-07T06:44:57+00:00\",\"dateModified\":\"2024-09-22T06:02:33+00:00\",\"description\":\"Car Tire Anti-Slip Heavy Duty Zip Ties Plastic offered by China manufacturer JYIELE Electric Manufacture. Buy Zip Ties directly with low price and high quality.\",\"breadcrumb\":{\"@id\":\"https:\/\/www.jyiele.com\/product\/car-tire-anti-slip-heavy-duty-zip-ties-plastic\/#breadcrumb\"},\"inLanguage\":\"fr-FR\",\"potentialAction\":[{\"@type\":\"ReadAction\",\"target\":[\"https:\/\/www.jyiele.com\/product\/car-tire-anti-slip-heavy-duty-zip-ties-plastic\/\"]}]},{\"@type\":\"ImageObject\",\"inLanguage\":\"fr-FR\",\"@id\":\"https:\/\/www.jyiele.com\/product\/car-tire-anti-slip-heavy-duty-zip-ties-plastic\/#primaryimage\",\"url\":\"https:\/\/www.jyiele.com\/wp-content\/uploads\/2024\/09\/Car-Tire-Anti-Slip-Heavy-Duty-Zip-Ties-Plastic.webp\",\"contentUrl\":\"https:\/\/www.jyiele.com\/wp-content\/uploads\/2024\/09\/Car-Tire-Anti-Slip-Heavy-Duty-Zip-Ties-Plastic.webp\",\"width\":800,\"height\":800,\"caption\":\"Car-Tire-Anti-Slip-Heavy-Duty-Zip-Ties-Plastic\"},{\"@type\":\"BreadcrumbList\",\"@id\":\"https:\/\/www.jyiele.com\/product\/car-tire-anti-slip-heavy-duty-zip-ties-plastic\/#breadcrumb\",\"itemListElement\":[{\"@type\":\"ListItem\",\"position\":1,\"name\":\"Home\",\"item\":\"https:\/\/www.jyiele.com\/\"},{\"@type\":\"ListItem\",\"position\":2,\"name\":\"Product\",\"item\":\"https:\/\/www.jyiele.com\/product\/\"},{\"@type\":\"ListItem\",\"position\":3,\"name\":\"Zip Ties\",\"item\":\"https:\/\/www.jyiele.com\/de\/product-category\/zip-ties\/\"},{\"@type\":\"ListItem\",\"position\":4,\"name\":\"Car Tire Anti-Slip Heavy Duty Zip Ties Plastic\"}]},{\"@type\":\"WebSite\",\"@id\":\"https:\/\/www.jyiele.com\/#website\",\"url\":\"https:\/\/www.jyiele.com\/\",\"name\":\"JYIELE\",\"description\":\"Vacuum Circuit Breaker manufacturer\",\"publisher\":{\"@id\":\"https:\/\/www.jyiele.com\/#organization\"},\"potentialAction\":[{\"@type\":\"SearchAction\",\"target\":{\"@type\":\"EntryPoint\",\"urlTemplate\":\"https:\/\/www.jyiele.com\/?s={search_term_string}\"},\"query-input\":{\"@type\":\"PropertyValueSpecification\",\"valueRequired\":true,\"valueName\":\"search_term_string\"}}],\"inLanguage\":\"fr-FR\"},{\"@type\":\"Organization\",\"@id\":\"https:\/\/www.jyiele.com\/#organization\",\"name\":\"JYIELE\",\"url\":\"https:\/\/www.jyiele.com\/\",\"logo\":{\"@type\":\"ImageObject\",\"inLanguage\":\"fr-FR\",\"@id\":\"https:\/\/www.jyiele.com\/#\/schema\/logo\/image\/\",\"url\":\"https:\/\/www.jyiele.com\/wp-content\/uploads\/2024\/09\/cropped-jyele-1.webp\",\"contentUrl\":\"https:\/\/www.jyiele.com\/wp-content\/uploads\/2024\/09\/cropped-jyele-1.webp\",\"width\":137,\"height\":60,\"caption\":\"JYIELE\"},\"image\":{\"@id\":\"https:\/\/www.jyiele.com\/#\/schema\/logo\/image\/\"}}]}<\/script>\n<!-- \/ Yoast SEO plugin. -->","yoast_head_json":{"title":"Attaches zipp\u00e9es antid\u00e9rapantes pour pneus de voiture en plastique de fabricant chinois - JYIELE Electric","description":"Attaches zipp\u00e9es antid\u00e9rapantes en plastique pour pneus de voiture propos\u00e9es par le fabricant chinois JYIELE Electric Manufacture. Achetez directement des attaches zipp\u00e9es \u00e0 bas prix et de haute qualit\u00e9.","robots":{"index":"index","follow":"follow","max-snippet":"max-snippet:-1","max-image-preview":"max-image-preview:large","max-video-preview":"max-video-preview:-1"},"canonical":"https:\/\/www.jyiele.com\/fr\/product\/car-tire-anti-slip-heavy-duty-zip-ties-plastic\/","og_locale":"fr_FR","og_type":"article","og_title":"Car Tire Anti-Slip Heavy Duty Zip Ties Plastic from China manufacturer - JYIELE Electric","og_description":"Car Tire Anti-Slip Heavy Duty Zip Ties Plastic offered by China manufacturer JYIELE Electric Manufacture. Buy Zip Ties directly with low price and high quality.","og_url":"https:\/\/www.jyiele.com\/fr\/product\/car-tire-anti-slip-heavy-duty-zip-ties-plastic\/","og_site_name":"JYIELE","article_modified_time":"2024-09-22T06:02:33+00:00","og_image":[{"width":800,"height":800,"url":"https:\/\/www.jyiele.com\/wp-content\/uploads\/2024\/09\/Car-Tire-Anti-Slip-Heavy-Duty-Zip-Ties-Plastic.webp","type":"image\/webp"}],"twitter_card":"summary_large_image","twitter_misc":{"Dur\u00e9e de lecture estim\u00e9e":"2 minutes"},"schema":{"@context":"https:\/\/schema.org","@graph":[{"@type":"WebPage","@id":"https:\/\/www.jyiele.com\/product\/car-tire-anti-slip-heavy-duty-zip-ties-plastic\/","url":"https:\/\/www.jyiele.com\/product\/car-tire-anti-slip-heavy-duty-zip-ties-plastic\/","name":"Attaches zipp\u00e9es antid\u00e9rapantes pour pneus de voiture en plastique de fabricant chinois - JYIELE Electric","isPartOf":{"@id":"https:\/\/www.jyiele.com\/#website"},"primaryImageOfPage":{"@id":"https:\/\/www.jyiele.com\/product\/car-tire-anti-slip-heavy-duty-zip-ties-plastic\/#primaryimage"},"image":{"@id":"https:\/\/www.jyiele.com\/product\/car-tire-anti-slip-heavy-duty-zip-ties-plastic\/#primaryimage"},"thumbnailUrl":"https:\/\/www.jyiele.com\/wp-content\/uploads\/2024\/09\/Car-Tire-Anti-Slip-Heavy-Duty-Zip-Ties-Plastic.webp","datePublished":"2020-03-07T06:44:57+00:00","dateModified":"2024-09-22T06:02:33+00:00","description":"Attaches zipp\u00e9es antid\u00e9rapantes en plastique pour pneus de voiture propos\u00e9es par le fabricant chinois JYIELE Electric Manufacture. Achetez directement des attaches zipp\u00e9es \u00e0 bas prix et de haute qualit\u00e9.","breadcrumb":{"@id":"https:\/\/www.jyiele.com\/product\/car-tire-anti-slip-heavy-duty-zip-ties-plastic\/#breadcrumb"},"inLanguage":"fr-FR","potentialAction":[{"@type":"ReadAction","target":["https:\/\/www.jyiele.com\/product\/car-tire-anti-slip-heavy-duty-zip-ties-plastic\/"]}]},{"@type":"ImageObject","inLanguage":"fr-FR","@id":"https:\/\/www.jyiele.com\/product\/car-tire-anti-slip-heavy-duty-zip-ties-plastic\/#primaryimage","url":"https:\/\/www.jyiele.com\/wp-content\/uploads\/2024\/09\/Car-Tire-Anti-Slip-Heavy-Duty-Zip-Ties-Plastic.webp","contentUrl":"https:\/\/www.jyiele.com\/wp-content\/uploads\/2024\/09\/Car-Tire-Anti-Slip-Heavy-Duty-Zip-Ties-Plastic.webp","width":800,"height":800,"caption":"Car-Tire-Anti-Slip-Heavy-Duty-Zip-Ties-Plastic"},{"@type":"BreadcrumbList","@id":"https:\/\/www.jyiele.com\/product\/car-tire-anti-slip-heavy-duty-zip-ties-plastic\/#breadcrumb","itemListElement":[{"@type":"ListItem","position":1,"name":"Home","item":"https:\/\/www.jyiele.com\/"},{"@type":"ListItem","position":2,"name":"Product","item":"https:\/\/www.jyiele.com\/product\/"},{"@type":"ListItem","position":3,"name":"Zip Ties","item":"https:\/\/www.jyiele.com\/de\/product-category\/zip-ties\/"},{"@type":"ListItem","position":4,"name":"Car Tire Anti-Slip Heavy Duty Zip Ties Plastic"}]},{"@type":"WebSite","@id":"https:\/\/www.jyiele.com\/#website","url":"https:\/\/www.jyiele.com\/","name":"JYIELE","description":"Fabricant de disjoncteurs \u00e0 vide","publisher":{"@id":"https:\/\/www.jyiele.com\/#organization"},"potentialAction":[{"@type":"SearchAction","target":{"@type":"EntryPoint","urlTemplate":"https:\/\/www.jyiele.com\/?s={search_term_string}"},"query-input":{"@type":"PropertyValueSpecification","valueRequired":true,"valueName":"search_term_string"}}],"inLanguage":"fr-FR"},{"@type":"Organization","@id":"https:\/\/www.jyiele.com\/#organization","name":"JYIELE","url":"https:\/\/www.jyiele.com\/","logo":{"@type":"ImageObject","inLanguage":"fr-FR","@id":"https:\/\/www.jyiele.com\/#\/schema\/logo\/image\/","url":"https:\/\/www.jyiele.com\/wp-content\/uploads\/2024\/09\/cropped-jyele-1.webp","contentUrl":"https:\/\/www.jyiele.com\/wp-content\/uploads\/2024\/09\/cropped-jyele-1.webp","width":137,"height":60,"caption":"JYIELE"},"image":{"@id":"https:\/\/www.jyiele.com\/#\/schema\/logo\/image\/"}}]}},"_links":{"self":[{"href":"https:\/\/www.jyiele.com\/fr\/wp-json\/wp\/v2\/product\/1244","targetHints":{"allow":["GET"]}}],"collection":[{"href":"https:\/\/www.jyiele.com\/fr\/wp-json\/wp\/v2\/product"}],"about":[{"href":"https:\/\/www.jyiele.com\/fr\/wp-json\/wp\/v2\/types\/product"}],"version-history":[{"count":1,"href":"https:\/\/www.jyiele.com\/fr\/wp-json\/wp\/v2\/product\/1244\/revisions"}],"predecessor-version":[{"id":1246,"href":"https:\/\/www.jyiele.com\/fr\/wp-json\/wp\/v2\/product\/1244\/revisions\/1246"}],"wp:featuredmedia":[{"embeddable":true,"href":"https:\/\/www.jyiele.com\/fr\/wp-json\/wp\/v2\/media\/1245"}],"wp:attachment":[{"href":"https:\/\/www.jyiele.com\/fr\/wp-json\/wp\/v2\/media?parent=1244"}],"wp:term":[{"taxonomy":"product_brand","embeddable":true,"href":"https:\/\/www.jyiele.com\/fr\/wp-json\/wp\/v2\/product_brand?post=1244"},{"taxonomy":"product_cat","embeddable":true,"href":"https:\/\/www.jyiele.com\/fr\/wp-json\/wp\/v2\/product_cat?post=1244"},{"taxonomy":"product_tag","embeddable":true,"href":"https:\/\/www.jyiele.com\/fr\/wp-json\/wp\/v2\/product_tag?post=1244"}],"curies":[{"name":"wp","href":"https:\/\/api.w.org\/{rel}","templated":true}]}}