{"id":1250,"date":"2020-04-08T07:05:18","date_gmt":"2020-04-08T07:05:18","guid":{"rendered":"https:\/\/www.jy-electric.com\/?post_type=product&#038;p=1250"},"modified":"2024-09-22T06:02:40","modified_gmt":"2024-09-22T06:02:40","slug":"plastic-cable-zip-ties","status":"publish","type":"product","link":"https:\/\/www.jyiele.com\/fr\/product\/plastic-cable-zip-ties\/","title":{"rendered":"Colliers de serrage en plastique pour c\u00e2bles"},"content":{"rendered":"<h2>Caract\u00e9ristiques et avantages des liens en plastique<\/h2>\n<p><strong>Mat\u00e9riau de haute qualit\u00e9<\/strong>Les produits sont fabriqu\u00e9s en nylon 66 r\u00e9sistant, solide et durable.<\/p>\n<p><strong>SUPER DURABLE<\/strong>: R\u00e9sistant \u00e0 la corrosion et aux basses temp\u00e9ratures, il ne vieillit pas facilement et convient \u00e0 divers environnements.<\/p>\n<p><strong>Fixation solide<\/strong>Conception compacte, permet de fixer solidement toutes sortes d'objets et ne se d\u00e9tache pas.<\/p>\n<p><strong>FACILE \u00c0 INSTALLER<\/strong>: Facile \u00e0 utiliser, il suffit de l'enrouler autour de l'objet et de le serrer, sans aucun outil.<\/p>\n<p><strong>Utilisation s\u00fbre<\/strong>Les bords sont lisses et ne blessent pas les doigts ou les objets, ce qui permet une utilisation s\u00fbre.<\/p>\n<p><strong>Choix multiples<\/strong>Il existe diff\u00e9rentes couleurs et tailles pour r\u00e9pondre \u00e0 des besoins diff\u00e9rents.<\/p>\n<p><strong>Abordable<\/strong>: Prix raisonnable, l'utilisation \u00e0 long terme n'entra\u00eenera pas de co\u00fbts suppl\u00e9mentaires.<\/p>\n<p><strong>Mat\u00e9riau \u00e9cologique<\/strong>Les produits de l'UE sont conformes aux normes environnementales et respectueux de l'environnement.<\/p>\n<p><strong>Largement utilis\u00e9<\/strong>Les produits de cette cat\u00e9gorie conviennent \u00e0 la maison, au bureau, \u00e0 l'industrie, etc. Il permet de fixer des fils et des objets.<\/p>\n<p><strong>Certifi\u00e9 et garanti :<\/strong> certifi\u00e9 par ISO9001 et d'autres certifications, la qualit\u00e9 est garantie.<\/p>\n<h2><strong>D\u00e9lai d'ex\u00e9cution<\/strong><\/h2>\n<figure class=\"wp-block-table\">\n<div class=\"scroll\">\n<table>\n<tbody>\n<tr>\n<td>Quantit\u00e9 (sacs)<\/td>\n<td>1 - 2000<\/td>\n<td>2001 - 10000<\/td>\n<td>&gt; 10000<\/td>\n<\/tr>\n<tr>\n<td>D\u00e9lai d'ex\u00e9cution (jours)<\/td>\n<td>7<\/td>\n<td>20<\/td>\n<td>A n\u00e9gocier<\/td>\n<\/tr>\n<\/tbody>\n<\/table>\n<\/div>\n<\/figure>\n<p>Personnalisation :<\/p>\n<p>Logo personnalis\u00e9 (commande minimale de 10000 sacs)<\/p>\n<p>Emballage personnalis\u00e9 (commande minimale de 10000 sacs)<\/p>\n<h2 class=\"wp-block-heading\">D\u00e9tails essentiels<\/h2>\n<figure class=\"wp-block-table\">\n<div class=\"scroll\">\n<table>\n<tbody>\n<tr>\n<td>Lieu d'origine :<\/td>\n<td>Zhejiang, Chine<\/td>\n<td>Nom de marque :<\/td>\n<td>JYIELE<\/td>\n<\/tr>\n<tr>\n<td>Num\u00e9ro de mod\u00e8le :<\/td>\n<td>YN-NBT001<\/td>\n<td>Type :<\/td>\n<td>Autobloquant<\/td>\n<\/tr>\n<tr>\n<td>Mat\u00e9riau :<\/td>\n<td>Nylon<\/td>\n<td>Largeur :<\/td>\n<td>Ignifug\u00e9, r\u00e9sistant \u00e0 la chaleur<\/td>\n<\/tr>\n<tr>\n<td>Longueur :<\/td>\n<td>100-500 mm<\/td>\n<td>Couleur<\/td>\n<td>Naturel, noir, autres couleurs sur demande<\/td>\n<\/tr>\n<tr>\n<td>Utilisation :<\/td>\n<td>Fixer les c\u00e2bles<\/td>\n<td>Temp\u00e9rature de fonctionnement :<\/td>\n<td>280\u00b0C-300\u00b0C<\/td>\n<\/tr>\n<tr>\n<td>Taille :<\/td>\n<td>7,6*500 mm<\/td>\n<td>\u00c9chantillon :<\/td>\n<td>Fournir<\/td>\n<\/tr>\n<tr>\n<td>Temp\u00e9rature de fonctionnement :<\/td>\n<td>280\u00b0C-300\u00b0C<\/td>\n<td>R\u00e9sistance \u00e0 la traction :<\/td>\n<td>120LBS\/55KGS<\/td>\n<\/tr>\n<tr>\n<td>Classe de flamme :<\/td>\n<td>UL94V-2<\/td>\n<td>Certification :<\/td>\n<td>CE CCC PAHS<\/td>\n<\/tr>\n<\/tbody>\n<\/table>\n<\/div>\n<\/figure>\n<h2 class=\"wp-block-heading\"><strong>Description du produit<\/strong><\/h2>\n<figure class=\"wp-block-table\">\n<div class=\"scroll\">\n<table>\n<tbody>\n<tr>\n<td><strong>ITEM.NO.<\/strong><\/td>\n<td colspan=\"2\"><strong>\u00a0LONGUEUR<\/strong><\/td>\n<td><strong>LARGEUR<\/strong><\/td>\n<td><strong>Diam\u00e8tre du faisceauE(mm)<\/strong><\/td>\n<td colspan=\"2\"><strong>R\u00e9sistance minimale \u00e0 la traction en boucle<\/strong><\/td>\n<\/tr>\n<tr>\n<td>3X90<\/td>\n<td>3 5\/8\"<\/td>\n<td>90<\/td>\n<td>2.5<\/td>\n<td>2-18<\/td>\n<td>18<\/td>\n<td>8<\/td>\n<\/tr>\n<tr>\n<td>3X100<\/td>\n<td>4\u2033<\/td>\n<td>100<\/td>\n<td>2.5<\/td>\n<td>2-22<\/td>\n<td>18<\/td>\n<td>8<\/td>\n<\/tr>\n<tr>\n<td>3X120<\/td>\n<td>4 3\/4\"<\/td>\n<td>120<\/td>\n<td>2.5<\/td>\n<td>2-30<\/td>\n<td>18<\/td>\n<td>8<\/td>\n<\/tr>\n<tr>\n<td>3X140<\/td>\n<td>5 1\/2\"<\/td>\n<td>140<\/td>\n<td>2.5<\/td>\n<td>2-33<\/td>\n<td>18<\/td>\n<td>8<\/td>\n<\/tr>\n<tr>\n<td>3X150<\/td>\n<td>6\u2033<\/td>\n<td>150<\/td>\n<td>2.5<\/td>\n<td>2-35<\/td>\n<td>18<\/td>\n<td>8<\/td>\n<\/tr>\n<tr>\n<td>3X160<\/td>\n<td>6 1\/4\"<\/td>\n<td>160<\/td>\n<td>2.5<\/td>\n<td>2-40<\/td>\n<td>18<\/td>\n<td>8<\/td>\n<\/tr>\n<tr>\n<td>3X200<\/td>\n<td>8\u2033<\/td>\n<td>200<\/td>\n<td>2.5<\/td>\n<td>3-50<\/td>\n<td>18<\/td>\n<td>8<\/td>\n<\/tr>\n<tr>\n<td>4X200<\/td>\n<td>8\u2033<\/td>\n<td>200<\/td>\n<td>3.6<\/td>\n<td>3-50<\/td>\n<td>40<\/td>\n<td>18<\/td>\n<\/tr>\n<tr>\n<td>4X220<\/td>\n<td>8 5\/8\"<\/td>\n<td>220<\/td>\n<td>3.5<\/td>\n<td>3-58<\/td>\n<td>40<\/td>\n<td>18<\/td>\n<\/tr>\n<tr>\n<td>4X250<\/td>\n<td>10\u2033<\/td>\n<td>250<\/td>\n<td>3.6<\/td>\n<td>3-65<\/td>\n<td>40<\/td>\n<td>18<\/td>\n<\/tr>\n<tr>\n<td>4X280<\/td>\n<td>11\"<\/td>\n<td>280<\/td>\n<td>3.5<\/td>\n<td>3-70<\/td>\n<td>40<\/td>\n<td>18<\/td>\n<\/tr>\n<tr>\n<td>4X300<\/td>\n<td>11 5\/8\u2033<\/td>\n<td>300<\/td>\n<td>3.6<\/td>\n<td>3-80<\/td>\n<td>40<\/td>\n<td>18<\/td>\n<\/tr>\n<tr>\n<td>5X120<\/td>\n<td>4 3\/4\u2033<\/td>\n<td>120<\/td>\n<td>4.8<\/td>\n<td>3-24<\/td>\n<td>50<\/td>\n<td>22<\/td>\n<\/tr>\n<tr>\n<td>5X180<\/td>\n<td>7\u2033<\/td>\n<td>180<\/td>\n<td>4.8<\/td>\n<td>3-42<\/td>\n<td>50<\/td>\n<td>22<\/td>\n<\/tr>\n<tr>\n<td>5X190<\/td>\n<td>7 1\/2\"<\/td>\n<td>190<\/td>\n<td>4.5<\/td>\n<td>3-46<\/td>\n<td>50<\/td>\n<td>22<\/td>\n<\/tr>\n<tr>\n<td>5X200<\/td>\n<td>8\u2033<\/td>\n<td>200<\/td>\n<td>4.8<\/td>\n<td>3-50<\/td>\n<td>50<\/td>\n<td>22<\/td>\n<\/tr>\n<tr>\n<td>5X250<\/td>\n<td>10\u2033<\/td>\n<td>250<\/td>\n<td>4.8<\/td>\n<td>3-65<\/td>\n<td>50<\/td>\n<td>22<\/td>\n<\/tr>\n<tr>\n<td>5X280<\/td>\n<td>11\"<\/td>\n<td>280<\/td>\n<td>4.5<\/td>\n<td>3-70<\/td>\n<td>50<\/td>\n<td>22<\/td>\n<\/tr>\n<tr>\n<td>5X300<\/td>\n<td>12\u2033<\/td>\n<td>300<\/td>\n<td>4.8<\/td>\n<td>3-82<\/td>\n<td>50<\/td>\n<td>22<\/td>\n<\/tr>\n<tr>\n<td>5X350<\/td>\n<td>13 3\/4\u2033<\/td>\n<td>350<\/td>\n<td>4.8<\/td>\n<td>3-90<\/td>\n<td>50<\/td>\n<td>22<\/td>\n<\/tr>\n<tr>\n<td>5X380<\/td>\n<td>15\u2033<\/td>\n<td>380<\/td>\n<td>4.8<\/td>\n<td>3-102<\/td>\n<td>50<\/td>\n<td>22<\/td>\n<\/tr>\n<tr>\n<td>5X400<\/td>\n<td>15 3\/4\u2033<\/td>\n<td>400<\/td>\n<td>4.8<\/td>\n<td>3-105<\/td>\n<td>50<\/td>\n<td>22<\/td>\n<\/tr>\n<tr>\n<td>8X200<\/td>\n<td>8\u2033<\/td>\n<td>200<\/td>\n<td>7.2<\/td>\n<td>3-50<\/td>\n<td>120<\/td>\n<td>55<\/td>\n<\/tr>\n<tr>\n<td>8X250<\/td>\n<td>10\u2033<\/td>\n<td>250<\/td>\n<td>7.2<\/td>\n<td>4-63<\/td>\n<td>120<\/td>\n<td>55<\/td>\n<\/tr>\n<tr>\n<td>8X270<\/td>\n<td>10 5\/8\"<\/td>\n<td>270<\/td>\n<td>6<\/td>\n<td>4-65<\/td>\n<td>65<\/td>\n<td>30<\/td>\n<\/tr>\n<tr>\n<td>8X300<\/td>\n<td>11 5\/8\u2033<\/td>\n<td>300<\/td>\n<td>7.2<\/td>\n<td>4-82<\/td>\n<td>120<\/td>\n<td>55<\/td>\n<\/tr>\n<tr>\n<td>8X350<\/td>\n<td>13 3\/4\u2033<\/td>\n<td>350<\/td>\n<td>7.2<\/td>\n<td>4-90<\/td>\n<td>120<\/td>\n<td>55<\/td>\n<\/tr>\n<tr>\n<td>8X370<\/td>\n<td>14 1\/4\u2033<\/td>\n<td>370<\/td>\n<td>7.2<\/td>\n<td>4-98<\/td>\n<td>120<\/td>\n<td>55<\/td>\n<\/tr>\n<tr>\n<td>8X400<\/td>\n<td>15 3\/4\u2033<\/td>\n<td>400<\/td>\n<td>7.2<\/td>\n<td>4-105<\/td>\n<td>120<\/td>\n<td>55<\/td>\n<\/tr>\n<tr>\n<td>8X450<\/td>\n<td>17 3\/4\u2033<\/td>\n<td>450<\/td>\n<td>7.2<\/td>\n<td>4-118<\/td>\n<td>120<\/td>\n<td>55<\/td>\n<\/tr>\n<tr>\n<td>8X500<\/td>\n<td>19 11\/16\u2033<\/td>\n<td>500<\/td>\n<td>7.2<\/td>\n<td>4-150<\/td>\n<td>120<\/td>\n<td>55<\/td>\n<\/tr>\n<tr>\n<td>8X550<\/td>\n<td>21.6<\/td>\n<td>550<\/td>\n<td>7.2<\/td>\n<td>4-165<\/td>\n<td>120<\/td>\n<td>55<\/td>\n<\/tr>\n<tr>\n<td>9X530<\/td>\n<td>20 3\/4\"<\/td>\n<td>530<\/td>\n<td>9<\/td>\n<td>8-155<\/td>\n<td>175<\/td>\n<td>80<\/td>\n<\/tr>\n<tr>\n<td>9X550<\/td>\n<td>21 1\/16\u2033<\/td>\n<td>550<\/td>\n<td>9<\/td>\n<td>8-160<\/td>\n<td>175<\/td>\n<td>80<\/td>\n<\/tr>\n<tr>\n<td>9X600<\/td>\n<td>23 5\/8\u2033<\/td>\n<td>600<\/td>\n<td>9<\/td>\n<td>8-170<\/td>\n<td>175<\/td>\n<td>80<\/td>\n<\/tr>\n<tr>\n<td>9X650<\/td>\n<td>25 9\/16\u2033<\/td>\n<td>650<\/td>\n<td>9<\/td>\n<td>8-190<\/td>\n<td>175<\/td>\n<td>80<\/td>\n<\/tr>\n<tr>\n<td>9X700<\/td>\n<td>27 1\/2\u2033<\/td>\n<td>700<\/td>\n<td>9<\/td>\n<td>10-205<\/td>\n<td>175<\/td>\n<td>80<\/td>\n<\/tr>\n<tr>\n<td>9X760<\/td>\n<td>30\"<\/td>\n<td>760<\/td>\n<td>9<\/td>\n<td>10-225<\/td>\n<td>175<\/td>\n<td>80<\/td>\n<\/tr>\n<tr>\n<td>9X920<\/td>\n<td>36 1\/4\u2033<\/td>\n<td>920<\/td>\n<td>9<\/td>\n<td>10-265<\/td>\n<td>175<\/td>\n<td>80<\/td>\n<\/tr>\n<tr>\n<td>9X1020<\/td>\n<td>40 1\/6\u2033<\/td>\n<td>1020<\/td>\n<td>9<\/td>\n<td>10-295<\/td>\n<td>175<\/td>\n<td>80<\/td>\n<\/tr>\n<tr>\n<td>9X1150<\/td>\n<td>45 1\/4\u2033<\/td>\n<td>1150<\/td>\n<td>9<\/td>\n<td>10-310<\/td>\n<td>175<\/td>\n<td>80<\/td>\n<\/tr>\n<tr>\n<td>9X1200<\/td>\n<td>47 1\/5\u2033<\/td>\n<td>1200<\/td>\n<td>9<\/td>\n<td>10-340<\/td>\n<td>175<\/td>\n<td>80<\/td>\n<\/tr>\n<tr>\n<td>10X450<\/td>\n<td>17 3\/4\"<\/td>\n<td>450<\/td>\n<td>10<\/td>\n<td>10-125<\/td>\n<td>200<\/td>\n<td>91<\/td>\n<\/tr>\n<tr>\n<td>10X500<\/td>\n<td>19 11\/16\"<\/td>\n<td>500<\/td>\n<td>10<\/td>\n<td>12-150<\/td>\n<td>200<\/td>\n<td>91<\/td>\n<\/tr>\n<\/tbody>\n<\/table>\n<\/div>\n<\/figure>","protected":false},"excerpt":{"rendered":"<p>JYIELE produit des liens en plastique avec des sp\u00e9cifications compl\u00e8tes, solides et durables, faciles \u00e0 utiliser et largement applicables, ce qui en fait un fournisseur id\u00e9al pour r\u00e9pondre \u00e0 une grande vari\u00e9t\u00e9 de besoins de fixation.<\/p>","protected":false},"featured_media":1252,"template":"","meta":{"site-sidebar-layout":"default","site-content-layout":"","ast-site-content-layout":"default","site-content-style":"default","site-sidebar-style":"default","ast-global-header-display":"","ast-banner-title-visibility":"","ast-main-header-display":"","ast-hfb-above-header-display":"","ast-hfb-below-header-display":"","ast-hfb-mobile-header-display":"","site-post-title":"","ast-breadcrumbs-content":"","ast-featured-img":"","footer-sml-layout":"","theme-transparent-header-meta":"default","adv-header-id-meta":"","stick-header-meta":"","header-above-stick-meta":"","header-main-stick-meta":"","header-below-stick-meta":"","astra-migrate-meta-layouts":"set","ast-page-background-enabled":"default","ast-page-background-meta":{"desktop":{"background-color":"var(--ast-global-color-4)","background-image":"","background-repeat":"repeat","background-position":"center center","background-size":"auto","background-attachment":"scroll","background-type":"","background-media":"","overlay-type":"","overlay-color":"","overlay-opacity":"","overlay-gradient":""},"tablet":{"background-color":"","background-image":"","background-repeat":"repeat","background-position":"center center","background-size":"auto","background-attachment":"scroll","background-type":"","background-media":"","overlay-type":"","overlay-color":"","overlay-opacity":"","overlay-gradient":""},"mobile":{"background-color":"","background-image":"","background-repeat":"repeat","background-position":"center center","background-size":"auto","background-attachment":"scroll","background-type":"","background-media":"","overlay-type":"","overlay-color":"","overlay-opacity":"","overlay-gradient":""}},"ast-content-background-meta":{"desktop":{"background-color":"var(--ast-global-color-5)","background-image":"","background-repeat":"repeat","background-position":"center center","background-size":"auto","background-attachment":"scroll","background-type":"","background-media":"","overlay-type":"","overlay-color":"","overlay-opacity":"","overlay-gradient":""},"tablet":{"background-color":"var(--ast-global-color-5)","background-image":"","background-repeat":"repeat","background-position":"center center","background-size":"auto","background-attachment":"scroll","background-type":"","background-media":"","overlay-type":"","overlay-color":"","overlay-opacity":"","overlay-gradient":""},"mobile":{"background-color":"var(--ast-global-color-5)","background-image":"","background-repeat":"repeat","background-position":"center center","background-size":"auto","background-attachment":"scroll","background-type":"","background-media":"","overlay-type":"","overlay-color":"","overlay-opacity":"","overlay-gradient":""}}},"product_brand":[],"product_cat":[20],"product_tag":[],"class_list":{"0":"post-1250","1":"product","2":"type-product","3":"status-publish","4":"has-post-thumbnail","6":"product_cat-zip-ties","7":"desktop-align-left","8":"tablet-align-left","9":"mobile-align-left","11":"first","12":"instock","13":"shipping-taxable","14":"product-type-simple"},"yoast_head":"<!-- This site is optimized with the Yoast SEO plugin v24.8.1 - https:\/\/yoast.com\/wordpress\/plugins\/seo\/ -->\n<title>Leading Plastic Cable Zip Ties Manufacturers | High-Quality Solutions<\/title>\n<meta name=\"description\" content=\"Explore top-quality plastic cable zip ties from leading manufacturers. Our durable and reliable cable ties are perfect for securing cables in various applications. Find the perfect solution for your needs today!\" \/>\n<meta name=\"robots\" content=\"index, follow, max-snippet:-1, max-image-preview:large, max-video-preview:-1\" \/>\n<link rel=\"canonical\" href=\"https:\/\/www.jyiele.com\/fr\/product\/plastic-cable-zip-ties\/\" \/>\n<meta property=\"og:locale\" content=\"fr_FR\" \/>\n<meta property=\"og:type\" content=\"article\" \/>\n<meta property=\"og:title\" content=\"Leading Plastic Cable Zip Ties Manufacturers | High-Quality Solutions\" \/>\n<meta property=\"og:description\" content=\"Explore top-quality plastic cable zip ties from leading manufacturers. Our durable and reliable cable ties are perfect for securing cables in various applications. Find the perfect solution for your needs today!\" \/>\n<meta property=\"og:url\" content=\"https:\/\/www.jyiele.com\/fr\/product\/plastic-cable-zip-ties\/\" \/>\n<meta property=\"og:site_name\" content=\"JYIELE\" \/>\n<meta property=\"article:modified_time\" content=\"2024-09-22T06:02:40+00:00\" \/>\n<meta property=\"og:image\" content=\"https:\/\/www.jyiele.com\/wp-content\/uploads\/2024\/09\/Plastic-Cable-Zip-Ties-Manufacturers.webp\" \/>\n\t<meta property=\"og:image:width\" content=\"800\" \/>\n\t<meta property=\"og:image:height\" content=\"800\" \/>\n\t<meta property=\"og:image:type\" content=\"image\/webp\" \/>\n<meta name=\"twitter:card\" content=\"summary_large_image\" \/>\n<meta name=\"twitter:label1\" content=\"Dur\u00e9e de lecture estim\u00e9e\" \/>\n\t<meta name=\"twitter:data1\" content=\"3 minutes\" \/>\n<script type=\"application\/ld+json\" class=\"yoast-schema-graph\">{\"@context\":\"https:\/\/schema.org\",\"@graph\":[{\"@type\":\"WebPage\",\"@id\":\"https:\/\/www.jyiele.com\/de\/product\/plastic-cable-zip-ties\/\",\"url\":\"https:\/\/www.jyiele.com\/de\/product\/plastic-cable-zip-ties\/\",\"name\":\"Leading Plastic Cable Zip Ties Manufacturers | High-Quality Solutions\",\"isPartOf\":{\"@id\":\"https:\/\/www.jyiele.com\/#website\"},\"primaryImageOfPage\":{\"@id\":\"https:\/\/www.jyiele.com\/de\/product\/plastic-cable-zip-ties\/#primaryimage\"},\"image\":{\"@id\":\"https:\/\/www.jyiele.com\/de\/product\/plastic-cable-zip-ties\/#primaryimage\"},\"thumbnailUrl\":\"https:\/\/www.jyiele.com\/wp-content\/uploads\/2024\/09\/Plastic-Cable-Zip-Ties-Manufacturers.webp\",\"datePublished\":\"2020-04-08T07:05:18+00:00\",\"dateModified\":\"2024-09-22T06:02:40+00:00\",\"description\":\"Explore top-quality plastic cable zip ties from leading manufacturers. Our durable and reliable cable ties are perfect for securing cables in various applications. Find the perfect solution for your needs today!\",\"breadcrumb\":{\"@id\":\"https:\/\/www.jyiele.com\/de\/product\/plastic-cable-zip-ties\/#breadcrumb\"},\"inLanguage\":\"fr-FR\",\"potentialAction\":[{\"@type\":\"ReadAction\",\"target\":[\"https:\/\/www.jyiele.com\/de\/product\/plastic-cable-zip-ties\/\"]}]},{\"@type\":\"ImageObject\",\"inLanguage\":\"fr-FR\",\"@id\":\"https:\/\/www.jyiele.com\/de\/product\/plastic-cable-zip-ties\/#primaryimage\",\"url\":\"https:\/\/www.jyiele.com\/wp-content\/uploads\/2024\/09\/Plastic-Cable-Zip-Ties-Manufacturers.webp\",\"contentUrl\":\"https:\/\/www.jyiele.com\/wp-content\/uploads\/2024\/09\/Plastic-Cable-Zip-Ties-Manufacturers.webp\",\"width\":800,\"height\":800,\"caption\":\"Plastic-Cable-Zip-Ties-Manufacturers\"},{\"@type\":\"BreadcrumbList\",\"@id\":\"https:\/\/www.jyiele.com\/de\/product\/plastic-cable-zip-ties\/#breadcrumb\",\"itemListElement\":[{\"@type\":\"ListItem\",\"position\":1,\"name\":\"Home\",\"item\":\"https:\/\/www.jyiele.com\/\"},{\"@type\":\"ListItem\",\"position\":2,\"name\":\"Product\",\"item\":\"https:\/\/www.jyiele.com\/product\/\"},{\"@type\":\"ListItem\",\"position\":3,\"name\":\"Zip Ties\",\"item\":\"https:\/\/www.jyiele.com\/de\/product-category\/zip-ties\/\"},{\"@type\":\"ListItem\",\"position\":4,\"name\":\"Plastic Cable Zip Ties\"}]},{\"@type\":\"WebSite\",\"@id\":\"https:\/\/www.jyiele.com\/#website\",\"url\":\"https:\/\/www.jyiele.com\/\",\"name\":\"JYIELE\",\"description\":\"Vacuum Circuit Breaker manufacturer\",\"publisher\":{\"@id\":\"https:\/\/www.jyiele.com\/#organization\"},\"potentialAction\":[{\"@type\":\"SearchAction\",\"target\":{\"@type\":\"EntryPoint\",\"urlTemplate\":\"https:\/\/www.jyiele.com\/?s={search_term_string}\"},\"query-input\":{\"@type\":\"PropertyValueSpecification\",\"valueRequired\":true,\"valueName\":\"search_term_string\"}}],\"inLanguage\":\"fr-FR\"},{\"@type\":\"Organization\",\"@id\":\"https:\/\/www.jyiele.com\/#organization\",\"name\":\"JYIELE\",\"url\":\"https:\/\/www.jyiele.com\/\",\"logo\":{\"@type\":\"ImageObject\",\"inLanguage\":\"fr-FR\",\"@id\":\"https:\/\/www.jyiele.com\/#\/schema\/logo\/image\/\",\"url\":\"https:\/\/www.jyiele.com\/wp-content\/uploads\/2024\/09\/cropped-jyele-1.webp\",\"contentUrl\":\"https:\/\/www.jyiele.com\/wp-content\/uploads\/2024\/09\/cropped-jyele-1.webp\",\"width\":137,\"height\":60,\"caption\":\"JYIELE\"},\"image\":{\"@id\":\"https:\/\/www.jyiele.com\/#\/schema\/logo\/image\/\"}}]}<\/script>\n<!-- \/ Yoast SEO plugin. -->","yoast_head_json":{"title":"Principaux fabricants de colliers de serrage pour c\u00e2bles en plastique | Solutions de haute qualit\u00e9","description":"D\u00e9couvrez les colliers de serrage pour c\u00e2bles en plastique de qualit\u00e9 sup\u00e9rieure propos\u00e9s par les principaux fabricants. Nos colliers de serrage durables et fiables sont parfaits pour fixer les c\u00e2bles dans diverses applications. Trouvez la solution id\u00e9ale pour vos besoins d\u00e8s aujourd'hui !","robots":{"index":"index","follow":"follow","max-snippet":"max-snippet:-1","max-image-preview":"max-image-preview:large","max-video-preview":"max-video-preview:-1"},"canonical":"https:\/\/www.jyiele.com\/fr\/product\/plastic-cable-zip-ties\/","og_locale":"fr_FR","og_type":"article","og_title":"Leading Plastic Cable Zip Ties Manufacturers | High-Quality Solutions","og_description":"Explore top-quality plastic cable zip ties from leading manufacturers. Our durable and reliable cable ties are perfect for securing cables in various applications. Find the perfect solution for your needs today!","og_url":"https:\/\/www.jyiele.com\/fr\/product\/plastic-cable-zip-ties\/","og_site_name":"JYIELE","article_modified_time":"2024-09-22T06:02:40+00:00","og_image":[{"width":800,"height":800,"url":"https:\/\/www.jyiele.com\/wp-content\/uploads\/2024\/09\/Plastic-Cable-Zip-Ties-Manufacturers.webp","type":"image\/webp"}],"twitter_card":"summary_large_image","twitter_misc":{"Dur\u00e9e de lecture estim\u00e9e":"3 minutes"},"schema":{"@context":"https:\/\/schema.org","@graph":[{"@type":"WebPage","@id":"https:\/\/www.jyiele.com\/de\/product\/plastic-cable-zip-ties\/","url":"https:\/\/www.jyiele.com\/de\/product\/plastic-cable-zip-ties\/","name":"Principaux fabricants de colliers de serrage pour c\u00e2bles en plastique | Solutions de haute qualit\u00e9","isPartOf":{"@id":"https:\/\/www.jyiele.com\/#website"},"primaryImageOfPage":{"@id":"https:\/\/www.jyiele.com\/de\/product\/plastic-cable-zip-ties\/#primaryimage"},"image":{"@id":"https:\/\/www.jyiele.com\/de\/product\/plastic-cable-zip-ties\/#primaryimage"},"thumbnailUrl":"https:\/\/www.jyiele.com\/wp-content\/uploads\/2024\/09\/Plastic-Cable-Zip-Ties-Manufacturers.webp","datePublished":"2020-04-08T07:05:18+00:00","dateModified":"2024-09-22T06:02:40+00:00","description":"D\u00e9couvrez les colliers de serrage pour c\u00e2bles en plastique de qualit\u00e9 sup\u00e9rieure propos\u00e9s par les principaux fabricants. Nos colliers de serrage durables et fiables sont parfaits pour fixer les c\u00e2bles dans diverses applications. Trouvez la solution id\u00e9ale pour vos besoins d\u00e8s aujourd'hui !","breadcrumb":{"@id":"https:\/\/www.jyiele.com\/de\/product\/plastic-cable-zip-ties\/#breadcrumb"},"inLanguage":"fr-FR","potentialAction":[{"@type":"ReadAction","target":["https:\/\/www.jyiele.com\/de\/product\/plastic-cable-zip-ties\/"]}]},{"@type":"ImageObject","inLanguage":"fr-FR","@id":"https:\/\/www.jyiele.com\/de\/product\/plastic-cable-zip-ties\/#primaryimage","url":"https:\/\/www.jyiele.com\/wp-content\/uploads\/2024\/09\/Plastic-Cable-Zip-Ties-Manufacturers.webp","contentUrl":"https:\/\/www.jyiele.com\/wp-content\/uploads\/2024\/09\/Plastic-Cable-Zip-Ties-Manufacturers.webp","width":800,"height":800,"caption":"Plastic-Cable-Zip-Ties-Manufacturers"},{"@type":"BreadcrumbList","@id":"https:\/\/www.jyiele.com\/de\/product\/plastic-cable-zip-ties\/#breadcrumb","itemListElement":[{"@type":"ListItem","position":1,"name":"Home","item":"https:\/\/www.jyiele.com\/"},{"@type":"ListItem","position":2,"name":"Product","item":"https:\/\/www.jyiele.com\/product\/"},{"@type":"ListItem","position":3,"name":"Zip Ties","item":"https:\/\/www.jyiele.com\/de\/product-category\/zip-ties\/"},{"@type":"ListItem","position":4,"name":"Plastic Cable Zip Ties"}]},{"@type":"WebSite","@id":"https:\/\/www.jyiele.com\/#website","url":"https:\/\/www.jyiele.com\/","name":"JYIELE","description":"Fabricant de disjoncteurs \u00e0 vide","publisher":{"@id":"https:\/\/www.jyiele.com\/#organization"},"potentialAction":[{"@type":"SearchAction","target":{"@type":"EntryPoint","urlTemplate":"https:\/\/www.jyiele.com\/?s={search_term_string}"},"query-input":{"@type":"PropertyValueSpecification","valueRequired":true,"valueName":"search_term_string"}}],"inLanguage":"fr-FR"},{"@type":"Organization","@id":"https:\/\/www.jyiele.com\/#organization","name":"JYIELE","url":"https:\/\/www.jyiele.com\/","logo":{"@type":"ImageObject","inLanguage":"fr-FR","@id":"https:\/\/www.jyiele.com\/#\/schema\/logo\/image\/","url":"https:\/\/www.jyiele.com\/wp-content\/uploads\/2024\/09\/cropped-jyele-1.webp","contentUrl":"https:\/\/www.jyiele.com\/wp-content\/uploads\/2024\/09\/cropped-jyele-1.webp","width":137,"height":60,"caption":"JYIELE"},"image":{"@id":"https:\/\/www.jyiele.com\/#\/schema\/logo\/image\/"}}]}},"_links":{"self":[{"href":"https:\/\/www.jyiele.com\/fr\/wp-json\/wp\/v2\/product\/1250","targetHints":{"allow":["GET"]}}],"collection":[{"href":"https:\/\/www.jyiele.com\/fr\/wp-json\/wp\/v2\/product"}],"about":[{"href":"https:\/\/www.jyiele.com\/fr\/wp-json\/wp\/v2\/types\/product"}],"version-history":[{"count":1,"href":"https:\/\/www.jyiele.com\/fr\/wp-json\/wp\/v2\/product\/1250\/revisions"}],"predecessor-version":[{"id":1251,"href":"https:\/\/www.jyiele.com\/fr\/wp-json\/wp\/v2\/product\/1250\/revisions\/1251"}],"wp:featuredmedia":[{"embeddable":true,"href":"https:\/\/www.jyiele.com\/fr\/wp-json\/wp\/v2\/media\/1252"}],"wp:attachment":[{"href":"https:\/\/www.jyiele.com\/fr\/wp-json\/wp\/v2\/media?parent=1250"}],"wp:term":[{"taxonomy":"product_brand","embeddable":true,"href":"https:\/\/www.jyiele.com\/fr\/wp-json\/wp\/v2\/product_brand?post=1250"},{"taxonomy":"product_cat","embeddable":true,"href":"https:\/\/www.jyiele.com\/fr\/wp-json\/wp\/v2\/product_cat?post=1250"},{"taxonomy":"product_tag","embeddable":true,"href":"https:\/\/www.jyiele.com\/fr\/wp-json\/wp\/v2\/product_tag?post=1250"}],"curies":[{"name":"wp","href":"https:\/\/api.w.org\/{rel}","templated":true}]}}