{"id":1253,"date":"2024-11-01T08:09:42","date_gmt":"2024-11-01T08:09:42","guid":{"rendered":"https:\/\/www.jy-electric.com\/?post_type=product&#038;p=1253"},"modified":"2025-03-09T11:43:55","modified_gmt":"2025-03-09T11:43:55","slug":"ip68-plastic-mc4-solar-connectors-1500v-dc","status":"publish","type":"product","link":"https:\/\/www.jyiele.com\/fr\/product\/ip68-plastic-mc4-solar-connectors-1500v-dc\/","title":{"rendered":"Connecteurs solaires MC4 en plastique IP68 1500V DC"},"content":{"rendered":"<h2>Pi\u00e8ce de connexion<\/h2>\n<p>Utiliser du cuivre \u00e9tam\u00e9 pour une bonne conductivit\u00e9 et une faible r\u00e9sistance de contact.<br \/>\nNe s'oxyde pas et ne rouille pas facilement.<\/p>\n<h2>Coquille<\/h2>\n<p>Le plastique PPO utilis\u00e9 est r\u00e9sistant aux temp\u00e9ratures \u00e9lev\u00e9es, ignifuge, r\u00e9sistant \u00e0 l'usure et \u00e0 la salet\u00e9.<\/p>\n<h2>Utilisations<\/h2>\n<p>Convient aux syst\u00e8mes d'\u00e9nergie photovolta\u00efque (solaire).<\/p>\n<h2>Avantages du produit<\/h2>\n<p>CONDUCTIVITE PREMIUM : Le cuivre \u00e9tam\u00e9 est utilis\u00e9 pour assurer une excellente conductivit\u00e9, garantissant une faible r\u00e9sistance de contact et une transmission de courant plus stable.<\/p>\n<p>Forte durabilit\u00e9 : La coque est fabriqu\u00e9e en plastique PPO, qui est non seulement r\u00e9sistant aux temp\u00e9ratures \u00e9lev\u00e9es et ignifuge, mais qui pr\u00e9sente \u00e9galement une excellente r\u00e9sistance \u00e0 l'abrasion et \u00e0 la pollution, ce qui le rend adapt\u00e9 \u00e0 une vari\u00e9t\u00e9 d'environnements difficiles.<\/p>\n<p>Protection avanc\u00e9e : La protection IP68 emp\u00eache efficacement l'intrusion de l'eau et de la poussi\u00e8re, ce qui permet au connecteur de conserver de bonnes performances m\u00eame lorsqu'il est utilis\u00e9 \u00e0 l'ext\u00e9rieur.<\/p>\n<p>Large gamme de temp\u00e9ratures de fonctionnement : Capable de fonctionner normalement dans une large gamme de temp\u00e9ratures allant de -40\u00b0C \u00e0 90\u00b0C, s'adaptant \u00e0 une vari\u00e9t\u00e9 de conditions climatiques extr\u00eames.<\/p>\n<p>Haute s\u00e9curit\u00e9 : L'indice d'ignifugation UL94V-0 renforce la s\u00e9curit\u00e9 d'utilisation et r\u00e9duit le risque d'incendie.<\/p>\n<p>Sp\u00e9cifications de tension et de courant flexibles : Prend en charge une tension continue de 1000V (1500V) et un courant de 30A ou 50A pour r\u00e9pondre aux besoins des diff\u00e9rents syst\u00e8mes solaires.<\/p>\n<p>Installation facile : La m\u00e9thode de connexion par sertissage est con\u00e7ue pour une installation rapide et facile, garantissant une connexion \u00e9lectrique fiable.<\/p>\n<h2>D\u00e9tail<\/h2>\n<div class=\"bot_con\">\n<div class=\"des show\">\n<figure class=\"wp-block-table\">\n<div class=\"scroll\">\n<table>\n<tbody>\n<tr>\n<td>Lieu d'origine<\/td>\n<td>Zhejiang, Chine<\/td>\n<\/tr>\n<tr>\n<td>Num\u00e9ro de mod\u00e8le<\/td>\n<td>RMC4.0-03A<\/td>\n<\/tr>\n<tr>\n<td>Couleur<\/td>\n<td>Noir<\/td>\n<\/tr>\n<tr>\n<td>Tension nominale<\/td>\n<td>1000V DC<\/td>\n<\/tr>\n<tr>\n<td>Courant nominal<\/td>\n<td>30A<\/td>\n<\/tr>\n<tr>\n<td>Mat\u00e9riau d'isolation<\/td>\n<td>OPP<\/td>\n<\/tr>\n<tr>\n<td>Sp\u00e9cifications du c\u00e2ble<\/td>\n<td>2,5mm\u00b2-6,0mm\u00b2 14AWG-10AWG<\/td>\n<\/tr>\n<tr>\n<td>Dimension de la broche<\/td>\n<td>4,0 mm<\/td>\n<\/tr>\n<tr>\n<td>Tension d'\u00e9preuve<\/td>\n<td>6000V AC(1Min) 2200V DC(1Min)<\/td>\n<\/tr>\n<tr>\n<td>Plage de temp\u00e9rature<\/td>\n<td>-40\u2103 ~ +90\u2103<\/td>\n<\/tr>\n<tr>\n<td>Mat\u00e9riau de contact<\/td>\n<td>Cuivre, \u00e9tam\u00e9<\/td>\n<\/tr>\n<tr>\n<td>Degr\u00e9 de protection<\/td>\n<td>IP67<\/td>\n<\/tr>\n<tr>\n<td>Force de retrait\/temp\u00e9rature<\/td>\n<td>\u226550N\/\u2264 50N<\/td>\n<\/tr>\n<\/tbody>\n<\/table>\n<\/div>\n<\/figure>\n<\/div>\n<\/div>","protected":false},"excerpt":{"rendered":"<p>Couleur : Noir<br \/>\nTension nominale : 1000V (1500V \u00e9galement disponible)<br \/>\nCourant nominal : 30A ou 50A<br \/>\nDegr\u00e9 de protection : IP67 (\u00e9tanche \u00e0 l'eau et \u00e0 la poussi\u00e8re)<br \/>\nR\u00e9sistance de contact : \u22641m\u03a9<br \/>\nPlage de temp\u00e9rature de fonctionnement : -40\u2103 \u00e0 90<br \/>\nMat\u00e9riau des contacts : cuivre \u00e9tam\u00e9<br \/>\nM\u00e9thode de connexion : sertissage<br \/>\nGrade ignifuge : UL94V-0<\/p>","protected":false},"featured_media":1255,"template":"","meta":{"site-sidebar-layout":"default","site-content-layout":"","ast-site-content-layout":"default","site-content-style":"default","site-sidebar-style":"default","ast-global-header-display":"","ast-banner-title-visibility":"","ast-main-header-display":"","ast-hfb-above-header-display":"","ast-hfb-below-header-display":"","ast-hfb-mobile-header-display":"","site-post-title":"","ast-breadcrumbs-content":"","ast-featured-img":"","footer-sml-layout":"","ast-disable-related-posts":"","theme-transparent-header-meta":"default","adv-header-id-meta":"","stick-header-meta":"","header-above-stick-meta":"","header-main-stick-meta":"","header-below-stick-meta":"","astra-migrate-meta-layouts":"set","ast-page-background-enabled":"default","ast-page-background-meta":{"desktop":{"background-color":"var(--ast-global-color-4)","background-image":"","background-repeat":"repeat","background-position":"center center","background-size":"auto","background-attachment":"scroll","background-type":"","background-media":"","overlay-type":"","overlay-color":"","overlay-opacity":"","overlay-gradient":""},"tablet":{"background-color":"","background-image":"","background-repeat":"repeat","background-position":"center center","background-size":"auto","background-attachment":"scroll","background-type":"","background-media":"","overlay-type":"","overlay-color":"","overlay-opacity":"","overlay-gradient":""},"mobile":{"background-color":"","background-image":"","background-repeat":"repeat","background-position":"center center","background-size":"auto","background-attachment":"scroll","background-type":"","background-media":"","overlay-type":"","overlay-color":"","overlay-opacity":"","overlay-gradient":""}},"ast-content-background-meta":{"desktop":{"background-color":"var(--ast-global-color-5)","background-image":"","background-repeat":"repeat","background-position":"center center","background-size":"auto","background-attachment":"scroll","background-type":"","background-media":"","overlay-type":"","overlay-color":"","overlay-opacity":"","overlay-gradient":""},"tablet":{"background-color":"var(--ast-global-color-5)","background-image":"","background-repeat":"repeat","background-position":"center center","background-size":"auto","background-attachment":"scroll","background-type":"","background-media":"","overlay-type":"","overlay-color":"","overlay-opacity":"","overlay-gradient":""},"mobile":{"background-color":"var(--ast-global-color-5)","background-image":"","background-repeat":"repeat","background-position":"center center","background-size":"auto","background-attachment":"scroll","background-type":"","background-media":"","overlay-type":"","overlay-color":"","overlay-opacity":"","overlay-gradient":""}}},"product_brand":[],"product_cat":[19],"product_tag":[40],"class_list":{"0":"post-1253","1":"product","2":"type-product","3":"status-publish","4":"has-post-thumbnail","6":"product_cat-mc4-connector","7":"product_tag-mc4-solar-connector","8":"desktop-align-left","9":"tablet-align-left","10":"mobile-align-left","12":"first","13":"instock","14":"shipping-taxable","15":"product-type-simple"},"yoast_head":"<!-- This site is optimized with the Yoast SEO plugin v24.8.1 - https:\/\/yoast.com\/wordpress\/plugins\/seo\/ -->\n<title>China IP68 Plastic MC4 Solar Connectors 1500V DC Suppliers - JYIELE<\/title>\n<meta name=\"description\" content=\"JYIELE\u2018s IP68 Plastic MC4 Solar Connectors 1500V DCJYIELE&#039;s IP68 Plastic MC4 Solar Connectors 1500V DC are designed for high performance in solar energy systems, with high safety and reliability, conforming to international certification standards.\" \/>\n<meta name=\"robots\" content=\"index, follow, max-snippet:-1, max-image-preview:large, max-video-preview:-1\" \/>\n<link rel=\"canonical\" href=\"https:\/\/www.jyiele.com\/fr\/product\/ip68-plastic-mc4-solar-connectors-1500v-dc\/\" \/>\n<meta property=\"og:locale\" content=\"fr_FR\" \/>\n<meta property=\"og:type\" content=\"article\" \/>\n<meta property=\"og:title\" content=\"China IP68 Plastic MC4 Solar Connectors 1500V DC Suppliers - JYIELE\" \/>\n<meta property=\"og:description\" content=\"JYIELE\u2018s IP68 Plastic MC4 Solar Connectors 1500V DCJYIELE&#039;s IP68 Plastic MC4 Solar Connectors 1500V DC are designed for high performance in solar energy systems, with high safety and reliability, conforming to international certification standards.\" \/>\n<meta property=\"og:url\" content=\"https:\/\/www.jyiele.com\/fr\/product\/ip68-plastic-mc4-solar-connectors-1500v-dc\/\" \/>\n<meta property=\"og:site_name\" content=\"JYIELE\" \/>\n<meta property=\"article:modified_time\" content=\"2025-03-09T11:43:55+00:00\" \/>\n<meta property=\"og:image\" content=\"https:\/\/www.jyiele.com\/wp-content\/uploads\/2024\/09\/IP68-Plastic-MC4-Solar-Connectors.webp\" \/>\n\t<meta property=\"og:image:width\" content=\"800\" \/>\n\t<meta property=\"og:image:height\" content=\"800\" \/>\n\t<meta property=\"og:image:type\" content=\"image\/webp\" \/>\n<meta name=\"twitter:card\" content=\"summary_large_image\" \/>\n<meta name=\"twitter:label1\" content=\"Dur\u00e9e de lecture estim\u00e9e\" \/>\n\t<meta name=\"twitter:data1\" content=\"2 minutes\" \/>\n<script type=\"application\/ld+json\" class=\"yoast-schema-graph\">{\"@context\":\"https:\/\/schema.org\",\"@graph\":[{\"@type\":\"WebPage\",\"@id\":\"https:\/\/www.jyiele.com\/product\/ip68-plastic-mc4-solar-connectors-1500v-dc\/\",\"url\":\"https:\/\/www.jyiele.com\/product\/ip68-plastic-mc4-solar-connectors-1500v-dc\/\",\"name\":\"China IP68 Plastic MC4 Solar Connectors 1500V DC Suppliers - JYIELE\",\"isPartOf\":{\"@id\":\"https:\/\/www.jyiele.com\/#website\"},\"primaryImageOfPage\":{\"@id\":\"https:\/\/www.jyiele.com\/product\/ip68-plastic-mc4-solar-connectors-1500v-dc\/#primaryimage\"},\"image\":{\"@id\":\"https:\/\/www.jyiele.com\/product\/ip68-plastic-mc4-solar-connectors-1500v-dc\/#primaryimage\"},\"thumbnailUrl\":\"https:\/\/www.jyiele.com\/wp-content\/uploads\/2024\/09\/IP68-Plastic-MC4-Solar-Connectors.webp\",\"datePublished\":\"2024-11-01T08:09:42+00:00\",\"dateModified\":\"2025-03-09T11:43:55+00:00\",\"description\":\"JYIELE\u2018s IP68 Plastic MC4 Solar Connectors 1500V DCJYIELE's IP68 Plastic MC4 Solar Connectors 1500V DC are designed for high performance in solar energy systems, with high safety and reliability, conforming to international certification standards.\",\"breadcrumb\":{\"@id\":\"https:\/\/www.jyiele.com\/product\/ip68-plastic-mc4-solar-connectors-1500v-dc\/#breadcrumb\"},\"inLanguage\":\"fr-FR\",\"potentialAction\":[{\"@type\":\"ReadAction\",\"target\":[\"https:\/\/www.jyiele.com\/product\/ip68-plastic-mc4-solar-connectors-1500v-dc\/\"]}]},{\"@type\":\"ImageObject\",\"inLanguage\":\"fr-FR\",\"@id\":\"https:\/\/www.jyiele.com\/product\/ip68-plastic-mc4-solar-connectors-1500v-dc\/#primaryimage\",\"url\":\"https:\/\/www.jyiele.com\/wp-content\/uploads\/2024\/09\/IP68-Plastic-MC4-Solar-Connectors.webp\",\"contentUrl\":\"https:\/\/www.jyiele.com\/wp-content\/uploads\/2024\/09\/IP68-Plastic-MC4-Solar-Connectors.webp\",\"width\":800,\"height\":800,\"caption\":\"IP68 Plastic MC4 Solar Connectors\"},{\"@type\":\"BreadcrumbList\",\"@id\":\"https:\/\/www.jyiele.com\/product\/ip68-plastic-mc4-solar-connectors-1500v-dc\/#breadcrumb\",\"itemListElement\":[{\"@type\":\"ListItem\",\"position\":1,\"name\":\"Home\",\"item\":\"https:\/\/www.jyiele.com\/\"},{\"@type\":\"ListItem\",\"position\":2,\"name\":\"Product\",\"item\":\"https:\/\/www.jyiele.com\/product\/\"},{\"@type\":\"ListItem\",\"position\":3,\"name\":\"MC4 Connector\",\"item\":\"https:\/\/www.jyiele.com\/product-category\/mc4-connector\/\"},{\"@type\":\"ListItem\",\"position\":4,\"name\":\"IP68 Plastic MC4 Solar Connectors 1500V DC\"}]},{\"@type\":\"WebSite\",\"@id\":\"https:\/\/www.jyiele.com\/#website\",\"url\":\"https:\/\/www.jyiele.com\/\",\"name\":\"JYIELE\",\"description\":\"Vacuum Circuit Breaker manufacturer\",\"publisher\":{\"@id\":\"https:\/\/www.jyiele.com\/#organization\"},\"potentialAction\":[{\"@type\":\"SearchAction\",\"target\":{\"@type\":\"EntryPoint\",\"urlTemplate\":\"https:\/\/www.jyiele.com\/?s={search_term_string}\"},\"query-input\":{\"@type\":\"PropertyValueSpecification\",\"valueRequired\":true,\"valueName\":\"search_term_string\"}}],\"inLanguage\":\"fr-FR\"},{\"@type\":\"Organization\",\"@id\":\"https:\/\/www.jyiele.com\/#organization\",\"name\":\"JYIELE\",\"url\":\"https:\/\/www.jyiele.com\/\",\"logo\":{\"@type\":\"ImageObject\",\"inLanguage\":\"fr-FR\",\"@id\":\"https:\/\/www.jyiele.com\/#\/schema\/logo\/image\/\",\"url\":\"https:\/\/www.jyiele.com\/wp-content\/uploads\/2024\/09\/cropped-jyele-1.webp\",\"contentUrl\":\"https:\/\/www.jyiele.com\/wp-content\/uploads\/2024\/09\/cropped-jyele-1.webp\",\"width\":137,\"height\":60,\"caption\":\"JYIELE\"},\"image\":{\"@id\":\"https:\/\/www.jyiele.com\/#\/schema\/logo\/image\/\"}}]}<\/script>\n<!-- \/ Yoast SEO plugin. -->","yoast_head_json":{"title":"Chine IP68 Plastic MC4 Solar Connectors 1500V DC Suppliers - JYIELE","description":"JYIELE's IP68 Plastic MC4 Solar Connectors 1500V DCJYIELE's IP68 Plastic MC4 Solar Connectors 1500V DC are designed for high performance in solar energy systems, with high safety and reliability, conforming to international certification standards.","robots":{"index":"index","follow":"follow","max-snippet":"max-snippet:-1","max-image-preview":"max-image-preview:large","max-video-preview":"max-video-preview:-1"},"canonical":"https:\/\/www.jyiele.com\/fr\/product\/ip68-plastic-mc4-solar-connectors-1500v-dc\/","og_locale":"fr_FR","og_type":"article","og_title":"China IP68 Plastic MC4 Solar Connectors 1500V DC Suppliers - JYIELE","og_description":"JYIELE\u2018s IP68 Plastic MC4 Solar Connectors 1500V DCJYIELE's IP68 Plastic MC4 Solar Connectors 1500V DC are designed for high performance in solar energy systems, with high safety and reliability, conforming to international certification standards.","og_url":"https:\/\/www.jyiele.com\/fr\/product\/ip68-plastic-mc4-solar-connectors-1500v-dc\/","og_site_name":"JYIELE","article_modified_time":"2025-03-09T11:43:55+00:00","og_image":[{"width":800,"height":800,"url":"https:\/\/www.jyiele.com\/wp-content\/uploads\/2024\/09\/IP68-Plastic-MC4-Solar-Connectors.webp","type":"image\/webp"}],"twitter_card":"summary_large_image","twitter_misc":{"Dur\u00e9e de lecture estim\u00e9e":"2 minutes"},"schema":{"@context":"https:\/\/schema.org","@graph":[{"@type":"WebPage","@id":"https:\/\/www.jyiele.com\/product\/ip68-plastic-mc4-solar-connectors-1500v-dc\/","url":"https:\/\/www.jyiele.com\/product\/ip68-plastic-mc4-solar-connectors-1500v-dc\/","name":"Chine IP68 Plastic MC4 Solar Connectors 1500V DC Suppliers - JYIELE","isPartOf":{"@id":"https:\/\/www.jyiele.com\/#website"},"primaryImageOfPage":{"@id":"https:\/\/www.jyiele.com\/product\/ip68-plastic-mc4-solar-connectors-1500v-dc\/#primaryimage"},"image":{"@id":"https:\/\/www.jyiele.com\/product\/ip68-plastic-mc4-solar-connectors-1500v-dc\/#primaryimage"},"thumbnailUrl":"https:\/\/www.jyiele.com\/wp-content\/uploads\/2024\/09\/IP68-Plastic-MC4-Solar-Connectors.webp","datePublished":"2024-11-01T08:09:42+00:00","dateModified":"2025-03-09T11:43:55+00:00","description":"JYIELE's IP68 Plastic MC4 Solar Connectors 1500V DCJYIELE's IP68 Plastic MC4 Solar Connectors 1500V DC are designed for high performance in solar energy systems, with high safety and reliability, conforming to international certification standards.","breadcrumb":{"@id":"https:\/\/www.jyiele.com\/product\/ip68-plastic-mc4-solar-connectors-1500v-dc\/#breadcrumb"},"inLanguage":"fr-FR","potentialAction":[{"@type":"ReadAction","target":["https:\/\/www.jyiele.com\/product\/ip68-plastic-mc4-solar-connectors-1500v-dc\/"]}]},{"@type":"ImageObject","inLanguage":"fr-FR","@id":"https:\/\/www.jyiele.com\/product\/ip68-plastic-mc4-solar-connectors-1500v-dc\/#primaryimage","url":"https:\/\/www.jyiele.com\/wp-content\/uploads\/2024\/09\/IP68-Plastic-MC4-Solar-Connectors.webp","contentUrl":"https:\/\/www.jyiele.com\/wp-content\/uploads\/2024\/09\/IP68-Plastic-MC4-Solar-Connectors.webp","width":800,"height":800,"caption":"IP68 Plastic MC4 Solar Connectors"},{"@type":"BreadcrumbList","@id":"https:\/\/www.jyiele.com\/product\/ip68-plastic-mc4-solar-connectors-1500v-dc\/#breadcrumb","itemListElement":[{"@type":"ListItem","position":1,"name":"Home","item":"https:\/\/www.jyiele.com\/"},{"@type":"ListItem","position":2,"name":"Product","item":"https:\/\/www.jyiele.com\/product\/"},{"@type":"ListItem","position":3,"name":"MC4 Connector","item":"https:\/\/www.jyiele.com\/product-category\/mc4-connector\/"},{"@type":"ListItem","position":4,"name":"IP68 Plastic MC4 Solar Connectors 1500V DC"}]},{"@type":"WebSite","@id":"https:\/\/www.jyiele.com\/#website","url":"https:\/\/www.jyiele.com\/","name":"JYIELE","description":"Fabricant de disjoncteurs \u00e0 vide","publisher":{"@id":"https:\/\/www.jyiele.com\/#organization"},"potentialAction":[{"@type":"SearchAction","target":{"@type":"EntryPoint","urlTemplate":"https:\/\/www.jyiele.com\/?s={search_term_string}"},"query-input":{"@type":"PropertyValueSpecification","valueRequired":true,"valueName":"search_term_string"}}],"inLanguage":"fr-FR"},{"@type":"Organization","@id":"https:\/\/www.jyiele.com\/#organization","name":"JYIELE","url":"https:\/\/www.jyiele.com\/","logo":{"@type":"ImageObject","inLanguage":"fr-FR","@id":"https:\/\/www.jyiele.com\/#\/schema\/logo\/image\/","url":"https:\/\/www.jyiele.com\/wp-content\/uploads\/2024\/09\/cropped-jyele-1.webp","contentUrl":"https:\/\/www.jyiele.com\/wp-content\/uploads\/2024\/09\/cropped-jyele-1.webp","width":137,"height":60,"caption":"JYIELE"},"image":{"@id":"https:\/\/www.jyiele.com\/#\/schema\/logo\/image\/"}}]}},"_links":{"self":[{"href":"https:\/\/www.jyiele.com\/fr\/wp-json\/wp\/v2\/product\/1253","targetHints":{"allow":["GET"]}}],"collection":[{"href":"https:\/\/www.jyiele.com\/fr\/wp-json\/wp\/v2\/product"}],"about":[{"href":"https:\/\/www.jyiele.com\/fr\/wp-json\/wp\/v2\/types\/product"}],"version-history":[{"count":2,"href":"https:\/\/www.jyiele.com\/fr\/wp-json\/wp\/v2\/product\/1253\/revisions"}],"predecessor-version":[{"id":1470,"href":"https:\/\/www.jyiele.com\/fr\/wp-json\/wp\/v2\/product\/1253\/revisions\/1470"}],"wp:featuredmedia":[{"embeddable":true,"href":"https:\/\/www.jyiele.com\/fr\/wp-json\/wp\/v2\/media\/1255"}],"wp:attachment":[{"href":"https:\/\/www.jyiele.com\/fr\/wp-json\/wp\/v2\/media?parent=1253"}],"wp:term":[{"taxonomy":"product_brand","embeddable":true,"href":"https:\/\/www.jyiele.com\/fr\/wp-json\/wp\/v2\/product_brand?post=1253"},{"taxonomy":"product_cat","embeddable":true,"href":"https:\/\/www.jyiele.com\/fr\/wp-json\/wp\/v2\/product_cat?post=1253"},{"taxonomy":"product_tag","embeddable":true,"href":"https:\/\/www.jyiele.com\/fr\/wp-json\/wp\/v2\/product_tag?post=1253"}],"curies":[{"name":"wp","href":"https:\/\/api.w.org\/{rel}","templated":true}]}}