{"id":1321,"date":"2024-11-03T10:59:29","date_gmt":"2024-11-03T10:59:29","guid":{"rendered":"https:\/\/www.jy-electric.com\/?post_type=product&#038;p=1321"},"modified":"2025-03-09T11:43:12","modified_gmt":"2025-03-09T11:43:12","slug":"solar-wire-connectors","status":"publish","type":"product","link":"https:\/\/www.jyiele.com\/fr\/product\/solar-wire-connectors\/","title":{"rendered":"1000V 1500V DC 50Amp Branchement en Y 3 voies Y3 Y4 connecteurs de fils solaires parall\u00e8les"},"content":{"rendered":"<h2>Caract\u00e9ristiques et avantages remarquables des connecteurs de fil solaire de type Y de JYIELE<\/h2>\n<p>Capacit\u00e9 de tension et de courant \u00e9lev\u00e9e : Prenant en charge une tension nominale de 1500 V et un courant nominal de 45 A, ils conviennent \u00e0 une grande vari\u00e9t\u00e9 de syst\u00e8mes d'\u00e9nergie solaire.<\/p>\n<p>Tension d'essai puissante : La tension d'essai de 8 000 V garantit que les performances d'isolation du connecteur sont extr\u00eamement fiables.<\/p>\n<p>Large plage d'adaptation \u00e0 la temp\u00e9rature : capable de fonctionner normalement dans une plage de temp\u00e9rature allant de -40\u00b0C \u00e0 +90\u00b0C, jusqu'\u00e0 +105\u00b0C, s'adaptant ainsi \u00e0 une grande vari\u00e9t\u00e9 d'environnements.<\/p>\n<p>Excellente protection : L'indice IP68 signifie qu'il est totalement \u00e9tanche \u00e0 la poussi\u00e8re et qu'il peut \u00eatre utilis\u00e9 pendant de longues p\u00e9riodes d'immersion dans l'eau, ce qui le rend adapt\u00e9 \u00e0 un large \u00e9ventail d'environnements difficiles.<\/p>\n<p>Faible r\u00e9sistance de contact : une r\u00e9sistance de contact de seulement 0,5 milliohms garantit une transmission efficace de la puissance et une perte d'\u00e9nergie minimale.<\/p>\n<p>Normes de s\u00e9curit\u00e9 \u00e9lev\u00e9es : La conformit\u00e9 \u00e0 la classe de s\u00e9curit\u00e9 II garantit la s\u00e9curit\u00e9 d'utilisation.<\/p>\n<p>Mat\u00e9riaux de haute qualit\u00e9 : les contacts sont en cuivre \u00e9tam\u00e9 et l'isolant est en PPO, ce qui garantit une excellente conductivit\u00e9 et une grande durabilit\u00e9.<\/p>\n<p>SYST\u00c8ME DE VERROUILLAGE FORT : Le syst\u00e8me de verrouillage par encliquetage est utilis\u00e9 pour assurer une connexion solide et faciliter le branchement et le d\u00e9branchement.<\/p>\n<p>Performance ignifuge : Conforme \u00e0 l'indice d'ignifugation UL-94-V0, ce qui am\u00e9liore la s\u00e9curit\u00e9 du produit.<\/p>\n<p>Adaptable \u00e0 une large gamme de c\u00e2bles : Compatible avec des c\u00e2bles de 2,5 mm\u00b2 \u00e0 6,0 mm\u00b2, il convient \u00e0 un large \u00e9ventail de besoins d'installation.<\/p>\n<h2>Caract\u00e9ristiques des diff\u00e9rents mod\u00e8les<\/h2>\n<p>T\u00e9 Y3 : Convient pour DC1000V, courant nominal 30A, convient pour une connexion en t\u00e9.<br \/>\nY3 Phillips : convient pour DC1500V, courant nominal 30A, connexion en croix.<br \/>\nY4 Cross : convient pour DC1000V, courant nominal 30A, avec design en croix.<br \/>\nY5 Cross 1500V : Convient pour DC1500V, courant nominal 30A, con\u00e7u pour les environnements \u00e0 haute tension.<\/p>\n<h2 class=\"bot_tit flex f-js\">Param\u00e8tres du produit<\/h2>\n<div class=\"bot_con\">\n<div class=\"des show\">\n<figure class=\"wp-block-table\">\n<div class=\"scroll\">\n<table>\n<tbody>\n<tr>\n<td>Num\u00e9ro de s\u00e9rie<\/td>\n<td>Param\u00e8tres<\/td>\n<td>Param\u00e8tres<\/td>\n<\/tr>\n<tr>\n<td>1<\/td>\n<td>Type<\/td>\n<td>Connecteur de fusible solaire<\/td>\n<\/tr>\n<tr>\n<td>2<\/td>\n<td>Tension nominale<\/td>\n<td>1000V \/ 1500V DC<\/td>\n<\/tr>\n<tr>\n<td>3<\/td>\n<td>Courant nominal<\/td>\n<td>2A-45A<\/td>\n<\/tr>\n<tr>\n<td>4<\/td>\n<td>Tension d'essai<\/td>\n<td>8000V(50Hz,1min)<\/td>\n<\/tr>\n<tr>\n<td>5<\/td>\n<td>Plage de temp\u00e9rature<\/td>\n<td>-40\u00b0C ...+90\u00b0C<\/td>\n<\/tr>\n<tr>\n<td>6<\/td>\n<td>Temp\u00e9rature limite sup\u00e9rieure<\/td>\n<td>+105\u00b0C<\/td>\n<\/tr>\n<tr>\n<td>7<\/td>\n<td>Degr\u00e9 de protection<\/td>\n<td>IP2X\/ IP68<\/td>\n<\/tr>\n<tr>\n<td>8<\/td>\n<td>R\u00e9sistance de contact des connecteurs<\/td>\n<td>0,5m\u03a9<\/td>\n<\/tr>\n<tr>\n<td>9<\/td>\n<td>Classe de s\u00e9curit\u00e9<\/td>\n<td>\u2161<\/td>\n<\/tr>\n<tr>\n<td>10<\/td>\n<td>Mat\u00e9riel de contact<\/td>\n<td>Cuivre, \u00e9tam\u00e9<\/td>\n<\/tr>\n<tr>\n<td>11<\/td>\n<td>Mat\u00e9riau d'isolation<\/td>\n<td>OPP<\/td>\n<\/tr>\n<tr>\n<td>12<\/td>\n<td>Force de retrait\/Force d'insertion<\/td>\n<td>\u226550N\/\u226450N<\/td>\n<\/tr>\n<tr>\n<td>13<\/td>\n<td>Syst\u00e8me de verrouillage<\/td>\n<td>Snap-in<\/td>\n<\/tr>\n<tr>\n<td>14<\/td>\n<td>Classe de flamme<\/td>\n<td>UL-94-V0<\/td>\n<\/tr>\n<tr>\n<td>15<\/td>\n<td>Sp\u00e9cifications du c\u00e2ble<\/td>\n<td>2,5mm\u00b2-6,0mm\u00b2 14AWG-10AWG<\/td>\n<\/tr>\n<tr>\n<td>16<\/td>\n<td>Tension d'\u00e9preuve<\/td>\n<td>6000V AC(1Min) 2200V DC(1Min)<\/td>\n<\/tr>\n<\/tbody>\n<\/table>\n<\/div>\n<\/figure>\n<div class=\"wp-block-media-text is-stacked-on-mobile\">\n<figure class=\"wp-block-media-text__media\"><img fetchpriority=\"high\" decoding=\"async\" class=\"alignnone wp-image-1324 size-full\" src=\"https:\/\/www.jy-electric.com\/wp-content\/uploads\/2024\/09\/Y3-Tee-connector.webp\" alt=\"Y3 Connecteur en t\u00e9\" width=\"693\" height=\"345\" srcset=\"https:\/\/www.jyiele.com\/wp-content\/uploads\/2024\/09\/Y3-Tee-connector.webp 693w, https:\/\/www.jyiele.com\/wp-content\/uploads\/2024\/09\/Y3-Tee-connector-300x149.webp 300w, https:\/\/www.jyiele.com\/wp-content\/uploads\/2024\/09\/Y3-Tee-connector-18x9.webp 18w, https:\/\/www.jyiele.com\/wp-content\/uploads\/2024\/09\/Y3-Tee-connector-600x299.webp 600w\" sizes=\"(max-width: 693px) 100vw, 693px\" \/><\/figure>\n<div class=\"wp-block-media-text__content\">\n<p>Mod\u00e8le de produit : Y3 tee<br \/>\nMat\u00e9riau du noyau Cuivre \u00e9tam\u00e9 type ouvert<br \/>\nTension nominale\u22641000V<br \/>\nCourant nominal\u226430A<\/p>\n<\/div>\n<\/div>\n<div class=\"wp-block-media-text is-stacked-on-mobile\">\n<figure class=\"wp-block-media-text__media\"><img decoding=\"async\" class=\"alignnone wp-image-1323 size-full\" src=\"https:\/\/www.jy-electric.com\/wp-content\/uploads\/2024\/09\/Y3-Phillips-connector.webp\" alt=\"Y3 Connecteur Phillips\" width=\"719\" height=\"322\" srcset=\"https:\/\/www.jyiele.com\/wp-content\/uploads\/2024\/09\/Y3-Phillips-connector.webp 719w, https:\/\/www.jyiele.com\/wp-content\/uploads\/2024\/09\/Y3-Phillips-connector-300x134.webp 300w, https:\/\/www.jyiele.com\/wp-content\/uploads\/2024\/09\/Y3-Phillips-connector-18x8.webp 18w, https:\/\/www.jyiele.com\/wp-content\/uploads\/2024\/09\/Y3-Phillips-connector-600x269.webp 600w\" sizes=\"(max-width: 719px) 100vw, 719px\" \/><\/figure>\n<div class=\"wp-block-media-text__content\">\n<p>Mod\u00e8le du produit : Y3 Cross<br \/>\nMat\u00e9riau du noyau Type ouvert plaqu\u00e9 cuivre<br \/>\nTension nominale\u2264DC1500V<br \/>\nCourant nominal\u226430A<\/p>\n<\/div>\n<\/div>\n<div class=\"wp-block-media-text is-stacked-on-mobile\">\n<figure class=\"wp-block-media-text__media\"><img decoding=\"async\" class=\"alignnone wp-image-1325 size-full\" title=\"Connecteur solaire Y4 Phillips\" src=\"https:\/\/www.jy-electric.com\/wp-content\/uploads\/2024\/09\/Y4-Phillips-Solar-Connector.webp\" alt=\"Connecteur solaire Y4 Phillips\" width=\"779\" height=\"374\" srcset=\"https:\/\/www.jyiele.com\/wp-content\/uploads\/2024\/09\/Y4-Phillips-Solar-Connector.webp 779w, https:\/\/www.jyiele.com\/wp-content\/uploads\/2024\/09\/Y4-Phillips-Solar-Connector-300x144.webp 300w, https:\/\/www.jyiele.com\/wp-content\/uploads\/2024\/09\/Y4-Phillips-Solar-Connector-768x369.webp 768w, https:\/\/www.jyiele.com\/wp-content\/uploads\/2024\/09\/Y4-Phillips-Solar-Connector-18x9.webp 18w, https:\/\/www.jyiele.com\/wp-content\/uploads\/2024\/09\/Y4-Phillips-Solar-Connector-600x288.webp 600w\" sizes=\"(max-width: 779px) 100vw, 779px\" \/><\/figure>\n<div class=\"wp-block-media-text__content\">\n<p>Mod\u00e8le du produit : Y4 Cross<br \/>\nMat\u00e9riau du noyau Type ouvert plaqu\u00e9 coppertine<br \/>\nTension nominale\u22641000V<br \/>\nCourant nominal\u226430A<\/p>\n<\/div>\n<\/div>\n<div class=\"wp-block-media-text is-stacked-on-mobile\">\n<figure class=\"wp-block-media-text__media\"><img loading=\"lazy\" decoding=\"async\" class=\"alignnone wp-image-1326 size-full\" title=\"Connecteur solaire Y5 Cross 1500V\" src=\"https:\/\/www.jy-electric.com\/wp-content\/uploads\/2024\/09\/Y5-Cross-1500V-Solar-Connector.webp\" alt=\"Connecteur solaire Y5 Cross 1500V\" width=\"734\" height=\"367\" srcset=\"https:\/\/www.jyiele.com\/wp-content\/uploads\/2024\/09\/Y5-Cross-1500V-Solar-Connector.webp 734w, https:\/\/www.jyiele.com\/wp-content\/uploads\/2024\/09\/Y5-Cross-1500V-Solar-Connector-300x150.webp 300w, https:\/\/www.jyiele.com\/wp-content\/uploads\/2024\/09\/Y5-Cross-1500V-Solar-Connector-18x9.webp 18w, https:\/\/www.jyiele.com\/wp-content\/uploads\/2024\/09\/Y5-Cross-1500V-Solar-Connector-600x300.webp 600w\" sizes=\"(max-width: 734px) 100vw, 734px\" \/><\/figure>\n<div class=\"wp-block-media-text__content\">\n<p>Mod\u00e8le du produit : y5 Cross 1500V<br \/>\nMat\u00e9riau du noyau Type ouvert plaqu\u00e9 cuivre<br \/>\nTension nominale\u2264DC1500V<br \/>\nCourant nominal\u226430A<\/p>\n<\/div>\n<\/div>\n<\/div>\n<\/div>","protected":false},"excerpt":{"rendered":"<p>Les connecteurs de fils solaires JYIELE sont soumis \u00e0 des contr\u00f4les de qualit\u00e9 rigoureux afin de garantir que chaque produit offre des performances constantes et fiables. Que vous ayez besoin d'une haute tension, d'une faible r\u00e9sistance de contact ou d'un niveau de protection \u00e9lev\u00e9, ce connecteur peut r\u00e9pondre \u00e0 tous vos besoins.<\/p>","protected":false},"featured_media":1322,"template":"","meta":{"site-sidebar-layout":"default","site-content-layout":"","ast-site-content-layout":"default","site-content-style":"default","site-sidebar-style":"default","ast-global-header-display":"","ast-banner-title-visibility":"","ast-main-header-display":"","ast-hfb-above-header-display":"","ast-hfb-below-header-display":"","ast-hfb-mobile-header-display":"","site-post-title":"","ast-breadcrumbs-content":"","ast-featured-img":"","footer-sml-layout":"","ast-disable-related-posts":"","theme-transparent-header-meta":"default","adv-header-id-meta":"","stick-header-meta":"","header-above-stick-meta":"","header-main-stick-meta":"","header-below-stick-meta":"","astra-migrate-meta-layouts":"set","ast-page-background-enabled":"default","ast-page-background-meta":{"desktop":{"background-color":"var(--ast-global-color-4)","background-image":"","background-repeat":"repeat","background-position":"center center","background-size":"auto","background-attachment":"scroll","background-type":"","background-media":"","overlay-type":"","overlay-color":"","overlay-opacity":"","overlay-gradient":""},"tablet":{"background-color":"","background-image":"","background-repeat":"repeat","background-position":"center center","background-size":"auto","background-attachment":"scroll","background-type":"","background-media":"","overlay-type":"","overlay-color":"","overlay-opacity":"","overlay-gradient":""},"mobile":{"background-color":"","background-image":"","background-repeat":"repeat","background-position":"center center","background-size":"auto","background-attachment":"scroll","background-type":"","background-media":"","overlay-type":"","overlay-color":"","overlay-opacity":"","overlay-gradient":""}},"ast-content-background-meta":{"desktop":{"background-color":"var(--ast-global-color-5)","background-image":"","background-repeat":"repeat","background-position":"center center","background-size":"auto","background-attachment":"scroll","background-type":"","background-media":"","overlay-type":"","overlay-color":"","overlay-opacity":"","overlay-gradient":""},"tablet":{"background-color":"var(--ast-global-color-5)","background-image":"","background-repeat":"repeat","background-position":"center center","background-size":"auto","background-attachment":"scroll","background-type":"","background-media":"","overlay-type":"","overlay-color":"","overlay-opacity":"","overlay-gradient":""},"mobile":{"background-color":"var(--ast-global-color-5)","background-image":"","background-repeat":"repeat","background-position":"center center","background-size":"auto","background-attachment":"scroll","background-type":"","background-media":"","overlay-type":"","overlay-color":"","overlay-opacity":"","overlay-gradient":""}}},"product_brand":[],"product_cat":[19],"product_tag":[],"class_list":{"0":"post-1321","1":"product","2":"type-product","3":"status-publish","4":"has-post-thumbnail","6":"product_cat-mc4-connector","7":"desktop-align-left","8":"tablet-align-left","9":"mobile-align-left","11":"first","12":"instock","13":"shipping-taxable","14":"product-type-simple"},"yoast_head":"<!-- This site is optimized with the Yoast SEO plugin v24.8.1 - https:\/\/yoast.com\/wordpress\/plugins\/seo\/ -->\n<title>Best China Solar Wire Connectors Manufacturer - JYIELE<\/title>\n<meta name=\"description\" content=\"JYIELE&#039;s solar wire connectors pass rigorous quality checks to ensure that each product provides consistent and reliable performance. Whether your needs are for high voltage, low contact resistance, or a high level of protection, this connector will meet them all.\" \/>\n<meta name=\"robots\" content=\"index, follow, max-snippet:-1, max-image-preview:large, max-video-preview:-1\" \/>\n<link rel=\"canonical\" href=\"https:\/\/www.jyiele.com\/fr\/product\/solar-wire-connectors\/\" \/>\n<meta property=\"og:locale\" content=\"fr_FR\" \/>\n<meta property=\"og:type\" content=\"article\" \/>\n<meta property=\"og:title\" content=\"Best China Solar Wire Connectors Manufacturer - JYIELE\" \/>\n<meta property=\"og:description\" content=\"JYIELE&#039;s solar wire connectors pass rigorous quality checks to ensure that each product provides consistent and reliable performance. Whether your needs are for high voltage, low contact resistance, or a high level of protection, this connector will meet them all.\" \/>\n<meta property=\"og:url\" content=\"https:\/\/www.jyiele.com\/fr\/product\/solar-wire-connectors\/\" \/>\n<meta property=\"og:site_name\" content=\"JYIELE\" \/>\n<meta property=\"article:modified_time\" content=\"2025-03-09T11:43:12+00:00\" \/>\n<meta property=\"og:image\" content=\"https:\/\/www.jyiele.com\/wp-content\/uploads\/2024\/09\/1000V-1500V-DC-50Amp-Y-branch-3-ways-Y3-Y4-solar-wire-connectors-parallel.webp\" \/>\n\t<meta property=\"og:image:width\" content=\"800\" \/>\n\t<meta property=\"og:image:height\" content=\"800\" \/>\n\t<meta property=\"og:image:type\" content=\"image\/webp\" \/>\n<meta name=\"twitter:card\" content=\"summary_large_image\" \/>\n<meta name=\"twitter:label1\" content=\"Dur\u00e9e de lecture estim\u00e9e\" \/>\n\t<meta name=\"twitter:data1\" content=\"3 minutes\" \/>\n<script type=\"application\/ld+json\" class=\"yoast-schema-graph\">{\"@context\":\"https:\/\/schema.org\",\"@graph\":[{\"@type\":\"WebPage\",\"@id\":\"https:\/\/www.jyiele.com\/product\/solar-wire-connectors\/\",\"url\":\"https:\/\/www.jyiele.com\/product\/solar-wire-connectors\/\",\"name\":\"Best China Solar Wire Connectors Manufacturer - JYIELE\",\"isPartOf\":{\"@id\":\"https:\/\/www.jyiele.com\/#website\"},\"primaryImageOfPage\":{\"@id\":\"https:\/\/www.jyiele.com\/product\/solar-wire-connectors\/#primaryimage\"},\"image\":{\"@id\":\"https:\/\/www.jyiele.com\/product\/solar-wire-connectors\/#primaryimage\"},\"thumbnailUrl\":\"https:\/\/www.jyiele.com\/wp-content\/uploads\/2024\/09\/1000V-1500V-DC-50Amp-Y-branch-3-ways-Y3-Y4-solar-wire-connectors-parallel.webp\",\"datePublished\":\"2024-11-03T10:59:29+00:00\",\"dateModified\":\"2025-03-09T11:43:12+00:00\",\"description\":\"JYIELE's solar wire connectors pass rigorous quality checks to ensure that each product provides consistent and reliable performance. Whether your needs are for high voltage, low contact resistance, or a high level of protection, this connector will meet them all.\",\"breadcrumb\":{\"@id\":\"https:\/\/www.jyiele.com\/product\/solar-wire-connectors\/#breadcrumb\"},\"inLanguage\":\"fr-FR\",\"potentialAction\":[{\"@type\":\"ReadAction\",\"target\":[\"https:\/\/www.jyiele.com\/product\/solar-wire-connectors\/\"]}]},{\"@type\":\"ImageObject\",\"inLanguage\":\"fr-FR\",\"@id\":\"https:\/\/www.jyiele.com\/product\/solar-wire-connectors\/#primaryimage\",\"url\":\"https:\/\/www.jyiele.com\/wp-content\/uploads\/2024\/09\/1000V-1500V-DC-50Amp-Y-branch-3-ways-Y3-Y4-solar-wire-connectors-parallel.webp\",\"contentUrl\":\"https:\/\/www.jyiele.com\/wp-content\/uploads\/2024\/09\/1000V-1500V-DC-50Amp-Y-branch-3-ways-Y3-Y4-solar-wire-connectors-parallel.webp\",\"width\":800,\"height\":800,\"caption\":\"1000V 1500V DC 50Amp Y branch 3 ways Y3 Y4 solar wire connectors parallel\"},{\"@type\":\"BreadcrumbList\",\"@id\":\"https:\/\/www.jyiele.com\/product\/solar-wire-connectors\/#breadcrumb\",\"itemListElement\":[{\"@type\":\"ListItem\",\"position\":1,\"name\":\"Home\",\"item\":\"https:\/\/www.jyiele.com\/\"},{\"@type\":\"ListItem\",\"position\":2,\"name\":\"Product\",\"item\":\"https:\/\/www.jyiele.com\/product\/\"},{\"@type\":\"ListItem\",\"position\":3,\"name\":\"MC4 Connector\",\"item\":\"https:\/\/www.jyiele.com\/product-category\/mc4-connector\/\"},{\"@type\":\"ListItem\",\"position\":4,\"name\":\"1000V 1500V DC 50Amp Y branch 3 ways Y3 Y4 solar wire connectors parallel\"}]},{\"@type\":\"WebSite\",\"@id\":\"https:\/\/www.jyiele.com\/#website\",\"url\":\"https:\/\/www.jyiele.com\/\",\"name\":\"JYIELE\",\"description\":\"Vacuum Circuit Breaker manufacturer\",\"publisher\":{\"@id\":\"https:\/\/www.jyiele.com\/#organization\"},\"potentialAction\":[{\"@type\":\"SearchAction\",\"target\":{\"@type\":\"EntryPoint\",\"urlTemplate\":\"https:\/\/www.jyiele.com\/?s={search_term_string}\"},\"query-input\":{\"@type\":\"PropertyValueSpecification\",\"valueRequired\":true,\"valueName\":\"search_term_string\"}}],\"inLanguage\":\"fr-FR\"},{\"@type\":\"Organization\",\"@id\":\"https:\/\/www.jyiele.com\/#organization\",\"name\":\"JYIELE\",\"url\":\"https:\/\/www.jyiele.com\/\",\"logo\":{\"@type\":\"ImageObject\",\"inLanguage\":\"fr-FR\",\"@id\":\"https:\/\/www.jyiele.com\/#\/schema\/logo\/image\/\",\"url\":\"https:\/\/www.jyiele.com\/wp-content\/uploads\/2024\/09\/cropped-jyele-1.webp\",\"contentUrl\":\"https:\/\/www.jyiele.com\/wp-content\/uploads\/2024\/09\/cropped-jyele-1.webp\",\"width\":137,\"height\":60,\"caption\":\"JYIELE\"},\"image\":{\"@id\":\"https:\/\/www.jyiele.com\/#\/schema\/logo\/image\/\"}}]}<\/script>\n<!-- \/ Yoast SEO plugin. -->","yoast_head_json":{"title":"Meilleur fabricant chinois de connecteurs de fils solaires - JYIELE","description":"Les connecteurs de fils solaires JYIELE sont soumis \u00e0 des contr\u00f4les de qualit\u00e9 rigoureux afin de garantir que chaque produit offre des performances constantes et fiables. Que vous ayez besoin d'une haute tension, d'une faible r\u00e9sistance de contact ou d'un haut niveau de protection, ce connecteur r\u00e9pondra \u00e0 tous vos besoins.","robots":{"index":"index","follow":"follow","max-snippet":"max-snippet:-1","max-image-preview":"max-image-preview:large","max-video-preview":"max-video-preview:-1"},"canonical":"https:\/\/www.jyiele.com\/fr\/product\/solar-wire-connectors\/","og_locale":"fr_FR","og_type":"article","og_title":"Best China Solar Wire Connectors Manufacturer - JYIELE","og_description":"JYIELE's solar wire connectors pass rigorous quality checks to ensure that each product provides consistent and reliable performance. Whether your needs are for high voltage, low contact resistance, or a high level of protection, this connector will meet them all.","og_url":"https:\/\/www.jyiele.com\/fr\/product\/solar-wire-connectors\/","og_site_name":"JYIELE","article_modified_time":"2025-03-09T11:43:12+00:00","og_image":[{"width":800,"height":800,"url":"https:\/\/www.jyiele.com\/wp-content\/uploads\/2024\/09\/1000V-1500V-DC-50Amp-Y-branch-3-ways-Y3-Y4-solar-wire-connectors-parallel.webp","type":"image\/webp"}],"twitter_card":"summary_large_image","twitter_misc":{"Dur\u00e9e de lecture estim\u00e9e":"3 minutes"},"schema":{"@context":"https:\/\/schema.org","@graph":[{"@type":"WebPage","@id":"https:\/\/www.jyiele.com\/product\/solar-wire-connectors\/","url":"https:\/\/www.jyiele.com\/product\/solar-wire-connectors\/","name":"Meilleur fabricant chinois de connecteurs de fils solaires - JYIELE","isPartOf":{"@id":"https:\/\/www.jyiele.com\/#website"},"primaryImageOfPage":{"@id":"https:\/\/www.jyiele.com\/product\/solar-wire-connectors\/#primaryimage"},"image":{"@id":"https:\/\/www.jyiele.com\/product\/solar-wire-connectors\/#primaryimage"},"thumbnailUrl":"https:\/\/www.jyiele.com\/wp-content\/uploads\/2024\/09\/1000V-1500V-DC-50Amp-Y-branch-3-ways-Y3-Y4-solar-wire-connectors-parallel.webp","datePublished":"2024-11-03T10:59:29+00:00","dateModified":"2025-03-09T11:43:12+00:00","description":"Les connecteurs de fils solaires JYIELE sont soumis \u00e0 des contr\u00f4les de qualit\u00e9 rigoureux afin de garantir que chaque produit offre des performances constantes et fiables. Que vous ayez besoin d'une haute tension, d'une faible r\u00e9sistance de contact ou d'un haut niveau de protection, ce connecteur r\u00e9pondra \u00e0 tous vos besoins.","breadcrumb":{"@id":"https:\/\/www.jyiele.com\/product\/solar-wire-connectors\/#breadcrumb"},"inLanguage":"fr-FR","potentialAction":[{"@type":"ReadAction","target":["https:\/\/www.jyiele.com\/product\/solar-wire-connectors\/"]}]},{"@type":"ImageObject","inLanguage":"fr-FR","@id":"https:\/\/www.jyiele.com\/product\/solar-wire-connectors\/#primaryimage","url":"https:\/\/www.jyiele.com\/wp-content\/uploads\/2024\/09\/1000V-1500V-DC-50Amp-Y-branch-3-ways-Y3-Y4-solar-wire-connectors-parallel.webp","contentUrl":"https:\/\/www.jyiele.com\/wp-content\/uploads\/2024\/09\/1000V-1500V-DC-50Amp-Y-branch-3-ways-Y3-Y4-solar-wire-connectors-parallel.webp","width":800,"height":800,"caption":"1000V 1500V DC 50Amp Y branch 3 ways Y3 Y4 solar wire connectors parallel"},{"@type":"BreadcrumbList","@id":"https:\/\/www.jyiele.com\/product\/solar-wire-connectors\/#breadcrumb","itemListElement":[{"@type":"ListItem","position":1,"name":"Home","item":"https:\/\/www.jyiele.com\/"},{"@type":"ListItem","position":2,"name":"Product","item":"https:\/\/www.jyiele.com\/product\/"},{"@type":"ListItem","position":3,"name":"MC4 Connector","item":"https:\/\/www.jyiele.com\/product-category\/mc4-connector\/"},{"@type":"ListItem","position":4,"name":"1000V 1500V DC 50Amp Y branch 3 ways Y3 Y4 solar wire connectors parallel"}]},{"@type":"WebSite","@id":"https:\/\/www.jyiele.com\/#website","url":"https:\/\/www.jyiele.com\/","name":"JYIELE","description":"Fabricant de disjoncteurs \u00e0 vide","publisher":{"@id":"https:\/\/www.jyiele.com\/#organization"},"potentialAction":[{"@type":"SearchAction","target":{"@type":"EntryPoint","urlTemplate":"https:\/\/www.jyiele.com\/?s={search_term_string}"},"query-input":{"@type":"PropertyValueSpecification","valueRequired":true,"valueName":"search_term_string"}}],"inLanguage":"fr-FR"},{"@type":"Organization","@id":"https:\/\/www.jyiele.com\/#organization","name":"JYIELE","url":"https:\/\/www.jyiele.com\/","logo":{"@type":"ImageObject","inLanguage":"fr-FR","@id":"https:\/\/www.jyiele.com\/#\/schema\/logo\/image\/","url":"https:\/\/www.jyiele.com\/wp-content\/uploads\/2024\/09\/cropped-jyele-1.webp","contentUrl":"https:\/\/www.jyiele.com\/wp-content\/uploads\/2024\/09\/cropped-jyele-1.webp","width":137,"height":60,"caption":"JYIELE"},"image":{"@id":"https:\/\/www.jyiele.com\/#\/schema\/logo\/image\/"}}]}},"_links":{"self":[{"href":"https:\/\/www.jyiele.com\/fr\/wp-json\/wp\/v2\/product\/1321","targetHints":{"allow":["GET"]}}],"collection":[{"href":"https:\/\/www.jyiele.com\/fr\/wp-json\/wp\/v2\/product"}],"about":[{"href":"https:\/\/www.jyiele.com\/fr\/wp-json\/wp\/v2\/types\/product"}],"version-history":[{"count":2,"href":"https:\/\/www.jyiele.com\/fr\/wp-json\/wp\/v2\/product\/1321\/revisions"}],"predecessor-version":[{"id":1472,"href":"https:\/\/www.jyiele.com\/fr\/wp-json\/wp\/v2\/product\/1321\/revisions\/1472"}],"wp:featuredmedia":[{"embeddable":true,"href":"https:\/\/www.jyiele.com\/fr\/wp-json\/wp\/v2\/media\/1322"}],"wp:attachment":[{"href":"https:\/\/www.jyiele.com\/fr\/wp-json\/wp\/v2\/media?parent=1321"}],"wp:term":[{"taxonomy":"product_brand","embeddable":true,"href":"https:\/\/www.jyiele.com\/fr\/wp-json\/wp\/v2\/product_brand?post=1321"},{"taxonomy":"product_cat","embeddable":true,"href":"https:\/\/www.jyiele.com\/fr\/wp-json\/wp\/v2\/product_cat?post=1321"},{"taxonomy":"product_tag","embeddable":true,"href":"https:\/\/www.jyiele.com\/fr\/wp-json\/wp\/v2\/product_tag?post=1321"}],"curies":[{"name":"wp","href":"https:\/\/api.w.org\/{rel}","templated":true}]}}