{"id":1454,"date":"2022-08-22T13:04:15","date_gmt":"2022-08-22T13:04:15","guid":{"rendered":"https:\/\/www.jy-electric.com\/?post_type=product&#038;p=1454"},"modified":"2024-10-09T13:06:15","modified_gmt":"2024-10-09T13:06:15","slug":"small-low-voltage-standoff-support-insulator","status":"publish","type":"product","link":"https:\/\/www.jyiele.com\/fr\/product\/small-low-voltage-standoff-support-insulator\/","title":{"rendered":"Petit isolateur de support de d\u00e9connexion basse tension de la s\u00e9rie SM"},"content":{"rendered":"<h2>Qu'est-ce qu'un petit isolateur \u00e0 colonne basse tension de la s\u00e9rie SM ?<\/h2>\n<p>Les isolateurs de barres de distribution de la s\u00e9rie SM ont une forme de tonneau et sont fabriqu\u00e9s en mat\u00e9riau DMC. Ils sont con\u00e7us pour les applications basse tension de 660 \u00e0 4500 V. En soutenant la barre de distribution, ils sont efficaces pour la fixation, le soutien et l'isolation.<\/p>\n<h2>Caract\u00e9ristiques du produit<\/h2>\n<p>S\u00e9curit\u00e9 \u00e9lev\u00e9e : l'utilisation de mat\u00e9riaux isolants de haute qualit\u00e9 permet de pr\u00e9venir efficacement les fuites de courant et de garantir la s\u00e9curit\u00e9 du fonctionnement du syst\u00e8me \u00e9lectrique.<br \/>\nForte r\u00e9sistance aux intemp\u00e9ries : avec une bonne r\u00e9sistance \u00e0 la chaleur, au froid et aux UV, il peut s'adapter \u00e0 toutes sortes de conditions m\u00e9t\u00e9orologiques difficiles et prolonger sa dur\u00e9e de vie.<br \/>\nInstallation pratique : la conception compacte facilite l'installation et la maintenance, r\u00e9duisant ainsi le temps de construction et les co\u00fbts de main-d'\u0153uvre.<br \/>\nL\u00e9ger : Le poids plus l\u00e9ger par rapport aux isolateurs traditionnels r\u00e9duit les contraintes sur la structure de support et convient \u00e0 un large \u00e9ventail d'environnements.<br \/>\nRentable : R\u00e9duction des co\u00fbts de production et am\u00e9lioration de l'\u00e9conomie gr\u00e2ce \u00e0 des mat\u00e9riaux et des processus efficaces, adapt\u00e9s aux applications \u00e0 grande \u00e9chelle.<br \/>\nBonnes performances \u00e9lectriques : avec d'excellentes propri\u00e9t\u00e9s d'isolation, il peut pr\u00e9venir efficacement les arcs \u00e9lectriques et les ph\u00e9nom\u00e8nes de rupture, assurant ainsi un fonctionnement stable des syst\u00e8mes \u00e9lectriques.<\/p>\n<figure class=\"wp-block-table\">\n<div class=\"scroll\">\n<table>\n<tbody>\n<tr>\n<td rowspan=\"12\" width=\"160\"><img fetchpriority=\"high\" decoding=\"async\" class=\"alignnone wp-image-1455\" src=\"https:\/\/www.jy-electric.com\/wp-content\/uploads\/2024\/09\/Low-voltage-bearing-insulator-drawing-145x300.webp\" alt=\"Dessin de l&#039;isolateur de palier basse tension\" width=\"237\" height=\"490\" srcset=\"https:\/\/www.jyiele.com\/wp-content\/uploads\/2024\/09\/Low-voltage-bearing-insulator-drawing-145x300.webp 145w, https:\/\/www.jyiele.com\/wp-content\/uploads\/2024\/09\/Low-voltage-bearing-insulator-drawing-6x12.webp 6w, https:\/\/www.jyiele.com\/wp-content\/uploads\/2024\/09\/Low-voltage-bearing-insulator-drawing.webp 224w\" sizes=\"(max-width: 237px) 100vw, 237px\" \/><\/td>\n<td width=\"70\">Mod\u00e8le<\/td>\n<td width=\"65\">D(mm)<\/td>\n<td width=\"59\">H(mm)<\/td>\n<td width=\"102\">verticille d'empreintes digitales<\/td>\n<td width=\"105\">personnalisable<\/td>\n<\/tr>\n<tr>\n<td width=\"70\">SM20<\/td>\n<td width=\"65\">17<\/td>\n<td width=\"59\">20<\/td>\n<td width=\"102\">M5\/M6<\/td>\n<td rowspan=\"11\" width=\"105\">Des moules personnalis\u00e9s sont disponibles pour r\u00e9pondre \u00e0 des exigences particuli\u00e8res<\/td>\n<\/tr>\n<tr>\n<td width=\"70\">SM25<\/td>\n<td width=\"65\">30<\/td>\n<td width=\"59\">25<\/td>\n<td width=\"102\">M5<\/td>\n<\/tr>\n<tr>\n<td width=\"70\">SM30<\/td>\n<td width=\"65\">32<\/td>\n<td width=\"59\">30<\/td>\n<td width=\"102\">M6\/M8<\/td>\n<\/tr>\n<tr>\n<td width=\"70\">SM35<\/td>\n<td width=\"65\">32<\/td>\n<td width=\"59\">35<\/td>\n<td width=\"102\">M6\/M8<\/td>\n<\/tr>\n<tr>\n<td width=\"70\">SM40<\/td>\n<td width=\"65\">40<\/td>\n<td width=\"59\">40<\/td>\n<td width=\"102\">M6\/M8<\/td>\n<\/tr>\n<tr>\n<td width=\"70\">SM45<\/td>\n<td width=\"65\">36<\/td>\n<td width=\"59\">45<\/td>\n<td width=\"102\">M6\/M8<\/td>\n<\/tr>\n<tr>\n<td width=\"70\">SM51<\/td>\n<td width=\"65\">36<\/td>\n<td width=\"59\">51<\/td>\n<td width=\"102\">M8\/M10<\/td>\n<\/tr>\n<tr>\n<td width=\"70\">SM60<\/td>\n<td width=\"65\">46<\/td>\n<td width=\"59\">60<\/td>\n<td width=\"102\">M8\/M10<\/td>\n<\/tr>\n<tr>\n<td width=\"70\">SM76<\/td>\n<td width=\"65\">50<\/td>\n<td width=\"59\">76<\/td>\n<td width=\"102\">M10\/M12<\/td>\n<\/tr>\n<tr>\n<td width=\"70\">SM80<\/td>\n<td width=\"65\">50<\/td>\n<td width=\"59\">80<\/td>\n<td width=\"102\">M10\/M12<\/td>\n<\/tr>\n<tr>\n<td width=\"70\">SM100<\/td>\n<td width=\"65\">65<\/td>\n<td width=\"59\">100<\/td>\n<td width=\"102\">M10\/M12<\/td>\n<\/tr>\n<\/tbody>\n<\/table>\n<\/div>\n<\/figure>\n<p>&nbsp;<\/p>\n<p>&nbsp;<\/p>","protected":false},"excerpt":{"rendered":"<p>Les petits isolateurs \u00e0 colonne basse tension de la s\u00e9rie SM conviennent aux armoires de distribution basse tension, aux onduleurs et aux appareillages de commutation, etc. Ils sont principalement utilis\u00e9s pour connecter les barres omnibus, fournir un support isolant et une distance de s\u00e9curit\u00e9 pour assurer l'isolation \u00e9lectrique.<\/p>\n<h2>Param\u00e8tres du produit :<\/h2>\n<p>Mod\u00e8le : Isolateur SM<br \/>\nPlage de temp\u00e9rature de fonctionnement : -40\u00b0C \u00e0 +140\u00b0C<br \/>\nMat\u00e9riau de l'insert : Laiton ou fer disponible<br \/>\nComposition du mat\u00e9riau : R\u00e9sine de polyester insatur\u00e9, plastique de compression renforc\u00e9 de fibres de verre (BMC\/SMC)<br \/>\nOptions de personnalisation : Possibilit\u00e9 de personnalisation non standard, les couleurs, les inserts et les mat\u00e9riaux peuvent \u00eatre adapt\u00e9s aux besoins du client.<br \/>\nVis de montage : en option<br \/>\nClassement au feu : UL94-V0<br \/>\nTous les produits ont obtenu les certifications CE, SGS et ROHS.<\/p>","protected":false},"featured_media":1456,"template":"","meta":{"site-sidebar-layout":"default","site-content-layout":"","ast-site-content-layout":"default","site-content-style":"default","site-sidebar-style":"default","ast-global-header-display":"","ast-banner-title-visibility":"","ast-main-header-display":"","ast-hfb-above-header-display":"","ast-hfb-below-header-display":"","ast-hfb-mobile-header-display":"","site-post-title":"","ast-breadcrumbs-content":"","ast-featured-img":"","footer-sml-layout":"","ast-disable-related-posts":"","theme-transparent-header-meta":"default","adv-header-id-meta":"","stick-header-meta":"","header-above-stick-meta":"","header-main-stick-meta":"","header-below-stick-meta":"","astra-migrate-meta-layouts":"set","ast-page-background-enabled":"default","ast-page-background-meta":{"desktop":{"background-color":"var(--ast-global-color-4)","background-image":"","background-repeat":"repeat","background-position":"center center","background-size":"auto","background-attachment":"scroll","background-type":"","background-media":"","overlay-type":"","overlay-color":"","overlay-opacity":"","overlay-gradient":""},"tablet":{"background-color":"","background-image":"","background-repeat":"repeat","background-position":"center center","background-size":"auto","background-attachment":"scroll","background-type":"","background-media":"","overlay-type":"","overlay-color":"","overlay-opacity":"","overlay-gradient":""},"mobile":{"background-color":"","background-image":"","background-repeat":"repeat","background-position":"center center","background-size":"auto","background-attachment":"scroll","background-type":"","background-media":"","overlay-type":"","overlay-color":"","overlay-opacity":"","overlay-gradient":""}},"ast-content-background-meta":{"desktop":{"background-color":"var(--ast-global-color-5)","background-image":"","background-repeat":"repeat","background-position":"center center","background-size":"auto","background-attachment":"scroll","background-type":"","background-media":"","overlay-type":"","overlay-color":"","overlay-opacity":"","overlay-gradient":""},"tablet":{"background-color":"var(--ast-global-color-5)","background-image":"","background-repeat":"repeat","background-position":"center center","background-size":"auto","background-attachment":"scroll","background-type":"","background-media":"","overlay-type":"","overlay-color":"","overlay-opacity":"","overlay-gradient":""},"mobile":{"background-color":"var(--ast-global-color-5)","background-image":"","background-repeat":"repeat","background-position":"center center","background-size":"auto","background-attachment":"scroll","background-type":"","background-media":"","overlay-type":"","overlay-color":"","overlay-opacity":"","overlay-gradient":""}}},"product_brand":[],"product_cat":[22],"product_tag":[],"class_list":{"0":"post-1454","1":"product","2":"type-product","3":"status-publish","4":"has-post-thumbnail","6":"product_cat-low-voltage-insulator","7":"desktop-align-left","8":"tablet-align-left","9":"mobile-align-left","11":"first","12":"instock","13":"shipping-taxable","14":"product-type-simple"},"yoast_head":"<!-- This site is optimized with the Yoast SEO plugin v24.8.1 - https:\/\/yoast.com\/wordpress\/plugins\/seo\/ -->\n<title>China Small SM Series Low Voltage Standoff Support Insulator Supplier Or Manufacturer - JYIELE<\/title>\n<meta name=\"description\" content=\"JYIELE low voltage bearing insulators are made of high quality raw materials with good insulating performance and long service life, support OEM&amp;ODM customization, very cost-effective price, welcome to consult the price comparison!\" \/>\n<meta name=\"robots\" content=\"index, follow, max-snippet:-1, max-image-preview:large, max-video-preview:-1\" \/>\n<link rel=\"canonical\" href=\"https:\/\/www.jyiele.com\/fr\/product\/small-low-voltage-standoff-support-insulator\/\" \/>\n<meta property=\"og:locale\" content=\"fr_FR\" \/>\n<meta property=\"og:type\" content=\"article\" \/>\n<meta property=\"og:title\" content=\"China Small SM Series Low Voltage Standoff Support Insulator Supplier Or Manufacturer - JYIELE\" \/>\n<meta property=\"og:description\" content=\"JYIELE low voltage bearing insulators are made of high quality raw materials with good insulating performance and long service life, support OEM&amp;ODM customization, very cost-effective price, welcome to consult the price comparison!\" \/>\n<meta property=\"og:url\" content=\"https:\/\/www.jyiele.com\/fr\/product\/small-low-voltage-standoff-support-insulator\/\" \/>\n<meta property=\"og:site_name\" content=\"JYIELE\" \/>\n<meta property=\"article:modified_time\" content=\"2024-10-09T13:06:15+00:00\" \/>\n<meta property=\"og:image\" content=\"https:\/\/www.jyiele.com\/wp-content\/uploads\/2024\/09\/Small-SM-Series-Low-Voltage-Standoff-Support-Insulator.webp\" \/>\n\t<meta property=\"og:image:width\" content=\"800\" \/>\n\t<meta property=\"og:image:height\" content=\"800\" \/>\n\t<meta property=\"og:image:type\" content=\"image\/webp\" \/>\n<meta name=\"twitter:card\" content=\"summary_large_image\" \/>\n<meta name=\"twitter:label1\" content=\"Dur\u00e9e de lecture estim\u00e9e\" \/>\n\t<meta name=\"twitter:data1\" content=\"2 minutes\" \/>\n<script type=\"application\/ld+json\" class=\"yoast-schema-graph\">{\"@context\":\"https:\/\/schema.org\",\"@graph\":[{\"@type\":\"WebPage\",\"@id\":\"https:\/\/www.jyiele.com\/product\/small-low-voltage-standoff-support-insulator\/\",\"url\":\"https:\/\/www.jyiele.com\/product\/small-low-voltage-standoff-support-insulator\/\",\"name\":\"China Small SM Series Low Voltage Standoff Support Insulator Supplier Or Manufacturer - JYIELE\",\"isPartOf\":{\"@id\":\"https:\/\/www.jyiele.com\/#website\"},\"primaryImageOfPage\":{\"@id\":\"https:\/\/www.jyiele.com\/product\/small-low-voltage-standoff-support-insulator\/#primaryimage\"},\"image\":{\"@id\":\"https:\/\/www.jyiele.com\/product\/small-low-voltage-standoff-support-insulator\/#primaryimage\"},\"thumbnailUrl\":\"https:\/\/www.jyiele.com\/wp-content\/uploads\/2024\/09\/Small-SM-Series-Low-Voltage-Standoff-Support-Insulator.webp\",\"datePublished\":\"2022-08-22T13:04:15+00:00\",\"dateModified\":\"2024-10-09T13:06:15+00:00\",\"description\":\"JYIELE low voltage bearing insulators are made of high quality raw materials with good insulating performance and long service life, support OEM&ODM customization, very cost-effective price, welcome to consult the price comparison!\",\"breadcrumb\":{\"@id\":\"https:\/\/www.jyiele.com\/product\/small-low-voltage-standoff-support-insulator\/#breadcrumb\"},\"inLanguage\":\"fr-FR\",\"potentialAction\":[{\"@type\":\"ReadAction\",\"target\":[\"https:\/\/www.jyiele.com\/product\/small-low-voltage-standoff-support-insulator\/\"]}]},{\"@type\":\"ImageObject\",\"inLanguage\":\"fr-FR\",\"@id\":\"https:\/\/www.jyiele.com\/product\/small-low-voltage-standoff-support-insulator\/#primaryimage\",\"url\":\"https:\/\/www.jyiele.com\/wp-content\/uploads\/2024\/09\/Small-SM-Series-Low-Voltage-Standoff-Support-Insulator.webp\",\"contentUrl\":\"https:\/\/www.jyiele.com\/wp-content\/uploads\/2024\/09\/Small-SM-Series-Low-Voltage-Standoff-Support-Insulator.webp\",\"width\":800,\"height\":800,\"caption\":\"Small SM Series Low Voltage Standoff Support Insulator\"},{\"@type\":\"BreadcrumbList\",\"@id\":\"https:\/\/www.jyiele.com\/product\/small-low-voltage-standoff-support-insulator\/#breadcrumb\",\"itemListElement\":[{\"@type\":\"ListItem\",\"position\":1,\"name\":\"Home\",\"item\":\"https:\/\/www.jyiele.com\/\"},{\"@type\":\"ListItem\",\"position\":2,\"name\":\"Product\",\"item\":\"https:\/\/www.jyiele.com\/product\/\"},{\"@type\":\"ListItem\",\"position\":3,\"name\":\"Low Voltage Insulator\",\"item\":\"https:\/\/www.jyiele.com\/product-category\/low-voltage-insulator\/\"},{\"@type\":\"ListItem\",\"position\":4,\"name\":\"Small SM Series Low Voltage Standoff Support Insulator\"}]},{\"@type\":\"WebSite\",\"@id\":\"https:\/\/www.jyiele.com\/#website\",\"url\":\"https:\/\/www.jyiele.com\/\",\"name\":\"JYIELE\",\"description\":\"Vacuum Circuit Breaker manufacturer\",\"publisher\":{\"@id\":\"https:\/\/www.jyiele.com\/#organization\"},\"potentialAction\":[{\"@type\":\"SearchAction\",\"target\":{\"@type\":\"EntryPoint\",\"urlTemplate\":\"https:\/\/www.jyiele.com\/?s={search_term_string}\"},\"query-input\":{\"@type\":\"PropertyValueSpecification\",\"valueRequired\":true,\"valueName\":\"search_term_string\"}}],\"inLanguage\":\"fr-FR\"},{\"@type\":\"Organization\",\"@id\":\"https:\/\/www.jyiele.com\/#organization\",\"name\":\"JYIELE\",\"url\":\"https:\/\/www.jyiele.com\/\",\"logo\":{\"@type\":\"ImageObject\",\"inLanguage\":\"fr-FR\",\"@id\":\"https:\/\/www.jyiele.com\/#\/schema\/logo\/image\/\",\"url\":\"https:\/\/www.jyiele.com\/wp-content\/uploads\/2024\/09\/cropped-jyele-1.webp\",\"contentUrl\":\"https:\/\/www.jyiele.com\/wp-content\/uploads\/2024\/09\/cropped-jyele-1.webp\",\"width\":137,\"height\":60,\"caption\":\"JYIELE\"},\"image\":{\"@id\":\"https:\/\/www.jyiele.com\/#\/schema\/logo\/image\/\"}}]}<\/script>\n<!-- \/ Yoast SEO plugin. -->","yoast_head_json":{"title":"Isolateur de support \u00e0 basse tension de petite taille de la s\u00e9rie SM Fournisseur ou fabricant - JYIELE","description":"Les isolateurs de roulements \u00e0 basse tension JYIELE sont fabriqu\u00e9s \u00e0 partir de mati\u00e8res premi\u00e8res de haute qualit\u00e9, avec de bonnes performances d'isolation et une longue dur\u00e9e de vie. Ils peuvent \u00eatre personnalis\u00e9s en fonction des besoins des clients (OEM et ODM) et leur prix est tr\u00e8s avantageux, n'h\u00e9sitez pas \u00e0 consulter la comparaison des prix !","robots":{"index":"index","follow":"follow","max-snippet":"max-snippet:-1","max-image-preview":"max-image-preview:large","max-video-preview":"max-video-preview:-1"},"canonical":"https:\/\/www.jyiele.com\/fr\/product\/small-low-voltage-standoff-support-insulator\/","og_locale":"fr_FR","og_type":"article","og_title":"China Small SM Series Low Voltage Standoff Support Insulator Supplier Or Manufacturer - JYIELE","og_description":"JYIELE low voltage bearing insulators are made of high quality raw materials with good insulating performance and long service life, support OEM&ODM customization, very cost-effective price, welcome to consult the price comparison!","og_url":"https:\/\/www.jyiele.com\/fr\/product\/small-low-voltage-standoff-support-insulator\/","og_site_name":"JYIELE","article_modified_time":"2024-10-09T13:06:15+00:00","og_image":[{"width":800,"height":800,"url":"https:\/\/www.jyiele.com\/wp-content\/uploads\/2024\/09\/Small-SM-Series-Low-Voltage-Standoff-Support-Insulator.webp","type":"image\/webp"}],"twitter_card":"summary_large_image","twitter_misc":{"Dur\u00e9e de lecture estim\u00e9e":"2 minutes"},"schema":{"@context":"https:\/\/schema.org","@graph":[{"@type":"WebPage","@id":"https:\/\/www.jyiele.com\/product\/small-low-voltage-standoff-support-insulator\/","url":"https:\/\/www.jyiele.com\/product\/small-low-voltage-standoff-support-insulator\/","name":"Isolateur de support \u00e0 basse tension de petite taille de la s\u00e9rie SM Fournisseur ou fabricant - JYIELE","isPartOf":{"@id":"https:\/\/www.jyiele.com\/#website"},"primaryImageOfPage":{"@id":"https:\/\/www.jyiele.com\/product\/small-low-voltage-standoff-support-insulator\/#primaryimage"},"image":{"@id":"https:\/\/www.jyiele.com\/product\/small-low-voltage-standoff-support-insulator\/#primaryimage"},"thumbnailUrl":"https:\/\/www.jyiele.com\/wp-content\/uploads\/2024\/09\/Small-SM-Series-Low-Voltage-Standoff-Support-Insulator.webp","datePublished":"2022-08-22T13:04:15+00:00","dateModified":"2024-10-09T13:06:15+00:00","description":"Les isolateurs de roulements \u00e0 basse tension JYIELE sont fabriqu\u00e9s \u00e0 partir de mati\u00e8res premi\u00e8res de haute qualit\u00e9, avec de bonnes performances d'isolation et une longue dur\u00e9e de vie. Ils peuvent \u00eatre personnalis\u00e9s en fonction des besoins des clients (OEM et ODM) et leur prix est tr\u00e8s avantageux, n'h\u00e9sitez pas \u00e0 consulter la comparaison des prix !","breadcrumb":{"@id":"https:\/\/www.jyiele.com\/product\/small-low-voltage-standoff-support-insulator\/#breadcrumb"},"inLanguage":"fr-FR","potentialAction":[{"@type":"ReadAction","target":["https:\/\/www.jyiele.com\/product\/small-low-voltage-standoff-support-insulator\/"]}]},{"@type":"ImageObject","inLanguage":"fr-FR","@id":"https:\/\/www.jyiele.com\/product\/small-low-voltage-standoff-support-insulator\/#primaryimage","url":"https:\/\/www.jyiele.com\/wp-content\/uploads\/2024\/09\/Small-SM-Series-Low-Voltage-Standoff-Support-Insulator.webp","contentUrl":"https:\/\/www.jyiele.com\/wp-content\/uploads\/2024\/09\/Small-SM-Series-Low-Voltage-Standoff-Support-Insulator.webp","width":800,"height":800,"caption":"Small SM Series Low Voltage Standoff Support Insulator"},{"@type":"BreadcrumbList","@id":"https:\/\/www.jyiele.com\/product\/small-low-voltage-standoff-support-insulator\/#breadcrumb","itemListElement":[{"@type":"ListItem","position":1,"name":"Home","item":"https:\/\/www.jyiele.com\/"},{"@type":"ListItem","position":2,"name":"Product","item":"https:\/\/www.jyiele.com\/product\/"},{"@type":"ListItem","position":3,"name":"Low Voltage Insulator","item":"https:\/\/www.jyiele.com\/product-category\/low-voltage-insulator\/"},{"@type":"ListItem","position":4,"name":"Small SM Series Low Voltage Standoff Support Insulator"}]},{"@type":"WebSite","@id":"https:\/\/www.jyiele.com\/#website","url":"https:\/\/www.jyiele.com\/","name":"JYIELE","description":"Fabricant de disjoncteurs \u00e0 vide","publisher":{"@id":"https:\/\/www.jyiele.com\/#organization"},"potentialAction":[{"@type":"SearchAction","target":{"@type":"EntryPoint","urlTemplate":"https:\/\/www.jyiele.com\/?s={search_term_string}"},"query-input":{"@type":"PropertyValueSpecification","valueRequired":true,"valueName":"search_term_string"}}],"inLanguage":"fr-FR"},{"@type":"Organization","@id":"https:\/\/www.jyiele.com\/#organization","name":"JYIELE","url":"https:\/\/www.jyiele.com\/","logo":{"@type":"ImageObject","inLanguage":"fr-FR","@id":"https:\/\/www.jyiele.com\/#\/schema\/logo\/image\/","url":"https:\/\/www.jyiele.com\/wp-content\/uploads\/2024\/09\/cropped-jyele-1.webp","contentUrl":"https:\/\/www.jyiele.com\/wp-content\/uploads\/2024\/09\/cropped-jyele-1.webp","width":137,"height":60,"caption":"JYIELE"},"image":{"@id":"https:\/\/www.jyiele.com\/#\/schema\/logo\/image\/"}}]}},"_links":{"self":[{"href":"https:\/\/www.jyiele.com\/fr\/wp-json\/wp\/v2\/product\/1454","targetHints":{"allow":["GET"]}}],"collection":[{"href":"https:\/\/www.jyiele.com\/fr\/wp-json\/wp\/v2\/product"}],"about":[{"href":"https:\/\/www.jyiele.com\/fr\/wp-json\/wp\/v2\/types\/product"}],"version-history":[{"count":4,"href":"https:\/\/www.jyiele.com\/fr\/wp-json\/wp\/v2\/product\/1454\/revisions"}],"predecessor-version":[{"id":1458,"href":"https:\/\/www.jyiele.com\/fr\/wp-json\/wp\/v2\/product\/1454\/revisions\/1458"}],"wp:featuredmedia":[{"embeddable":true,"href":"https:\/\/www.jyiele.com\/fr\/wp-json\/wp\/v2\/media\/1456"}],"wp:attachment":[{"href":"https:\/\/www.jyiele.com\/fr\/wp-json\/wp\/v2\/media?parent=1454"}],"wp:term":[{"taxonomy":"product_brand","embeddable":true,"href":"https:\/\/www.jyiele.com\/fr\/wp-json\/wp\/v2\/product_brand?post=1454"},{"taxonomy":"product_cat","embeddable":true,"href":"https:\/\/www.jyiele.com\/fr\/wp-json\/wp\/v2\/product_cat?post=1454"},{"taxonomy":"product_tag","embeddable":true,"href":"https:\/\/www.jyiele.com\/fr\/wp-json\/wp\/v2\/product_tag?post=1454"}],"curies":[{"name":"wp","href":"https:\/\/api.w.org\/{rel}","templated":true}]}}