{"id":1529,"date":"2024-11-04T07:52:01","date_gmt":"2024-11-04T07:52:01","guid":{"rendered":"https:\/\/www.jy-electric.com\/?post_type=product&#038;p=1529"},"modified":"2025-03-09T11:43:04","modified_gmt":"2025-03-09T11:43:04","slug":"customized-1000vdc-15000vdc-solar-panel-cable-connectors","status":"publish","type":"product","link":"https:\/\/www.jyiele.com\/fr\/product\/customized-1000vdc-15000vdc-solar-panel-cable-connectors\/","title":{"rendered":"Connecteurs de c\u00e2bles de panneaux solaires personnalis\u00e9s 1000VDC 15000VDC pour syst\u00e8mes solaires photovolta\u00efques"},"content":{"rendered":"<h2>Caract\u00e9ristiques des connecteurs de c\u00e2bles de panneaux solaires<\/h2>\n<p><strong>Prise en charge de la haute tension et du courant<\/strong><br \/>\nConvient pour des tensions de 1000V et 1500V avec des courants nominaux de 2A \u00e0 45A, garantissant une transmission fiable de l'\u00e9nergie.<\/p>\n<p><strong>Excellente durabilit\u00e9<\/strong><br \/>\nFabriqu\u00e9 en PPO, un mat\u00e9riau antivieillissement et r\u00e9sistant aux UV, il peut fonctionner de mani\u00e8re stable pendant une longue p\u00e9riode dans des environnements ext\u00e9rieurs difficiles.<\/p>\n<p><strong>Connexion s\u00fbre et stable<\/strong><br \/>\nLa conception autobloquante assure un branchement et un d\u00e9branchement faciles et s\u00fbrs, s'adapte parfaitement \u00e0 la connexion MC4 et r\u00e9duit le risque de mauvais contact.<\/p>\n<p><strong>R\u00e9sistance \u00e0 l'eau et \u00e0 la poussi\u00e8re<\/strong><br \/>\nLe niveau de protection IP68 permet une \u00e9tanch\u00e9it\u00e9 efficace \u00e0 l'eau et \u00e0 la poussi\u00e8re et convient \u00e0 divers environnements.<\/p>\n<p><strong>Tr\u00e8s faible perte d'\u00e9nergie<\/strong><br \/>\nLa r\u00e9sistance de contact n'est que de 0,5m\u03a9, ce qui am\u00e9liore l'efficacit\u00e9 du syst\u00e8me et r\u00e9duit les pertes d'\u00e9nergie.<\/p>\n<p><strong>Adaptation \u00e0 de nombreuses temp\u00e9ratures<\/strong><br \/>\nLa plage de temp\u00e9rature de fonctionnement s'\u00e9tend de -40\u00b0C \u00e0 +90\u00b0C, ce qui permet de r\u00e9pondre \u00e0 un large \u00e9ventail de conditions climatiques.<\/p>\n<p><strong>Certification de haute s\u00e9curit\u00e9<\/strong><br \/>\nLa classe de s\u00e9curit\u00e9 II r\u00e9pond aux normes internationales pour une plus grande tranquillit\u00e9 d'esprit.<\/p>\n<p><strong>Caract\u00e9ristiques ignifuges<\/strong><br \/>\nR\u00e9duire le risque d'incendie gr\u00e2ce \u00e0 de bonnes propri\u00e9t\u00e9s ignifuges.<\/p>\n<div class=\"top flex f-jsb f-ast f-warp\">\n<div class=\"fl wow fadeInLeft animated animated\" data-wow-delay=\"200ms\">\n<div class=\"product_det_ico pst-rel\">\n<div class=\"mySwiper_ico swiper swiper-initialized swiper-horizontal swiper-pointer-events swiper-thumbs\">\n<h2 class=\"pic rect-75 pic_rect\"><img decoding=\"async\" class=\"_full\" title=\"\" src=\"https:\/\/jyiele.com\/product\/solar-panel-cable-connectors\/\" alt=\"\" \/>Param\u00e8tres du produit<\/h2>\n<\/div>\n<\/div>\n<\/div>\n<\/div>\n<div class=\"bottom clearfix wow fadeInUp animated animated\" data-wow-delay=\"0\">\n<div class=\"bot fl\">\n<div class=\"bot_con\">\n<div class=\"des show\">\n<figure class=\"wp-block-table\">\n<div class=\"scroll\">\n<table>\n<tbody>\n<tr>\n<td>Num\u00e9ro de s\u00e9rie<\/td>\n<td>Param\u00e8tres<\/td>\n<td>Param\u00e8tres<\/td>\n<\/tr>\n<tr>\n<td>1<\/td>\n<td>Type<\/td>\n<td>Connecteur de fusible solaire<\/td>\n<\/tr>\n<tr>\n<td>2<\/td>\n<td>Tension nominale<\/td>\n<td>1000V \/ 1500V DC<\/td>\n<\/tr>\n<tr>\n<td>3<\/td>\n<td>Courant nominal<\/td>\n<td>2A-45A<\/td>\n<\/tr>\n<tr>\n<td>4<\/td>\n<td>Tension d'essai<\/td>\n<td>8000V(50Hz,1min)<\/td>\n<\/tr>\n<tr>\n<td>5<\/td>\n<td>Plage de temp\u00e9rature<\/td>\n<td>-40\u00b0C ...+90\u00b0C<\/td>\n<\/tr>\n<tr>\n<td>6<\/td>\n<td>Temp\u00e9rature limite sup\u00e9rieure<\/td>\n<td>+105\u00b0C<\/td>\n<\/tr>\n<tr>\n<td>7<\/td>\n<td>Degr\u00e9 de protection<\/td>\n<td>IP2X\/ IP68<\/td>\n<\/tr>\n<tr>\n<td>8<\/td>\n<td>R\u00e9sistance de contact des connecteurs<\/td>\n<td>0,5m\u03a9<\/td>\n<\/tr>\n<tr>\n<td>9<\/td>\n<td>Classe de s\u00e9curit\u00e9<\/td>\n<td>\u2161<\/td>\n<\/tr>\n<tr>\n<td>10<\/td>\n<td>Mat\u00e9riel de contact<\/td>\n<td>Cuivre, \u00e9tam\u00e9<\/td>\n<\/tr>\n<tr>\n<td>11<\/td>\n<td>Mat\u00e9riau d'isolation<\/td>\n<td>OPP<\/td>\n<\/tr>\n<tr>\n<td>12<\/td>\n<td>Force de retrait\/Force d'insertion<\/td>\n<td>\u226550N\/\u226450N<\/td>\n<\/tr>\n<tr>\n<td>13<\/td>\n<td>Syst\u00e8me de verrouillage<\/td>\n<td>Snap-in<\/td>\n<\/tr>\n<tr>\n<td>14<\/td>\n<td>Classe de flamme<\/td>\n<td>UL-94-V0<\/td>\n<\/tr>\n<\/tbody>\n<\/table>\n<\/div>\n<\/figure>\n<\/div>\n<\/div>\n<\/div>\n<\/div>","protected":false},"excerpt":{"rendered":"<p>Gr\u00e2ce \u00e0 ses excellentes performances et \u00e0 sa fiabilit\u00e9, ce connecteur de c\u00e2ble de panneau solaire est un choix indispensable et de qualit\u00e9 pour les syst\u00e8mes d'\u00e9nergie solaire.<\/p>","protected":false},"featured_media":1530,"template":"","meta":{"site-sidebar-layout":"default","site-content-layout":"","ast-site-content-layout":"default","site-content-style":"default","site-sidebar-style":"default","ast-global-header-display":"","ast-banner-title-visibility":"","ast-main-header-display":"","ast-hfb-above-header-display":"","ast-hfb-below-header-display":"","ast-hfb-mobile-header-display":"","site-post-title":"","ast-breadcrumbs-content":"","ast-featured-img":"","footer-sml-layout":"","ast-disable-related-posts":"","theme-transparent-header-meta":"default","adv-header-id-meta":"","stick-header-meta":"","header-above-stick-meta":"","header-main-stick-meta":"","header-below-stick-meta":"","astra-migrate-meta-layouts":"set","ast-page-background-enabled":"default","ast-page-background-meta":{"desktop":{"background-color":"var(--ast-global-color-4)","background-image":"","background-repeat":"repeat","background-position":"center center","background-size":"auto","background-attachment":"scroll","background-type":"","background-media":"","overlay-type":"","overlay-color":"","overlay-opacity":"","overlay-gradient":""},"tablet":{"background-color":"","background-image":"","background-repeat":"repeat","background-position":"center center","background-size":"auto","background-attachment":"scroll","background-type":"","background-media":"","overlay-type":"","overlay-color":"","overlay-opacity":"","overlay-gradient":""},"mobile":{"background-color":"","background-image":"","background-repeat":"repeat","background-position":"center center","background-size":"auto","background-attachment":"scroll","background-type":"","background-media":"","overlay-type":"","overlay-color":"","overlay-opacity":"","overlay-gradient":""}},"ast-content-background-meta":{"desktop":{"background-color":"var(--ast-global-color-5)","background-image":"","background-repeat":"repeat","background-position":"center center","background-size":"auto","background-attachment":"scroll","background-type":"","background-media":"","overlay-type":"","overlay-color":"","overlay-opacity":"","overlay-gradient":""},"tablet":{"background-color":"var(--ast-global-color-5)","background-image":"","background-repeat":"repeat","background-position":"center center","background-size":"auto","background-attachment":"scroll","background-type":"","background-media":"","overlay-type":"","overlay-color":"","overlay-opacity":"","overlay-gradient":""},"mobile":{"background-color":"var(--ast-global-color-5)","background-image":"","background-repeat":"repeat","background-position":"center center","background-size":"auto","background-attachment":"scroll","background-type":"","background-media":"","overlay-type":"","overlay-color":"","overlay-opacity":"","overlay-gradient":""}}},"product_brand":[],"product_cat":[19],"product_tag":[],"class_list":{"0":"post-1529","1":"product","2":"type-product","3":"status-publish","4":"has-post-thumbnail","6":"product_cat-mc4-connector","7":"desktop-align-left","8":"tablet-align-left","9":"mobile-align-left","11":"first","12":"instock","13":"shipping-taxable","14":"product-type-simple"},"yoast_head":"<!-- This site is optimized with the Yoast SEO plugin v24.8.1 - https:\/\/yoast.com\/wordpress\/plugins\/seo\/ -->\n<title>Customized Solar Panel Cable Connectors Factory Manufacturer-JYIELE<\/title>\n<meta name=\"description\" content=\"High quality solar panel cable connector manufacturers, support customization, high quality, source factory price, one-stop service\u3002\" \/>\n<meta name=\"robots\" content=\"index, follow, max-snippet:-1, max-image-preview:large, max-video-preview:-1\" \/>\n<link rel=\"canonical\" href=\"https:\/\/www.jyiele.com\/fr\/product\/customized-1000vdc-15000vdc-solar-panel-cable-connectors\/\" \/>\n<meta property=\"og:locale\" content=\"fr_FR\" \/>\n<meta property=\"og:type\" content=\"article\" \/>\n<meta property=\"og:title\" content=\"Customized Solar Panel Cable Connectors Factory Manufacturer-JYIELE\" \/>\n<meta property=\"og:description\" content=\"High quality solar panel cable connector manufacturers, support customization, high quality, source factory price, one-stop service\u3002\" \/>\n<meta property=\"og:url\" content=\"https:\/\/www.jyiele.com\/fr\/product\/customized-1000vdc-15000vdc-solar-panel-cable-connectors\/\" \/>\n<meta property=\"og:site_name\" content=\"JYIELE\" \/>\n<meta property=\"article:modified_time\" content=\"2025-03-09T11:43:04+00:00\" \/>\n<meta property=\"og:image\" content=\"https:\/\/www.jyiele.com\/wp-content\/uploads\/2024\/09\/Customized-1000VDC-15000VDC-Solar-Panel-Cable-Connectors-For-Solar-Photovoltaic-System.webp\" \/>\n\t<meta property=\"og:image:width\" content=\"800\" \/>\n\t<meta property=\"og:image:height\" content=\"800\" \/>\n\t<meta property=\"og:image:type\" content=\"image\/webp\" \/>\n<meta name=\"twitter:card\" content=\"summary_large_image\" \/>\n<meta name=\"twitter:label1\" content=\"Dur\u00e9e de lecture estim\u00e9e\" \/>\n\t<meta name=\"twitter:data1\" content=\"2 minutes\" \/>\n<script type=\"application\/ld+json\" class=\"yoast-schema-graph\">{\"@context\":\"https:\/\/schema.org\",\"@graph\":[{\"@type\":\"WebPage\",\"@id\":\"https:\/\/www.jyiele.com\/product\/customized-1000vdc-15000vdc-solar-panel-cable-connectors\/\",\"url\":\"https:\/\/www.jyiele.com\/product\/customized-1000vdc-15000vdc-solar-panel-cable-connectors\/\",\"name\":\"Customized Solar Panel Cable Connectors Factory Manufacturer-JYIELE\",\"isPartOf\":{\"@id\":\"https:\/\/www.jyiele.com\/#website\"},\"primaryImageOfPage\":{\"@id\":\"https:\/\/www.jyiele.com\/product\/customized-1000vdc-15000vdc-solar-panel-cable-connectors\/#primaryimage\"},\"image\":{\"@id\":\"https:\/\/www.jyiele.com\/product\/customized-1000vdc-15000vdc-solar-panel-cable-connectors\/#primaryimage\"},\"thumbnailUrl\":\"https:\/\/www.jyiele.com\/wp-content\/uploads\/2024\/09\/Customized-1000VDC-15000VDC-Solar-Panel-Cable-Connectors-For-Solar-Photovoltaic-System.webp\",\"datePublished\":\"2024-11-04T07:52:01+00:00\",\"dateModified\":\"2025-03-09T11:43:04+00:00\",\"description\":\"High quality solar panel cable connector manufacturers, support customization, high quality, source factory price, one-stop service\u3002\",\"breadcrumb\":{\"@id\":\"https:\/\/www.jyiele.com\/product\/customized-1000vdc-15000vdc-solar-panel-cable-connectors\/#breadcrumb\"},\"inLanguage\":\"fr-FR\",\"potentialAction\":[{\"@type\":\"ReadAction\",\"target\":[\"https:\/\/www.jyiele.com\/product\/customized-1000vdc-15000vdc-solar-panel-cable-connectors\/\"]}]},{\"@type\":\"ImageObject\",\"inLanguage\":\"fr-FR\",\"@id\":\"https:\/\/www.jyiele.com\/product\/customized-1000vdc-15000vdc-solar-panel-cable-connectors\/#primaryimage\",\"url\":\"https:\/\/www.jyiele.com\/wp-content\/uploads\/2024\/09\/Customized-1000VDC-15000VDC-Solar-Panel-Cable-Connectors-For-Solar-Photovoltaic-System.webp\",\"contentUrl\":\"https:\/\/www.jyiele.com\/wp-content\/uploads\/2024\/09\/Customized-1000VDC-15000VDC-Solar-Panel-Cable-Connectors-For-Solar-Photovoltaic-System.webp\",\"width\":800,\"height\":800,\"caption\":\"Customized 1000VDC 15000VDC Solar Panel Cable Connectors For Solar Photovoltaic System\"},{\"@type\":\"BreadcrumbList\",\"@id\":\"https:\/\/www.jyiele.com\/product\/customized-1000vdc-15000vdc-solar-panel-cable-connectors\/#breadcrumb\",\"itemListElement\":[{\"@type\":\"ListItem\",\"position\":1,\"name\":\"Home\",\"item\":\"https:\/\/www.jyiele.com\/\"},{\"@type\":\"ListItem\",\"position\":2,\"name\":\"Product\",\"item\":\"https:\/\/www.jyiele.com\/product\/\"},{\"@type\":\"ListItem\",\"position\":3,\"name\":\"MC4 Connector\",\"item\":\"https:\/\/www.jyiele.com\/product-category\/mc4-connector\/\"},{\"@type\":\"ListItem\",\"position\":4,\"name\":\"Customized 1000VDC 15000VDC Solar Panel Cable Connectors For Solar Photovoltaic System\"}]},{\"@type\":\"WebSite\",\"@id\":\"https:\/\/www.jyiele.com\/#website\",\"url\":\"https:\/\/www.jyiele.com\/\",\"name\":\"JYIELE\",\"description\":\"Vacuum Circuit Breaker manufacturer\",\"publisher\":{\"@id\":\"https:\/\/www.jyiele.com\/#organization\"},\"potentialAction\":[{\"@type\":\"SearchAction\",\"target\":{\"@type\":\"EntryPoint\",\"urlTemplate\":\"https:\/\/www.jyiele.com\/?s={search_term_string}\"},\"query-input\":{\"@type\":\"PropertyValueSpecification\",\"valueRequired\":true,\"valueName\":\"search_term_string\"}}],\"inLanguage\":\"fr-FR\"},{\"@type\":\"Organization\",\"@id\":\"https:\/\/www.jyiele.com\/#organization\",\"name\":\"JYIELE\",\"url\":\"https:\/\/www.jyiele.com\/\",\"logo\":{\"@type\":\"ImageObject\",\"inLanguage\":\"fr-FR\",\"@id\":\"https:\/\/www.jyiele.com\/#\/schema\/logo\/image\/\",\"url\":\"https:\/\/www.jyiele.com\/wp-content\/uploads\/2024\/09\/cropped-jyele-1.webp\",\"contentUrl\":\"https:\/\/www.jyiele.com\/wp-content\/uploads\/2024\/09\/cropped-jyele-1.webp\",\"width\":137,\"height\":60,\"caption\":\"JYIELE\"},\"image\":{\"@id\":\"https:\/\/www.jyiele.com\/#\/schema\/logo\/image\/\"}}]}<\/script>\n<!-- \/ Yoast SEO plugin. -->","yoast_head_json":{"title":"Connecteurs de c\u00e2bles de panneaux solaires personnalis\u00e9s Fabricant d'usine-JYIELE","description":"Les fabricants de connecteur de c\u00e2ble de panneau solaire de haute qualit\u00e9, supportent la personnalisation, la haute qualit\u00e9, le prix d'usine de source, le service \u00e0 guichet unique\u3002.","robots":{"index":"index","follow":"follow","max-snippet":"max-snippet:-1","max-image-preview":"max-image-preview:large","max-video-preview":"max-video-preview:-1"},"canonical":"https:\/\/www.jyiele.com\/fr\/product\/customized-1000vdc-15000vdc-solar-panel-cable-connectors\/","og_locale":"fr_FR","og_type":"article","og_title":"Customized Solar Panel Cable Connectors Factory Manufacturer-JYIELE","og_description":"High quality solar panel cable connector manufacturers, support customization, high quality, source factory price, one-stop service\u3002","og_url":"https:\/\/www.jyiele.com\/fr\/product\/customized-1000vdc-15000vdc-solar-panel-cable-connectors\/","og_site_name":"JYIELE","article_modified_time":"2025-03-09T11:43:04+00:00","og_image":[{"width":800,"height":800,"url":"https:\/\/www.jyiele.com\/wp-content\/uploads\/2024\/09\/Customized-1000VDC-15000VDC-Solar-Panel-Cable-Connectors-For-Solar-Photovoltaic-System.webp","type":"image\/webp"}],"twitter_card":"summary_large_image","twitter_misc":{"Dur\u00e9e de lecture estim\u00e9e":"2 minutes"},"schema":{"@context":"https:\/\/schema.org","@graph":[{"@type":"WebPage","@id":"https:\/\/www.jyiele.com\/product\/customized-1000vdc-15000vdc-solar-panel-cable-connectors\/","url":"https:\/\/www.jyiele.com\/product\/customized-1000vdc-15000vdc-solar-panel-cable-connectors\/","name":"Connecteurs de c\u00e2bles de panneaux solaires personnalis\u00e9s Fabricant d'usine-JYIELE","isPartOf":{"@id":"https:\/\/www.jyiele.com\/#website"},"primaryImageOfPage":{"@id":"https:\/\/www.jyiele.com\/product\/customized-1000vdc-15000vdc-solar-panel-cable-connectors\/#primaryimage"},"image":{"@id":"https:\/\/www.jyiele.com\/product\/customized-1000vdc-15000vdc-solar-panel-cable-connectors\/#primaryimage"},"thumbnailUrl":"https:\/\/www.jyiele.com\/wp-content\/uploads\/2024\/09\/Customized-1000VDC-15000VDC-Solar-Panel-Cable-Connectors-For-Solar-Photovoltaic-System.webp","datePublished":"2024-11-04T07:52:01+00:00","dateModified":"2025-03-09T11:43:04+00:00","description":"Les fabricants de connecteur de c\u00e2ble de panneau solaire de haute qualit\u00e9, supportent la personnalisation, la haute qualit\u00e9, le prix d'usine de source, le service \u00e0 guichet unique\u3002.","breadcrumb":{"@id":"https:\/\/www.jyiele.com\/product\/customized-1000vdc-15000vdc-solar-panel-cable-connectors\/#breadcrumb"},"inLanguage":"fr-FR","potentialAction":[{"@type":"ReadAction","target":["https:\/\/www.jyiele.com\/product\/customized-1000vdc-15000vdc-solar-panel-cable-connectors\/"]}]},{"@type":"ImageObject","inLanguage":"fr-FR","@id":"https:\/\/www.jyiele.com\/product\/customized-1000vdc-15000vdc-solar-panel-cable-connectors\/#primaryimage","url":"https:\/\/www.jyiele.com\/wp-content\/uploads\/2024\/09\/Customized-1000VDC-15000VDC-Solar-Panel-Cable-Connectors-For-Solar-Photovoltaic-System.webp","contentUrl":"https:\/\/www.jyiele.com\/wp-content\/uploads\/2024\/09\/Customized-1000VDC-15000VDC-Solar-Panel-Cable-Connectors-For-Solar-Photovoltaic-System.webp","width":800,"height":800,"caption":"Customized 1000VDC 15000VDC Solar Panel Cable Connectors For Solar Photovoltaic System"},{"@type":"BreadcrumbList","@id":"https:\/\/www.jyiele.com\/product\/customized-1000vdc-15000vdc-solar-panel-cable-connectors\/#breadcrumb","itemListElement":[{"@type":"ListItem","position":1,"name":"Home","item":"https:\/\/www.jyiele.com\/"},{"@type":"ListItem","position":2,"name":"Product","item":"https:\/\/www.jyiele.com\/product\/"},{"@type":"ListItem","position":3,"name":"MC4 Connector","item":"https:\/\/www.jyiele.com\/product-category\/mc4-connector\/"},{"@type":"ListItem","position":4,"name":"Customized 1000VDC 15000VDC Solar Panel Cable Connectors For Solar Photovoltaic System"}]},{"@type":"WebSite","@id":"https:\/\/www.jyiele.com\/#website","url":"https:\/\/www.jyiele.com\/","name":"JYIELE","description":"Fabricant de disjoncteurs \u00e0 vide","publisher":{"@id":"https:\/\/www.jyiele.com\/#organization"},"potentialAction":[{"@type":"SearchAction","target":{"@type":"EntryPoint","urlTemplate":"https:\/\/www.jyiele.com\/?s={search_term_string}"},"query-input":{"@type":"PropertyValueSpecification","valueRequired":true,"valueName":"search_term_string"}}],"inLanguage":"fr-FR"},{"@type":"Organization","@id":"https:\/\/www.jyiele.com\/#organization","name":"JYIELE","url":"https:\/\/www.jyiele.com\/","logo":{"@type":"ImageObject","inLanguage":"fr-FR","@id":"https:\/\/www.jyiele.com\/#\/schema\/logo\/image\/","url":"https:\/\/www.jyiele.com\/wp-content\/uploads\/2024\/09\/cropped-jyele-1.webp","contentUrl":"https:\/\/www.jyiele.com\/wp-content\/uploads\/2024\/09\/cropped-jyele-1.webp","width":137,"height":60,"caption":"JYIELE"},"image":{"@id":"https:\/\/www.jyiele.com\/#\/schema\/logo\/image\/"}}]}},"_links":{"self":[{"href":"https:\/\/www.jyiele.com\/fr\/wp-json\/wp\/v2\/product\/1529","targetHints":{"allow":["GET"]}}],"collection":[{"href":"https:\/\/www.jyiele.com\/fr\/wp-json\/wp\/v2\/product"}],"about":[{"href":"https:\/\/www.jyiele.com\/fr\/wp-json\/wp\/v2\/types\/product"}],"version-history":[{"count":2,"href":"https:\/\/www.jyiele.com\/fr\/wp-json\/wp\/v2\/product\/1529\/revisions"}],"predecessor-version":[{"id":1532,"href":"https:\/\/www.jyiele.com\/fr\/wp-json\/wp\/v2\/product\/1529\/revisions\/1532"}],"wp:featuredmedia":[{"embeddable":true,"href":"https:\/\/www.jyiele.com\/fr\/wp-json\/wp\/v2\/media\/1530"}],"wp:attachment":[{"href":"https:\/\/www.jyiele.com\/fr\/wp-json\/wp\/v2\/media?parent=1529"}],"wp:term":[{"taxonomy":"product_brand","embeddable":true,"href":"https:\/\/www.jyiele.com\/fr\/wp-json\/wp\/v2\/product_brand?post=1529"},{"taxonomy":"product_cat","embeddable":true,"href":"https:\/\/www.jyiele.com\/fr\/wp-json\/wp\/v2\/product_cat?post=1529"},{"taxonomy":"product_tag","embeddable":true,"href":"https:\/\/www.jyiele.com\/fr\/wp-json\/wp\/v2\/product_tag?post=1529"}],"curies":[{"name":"wp","href":"https:\/\/api.w.org\/{rel}","templated":true}]}}