{"id":19,"date":"2022-09-07T08:57:09","date_gmt":"2022-09-07T08:57:09","guid":{"rendered":"http:\/\/jyiele.com\/?post_type=product&#038;p=19"},"modified":"2025-03-09T11:39:06","modified_gmt":"2025-03-09T11:39:06","slug":"three-station-indoor-vacuum-ckt-breaker","status":"publish","type":"product","link":"https:\/\/www.jyiele.com\/fr\/product\/three-station-indoor-vacuum-ckt-breaker\/","title":{"rendered":"BQVN-12GD Disjoncteur \u00e0 vide int\u00e9rieur \u00e0 trois postes"},"content":{"rendered":"<h2>Profil du produit<\/h2>\n<p>Ce disjoncteur \u00e0 vide \u00e0 trois positions int\u00e8gre un disjoncteur \u00e0 vide, un sectionneur, un interrupteur de mise \u00e0 la terre et un capteur en une seule unit\u00e9. Sa conception \u00e0 montage lat\u00e9ral est conforme \u00e0 la tendance \u00e0 la miniaturisation et s'int\u00e8gre dans des armoires de dimensions 450 \u00d7 1000 \u00d7 1800. Il convient aux r\u00e9seaux de moyenne tension de 6 \u00e0 12 kV. Le disjoncteur ainsi con\u00e7u pr\u00e9sente d'excellentes propri\u00e9t\u00e9s \u00e9lectriques et m\u00e9caniques, une structure fiable et stable, et n\u00e9cessite peu d'entretien.<\/p>\n<p>Il existe actuellement deux mod\u00e8les : BQVN-12GD\/630-25 et BQVN-12GD\/1250-31.5.<\/p>\n<p>Les appareillages haute tension traditionnels tels que le XGN2 ou le XGN66 n\u00e9cessitent l'installation s\u00e9par\u00e9e de sectionneurs, de disjoncteurs \u00e0 vide, de sectionneurs de mise \u00e0 la terre, de capteurs et de dispositifs de verrouillage m\u00e9canique dans l'ensemble de l'installation, ce qui constitue un processus complexe et fastidieux. Avec ce nouveau produit, \u00e9quip\u00e9 d'un disjoncteur \u00e0 vide multifonctionnel avec station de d\u00e9connexion, station de disjoncteur et station de mise \u00e0 la terre int\u00e9gr\u00e9es, l'installation est plus simple, plus rapide et plus facile.<\/p>\n<p>Lorsqu'il est utilis\u00e9, il peut \u00eatre actionn\u00e9 manuellement ou \u00e9lectriquement :<\/p>\n<h2>Fonctionnement manuel :<\/h2>\n<p>Utilisez la poign\u00e9e sp\u00e9ciale de stockage d'\u00e9nergie pour stocker de l'\u00e9nergie.<br \/>\nFERMER : Appuyer sur le bouton de fermeture (s'il y a une serrure de fermeture ou un dispositif de sous-tension, l'alimentation du circuit secondaire doit d'abord \u00eatre mise sous tension).<br \/>\nOuvrir : Appuyer sur le bouton d'ouverture.<\/p>\n<h2>Fonctionnement motoris\u00e9 :<\/h2>\n<p>Lorsque le circuit secondaire est aliment\u00e9, le dispositif de stockage d'\u00e9nergie stocke automatiquement l'\u00e9nergie.<br \/>\nFERMETURE : Appuyer sur le bouton de fermeture du circuit de commande.<br \/>\nOuvrir : appuyer sur le bouton de d\u00e9connexion dans le circuit de commande.<br \/>\nLors de la v\u00e9rification du disjoncteur \u00e0 vide haute tension, il convient de pr\u00eater attention aux points suivants :<\/p>\n<p>Lors de l'utilisation du disjoncteur \u00e0 vide pour v\u00e9rifier l'\u00e9lectricit\u00e9, une personne doit op\u00e9rer et une autre doit superviser.<br \/>\nL'op\u00e9rateur se trouve \u00e0 l'avant et le gardien \u00e0 l'arri\u00e8re.<br \/>\nFaites attention au niveau de tension de l'\u00e9quipement \u00e9lectrique pour garantir un fonctionnement s\u00fbr.<br \/>\nNe pas exposer le disjoncteur au soleil, le stocker dans un endroit sec et ventil\u00e9, et \u00e9viter tout contact avec des produits chimiques corrosifs.<br \/>\nLa partie isol\u00e9e est la partie qui va de la vis de connexion m\u00e9tallique situ\u00e9e sur la partie inf\u00e9rieure de l'indicateur \u00e0 l'extr\u00e9mit\u00e9 de l'anneau de protection ; la partie de pr\u00e9hension est la partie situ\u00e9e sous l'anneau de protection et la longueur de ces parties varie en fonction du niveau de tension.<br \/>\nLes disjoncteurs \u00e0 vide \u00e0 haute tension ne doivent \u00eatre fabriqu\u00e9s et utilis\u00e9s que de mani\u00e8re normale afin de garantir un fonctionnement s\u00fbr du syst\u00e8me.<\/p>\n<p>Essais d'\u00e9quipements n\u00e9cessitant une v\u00e9rification \u00e9lectrique.<br \/>\nLors de la v\u00e9rification \u00e9lectrique de lignes multicouches install\u00e9es sur le m\u00eame poteau, la basse tension doit \u00eatre test\u00e9e avant la haute tension, et la couche inf\u00e9rieure avant la couche sup\u00e9rieure.<br \/>\n\u00c9vitez les fortes vibrations ou les chocs pendant le stockage et le transport, ne l'ajustez pas et ne le d\u00e9montez pas \u00e0 volont\u00e9, et ne l'utilisez pas par temps de pluie ou de neige, afin de ne pas affecter la performance d'isolation.<\/p>","protected":false},"excerpt":{"rendered":"<p>Ce disjoncteur \u00e0 vide int\u00e9rieur haute tension \u00e0 trois positions pr\u00e9sente d'excellentes caract\u00e9ristiques \u00e9lectriques et m\u00e9caniques, avec une structure stable et une longue dur\u00e9e de vie. Il utilise des p\u00f4les d'\u00e9tanch\u00e9it\u00e9 fixes dans le circuit principal, ce qui permet au disjoncteur de mieux s'adapter \u00e0 l'environnement et d'am\u00e9liorer la fiabilit\u00e9 de l'isolation.<\/p>","protected":false},"featured_media":1217,"template":"","meta":{"site-sidebar-layout":"default","site-content-layout":"","ast-site-content-layout":"default","site-content-style":"default","site-sidebar-style":"default","ast-global-header-display":"","ast-banner-title-visibility":"","ast-main-header-display":"","ast-hfb-above-header-display":"","ast-hfb-below-header-display":"","ast-hfb-mobile-header-display":"","site-post-title":"","ast-breadcrumbs-content":"","ast-featured-img":"","footer-sml-layout":"","ast-disable-related-posts":"","theme-transparent-header-meta":"default","adv-header-id-meta":"","stick-header-meta":"","header-above-stick-meta":"","header-main-stick-meta":"","header-below-stick-meta":"","astra-migrate-meta-layouts":"set","ast-page-background-enabled":"default","ast-page-background-meta":{"desktop":{"background-color":"var(--ast-global-color-4)","background-image":"","background-repeat":"repeat","background-position":"center center","background-size":"auto","background-attachment":"scroll","background-type":"","background-media":"","overlay-type":"","overlay-color":"","overlay-opacity":"","overlay-gradient":""},"tablet":{"background-color":"","background-image":"","background-repeat":"repeat","background-position":"center center","background-size":"auto","background-attachment":"scroll","background-type":"","background-media":"","overlay-type":"","overlay-color":"","overlay-opacity":"","overlay-gradient":""},"mobile":{"background-color":"","background-image":"","background-repeat":"repeat","background-position":"center center","background-size":"auto","background-attachment":"scroll","background-type":"","background-media":"","overlay-type":"","overlay-color":"","overlay-opacity":"","overlay-gradient":""}},"ast-content-background-meta":{"desktop":{"background-color":"var(--ast-global-color-5)","background-image":"","background-repeat":"repeat","background-position":"center center","background-size":"auto","background-attachment":"scroll","background-type":"","background-media":"","overlay-type":"","overlay-color":"","overlay-opacity":"","overlay-gradient":""},"tablet":{"background-color":"var(--ast-global-color-5)","background-image":"","background-repeat":"repeat","background-position":"center center","background-size":"auto","background-attachment":"scroll","background-type":"","background-media":"","overlay-type":"","overlay-color":"","overlay-opacity":"","overlay-gradient":""},"mobile":{"background-color":"var(--ast-global-color-5)","background-image":"","background-repeat":"repeat","background-position":"center center","background-size":"auto","background-attachment":"scroll","background-type":"","background-media":"","overlay-type":"","overlay-color":"","overlay-opacity":"","overlay-gradient":""}}},"product_brand":[],"product_cat":[26],"product_tag":[],"class_list":{"0":"post-19","1":"product","2":"type-product","3":"status-publish","4":"has-post-thumbnail","6":"product_cat-vacuum-circuit-breaker","7":"desktop-align-left","8":"tablet-align-left","9":"mobile-align-left","11":"first","12":"instock","13":"virtual","14":"product-type-simple"},"yoast_head":"<!-- This site is optimized with the Yoast SEO plugin v24.8.1 - https:\/\/yoast.com\/wordpress\/plugins\/seo\/ -->\n<title>Indoor Vacuum Circuit Breaker | Three-Station Switchgear Solution - JYIELE<\/title>\n<meta name=\"description\" content=\"Explore the JYIELE indoor vacuum circuit breaker, featuring three stations for efficient electrical control and protection. Built for reliability and performance, this breaker ensures seamless operation in indoor environments, providing essential circuit protection for various applications.\" \/>\n<meta name=\"robots\" content=\"index, follow, max-snippet:-1, max-image-preview:large, max-video-preview:-1\" \/>\n<link rel=\"canonical\" href=\"https:\/\/www.jyiele.com\/fr\/product\/three-station-indoor-vacuum-ckt-breaker\/\" \/>\n<meta property=\"og:locale\" content=\"fr_FR\" \/>\n<meta property=\"og:type\" content=\"article\" \/>\n<meta property=\"og:title\" content=\"Indoor Vacuum Circuit Breaker | Three-Station Switchgear Solution - JYIELE\" \/>\n<meta property=\"og:description\" content=\"Explore the JYIELE indoor vacuum circuit breaker, featuring three stations for efficient electrical control and protection. Built for reliability and performance, this breaker ensures seamless operation in indoor environments, providing essential circuit protection for various applications.\" \/>\n<meta property=\"og:url\" content=\"https:\/\/www.jyiele.com\/fr\/product\/three-station-indoor-vacuum-ckt-breaker\/\" \/>\n<meta property=\"og:site_name\" content=\"JYIELE\" \/>\n<meta property=\"article:modified_time\" content=\"2025-03-09T11:39:06+00:00\" \/>\n<meta property=\"og:image\" content=\"https:\/\/www.jyiele.com\/wp-content\/uploads\/2020\/04\/three-station-indoor-vacuum-ckt-breaker.webp\" \/>\n\t<meta property=\"og:image:width\" content=\"600\" \/>\n\t<meta property=\"og:image:height\" content=\"600\" \/>\n\t<meta property=\"og:image:type\" content=\"image\/webp\" \/>\n<meta name=\"twitter:card\" content=\"summary_large_image\" \/>\n<meta name=\"twitter:label1\" content=\"Dur\u00e9e de lecture estim\u00e9e\" \/>\n\t<meta name=\"twitter:data1\" content=\"3 minutes\" \/>\n<script type=\"application\/ld+json\" class=\"yoast-schema-graph\">{\"@context\":\"https:\/\/schema.org\",\"@graph\":[{\"@type\":\"WebPage\",\"@id\":\"https:\/\/www.jyiele.com\/product\/three-station-indoor-vacuum-ckt-breaker\/\",\"url\":\"https:\/\/www.jyiele.com\/product\/three-station-indoor-vacuum-ckt-breaker\/\",\"name\":\"Indoor Vacuum Circuit Breaker | Three-Station Switchgear Solution - JYIELE\",\"isPartOf\":{\"@id\":\"https:\/\/www.jyiele.com\/#website\"},\"primaryImageOfPage\":{\"@id\":\"https:\/\/www.jyiele.com\/product\/three-station-indoor-vacuum-ckt-breaker\/#primaryimage\"},\"image\":{\"@id\":\"https:\/\/www.jyiele.com\/product\/three-station-indoor-vacuum-ckt-breaker\/#primaryimage\"},\"thumbnailUrl\":\"https:\/\/www.jyiele.com\/wp-content\/uploads\/2020\/04\/three-station-indoor-vacuum-ckt-breaker.webp\",\"datePublished\":\"2022-09-07T08:57:09+00:00\",\"dateModified\":\"2025-03-09T11:39:06+00:00\",\"description\":\"Explore the JYIELE indoor vacuum circuit breaker, featuring three stations for efficient electrical control and protection. Built for reliability and performance, this breaker ensures seamless operation in indoor environments, providing essential circuit protection for various applications.\",\"breadcrumb\":{\"@id\":\"https:\/\/www.jyiele.com\/product\/three-station-indoor-vacuum-ckt-breaker\/#breadcrumb\"},\"inLanguage\":\"fr-FR\",\"potentialAction\":[{\"@type\":\"ReadAction\",\"target\":[\"https:\/\/www.jyiele.com\/product\/three-station-indoor-vacuum-ckt-breaker\/\"]}]},{\"@type\":\"ImageObject\",\"inLanguage\":\"fr-FR\",\"@id\":\"https:\/\/www.jyiele.com\/product\/three-station-indoor-vacuum-ckt-breaker\/#primaryimage\",\"url\":\"https:\/\/www.jyiele.com\/wp-content\/uploads\/2020\/04\/three-station-indoor-vacuum-ckt-breaker.webp\",\"contentUrl\":\"https:\/\/www.jyiele.com\/wp-content\/uploads\/2020\/04\/three-station-indoor-vacuum-ckt-breaker.webp\",\"width\":600,\"height\":600,\"caption\":\"three-station-indoor-vacuum-ckt-breaker\"},{\"@type\":\"BreadcrumbList\",\"@id\":\"https:\/\/www.jyiele.com\/product\/three-station-indoor-vacuum-ckt-breaker\/#breadcrumb\",\"itemListElement\":[{\"@type\":\"ListItem\",\"position\":1,\"name\":\"Home\",\"item\":\"https:\/\/www.jyiele.com\/\"},{\"@type\":\"ListItem\",\"position\":2,\"name\":\"Product\",\"item\":\"https:\/\/www.jyiele.com\/product\/\"},{\"@type\":\"ListItem\",\"position\":3,\"name\":\"Vacuum Circuit Breaker\",\"item\":\"https:\/\/www.jyiele.com\/product-category\/vacuum-circuit-breaker\/\"},{\"@type\":\"ListItem\",\"position\":4,\"name\":\"BQVN-12GD Three Station Indoor Vacuum Ckt Breaker\"}]},{\"@type\":\"WebSite\",\"@id\":\"https:\/\/www.jyiele.com\/#website\",\"url\":\"https:\/\/www.jyiele.com\/\",\"name\":\"JYIELE\",\"description\":\"Vacuum Circuit Breaker manufacturer\",\"publisher\":{\"@id\":\"https:\/\/www.jyiele.com\/#organization\"},\"potentialAction\":[{\"@type\":\"SearchAction\",\"target\":{\"@type\":\"EntryPoint\",\"urlTemplate\":\"https:\/\/www.jyiele.com\/?s={search_term_string}\"},\"query-input\":{\"@type\":\"PropertyValueSpecification\",\"valueRequired\":true,\"valueName\":\"search_term_string\"}}],\"inLanguage\":\"fr-FR\"},{\"@type\":\"Organization\",\"@id\":\"https:\/\/www.jyiele.com\/#organization\",\"name\":\"JYIELE\",\"url\":\"https:\/\/www.jyiele.com\/\",\"logo\":{\"@type\":\"ImageObject\",\"inLanguage\":\"fr-FR\",\"@id\":\"https:\/\/www.jyiele.com\/#\/schema\/logo\/image\/\",\"url\":\"https:\/\/www.jyiele.com\/wp-content\/uploads\/2024\/09\/cropped-jyele-1.webp\",\"contentUrl\":\"https:\/\/www.jyiele.com\/wp-content\/uploads\/2024\/09\/cropped-jyele-1.webp\",\"width\":137,\"height\":60,\"caption\":\"JYIELE\"},\"image\":{\"@id\":\"https:\/\/www.jyiele.com\/#\/schema\/logo\/image\/\"}}]}<\/script>\n<!-- \/ Yoast SEO plugin. -->","yoast_head_json":{"title":"Disjoncteur \u00e0 vide int\u00e9rieur | Solution d'appareillage \u00e0 trois postes - JYIELE","description":"D\u00e9couvrez le disjoncteur \u00e0 vide d'int\u00e9rieur JYIELE, dot\u00e9 de trois stations pour un contr\u00f4le et une protection \u00e9lectriques efficaces. Con\u00e7u pour \u00eatre fiable et performant, ce disjoncteur assure un fonctionnement sans faille dans les environnements int\u00e9rieurs, en fournissant une protection essentielle des circuits pour diverses applications.","robots":{"index":"index","follow":"follow","max-snippet":"max-snippet:-1","max-image-preview":"max-image-preview:large","max-video-preview":"max-video-preview:-1"},"canonical":"https:\/\/www.jyiele.com\/fr\/product\/three-station-indoor-vacuum-ckt-breaker\/","og_locale":"fr_FR","og_type":"article","og_title":"Indoor Vacuum Circuit Breaker | Three-Station Switchgear Solution - JYIELE","og_description":"Explore the JYIELE indoor vacuum circuit breaker, featuring three stations for efficient electrical control and protection. Built for reliability and performance, this breaker ensures seamless operation in indoor environments, providing essential circuit protection for various applications.","og_url":"https:\/\/www.jyiele.com\/fr\/product\/three-station-indoor-vacuum-ckt-breaker\/","og_site_name":"JYIELE","article_modified_time":"2025-03-09T11:39:06+00:00","og_image":[{"width":600,"height":600,"url":"https:\/\/www.jyiele.com\/wp-content\/uploads\/2020\/04\/three-station-indoor-vacuum-ckt-breaker.webp","type":"image\/webp"}],"twitter_card":"summary_large_image","twitter_misc":{"Dur\u00e9e de lecture estim\u00e9e":"3 minutes"},"schema":{"@context":"https:\/\/schema.org","@graph":[{"@type":"WebPage","@id":"https:\/\/www.jyiele.com\/product\/three-station-indoor-vacuum-ckt-breaker\/","url":"https:\/\/www.jyiele.com\/product\/three-station-indoor-vacuum-ckt-breaker\/","name":"Disjoncteur \u00e0 vide int\u00e9rieur | Solution d'appareillage \u00e0 trois postes - JYIELE","isPartOf":{"@id":"https:\/\/www.jyiele.com\/#website"},"primaryImageOfPage":{"@id":"https:\/\/www.jyiele.com\/product\/three-station-indoor-vacuum-ckt-breaker\/#primaryimage"},"image":{"@id":"https:\/\/www.jyiele.com\/product\/three-station-indoor-vacuum-ckt-breaker\/#primaryimage"},"thumbnailUrl":"https:\/\/www.jyiele.com\/wp-content\/uploads\/2020\/04\/three-station-indoor-vacuum-ckt-breaker.webp","datePublished":"2022-09-07T08:57:09+00:00","dateModified":"2025-03-09T11:39:06+00:00","description":"D\u00e9couvrez le disjoncteur \u00e0 vide d'int\u00e9rieur JYIELE, dot\u00e9 de trois stations pour un contr\u00f4le et une protection \u00e9lectriques efficaces. Con\u00e7u pour \u00eatre fiable et performant, ce disjoncteur assure un fonctionnement sans faille dans les environnements int\u00e9rieurs, en fournissant une protection essentielle des circuits pour diverses applications.","breadcrumb":{"@id":"https:\/\/www.jyiele.com\/product\/three-station-indoor-vacuum-ckt-breaker\/#breadcrumb"},"inLanguage":"fr-FR","potentialAction":[{"@type":"ReadAction","target":["https:\/\/www.jyiele.com\/product\/three-station-indoor-vacuum-ckt-breaker\/"]}]},{"@type":"ImageObject","inLanguage":"fr-FR","@id":"https:\/\/www.jyiele.com\/product\/three-station-indoor-vacuum-ckt-breaker\/#primaryimage","url":"https:\/\/www.jyiele.com\/wp-content\/uploads\/2020\/04\/three-station-indoor-vacuum-ckt-breaker.webp","contentUrl":"https:\/\/www.jyiele.com\/wp-content\/uploads\/2020\/04\/three-station-indoor-vacuum-ckt-breaker.webp","width":600,"height":600,"caption":"three-station-indoor-vacuum-ckt-breaker"},{"@type":"BreadcrumbList","@id":"https:\/\/www.jyiele.com\/product\/three-station-indoor-vacuum-ckt-breaker\/#breadcrumb","itemListElement":[{"@type":"ListItem","position":1,"name":"Home","item":"https:\/\/www.jyiele.com\/"},{"@type":"ListItem","position":2,"name":"Product","item":"https:\/\/www.jyiele.com\/product\/"},{"@type":"ListItem","position":3,"name":"Vacuum Circuit Breaker","item":"https:\/\/www.jyiele.com\/product-category\/vacuum-circuit-breaker\/"},{"@type":"ListItem","position":4,"name":"BQVN-12GD Three Station Indoor Vacuum Ckt Breaker"}]},{"@type":"WebSite","@id":"https:\/\/www.jyiele.com\/#website","url":"https:\/\/www.jyiele.com\/","name":"JYIELE","description":"Fabricant de disjoncteurs \u00e0 vide","publisher":{"@id":"https:\/\/www.jyiele.com\/#organization"},"potentialAction":[{"@type":"SearchAction","target":{"@type":"EntryPoint","urlTemplate":"https:\/\/www.jyiele.com\/?s={search_term_string}"},"query-input":{"@type":"PropertyValueSpecification","valueRequired":true,"valueName":"search_term_string"}}],"inLanguage":"fr-FR"},{"@type":"Organization","@id":"https:\/\/www.jyiele.com\/#organization","name":"JYIELE","url":"https:\/\/www.jyiele.com\/","logo":{"@type":"ImageObject","inLanguage":"fr-FR","@id":"https:\/\/www.jyiele.com\/#\/schema\/logo\/image\/","url":"https:\/\/www.jyiele.com\/wp-content\/uploads\/2024\/09\/cropped-jyele-1.webp","contentUrl":"https:\/\/www.jyiele.com\/wp-content\/uploads\/2024\/09\/cropped-jyele-1.webp","width":137,"height":60,"caption":"JYIELE"},"image":{"@id":"https:\/\/www.jyiele.com\/#\/schema\/logo\/image\/"}}]}},"_links":{"self":[{"href":"https:\/\/www.jyiele.com\/fr\/wp-json\/wp\/v2\/product\/19","targetHints":{"allow":["GET"]}}],"collection":[{"href":"https:\/\/www.jyiele.com\/fr\/wp-json\/wp\/v2\/product"}],"about":[{"href":"https:\/\/www.jyiele.com\/fr\/wp-json\/wp\/v2\/types\/product"}],"version-history":[{"count":1,"href":"https:\/\/www.jyiele.com\/fr\/wp-json\/wp\/v2\/product\/19\/revisions"}],"predecessor-version":[{"id":1483,"href":"https:\/\/www.jyiele.com\/fr\/wp-json\/wp\/v2\/product\/19\/revisions\/1483"}],"wp:featuredmedia":[{"embeddable":true,"href":"https:\/\/www.jyiele.com\/fr\/wp-json\/wp\/v2\/media\/1217"}],"wp:attachment":[{"href":"https:\/\/www.jyiele.com\/fr\/wp-json\/wp\/v2\/media?parent=19"}],"wp:term":[{"taxonomy":"product_brand","embeddable":true,"href":"https:\/\/www.jyiele.com\/fr\/wp-json\/wp\/v2\/product_brand?post=19"},{"taxonomy":"product_cat","embeddable":true,"href":"https:\/\/www.jyiele.com\/fr\/wp-json\/wp\/v2\/product_cat?post=19"},{"taxonomy":"product_tag","embeddable":true,"href":"https:\/\/www.jyiele.com\/fr\/wp-json\/wp\/v2\/product_tag?post=19"}],"curies":[{"name":"wp","href":"https:\/\/api.w.org\/{rel}","templated":true}]}}