{"id":1979,"date":"2024-11-13T10:10:11","date_gmt":"2024-11-13T10:10:11","guid":{"rendered":"https:\/\/www.jy-electric.com\/?post_type=product&#038;p=1979"},"modified":"2025-03-09T11:42:05","modified_gmt":"2025-03-09T11:42:05","slug":"1000vdc-30a-solar-panel-electrical-connectors-ip67","status":"publish","type":"product","link":"https:\/\/www.jyiele.com\/fr\/product\/1000vdc-30a-solar-panel-electrical-connectors-ip67\/","title":{"rendered":"1000VDC 30A Panneau Solaire Connecteurs Electriques IP67 Etanche PV-HCA30"},"content":{"rendered":"<h2>Caract\u00e9ristiques et avantages<\/h2>\n<p>\u2666 Conception \u00e0 verrouillage de s\u00e9curit\u00e9 : Utilise un m\u00e9canisme de verrouillage facile \u00e0 encliqueter pour une connexion ferme et fiable ; installation rapide et facile avec de nombreux connecteurs solaires.<br \/>\nMat\u00e9riau en silicone haute densit\u00e9 : La r\u00e9sistance \u00e0 la chaleur, l'ignifugation, les fonctions d'\u00e9tanch\u00e9it\u00e9 \u00e0 l'eau et \u00e0 la poussi\u00e8re contribuent \u00e0 une longue performance dans un environnement difficile.<br \/>\n\u2666 Fonction imperm\u00e9able \u00e0 l'eau et \u00e0 la poussi\u00e8re : \u00c9quip\u00e9 d'anneaux en caoutchouc imperm\u00e9able \u00e0 haute densit\u00e9, excellente qualit\u00e9 des mat\u00e9riaux en silicone, protection de classe IP67 pour des conditions m\u00e9t\u00e9orologiques diversifi\u00e9es.<br \/>\n\u2666 \u00c2me en cuivre \u00e9paissi : L'\u00e2me en cuivre soud\u00e9e est d'une excellente conductivit\u00e9, avec une r\u00e9sistance \u00e0 l'oxydation. La r\u00e9sistance de contact peut \u00eatre aussi faible que 0,5m\u03a9 pour garantir une transmission efficace du courant.<br \/>\n\u2666 Prise en charge d'une tension et d'un courant nominaux \u00e9lev\u00e9s : la tension nominale \u00e9lev\u00e9e peut atteindre 1000 V CC et le courant nominal \u00e9lev\u00e9 45 A, ce qui fait de ce connecteur une application parfaite pour les installations photovolta\u00efques \u00e0 grande \u00e9chelle.<br \/>\n\u2666 Grande adaptabilit\u00e9 \u00e0 la temp\u00e9rature : Fonctionne \u00e0 une temp\u00e9rature aussi basse que -40\u00b0C et aussi haute que +90\u00b0C, tandis que la temp\u00e9rature maximale peut atteindre +105\u00b0C, ce qui le rend tr\u00e8s adaptable aux diff\u00e9rentes conditions environnementales.<br \/>\n\u2666 Haut niveau d'ignifugation : Il comporte un retardateur de flamme de qualit\u00e9 UL-94-V0 et r\u00e9pond donc aux exigences de s\u00e9curit\u00e9 dans les environnements \u00e0 haute temp\u00e9rature ou sujets au feu.<\/p>\n<h2>Param\u00e8tres du produit<\/h2>\n<figure class=\"wp-block-table\">\n<div class=\"scroll\">\n<table>\n<tbody>\n<tr>\n<td>Num\u00e9ro de s\u00e9rie<\/td>\n<td>Param\u00e8tres<\/td>\n<td>Param\u00e8tres<\/td>\n<\/tr>\n<tr>\n<td>1<\/td>\n<td>Type<\/td>\n<td>Connecteur solaire photovolta\u00efque<\/td>\n<\/tr>\n<tr>\n<td>2<\/td>\n<td>Tension nominale<\/td>\n<td>1000V DC<\/td>\n<\/tr>\n<tr>\n<td>3<\/td>\n<td>Courant nominal<\/td>\n<td>45A (2,5\/4\/6mm2,14\/12\/10AWG)<\/td>\n<\/tr>\n<tr>\n<td>4<\/td>\n<td>Tension d'essai<\/td>\n<td>8000V(50Hz,1min)<\/td>\n<\/tr>\n<tr>\n<td>5<\/td>\n<td>Plage de temp\u00e9rature<\/td>\n<td>-40\u00b0C ...+90\u00b0C<\/td>\n<\/tr>\n<tr>\n<td>6<\/td>\n<td>Temp\u00e9rature limite sup\u00e9rieure<\/td>\n<td>+105\u00b0C<\/td>\n<\/tr>\n<tr>\n<td>7<\/td>\n<td>Degr\u00e9 de protection<\/td>\n<td>IP2X\/ IP68<\/td>\n<\/tr>\n<tr>\n<td>8<\/td>\n<td>R\u00e9sistance de contact des connecteurs<\/td>\n<td>0,5m\u03a9<\/td>\n<\/tr>\n<tr>\n<td>9<\/td>\n<td>Classe de s\u00e9curit\u00e9<\/td>\n<td>\u2161<\/td>\n<\/tr>\n<tr>\n<td>10<\/td>\n<td>Mat\u00e9riel de contact<\/td>\n<td>Cuivre, \u00e9tam\u00e9<\/td>\n<\/tr>\n<tr>\n<td>11<\/td>\n<td>Mat\u00e9riau d'isolation<\/td>\n<td>OPP<\/td>\n<\/tr>\n<tr>\n<td>12<\/td>\n<td>Force de retrait\/Force d'insertion<\/td>\n<td>\u226550N\/\u226450N<\/td>\n<\/tr>\n<tr>\n<td>13<\/td>\n<td>Syst\u00e8me de verrouillage<\/td>\n<td>Snap-in<\/td>\n<\/tr>\n<tr>\n<td>14<\/td>\n<td>Classe de flamme<\/td>\n<td>UL-94-V0<\/td>\n<\/tr>\n<\/tbody>\n<\/table>\n<\/div>\n<\/figure>\n<figure class=\"wp-block-image size-full is-resized\"><img fetchpriority=\"high\" decoding=\"async\" class=\"alignnone wp-image-1983\" src=\"https:\/\/www.jy-electric.com\/wp-content\/uploads\/2024\/10\/30A-Solar-PV-Connector-Male-And-Female-294x300.webp\" alt=\"Connecteur PV solaire 30A m\u00e2le et femelle\" width=\"450\" height=\"459\" srcset=\"https:\/\/www.jyiele.com\/wp-content\/uploads\/2024\/10\/30A-Solar-PV-Connector-Male-And-Female-294x300.webp 294w, https:\/\/www.jyiele.com\/wp-content\/uploads\/2024\/10\/30A-Solar-PV-Connector-Male-And-Female-12x12.webp 12w, https:\/\/www.jyiele.com\/wp-content\/uploads\/2024\/10\/30A-Solar-PV-Connector-Male-And-Female-600x613.webp 600w, https:\/\/www.jyiele.com\/wp-content\/uploads\/2024\/10\/30A-Solar-PV-Connector-Male-And-Female.webp 671w\" sizes=\"(max-width: 450px) 100vw, 450px\" \/><\/figure>\n<h2>Principales applications<\/h2>\n<p><strong>Connecteurs \u00e9lectriques des panneaux solaires<\/strong> peut s'appliquer \u00e0 un large \u00e9ventail d'utilisations dans les syst\u00e8mes de production d'\u00e9nergie photovolta\u00efque, y compris, mais sans s'y limiter, les sc\u00e9narios suivants :<\/p>\n<p>Syst\u00e8mes d'\u00e9nergie solaire r\u00e9sidentiels : Ils seront utilis\u00e9s pour la connexion des panneaux solaires de toiture au r\u00e9seau ou \u00e0 l'onduleur pour la conversion et la transmission de l'\u00e9nergie.<\/p>\n<p>Centrales solaires commerciales : Ces connecteurs trouveront des applications \u00e0 grande \u00e9chelle dans les projets d'\u00e9nergie solaire qui connectent des r\u00e9seaux de panneaux solaires pour une transmission efficace de l'\u00e9nergie.<\/p>\n<p>Applications solaires industrielles : Les connecteurs \u00e9lectriques pour panneaux solaires peuvent \u00eatre utilis\u00e9s dans les centrales solaires \u00e0 l'\u00e9chelle industrielle et les syst\u00e8mes aliment\u00e9s par l'\u00e9nergie solaire.<\/p>\n<h2>Maintenance et entretien<\/h2>\n<p>\u2666 Inspection r\u00e9guli\u00e8re : Inspecter r\u00e9guli\u00e8rement la r\u00e9sistance de contact du connecteur afin de s'assurer que sa conductivit\u00e9 se situe dans une plage normale.<br \/>\n\u2666 Nettoyage des anneaux en caoutchouc \u00e9tanches : Nettoyer fr\u00e9quemment les anneaux en caoutchouc imperm\u00e9ables, car l'accumulation de poussi\u00e8re ou d'autres particules peut nuire \u00e0 l'\u00e9tanch\u00e9it\u00e9.<br \/>\n\u2666 V\u00e9rifier le verrouillage de s\u00e9curit\u00e9 : V\u00e9rifier la stabilit\u00e9 du m\u00e9canisme de verrouillage afin de garantir la fiabilit\u00e9 des connexions, m\u00eame apr\u00e8s un certain temps.<br \/>\n\u2666 Veillez \u00e0 ce que les bornes positives et n\u00e9gatives soient correctement connect\u00e9es avant l'installation afin d'\u00e9viter toute erreur de polarit\u00e9 du syst\u00e8me qui pourrait entra\u00eener un dysfonctionnement.<br \/>\n\u2666 Prot\u00e9ger du soleil et de la pluie : Dans la mesure du possible, \u00e9vitez les fortes expositions au soleil et \u00e0 la pluie afin de prolonger la dur\u00e9e de vie du connecteur.<br \/>\n\u2666 En suivant les \u00e9tapes d\u00e9crites ci-dessous, la dur\u00e9e de vie des connecteurs \u00e9lectriques des panneaux solaires peut \u00eatre prolong\u00e9e pour assurer la stabilit\u00e9 d'un syst\u00e8me photovolta\u00efque.<\/p>","protected":false},"excerpt":{"rendered":"<p><strong>Connecteurs \u00e9lectriques pour panneaux solaires<\/strong> sont des \u00e9l\u00e9ments importants d'un syst\u00e8me photovolta\u00efque. Ils ont \u00e9t\u00e9 con\u00e7us pour connecter les panneaux solaires aux r\u00e9gulateurs, aux onduleurs et \u00e0 d'autres installations pour une transmission maximale de la puissance de sortie. Ce connecteur 1000VDC 30A est con\u00e7u \u00e0 la fois en version m\u00e2le et femelle, \u00e9tanche IP 67, et aux normes les plus \u00e9lev\u00e9es possibles. La conception du PV-HCA30 lui conf\u00e8re une excellente r\u00e9sistance \u00e0 la chaleur, \u00e0 l'eau et \u00e0 la poussi\u00e8re. Il convient donc \u00e0 l'installation et \u00e0 la maintenance de diff\u00e9rents types de syst\u00e8mes solaires photovolta\u00efques.<\/p>","protected":false},"featured_media":1986,"template":"","meta":{"site-sidebar-layout":"default","site-content-layout":"","ast-site-content-layout":"default","site-content-style":"default","site-sidebar-style":"default","ast-global-header-display":"","ast-banner-title-visibility":"","ast-main-header-display":"","ast-hfb-above-header-display":"","ast-hfb-below-header-display":"","ast-hfb-mobile-header-display":"","site-post-title":"","ast-breadcrumbs-content":"","ast-featured-img":"","footer-sml-layout":"","ast-disable-related-posts":"","theme-transparent-header-meta":"default","adv-header-id-meta":"","stick-header-meta":"","header-above-stick-meta":"","header-main-stick-meta":"","header-below-stick-meta":"","astra-migrate-meta-layouts":"set","ast-page-background-enabled":"default","ast-page-background-meta":{"desktop":{"background-color":"var(--ast-global-color-4)","background-image":"","background-repeat":"repeat","background-position":"center center","background-size":"auto","background-attachment":"scroll","background-type":"","background-media":"","overlay-type":"","overlay-color":"","overlay-opacity":"","overlay-gradient":""},"tablet":{"background-color":"","background-image":"","background-repeat":"repeat","background-position":"center center","background-size":"auto","background-attachment":"scroll","background-type":"","background-media":"","overlay-type":"","overlay-color":"","overlay-opacity":"","overlay-gradient":""},"mobile":{"background-color":"","background-image":"","background-repeat":"repeat","background-position":"center center","background-size":"auto","background-attachment":"scroll","background-type":"","background-media":"","overlay-type":"","overlay-color":"","overlay-opacity":"","overlay-gradient":""}},"ast-content-background-meta":{"desktop":{"background-color":"var(--ast-global-color-5)","background-image":"","background-repeat":"repeat","background-position":"center center","background-size":"auto","background-attachment":"scroll","background-type":"","background-media":"","overlay-type":"","overlay-color":"","overlay-opacity":"","overlay-gradient":""},"tablet":{"background-color":"var(--ast-global-color-5)","background-image":"","background-repeat":"repeat","background-position":"center center","background-size":"auto","background-attachment":"scroll","background-type":"","background-media":"","overlay-type":"","overlay-color":"","overlay-opacity":"","overlay-gradient":""},"mobile":{"background-color":"var(--ast-global-color-5)","background-image":"","background-repeat":"repeat","background-position":"center center","background-size":"auto","background-attachment":"scroll","background-type":"","background-media":"","overlay-type":"","overlay-color":"","overlay-opacity":"","overlay-gradient":""}}},"product_brand":[],"product_cat":[19],"product_tag":[],"class_list":{"0":"post-1979","1":"product","2":"type-product","3":"status-publish","4":"has-post-thumbnail","6":"product_cat-mc4-connector","7":"desktop-align-left","8":"tablet-align-left","9":"mobile-align-left","11":"first","12":"instock","13":"shipping-taxable","14":"product-type-simple"},"yoast_head":"<!-- This site is optimized with the Yoast SEO plugin v24.8.1 - https:\/\/yoast.com\/wordpress\/plugins\/seo\/ -->\n<title>Solar Panel Electrical Connectors Manufacturer Form China<\/title>\n<meta name=\"description\" content=\"Durable solar panel electrical connectors, IP67 waterproof rating, and heat resistance. Ideal for efficient, safe solar power system connections.\" \/>\n<meta name=\"robots\" content=\"index, follow, max-snippet:-1, max-image-preview:large, max-video-preview:-1\" \/>\n<link rel=\"canonical\" href=\"https:\/\/www.jyiele.com\/fr\/product\/1000vdc-30a-solar-panel-electrical-connectors-ip67\/\" \/>\n<meta property=\"og:locale\" content=\"fr_FR\" \/>\n<meta property=\"og:type\" content=\"article\" \/>\n<meta property=\"og:title\" content=\"Solar Panel Electrical Connectors Manufacturer Form China\" \/>\n<meta property=\"og:description\" content=\"Durable solar panel electrical connectors, IP67 waterproof rating, and heat resistance. Ideal for efficient, safe solar power system connections.\" \/>\n<meta property=\"og:url\" content=\"https:\/\/www.jyiele.com\/fr\/product\/1000vdc-30a-solar-panel-electrical-connectors-ip67\/\" \/>\n<meta property=\"og:site_name\" content=\"JYIELE\" \/>\n<meta property=\"article:modified_time\" content=\"2025-03-09T11:42:05+00:00\" \/>\n<meta property=\"og:image\" content=\"https:\/\/www.jyiele.com\/wp-content\/uploads\/2024\/10\/1000VDC-30A-Solar-Panel-Electrical-Connectors-IP67.webp\" \/>\n\t<meta property=\"og:image:width\" content=\"800\" \/>\n\t<meta property=\"og:image:height\" content=\"800\" \/>\n\t<meta property=\"og:image:type\" content=\"image\/webp\" \/>\n<meta name=\"twitter:card\" content=\"summary_large_image\" \/>\n<meta name=\"twitter:label1\" content=\"Dur\u00e9e de lecture estim\u00e9e\" \/>\n\t<meta name=\"twitter:data1\" content=\"3 minutes\" \/>\n<script type=\"application\/ld+json\" class=\"yoast-schema-graph\">{\"@context\":\"https:\/\/schema.org\",\"@graph\":[{\"@type\":\"WebPage\",\"@id\":\"https:\/\/www.jyiele.com\/product\/1000vdc-30a-solar-panel-electrical-connectors-ip67\/\",\"url\":\"https:\/\/www.jyiele.com\/product\/1000vdc-30a-solar-panel-electrical-connectors-ip67\/\",\"name\":\"Solar Panel Electrical Connectors Manufacturer Form China\",\"isPartOf\":{\"@id\":\"https:\/\/www.jyiele.com\/#website\"},\"primaryImageOfPage\":{\"@id\":\"https:\/\/www.jyiele.com\/product\/1000vdc-30a-solar-panel-electrical-connectors-ip67\/#primaryimage\"},\"image\":{\"@id\":\"https:\/\/www.jyiele.com\/product\/1000vdc-30a-solar-panel-electrical-connectors-ip67\/#primaryimage\"},\"thumbnailUrl\":\"https:\/\/www.jyiele.com\/wp-content\/uploads\/2024\/10\/1000VDC-30A-Solar-Panel-Electrical-Connectors-IP67.webp\",\"datePublished\":\"2024-11-13T10:10:11+00:00\",\"dateModified\":\"2025-03-09T11:42:05+00:00\",\"description\":\"Durable solar panel electrical connectors, IP67 waterproof rating, and heat resistance. Ideal for efficient, safe solar power system connections.\",\"breadcrumb\":{\"@id\":\"https:\/\/www.jyiele.com\/product\/1000vdc-30a-solar-panel-electrical-connectors-ip67\/#breadcrumb\"},\"inLanguage\":\"fr-FR\",\"potentialAction\":[{\"@type\":\"ReadAction\",\"target\":[\"https:\/\/www.jyiele.com\/product\/1000vdc-30a-solar-panel-electrical-connectors-ip67\/\"]}]},{\"@type\":\"ImageObject\",\"inLanguage\":\"fr-FR\",\"@id\":\"https:\/\/www.jyiele.com\/product\/1000vdc-30a-solar-panel-electrical-connectors-ip67\/#primaryimage\",\"url\":\"https:\/\/www.jyiele.com\/wp-content\/uploads\/2024\/10\/1000VDC-30A-Solar-Panel-Electrical-Connectors-IP67.webp\",\"contentUrl\":\"https:\/\/www.jyiele.com\/wp-content\/uploads\/2024\/10\/1000VDC-30A-Solar-Panel-Electrical-Connectors-IP67.webp\",\"width\":800,\"height\":800,\"caption\":\"1000VDC 30A Solar Panel Electrical Connectors IP67\"},{\"@type\":\"BreadcrumbList\",\"@id\":\"https:\/\/www.jyiele.com\/product\/1000vdc-30a-solar-panel-electrical-connectors-ip67\/#breadcrumb\",\"itemListElement\":[{\"@type\":\"ListItem\",\"position\":1,\"name\":\"Home\",\"item\":\"https:\/\/www.jyiele.com\/\"},{\"@type\":\"ListItem\",\"position\":2,\"name\":\"Product\",\"item\":\"https:\/\/www.jyiele.com\/product\/\"},{\"@type\":\"ListItem\",\"position\":3,\"name\":\"MC4 Connector\",\"item\":\"https:\/\/www.jyiele.com\/product-category\/mc4-connector\/\"},{\"@type\":\"ListItem\",\"position\":4,\"name\":\"1000VDC 30A Solar Panel Electrical Connectors IP67 Waterproof PV-HCA30\"}]},{\"@type\":\"WebSite\",\"@id\":\"https:\/\/www.jyiele.com\/#website\",\"url\":\"https:\/\/www.jyiele.com\/\",\"name\":\"JYIELE\",\"description\":\"Vacuum Circuit Breaker manufacturer\",\"publisher\":{\"@id\":\"https:\/\/www.jyiele.com\/#organization\"},\"potentialAction\":[{\"@type\":\"SearchAction\",\"target\":{\"@type\":\"EntryPoint\",\"urlTemplate\":\"https:\/\/www.jyiele.com\/?s={search_term_string}\"},\"query-input\":{\"@type\":\"PropertyValueSpecification\",\"valueRequired\":true,\"valueName\":\"search_term_string\"}}],\"inLanguage\":\"fr-FR\"},{\"@type\":\"Organization\",\"@id\":\"https:\/\/www.jyiele.com\/#organization\",\"name\":\"JYIELE\",\"url\":\"https:\/\/www.jyiele.com\/\",\"logo\":{\"@type\":\"ImageObject\",\"inLanguage\":\"fr-FR\",\"@id\":\"https:\/\/www.jyiele.com\/#\/schema\/logo\/image\/\",\"url\":\"https:\/\/www.jyiele.com\/wp-content\/uploads\/2024\/09\/cropped-jyele-1.webp\",\"contentUrl\":\"https:\/\/www.jyiele.com\/wp-content\/uploads\/2024\/09\/cropped-jyele-1.webp\",\"width\":137,\"height\":60,\"caption\":\"JYIELE\"},\"image\":{\"@id\":\"https:\/\/www.jyiele.com\/#\/schema\/logo\/image\/\"}}]}<\/script>\n<!-- \/ Yoast SEO plugin. -->","yoast_head_json":{"title":"Connecteurs \u00e9lectriques pour panneaux solaires, fabricant chinois","description":"Connecteurs \u00e9lectriques durables pour panneaux solaires, \u00e9tanch\u00e9it\u00e9 IP67 et r\u00e9sistance \u00e0 la chaleur. Id\u00e9al pour des connexions efficaces et s\u00fbres de syst\u00e8mes d'\u00e9nergie solaire.","robots":{"index":"index","follow":"follow","max-snippet":"max-snippet:-1","max-image-preview":"max-image-preview:large","max-video-preview":"max-video-preview:-1"},"canonical":"https:\/\/www.jyiele.com\/fr\/product\/1000vdc-30a-solar-panel-electrical-connectors-ip67\/","og_locale":"fr_FR","og_type":"article","og_title":"Solar Panel Electrical Connectors Manufacturer Form China","og_description":"Durable solar panel electrical connectors, IP67 waterproof rating, and heat resistance. Ideal for efficient, safe solar power system connections.","og_url":"https:\/\/www.jyiele.com\/fr\/product\/1000vdc-30a-solar-panel-electrical-connectors-ip67\/","og_site_name":"JYIELE","article_modified_time":"2025-03-09T11:42:05+00:00","og_image":[{"width":800,"height":800,"url":"https:\/\/www.jyiele.com\/wp-content\/uploads\/2024\/10\/1000VDC-30A-Solar-Panel-Electrical-Connectors-IP67.webp","type":"image\/webp"}],"twitter_card":"summary_large_image","twitter_misc":{"Dur\u00e9e de lecture estim\u00e9e":"3 minutes"},"schema":{"@context":"https:\/\/schema.org","@graph":[{"@type":"WebPage","@id":"https:\/\/www.jyiele.com\/product\/1000vdc-30a-solar-panel-electrical-connectors-ip67\/","url":"https:\/\/www.jyiele.com\/product\/1000vdc-30a-solar-panel-electrical-connectors-ip67\/","name":"Connecteurs \u00e9lectriques pour panneaux solaires, fabricant chinois","isPartOf":{"@id":"https:\/\/www.jyiele.com\/#website"},"primaryImageOfPage":{"@id":"https:\/\/www.jyiele.com\/product\/1000vdc-30a-solar-panel-electrical-connectors-ip67\/#primaryimage"},"image":{"@id":"https:\/\/www.jyiele.com\/product\/1000vdc-30a-solar-panel-electrical-connectors-ip67\/#primaryimage"},"thumbnailUrl":"https:\/\/www.jyiele.com\/wp-content\/uploads\/2024\/10\/1000VDC-30A-Solar-Panel-Electrical-Connectors-IP67.webp","datePublished":"2024-11-13T10:10:11+00:00","dateModified":"2025-03-09T11:42:05+00:00","description":"Connecteurs \u00e9lectriques durables pour panneaux solaires, \u00e9tanch\u00e9it\u00e9 IP67 et r\u00e9sistance \u00e0 la chaleur. Id\u00e9al pour des connexions efficaces et s\u00fbres de syst\u00e8mes d'\u00e9nergie solaire.","breadcrumb":{"@id":"https:\/\/www.jyiele.com\/product\/1000vdc-30a-solar-panel-electrical-connectors-ip67\/#breadcrumb"},"inLanguage":"fr-FR","potentialAction":[{"@type":"ReadAction","target":["https:\/\/www.jyiele.com\/product\/1000vdc-30a-solar-panel-electrical-connectors-ip67\/"]}]},{"@type":"ImageObject","inLanguage":"fr-FR","@id":"https:\/\/www.jyiele.com\/product\/1000vdc-30a-solar-panel-electrical-connectors-ip67\/#primaryimage","url":"https:\/\/www.jyiele.com\/wp-content\/uploads\/2024\/10\/1000VDC-30A-Solar-Panel-Electrical-Connectors-IP67.webp","contentUrl":"https:\/\/www.jyiele.com\/wp-content\/uploads\/2024\/10\/1000VDC-30A-Solar-Panel-Electrical-Connectors-IP67.webp","width":800,"height":800,"caption":"1000VDC 30A Solar Panel Electrical Connectors IP67"},{"@type":"BreadcrumbList","@id":"https:\/\/www.jyiele.com\/product\/1000vdc-30a-solar-panel-electrical-connectors-ip67\/#breadcrumb","itemListElement":[{"@type":"ListItem","position":1,"name":"Home","item":"https:\/\/www.jyiele.com\/"},{"@type":"ListItem","position":2,"name":"Product","item":"https:\/\/www.jyiele.com\/product\/"},{"@type":"ListItem","position":3,"name":"MC4 Connector","item":"https:\/\/www.jyiele.com\/product-category\/mc4-connector\/"},{"@type":"ListItem","position":4,"name":"1000VDC 30A Solar Panel Electrical Connectors IP67 Waterproof PV-HCA30"}]},{"@type":"WebSite","@id":"https:\/\/www.jyiele.com\/#website","url":"https:\/\/www.jyiele.com\/","name":"JYIELE","description":"Fabricant de disjoncteurs \u00e0 vide","publisher":{"@id":"https:\/\/www.jyiele.com\/#organization"},"potentialAction":[{"@type":"SearchAction","target":{"@type":"EntryPoint","urlTemplate":"https:\/\/www.jyiele.com\/?s={search_term_string}"},"query-input":{"@type":"PropertyValueSpecification","valueRequired":true,"valueName":"search_term_string"}}],"inLanguage":"fr-FR"},{"@type":"Organization","@id":"https:\/\/www.jyiele.com\/#organization","name":"JYIELE","url":"https:\/\/www.jyiele.com\/","logo":{"@type":"ImageObject","inLanguage":"fr-FR","@id":"https:\/\/www.jyiele.com\/#\/schema\/logo\/image\/","url":"https:\/\/www.jyiele.com\/wp-content\/uploads\/2024\/09\/cropped-jyele-1.webp","contentUrl":"https:\/\/www.jyiele.com\/wp-content\/uploads\/2024\/09\/cropped-jyele-1.webp","width":137,"height":60,"caption":"JYIELE"},"image":{"@id":"https:\/\/www.jyiele.com\/#\/schema\/logo\/image\/"}}]}},"_links":{"self":[{"href":"https:\/\/www.jyiele.com\/fr\/wp-json\/wp\/v2\/product\/1979","targetHints":{"allow":["GET"]}}],"collection":[{"href":"https:\/\/www.jyiele.com\/fr\/wp-json\/wp\/v2\/product"}],"about":[{"href":"https:\/\/www.jyiele.com\/fr\/wp-json\/wp\/v2\/types\/product"}],"version-history":[{"count":4,"href":"https:\/\/www.jyiele.com\/fr\/wp-json\/wp\/v2\/product\/1979\/revisions"}],"predecessor-version":[{"id":1987,"href":"https:\/\/www.jyiele.com\/fr\/wp-json\/wp\/v2\/product\/1979\/revisions\/1987"}],"wp:featuredmedia":[{"embeddable":true,"href":"https:\/\/www.jyiele.com\/fr\/wp-json\/wp\/v2\/media\/1986"}],"wp:attachment":[{"href":"https:\/\/www.jyiele.com\/fr\/wp-json\/wp\/v2\/media?parent=1979"}],"wp:term":[{"taxonomy":"product_brand","embeddable":true,"href":"https:\/\/www.jyiele.com\/fr\/wp-json\/wp\/v2\/product_brand?post=1979"},{"taxonomy":"product_cat","embeddable":true,"href":"https:\/\/www.jyiele.com\/fr\/wp-json\/wp\/v2\/product_cat?post=1979"},{"taxonomy":"product_tag","embeddable":true,"href":"https:\/\/www.jyiele.com\/fr\/wp-json\/wp\/v2\/product_tag?post=1979"}],"curies":[{"name":"wp","href":"https:\/\/api.w.org\/{rel}","templated":true}]}}