{"id":2047,"date":"2023-10-27T06:12:07","date_gmt":"2023-10-27T06:12:07","guid":{"rendered":"https:\/\/www.jy-electric.com\/?post_type=product&#038;p=2047"},"modified":"2025-03-09T11:41:15","modified_gmt":"2025-03-09T11:41:15","slug":"cps-125-control-and-protection-switch","status":"publish","type":"product","link":"https:\/\/www.jyiele.com\/fr\/product\/cps-125-control-and-protection-switch\/","title":{"rendered":"CPS-125 Interrupteur de commande et de protection Appareils"},"content":{"rendered":"<p>- Le CPS, d\u00e9velopp\u00e9 \u00e0 partir d'une technologie de contr\u00f4le MCU avanc\u00e9e, offre une grande pr\u00e9cision de protection, un fonctionnement stable et fiable et une forte r\u00e9sistance aux interf\u00e9rences. Il constitue un dispositif de contr\u00f4le et de commutation de protection dot\u00e9 de fonctions de num\u00e9risation, d'intelligentisation, de mise en r\u00e9seau des communications et de surveillance de la connexion au bus de terrain, etc.<br \/>\n- Le CPS est conforme \u00e0 la norme GB14048.9\/IEC60947-6-2 low voltage switchgear and controlgear-section 6-2:Multiple Function Equipment Control and Protective Switching Devices (or Equipment) (KBO).<\/p>\n<h4 class=\"wp-block-heading\"><strong>\u2023 G\u00e9n\u00e9ral<\/strong><\/h4>\n<p>- Param\u00e8tres techniques de base<\/p>\n<figure class=\"wp-block-table\">\n<div class=\"scroll\">\n<table>\n<tbody>\n<tr>\n<td>Taille du cadre (A)<\/td>\n<td>Courant nominal du corps<\/td>\n<td>Courant de fonctionnement nominal du contr\u00f4leur le(A)<\/td>\n<td>Plage de r\u00e9glage du courant nominal de fonctionnement du r\u00e9gulateur Ir1(A)<\/td>\n<td>Gamme de puissance de contr\u00f4le de 380V(kW)<\/td>\n<td>Cat\u00e9gorie d'utilisation<\/td>\n<td>Tension nominale (V)<\/td>\n<td>Fr\u00e9quence nominale\uff08Hz\uff09<\/td>\n<td>Tension nominale de tenue aux chocs (KV)<\/td>\n<td>Classe de voyage<\/td>\n<\/tr>\n<tr>\n<td rowspan=\"7\">45<\/td>\n<td rowspan=\"2\">3<\/td>\n<td>1<\/td>\n<td>0.4\uff5e1<\/td>\n<td>0.18\uff5e0.45<\/td>\n<td rowspan=\"10\">AC-42AC-43AC-44<\/td>\n<td rowspan=\"10\">400<\/td>\n<td rowspan=\"10\">50(60)<\/td>\n<td rowspan=\"10\">8<\/td>\n<td rowspan=\"10\">10<\/td>\n<\/tr>\n<tr>\n<td>3<\/td>\n<td>1.2\uff5e3<\/td>\n<td>0.55\uff5e1.35<\/td>\n<\/tr>\n<tr>\n<td rowspan=\"3\">16<\/td>\n<td>6<\/td>\n<td>2.4\uff5e6<\/td>\n<td>1.1\uff5e2.7<\/td>\n<\/tr>\n<tr>\n<td>10<\/td>\n<td>4\uff5e10<\/td>\n<td>1.8\uff5e4.5<\/td>\n<\/tr>\n<tr>\n<td>16<\/td>\n<td>6.4\uff5e16<\/td>\n<td>3\uff5e7.5<\/td>\n<\/tr>\n<tr>\n<td rowspan=\"2\">45<\/td>\n<td>32<\/td>\n<td>12.8\uff5e32<\/td>\n<td>6\uff5e15<\/td>\n<\/tr>\n<tr>\n<td>45<\/td>\n<td>18\uff5e45<\/td>\n<td>8\uff5e20<\/td>\n<\/tr>\n<tr>\n<td rowspan=\"3\">125<\/td>\n<td rowspan=\"3\">125<\/td>\n<td>63<\/td>\n<td>25.2\uff5e63<\/td>\n<td>12\uff5e30<\/td>\n<\/tr>\n<tr>\n<td>100<\/td>\n<td>40\uff5e100<\/td>\n<td>18\uff5e45<\/td>\n<\/tr>\n<tr>\n<td>125<\/td>\n<td>50\uff5e125<\/td>\n<td>22\uff5e55<\/td>\n<\/tr>\n<\/tbody>\n<\/table>\n<\/div>\n<\/figure>","protected":false},"excerpt":{"rendered":"<p>Le fusible de la s\u00e9rie CPS (ci-apr\u00e8s d\u00e9nomm\u00e9 ERKBO) est un nouveau type d'appareil \u00e0 basse tension. - Le CPS d\u00e9velopp\u00e9 par notre soci\u00e9t\u00e9 adopte une structure modulaire, int\u00e8gre les principales fonctions des composants ind\u00e9pendants (par exemple, le disjoncteur, le contacteur, le relais de surcharge, le d\u00e9connecteur, etc.), et int\u00e8gre divers signaux, r\u00e9alisant ainsi la coordination automatique entre les fonctions de contr\u00f4le et les fonctions de protection au sein du produit.<\/p>","protected":false},"featured_media":2048,"template":"","meta":{"site-sidebar-layout":"default","site-content-layout":"","ast-site-content-layout":"default","site-content-style":"default","site-sidebar-style":"default","ast-global-header-display":"","ast-banner-title-visibility":"","ast-main-header-display":"","ast-hfb-above-header-display":"","ast-hfb-below-header-display":"","ast-hfb-mobile-header-display":"","site-post-title":"","ast-breadcrumbs-content":"","ast-featured-img":"","footer-sml-layout":"","ast-disable-related-posts":"","theme-transparent-header-meta":"default","adv-header-id-meta":"","stick-header-meta":"","header-above-stick-meta":"","header-main-stick-meta":"","header-below-stick-meta":"","astra-migrate-meta-layouts":"set","ast-page-background-enabled":"default","ast-page-background-meta":{"desktop":{"background-color":"var(--ast-global-color-4)","background-image":"","background-repeat":"repeat","background-position":"center center","background-size":"auto","background-attachment":"scroll","background-type":"","background-media":"","overlay-type":"","overlay-color":"","overlay-opacity":"","overlay-gradient":""},"tablet":{"background-color":"","background-image":"","background-repeat":"repeat","background-position":"center center","background-size":"auto","background-attachment":"scroll","background-type":"","background-media":"","overlay-type":"","overlay-color":"","overlay-opacity":"","overlay-gradient":""},"mobile":{"background-color":"","background-image":"","background-repeat":"repeat","background-position":"center center","background-size":"auto","background-attachment":"scroll","background-type":"","background-media":"","overlay-type":"","overlay-color":"","overlay-opacity":"","overlay-gradient":""}},"ast-content-background-meta":{"desktop":{"background-color":"var(--ast-global-color-5)","background-image":"","background-repeat":"repeat","background-position":"center center","background-size":"auto","background-attachment":"scroll","background-type":"","background-media":"","overlay-type":"","overlay-color":"","overlay-opacity":"","overlay-gradient":""},"tablet":{"background-color":"var(--ast-global-color-5)","background-image":"","background-repeat":"repeat","background-position":"center center","background-size":"auto","background-attachment":"scroll","background-type":"","background-media":"","overlay-type":"","overlay-color":"","overlay-opacity":"","overlay-gradient":""},"mobile":{"background-color":"var(--ast-global-color-5)","background-image":"","background-repeat":"repeat","background-position":"center center","background-size":"auto","background-attachment":"scroll","background-type":"","background-media":"","overlay-type":"","overlay-color":"","overlay-opacity":"","overlay-gradient":""}}},"product_brand":[],"product_cat":[25],"product_tag":[],"class_list":{"0":"post-2047","1":"product","2":"type-product","3":"status-publish","4":"has-post-thumbnail","6":"product_cat-cps-control-protection-switch","7":"desktop-align-left","8":"tablet-align-left","9":"mobile-align-left","11":"first","12":"instock","13":"shipping-taxable","14":"purchasable","15":"product-type-simple"},"yoast_head":"<!-- This site is optimized with the Yoast SEO plugin v24.8.1 - https:\/\/yoast.com\/wordpress\/plugins\/seo\/ -->\n<title>CPS-125 Control And Protection Switch Appliances Supplier - JYIELE<\/title>\n<meta name=\"description\" content=\"The CPS-125 controls and protects switchgear, providing efficient and reliable power management solutions to ensure equipment safety and performance optimization. Suitable for a wide range of industrial applications to meet your control needs.\" \/>\n<meta name=\"robots\" content=\"index, follow, max-snippet:-1, max-image-preview:large, max-video-preview:-1\" \/>\n<link rel=\"canonical\" href=\"https:\/\/www.jyiele.com\/fr\/product\/cps-125-control-and-protection-switch\/\" \/>\n<meta property=\"og:locale\" content=\"fr_FR\" \/>\n<meta property=\"og:type\" content=\"article\" \/>\n<meta property=\"og:title\" content=\"CPS-125 Control And Protection Switch Appliances Supplier - JYIELE\" \/>\n<meta property=\"og:description\" content=\"The CPS-125 controls and protects switchgear, providing efficient and reliable power management solutions to ensure equipment safety and performance optimization. Suitable for a wide range of industrial applications to meet your control needs.\" \/>\n<meta property=\"og:url\" content=\"https:\/\/www.jyiele.com\/fr\/product\/cps-125-control-and-protection-switch\/\" \/>\n<meta property=\"og:site_name\" content=\"JYIELE\" \/>\n<meta property=\"article:modified_time\" content=\"2025-03-09T11:41:15+00:00\" \/>\n<meta property=\"og:image\" content=\"https:\/\/www.jyiele.com\/wp-content\/uploads\/2024\/10\/CPS-125-Control-And-Protection-Switch.webp\" \/>\n\t<meta property=\"og:image:width\" content=\"800\" \/>\n\t<meta property=\"og:image:height\" content=\"800\" \/>\n\t<meta property=\"og:image:type\" content=\"image\/webp\" \/>\n<meta name=\"twitter:card\" content=\"summary_large_image\" \/>\n<meta name=\"twitter:label1\" content=\"Dur\u00e9e de lecture estim\u00e9e\" \/>\n\t<meta name=\"twitter:data1\" content=\"1 minute\" \/>\n<script type=\"application\/ld+json\" class=\"yoast-schema-graph\">{\"@context\":\"https:\/\/schema.org\",\"@graph\":[{\"@type\":\"WebPage\",\"@id\":\"https:\/\/www.jyiele.com\/product\/cps-125-control-and-protection-switch\/\",\"url\":\"https:\/\/www.jyiele.com\/product\/cps-125-control-and-protection-switch\/\",\"name\":\"CPS-125 Control And Protection Switch Appliances Supplier - JYIELE\",\"isPartOf\":{\"@id\":\"https:\/\/www.jyiele.com\/#website\"},\"primaryImageOfPage\":{\"@id\":\"https:\/\/www.jyiele.com\/product\/cps-125-control-and-protection-switch\/#primaryimage\"},\"image\":{\"@id\":\"https:\/\/www.jyiele.com\/product\/cps-125-control-and-protection-switch\/#primaryimage\"},\"thumbnailUrl\":\"https:\/\/www.jyiele.com\/wp-content\/uploads\/2024\/10\/CPS-125-Control-And-Protection-Switch.webp\",\"datePublished\":\"2023-10-27T06:12:07+00:00\",\"dateModified\":\"2025-03-09T11:41:15+00:00\",\"description\":\"The CPS-125 controls and protects switchgear, providing efficient and reliable power management solutions to ensure equipment safety and performance optimization. Suitable for a wide range of industrial applications to meet your control needs.\",\"breadcrumb\":{\"@id\":\"https:\/\/www.jyiele.com\/product\/cps-125-control-and-protection-switch\/#breadcrumb\"},\"inLanguage\":\"fr-FR\",\"potentialAction\":[{\"@type\":\"ReadAction\",\"target\":[\"https:\/\/www.jyiele.com\/product\/cps-125-control-and-protection-switch\/\"]}]},{\"@type\":\"ImageObject\",\"inLanguage\":\"fr-FR\",\"@id\":\"https:\/\/www.jyiele.com\/product\/cps-125-control-and-protection-switch\/#primaryimage\",\"url\":\"https:\/\/www.jyiele.com\/wp-content\/uploads\/2024\/10\/CPS-125-Control-And-Protection-Switch.webp\",\"contentUrl\":\"https:\/\/www.jyiele.com\/wp-content\/uploads\/2024\/10\/CPS-125-Control-And-Protection-Switch.webp\",\"width\":800,\"height\":800,\"caption\":\"CPS-125 Control And Protection Switch\"},{\"@type\":\"BreadcrumbList\",\"@id\":\"https:\/\/www.jyiele.com\/product\/cps-125-control-and-protection-switch\/#breadcrumb\",\"itemListElement\":[{\"@type\":\"ListItem\",\"position\":1,\"name\":\"Home\",\"item\":\"https:\/\/www.jyiele.com\/\"},{\"@type\":\"ListItem\",\"position\":2,\"name\":\"Product\",\"item\":\"https:\/\/www.jyiele.com\/product\/\"},{\"@type\":\"ListItem\",\"position\":3,\"name\":\"CPS Control Protection Switch\",\"item\":\"https:\/\/www.jyiele.com\/product-category\/cps-control-protection-switch\/\"},{\"@type\":\"ListItem\",\"position\":4,\"name\":\"CPS-125 Control And Protection Switch Appliances\"}]},{\"@type\":\"WebSite\",\"@id\":\"https:\/\/www.jyiele.com\/#website\",\"url\":\"https:\/\/www.jyiele.com\/\",\"name\":\"JYIELE\",\"description\":\"Vacuum Circuit Breaker manufacturer\",\"publisher\":{\"@id\":\"https:\/\/www.jyiele.com\/#organization\"},\"potentialAction\":[{\"@type\":\"SearchAction\",\"target\":{\"@type\":\"EntryPoint\",\"urlTemplate\":\"https:\/\/www.jyiele.com\/?s={search_term_string}\"},\"query-input\":{\"@type\":\"PropertyValueSpecification\",\"valueRequired\":true,\"valueName\":\"search_term_string\"}}],\"inLanguage\":\"fr-FR\"},{\"@type\":\"Organization\",\"@id\":\"https:\/\/www.jyiele.com\/#organization\",\"name\":\"JYIELE\",\"url\":\"https:\/\/www.jyiele.com\/\",\"logo\":{\"@type\":\"ImageObject\",\"inLanguage\":\"fr-FR\",\"@id\":\"https:\/\/www.jyiele.com\/#\/schema\/logo\/image\/\",\"url\":\"https:\/\/www.jyiele.com\/wp-content\/uploads\/2024\/09\/cropped-jyele-1.webp\",\"contentUrl\":\"https:\/\/www.jyiele.com\/wp-content\/uploads\/2024\/09\/cropped-jyele-1.webp\",\"width\":137,\"height\":60,\"caption\":\"JYIELE\"},\"image\":{\"@id\":\"https:\/\/www.jyiele.com\/#\/schema\/logo\/image\/\"}}]}<\/script>\n<!-- \/ Yoast SEO plugin. -->","yoast_head_json":{"title":"CPS-125 Interrupteur de commande et de protection Appareils \u00e9lectrom\u00e9nagers Fournisseur - JYIELE","description":"Le CPS-125 contr\u00f4le et prot\u00e8ge les appareillages de commutation, en fournissant des solutions de gestion de l'\u00e9nergie efficaces et fiables pour garantir la s\u00e9curit\u00e9 des \u00e9quipements et l'optimisation des performances. Il convient \u00e0 une large gamme d'applications industrielles pour r\u00e9pondre \u00e0 vos besoins de contr\u00f4le.","robots":{"index":"index","follow":"follow","max-snippet":"max-snippet:-1","max-image-preview":"max-image-preview:large","max-video-preview":"max-video-preview:-1"},"canonical":"https:\/\/www.jyiele.com\/fr\/product\/cps-125-control-and-protection-switch\/","og_locale":"fr_FR","og_type":"article","og_title":"CPS-125 Control And Protection Switch Appliances Supplier - JYIELE","og_description":"The CPS-125 controls and protects switchgear, providing efficient and reliable power management solutions to ensure equipment safety and performance optimization. Suitable for a wide range of industrial applications to meet your control needs.","og_url":"https:\/\/www.jyiele.com\/fr\/product\/cps-125-control-and-protection-switch\/","og_site_name":"JYIELE","article_modified_time":"2025-03-09T11:41:15+00:00","og_image":[{"width":800,"height":800,"url":"https:\/\/www.jyiele.com\/wp-content\/uploads\/2024\/10\/CPS-125-Control-And-Protection-Switch.webp","type":"image\/webp"}],"twitter_card":"summary_large_image","twitter_misc":{"Dur\u00e9e de lecture estim\u00e9e":"1 minute"},"schema":{"@context":"https:\/\/schema.org","@graph":[{"@type":"WebPage","@id":"https:\/\/www.jyiele.com\/product\/cps-125-control-and-protection-switch\/","url":"https:\/\/www.jyiele.com\/product\/cps-125-control-and-protection-switch\/","name":"CPS-125 Interrupteur de commande et de protection Appareils \u00e9lectrom\u00e9nagers Fournisseur - JYIELE","isPartOf":{"@id":"https:\/\/www.jyiele.com\/#website"},"primaryImageOfPage":{"@id":"https:\/\/www.jyiele.com\/product\/cps-125-control-and-protection-switch\/#primaryimage"},"image":{"@id":"https:\/\/www.jyiele.com\/product\/cps-125-control-and-protection-switch\/#primaryimage"},"thumbnailUrl":"https:\/\/www.jyiele.com\/wp-content\/uploads\/2024\/10\/CPS-125-Control-And-Protection-Switch.webp","datePublished":"2023-10-27T06:12:07+00:00","dateModified":"2025-03-09T11:41:15+00:00","description":"Le CPS-125 contr\u00f4le et prot\u00e8ge les appareillages de commutation, en fournissant des solutions de gestion de l'\u00e9nergie efficaces et fiables pour garantir la s\u00e9curit\u00e9 des \u00e9quipements et l'optimisation des performances. Il convient \u00e0 une large gamme d'applications industrielles pour r\u00e9pondre \u00e0 vos besoins de contr\u00f4le.","breadcrumb":{"@id":"https:\/\/www.jyiele.com\/product\/cps-125-control-and-protection-switch\/#breadcrumb"},"inLanguage":"fr-FR","potentialAction":[{"@type":"ReadAction","target":["https:\/\/www.jyiele.com\/product\/cps-125-control-and-protection-switch\/"]}]},{"@type":"ImageObject","inLanguage":"fr-FR","@id":"https:\/\/www.jyiele.com\/product\/cps-125-control-and-protection-switch\/#primaryimage","url":"https:\/\/www.jyiele.com\/wp-content\/uploads\/2024\/10\/CPS-125-Control-And-Protection-Switch.webp","contentUrl":"https:\/\/www.jyiele.com\/wp-content\/uploads\/2024\/10\/CPS-125-Control-And-Protection-Switch.webp","width":800,"height":800,"caption":"CPS-125 Control And Protection Switch"},{"@type":"BreadcrumbList","@id":"https:\/\/www.jyiele.com\/product\/cps-125-control-and-protection-switch\/#breadcrumb","itemListElement":[{"@type":"ListItem","position":1,"name":"Home","item":"https:\/\/www.jyiele.com\/"},{"@type":"ListItem","position":2,"name":"Product","item":"https:\/\/www.jyiele.com\/product\/"},{"@type":"ListItem","position":3,"name":"CPS Control Protection Switch","item":"https:\/\/www.jyiele.com\/product-category\/cps-control-protection-switch\/"},{"@type":"ListItem","position":4,"name":"CPS-125 Control And Protection Switch Appliances"}]},{"@type":"WebSite","@id":"https:\/\/www.jyiele.com\/#website","url":"https:\/\/www.jyiele.com\/","name":"JYIELE","description":"Fabricant de disjoncteurs \u00e0 vide","publisher":{"@id":"https:\/\/www.jyiele.com\/#organization"},"potentialAction":[{"@type":"SearchAction","target":{"@type":"EntryPoint","urlTemplate":"https:\/\/www.jyiele.com\/?s={search_term_string}"},"query-input":{"@type":"PropertyValueSpecification","valueRequired":true,"valueName":"search_term_string"}}],"inLanguage":"fr-FR"},{"@type":"Organization","@id":"https:\/\/www.jyiele.com\/#organization","name":"JYIELE","url":"https:\/\/www.jyiele.com\/","logo":{"@type":"ImageObject","inLanguage":"fr-FR","@id":"https:\/\/www.jyiele.com\/#\/schema\/logo\/image\/","url":"https:\/\/www.jyiele.com\/wp-content\/uploads\/2024\/09\/cropped-jyele-1.webp","contentUrl":"https:\/\/www.jyiele.com\/wp-content\/uploads\/2024\/09\/cropped-jyele-1.webp","width":137,"height":60,"caption":"JYIELE"},"image":{"@id":"https:\/\/www.jyiele.com\/#\/schema\/logo\/image\/"}}]}},"_links":{"self":[{"href":"https:\/\/www.jyiele.com\/fr\/wp-json\/wp\/v2\/product\/2047","targetHints":{"allow":["GET"]}}],"collection":[{"href":"https:\/\/www.jyiele.com\/fr\/wp-json\/wp\/v2\/product"}],"about":[{"href":"https:\/\/www.jyiele.com\/fr\/wp-json\/wp\/v2\/types\/product"}],"version-history":[{"count":1,"href":"https:\/\/www.jyiele.com\/fr\/wp-json\/wp\/v2\/product\/2047\/revisions"}],"predecessor-version":[{"id":2051,"href":"https:\/\/www.jyiele.com\/fr\/wp-json\/wp\/v2\/product\/2047\/revisions\/2051"}],"wp:featuredmedia":[{"embeddable":true,"href":"https:\/\/www.jyiele.com\/fr\/wp-json\/wp\/v2\/media\/2048"}],"wp:attachment":[{"href":"https:\/\/www.jyiele.com\/fr\/wp-json\/wp\/v2\/media?parent=2047"}],"wp:term":[{"taxonomy":"product_brand","embeddable":true,"href":"https:\/\/www.jyiele.com\/fr\/wp-json\/wp\/v2\/product_brand?post=2047"},{"taxonomy":"product_cat","embeddable":true,"href":"https:\/\/www.jyiele.com\/fr\/wp-json\/wp\/v2\/product_cat?post=2047"},{"taxonomy":"product_tag","embeddable":true,"href":"https:\/\/www.jyiele.com\/fr\/wp-json\/wp\/v2\/product_tag?post=2047"}],"curies":[{"name":"wp","href":"https:\/\/api.w.org\/{rel}","templated":true}]}}