{"id":2057,"date":"2023-03-09T11:29:21","date_gmt":"2023-03-09T11:29:21","guid":{"rendered":"https:\/\/www.jy-electric.com\/?post_type=product&#038;p=2057"},"modified":"2025-03-09T11:41:06","modified_gmt":"2025-03-09T11:41:06","slug":"isolation-type-dual-power-ats-automatic-transfer-switch","status":"publish","type":"product","link":"https:\/\/www.jyiele.com\/fr\/product\/isolation-type-dual-power-ats-automatic-transfer-switch\/","title":{"rendered":"Commutateur de transfert automatique (ATS) \u00e0 double alimentation et de type isolation"},"content":{"rendered":"<h4 class=\"wp-block-heading\"><strong>Caract\u00e9ristiques du produit<\/strong><\/h4>\n<p>Dispositif de contr\u00f4le : contr\u00f4leur int\u00e9gr\u00e9<br \/>\nStructure du produit : petite taille, grand courant, structure simple, ATS int\u00e9gr\u00e9<br \/>\nCaract\u00e9ristiques : vitesse de commutation rapide, faible taux de d\u00e9faillance, maintenance ais\u00e9e, performances fiables.<br \/>\nM\u00e9thode de c\u00e2blage : c\u00e2blage frontal<br \/>\nMode de conversion : r\u00e9seau \u00e0 r\u00e9seau, r\u00e9seau \u00e0 g\u00e9n\u00e9rateur, commutation automatique et r\u00e9cup\u00e9ration automatique<br \/>\nCadre du produit : 100, 160, 250, 400, 630, 1000, 1250, 1600, 2000, 2500, 3200<br \/>\nCourant produit : 20, 32, 40, 63, 80, 100, 125, 160, 200, 225, 250, 315, 400, 500, 630, 800, 1000, 1250, 1600, 2000, 2500, 3200A<br \/>\nCat\u00e9gorie de produit : Disjoncteur Type d'interrupteur de charge<br \/>\nNombre de p\u00f4les product : 3, 4<br \/>\nNorme du produit : GB\/T14048.11<br \/>\nATSE : grade PC<\/p>\n<p><strong>Mod\u00e8le et signification<\/strong><\/p>\n<p>L'interrupteur peut \u00eatre enti\u00e8rement automatique, obligatoire (0), t\u00e9l\u00e9command\u00e9, manuel d'urgence ; il a \u00e9galement des fonctions d'examen et de protection de l'absence de phase, d'interverrouillage du m\u00e9canisme \u00e9lectrique, etc.<\/p>\n<h4 class=\"wp-block-heading\"><strong>Caract\u00e9ristiques du produit<\/strong><\/h4>\n<figure class=\"wp-block-table\">\n<div class=\"scroll\">\n<table>\n<tbody>\n<tr>\n<td>Type : Commutateur de transfert automatique<br \/>\nNombre de p\u00f4les : 3P\u30014P<br \/>\nTension nominale : 380V<br \/>\nCourbe BCD : C<br \/>\nFr\u00e9quence nominale : 50Hz<br \/>\nNom du produit : Commutateur de transfert automatique<br \/>\nCourant nominal : 630A<br \/>\nTension nominale : 400V<br \/>\nFr\u00e9quence nominale : 50 Hz<\/td>\n<td>Certificat : ISO9001,3C<br \/>\nCapacit\u00e9 nominale de connexion en cas de court-circuit : 26KA<br \/>\ntemps de transfert I-II ou II-I : 0,6S<br \/>\ntension de contr\u00f4le : AC220V<br \/>\nCourant nominal de courte dur\u00e9e (Icw) : 12,6kA\/60ms<br \/>\nUtilisation de la cat\u00e9gorie : AC-33B<br \/>\nLieu d'origine : Zhejiang, Chine, Chine<br \/>\nNum\u00e9ro de mod\u00e8le : CJQ3-400GA\/4P<br \/>\nUnit\u00e9s de vente : Article unique<\/td>\n<\/tr>\n<\/tbody>\n<\/table>\n<\/div><figcaption class=\"wp-element-caption\">\u25c6S\u00e9curit\u00e9 \u00e9lev\u00e9e : avec un contact composite \u00e0 double rang\u00e9e, un m\u00e9canisme d'ouverture et de fermeture \u00e0 tirage r\u00e9gulier, une technologie de pr\u00e9-stockage de l'\u00e9nergie du micro-moteur ainsi qu'une technologie de contr\u00f4le micro\u00e9lectronique, il peut en principe r\u00e9aliser l'absence d'embrasement (pas de chute d'arc).<br \/>\n\u25c6Adopter un verrouillage m\u00e9canique et \u00e9lectrique fiable<br \/>\n\u25c6 Gr\u00e2ce \u00e0 la technologie du passage \u00e0 z\u00e9ro, il peut \u00eatre mis \u00e0 z\u00e9ro obligatoirement en cas d'urgence (coupure synchrone de l'alimentation du double circuit).<br \/>\nGr\u00e2ce \u00e0 l'indication visible de la position marche\/arr\u00eat et \u00e0 la fonction de cadenassage, il est possible d'obtenir l'espace entre l'alimentation et la charge.<br \/>\n\u25c6Haute fiabilit\u00e9, dur\u00e9e de vie atteignant 8000 fois<br \/>\nLa compatibilit\u00e9 \u00e9lectromagn\u00e9tique sup\u00e9rieure, la forte capacit\u00e9 \u00e0 r\u00e9sister aux interf\u00e9rences et l'absence d'interf\u00e9rence avec l'ext\u00e9rieur sont autant d'atouts qui permettent au commutateur d'effectuer des transferts pr\u00e9cis, flexibles et en douceur.<br \/>\n\u25c6Le commutateur est dot\u00e9 d'une interface d'entr\u00e9e\/sortie multi-circuits qui permet de r\u00e9aliser la commande \u00e0 distance par PLC ainsi que l'automatisation du syst\u00e8me.<br \/>\nL'interrupteur ne n\u00e9cessite aucun \u00e9l\u00e9ment de contr\u00f4le externe.<br \/>\n\u25c6Aspect agr\u00e9able, petit volume, poids l\u00e9ger.<br \/>\n\u25c6Le produit est conforme aux normes suivantes : GB\/T 14048.11-2008\/IEC60947-6-1 Automatic Transfer Switching Equipment, GB\/T14048.3-2008\/IEC60947-1 Low-voltage Switchgear and Controlgear General Rules as well as GB\/14048.3-2008\/IEC60947-3 Low-voltage Switchgear and Controlgear-Low-voltage Switches, Disconnectors, Switch-disconnectors and Fuse-combination units.<\/figcaption><\/figure>\n<p><strong>Index technique<\/strong><\/p>\n<figure class=\"wp-block-table\">\n<div class=\"scroll\">\n<table>\n<tbody>\n<tr>\n<td>Courant de chauffage conventionnel<\/td>\n<td>16A,20A,25A,32A,40A,50A,63A,80A,100A<\/td>\n<\/tr>\n<tr>\n<td>Tension nominale d'isolation Ui<\/td>\n<td>690V<\/td>\n<\/tr>\n<tr>\n<td>Tension nominale de tenue \u00e0 l'impaction Uimp<\/td>\n<td>8KV<\/td>\n<\/tr>\n<tr>\n<td>Tension nominale de fonctionnement Ue<\/td>\n<td>AC440V<\/td>\n<\/tr>\n<tr>\n<td>Courant de travail nominal Ie<\/td>\n<td>16A,20A,25A,32A,40A,50A,63A,80A,100A<\/td>\n<\/tr>\n<tr>\n<td>Charger le caract\u00e8re<\/td>\n<td>AC33iB<\/td>\n<\/tr>\n<tr>\n<td>Capacit\u00e9 de production nominale<\/td>\n<td>10Ie<\/td>\n<\/tr>\n<tr>\n<td>Capacit\u00e9 de rupture nominale<\/td>\n<td>8Ie<\/td>\n<\/tr>\n<tr>\n<td>Courant de court-circuit limite nominal<\/td>\n<td>50KA<\/td>\n<\/tr>\n<tr>\n<td>Courant nominal de courte dur\u00e9e Ie<\/td>\n<td>7KA<\/td>\n<\/tr>\n<tr>\n<td>Temps de transfert II-I ou I-II<\/td>\n<td>2S<\/td>\n<\/tr>\n<tr>\n<td>Tension de l'alimentation de contr\u00f4le<\/td>\n<td>AC220V (autres tensions sur demande)<\/td>\n<\/tr>\n<tr>\n<td>Consommation d'\u00e9nergie du moteur<\/td>\n<td>40W<\/td>\n<\/tr>\n<tr>\n<td>Poids Kg 4P\u00f4les<\/td>\n<td>3.5<\/td>\n<\/tr>\n<\/tbody>\n<\/table>\n<\/div>\n<\/figure>\n<figure class=\"wp-block-table\">\n<div class=\"scroll\">\n<table>\n<tbody>\n<tr>\n<td colspan=\"2\">Courant de chauffage conventionnel<\/td>\n<td colspan=\"16\">100A,160A,250A,400A,630A,800A,1000A,1250A,1600A,2000A,2500A,3200A<\/td>\n<td colspan=\"2\"><\/td>\n<\/tr>\n<tr>\n<td colspan=\"2\">Tension nominale d'isolation Ui<\/td>\n<td colspan=\"16\">800V<\/td>\n<td colspan=\"2\"><\/td>\n<\/tr>\n<tr>\n<td colspan=\"2\">Tension nominale de tenue \u00e0 l'impaction Uimp<\/td>\n<td colspan=\"8\">8KV<\/td>\n<td colspan=\"8\">12KV<\/td>\n<td colspan=\"2\"><\/td>\n<\/tr>\n<tr>\n<td colspan=\"2\">Tension nominale de fonctionnement Ue<\/td>\n<td colspan=\"16\">AC440V<\/td>\n<td colspan=\"2\"><\/td>\n<\/tr>\n<tr>\n<td colspan=\"2\">Courant de travail nominal Ie<\/td>\n<td colspan=\"16\">125A,160A,250A,400A,630A,800A,1000A,1250A,1600A,2000A,2500A,3200A<\/td>\n<td colspan=\"2\"><\/td>\n<\/tr>\n<tr>\n<td colspan=\"2\">Charger le caract\u00e8re<\/td>\n<td colspan=\"16\">AC33iB<\/td>\n<td colspan=\"2\"><\/td>\n<\/tr>\n<tr>\n<td colspan=\"2\">Capacit\u00e9 de production nominale<\/td>\n<td colspan=\"3\">17KA<\/td>\n<td colspan=\"3\">25,2KA<\/td>\n<td colspan=\"10\">34KA<\/td>\n<td colspan=\"2\"><\/td>\n<\/tr>\n<tr>\n<td colspan=\"2\">Capacit\u00e9 de rupture nominale<\/td>\n<td colspan=\"16\"><\/td>\n<td colspan=\"2\"><\/td>\n<\/tr>\n<tr>\n<td colspan=\"2\">Courant de court-circuit limite nominal<\/td>\n<td colspan=\"7\">20KA<\/td>\n<td colspan=\"9\">50KA<\/td>\n<td colspan=\"2\"><\/td>\n<\/tr>\n<tr>\n<td colspan=\"2\">Courant nominal de courte dur\u00e9e Ie<\/td>\n<td colspan=\"3\">10KA<\/td>\n<td colspan=\"4\">12,6KA<\/td>\n<td colspan=\"9\">20KA<\/td>\n<td colspan=\"2\"><\/td>\n<\/tr>\n<tr>\n<td colspan=\"2\">Temps de transfert II-I ou I-II<\/td>\n<td colspan=\"7\">2S<\/td>\n<td colspan=\"9\">3S<\/td>\n<td colspan=\"2\"><\/td>\n<\/tr>\n<tr>\n<td colspan=\"2\">Tension de l'alimentation de contr\u00f4le<\/td>\n<td colspan=\"16\">AC220V (autres tensions sur demande)<\/td>\n<td colspan=\"2\"><\/td>\n<\/tr>\n<tr>\n<td rowspan=\"3\">Consommation d'\u00e9nergie du moteur<\/td>\n<td>D\u00e9marrage<\/td>\n<td>300W<\/td>\n<td colspan=\"3\">325W<\/td>\n<td colspan=\"3\">355W<\/td>\n<td colspan=\"2\">400W<\/td>\n<td colspan=\"4\">440W<\/td>\n<td colspan=\"3\">600W<\/td>\n<td colspan=\"2\"><\/td>\n<\/tr>\n<tr>\n<td rowspan=\"2\">Normal<\/td>\n<td rowspan=\"2\">355W<\/td>\n<td colspan=\"3\" rowspan=\"2\">362W<\/td>\n<td colspan=\"3\" rowspan=\"2\">374W<\/td>\n<td colspan=\"2\" rowspan=\"2\">390W<\/td>\n<td colspan=\"4\" rowspan=\"2\">398W<\/td>\n<td colspan=\"3\"><\/td>\n<td colspan=\"2\" rowspan=\"2\"><\/td>\n<\/tr>\n<tr>\n<td colspan=\"3\">120W<\/td>\n<\/tr>\n<tr>\n<td colspan=\"2\" rowspan=\"2\">Poids Kg 4P\u00f4les<\/td>\n<td>3<\/td>\n<td rowspan=\"2\">.8.8<\/td>\n<td colspan=\"2\">9<\/td>\n<td rowspan=\"2\">116.5<\/td>\n<td colspan=\"2\" rowspan=\"2\">17<\/td>\n<td colspan=\"3\" rowspan=\"2\">32<\/td>\n<td rowspan=\"2\">36<\/td>\n<td rowspan=\"2\">40<\/td>\n<td colspan=\"2\" rowspan=\"2\">49<\/td>\n<td rowspan=\"2\">95<\/td>\n<td colspan=\"2\" rowspan=\"2\">98<\/td>\n<td rowspan=\"2\">135<\/td>\n<\/tr>\n<\/tbody>\n<\/table>\n<\/div>\n<\/figure>","protected":false},"excerpt":{"rendered":"<p>Le commutateur de transfert automatique \u00e0 double puissance CJQ3 est un nouveau type de commutateur de transfert automatique qui comprend un commutateur et un contr\u00f4leur logique, ce qui permet de transformer la m\u00e9canique et l'\u00e9lectricit\u00e9 en un tout int\u00e9gr\u00e9. Il convient \u00e0 l'\u00e9quipement de distribution dans l'industrie et le commerce avec une tension d'isolation nominale jusqu'\u00e0 690V, une fr\u00e9quence nominale de 50Hz\/60Hz, une tension nominale de 380V, un courant de chauffage conventionnel jusqu'\u00e0 3200A. Il est utilis\u00e9 pour transf\u00e9rer automatiquement entre l'alimentation normale et l'alimentation de r\u00e9serve dans le syst\u00e8me d'alimentation ou pour transf\u00e9rer automatiquement et isoler en toute s\u00e9curit\u00e9 deux ensembles d'appareils de charge, etc. Il peut \u00eatre utilis\u00e9 dans les h\u00f4pitaux, les magasins, les banques, les immeubles, les mines de charbon, les t\u00e9l\u00e9communications, les mines de fer, les autoroutes, les a\u00e9roports, les conduites d'eau industrielles et les installations militaires, etc. Situation importante o\u00f9 l'alimentation \u00e9lectrique ne peut pas \u00eatre interrompue.<\/p>","protected":false},"featured_media":2061,"template":"","meta":{"site-sidebar-layout":"default","site-content-layout":"","ast-site-content-layout":"default","site-content-style":"default","site-sidebar-style":"default","ast-global-header-display":"","ast-banner-title-visibility":"","ast-main-header-display":"","ast-hfb-above-header-display":"","ast-hfb-below-header-display":"","ast-hfb-mobile-header-display":"","site-post-title":"","ast-breadcrumbs-content":"","ast-featured-img":"","footer-sml-layout":"","theme-transparent-header-meta":"default","adv-header-id-meta":"","stick-header-meta":"","header-above-stick-meta":"","header-main-stick-meta":"","header-below-stick-meta":"","astra-migrate-meta-layouts":"set","ast-page-background-enabled":"default","ast-page-background-meta":{"desktop":{"background-color":"var(--ast-global-color-4)","background-image":"","background-repeat":"repeat","background-position":"center center","background-size":"auto","background-attachment":"scroll","background-type":"","background-media":"","overlay-type":"","overlay-color":"","overlay-opacity":"","overlay-gradient":""},"tablet":{"background-color":"","background-image":"","background-repeat":"repeat","background-position":"center center","background-size":"auto","background-attachment":"scroll","background-type":"","background-media":"","overlay-type":"","overlay-color":"","overlay-opacity":"","overlay-gradient":""},"mobile":{"background-color":"","background-image":"","background-repeat":"repeat","background-position":"center center","background-size":"auto","background-attachment":"scroll","background-type":"","background-media":"","overlay-type":"","overlay-color":"","overlay-opacity":"","overlay-gradient":""}},"ast-content-background-meta":{"desktop":{"background-color":"var(--ast-global-color-5)","background-image":"","background-repeat":"repeat","background-position":"center center","background-size":"auto","background-attachment":"scroll","background-type":"","background-media":"","overlay-type":"","overlay-color":"","overlay-opacity":"","overlay-gradient":""},"tablet":{"background-color":"var(--ast-global-color-5)","background-image":"","background-repeat":"repeat","background-position":"center center","background-size":"auto","background-attachment":"scroll","background-type":"","background-media":"","overlay-type":"","overlay-color":"","overlay-opacity":"","overlay-gradient":""},"mobile":{"background-color":"var(--ast-global-color-5)","background-image":"","background-repeat":"repeat","background-position":"center center","background-size":"auto","background-attachment":"scroll","background-type":"","background-media":"","overlay-type":"","overlay-color":"","overlay-opacity":"","overlay-gradient":""}}},"product_brand":[],"product_cat":[24],"product_tag":[],"class_list":{"0":"post-2057","1":"product","2":"type-product","3":"status-publish","4":"has-post-thumbnail","6":"product_cat-dual-power-automatic-transfer-switch","7":"desktop-align-left","8":"tablet-align-left","9":"mobile-align-left","11":"first","12":"instock","13":"shipping-taxable","14":"product-type-simple"},"yoast_head":"<!-- This site is optimized with the Yoast SEO plugin v24.8.1 - https:\/\/yoast.com\/wordpress\/plugins\/seo\/ -->\n<title>Isolation Type Dual Power ATS Automatic Transfer Switch Manufacturer - JYIELE<\/title>\n<meta name=\"robots\" content=\"index, follow, max-snippet:-1, max-image-preview:large, max-video-preview:-1\" \/>\n<link rel=\"canonical\" href=\"https:\/\/www.jyiele.com\/fr\/product\/isolation-type-dual-power-ats-automatic-transfer-switch\/\" \/>\n<meta property=\"og:locale\" content=\"fr_FR\" \/>\n<meta property=\"og:type\" content=\"article\" \/>\n<meta property=\"og:title\" content=\"Isolation Type Dual Power ATS Automatic Transfer Switch Manufacturer - JYIELE\" \/>\n<meta property=\"og:description\" content=\"CJQ3 Dual Power Automatic Transfer Switch Series is a kind of new automatic transfer switch gathered with switch and logic controller\uff0cachieve mechanic and electricity turn into a integral whole. It is suitable for using in the distribution equipment in industry and business with rated insulating voltage up to 690V, rated frequency 50Hz\/60Hz, rated voltage 380V, conventional heating current up to 3200A ,it is used to transfer automatically between Normal power and reserve power in power system or transfer automatically and safety isolation of two sets load device etc. It can be used for hospital, shop, bank, high building, coal mine, telecommunication, iron mine, superhighway, airport, industrial flowing water line and military installation etc. Important situation where disallow power supply failure.\" \/>\n<meta property=\"og:url\" content=\"https:\/\/www.jyiele.com\/fr\/product\/isolation-type-dual-power-ats-automatic-transfer-switch\/\" \/>\n<meta property=\"og:site_name\" content=\"JYIELE\" \/>\n<meta property=\"article:modified_time\" content=\"2025-03-09T11:41:06+00:00\" \/>\n<meta property=\"og:image\" content=\"https:\/\/www.jyiele.com\/wp-content\/uploads\/2024\/10\/Isolation-Type-Dual-Power-ATS-Automatic-Transfer-Switch.webp\" \/>\n\t<meta property=\"og:image:width\" content=\"800\" \/>\n\t<meta property=\"og:image:height\" content=\"800\" \/>\n\t<meta property=\"og:image:type\" content=\"image\/webp\" \/>\n<meta name=\"twitter:card\" content=\"summary_large_image\" \/>\n<meta name=\"twitter:label1\" content=\"Dur\u00e9e de lecture estim\u00e9e\" \/>\n\t<meta name=\"twitter:data1\" content=\"3 minutes\" \/>\n<script type=\"application\/ld+json\" class=\"yoast-schema-graph\">{\"@context\":\"https:\/\/schema.org\",\"@graph\":[{\"@type\":\"WebPage\",\"@id\":\"https:\/\/www.jyiele.com\/product\/isolation-type-dual-power-ats-automatic-transfer-switch\/\",\"url\":\"https:\/\/www.jyiele.com\/product\/isolation-type-dual-power-ats-automatic-transfer-switch\/\",\"name\":\"Isolation Type Dual Power ATS Automatic Transfer Switch Manufacturer - JYIELE\",\"isPartOf\":{\"@id\":\"https:\/\/www.jyiele.com\/#website\"},\"primaryImageOfPage\":{\"@id\":\"https:\/\/www.jyiele.com\/product\/isolation-type-dual-power-ats-automatic-transfer-switch\/#primaryimage\"},\"image\":{\"@id\":\"https:\/\/www.jyiele.com\/product\/isolation-type-dual-power-ats-automatic-transfer-switch\/#primaryimage\"},\"thumbnailUrl\":\"https:\/\/www.jyiele.com\/wp-content\/uploads\/2024\/10\/Isolation-Type-Dual-Power-ATS-Automatic-Transfer-Switch.webp\",\"datePublished\":\"2023-03-09T11:29:21+00:00\",\"dateModified\":\"2025-03-09T11:41:06+00:00\",\"breadcrumb\":{\"@id\":\"https:\/\/www.jyiele.com\/product\/isolation-type-dual-power-ats-automatic-transfer-switch\/#breadcrumb\"},\"inLanguage\":\"fr-FR\",\"potentialAction\":[{\"@type\":\"ReadAction\",\"target\":[\"https:\/\/www.jyiele.com\/product\/isolation-type-dual-power-ats-automatic-transfer-switch\/\"]}]},{\"@type\":\"ImageObject\",\"inLanguage\":\"fr-FR\",\"@id\":\"https:\/\/www.jyiele.com\/product\/isolation-type-dual-power-ats-automatic-transfer-switch\/#primaryimage\",\"url\":\"https:\/\/www.jyiele.com\/wp-content\/uploads\/2024\/10\/Isolation-Type-Dual-Power-ATS-Automatic-Transfer-Switch.webp\",\"contentUrl\":\"https:\/\/www.jyiele.com\/wp-content\/uploads\/2024\/10\/Isolation-Type-Dual-Power-ATS-Automatic-Transfer-Switch.webp\",\"width\":800,\"height\":800,\"caption\":\"Isolation Type Dual Power ATS Automatic Transfer Switch\"},{\"@type\":\"BreadcrumbList\",\"@id\":\"https:\/\/www.jyiele.com\/product\/isolation-type-dual-power-ats-automatic-transfer-switch\/#breadcrumb\",\"itemListElement\":[{\"@type\":\"ListItem\",\"position\":1,\"name\":\"Home\",\"item\":\"https:\/\/www.jyiele.com\/\"},{\"@type\":\"ListItem\",\"position\":2,\"name\":\"Product\",\"item\":\"https:\/\/www.jyiele.com\/product\/\"},{\"@type\":\"ListItem\",\"position\":3,\"name\":\"Dual Power Automatic Transfer Switch\",\"item\":\"https:\/\/www.jyiele.com\/it\/categoria-prodotto\/dual-power-automatic-transfer-switch\/\"},{\"@type\":\"ListItem\",\"position\":4,\"name\":\"Isolation Type Dual Power ATS Automatic Transfer Switch\"}]},{\"@type\":\"WebSite\",\"@id\":\"https:\/\/www.jyiele.com\/#website\",\"url\":\"https:\/\/www.jyiele.com\/\",\"name\":\"JYIELE\",\"description\":\"Vacuum Circuit Breaker manufacturer\",\"publisher\":{\"@id\":\"https:\/\/www.jyiele.com\/#organization\"},\"potentialAction\":[{\"@type\":\"SearchAction\",\"target\":{\"@type\":\"EntryPoint\",\"urlTemplate\":\"https:\/\/www.jyiele.com\/?s={search_term_string}\"},\"query-input\":{\"@type\":\"PropertyValueSpecification\",\"valueRequired\":true,\"valueName\":\"search_term_string\"}}],\"inLanguage\":\"fr-FR\"},{\"@type\":\"Organization\",\"@id\":\"https:\/\/www.jyiele.com\/#organization\",\"name\":\"JYIELE\",\"url\":\"https:\/\/www.jyiele.com\/\",\"logo\":{\"@type\":\"ImageObject\",\"inLanguage\":\"fr-FR\",\"@id\":\"https:\/\/www.jyiele.com\/#\/schema\/logo\/image\/\",\"url\":\"https:\/\/www.jyiele.com\/wp-content\/uploads\/2024\/09\/cropped-jyele-1.webp\",\"contentUrl\":\"https:\/\/www.jyiele.com\/wp-content\/uploads\/2024\/09\/cropped-jyele-1.webp\",\"width\":137,\"height\":60,\"caption\":\"JYIELE\"},\"image\":{\"@id\":\"https:\/\/www.jyiele.com\/#\/schema\/logo\/image\/\"}}]}<\/script>\n<!-- \/ Yoast SEO plugin. -->","yoast_head_json":{"title":"Commutateur de transfert automatique \u00e0 double alimentation de type isolation - JYIELE","robots":{"index":"index","follow":"follow","max-snippet":"max-snippet:-1","max-image-preview":"max-image-preview:large","max-video-preview":"max-video-preview:-1"},"canonical":"https:\/\/www.jyiele.com\/fr\/product\/isolation-type-dual-power-ats-automatic-transfer-switch\/","og_locale":"fr_FR","og_type":"article","og_title":"Isolation Type Dual Power ATS Automatic Transfer Switch Manufacturer - JYIELE","og_description":"CJQ3 Dual Power Automatic Transfer Switch Series is a kind of new automatic transfer switch gathered with switch and logic controller\uff0cachieve mechanic and electricity turn into a integral whole. It is suitable for using in the distribution equipment in industry and business with rated insulating voltage up to 690V, rated frequency 50Hz\/60Hz, rated voltage 380V, conventional heating current up to 3200A ,it is used to transfer automatically between Normal power and reserve power in power system or transfer automatically and safety isolation of two sets load device etc. It can be used for hospital, shop, bank, high building, coal mine, telecommunication, iron mine, superhighway, airport, industrial flowing water line and military installation etc. Important situation where disallow power supply failure.","og_url":"https:\/\/www.jyiele.com\/fr\/product\/isolation-type-dual-power-ats-automatic-transfer-switch\/","og_site_name":"JYIELE","article_modified_time":"2025-03-09T11:41:06+00:00","og_image":[{"width":800,"height":800,"url":"https:\/\/www.jyiele.com\/wp-content\/uploads\/2024\/10\/Isolation-Type-Dual-Power-ATS-Automatic-Transfer-Switch.webp","type":"image\/webp"}],"twitter_card":"summary_large_image","twitter_misc":{"Dur\u00e9e de lecture estim\u00e9e":"3 minutes"},"schema":{"@context":"https:\/\/schema.org","@graph":[{"@type":"WebPage","@id":"https:\/\/www.jyiele.com\/product\/isolation-type-dual-power-ats-automatic-transfer-switch\/","url":"https:\/\/www.jyiele.com\/product\/isolation-type-dual-power-ats-automatic-transfer-switch\/","name":"Commutateur de transfert automatique \u00e0 double alimentation de type isolation - JYIELE","isPartOf":{"@id":"https:\/\/www.jyiele.com\/#website"},"primaryImageOfPage":{"@id":"https:\/\/www.jyiele.com\/product\/isolation-type-dual-power-ats-automatic-transfer-switch\/#primaryimage"},"image":{"@id":"https:\/\/www.jyiele.com\/product\/isolation-type-dual-power-ats-automatic-transfer-switch\/#primaryimage"},"thumbnailUrl":"https:\/\/www.jyiele.com\/wp-content\/uploads\/2024\/10\/Isolation-Type-Dual-Power-ATS-Automatic-Transfer-Switch.webp","datePublished":"2023-03-09T11:29:21+00:00","dateModified":"2025-03-09T11:41:06+00:00","breadcrumb":{"@id":"https:\/\/www.jyiele.com\/product\/isolation-type-dual-power-ats-automatic-transfer-switch\/#breadcrumb"},"inLanguage":"fr-FR","potentialAction":[{"@type":"ReadAction","target":["https:\/\/www.jyiele.com\/product\/isolation-type-dual-power-ats-automatic-transfer-switch\/"]}]},{"@type":"ImageObject","inLanguage":"fr-FR","@id":"https:\/\/www.jyiele.com\/product\/isolation-type-dual-power-ats-automatic-transfer-switch\/#primaryimage","url":"https:\/\/www.jyiele.com\/wp-content\/uploads\/2024\/10\/Isolation-Type-Dual-Power-ATS-Automatic-Transfer-Switch.webp","contentUrl":"https:\/\/www.jyiele.com\/wp-content\/uploads\/2024\/10\/Isolation-Type-Dual-Power-ATS-Automatic-Transfer-Switch.webp","width":800,"height":800,"caption":"Isolation Type Dual Power ATS Automatic Transfer Switch"},{"@type":"BreadcrumbList","@id":"https:\/\/www.jyiele.com\/product\/isolation-type-dual-power-ats-automatic-transfer-switch\/#breadcrumb","itemListElement":[{"@type":"ListItem","position":1,"name":"Home","item":"https:\/\/www.jyiele.com\/"},{"@type":"ListItem","position":2,"name":"Product","item":"https:\/\/www.jyiele.com\/product\/"},{"@type":"ListItem","position":3,"name":"Dual Power Automatic Transfer Switch","item":"https:\/\/www.jyiele.com\/it\/categoria-prodotto\/dual-power-automatic-transfer-switch\/"},{"@type":"ListItem","position":4,"name":"Isolation Type Dual Power ATS Automatic Transfer Switch"}]},{"@type":"WebSite","@id":"https:\/\/www.jyiele.com\/#website","url":"https:\/\/www.jyiele.com\/","name":"JYIELE","description":"Fabricant de disjoncteurs \u00e0 vide","publisher":{"@id":"https:\/\/www.jyiele.com\/#organization"},"potentialAction":[{"@type":"SearchAction","target":{"@type":"EntryPoint","urlTemplate":"https:\/\/www.jyiele.com\/?s={search_term_string}"},"query-input":{"@type":"PropertyValueSpecification","valueRequired":true,"valueName":"search_term_string"}}],"inLanguage":"fr-FR"},{"@type":"Organization","@id":"https:\/\/www.jyiele.com\/#organization","name":"JYIELE","url":"https:\/\/www.jyiele.com\/","logo":{"@type":"ImageObject","inLanguage":"fr-FR","@id":"https:\/\/www.jyiele.com\/#\/schema\/logo\/image\/","url":"https:\/\/www.jyiele.com\/wp-content\/uploads\/2024\/09\/cropped-jyele-1.webp","contentUrl":"https:\/\/www.jyiele.com\/wp-content\/uploads\/2024\/09\/cropped-jyele-1.webp","width":137,"height":60,"caption":"JYIELE"},"image":{"@id":"https:\/\/www.jyiele.com\/#\/schema\/logo\/image\/"}}]}},"_links":{"self":[{"href":"https:\/\/www.jyiele.com\/fr\/wp-json\/wp\/v2\/product\/2057","targetHints":{"allow":["GET"]}}],"collection":[{"href":"https:\/\/www.jyiele.com\/fr\/wp-json\/wp\/v2\/product"}],"about":[{"href":"https:\/\/www.jyiele.com\/fr\/wp-json\/wp\/v2\/types\/product"}],"version-history":[{"count":1,"href":"https:\/\/www.jyiele.com\/fr\/wp-json\/wp\/v2\/product\/2057\/revisions"}],"predecessor-version":[{"id":2062,"href":"https:\/\/www.jyiele.com\/fr\/wp-json\/wp\/v2\/product\/2057\/revisions\/2062"}],"wp:featuredmedia":[{"embeddable":true,"href":"https:\/\/www.jyiele.com\/fr\/wp-json\/wp\/v2\/media\/2061"}],"wp:attachment":[{"href":"https:\/\/www.jyiele.com\/fr\/wp-json\/wp\/v2\/media?parent=2057"}],"wp:term":[{"taxonomy":"product_brand","embeddable":true,"href":"https:\/\/www.jyiele.com\/fr\/wp-json\/wp\/v2\/product_brand?post=2057"},{"taxonomy":"product_cat","embeddable":true,"href":"https:\/\/www.jyiele.com\/fr\/wp-json\/wp\/v2\/product_cat?post=2057"},{"taxonomy":"product_tag","embeddable":true,"href":"https:\/\/www.jyiele.com\/fr\/wp-json\/wp\/v2\/product_tag?post=2057"}],"curies":[{"name":"wp","href":"https:\/\/api.w.org\/{rel}","templated":true}]}}