{"id":2063,"date":"2024-10-15T09:43:04","date_gmt":"2024-10-15T09:43:04","guid":{"rendered":"https:\/\/www.jy-electric.com\/?post_type=product&#038;p=2063"},"modified":"2025-03-09T11:35:41","modified_gmt":"2025-03-09T11:35:41","slug":"4p-double-power-automatic-transfer-switch","status":"publish","type":"product","link":"https:\/\/www.jyiele.com\/fr\/product\/4p-double-power-automatic-transfer-switch\/","title":{"rendered":"Commutateur de transfert automatique de haute qualit\u00e9 ATSQ2 Series 4P Intelligent Double Power"},"content":{"rendered":"<h4 class=\"wp-block-heading\"><strong>Caract\u00e9ristiques du produit<\/strong><\/h4>\n<p>Accessoires internes : d\u00e9clencheur \u00e0 \u00e9mission, d\u00e9clencheur \u00e0 minimum de tension, contacts auxiliaires, contacts d'alarme<br \/>\nFonction du produit : interrupteur automatique, protection contre les surcharges et les courts-circuits, etc.<br \/>\nPerformance du produit : Le d\u00e9lai de commutation est r\u00e9glable et le temps d'action est pr\u00e9cis.<br \/>\nUtilisation du produit : m\u00e9tallurgie, construction, arm\u00e9e et autres cas de charge bidirectionnelle<br \/>\nStructure du produit : petite taille, structure compacte, arc court, forte rupture<br \/>\nCadre du produit : 63, 100, 225, 250, 400, 630, 800, 1250<br \/>\nCourant du produit : 6A-1250A<br \/>\nNombre de p\u00f4les product : 3, 4<br \/>\nNorme du produit : IEC60947-6, GB14048.11<br \/>\nATSE : Classe CB<\/p>\n<figure class=\"wp-block-table\">\n<div class=\"scroll\">\n<table>\n<tbody>\n<tr>\n<td>Num\u00e9ro de mod\u00e8le : CJQ2<br \/>\nCourant max. Courant : 12500A<br \/>\nTension max. Tension : 400V<br \/>\nNom du produit : Commutateur de transfert automatique intelligent \u00e0 double puissance<br \/>\nCourant nominal : 6~1250A<br \/>\nP\u00f4les : 3P\/4P<br \/>\nGarantie : 1 an<br \/>\nMat\u00e9riau : Classe CB<\/td>\n<td>Poign\u00e9e : OUI<br \/>\nOEM : Oui<br \/>\nType : Disjoncteur \u00e0 bo\u00eetier moul\u00e9<br \/>\nEmballage : Emballage standard pour l'exportation<br \/>\nExpress : DHL, TNT, EMS, FEDEX ou selon votre demande.<br \/>\nCertification : CE<br \/>\nSi l'intelligent : Oui<br \/>\nLieu d'origine : Zhejiang, Chine<\/td>\n<\/tr>\n<\/tbody>\n<\/table>\n<\/div>\n<\/figure>\n<h4 class=\"wp-block-heading\"><strong>Mod\u00e8le<\/strong><\/h4>\n<figure class=\"wp-block-table\">\n<div class=\"scroll\">\n<table>\n<tbody>\n<tr>\n<td rowspan=\"7\">Mod\u00e8le:ATSQ2\u25a1-\u25a1\/\u25a1\u25a1\u25a1<\/td>\n<td>ATS<\/td>\n<td>Commutateur de transfert automatique<\/td>\n<\/tr>\n<tr>\n<td>Q<\/td>\n<td>Niveau CB<\/td>\n<\/tr>\n<tr>\n<td>2<\/td>\n<td>S\u00e9quence de conception<\/td>\n<\/tr>\n<tr>\n<td>\u25a1<\/td>\n<td>(R)Conversion et r\u00e9cup\u00e9ration automatique(S)Conversion et r\u00e9cup\u00e9ration non automatique(F) Le r\u00e9seau vers le g\u00e9n\u00e9rateur<\/td>\n<\/tr>\n<tr>\n<td>\u25a1<\/td>\n<td>Courant maximum<\/td>\n<\/tr>\n<tr>\n<td>\u25a1<\/td>\n<td>P\u00f4les : 3P\u30014P<\/td>\n<\/tr>\n<tr>\n<td>\u25a1<\/td>\n<td>Courant nominal<\/td>\n<\/tr>\n<\/tbody>\n<\/table>\n<\/div>\n<\/figure>\n<div class=\"wp-block-media-text is-stacked-on-mobile\">\n<figure class=\"wp-block-media-text__media\"><img fetchpriority=\"high\" decoding=\"async\" class=\"alignnone size-medium wp-image-2065\" src=\"https:\/\/www.jy-electric.com\/wp-content\/uploads\/2024\/10\/4P-Double-Power-Automatic-Transfer-SwitchS-300x211.webp\" alt=\"Commutateur de transfert automatique 4P double puissance\" width=\"300\" height=\"211\" srcset=\"https:\/\/www.jyiele.com\/wp-content\/uploads\/2024\/10\/4P-Double-Power-Automatic-Transfer-SwitchS-300x211.webp 300w, https:\/\/www.jyiele.com\/wp-content\/uploads\/2024\/10\/4P-Double-Power-Automatic-Transfer-SwitchS-18x12.webp 18w, https:\/\/www.jyiele.com\/wp-content\/uploads\/2024\/10\/4P-Double-Power-Automatic-Transfer-SwitchS.webp 389w\" sizes=\"(max-width: 300px) 100vw, 300px\" \/><\/figure>\n<div class=\"wp-block-media-text__content\">\n<p>1\u3001L'\u00e9cran LCD<br \/>\n2\u3001Setting<br \/>\n3\u3001Bouton de changement de vitesse droit<br \/>\n4\u3001Augmentation de valeur<br \/>\n5\u3001Valeur Diminution\/Alarme<br \/>\n6\u3001Manuel<br \/>\n7\u3001Auto<br \/>\n8\u3001Les deux sont \u00e9teints<\/p>\n<\/div>\n<\/div>\n<h4 class=\"wp-block-heading\"><strong>Aper\u00e7u<\/strong><\/h4>\n<figure class=\"wp-block-image size-full\"><img decoding=\"async\" class=\"alignnone size-medium wp-image-2066\" src=\"https:\/\/www.jy-electric.com\/wp-content\/uploads\/2024\/10\/4P-Intelligent-Double-Power-Automatic-Transfer-Switch-2-300x110.webp\" alt=\"Commutateur de transfert automatique double puissance intelligent 4P 2\" width=\"300\" height=\"110\" srcset=\"https:\/\/www.jyiele.com\/wp-content\/uploads\/2024\/10\/4P-Intelligent-Double-Power-Automatic-Transfer-Switch-2-300x110.webp 300w, https:\/\/www.jyiele.com\/wp-content\/uploads\/2024\/10\/4P-Intelligent-Double-Power-Automatic-Transfer-Switch-2-768x282.webp 768w, https:\/\/www.jyiele.com\/wp-content\/uploads\/2024\/10\/4P-Intelligent-Double-Power-Automatic-Transfer-Switch-2-18x7.webp 18w, https:\/\/www.jyiele.com\/wp-content\/uploads\/2024\/10\/4P-Intelligent-Double-Power-Automatic-Transfer-Switch-2-600x220.webp 600w, https:\/\/www.jyiele.com\/wp-content\/uploads\/2024\/10\/4P-Intelligent-Double-Power-Automatic-Transfer-Switch-2.webp 872w\" sizes=\"(max-width: 300px) 100vw, 300px\" \/><\/figure>\n<h4 class=\"wp-block-heading\"><strong>Mod\u00e8le de produit<\/strong><\/h4>\n<figure class=\"wp-block-table\">\n<div class=\"scroll\">\n<table>\n<tbody>\n<tr>\n<td>Mod\u00e8le<\/td>\n<td>Actuel<\/td>\n<td>Unit\u00e9<\/td>\n<\/tr>\n<tr>\n<td>ATSQ2M-63\/3P<\/td>\n<td>63A<\/td>\n<td>1 PC<\/td>\n<\/tr>\n<tr>\n<td>ATSQ2M-63\/4P<\/td>\n<td>63A<\/td>\n<td>1 PC<\/td>\n<\/tr>\n<tr>\n<td>ATSQ2M-100\/3P<\/td>\n<td>16-100A<\/td>\n<td>1 PC<\/td>\n<\/tr>\n<tr>\n<td>ATSQ2M-100\/4P<\/td>\n<td>16-100A<\/td>\n<td>1 PC<\/td>\n<\/tr>\n<tr>\n<td>ATSQ2M-225\/3P<\/td>\n<td>100-225A<\/td>\n<td>1 PC<\/td>\n<\/tr>\n<tr>\n<td>ATSQ2M-225\/4P<\/td>\n<td>100-225A<\/td>\n<td>1 PC<\/td>\n<\/tr>\n<tr>\n<td>ATSQ2M-400\/3P<\/td>\n<td>225-400A<\/td>\n<td>1 PC<\/td>\n<\/tr>\n<tr>\n<td>ATSQ2M-400\/4P<\/td>\n<td>225-400A<\/td>\n<td>1 PC<\/td>\n<\/tr>\n<tr>\n<td>ATSQ2M-630\/3P<\/td>\n<td>400-630A<\/td>\n<td>1 PC<\/td>\n<\/tr>\n<tr>\n<td>ATSQ2M-630\/4P<\/td>\n<td>400-630A<\/td>\n<td>1 PC<\/td>\n<\/tr>\n<tr>\n<td>ATSQ2M-800\/3P<\/td>\n<td>630-800A<\/td>\n<td>1 PC<\/td>\n<\/tr>\n<tr>\n<td>ATSQ2M-800\/4P<\/td>\n<td>630-800A<\/td>\n<td>1 PC<\/td>\n<\/tr>\n<tr>\n<td>ATSQ2M-1000\/4P<\/td>\n<td>1000A<\/td>\n<td>1 PC<\/td>\n<\/tr>\n<\/tbody>\n<\/table>\n<\/div>\n<\/figure>\n<h4 class=\"wp-block-heading\"><strong>Conditions normales de fonctionnement et de montage<\/strong><\/h4>\n<p>1. l'altitude de l'installation ne d\u00e9passe pas 2000 m\u00e8tres.<br \/>\n2. la limite sup\u00e9rieure de la temp\u00e9rature ambiante ne d\u00e9passe pas +40\u00b0C, la limite inf\u00e9rieure n'est pas inf\u00e9rieure \u00e0 -5\u00b0C, la moyenne sur 24 heures ne d\u00e9passe pas +35\u00b0C.<br \/>\n3. l'humidit\u00e9 relative atmosph\u00e9rique dans l'air ambiant \u00e0 une temp\u00e9rature de + 40 \u00b0C ne d\u00e9passe pas 50%, \u00e0 des temp\u00e9ratures plus basses, l'humidit\u00e9 peut \u00eatre plus \u00e9lev\u00e9e, la condensation products doit tenir compte de la surface de la variation de l'humidit\u00e9.<br \/>\n4. pas de milieu explosif, le milieu ne suffit pas \u00e0 corroder et \u00e0 endommager l'isolation du gaz et de la poussi\u00e8re.<br \/>\n5. pas de secousses et de vibrations significatives<\/p>\n<h4 class=\"wp-block-heading\"><strong>Application<\/strong><\/h4>\n<p>Interrupteur automatique de puissance (ci-apr\u00e8s d\u00e9nomm\u00e9 interrupteur) pour AC 50Hz, tension de travail nominale 380V, courant nominal 63A-1250A syst\u00e8me d'alimentation double, avec op\u00e9ration automatique ou manuelle compl\u00e8te le transfert de l'alimentation commune et de l'alimentation de secours. L'interrupteur est principalement utilis\u00e9 pour les occasions importantes, les h\u00f4pitaux, les magasins, les banques, l'industrie chimique, la m\u00e9tallurgie, les immeubles de grande hauteur, les installations militaires, etc.<br \/>\nStructure de base<br \/>\nL'interrupteur automatique de puissance est principalement compos\u00e9 d'un convertisseur de puissance et d'un disjoncteur. L'utilisateur peut choisir entre trois positions de commutation : l'alimentation commune (N) ensemble, deux points, l'alimentation de secours (R) ensemble, l'interrupteur est de petite taille, l\u00e9ger, stable et facile \u00e0 utiliser, etc.<\/p>\n<p>[wpforms id=\"1930\u2033 title=\"true\"]<\/p>","protected":false},"excerpt":{"rendered":"<p>Le commutateur de transfert automatique CJQ2 \u00e0 double alimentation (ci-apr\u00e8s d\u00e9nomm\u00e9 A.T.S.) pour 50Hz \/ 60Hz, la tension de fonctionnement nominale est de 380V (3P, 4P), et le courant nominal est de 10A~1250A (syst\u00e8me d'alimentation \u00e0 double boucle). Il peut convertir automatiquement l'alimentation normale et l'alimentation invers\u00e9e pour garantir la fiabilit\u00e9 de l'alimentation, principalement pour les immeubles de grande hauteur, les centres commerciaux, les pompes \u00e0 incendie, les ventilateurs de fum\u00e9e, les ascenseurs, les pompes \u00e0 eau, l'\u00e9clairage en cas d'accident et d'autres lieux.<\/p>\n<p>&nbsp;<\/p>","protected":false},"featured_media":2064,"template":"","meta":{"site-sidebar-layout":"no-sidebar","site-content-layout":"","ast-site-content-layout":"default","site-content-style":"unboxed","site-sidebar-style":"default","ast-global-header-display":"","ast-banner-title-visibility":"","ast-main-header-display":"","ast-hfb-above-header-display":"","ast-hfb-below-header-display":"","ast-hfb-mobile-header-display":"","site-post-title":"","ast-breadcrumbs-content":"","ast-featured-img":"","footer-sml-layout":"","ast-disable-related-posts":"","theme-transparent-header-meta":"default","adv-header-id-meta":"","stick-header-meta":"","header-above-stick-meta":"","header-main-stick-meta":"","header-below-stick-meta":"","astra-migrate-meta-layouts":"set","ast-page-background-enabled":"default","ast-page-background-meta":{"desktop":{"background-color":"var(--ast-global-color-4)","background-image":"","background-repeat":"repeat","background-position":"center center","background-size":"auto","background-attachment":"scroll","background-type":"","background-media":"","overlay-type":"","overlay-color":"","overlay-opacity":"","overlay-gradient":""},"tablet":{"background-color":"","background-image":"","background-repeat":"repeat","background-position":"center center","background-size":"auto","background-attachment":"scroll","background-type":"","background-media":"","overlay-type":"","overlay-color":"","overlay-opacity":"","overlay-gradient":""},"mobile":{"background-color":"","background-image":"","background-repeat":"repeat","background-position":"center center","background-size":"auto","background-attachment":"scroll","background-type":"","background-media":"","overlay-type":"","overlay-color":"","overlay-opacity":"","overlay-gradient":""}},"ast-content-background-meta":{"desktop":{"background-color":"var(--ast-global-color-5)","background-image":"","background-repeat":"repeat","background-position":"center center","background-size":"auto","background-attachment":"scroll","background-type":"","background-media":"","overlay-type":"","overlay-color":"","overlay-opacity":"","overlay-gradient":""},"tablet":{"background-color":"var(--ast-global-color-5)","background-image":"","background-repeat":"repeat","background-position":"center center","background-size":"auto","background-attachment":"scroll","background-type":"","background-media":"","overlay-type":"","overlay-color":"","overlay-opacity":"","overlay-gradient":""},"mobile":{"background-color":"var(--ast-global-color-5)","background-image":"","background-repeat":"repeat","background-position":"center center","background-size":"auto","background-attachment":"scroll","background-type":"","background-media":"","overlay-type":"","overlay-color":"","overlay-opacity":"","overlay-gradient":""}}},"product_brand":[],"product_cat":[24,27],"product_tag":[],"class_list":{"0":"post-2063","1":"product","2":"type-product","3":"status-publish","4":"has-post-thumbnail","6":"product_cat-dual-power-automatic-transfer-switch","7":"product_cat-other","8":"desktop-align-left","9":"tablet-align-left","10":"mobile-align-left","12":"first","13":"instock","14":"shipping-taxable","15":"product-type-simple"},"yoast_head":"<!-- This site is optimized with the Yoast SEO plugin v24.8.1 - https:\/\/yoast.com\/wordpress\/plugins\/seo\/ -->\n<title>High Quality ATSQ2 Series 4P Intelligent Double Power Automatic Transfer Switch - JYIELE<\/title>\n<meta name=\"robots\" content=\"index, follow, max-snippet:-1, max-image-preview:large, max-video-preview:-1\" \/>\n<link rel=\"canonical\" href=\"https:\/\/www.jyiele.com\/fr\/product\/4p-double-power-automatic-transfer-switch\/\" \/>\n<meta property=\"og:locale\" content=\"fr_FR\" \/>\n<meta property=\"og:type\" content=\"article\" \/>\n<meta property=\"og:title\" content=\"High Quality ATSQ2 Series 4P Intelligent Double Power Automatic Transfer Switch - JYIELE\" \/>\n<meta property=\"og:description\" content=\"CJQ2 dual power automatic transfer switch (hereinafter referred to as A.T.S) for 50Hz \/ 60Hz, the rated operating voltage is 380V (3P, 4P), and the rated current is 10A~1250A (double loop power supply system). It can convert the normal power and reversed power automatically to ensure the reliability of the power, mainly for high -rise buildings, shopping malls, fire pumps, smoke fans, elevators, life water pumps, accident lighting and other places.  &nbsp;\" \/>\n<meta property=\"og:url\" content=\"https:\/\/www.jyiele.com\/fr\/product\/4p-double-power-automatic-transfer-switch\/\" \/>\n<meta property=\"og:site_name\" content=\"JYIELE\" \/>\n<meta property=\"article:modified_time\" content=\"2025-03-09T11:35:41+00:00\" \/>\n<meta property=\"og:image\" content=\"https:\/\/www.jyiele.com\/wp-content\/uploads\/2024\/10\/4P-Double-Power-Automatic-Transfer-Switch.webp\" \/>\n\t<meta property=\"og:image:width\" content=\"800\" \/>\n\t<meta property=\"og:image:height\" content=\"800\" \/>\n\t<meta property=\"og:image:type\" content=\"image\/webp\" \/>\n<meta name=\"twitter:card\" content=\"summary_large_image\" \/>\n<meta name=\"twitter:label1\" content=\"Dur\u00e9e de lecture estim\u00e9e\" \/>\n\t<meta name=\"twitter:data1\" content=\"3 minutes\" \/>\n<script type=\"application\/ld+json\" class=\"yoast-schema-graph\">{\"@context\":\"https:\/\/schema.org\",\"@graph\":[{\"@type\":\"WebPage\",\"@id\":\"https:\/\/www.jyiele.com\/it\/prodotto\/4p-double-power-automatic-transfer-switch\/\",\"url\":\"https:\/\/www.jyiele.com\/it\/prodotto\/4p-double-power-automatic-transfer-switch\/\",\"name\":\"High Quality ATSQ2 Series 4P Intelligent Double Power Automatic Transfer Switch - JYIELE\",\"isPartOf\":{\"@id\":\"https:\/\/www.jyiele.com\/#website\"},\"primaryImageOfPage\":{\"@id\":\"https:\/\/www.jyiele.com\/it\/prodotto\/4p-double-power-automatic-transfer-switch\/#primaryimage\"},\"image\":{\"@id\":\"https:\/\/www.jyiele.com\/it\/prodotto\/4p-double-power-automatic-transfer-switch\/#primaryimage\"},\"thumbnailUrl\":\"https:\/\/www.jyiele.com\/wp-content\/uploads\/2024\/10\/4P-Double-Power-Automatic-Transfer-Switch.webp\",\"datePublished\":\"2024-10-15T09:43:04+00:00\",\"dateModified\":\"2025-03-09T11:35:41+00:00\",\"breadcrumb\":{\"@id\":\"https:\/\/www.jyiele.com\/it\/prodotto\/4p-double-power-automatic-transfer-switch\/#breadcrumb\"},\"inLanguage\":\"fr-FR\",\"potentialAction\":[{\"@type\":\"ReadAction\",\"target\":[\"https:\/\/www.jyiele.com\/it\/prodotto\/4p-double-power-automatic-transfer-switch\/\"]}]},{\"@type\":\"ImageObject\",\"inLanguage\":\"fr-FR\",\"@id\":\"https:\/\/www.jyiele.com\/it\/prodotto\/4p-double-power-automatic-transfer-switch\/#primaryimage\",\"url\":\"https:\/\/www.jyiele.com\/wp-content\/uploads\/2024\/10\/4P-Double-Power-Automatic-Transfer-Switch.webp\",\"contentUrl\":\"https:\/\/www.jyiele.com\/wp-content\/uploads\/2024\/10\/4P-Double-Power-Automatic-Transfer-Switch.webp\",\"width\":800,\"height\":800,\"caption\":\"4P Double Power Automatic Transfer Switch\"},{\"@type\":\"BreadcrumbList\",\"@id\":\"https:\/\/www.jyiele.com\/it\/prodotto\/4p-double-power-automatic-transfer-switch\/#breadcrumb\",\"itemListElement\":[{\"@type\":\"ListItem\",\"position\":1,\"name\":\"Home\",\"item\":\"https:\/\/www.jyiele.com\/\"},{\"@type\":\"ListItem\",\"position\":2,\"name\":\"Product\",\"item\":\"https:\/\/www.jyiele.com\/product\/\"},{\"@type\":\"ListItem\",\"position\":3,\"name\":\"Dual Power Automatic Transfer Switch\",\"item\":\"https:\/\/www.jyiele.com\/it\/categoria-prodotto\/dual-power-automatic-transfer-switch\/\"},{\"@type\":\"ListItem\",\"position\":4,\"name\":\"High Quality ATSQ2 Series 4P Intelligent Double Power Automatic Transfer Switch\"}]},{\"@type\":\"WebSite\",\"@id\":\"https:\/\/www.jyiele.com\/#website\",\"url\":\"https:\/\/www.jyiele.com\/\",\"name\":\"JYIELE\",\"description\":\"Vacuum Circuit Breaker manufacturer\",\"publisher\":{\"@id\":\"https:\/\/www.jyiele.com\/#organization\"},\"potentialAction\":[{\"@type\":\"SearchAction\",\"target\":{\"@type\":\"EntryPoint\",\"urlTemplate\":\"https:\/\/www.jyiele.com\/?s={search_term_string}\"},\"query-input\":{\"@type\":\"PropertyValueSpecification\",\"valueRequired\":true,\"valueName\":\"search_term_string\"}}],\"inLanguage\":\"fr-FR\"},{\"@type\":\"Organization\",\"@id\":\"https:\/\/www.jyiele.com\/#organization\",\"name\":\"JYIELE\",\"url\":\"https:\/\/www.jyiele.com\/\",\"logo\":{\"@type\":\"ImageObject\",\"inLanguage\":\"fr-FR\",\"@id\":\"https:\/\/www.jyiele.com\/#\/schema\/logo\/image\/\",\"url\":\"https:\/\/www.jyiele.com\/wp-content\/uploads\/2024\/09\/cropped-jyele-1.webp\",\"contentUrl\":\"https:\/\/www.jyiele.com\/wp-content\/uploads\/2024\/09\/cropped-jyele-1.webp\",\"width\":137,\"height\":60,\"caption\":\"JYIELE\"},\"image\":{\"@id\":\"https:\/\/www.jyiele.com\/#\/schema\/logo\/image\/\"}}]}<\/script>\n<!-- \/ Yoast SEO plugin. -->","yoast_head_json":{"title":"Commutateur de transfert automatique de haute qualit\u00e9 ATSQ2 Series 4P Intelligent Double Power - JYIELE","robots":{"index":"index","follow":"follow","max-snippet":"max-snippet:-1","max-image-preview":"max-image-preview:large","max-video-preview":"max-video-preview:-1"},"canonical":"https:\/\/www.jyiele.com\/fr\/product\/4p-double-power-automatic-transfer-switch\/","og_locale":"fr_FR","og_type":"article","og_title":"High Quality ATSQ2 Series 4P Intelligent Double Power Automatic Transfer Switch - JYIELE","og_description":"CJQ2 dual power automatic transfer switch (hereinafter referred to as A.T.S) for 50Hz \/ 60Hz, the rated operating voltage is 380V (3P, 4P), and the rated current is 10A~1250A (double loop power supply system). It can convert the normal power and reversed power automatically to ensure the reliability of the power, mainly for high -rise buildings, shopping malls, fire pumps, smoke fans, elevators, life water pumps, accident lighting and other places.  &nbsp;","og_url":"https:\/\/www.jyiele.com\/fr\/product\/4p-double-power-automatic-transfer-switch\/","og_site_name":"JYIELE","article_modified_time":"2025-03-09T11:35:41+00:00","og_image":[{"width":800,"height":800,"url":"https:\/\/www.jyiele.com\/wp-content\/uploads\/2024\/10\/4P-Double-Power-Automatic-Transfer-Switch.webp","type":"image\/webp"}],"twitter_card":"summary_large_image","twitter_misc":{"Dur\u00e9e de lecture estim\u00e9e":"3 minutes"},"schema":{"@context":"https:\/\/schema.org","@graph":[{"@type":"WebPage","@id":"https:\/\/www.jyiele.com\/it\/prodotto\/4p-double-power-automatic-transfer-switch\/","url":"https:\/\/www.jyiele.com\/it\/prodotto\/4p-double-power-automatic-transfer-switch\/","name":"Commutateur de transfert automatique de haute qualit\u00e9 ATSQ2 Series 4P Intelligent Double Power - JYIELE","isPartOf":{"@id":"https:\/\/www.jyiele.com\/#website"},"primaryImageOfPage":{"@id":"https:\/\/www.jyiele.com\/it\/prodotto\/4p-double-power-automatic-transfer-switch\/#primaryimage"},"image":{"@id":"https:\/\/www.jyiele.com\/it\/prodotto\/4p-double-power-automatic-transfer-switch\/#primaryimage"},"thumbnailUrl":"https:\/\/www.jyiele.com\/wp-content\/uploads\/2024\/10\/4P-Double-Power-Automatic-Transfer-Switch.webp","datePublished":"2024-10-15T09:43:04+00:00","dateModified":"2025-03-09T11:35:41+00:00","breadcrumb":{"@id":"https:\/\/www.jyiele.com\/it\/prodotto\/4p-double-power-automatic-transfer-switch\/#breadcrumb"},"inLanguage":"fr-FR","potentialAction":[{"@type":"ReadAction","target":["https:\/\/www.jyiele.com\/it\/prodotto\/4p-double-power-automatic-transfer-switch\/"]}]},{"@type":"ImageObject","inLanguage":"fr-FR","@id":"https:\/\/www.jyiele.com\/it\/prodotto\/4p-double-power-automatic-transfer-switch\/#primaryimage","url":"https:\/\/www.jyiele.com\/wp-content\/uploads\/2024\/10\/4P-Double-Power-Automatic-Transfer-Switch.webp","contentUrl":"https:\/\/www.jyiele.com\/wp-content\/uploads\/2024\/10\/4P-Double-Power-Automatic-Transfer-Switch.webp","width":800,"height":800,"caption":"4P Double Power Automatic Transfer Switch"},{"@type":"BreadcrumbList","@id":"https:\/\/www.jyiele.com\/it\/prodotto\/4p-double-power-automatic-transfer-switch\/#breadcrumb","itemListElement":[{"@type":"ListItem","position":1,"name":"Home","item":"https:\/\/www.jyiele.com\/"},{"@type":"ListItem","position":2,"name":"Product","item":"https:\/\/www.jyiele.com\/product\/"},{"@type":"ListItem","position":3,"name":"Dual Power Automatic Transfer Switch","item":"https:\/\/www.jyiele.com\/it\/categoria-prodotto\/dual-power-automatic-transfer-switch\/"},{"@type":"ListItem","position":4,"name":"High Quality ATSQ2 Series 4P Intelligent Double Power Automatic Transfer Switch"}]},{"@type":"WebSite","@id":"https:\/\/www.jyiele.com\/#website","url":"https:\/\/www.jyiele.com\/","name":"JYIELE","description":"Fabricant de disjoncteurs \u00e0 vide","publisher":{"@id":"https:\/\/www.jyiele.com\/#organization"},"potentialAction":[{"@type":"SearchAction","target":{"@type":"EntryPoint","urlTemplate":"https:\/\/www.jyiele.com\/?s={search_term_string}"},"query-input":{"@type":"PropertyValueSpecification","valueRequired":true,"valueName":"search_term_string"}}],"inLanguage":"fr-FR"},{"@type":"Organization","@id":"https:\/\/www.jyiele.com\/#organization","name":"JYIELE","url":"https:\/\/www.jyiele.com\/","logo":{"@type":"ImageObject","inLanguage":"fr-FR","@id":"https:\/\/www.jyiele.com\/#\/schema\/logo\/image\/","url":"https:\/\/www.jyiele.com\/wp-content\/uploads\/2024\/09\/cropped-jyele-1.webp","contentUrl":"https:\/\/www.jyiele.com\/wp-content\/uploads\/2024\/09\/cropped-jyele-1.webp","width":137,"height":60,"caption":"JYIELE"},"image":{"@id":"https:\/\/www.jyiele.com\/#\/schema\/logo\/image\/"}}]}},"_links":{"self":[{"href":"https:\/\/www.jyiele.com\/fr\/wp-json\/wp\/v2\/product\/2063","targetHints":{"allow":["GET"]}}],"collection":[{"href":"https:\/\/www.jyiele.com\/fr\/wp-json\/wp\/v2\/product"}],"about":[{"href":"https:\/\/www.jyiele.com\/fr\/wp-json\/wp\/v2\/types\/product"}],"version-history":[{"count":3,"href":"https:\/\/www.jyiele.com\/fr\/wp-json\/wp\/v2\/product\/2063\/revisions"}],"predecessor-version":[{"id":2087,"href":"https:\/\/www.jyiele.com\/fr\/wp-json\/wp\/v2\/product\/2063\/revisions\/2087"}],"wp:featuredmedia":[{"embeddable":true,"href":"https:\/\/www.jyiele.com\/fr\/wp-json\/wp\/v2\/media\/2064"}],"wp:attachment":[{"href":"https:\/\/www.jyiele.com\/fr\/wp-json\/wp\/v2\/media?parent=2063"}],"wp:term":[{"taxonomy":"product_brand","embeddable":true,"href":"https:\/\/www.jyiele.com\/fr\/wp-json\/wp\/v2\/product_brand?post=2063"},{"taxonomy":"product_cat","embeddable":true,"href":"https:\/\/www.jyiele.com\/fr\/wp-json\/wp\/v2\/product_cat?post=2063"},{"taxonomy":"product_tag","embeddable":true,"href":"https:\/\/www.jyiele.com\/fr\/wp-json\/wp\/v2\/product_tag?post=2063"}],"curies":[{"name":"wp","href":"https:\/\/api.w.org\/{rel}","templated":true}]}}