{"id":2101,"date":"2024-10-16T11:33:35","date_gmt":"2024-10-16T11:33:35","guid":{"rendered":"https:\/\/www.jy-electric.com\/?post_type=product&#038;p=2101"},"modified":"2025-03-09T11:35:21","modified_gmt":"2025-03-09T11:35:21","slug":"hpc-series-ip65-plastic-waterproof-electrical-circuit-breaker-junction-box","status":"publish","type":"product","link":"https:\/\/www.jyiele.com\/fr\/product\/hpc-series-ip65-plastic-waterproof-electrical-circuit-breaker-junction-box\/","title":{"rendered":"Bo\u00eete de jonction pour disjoncteur \u00e9lectrique \u00e9tanche IP65 en plastique de la s\u00e9rie HPC"},"content":{"rendered":"<h2>Caract\u00e9ristiques principales :<\/h2>\n<p>Mat\u00e9riau du panneau<br \/>\nLe panneau est fabriqu\u00e9 \u00e0 partir d'un mat\u00e9riau d'ing\u00e9nierie ABS \u00e0 haute r\u00e9sistance, offrant durabilit\u00e9 et conservation des couleurs, tandis que le couvercle transparent est fabriqu\u00e9 en polycarbonate (PC), garantissant une visibilit\u00e9 claire.<\/p>\n<p>Couvercle d'ouverture et de fermeture \u00e0 poussoir<br \/>\nLe couvercle est dot\u00e9 d'un m\u00e9canisme \u00e0 poussoir pour une ouverture facile. Une l\u00e9g\u00e8re pression permet d'ouvrir le panneau, et la charni\u00e8re de positionnement autobloquante assure un fonctionnement s\u00fbr et stable lorsqu'il est ouvert.<\/p>\n<p>Conception du c\u00e2blage<br \/>\nLa plaque de support du rail de guidage peut \u00eatre soulev\u00e9e jusqu'\u00e0 la position mobile maximale, ce qui facilite l'installation des c\u00e2bles sans limitation d'espace. La bo\u00eete est con\u00e7ue avec des rainures et des trous de sortie pour les diff\u00e9rents besoins de c\u00e2blage, ce qui permet une installation ais\u00e9e des c\u00e2bles et des conduits.<\/p>\n<p>Installation de la base<br \/>\nLe fond de la bo\u00eete comporte des trous de vis autotaraudeuses pour faciliter l'assemblage et l'installation. La boucle de la charni\u00e8re peut \u00eatre install\u00e9e sur le c\u00f4t\u00e9 long ou le c\u00f4t\u00e9 court de la bo\u00eete pour plus de flexibilit\u00e9.<\/p>\n<p>Configurations optionnelles<br \/>\nUn panneau frontal et divers accessoires de montage sont disponibles pour la personnalisation. Cette s\u00e9rie est \u00e9galement adapt\u00e9e aux applications solaires, fonctionnant comme une bo\u00eete de raccordement.<\/p>\n<h4 class=\"wp-block-heading\">Sp\u00e9cification du produit<\/h4>\n<figure class=\"wp-block-table\">\n<div class=\"scroll\">\n<table>\n<tbody>\n<tr>\n<td>Mod\u00e8le<\/td>\n<td>Voies<\/td>\n<td>Indice IP<\/td>\n<td>Dimensions du produit (L*L*H) mm<\/td>\n<\/tr>\n<tr>\n<td>HPC-4<\/td>\n<td>24 moyens<\/td>\n<td>IP65<\/td>\n<td>107*212*92<\/td>\n<\/tr>\n<tr>\n<td>HPC-6<\/td>\n<td>6 moyens<\/td>\n<td>IP65<\/td>\n<td>165*200*100<\/td>\n<\/tr>\n<tr>\n<td>HPC-9<\/td>\n<td>9 moyens<\/td>\n<td>IP65<\/td>\n<td>219*200*100<\/td>\n<\/tr>\n<tr>\n<td>HPC-12<\/td>\n<td>12 moyens<\/td>\n<td>IP65<\/td>\n<td>273*230*110<\/td>\n<\/tr>\n<tr>\n<td>HPC-18<\/td>\n<td>18 moyens<\/td>\n<td>IP65<\/td>\n<td>381*230*110<\/td>\n<\/tr>\n<tr>\n<td>HPC-24<\/td>\n<td>24 moyens<\/td>\n<td>IP65<\/td>\n<td>273*380*110<\/td>\n<\/tr>\n<tr>\n<td>HPC-36<\/td>\n<td>36 moyens<\/td>\n<td>IP65<\/td>\n<td>381*380*110<\/td>\n<\/tr>\n<\/tbody>\n<\/table>\n<\/div>\n<\/figure>","protected":false},"excerpt":{"rendered":"<p>Les armoires \u00e9lectriques murales AG, AT, PG et PT sont fabriqu\u00e9es en polycarbonate ou en ABS r\u00e9sistant aux chocs et con\u00e7ues pour supporter des environnements industriels difficiles.<\/p>\n<p>Caract\u00e9ristiques du produit<br \/>\nNom du produit : Bo\u00eete de distribution<br \/>\nMot-cl\u00e9 : Bo\u00eete de distribution \u00e9lectrique<br \/>\nMat\u00e9riau : Polycarbonate (PC)\/ABS<br \/>\nVoies : 4 \u00e0 54 voies<br \/>\nCaract\u00e9ristique : Longue dur\u00e9e de vie<br \/>\nApplication : Bo\u00eete de contr\u00f4le \u00e9lectrique pour la construction<br \/>\nAvantage : Service OEM disponible<br \/>\nUtilisation : Distribution terminale, bo\u00eete de combinaison solaire<\/p>","protected":false},"featured_media":2105,"template":"","meta":{"site-sidebar-layout":"default","site-content-layout":"","ast-site-content-layout":"default","site-content-style":"default","site-sidebar-style":"default","ast-global-header-display":"","ast-banner-title-visibility":"","ast-main-header-display":"","ast-hfb-above-header-display":"","ast-hfb-below-header-display":"","ast-hfb-mobile-header-display":"","site-post-title":"","ast-breadcrumbs-content":"","ast-featured-img":"","footer-sml-layout":"","ast-disable-related-posts":"","theme-transparent-header-meta":"default","adv-header-id-meta":"","stick-header-meta":"","header-above-stick-meta":"","header-main-stick-meta":"","header-below-stick-meta":"","astra-migrate-meta-layouts":"set","ast-page-background-enabled":"default","ast-page-background-meta":{"desktop":{"background-color":"var(--ast-global-color-4)","background-image":"","background-repeat":"repeat","background-position":"center center","background-size":"auto","background-attachment":"scroll","background-type":"","background-media":"","overlay-type":"","overlay-color":"","overlay-opacity":"","overlay-gradient":""},"tablet":{"background-color":"","background-image":"","background-repeat":"repeat","background-position":"center center","background-size":"auto","background-attachment":"scroll","background-type":"","background-media":"","overlay-type":"","overlay-color":"","overlay-opacity":"","overlay-gradient":""},"mobile":{"background-color":"","background-image":"","background-repeat":"repeat","background-position":"center center","background-size":"auto","background-attachment":"scroll","background-type":"","background-media":"","overlay-type":"","overlay-color":"","overlay-opacity":"","overlay-gradient":""}},"ast-content-background-meta":{"desktop":{"background-color":"var(--ast-global-color-5)","background-image":"","background-repeat":"repeat","background-position":"center center","background-size":"auto","background-attachment":"scroll","background-type":"","background-media":"","overlay-type":"","overlay-color":"","overlay-opacity":"","overlay-gradient":""},"tablet":{"background-color":"var(--ast-global-color-5)","background-image":"","background-repeat":"repeat","background-position":"center center","background-size":"auto","background-attachment":"scroll","background-type":"","background-media":"","overlay-type":"","overlay-color":"","overlay-opacity":"","overlay-gradient":""},"mobile":{"background-color":"var(--ast-global-color-5)","background-image":"","background-repeat":"repeat","background-position":"center center","background-size":"auto","background-attachment":"scroll","background-type":"","background-media":"","overlay-type":"","overlay-color":"","overlay-opacity":"","overlay-gradient":""}}},"product_brand":[],"product_cat":[23],"product_tag":[],"class_list":{"0":"post-2101","1":"product","2":"type-product","3":"status-publish","4":"has-post-thumbnail","6":"product_cat-waterproof-plastic-enclosure","7":"desktop-align-left","8":"tablet-align-left","9":"mobile-align-left","11":"first","12":"instock","13":"shipping-taxable","14":"product-type-simple"},"yoast_head":"<!-- This site is optimized with the Yoast SEO plugin v24.8.1 - https:\/\/yoast.com\/wordpress\/plugins\/seo\/ -->\n<title>HPC Series IP65 Plastic Waterproof Electrical Circuit Breaker Junction Box - JYIELE<\/title>\n<meta name=\"robots\" content=\"index, follow, max-snippet:-1, max-image-preview:large, max-video-preview:-1\" \/>\n<link rel=\"canonical\" href=\"https:\/\/www.jyiele.com\/fr\/product\/hpc-series-ip65-plastic-waterproof-electrical-circuit-breaker-junction-box\/\" \/>\n<meta property=\"og:locale\" content=\"fr_FR\" \/>\n<meta property=\"og:type\" content=\"article\" \/>\n<meta property=\"og:title\" content=\"HPC Series IP65 Plastic Waterproof Electrical Circuit Breaker Junction Box - JYIELE\" \/>\n<meta property=\"og:description\" content=\"The AG, AT, PG, and PT wall-mounted electrical enclosures are made from impact-resistant polycarbonate or ABS, designed to withstand tough industrial environments.  Product Features Product Name: Distribution Box Keyword: Distribution Box Electrical Material: Polycarbonate (PC)\/ABS Ways: 4 to 54 ways Feature: Long Service Life Application: Construction Electrical Control Box Advantage: OEM Service Available Usage: Terminal Distribution, Solar Combiner Box\" \/>\n<meta property=\"og:url\" content=\"https:\/\/www.jyiele.com\/fr\/product\/hpc-series-ip65-plastic-waterproof-electrical-circuit-breaker-junction-box\/\" \/>\n<meta property=\"og:site_name\" content=\"JYIELE\" \/>\n<meta property=\"article:modified_time\" content=\"2025-03-09T11:35:21+00:00\" \/>\n<meta property=\"og:image\" content=\"https:\/\/www.jyiele.com\/wp-content\/uploads\/2024\/10\/HPC-Series-IP65-Plastic-Waterproof-Electrical-Circuit-Breaker-Junction-Box.webp\" \/>\n\t<meta property=\"og:image:width\" content=\"800\" \/>\n\t<meta property=\"og:image:height\" content=\"800\" \/>\n\t<meta property=\"og:image:type\" content=\"image\/webp\" \/>\n<meta name=\"twitter:card\" content=\"summary_large_image\" \/>\n<meta name=\"twitter:label1\" content=\"Dur\u00e9e de lecture estim\u00e9e\" \/>\n\t<meta name=\"twitter:data1\" content=\"2 minutes\" \/>\n<script type=\"application\/ld+json\" class=\"yoast-schema-graph\">{\"@context\":\"https:\/\/schema.org\",\"@graph\":[{\"@type\":\"WebPage\",\"@id\":\"https:\/\/www.jyiele.com\/product\/hpc-series-ip65-plastic-waterproof-electrical-circuit-breaker-junction-box\/\",\"url\":\"https:\/\/www.jyiele.com\/product\/hpc-series-ip65-plastic-waterproof-electrical-circuit-breaker-junction-box\/\",\"name\":\"HPC Series IP65 Plastic Waterproof Electrical Circuit Breaker Junction Box - JYIELE\",\"isPartOf\":{\"@id\":\"https:\/\/www.jyiele.com\/#website\"},\"primaryImageOfPage\":{\"@id\":\"https:\/\/www.jyiele.com\/product\/hpc-series-ip65-plastic-waterproof-electrical-circuit-breaker-junction-box\/#primaryimage\"},\"image\":{\"@id\":\"https:\/\/www.jyiele.com\/product\/hpc-series-ip65-plastic-waterproof-electrical-circuit-breaker-junction-box\/#primaryimage\"},\"thumbnailUrl\":\"https:\/\/www.jyiele.com\/wp-content\/uploads\/2024\/10\/HPC-Series-IP65-Plastic-Waterproof-Electrical-Circuit-Breaker-Junction-Box.webp\",\"datePublished\":\"2024-10-16T11:33:35+00:00\",\"dateModified\":\"2025-03-09T11:35:21+00:00\",\"breadcrumb\":{\"@id\":\"https:\/\/www.jyiele.com\/product\/hpc-series-ip65-plastic-waterproof-electrical-circuit-breaker-junction-box\/#breadcrumb\"},\"inLanguage\":\"fr-FR\",\"potentialAction\":[{\"@type\":\"ReadAction\",\"target\":[\"https:\/\/www.jyiele.com\/product\/hpc-series-ip65-plastic-waterproof-electrical-circuit-breaker-junction-box\/\"]}]},{\"@type\":\"ImageObject\",\"inLanguage\":\"fr-FR\",\"@id\":\"https:\/\/www.jyiele.com\/product\/hpc-series-ip65-plastic-waterproof-electrical-circuit-breaker-junction-box\/#primaryimage\",\"url\":\"https:\/\/www.jyiele.com\/wp-content\/uploads\/2024\/10\/HPC-Series-IP65-Plastic-Waterproof-Electrical-Circuit-Breaker-Junction-Box.webp\",\"contentUrl\":\"https:\/\/www.jyiele.com\/wp-content\/uploads\/2024\/10\/HPC-Series-IP65-Plastic-Waterproof-Electrical-Circuit-Breaker-Junction-Box.webp\",\"width\":800,\"height\":800,\"caption\":\"HPC Series IP65 Plastic Waterproof Electrical Circuit Breaker Junction Box\"},{\"@type\":\"BreadcrumbList\",\"@id\":\"https:\/\/www.jyiele.com\/product\/hpc-series-ip65-plastic-waterproof-electrical-circuit-breaker-junction-box\/#breadcrumb\",\"itemListElement\":[{\"@type\":\"ListItem\",\"position\":1,\"name\":\"Home\",\"item\":\"https:\/\/www.jyiele.com\/\"},{\"@type\":\"ListItem\",\"position\":2,\"name\":\"Product\",\"item\":\"https:\/\/www.jyiele.com\/product\/\"},{\"@type\":\"ListItem\",\"position\":3,\"name\":\"Waterproof Plastic Enclosure\",\"item\":\"https:\/\/www.jyiele.com\/ja\/product-category\/waterproof-plastic-enclosure\/\"},{\"@type\":\"ListItem\",\"position\":4,\"name\":\"HPC Series IP65 Plastic Waterproof Electrical Circuit Breaker Junction Box\"}]},{\"@type\":\"WebSite\",\"@id\":\"https:\/\/www.jyiele.com\/#website\",\"url\":\"https:\/\/www.jyiele.com\/\",\"name\":\"JYIELE\",\"description\":\"Vacuum Circuit Breaker manufacturer\",\"publisher\":{\"@id\":\"https:\/\/www.jyiele.com\/#organization\"},\"potentialAction\":[{\"@type\":\"SearchAction\",\"target\":{\"@type\":\"EntryPoint\",\"urlTemplate\":\"https:\/\/www.jyiele.com\/?s={search_term_string}\"},\"query-input\":{\"@type\":\"PropertyValueSpecification\",\"valueRequired\":true,\"valueName\":\"search_term_string\"}}],\"inLanguage\":\"fr-FR\"},{\"@type\":\"Organization\",\"@id\":\"https:\/\/www.jyiele.com\/#organization\",\"name\":\"JYIELE\",\"url\":\"https:\/\/www.jyiele.com\/\",\"logo\":{\"@type\":\"ImageObject\",\"inLanguage\":\"fr-FR\",\"@id\":\"https:\/\/www.jyiele.com\/#\/schema\/logo\/image\/\",\"url\":\"https:\/\/www.jyiele.com\/wp-content\/uploads\/2024\/09\/cropped-jyele-1.webp\",\"contentUrl\":\"https:\/\/www.jyiele.com\/wp-content\/uploads\/2024\/09\/cropped-jyele-1.webp\",\"width\":137,\"height\":60,\"caption\":\"JYIELE\"},\"image\":{\"@id\":\"https:\/\/www.jyiele.com\/#\/schema\/logo\/image\/\"}}]}<\/script>\n<!-- \/ Yoast SEO plugin. -->","yoast_head_json":{"title":"Bo\u00eete de jonction pour disjoncteur \u00e9lectrique \u00e9tanche IP65 en plastique de la s\u00e9rie HPC - JYIELE","robots":{"index":"index","follow":"follow","max-snippet":"max-snippet:-1","max-image-preview":"max-image-preview:large","max-video-preview":"max-video-preview:-1"},"canonical":"https:\/\/www.jyiele.com\/fr\/product\/hpc-series-ip65-plastic-waterproof-electrical-circuit-breaker-junction-box\/","og_locale":"fr_FR","og_type":"article","og_title":"HPC Series IP65 Plastic Waterproof Electrical Circuit Breaker Junction Box - JYIELE","og_description":"The AG, AT, PG, and PT wall-mounted electrical enclosures are made from impact-resistant polycarbonate or ABS, designed to withstand tough industrial environments.  Product Features Product Name: Distribution Box Keyword: Distribution Box Electrical Material: Polycarbonate (PC)\/ABS Ways: 4 to 54 ways Feature: Long Service Life Application: Construction Electrical Control Box Advantage: OEM Service Available Usage: Terminal Distribution, Solar Combiner Box","og_url":"https:\/\/www.jyiele.com\/fr\/product\/hpc-series-ip65-plastic-waterproof-electrical-circuit-breaker-junction-box\/","og_site_name":"JYIELE","article_modified_time":"2025-03-09T11:35:21+00:00","og_image":[{"width":800,"height":800,"url":"https:\/\/www.jyiele.com\/wp-content\/uploads\/2024\/10\/HPC-Series-IP65-Plastic-Waterproof-Electrical-Circuit-Breaker-Junction-Box.webp","type":"image\/webp"}],"twitter_card":"summary_large_image","twitter_misc":{"Dur\u00e9e de lecture estim\u00e9e":"2 minutes"},"schema":{"@context":"https:\/\/schema.org","@graph":[{"@type":"WebPage","@id":"https:\/\/www.jyiele.com\/product\/hpc-series-ip65-plastic-waterproof-electrical-circuit-breaker-junction-box\/","url":"https:\/\/www.jyiele.com\/product\/hpc-series-ip65-plastic-waterproof-electrical-circuit-breaker-junction-box\/","name":"Bo\u00eete de jonction pour disjoncteur \u00e9lectrique \u00e9tanche IP65 en plastique de la s\u00e9rie HPC - JYIELE","isPartOf":{"@id":"https:\/\/www.jyiele.com\/#website"},"primaryImageOfPage":{"@id":"https:\/\/www.jyiele.com\/product\/hpc-series-ip65-plastic-waterproof-electrical-circuit-breaker-junction-box\/#primaryimage"},"image":{"@id":"https:\/\/www.jyiele.com\/product\/hpc-series-ip65-plastic-waterproof-electrical-circuit-breaker-junction-box\/#primaryimage"},"thumbnailUrl":"https:\/\/www.jyiele.com\/wp-content\/uploads\/2024\/10\/HPC-Series-IP65-Plastic-Waterproof-Electrical-Circuit-Breaker-Junction-Box.webp","datePublished":"2024-10-16T11:33:35+00:00","dateModified":"2025-03-09T11:35:21+00:00","breadcrumb":{"@id":"https:\/\/www.jyiele.com\/product\/hpc-series-ip65-plastic-waterproof-electrical-circuit-breaker-junction-box\/#breadcrumb"},"inLanguage":"fr-FR","potentialAction":[{"@type":"ReadAction","target":["https:\/\/www.jyiele.com\/product\/hpc-series-ip65-plastic-waterproof-electrical-circuit-breaker-junction-box\/"]}]},{"@type":"ImageObject","inLanguage":"fr-FR","@id":"https:\/\/www.jyiele.com\/product\/hpc-series-ip65-plastic-waterproof-electrical-circuit-breaker-junction-box\/#primaryimage","url":"https:\/\/www.jyiele.com\/wp-content\/uploads\/2024\/10\/HPC-Series-IP65-Plastic-Waterproof-Electrical-Circuit-Breaker-Junction-Box.webp","contentUrl":"https:\/\/www.jyiele.com\/wp-content\/uploads\/2024\/10\/HPC-Series-IP65-Plastic-Waterproof-Electrical-Circuit-Breaker-Junction-Box.webp","width":800,"height":800,"caption":"HPC Series IP65 Plastic Waterproof Electrical Circuit Breaker Junction Box"},{"@type":"BreadcrumbList","@id":"https:\/\/www.jyiele.com\/product\/hpc-series-ip65-plastic-waterproof-electrical-circuit-breaker-junction-box\/#breadcrumb","itemListElement":[{"@type":"ListItem","position":1,"name":"Home","item":"https:\/\/www.jyiele.com\/"},{"@type":"ListItem","position":2,"name":"Product","item":"https:\/\/www.jyiele.com\/product\/"},{"@type":"ListItem","position":3,"name":"Waterproof Plastic Enclosure","item":"https:\/\/www.jyiele.com\/ja\/product-category\/waterproof-plastic-enclosure\/"},{"@type":"ListItem","position":4,"name":"HPC Series IP65 Plastic Waterproof Electrical Circuit Breaker Junction Box"}]},{"@type":"WebSite","@id":"https:\/\/www.jyiele.com\/#website","url":"https:\/\/www.jyiele.com\/","name":"JYIELE","description":"Fabricant de disjoncteurs \u00e0 vide","publisher":{"@id":"https:\/\/www.jyiele.com\/#organization"},"potentialAction":[{"@type":"SearchAction","target":{"@type":"EntryPoint","urlTemplate":"https:\/\/www.jyiele.com\/?s={search_term_string}"},"query-input":{"@type":"PropertyValueSpecification","valueRequired":true,"valueName":"search_term_string"}}],"inLanguage":"fr-FR"},{"@type":"Organization","@id":"https:\/\/www.jyiele.com\/#organization","name":"JYIELE","url":"https:\/\/www.jyiele.com\/","logo":{"@type":"ImageObject","inLanguage":"fr-FR","@id":"https:\/\/www.jyiele.com\/#\/schema\/logo\/image\/","url":"https:\/\/www.jyiele.com\/wp-content\/uploads\/2024\/09\/cropped-jyele-1.webp","contentUrl":"https:\/\/www.jyiele.com\/wp-content\/uploads\/2024\/09\/cropped-jyele-1.webp","width":137,"height":60,"caption":"JYIELE"},"image":{"@id":"https:\/\/www.jyiele.com\/#\/schema\/logo\/image\/"}}]}},"_links":{"self":[{"href":"https:\/\/www.jyiele.com\/fr\/wp-json\/wp\/v2\/product\/2101","targetHints":{"allow":["GET"]}}],"collection":[{"href":"https:\/\/www.jyiele.com\/fr\/wp-json\/wp\/v2\/product"}],"about":[{"href":"https:\/\/www.jyiele.com\/fr\/wp-json\/wp\/v2\/types\/product"}],"version-history":[{"count":7,"href":"https:\/\/www.jyiele.com\/fr\/wp-json\/wp\/v2\/product\/2101\/revisions"}],"predecessor-version":[{"id":2112,"href":"https:\/\/www.jyiele.com\/fr\/wp-json\/wp\/v2\/product\/2101\/revisions\/2112"}],"wp:featuredmedia":[{"embeddable":true,"href":"https:\/\/www.jyiele.com\/fr\/wp-json\/wp\/v2\/media\/2105"}],"wp:attachment":[{"href":"https:\/\/www.jyiele.com\/fr\/wp-json\/wp\/v2\/media?parent=2101"}],"wp:term":[{"taxonomy":"product_brand","embeddable":true,"href":"https:\/\/www.jyiele.com\/fr\/wp-json\/wp\/v2\/product_brand?post=2101"},{"taxonomy":"product_cat","embeddable":true,"href":"https:\/\/www.jyiele.com\/fr\/wp-json\/wp\/v2\/product_cat?post=2101"},{"taxonomy":"product_tag","embeddable":true,"href":"https:\/\/www.jyiele.com\/fr\/wp-json\/wp\/v2\/product_tag?post=2101"}],"curies":[{"name":"wp","href":"https:\/\/api.w.org\/{rel}","templated":true}]}}