{"id":2113,"date":"2024-10-16T11:51:04","date_gmt":"2024-10-16T11:51:04","guid":{"rendered":"https:\/\/www.jy-electric.com\/?post_type=product&#038;p=2113"},"modified":"2025-03-09T11:35:15","modified_gmt":"2025-03-09T11:35:15","slug":"ip65-outdoorusing-waterproof-pc-plastic-electrical-mcb-distribution-box","status":"publish","type":"product","link":"https:\/\/www.jyiele.com\/fr\/product\/ip65-outdoorusing-waterproof-pc-plastic-electrical-mcb-distribution-box\/","title":{"rendered":"HT Series Ip65 Outdoorusing Waterproof PC Plastic Electrical Mcb Distribution Box"},"content":{"rendered":"<h2>HT Series IP65 Outdoor Waterproof PC Plastic Electrical MCB Distribution Box<\/h2>\n<h2>Caract\u00e9ristiques principales :<\/h2>\n<p>Options d'entr\u00e9e et de sortie Plusieurs<br \/>\nLa bo\u00eete est con\u00e7ue avec des trous d'entr\u00e9e et de sortie pr\u00e9-r\u00e9serv\u00e9s et comprend des joints en nylon assortis pour plus d'options d'\u00e9tanch\u00e9it\u00e9.<\/p>\n<p>Bande \u00e9tanche en PVC<br \/>\nUne bande de PVC r\u00e9sistant et anticorrosion a \u00e9t\u00e9 fix\u00e9e \u00e0 la bo\u00eete pour assurer une \u00e9tanch\u00e9it\u00e9 durable.<\/p>\n<p>Conception d'installation flexible<br \/>\nDes trous de montage pr\u00e9-perc\u00e9s et un rail de montage de 35 mm facilitent l'installation de bornes de rang\u00e9e z\u00e9ro et de barres de terre l\u00e0 o\u00f9 c'est n\u00e9cessaire.<\/p>\n<p>Montage polyvalent<br \/>\nLes bo\u00eetiers comportent plusieurs trous de montage r\u00e9serv\u00e9s afin de faciliter et d'adapter les m\u00e9thodes d'installation dans divers environnements.<\/p>\n<p>Bo\u00eetier robuste<br \/>\nLe bo\u00eetier en polycarbonate ou en ABS r\u00e9sistant aux chocs est adapt\u00e9 aux conditions industrielles difficiles.<\/p>\n<h4 class=\"wp-block-heading\">Sp\u00e9cification du produit<\/h4>\n<figure class=\"wp-block-table\">\n<div class=\"scroll\">\n<table>\n<tbody>\n<tr>\n<td>Mod\u00e8le<\/td>\n<td>Voies<\/td>\n<td>Indice IP<\/td>\n<td>Dimensions du produit (L*L*H) (mm)<\/td>\n<td>product poids<\/td>\n<\/tr>\n<tr>\n<td>HT-5<\/td>\n<td>5 voies<\/td>\n<td>IP65<\/td>\n<td>120*160*95<\/td>\n<td>0.34KG<\/td>\n<\/tr>\n<tr>\n<td>HT-8<\/td>\n<td>8 moyens<\/td>\n<td>IP65<\/td>\n<td>200*155*95<\/td>\n<td>0.53KG<\/td>\n<\/tr>\n<tr>\n<td>HT-12<\/td>\n<td>12 voies<\/td>\n<td>IP65<\/td>\n<td>250*195*110<\/td>\n<td>0.84KG<\/td>\n<\/tr>\n<tr>\n<td>HT-15<\/td>\n<td>15 moyens<\/td>\n<td>IP65<\/td>\n<td>310*195*110<\/td>\n<td>0.9KG<\/td>\n<\/tr>\n<tr>\n<td>HT-18<\/td>\n<td>18 moyens<\/td>\n<td>IP65<\/td>\n<td>365*195*110<\/td>\n<td>1.07KG<\/td>\n<\/tr>\n<tr>\n<td>HT-24<\/td>\n<td>24 moyens<\/td>\n<td>IP65<\/td>\n<td>360*280*110<\/td>\n<td>1.35KG<\/td>\n<\/tr>\n<\/tbody>\n<\/table>\n<\/div>\n<\/figure>","protected":false},"excerpt":{"rendered":"<p>S\u00e9rie HT <strong>Bo\u00eete de distribution en plastique<\/strong> con\u00e7u selon les normes internationales est un type de produit attrayant et durable. Il est s\u00fbr, fiable et largement utilis\u00e9 dans les usines, les b\u00e2timents, les r\u00e9sidences, les centres commerciaux et bien d'autres endroits.<\/p>\n<p>Num\u00e9ro de mod\u00e8le : HT-3<br \/>\nNom du produit : Bo\u00eete de distribution \u00e9lectrique<br \/>\nApplication : Syst\u00e8me de distribution d'\u00e9nergie \u00e0 basse tension<br \/>\nCouleur : Gris clair<br \/>\nType d'installation : Montage en surface<br \/>\nDegr\u00e9 de protection : IP65\/IP55\/IP44<br \/>\nVoies : 3 \u00e0 24 voies<br \/>\nGarantie : 24 mois<br \/>\nTension nominale : 220V-380V<br \/>\nFr\u00e9quence nominale : 50-60HZ<br \/>\nCertification : CE, ROHS<\/p>\n<p>&nbsp;<\/p>","protected":false},"featured_media":2116,"template":"","meta":{"site-sidebar-layout":"default","site-content-layout":"","ast-site-content-layout":"default","site-content-style":"default","site-sidebar-style":"default","ast-global-header-display":"","ast-banner-title-visibility":"","ast-main-header-display":"","ast-hfb-above-header-display":"","ast-hfb-below-header-display":"","ast-hfb-mobile-header-display":"","site-post-title":"","ast-breadcrumbs-content":"","ast-featured-img":"","footer-sml-layout":"","ast-disable-related-posts":"","theme-transparent-header-meta":"default","adv-header-id-meta":"","stick-header-meta":"","header-above-stick-meta":"","header-main-stick-meta":"","header-below-stick-meta":"","astra-migrate-meta-layouts":"set","ast-page-background-enabled":"default","ast-page-background-meta":{"desktop":{"background-color":"var(--ast-global-color-4)","background-image":"","background-repeat":"repeat","background-position":"center center","background-size":"auto","background-attachment":"scroll","background-type":"","background-media":"","overlay-type":"","overlay-color":"","overlay-opacity":"","overlay-gradient":""},"tablet":{"background-color":"","background-image":"","background-repeat":"repeat","background-position":"center center","background-size":"auto","background-attachment":"scroll","background-type":"","background-media":"","overlay-type":"","overlay-color":"","overlay-opacity":"","overlay-gradient":""},"mobile":{"background-color":"","background-image":"","background-repeat":"repeat","background-position":"center center","background-size":"auto","background-attachment":"scroll","background-type":"","background-media":"","overlay-type":"","overlay-color":"","overlay-opacity":"","overlay-gradient":""}},"ast-content-background-meta":{"desktop":{"background-color":"var(--ast-global-color-5)","background-image":"","background-repeat":"repeat","background-position":"center center","background-size":"auto","background-attachment":"scroll","background-type":"","background-media":"","overlay-type":"","overlay-color":"","overlay-opacity":"","overlay-gradient":""},"tablet":{"background-color":"var(--ast-global-color-5)","background-image":"","background-repeat":"repeat","background-position":"center center","background-size":"auto","background-attachment":"scroll","background-type":"","background-media":"","overlay-type":"","overlay-color":"","overlay-opacity":"","overlay-gradient":""},"mobile":{"background-color":"var(--ast-global-color-5)","background-image":"","background-repeat":"repeat","background-position":"center center","background-size":"auto","background-attachment":"scroll","background-type":"","background-media":"","overlay-type":"","overlay-color":"","overlay-opacity":"","overlay-gradient":""}}},"product_brand":[],"product_cat":[23],"product_tag":[],"class_list":{"0":"post-2113","1":"product","2":"type-product","3":"status-publish","4":"has-post-thumbnail","6":"product_cat-waterproof-plastic-enclosure","7":"desktop-align-left","8":"tablet-align-left","9":"mobile-align-left","11":"first","12":"instock","13":"shipping-taxable","14":"product-type-simple"},"yoast_head":"<!-- This site is optimized with the Yoast SEO plugin v24.8.1 - https:\/\/yoast.com\/wordpress\/plugins\/seo\/ -->\n<title>Ip65 Outdoorusing Waterproof PC Plastic Electrical Mcb Distribution Box Factory - JYIELE<\/title>\n<meta name=\"robots\" content=\"index, follow, max-snippet:-1, max-image-preview:large, max-video-preview:-1\" \/>\n<link rel=\"canonical\" href=\"https:\/\/www.jyiele.com\/fr\/product\/ip65-outdoorusing-waterproof-pc-plastic-electrical-mcb-distribution-box\/\" \/>\n<meta property=\"og:locale\" content=\"fr_FR\" \/>\n<meta property=\"og:type\" content=\"article\" \/>\n<meta property=\"og:title\" content=\"Ip65 Outdoorusing Waterproof PC Plastic Electrical Mcb Distribution Box Factory - JYIELE\" \/>\n<meta property=\"og:description\" content=\"HT Series Plastic Distribution Box designed by international standard is a kind of attractive and durable one. It is safe, reliable, and widely used in factories, buildings, residences, shopping centers, and many other places.  Model Number: HT-3 Product Name: Electrical Distribution Box Application: Low Voltage Power Distribution System Color: Light Grey Installation Type: Surface Mount Protection Degree: IP65\/IP55\/IP44 Ways: 3 to 24 ways Warranty: 24 Months Rated Voltage: 220V-380V Rated Frequency: 50-60HZ Certification: CE, ROHS  &nbsp;\" \/>\n<meta property=\"og:url\" content=\"https:\/\/www.jyiele.com\/fr\/product\/ip65-outdoorusing-waterproof-pc-plastic-electrical-mcb-distribution-box\/\" \/>\n<meta property=\"og:site_name\" content=\"JYIELE\" \/>\n<meta property=\"article:modified_time\" content=\"2025-03-09T11:35:15+00:00\" \/>\n<meta property=\"og:image\" content=\"https:\/\/www.jyiele.com\/wp-content\/uploads\/2024\/10\/HT-Series-Ip65-Outdoorusing-Waterproof-PC-Plastic-Electrical-Mcb-Distribution-Box.webp\" \/>\n\t<meta property=\"og:image:width\" content=\"800\" \/>\n\t<meta property=\"og:image:height\" content=\"800\" \/>\n\t<meta property=\"og:image:type\" content=\"image\/webp\" \/>\n<meta name=\"twitter:card\" content=\"summary_large_image\" \/>\n<meta name=\"twitter:label1\" content=\"Dur\u00e9e de lecture estim\u00e9e\" \/>\n\t<meta name=\"twitter:data1\" content=\"1 minute\" \/>\n<script type=\"application\/ld+json\" class=\"yoast-schema-graph\">{\"@context\":\"https:\/\/schema.org\",\"@graph\":[{\"@type\":\"WebPage\",\"@id\":\"https:\/\/www.jyiele.com\/product\/ip65-outdoorusing-waterproof-pc-plastic-electrical-mcb-distribution-box\/\",\"url\":\"https:\/\/www.jyiele.com\/product\/ip65-outdoorusing-waterproof-pc-plastic-electrical-mcb-distribution-box\/\",\"name\":\"Ip65 Outdoorusing Waterproof PC Plastic Electrical Mcb Distribution Box Factory - JYIELE\",\"isPartOf\":{\"@id\":\"https:\/\/www.jyiele.com\/#website\"},\"primaryImageOfPage\":{\"@id\":\"https:\/\/www.jyiele.com\/product\/ip65-outdoorusing-waterproof-pc-plastic-electrical-mcb-distribution-box\/#primaryimage\"},\"image\":{\"@id\":\"https:\/\/www.jyiele.com\/product\/ip65-outdoorusing-waterproof-pc-plastic-electrical-mcb-distribution-box\/#primaryimage\"},\"thumbnailUrl\":\"https:\/\/www.jyiele.com\/wp-content\/uploads\/2024\/10\/HT-Series-Ip65-Outdoorusing-Waterproof-PC-Plastic-Electrical-Mcb-Distribution-Box.webp\",\"datePublished\":\"2024-10-16T11:51:04+00:00\",\"dateModified\":\"2025-03-09T11:35:15+00:00\",\"breadcrumb\":{\"@id\":\"https:\/\/www.jyiele.com\/product\/ip65-outdoorusing-waterproof-pc-plastic-electrical-mcb-distribution-box\/#breadcrumb\"},\"inLanguage\":\"fr-FR\",\"potentialAction\":[{\"@type\":\"ReadAction\",\"target\":[\"https:\/\/www.jyiele.com\/product\/ip65-outdoorusing-waterproof-pc-plastic-electrical-mcb-distribution-box\/\"]}]},{\"@type\":\"ImageObject\",\"inLanguage\":\"fr-FR\",\"@id\":\"https:\/\/www.jyiele.com\/product\/ip65-outdoorusing-waterproof-pc-plastic-electrical-mcb-distribution-box\/#primaryimage\",\"url\":\"https:\/\/www.jyiele.com\/wp-content\/uploads\/2024\/10\/HT-Series-Ip65-Outdoorusing-Waterproof-PC-Plastic-Electrical-Mcb-Distribution-Box.webp\",\"contentUrl\":\"https:\/\/www.jyiele.com\/wp-content\/uploads\/2024\/10\/HT-Series-Ip65-Outdoorusing-Waterproof-PC-Plastic-Electrical-Mcb-Distribution-Box.webp\",\"width\":800,\"height\":800,\"caption\":\"HT Series Ip65 Outdoorusing Waterproof PC Plastic Electrical Mcb Distribution Box\"},{\"@type\":\"BreadcrumbList\",\"@id\":\"https:\/\/www.jyiele.com\/product\/ip65-outdoorusing-waterproof-pc-plastic-electrical-mcb-distribution-box\/#breadcrumb\",\"itemListElement\":[{\"@type\":\"ListItem\",\"position\":1,\"name\":\"Home\",\"item\":\"https:\/\/www.jyiele.com\/\"},{\"@type\":\"ListItem\",\"position\":2,\"name\":\"Product\",\"item\":\"https:\/\/www.jyiele.com\/product\/\"},{\"@type\":\"ListItem\",\"position\":3,\"name\":\"Waterproof Plastic Enclosure\",\"item\":\"https:\/\/www.jyiele.com\/ja\/product-category\/waterproof-plastic-enclosure\/\"},{\"@type\":\"ListItem\",\"position\":4,\"name\":\"HT Series Ip65 Outdoorusing Waterproof PC Plastic Electrical Mcb Distribution Box\"}]},{\"@type\":\"WebSite\",\"@id\":\"https:\/\/www.jyiele.com\/#website\",\"url\":\"https:\/\/www.jyiele.com\/\",\"name\":\"JYIELE\",\"description\":\"Vacuum Circuit Breaker manufacturer\",\"publisher\":{\"@id\":\"https:\/\/www.jyiele.com\/#organization\"},\"potentialAction\":[{\"@type\":\"SearchAction\",\"target\":{\"@type\":\"EntryPoint\",\"urlTemplate\":\"https:\/\/www.jyiele.com\/?s={search_term_string}\"},\"query-input\":{\"@type\":\"PropertyValueSpecification\",\"valueRequired\":true,\"valueName\":\"search_term_string\"}}],\"inLanguage\":\"fr-FR\"},{\"@type\":\"Organization\",\"@id\":\"https:\/\/www.jyiele.com\/#organization\",\"name\":\"JYIELE\",\"url\":\"https:\/\/www.jyiele.com\/\",\"logo\":{\"@type\":\"ImageObject\",\"inLanguage\":\"fr-FR\",\"@id\":\"https:\/\/www.jyiele.com\/#\/schema\/logo\/image\/\",\"url\":\"https:\/\/www.jyiele.com\/wp-content\/uploads\/2024\/09\/cropped-jyele-1.webp\",\"contentUrl\":\"https:\/\/www.jyiele.com\/wp-content\/uploads\/2024\/09\/cropped-jyele-1.webp\",\"width\":137,\"height\":60,\"caption\":\"JYIELE\"},\"image\":{\"@id\":\"https:\/\/www.jyiele.com\/#\/schema\/logo\/image\/\"}}]}<\/script>\n<!-- \/ Yoast SEO plugin. -->","yoast_head_json":{"title":"Ip65 Outdoorusing Waterproof PC Plastic Electrical Mcb Distribution Box Factory - JYIELE","robots":{"index":"index","follow":"follow","max-snippet":"max-snippet:-1","max-image-preview":"max-image-preview:large","max-video-preview":"max-video-preview:-1"},"canonical":"https:\/\/www.jyiele.com\/fr\/product\/ip65-outdoorusing-waterproof-pc-plastic-electrical-mcb-distribution-box\/","og_locale":"fr_FR","og_type":"article","og_title":"Ip65 Outdoorusing Waterproof PC Plastic Electrical Mcb Distribution Box Factory - JYIELE","og_description":"HT Series Plastic Distribution Box designed by international standard is a kind of attractive and durable one. It is safe, reliable, and widely used in factories, buildings, residences, shopping centers, and many other places.  Model Number: HT-3 Product Name: Electrical Distribution Box Application: Low Voltage Power Distribution System Color: Light Grey Installation Type: Surface Mount Protection Degree: IP65\/IP55\/IP44 Ways: 3 to 24 ways Warranty: 24 Months Rated Voltage: 220V-380V Rated Frequency: 50-60HZ Certification: CE, ROHS  &nbsp;","og_url":"https:\/\/www.jyiele.com\/fr\/product\/ip65-outdoorusing-waterproof-pc-plastic-electrical-mcb-distribution-box\/","og_site_name":"JYIELE","article_modified_time":"2025-03-09T11:35:15+00:00","og_image":[{"width":800,"height":800,"url":"https:\/\/www.jyiele.com\/wp-content\/uploads\/2024\/10\/HT-Series-Ip65-Outdoorusing-Waterproof-PC-Plastic-Electrical-Mcb-Distribution-Box.webp","type":"image\/webp"}],"twitter_card":"summary_large_image","twitter_misc":{"Dur\u00e9e de lecture estim\u00e9e":"1 minute"},"schema":{"@context":"https:\/\/schema.org","@graph":[{"@type":"WebPage","@id":"https:\/\/www.jyiele.com\/product\/ip65-outdoorusing-waterproof-pc-plastic-electrical-mcb-distribution-box\/","url":"https:\/\/www.jyiele.com\/product\/ip65-outdoorusing-waterproof-pc-plastic-electrical-mcb-distribution-box\/","name":"Ip65 Outdoorusing Waterproof PC Plastic Electrical Mcb Distribution Box Factory - JYIELE","isPartOf":{"@id":"https:\/\/www.jyiele.com\/#website"},"primaryImageOfPage":{"@id":"https:\/\/www.jyiele.com\/product\/ip65-outdoorusing-waterproof-pc-plastic-electrical-mcb-distribution-box\/#primaryimage"},"image":{"@id":"https:\/\/www.jyiele.com\/product\/ip65-outdoorusing-waterproof-pc-plastic-electrical-mcb-distribution-box\/#primaryimage"},"thumbnailUrl":"https:\/\/www.jyiele.com\/wp-content\/uploads\/2024\/10\/HT-Series-Ip65-Outdoorusing-Waterproof-PC-Plastic-Electrical-Mcb-Distribution-Box.webp","datePublished":"2024-10-16T11:51:04+00:00","dateModified":"2025-03-09T11:35:15+00:00","breadcrumb":{"@id":"https:\/\/www.jyiele.com\/product\/ip65-outdoorusing-waterproof-pc-plastic-electrical-mcb-distribution-box\/#breadcrumb"},"inLanguage":"fr-FR","potentialAction":[{"@type":"ReadAction","target":["https:\/\/www.jyiele.com\/product\/ip65-outdoorusing-waterproof-pc-plastic-electrical-mcb-distribution-box\/"]}]},{"@type":"ImageObject","inLanguage":"fr-FR","@id":"https:\/\/www.jyiele.com\/product\/ip65-outdoorusing-waterproof-pc-plastic-electrical-mcb-distribution-box\/#primaryimage","url":"https:\/\/www.jyiele.com\/wp-content\/uploads\/2024\/10\/HT-Series-Ip65-Outdoorusing-Waterproof-PC-Plastic-Electrical-Mcb-Distribution-Box.webp","contentUrl":"https:\/\/www.jyiele.com\/wp-content\/uploads\/2024\/10\/HT-Series-Ip65-Outdoorusing-Waterproof-PC-Plastic-Electrical-Mcb-Distribution-Box.webp","width":800,"height":800,"caption":"HT Series Ip65 Outdoorusing Waterproof PC Plastic Electrical Mcb Distribution Box"},{"@type":"BreadcrumbList","@id":"https:\/\/www.jyiele.com\/product\/ip65-outdoorusing-waterproof-pc-plastic-electrical-mcb-distribution-box\/#breadcrumb","itemListElement":[{"@type":"ListItem","position":1,"name":"Home","item":"https:\/\/www.jyiele.com\/"},{"@type":"ListItem","position":2,"name":"Product","item":"https:\/\/www.jyiele.com\/product\/"},{"@type":"ListItem","position":3,"name":"Waterproof Plastic Enclosure","item":"https:\/\/www.jyiele.com\/ja\/product-category\/waterproof-plastic-enclosure\/"},{"@type":"ListItem","position":4,"name":"HT Series Ip65 Outdoorusing Waterproof PC Plastic Electrical Mcb Distribution Box"}]},{"@type":"WebSite","@id":"https:\/\/www.jyiele.com\/#website","url":"https:\/\/www.jyiele.com\/","name":"JYIELE","description":"Fabricant de disjoncteurs \u00e0 vide","publisher":{"@id":"https:\/\/www.jyiele.com\/#organization"},"potentialAction":[{"@type":"SearchAction","target":{"@type":"EntryPoint","urlTemplate":"https:\/\/www.jyiele.com\/?s={search_term_string}"},"query-input":{"@type":"PropertyValueSpecification","valueRequired":true,"valueName":"search_term_string"}}],"inLanguage":"fr-FR"},{"@type":"Organization","@id":"https:\/\/www.jyiele.com\/#organization","name":"JYIELE","url":"https:\/\/www.jyiele.com\/","logo":{"@type":"ImageObject","inLanguage":"fr-FR","@id":"https:\/\/www.jyiele.com\/#\/schema\/logo\/image\/","url":"https:\/\/www.jyiele.com\/wp-content\/uploads\/2024\/09\/cropped-jyele-1.webp","contentUrl":"https:\/\/www.jyiele.com\/wp-content\/uploads\/2024\/09\/cropped-jyele-1.webp","width":137,"height":60,"caption":"JYIELE"},"image":{"@id":"https:\/\/www.jyiele.com\/#\/schema\/logo\/image\/"}}]}},"_links":{"self":[{"href":"https:\/\/www.jyiele.com\/fr\/wp-json\/wp\/v2\/product\/2113","targetHints":{"allow":["GET"]}}],"collection":[{"href":"https:\/\/www.jyiele.com\/fr\/wp-json\/wp\/v2\/product"}],"about":[{"href":"https:\/\/www.jyiele.com\/fr\/wp-json\/wp\/v2\/types\/product"}],"version-history":[{"count":1,"href":"https:\/\/www.jyiele.com\/fr\/wp-json\/wp\/v2\/product\/2113\/revisions"}],"predecessor-version":[{"id":2118,"href":"https:\/\/www.jyiele.com\/fr\/wp-json\/wp\/v2\/product\/2113\/revisions\/2118"}],"wp:featuredmedia":[{"embeddable":true,"href":"https:\/\/www.jyiele.com\/fr\/wp-json\/wp\/v2\/media\/2116"}],"wp:attachment":[{"href":"https:\/\/www.jyiele.com\/fr\/wp-json\/wp\/v2\/media?parent=2113"}],"wp:term":[{"taxonomy":"product_brand","embeddable":true,"href":"https:\/\/www.jyiele.com\/fr\/wp-json\/wp\/v2\/product_brand?post=2113"},{"taxonomy":"product_cat","embeddable":true,"href":"https:\/\/www.jyiele.com\/fr\/wp-json\/wp\/v2\/product_cat?post=2113"},{"taxonomy":"product_tag","embeddable":true,"href":"https:\/\/www.jyiele.com\/fr\/wp-json\/wp\/v2\/product_tag?post=2113"}],"curies":[{"name":"wp","href":"https:\/\/api.w.org\/{rel}","templated":true}]}}