{"id":2138,"date":"2024-10-16T12:32:07","date_gmt":"2024-10-16T12:32:07","guid":{"rendered":"https:\/\/www.jy-electric.com\/?post_type=product&#038;p=2138"},"modified":"2025-03-09T11:34:08","modified_gmt":"2025-03-09T11:34:08","slug":"waterproof-electrical-plastic-junction-box-with-hinge","status":"publish","type":"product","link":"https:\/\/www.jyiele.com\/fr\/product\/waterproof-electrical-plastic-junction-box-with-hinge\/","title":{"rendered":"Bo\u00eete de jonction \u00e9lectrique en plastique \u00e9tanche avec charni\u00e8re, s\u00e9rie F"},"content":{"rendered":"<h2>Bo\u00eete de jonction \u00e9lectrique \u00e9tanche en plastique avec charni\u00e8re<\/h2>\n<p>Dot\u00e9e d'une charni\u00e8re et d'un loquet facilitant l'acc\u00e8s, cette bo\u00eete de jonction est \u00e9quip\u00e9e de boucles robustes qui garantissent une \u00e9tanch\u00e9it\u00e9 s\u00fbre, am\u00e9liorant \u00e0 la fois l'imperm\u00e9abilit\u00e9 et la s\u00e9curit\u00e9 \u00e9lectrique. Le mat\u00e9riau durable offre une excellente r\u00e9sistance aux rayons UV, aux conditions m\u00e9t\u00e9orologiques et \u00e0 la corrosion, ce qui en fait un produit id\u00e9al pour une utilisation \u00e0 long terme.<\/p>\n<h2>Application :<\/h2>\n<p>Cette bo\u00eete de jonction \u00e9tanche convient \u00e0 un large \u00e9ventail d'applications int\u00e9rieures et ext\u00e9rieures, notamment les syst\u00e8mes \u00e9lectriques, les communications, les \u00e9quipements de lutte contre l'incendie, la sid\u00e9rurgie, les industries p\u00e9trochimiques, l'\u00e9lectronique, les r\u00e9seaux \u00e9lectriques, les chemins de fer, les b\u00e2timents, l'exploitation mini\u00e8re, les a\u00e9roports, les ports maritimes, les h\u00f4tels, les navires, les installations industrielles, le traitement des eaux us\u00e9es et les \u00e9quipements de protection de l'environnement.<\/p>\n<h2>Installation :<\/h2>\n<p>Interne : La base comprend des trous d'installation pr\u00e9-perc\u00e9s pour le montage de cartes de circuits imprim\u00e9s ou de rails DIN (chaque bo\u00eete est livr\u00e9e avec plus de 2 \u00e9crous en laiton M4).<br \/>\nExt\u00e9rieur : Peut \u00eatre mont\u00e9 directement sur des murs ou des surfaces planes \u00e0 l'aide de vis ou de clous \u00e0 travers les trous pr\u00e9-perc\u00e9s dans la base.<\/p>\n<p>Trou de sortie :<\/p>\n<p>Des trous de sortie personnalisables peuvent \u00eatre ajout\u00e9s en fonction des besoins du client, et l'installation de presse-\u00e9toupes am\u00e9liore les performances d'\u00e9tanch\u00e9it\u00e9.<\/p>\n<h4 class=\"wp-block-heading\">Mod\u00e8le de produit nomm\u00e9<\/h4>\n<figure class=\"wp-block-table\">\n<div class=\"scroll\">\n<table>\n<tbody>\n<tr>\n<td rowspan=\"8\">Mod\u00e8le AGF-20\/30\/160<\/td>\n<td>A<\/td>\n<td>mat\u00e9riel<\/td>\n<td>A:ABS P:PC<\/td>\n<\/tr>\n<tr>\n<td>G<\/td>\n<td>Couleur du couvercle<\/td>\n<td>G:Gris T:Transparent<\/td>\n<\/tr>\n<tr>\n<td rowspan=\"3\">F<\/td>\n<td rowspan=\"3\">type<\/td>\n<td>F:Points d'articulation en plastique en forme<\/td>\n<\/tr>\n<tr>\n<td>P:Charni\u00e8re en plastique en forme<\/td>\n<\/tr>\n<tr>\n<td>H : charni\u00e8re et serrure en acier inoxydable<\/td>\n<\/tr>\n<tr>\n<td>20<\/td>\n<td>Largeur (W)<\/td>\n<td><\/td>\n<\/tr>\n<tr>\n<td>30<\/td>\n<td>Longueur (L)<\/td>\n<td>Verrouiller la surface de montage<\/td>\n<\/tr>\n<tr>\n<td>160<\/td>\n<td>Fortement (H)<\/td>\n<td>Avec couvercle<\/td>\n<\/tr>\n<\/tbody>\n<\/table>\n<\/div>\n<\/figure>\n<h4 class=\"wp-block-heading\">Param\u00e8tres techniques<\/h4>\n<figure class=\"wp-block-table\">\n<div class=\"scroll\">\n<table>\n<tbody>\n<tr>\n<td colspan=\"2\"><strong>D\u00e9crire<\/strong><\/td>\n<td>PC (polycarbonate)<\/td>\n<td>ABS<\/td>\n<\/tr>\n<tr>\n<td colspan=\"2\">Degr\u00e9 de protection (EN 60529)<\/td>\n<td>IP65<\/td>\n<td>IP65<\/td>\n<\/tr>\n<tr>\n<td colspan=\"2\">R\u00e9sistance aux chocs (EN 62262)<\/td>\n<td>IK08<\/td>\n<td>IK08<\/td>\n<\/tr>\n<tr>\n<td colspan=\"2\">Plage de temp\u00e9rature (court terme)<\/td>\n<td>-40\u2103~120\u2103<\/td>\n<td>-40\u2103~80\u2103<\/td>\n<\/tr>\n<tr>\n<td colspan=\"2\">Plage de temp\u00e9rature (continue)<\/td>\n<td>-40\u2103~80\u2103<\/td>\n<td>-40\u2103~60\u2103<\/td>\n<\/tr>\n<tr>\n<td colspan=\"2\">Isolation<\/td>\n<td>Enti\u00e8rement isol\u00e9e<\/td>\n<td>Enti\u00e8rement isol\u00e9e<\/td>\n<\/tr>\n<tr>\n<td rowspan=\"2\">Couleur et brillance<\/td>\n<td>opaque-Partie gris clair<\/td>\n<td>RAL 7035<\/td>\n<td>RAL 7035<\/td>\n<\/tr>\n<tr>\n<td>transparent-PC cover part<\/td>\n<td>transparent\/gris fum\u00e9e<\/td>\n<td>transparent\/gris fum\u00e9e<\/td>\n<\/tr>\n<tr>\n<td colspan=\"2\">Couleur des charni\u00e8res\/boucles (PC)<\/td>\n<td>RAL 7035<\/td>\n<td>RAL 7035<\/td>\n<\/tr>\n<tr>\n<td colspan=\"2\">Joint d'\u00e9tanch\u00e9it\u00e9<\/td>\n<td>PUR\/EPDM<\/td>\n<td>PUR\/EPDM<\/td>\n<\/tr>\n<tr>\n<td colspan=\"2\">Grade ignifuge<\/td>\n<td>UL94-5V<\/td>\n<td>UL94HB<\/td>\n<\/tr>\n<tr>\n<td colspan=\"2\">Essai au fil incandescent (IEC695-2-1)<\/td>\n<td>960\u2103<\/td>\n<td>650\u2103<\/td>\n<\/tr>\n<tr>\n<td colspan=\"2\">Non toxique<\/td>\n<td>Sans halog\u00e8ne<\/td>\n<td>Sans halog\u00e8ne<\/td>\n<\/tr>\n<tr>\n<td colspan=\"2\">Test Uv<\/td>\n<td>UL 508(IN Machine de vieillissement 720h)<\/td>\n<td><\/td>\n<\/tr>\n<tr>\n<td colspan=\"2\">R\u00e9sistance aux produits chimiques<\/td>\n<td>Bon<\/td>\n<td>Bon<\/td>\n<\/tr>\n<\/tbody>\n<\/table>\n<\/div>\n<\/figure>\n<h4 class=\"wp-block-heading\">Sp\u00e9cification du produit<\/h4>\n<figure class=\"wp-block-table\">\n<div class=\"scroll\">\n<table>\n<tbody>\n<tr>\n<td>W*H*D<\/td>\n<td colspan=\"2\">ABS Couvercle solide<\/td>\n<td colspan=\"2\">PC Couvercle solide<\/td>\n<td>Indice IP<\/td>\n<\/tr>\n<tr>\n<td>Dimension du contour (MM)<\/td>\n<td>Mod\u00e8le<\/td>\n<td>Code de commande<\/td>\n<td>Mod\u00e8le<\/td>\n<td>Code de commande<\/td>\n<td>IP65<\/td>\n<\/tr>\n<tr>\n<td>300*200*160<\/td>\n<td>AG-3020160<\/td>\n<td>042429191400017<\/td>\n<td>PG-3020160<\/td>\n<td>042429191400019<\/td>\n<td>IP65<\/td>\n<\/tr>\n<tr>\n<td>300*200*170<\/td>\n<td>AG-3020170<\/td>\n<td>00203020170069<\/td>\n<td>PG-3020170<\/td>\n<td>00203020170075<\/td>\n<td>IP65<\/td>\n<\/tr>\n<tr>\n<td>300*200*180<\/td>\n<td>AG-3020180<\/td>\n<td>00303020180075<\/td>\n<td>PG-3020180<\/td>\n<td>00303020180081<\/td>\n<td>IP65<\/td>\n<\/tr>\n<tr>\n<td>400*300*170<\/td>\n<td>AG-3040170<\/td>\n<td>00403040170081<\/td>\n<td>PG-3040170<\/td>\n<td>00403040170115<\/td>\n<td>IP65<\/td>\n<\/tr>\n<tr>\n<td>400*300*180<\/td>\n<td>AG-3040180<\/td>\n<td>005030400180081<\/td>\n<td>PG-3040180<\/td>\n<td>005030400180122<\/td>\n<td>IP65<\/td>\n<\/tr>\n<tr>\n<td>500*400*200<\/td>\n<td>AG-4050200<\/td>\n<td>00604050222140<\/td>\n<td>PG-4050200<\/td>\n<td>00604050200209<\/td>\n<td>IP65<\/td>\n<\/tr>\n<tr>\n<td>600*500*220<\/td>\n<td>AG-5060220<\/td>\n<td>007050600205<\/td>\n<td>PG-5060220<\/td>\n<td>007050600235<\/td>\n<td>IP65<\/td>\n<\/tr>\n<tr>\n<td>150*100*70<\/td>\n<td>AG-151070<\/td>\n<td>04201510700001<\/td>\n<td>PG-151070<\/td>\n<td>04201510700003<\/td>\n<td>IP65<\/td>\n<\/tr>\n<tr>\n<td>150*150*90<\/td>\n<td>AG-151590<\/td>\n<td>04211515900005<\/td>\n<td>PG-151590<\/td>\n<td>04211515900007<\/td>\n<td>IP65<\/td>\n<\/tr>\n<tr>\n<td>200*100*70<\/td>\n<td>AG-201070<\/td>\n<td>04222010700009<\/td>\n<td>PG-201070<\/td>\n<td>04222010700011<\/td>\n<td>IP65<\/td>\n<\/tr>\n<tr>\n<td>220*170*110<\/td>\n<td>AG-2217110<\/td>\n<td>042322171100013<\/td>\n<td>PG-2217110<\/td>\n<td>042322171100015<\/td>\n<td>IP65<\/td>\n<\/tr>\n<tr>\n<td>290*190*140<\/td>\n<td>AG-2919140<\/td>\n<td>042429191400017<\/td>\n<td>PG-2919140<\/td>\n<td>042429191400019<\/td>\n<td>IP65<\/td>\n<\/tr>\n<tr>\n<td>330*330*130<\/td>\n<td>AG-3333130<\/td>\n<td>042533331300021<\/td>\n<td>PG-3333130<\/td>\n<td>042533331300023<\/td>\n<td>IP65<\/td>\n<\/tr>\n<tr>\n<td>390*290*160<\/td>\n<td>AG-3929160<\/td>\n<td>042639291600025<\/td>\n<td>PG-3929160<\/td>\n<td>042639291600027<\/td>\n<td>IP65<\/td>\n<\/tr>\n<\/tbody>\n<\/table>\n<\/div>\n<\/figure>\n<h4 class=\"wp-block-heading\"><\/h4>","protected":false},"excerpt":{"rendered":"<p>Le <strong>Bo\u00eete de jonction \u00e9lectrique \u00e9tanche en plastique<\/strong> est con\u00e7u pour prot\u00e9ger et \u00e9tanch\u00e9ifier en toute s\u00e9curit\u00e9 votre application gr\u00e2ce \u00e0 un couvercle \u00e0 charni\u00e8re et \u00e0 loquet. Fabriqu\u00e9 \u00e0 partir d'un mat\u00e9riau r\u00e9sistant aux UV pour une longue dur\u00e9e de vie dans les environnements difficiles. Il s'adapte aux trous de sortie des clients pour les entr\u00e9es ou les fils de montage gr\u00e2ce \u00e0 plusieurs options d'installation simples et faciles, ce qui permet de l'utiliser \u00e0 l'int\u00e9rieur et \u00e0 l'ext\u00e9rieur dans de nombreuses applications.<\/p>","protected":false},"featured_media":2141,"template":"","meta":{"site-sidebar-layout":"default","site-content-layout":"","ast-site-content-layout":"default","site-content-style":"default","site-sidebar-style":"default","ast-global-header-display":"","ast-banner-title-visibility":"","ast-main-header-display":"","ast-hfb-above-header-display":"","ast-hfb-below-header-display":"","ast-hfb-mobile-header-display":"","site-post-title":"","ast-breadcrumbs-content":"","ast-featured-img":"","footer-sml-layout":"","ast-disable-related-posts":"","theme-transparent-header-meta":"default","adv-header-id-meta":"","stick-header-meta":"","header-above-stick-meta":"","header-main-stick-meta":"","header-below-stick-meta":"","astra-migrate-meta-layouts":"set","ast-page-background-enabled":"default","ast-page-background-meta":{"desktop":{"background-color":"var(--ast-global-color-4)","background-image":"","background-repeat":"repeat","background-position":"center center","background-size":"auto","background-attachment":"scroll","background-type":"","background-media":"","overlay-type":"","overlay-color":"","overlay-opacity":"","overlay-gradient":""},"tablet":{"background-color":"","background-image":"","background-repeat":"repeat","background-position":"center center","background-size":"auto","background-attachment":"scroll","background-type":"","background-media":"","overlay-type":"","overlay-color":"","overlay-opacity":"","overlay-gradient":""},"mobile":{"background-color":"","background-image":"","background-repeat":"repeat","background-position":"center center","background-size":"auto","background-attachment":"scroll","background-type":"","background-media":"","overlay-type":"","overlay-color":"","overlay-opacity":"","overlay-gradient":""}},"ast-content-background-meta":{"desktop":{"background-color":"var(--ast-global-color-5)","background-image":"","background-repeat":"repeat","background-position":"center center","background-size":"auto","background-attachment":"scroll","background-type":"","background-media":"","overlay-type":"","overlay-color":"","overlay-opacity":"","overlay-gradient":""},"tablet":{"background-color":"var(--ast-global-color-5)","background-image":"","background-repeat":"repeat","background-position":"center center","background-size":"auto","background-attachment":"scroll","background-type":"","background-media":"","overlay-type":"","overlay-color":"","overlay-opacity":"","overlay-gradient":""},"mobile":{"background-color":"var(--ast-global-color-5)","background-image":"","background-repeat":"repeat","background-position":"center center","background-size":"auto","background-attachment":"scroll","background-type":"","background-media":"","overlay-type":"","overlay-color":"","overlay-opacity":"","overlay-gradient":""}}},"product_brand":[],"product_cat":[23],"product_tag":[],"class_list":{"0":"post-2138","1":"product","2":"type-product","3":"status-publish","4":"has-post-thumbnail","6":"product_cat-waterproof-plastic-enclosure","7":"desktop-align-left","8":"tablet-align-left","9":"mobile-align-left","11":"first","12":"instock","13":"shipping-taxable","14":"product-type-simple"},"yoast_head":"<!-- This site is optimized with the Yoast SEO plugin v24.8.1 - https:\/\/yoast.com\/wordpress\/plugins\/seo\/ -->\n<title>F Series Waterproof Electrical Plastic Junction Box With Hinge - JYIELE<\/title>\n<meta name=\"robots\" content=\"index, follow, max-snippet:-1, max-image-preview:large, max-video-preview:-1\" \/>\n<link rel=\"canonical\" href=\"https:\/\/www.jyiele.com\/fr\/product\/waterproof-electrical-plastic-junction-box-with-hinge\/\" \/>\n<meta property=\"og:locale\" content=\"fr_FR\" \/>\n<meta property=\"og:type\" content=\"article\" \/>\n<meta property=\"og:title\" content=\"F Series Waterproof Electrical Plastic Junction Box With Hinge - JYIELE\" \/>\n<meta property=\"og:description\" content=\"The Waterproof Electrical Plastic Junction Box is designed to protect and safely weatherproof your application with a hinged and latched lid. Manufactured from heavy-duty UV-resistant material for long service in harsh environments. Accommodates customer outlet holes for inlets or mounting wires with several easy, simple installation options, making it suitable for indoor and outdoor usage in many applications.\" \/>\n<meta property=\"og:url\" content=\"https:\/\/www.jyiele.com\/fr\/product\/waterproof-electrical-plastic-junction-box-with-hinge\/\" \/>\n<meta property=\"og:site_name\" content=\"JYIELE\" \/>\n<meta property=\"article:modified_time\" content=\"2025-03-09T11:34:08+00:00\" \/>\n<meta property=\"og:image\" content=\"https:\/\/www.jyiele.com\/wp-content\/uploads\/2024\/10\/Electrical-Plastic-Junction-Box.webp\" \/>\n\t<meta property=\"og:image:width\" content=\"800\" \/>\n\t<meta property=\"og:image:height\" content=\"800\" \/>\n\t<meta property=\"og:image:type\" content=\"image\/webp\" \/>\n<meta name=\"twitter:card\" content=\"summary_large_image\" \/>\n<meta name=\"twitter:label1\" content=\"Dur\u00e9e de lecture estim\u00e9e\" \/>\n\t<meta name=\"twitter:data1\" content=\"2 minutes\" \/>\n<script type=\"application\/ld+json\" class=\"yoast-schema-graph\">{\"@context\":\"https:\/\/schema.org\",\"@graph\":[{\"@type\":\"WebPage\",\"@id\":\"https:\/\/www.jyiele.com\/ja\/product\/waterproof-electrical-plastic-junction-box-with-hinge\/\",\"url\":\"https:\/\/www.jyiele.com\/ja\/product\/waterproof-electrical-plastic-junction-box-with-hinge\/\",\"name\":\"F Series Waterproof Electrical Plastic Junction Box With Hinge - JYIELE\",\"isPartOf\":{\"@id\":\"https:\/\/www.jyiele.com\/#website\"},\"primaryImageOfPage\":{\"@id\":\"https:\/\/www.jyiele.com\/ja\/product\/waterproof-electrical-plastic-junction-box-with-hinge\/#primaryimage\"},\"image\":{\"@id\":\"https:\/\/www.jyiele.com\/ja\/product\/waterproof-electrical-plastic-junction-box-with-hinge\/#primaryimage\"},\"thumbnailUrl\":\"https:\/\/www.jyiele.com\/wp-content\/uploads\/2024\/10\/Electrical-Plastic-Junction-Box.webp\",\"datePublished\":\"2024-10-16T12:32:07+00:00\",\"dateModified\":\"2025-03-09T11:34:08+00:00\",\"breadcrumb\":{\"@id\":\"https:\/\/www.jyiele.com\/ja\/product\/waterproof-electrical-plastic-junction-box-with-hinge\/#breadcrumb\"},\"inLanguage\":\"fr-FR\",\"potentialAction\":[{\"@type\":\"ReadAction\",\"target\":[\"https:\/\/www.jyiele.com\/ja\/product\/waterproof-electrical-plastic-junction-box-with-hinge\/\"]}]},{\"@type\":\"ImageObject\",\"inLanguage\":\"fr-FR\",\"@id\":\"https:\/\/www.jyiele.com\/ja\/product\/waterproof-electrical-plastic-junction-box-with-hinge\/#primaryimage\",\"url\":\"https:\/\/www.jyiele.com\/wp-content\/uploads\/2024\/10\/Electrical-Plastic-Junction-Box.webp\",\"contentUrl\":\"https:\/\/www.jyiele.com\/wp-content\/uploads\/2024\/10\/Electrical-Plastic-Junction-Box.webp\",\"width\":800,\"height\":800,\"caption\":\"Electrical Plastic Junction Box\"},{\"@type\":\"BreadcrumbList\",\"@id\":\"https:\/\/www.jyiele.com\/ja\/product\/waterproof-electrical-plastic-junction-box-with-hinge\/#breadcrumb\",\"itemListElement\":[{\"@type\":\"ListItem\",\"position\":1,\"name\":\"Home\",\"item\":\"https:\/\/www.jyiele.com\/\"},{\"@type\":\"ListItem\",\"position\":2,\"name\":\"Product\",\"item\":\"https:\/\/www.jyiele.com\/product\/\"},{\"@type\":\"ListItem\",\"position\":3,\"name\":\"Waterproof Plastic Enclosure\",\"item\":\"https:\/\/www.jyiele.com\/ja\/product-category\/waterproof-plastic-enclosure\/\"},{\"@type\":\"ListItem\",\"position\":4,\"name\":\"F Series Waterproof Electrical Plastic Junction Box With Hinge\"}]},{\"@type\":\"WebSite\",\"@id\":\"https:\/\/www.jyiele.com\/#website\",\"url\":\"https:\/\/www.jyiele.com\/\",\"name\":\"JYIELE\",\"description\":\"Vacuum Circuit Breaker manufacturer\",\"publisher\":{\"@id\":\"https:\/\/www.jyiele.com\/#organization\"},\"potentialAction\":[{\"@type\":\"SearchAction\",\"target\":{\"@type\":\"EntryPoint\",\"urlTemplate\":\"https:\/\/www.jyiele.com\/?s={search_term_string}\"},\"query-input\":{\"@type\":\"PropertyValueSpecification\",\"valueRequired\":true,\"valueName\":\"search_term_string\"}}],\"inLanguage\":\"fr-FR\"},{\"@type\":\"Organization\",\"@id\":\"https:\/\/www.jyiele.com\/#organization\",\"name\":\"JYIELE\",\"url\":\"https:\/\/www.jyiele.com\/\",\"logo\":{\"@type\":\"ImageObject\",\"inLanguage\":\"fr-FR\",\"@id\":\"https:\/\/www.jyiele.com\/#\/schema\/logo\/image\/\",\"url\":\"https:\/\/www.jyiele.com\/wp-content\/uploads\/2024\/09\/cropped-jyele-1.webp\",\"contentUrl\":\"https:\/\/www.jyiele.com\/wp-content\/uploads\/2024\/09\/cropped-jyele-1.webp\",\"width\":137,\"height\":60,\"caption\":\"JYIELE\"},\"image\":{\"@id\":\"https:\/\/www.jyiele.com\/#\/schema\/logo\/image\/\"}}]}<\/script>\n<!-- \/ Yoast SEO plugin. -->","yoast_head_json":{"title":"Bo\u00eete de jonction \u00e9lectrique en plastique \u00e9tanche avec charni\u00e8re s\u00e9rie F - JYIELE","robots":{"index":"index","follow":"follow","max-snippet":"max-snippet:-1","max-image-preview":"max-image-preview:large","max-video-preview":"max-video-preview:-1"},"canonical":"https:\/\/www.jyiele.com\/fr\/product\/waterproof-electrical-plastic-junction-box-with-hinge\/","og_locale":"fr_FR","og_type":"article","og_title":"F Series Waterproof Electrical Plastic Junction Box With Hinge - JYIELE","og_description":"The Waterproof Electrical Plastic Junction Box is designed to protect and safely weatherproof your application with a hinged and latched lid. Manufactured from heavy-duty UV-resistant material for long service in harsh environments. Accommodates customer outlet holes for inlets or mounting wires with several easy, simple installation options, making it suitable for indoor and outdoor usage in many applications.","og_url":"https:\/\/www.jyiele.com\/fr\/product\/waterproof-electrical-plastic-junction-box-with-hinge\/","og_site_name":"JYIELE","article_modified_time":"2025-03-09T11:34:08+00:00","og_image":[{"width":800,"height":800,"url":"https:\/\/www.jyiele.com\/wp-content\/uploads\/2024\/10\/Electrical-Plastic-Junction-Box.webp","type":"image\/webp"}],"twitter_card":"summary_large_image","twitter_misc":{"Dur\u00e9e de lecture estim\u00e9e":"2 minutes"},"schema":{"@context":"https:\/\/schema.org","@graph":[{"@type":"WebPage","@id":"https:\/\/www.jyiele.com\/ja\/product\/waterproof-electrical-plastic-junction-box-with-hinge\/","url":"https:\/\/www.jyiele.com\/ja\/product\/waterproof-electrical-plastic-junction-box-with-hinge\/","name":"Bo\u00eete de jonction \u00e9lectrique en plastique \u00e9tanche avec charni\u00e8re s\u00e9rie F - JYIELE","isPartOf":{"@id":"https:\/\/www.jyiele.com\/#website"},"primaryImageOfPage":{"@id":"https:\/\/www.jyiele.com\/ja\/product\/waterproof-electrical-plastic-junction-box-with-hinge\/#primaryimage"},"image":{"@id":"https:\/\/www.jyiele.com\/ja\/product\/waterproof-electrical-plastic-junction-box-with-hinge\/#primaryimage"},"thumbnailUrl":"https:\/\/www.jyiele.com\/wp-content\/uploads\/2024\/10\/Electrical-Plastic-Junction-Box.webp","datePublished":"2024-10-16T12:32:07+00:00","dateModified":"2025-03-09T11:34:08+00:00","breadcrumb":{"@id":"https:\/\/www.jyiele.com\/ja\/product\/waterproof-electrical-plastic-junction-box-with-hinge\/#breadcrumb"},"inLanguage":"fr-FR","potentialAction":[{"@type":"ReadAction","target":["https:\/\/www.jyiele.com\/ja\/product\/waterproof-electrical-plastic-junction-box-with-hinge\/"]}]},{"@type":"ImageObject","inLanguage":"fr-FR","@id":"https:\/\/www.jyiele.com\/ja\/product\/waterproof-electrical-plastic-junction-box-with-hinge\/#primaryimage","url":"https:\/\/www.jyiele.com\/wp-content\/uploads\/2024\/10\/Electrical-Plastic-Junction-Box.webp","contentUrl":"https:\/\/www.jyiele.com\/wp-content\/uploads\/2024\/10\/Electrical-Plastic-Junction-Box.webp","width":800,"height":800,"caption":"Electrical Plastic Junction Box"},{"@type":"BreadcrumbList","@id":"https:\/\/www.jyiele.com\/ja\/product\/waterproof-electrical-plastic-junction-box-with-hinge\/#breadcrumb","itemListElement":[{"@type":"ListItem","position":1,"name":"Home","item":"https:\/\/www.jyiele.com\/"},{"@type":"ListItem","position":2,"name":"Product","item":"https:\/\/www.jyiele.com\/product\/"},{"@type":"ListItem","position":3,"name":"Waterproof Plastic Enclosure","item":"https:\/\/www.jyiele.com\/ja\/product-category\/waterproof-plastic-enclosure\/"},{"@type":"ListItem","position":4,"name":"F Series Waterproof Electrical Plastic Junction Box With Hinge"}]},{"@type":"WebSite","@id":"https:\/\/www.jyiele.com\/#website","url":"https:\/\/www.jyiele.com\/","name":"JYIELE","description":"Fabricant de disjoncteurs \u00e0 vide","publisher":{"@id":"https:\/\/www.jyiele.com\/#organization"},"potentialAction":[{"@type":"SearchAction","target":{"@type":"EntryPoint","urlTemplate":"https:\/\/www.jyiele.com\/?s={search_term_string}"},"query-input":{"@type":"PropertyValueSpecification","valueRequired":true,"valueName":"search_term_string"}}],"inLanguage":"fr-FR"},{"@type":"Organization","@id":"https:\/\/www.jyiele.com\/#organization","name":"JYIELE","url":"https:\/\/www.jyiele.com\/","logo":{"@type":"ImageObject","inLanguage":"fr-FR","@id":"https:\/\/www.jyiele.com\/#\/schema\/logo\/image\/","url":"https:\/\/www.jyiele.com\/wp-content\/uploads\/2024\/09\/cropped-jyele-1.webp","contentUrl":"https:\/\/www.jyiele.com\/wp-content\/uploads\/2024\/09\/cropped-jyele-1.webp","width":137,"height":60,"caption":"JYIELE"},"image":{"@id":"https:\/\/www.jyiele.com\/#\/schema\/logo\/image\/"}}]}},"_links":{"self":[{"href":"https:\/\/www.jyiele.com\/fr\/wp-json\/wp\/v2\/product\/2138","targetHints":{"allow":["GET"]}}],"collection":[{"href":"https:\/\/www.jyiele.com\/fr\/wp-json\/wp\/v2\/product"}],"about":[{"href":"https:\/\/www.jyiele.com\/fr\/wp-json\/wp\/v2\/types\/product"}],"version-history":[{"count":2,"href":"https:\/\/www.jyiele.com\/fr\/wp-json\/wp\/v2\/product\/2138\/revisions"}],"predecessor-version":[{"id":2142,"href":"https:\/\/www.jyiele.com\/fr\/wp-json\/wp\/v2\/product\/2138\/revisions\/2142"}],"wp:featuredmedia":[{"embeddable":true,"href":"https:\/\/www.jyiele.com\/fr\/wp-json\/wp\/v2\/media\/2141"}],"wp:attachment":[{"href":"https:\/\/www.jyiele.com\/fr\/wp-json\/wp\/v2\/media?parent=2138"}],"wp:term":[{"taxonomy":"product_brand","embeddable":true,"href":"https:\/\/www.jyiele.com\/fr\/wp-json\/wp\/v2\/product_brand?post=2138"},{"taxonomy":"product_cat","embeddable":true,"href":"https:\/\/www.jyiele.com\/fr\/wp-json\/wp\/v2\/product_cat?post=2138"},{"taxonomy":"product_tag","embeddable":true,"href":"https:\/\/www.jyiele.com\/fr\/wp-json\/wp\/v2\/product_tag?post=2138"}],"curies":[{"name":"wp","href":"https:\/\/api.w.org\/{rel}","templated":true}]}}