{"id":2143,"date":"2024-10-16T12:45:56","date_gmt":"2024-10-16T12:45:56","guid":{"rendered":"https:\/\/www.jy-electric.com\/?post_type=product&#038;p=2143"},"modified":"2025-03-09T11:34:16","modified_gmt":"2025-03-09T11:34:16","slug":"water-proof-control-panel-enclosure","status":"publish","type":"product","link":"https:\/\/www.jyiele.com\/fr\/product\/water-proof-control-panel-enclosure\/","title":{"rendered":"Bo\u00eetier de panneau de contr\u00f4le \u00e9tanche de type \u00e9conomique - S\u00e9rie A \u00e9conomique"},"content":{"rendered":"<h2>Caract\u00e9ristiques principales :<\/h2>\n<p>Panneau d'installation amovible : Le panneau amovible permettant de multiples r\u00e9installations simplifie le montage et la fixation de diff\u00e9rents composants \u00e9lectroniques.<br \/>\nVari\u00e9t\u00e9 d'options : Disponibles en diff\u00e9rentes tailles, mat\u00e9riaux, styles, couleurs et m\u00e9thodes de fixation pour r\u00e9pondre \u00e0 toutes sortes d'utilisations.<br \/>\nOuverture personnalis\u00e9e : L'ouverture circulaire et le traitement personnalis\u00e9 (CNC, marquage au laser, s\u00e9rigraphie) sont accept\u00e9s sur demande.<\/p>\n<h2>Applications :<\/h2>\n<p>Convient aux applications int\u00e9rieures et ext\u00e9rieures, notamment aux syst\u00e8mes \u00e9lectriques, aux t\u00e9l\u00e9communications, aux appareils de lutte contre l'incendie, \u00e0 la sid\u00e9rurgie, \u00e0 la p\u00e9trochimie, \u00e0 l'industrie \u00e9lectronique, \u00e0 la transmission et \u00e0 la distribution d'\u00e9nergie, au rail, \u00e0 la construction, \u00e0 l'exploitation mini\u00e8re, aux a\u00e9roports, aux ports maritimes, aux h\u00f4tels, aux navires, \u00e0 l'automatisation industrielle, au traitement des eaux us\u00e9es et \u00e0 la protection de l'environnement.<\/p>\n<h2>Installation<\/h2>\n<p>Interne : Les options d'installation suivantes sont pr\u00e9vues \u00e0 l'int\u00e9rieur du bo\u00eetier - trous avec plus de deux \u00e9crous en laiton M4 pour le montage de cartes de circuits imprim\u00e9s ou de rails DIN.<br \/>\nExt\u00e9rieur : Peut \u00eatre mont\u00e9 sur un mur ou sur toute surface plane \u00e0 l'aide de vis ou de clous \u00e0 travers les trous pr\u00e9-perc\u00e9s dans le fond du bo\u00eetier. Trou de sortie : Un trou de sortie personnalis\u00e9 peut \u00eatre fourni, et l'installation de presse-\u00e9toupes est \u00e9galement acceptable pour une meilleure \u00e9tanch\u00e9it\u00e9.<\/p>\n<h4 class=\"wp-block-heading\">Sp\u00e9cification du produit<\/h4>\n<figure class=\"wp-block-table\">\n<div class=\"scroll\">\n<table>\n<tbody>\n<tr>\n<td>sp\u00e9cifications<\/td>\n<td>L*L*H(mm)<\/td>\n<\/tr>\n<tr>\n<td>A-10060500<\/td>\n<td rowspan=\"2\">100*68*50<\/td>\n<\/tr>\n<tr>\n<td>A-1006050T<\/td>\n<\/tr>\n<tr>\n<td>A-2012075G<\/td>\n<td rowspan=\"2\">200*120*75<\/td>\n<\/tr>\n<tr>\n<td>A-2012075T<\/td>\n<\/tr>\n<tr>\n<td>A-1611090G<\/td>\n<td rowspan=\"2\">160*110*90<\/td>\n<\/tr>\n<tr>\n<td>A-1611090T<\/td>\n<\/tr>\n<tr>\n<td>A-1109055G<\/td>\n<td rowspan=\"2\">115*90*55<\/td>\n<\/tr>\n<tr>\n<td>A-1109055T<\/td>\n<\/tr>\n<tr>\n<td>A-1010070G<\/td>\n<td rowspan=\"2\">100*100*70<\/td>\n<\/tr>\n<tr>\n<td>A-1010070T<\/td>\n<\/tr>\n<tr>\n<td>A-1212090G<\/td>\n<td rowspan=\"2\">120*120*90<\/td>\n<\/tr>\n<tr>\n<td>A-12120907<\/td>\n<\/tr>\n<tr>\n<td>A-1509060G<\/td>\n<td rowspan=\"2\">158*90*60<\/td>\n<\/tr>\n<tr>\n<td>A-15090601<\/td>\n<\/tr>\n<tr>\n<td>A-1616090G<\/td>\n<td rowspan=\"2\">160*160*90<\/td>\n<\/tr>\n<tr>\n<td>A-16160901<\/td>\n<\/tr>\n<tr>\n<td>A-2020095G<\/td>\n<td rowspan=\"2\">200*200*95<\/td>\n<\/tr>\n<tr>\n<td>A-2020095T<\/td>\n<\/tr>\n<tr>\n<td>A-2315080G<\/td>\n<td rowspan=\"2\">230*150*87<\/td>\n<\/tr>\n<tr>\n<td>A-2315080T<\/td>\n<\/tr>\n<tr>\n<td>A-3224110G<\/td>\n<td rowspan=\"2\">320*240*110<\/td>\n<\/tr>\n<tr>\n<td>A-3224110T<\/td>\n<\/tr>\n<\/tbody>\n<\/table>\n<\/div>\n<\/figure>\n<h4 class=\"wp-block-heading\"><\/h4>","protected":false},"excerpt":{"rendered":"<p>Le pr\u00e9sent <strong>Bo\u00eetier de panneau de contr\u00f4le \u00e9tanche Economy<\/strong> est exceptionnellement con\u00e7u dans un souci de flexibilit\u00e9 et de personnalisation. Il est dot\u00e9 d'un panneau d'installation facilement amovible pour faciliter la mise en place de l'\u00e9lectronique, d'un grand nombre de tailles, de mat\u00e9riaux, de couleurs et d'options de montage. Les ouvertures circulaires peuvent \u00eatre r\u00e9alis\u00e9es sur mesure, et l'usinage CNC, le marquage au laser et la s\u00e9rigraphie sont \u00e9galement possibles en fonction des besoins individuels.<\/p>","protected":false},"featured_media":2145,"template":"","meta":{"site-sidebar-layout":"default","site-content-layout":"","ast-site-content-layout":"default","site-content-style":"default","site-sidebar-style":"default","ast-global-header-display":"","ast-banner-title-visibility":"","ast-main-header-display":"","ast-hfb-above-header-display":"","ast-hfb-below-header-display":"","ast-hfb-mobile-header-display":"","site-post-title":"","ast-breadcrumbs-content":"","ast-featured-img":"","footer-sml-layout":"","ast-disable-related-posts":"","theme-transparent-header-meta":"default","adv-header-id-meta":"","stick-header-meta":"","header-above-stick-meta":"","header-main-stick-meta":"","header-below-stick-meta":"","astra-migrate-meta-layouts":"set","ast-page-background-enabled":"default","ast-page-background-meta":{"desktop":{"background-color":"var(--ast-global-color-4)","background-image":"","background-repeat":"repeat","background-position":"center center","background-size":"auto","background-attachment":"scroll","background-type":"","background-media":"","overlay-type":"","overlay-color":"","overlay-opacity":"","overlay-gradient":""},"tablet":{"background-color":"","background-image":"","background-repeat":"repeat","background-position":"center center","background-size":"auto","background-attachment":"scroll","background-type":"","background-media":"","overlay-type":"","overlay-color":"","overlay-opacity":"","overlay-gradient":""},"mobile":{"background-color":"","background-image":"","background-repeat":"repeat","background-position":"center center","background-size":"auto","background-attachment":"scroll","background-type":"","background-media":"","overlay-type":"","overlay-color":"","overlay-opacity":"","overlay-gradient":""}},"ast-content-background-meta":{"desktop":{"background-color":"var(--ast-global-color-5)","background-image":"","background-repeat":"repeat","background-position":"center center","background-size":"auto","background-attachment":"scroll","background-type":"","background-media":"","overlay-type":"","overlay-color":"","overlay-opacity":"","overlay-gradient":""},"tablet":{"background-color":"var(--ast-global-color-5)","background-image":"","background-repeat":"repeat","background-position":"center center","background-size":"auto","background-attachment":"scroll","background-type":"","background-media":"","overlay-type":"","overlay-color":"","overlay-opacity":"","overlay-gradient":""},"mobile":{"background-color":"var(--ast-global-color-5)","background-image":"","background-repeat":"repeat","background-position":"center center","background-size":"auto","background-attachment":"scroll","background-type":"","background-media":"","overlay-type":"","overlay-color":"","overlay-opacity":"","overlay-gradient":""}}},"product_brand":[],"product_cat":[23],"product_tag":[],"class_list":{"0":"post-2143","1":"product","2":"type-product","3":"status-publish","4":"has-post-thumbnail","6":"product_cat-waterproof-plastic-enclosure","7":"desktop-align-left","8":"tablet-align-left","9":"mobile-align-left","11":"first","12":"instock","13":"shipping-taxable","14":"product-type-simple"},"yoast_head":"<!-- This site is optimized with the Yoast SEO plugin v24.8.1 - https:\/\/yoast.com\/wordpress\/plugins\/seo\/ -->\n<title>ChinaEconomy Type Water Proof Control Panel Enclosure -A Series Economical Manufacturer - JYIELE<\/title>\n<meta name=\"description\" content=\"Choose our Water Proof Control Panel Enclosure for a waterproof control panel. Cost-effective protection for your electrical components.\" \/>\n<meta name=\"robots\" content=\"index, follow, max-snippet:-1, max-image-preview:large, max-video-preview:-1\" \/>\n<link rel=\"canonical\" href=\"https:\/\/www.jyiele.com\/fr\/product\/water-proof-control-panel-enclosure\/\" \/>\n<meta property=\"og:locale\" content=\"fr_FR\" \/>\n<meta property=\"og:type\" content=\"article\" \/>\n<meta property=\"og:title\" content=\"ChinaEconomy Type Water Proof Control Panel Enclosure -A Series Economical Manufacturer - JYIELE\" \/>\n<meta property=\"og:description\" content=\"Choose our Water Proof Control Panel Enclosure for a waterproof control panel. Cost-effective protection for your electrical components.\" \/>\n<meta property=\"og:url\" content=\"https:\/\/www.jyiele.com\/fr\/product\/water-proof-control-panel-enclosure\/\" \/>\n<meta property=\"og:site_name\" content=\"JYIELE\" \/>\n<meta property=\"article:modified_time\" content=\"2025-03-09T11:34:16+00:00\" \/>\n<meta property=\"og:image\" content=\"https:\/\/www.jyiele.com\/wp-content\/uploads\/2024\/10\/Water-Proof-Control-Panel-Enclosure.webp\" \/>\n\t<meta property=\"og:image:width\" content=\"800\" \/>\n\t<meta property=\"og:image:height\" content=\"800\" \/>\n\t<meta property=\"og:image:type\" content=\"image\/webp\" \/>\n<meta name=\"twitter:card\" content=\"summary_large_image\" \/>\n<meta name=\"twitter:label1\" content=\"Dur\u00e9e de lecture estim\u00e9e\" \/>\n\t<meta name=\"twitter:data1\" content=\"2 minutes\" \/>\n<script type=\"application\/ld+json\" class=\"yoast-schema-graph\">{\"@context\":\"https:\/\/schema.org\",\"@graph\":[{\"@type\":\"WebPage\",\"@id\":\"https:\/\/www.jyiele.com\/product\/water-proof-control-panel-enclosure\/\",\"url\":\"https:\/\/www.jyiele.com\/product\/water-proof-control-panel-enclosure\/\",\"name\":\"ChinaEconomy Type Water Proof Control Panel Enclosure -A Series Economical Manufacturer - JYIELE\",\"isPartOf\":{\"@id\":\"https:\/\/www.jyiele.com\/#website\"},\"primaryImageOfPage\":{\"@id\":\"https:\/\/www.jyiele.com\/product\/water-proof-control-panel-enclosure\/#primaryimage\"},\"image\":{\"@id\":\"https:\/\/www.jyiele.com\/product\/water-proof-control-panel-enclosure\/#primaryimage\"},\"thumbnailUrl\":\"https:\/\/www.jyiele.com\/wp-content\/uploads\/2024\/10\/Water-Proof-Control-Panel-Enclosure.webp\",\"datePublished\":\"2024-10-16T12:45:56+00:00\",\"dateModified\":\"2025-03-09T11:34:16+00:00\",\"description\":\"Choose our Water Proof Control Panel Enclosure for a waterproof control panel. Cost-effective protection for your electrical components.\",\"breadcrumb\":{\"@id\":\"https:\/\/www.jyiele.com\/product\/water-proof-control-panel-enclosure\/#breadcrumb\"},\"inLanguage\":\"fr-FR\",\"potentialAction\":[{\"@type\":\"ReadAction\",\"target\":[\"https:\/\/www.jyiele.com\/product\/water-proof-control-panel-enclosure\/\"]}]},{\"@type\":\"ImageObject\",\"inLanguage\":\"fr-FR\",\"@id\":\"https:\/\/www.jyiele.com\/product\/water-proof-control-panel-enclosure\/#primaryimage\",\"url\":\"https:\/\/www.jyiele.com\/wp-content\/uploads\/2024\/10\/Water-Proof-Control-Panel-Enclosure.webp\",\"contentUrl\":\"https:\/\/www.jyiele.com\/wp-content\/uploads\/2024\/10\/Water-Proof-Control-Panel-Enclosure.webp\",\"width\":800,\"height\":800,\"caption\":\"Water Proof Control Panel Enclosure\"},{\"@type\":\"BreadcrumbList\",\"@id\":\"https:\/\/www.jyiele.com\/product\/water-proof-control-panel-enclosure\/#breadcrumb\",\"itemListElement\":[{\"@type\":\"ListItem\",\"position\":1,\"name\":\"Home\",\"item\":\"https:\/\/www.jyiele.com\/\"},{\"@type\":\"ListItem\",\"position\":2,\"name\":\"Product\",\"item\":\"https:\/\/www.jyiele.com\/product\/\"},{\"@type\":\"ListItem\",\"position\":3,\"name\":\"Waterproof Plastic Enclosure\",\"item\":\"https:\/\/www.jyiele.com\/ja\/product-category\/waterproof-plastic-enclosure\/\"},{\"@type\":\"ListItem\",\"position\":4,\"name\":\"Economy Type Water Proof Control Panel Enclosure -A Series Economical\"}]},{\"@type\":\"WebSite\",\"@id\":\"https:\/\/www.jyiele.com\/#website\",\"url\":\"https:\/\/www.jyiele.com\/\",\"name\":\"JYIELE\",\"description\":\"Vacuum Circuit Breaker manufacturer\",\"publisher\":{\"@id\":\"https:\/\/www.jyiele.com\/#organization\"},\"potentialAction\":[{\"@type\":\"SearchAction\",\"target\":{\"@type\":\"EntryPoint\",\"urlTemplate\":\"https:\/\/www.jyiele.com\/?s={search_term_string}\"},\"query-input\":{\"@type\":\"PropertyValueSpecification\",\"valueRequired\":true,\"valueName\":\"search_term_string\"}}],\"inLanguage\":\"fr-FR\"},{\"@type\":\"Organization\",\"@id\":\"https:\/\/www.jyiele.com\/#organization\",\"name\":\"JYIELE\",\"url\":\"https:\/\/www.jyiele.com\/\",\"logo\":{\"@type\":\"ImageObject\",\"inLanguage\":\"fr-FR\",\"@id\":\"https:\/\/www.jyiele.com\/#\/schema\/logo\/image\/\",\"url\":\"https:\/\/www.jyiele.com\/wp-content\/uploads\/2024\/09\/cropped-jyele-1.webp\",\"contentUrl\":\"https:\/\/www.jyiele.com\/wp-content\/uploads\/2024\/09\/cropped-jyele-1.webp\",\"width\":137,\"height\":60,\"caption\":\"JYIELE\"},\"image\":{\"@id\":\"https:\/\/www.jyiele.com\/#\/schema\/logo\/image\/\"}}]}<\/script>\n<!-- \/ Yoast SEO plugin. -->","yoast_head_json":{"title":"ChineCoffret de panneau de contr\u00f4le \u00e9tanche de type \u00e9conomique - S\u00e9rie A Fabricant de produits \u00e9conomiques - JYIELE","description":"Choisissez notre bo\u00eetier de panneau de contr\u00f4le \u00e9tanche pour un panneau de contr\u00f4le \u00e9tanche. Une protection rentable pour vos composants \u00e9lectriques.","robots":{"index":"index","follow":"follow","max-snippet":"max-snippet:-1","max-image-preview":"max-image-preview:large","max-video-preview":"max-video-preview:-1"},"canonical":"https:\/\/www.jyiele.com\/fr\/product\/water-proof-control-panel-enclosure\/","og_locale":"fr_FR","og_type":"article","og_title":"ChinaEconomy Type Water Proof Control Panel Enclosure -A Series Economical Manufacturer - JYIELE","og_description":"Choose our Water Proof Control Panel Enclosure for a waterproof control panel. Cost-effective protection for your electrical components.","og_url":"https:\/\/www.jyiele.com\/fr\/product\/water-proof-control-panel-enclosure\/","og_site_name":"JYIELE","article_modified_time":"2025-03-09T11:34:16+00:00","og_image":[{"width":800,"height":800,"url":"https:\/\/www.jyiele.com\/wp-content\/uploads\/2024\/10\/Water-Proof-Control-Panel-Enclosure.webp","type":"image\/webp"}],"twitter_card":"summary_large_image","twitter_misc":{"Dur\u00e9e de lecture estim\u00e9e":"2 minutes"},"schema":{"@context":"https:\/\/schema.org","@graph":[{"@type":"WebPage","@id":"https:\/\/www.jyiele.com\/product\/water-proof-control-panel-enclosure\/","url":"https:\/\/www.jyiele.com\/product\/water-proof-control-panel-enclosure\/","name":"ChineCoffret de panneau de contr\u00f4le \u00e9tanche de type \u00e9conomique - S\u00e9rie A Fabricant de produits \u00e9conomiques - JYIELE","isPartOf":{"@id":"https:\/\/www.jyiele.com\/#website"},"primaryImageOfPage":{"@id":"https:\/\/www.jyiele.com\/product\/water-proof-control-panel-enclosure\/#primaryimage"},"image":{"@id":"https:\/\/www.jyiele.com\/product\/water-proof-control-panel-enclosure\/#primaryimage"},"thumbnailUrl":"https:\/\/www.jyiele.com\/wp-content\/uploads\/2024\/10\/Water-Proof-Control-Panel-Enclosure.webp","datePublished":"2024-10-16T12:45:56+00:00","dateModified":"2025-03-09T11:34:16+00:00","description":"Choisissez notre bo\u00eetier de panneau de contr\u00f4le \u00e9tanche pour un panneau de contr\u00f4le \u00e9tanche. Une protection rentable pour vos composants \u00e9lectriques.","breadcrumb":{"@id":"https:\/\/www.jyiele.com\/product\/water-proof-control-panel-enclosure\/#breadcrumb"},"inLanguage":"fr-FR","potentialAction":[{"@type":"ReadAction","target":["https:\/\/www.jyiele.com\/product\/water-proof-control-panel-enclosure\/"]}]},{"@type":"ImageObject","inLanguage":"fr-FR","@id":"https:\/\/www.jyiele.com\/product\/water-proof-control-panel-enclosure\/#primaryimage","url":"https:\/\/www.jyiele.com\/wp-content\/uploads\/2024\/10\/Water-Proof-Control-Panel-Enclosure.webp","contentUrl":"https:\/\/www.jyiele.com\/wp-content\/uploads\/2024\/10\/Water-Proof-Control-Panel-Enclosure.webp","width":800,"height":800,"caption":"Water Proof Control Panel Enclosure"},{"@type":"BreadcrumbList","@id":"https:\/\/www.jyiele.com\/product\/water-proof-control-panel-enclosure\/#breadcrumb","itemListElement":[{"@type":"ListItem","position":1,"name":"Home","item":"https:\/\/www.jyiele.com\/"},{"@type":"ListItem","position":2,"name":"Product","item":"https:\/\/www.jyiele.com\/product\/"},{"@type":"ListItem","position":3,"name":"Waterproof Plastic Enclosure","item":"https:\/\/www.jyiele.com\/ja\/product-category\/waterproof-plastic-enclosure\/"},{"@type":"ListItem","position":4,"name":"Economy Type Water Proof Control Panel Enclosure -A Series Economical"}]},{"@type":"WebSite","@id":"https:\/\/www.jyiele.com\/#website","url":"https:\/\/www.jyiele.com\/","name":"JYIELE","description":"Fabricant de disjoncteurs \u00e0 vide","publisher":{"@id":"https:\/\/www.jyiele.com\/#organization"},"potentialAction":[{"@type":"SearchAction","target":{"@type":"EntryPoint","urlTemplate":"https:\/\/www.jyiele.com\/?s={search_term_string}"},"query-input":{"@type":"PropertyValueSpecification","valueRequired":true,"valueName":"search_term_string"}}],"inLanguage":"fr-FR"},{"@type":"Organization","@id":"https:\/\/www.jyiele.com\/#organization","name":"JYIELE","url":"https:\/\/www.jyiele.com\/","logo":{"@type":"ImageObject","inLanguage":"fr-FR","@id":"https:\/\/www.jyiele.com\/#\/schema\/logo\/image\/","url":"https:\/\/www.jyiele.com\/wp-content\/uploads\/2024\/09\/cropped-jyele-1.webp","contentUrl":"https:\/\/www.jyiele.com\/wp-content\/uploads\/2024\/09\/cropped-jyele-1.webp","width":137,"height":60,"caption":"JYIELE"},"image":{"@id":"https:\/\/www.jyiele.com\/#\/schema\/logo\/image\/"}}]}},"_links":{"self":[{"href":"https:\/\/www.jyiele.com\/fr\/wp-json\/wp\/v2\/product\/2143","targetHints":{"allow":["GET"]}}],"collection":[{"href":"https:\/\/www.jyiele.com\/fr\/wp-json\/wp\/v2\/product"}],"about":[{"href":"https:\/\/www.jyiele.com\/fr\/wp-json\/wp\/v2\/types\/product"}],"version-history":[{"count":1,"href":"https:\/\/www.jyiele.com\/fr\/wp-json\/wp\/v2\/product\/2143\/revisions"}],"predecessor-version":[{"id":2144,"href":"https:\/\/www.jyiele.com\/fr\/wp-json\/wp\/v2\/product\/2143\/revisions\/2144"}],"wp:featuredmedia":[{"embeddable":true,"href":"https:\/\/www.jyiele.com\/fr\/wp-json\/wp\/v2\/media\/2145"}],"wp:attachment":[{"href":"https:\/\/www.jyiele.com\/fr\/wp-json\/wp\/v2\/media?parent=2143"}],"wp:term":[{"taxonomy":"product_brand","embeddable":true,"href":"https:\/\/www.jyiele.com\/fr\/wp-json\/wp\/v2\/product_brand?post=2143"},{"taxonomy":"product_cat","embeddable":true,"href":"https:\/\/www.jyiele.com\/fr\/wp-json\/wp\/v2\/product_cat?post=2143"},{"taxonomy":"product_tag","embeddable":true,"href":"https:\/\/www.jyiele.com\/fr\/wp-json\/wp\/v2\/product_tag?post=2143"}],"curies":[{"name":"wp","href":"https:\/\/api.w.org\/{rel}","templated":true}]}}