{"id":94,"date":"2022-09-08T17:11:49","date_gmt":"2022-09-08T17:11:49","guid":{"rendered":"http:\/\/jyiele.com\/?post_type=product&#038;p=48"},"modified":"2025-03-09T11:38:59","modified_gmt":"2025-03-09T11:38:59","slug":"vacuum-circuit-breaker-manufacturers","status":"publish","type":"product","link":"https:\/\/www.jyiele.com\/fr\/product\/vacuum-circuit-breaker-manufacturers\/","title":{"rendered":"ZN63(VS1)-12M Disjoncteur magn\u00e9tique permanent \u00e0 vide Fabricants"},"content":{"rendered":"<h2 class=\"wp-block-heading\">Sp\u00e9cifications<\/h2>\n<p>Le disjoncteur \u00e0 vide int\u00e9rieur \u00e0 aimant permanent de la s\u00e9rie VS1-12 est un appareil de commutation int\u00e9rieur triphas\u00e9 en courant alternatif 50 Hz, d'une tension nominale de 12 kV, de contr\u00f4le et de protection pour les entreprises industrielles et mini\u00e8res, les centrales \u00e9lectriques et les sous-stations, les installations \u00e9lectriques et les lieux d'utilisation fr\u00e9quente.<\/p>\n<p>Adoptant le m\u00e9canisme de fonctionnement VET et le disjoncteur int\u00e9gr\u00e9, la conception peut \u00eatre utilis\u00e9e comme une unit\u00e9 d'installation fixe peut \u00e9galement \u00eatre \u00e9quip\u00e9e d'un m\u00e9canisme d'avance sp\u00e9cial, la composition de l'unit\u00e9 de charrette \u00e0 bras utilis\u00e9e.<\/p>\n<h2 class=\"wp-block-heading\">Conditions ambiantes<\/h2>\n<p>1\u3001La temp\u00e9rature ambiante:-15\u2103-+40\u2103 ;<br \/>\n2\u3001L'altitude:\u22641000M ;<br \/>\n3\u3001Intensit\u00e9 du tremblement de terre:\u22648 degr\u00e9 ;<br \/>\n4\u3001Humidit\u00e9 relative : la valeur moyenne journali\u00e8re n'est pas sup\u00e9rieure \u00e0 95%, la moyenne mensuelle n'est pas sup\u00e9rieure \u00e0 90% ;<br \/>\n5\u3001L'air ambiant n'est pas corrosif et ne contient pas de gaz inflammable, de vapeur ou d'autres polluants importants ;<\/p>\n<h2 class=\"wp-block-heading\">Implication du mod\u00e8le<\/h2>\n<figure class=\"wp-block-image size-full\"><img fetchpriority=\"high\" decoding=\"async\" class=\"alignnone wp-image-1213 size-full\" src=\"https:\/\/www.jy-electric.com\/wp-content\/uploads\/2020\/04\/Vacuum-Circuit-Breaker-Manufacturers.webp\" alt=\"Fabricants de disjoncteurs \u00e0 vide\" width=\"845\" height=\"141\" srcset=\"https:\/\/www.jyiele.com\/wp-content\/uploads\/2020\/04\/Vacuum-Circuit-Breaker-Manufacturers.webp 845w, https:\/\/www.jyiele.com\/wp-content\/uploads\/2020\/04\/Vacuum-Circuit-Breaker-Manufacturers-300x50.webp 300w, https:\/\/www.jyiele.com\/wp-content\/uploads\/2020\/04\/Vacuum-Circuit-Breaker-Manufacturers-768x128.webp 768w, https:\/\/www.jyiele.com\/wp-content\/uploads\/2020\/04\/Vacuum-Circuit-Breaker-Manufacturers-18x3.webp 18w, https:\/\/www.jyiele.com\/wp-content\/uploads\/2020\/04\/Vacuum-Circuit-Breaker-Manufacturers-600x100.webp 600w\" sizes=\"(max-width: 845px) 100vw, 845px\" \/><\/figure>","protected":false},"excerpt":{"rendered":"<p>Le disjoncteur \u00e0 aimant permanent ZN63 (VS1) -12M est un appareil de commutation int\u00e9rieur pour les syst\u00e8mes d'alimentation triphas\u00e9s AC 50Hz de tension nominale 12kV. Il sert d'unit\u00e9 de protection et de contr\u00f4le pour l'\u00e9quipement du r\u00e9seau \u00e9lectrique et l'\u00e9quipement \u00e9lectrique des entreprises industrielles et mini\u00e8res.<\/p>","protected":false},"featured_media":1212,"template":"","meta":{"site-sidebar-layout":"default","site-content-layout":"","ast-site-content-layout":"default","site-content-style":"default","site-sidebar-style":"default","ast-global-header-display":"","ast-banner-title-visibility":"","ast-main-header-display":"","ast-hfb-above-header-display":"","ast-hfb-below-header-display":"","ast-hfb-mobile-header-display":"","site-post-title":"","ast-breadcrumbs-content":"","ast-featured-img":"","footer-sml-layout":"","ast-disable-related-posts":"","theme-transparent-header-meta":"default","adv-header-id-meta":"","stick-header-meta":"","header-above-stick-meta":"","header-main-stick-meta":"","header-below-stick-meta":"","astra-migrate-meta-layouts":"set","ast-page-background-enabled":"default","ast-page-background-meta":{"desktop":{"background-color":"var(--ast-global-color-4)","background-image":"","background-repeat":"repeat","background-position":"center center","background-size":"auto","background-attachment":"scroll","background-type":"","background-media":"","overlay-type":"","overlay-color":"","overlay-opacity":"","overlay-gradient":""},"tablet":{"background-color":"","background-image":"","background-repeat":"repeat","background-position":"center center","background-size":"auto","background-attachment":"scroll","background-type":"","background-media":"","overlay-type":"","overlay-color":"","overlay-opacity":"","overlay-gradient":""},"mobile":{"background-color":"","background-image":"","background-repeat":"repeat","background-position":"center center","background-size":"auto","background-attachment":"scroll","background-type":"","background-media":"","overlay-type":"","overlay-color":"","overlay-opacity":"","overlay-gradient":""}},"ast-content-background-meta":{"desktop":{"background-color":"var(--ast-global-color-5)","background-image":"","background-repeat":"repeat","background-position":"center center","background-size":"auto","background-attachment":"scroll","background-type":"","background-media":"","overlay-type":"","overlay-color":"","overlay-opacity":"","overlay-gradient":""},"tablet":{"background-color":"var(--ast-global-color-5)","background-image":"","background-repeat":"repeat","background-position":"center center","background-size":"auto","background-attachment":"scroll","background-type":"","background-media":"","overlay-type":"","overlay-color":"","overlay-opacity":"","overlay-gradient":""},"mobile":{"background-color":"var(--ast-global-color-5)","background-image":"","background-repeat":"repeat","background-position":"center center","background-size":"auto","background-attachment":"scroll","background-type":"","background-media":"","overlay-type":"","overlay-color":"","overlay-opacity":"","overlay-gradient":""}}},"product_brand":[],"product_cat":[26],"product_tag":[],"class_list":{"0":"post-94","1":"product","2":"type-product","3":"status-publish","4":"has-post-thumbnail","6":"product_cat-vacuum-circuit-breaker","7":"desktop-align-left","8":"tablet-align-left","9":"mobile-align-left","11":"first","12":"instock","13":"shipping-taxable","14":"purchasable","15":"product-type-simple"},"yoast_head":"<!-- This site is optimized with the Yoast SEO plugin v24.8.1 - https:\/\/yoast.com\/wordpress\/plugins\/seo\/ -->\n<title>ZN63(VS1)-12M Permanent Magnetic Vacuum Circuit Breaker Manufacturers - JYIELE<\/title>\n<meta name=\"description\" content=\"Discover leading manufacturers of ZN63(VS1)-12M permanent magnetic vacuum circuit breakers. Engineered for reliability and efficiency, our circuit breakers offer superior performance in electrical systems. Explore our range for high-quality solutions tailored to your needs.\" \/>\n<meta name=\"robots\" content=\"index, follow, max-snippet:-1, max-image-preview:large, max-video-preview:-1\" \/>\n<link rel=\"canonical\" href=\"https:\/\/www.jyiele.com\/fr\/product\/vacuum-circuit-breaker-manufacturers\/\" \/>\n<meta property=\"og:locale\" content=\"fr_FR\" \/>\n<meta property=\"og:type\" content=\"article\" \/>\n<meta property=\"og:title\" content=\"ZN63(VS1)-12M Permanent Magnetic Vacuum Circuit Breaker Manufacturers - JYIELE\" \/>\n<meta property=\"og:description\" content=\"Discover leading manufacturers of ZN63(VS1)-12M permanent magnetic vacuum circuit breakers. Engineered for reliability and efficiency, our circuit breakers offer superior performance in electrical systems. Explore our range for high-quality solutions tailored to your needs.\" \/>\n<meta property=\"og:url\" content=\"https:\/\/www.jyiele.com\/fr\/product\/vacuum-circuit-breaker-manufacturers\/\" \/>\n<meta property=\"og:site_name\" content=\"JYIELE\" \/>\n<meta property=\"article:modified_time\" content=\"2025-03-09T11:38:59+00:00\" \/>\n<meta property=\"og:image\" content=\"https:\/\/www.jyiele.com\/wp-content\/uploads\/2020\/04\/permanent-Magnetic-Vacuum-Circuit-Breaker-Manufacturers.webp\" \/>\n\t<meta property=\"og:image:width\" content=\"600\" \/>\n\t<meta property=\"og:image:height\" content=\"600\" \/>\n\t<meta property=\"og:image:type\" content=\"image\/webp\" \/>\n<meta name=\"twitter:card\" content=\"summary_large_image\" \/>\n<meta name=\"twitter:label1\" content=\"Dur\u00e9e de lecture estim\u00e9e\" \/>\n\t<meta name=\"twitter:data1\" content=\"1 minute\" \/>\n<script type=\"application\/ld+json\" class=\"yoast-schema-graph\">{\"@context\":\"https:\/\/schema.org\",\"@graph\":[{\"@type\":\"WebPage\",\"@id\":\"https:\/\/www.jyiele.com\/product\/vacuum-circuit-breaker-manufacturers\/\",\"url\":\"https:\/\/www.jyiele.com\/product\/vacuum-circuit-breaker-manufacturers\/\",\"name\":\"ZN63(VS1)-12M Permanent Magnetic Vacuum Circuit Breaker Manufacturers - JYIELE\",\"isPartOf\":{\"@id\":\"https:\/\/www.jyiele.com\/#website\"},\"primaryImageOfPage\":{\"@id\":\"https:\/\/www.jyiele.com\/product\/vacuum-circuit-breaker-manufacturers\/#primaryimage\"},\"image\":{\"@id\":\"https:\/\/www.jyiele.com\/product\/vacuum-circuit-breaker-manufacturers\/#primaryimage\"},\"thumbnailUrl\":\"https:\/\/www.jyiele.com\/wp-content\/uploads\/2020\/04\/permanent-Magnetic-Vacuum-Circuit-Breaker-Manufacturers.webp\",\"datePublished\":\"2022-09-08T17:11:49+00:00\",\"dateModified\":\"2025-03-09T11:38:59+00:00\",\"description\":\"Discover leading manufacturers of ZN63(VS1)-12M permanent magnetic vacuum circuit breakers. Engineered for reliability and efficiency, our circuit breakers offer superior performance in electrical systems. Explore our range for high-quality solutions tailored to your needs.\",\"breadcrumb\":{\"@id\":\"https:\/\/www.jyiele.com\/product\/vacuum-circuit-breaker-manufacturers\/#breadcrumb\"},\"inLanguage\":\"fr-FR\",\"potentialAction\":[{\"@type\":\"ReadAction\",\"target\":[\"https:\/\/www.jyiele.com\/product\/vacuum-circuit-breaker-manufacturers\/\"]}]},{\"@type\":\"ImageObject\",\"inLanguage\":\"fr-FR\",\"@id\":\"https:\/\/www.jyiele.com\/product\/vacuum-circuit-breaker-manufacturers\/#primaryimage\",\"url\":\"https:\/\/www.jyiele.com\/wp-content\/uploads\/2020\/04\/permanent-Magnetic-Vacuum-Circuit-Breaker-Manufacturers.webp\",\"contentUrl\":\"https:\/\/www.jyiele.com\/wp-content\/uploads\/2020\/04\/permanent-Magnetic-Vacuum-Circuit-Breaker-Manufacturers.webp\",\"width\":600,\"height\":600,\"caption\":\"permanent Magnetic Vacuum Circuit Breaker Manufacturers\"},{\"@type\":\"BreadcrumbList\",\"@id\":\"https:\/\/www.jyiele.com\/product\/vacuum-circuit-breaker-manufacturers\/#breadcrumb\",\"itemListElement\":[{\"@type\":\"ListItem\",\"position\":1,\"name\":\"Home\",\"item\":\"https:\/\/www.jyiele.com\/\"},{\"@type\":\"ListItem\",\"position\":2,\"name\":\"Product\",\"item\":\"https:\/\/www.jyiele.com\/product\/\"},{\"@type\":\"ListItem\",\"position\":3,\"name\":\"Vacuum Circuit Breaker\",\"item\":\"https:\/\/www.jyiele.com\/product-category\/vacuum-circuit-breaker\/\"},{\"@type\":\"ListItem\",\"position\":4,\"name\":\"ZN63(VS1)-12M Permanent Magnetic Vacuum Circuit Breaker Manufacturers\"}]},{\"@type\":\"WebSite\",\"@id\":\"https:\/\/www.jyiele.com\/#website\",\"url\":\"https:\/\/www.jyiele.com\/\",\"name\":\"JYIELE\",\"description\":\"Vacuum Circuit Breaker manufacturer\",\"publisher\":{\"@id\":\"https:\/\/www.jyiele.com\/#organization\"},\"potentialAction\":[{\"@type\":\"SearchAction\",\"target\":{\"@type\":\"EntryPoint\",\"urlTemplate\":\"https:\/\/www.jyiele.com\/?s={search_term_string}\"},\"query-input\":{\"@type\":\"PropertyValueSpecification\",\"valueRequired\":true,\"valueName\":\"search_term_string\"}}],\"inLanguage\":\"fr-FR\"},{\"@type\":\"Organization\",\"@id\":\"https:\/\/www.jyiele.com\/#organization\",\"name\":\"JYIELE\",\"url\":\"https:\/\/www.jyiele.com\/\",\"logo\":{\"@type\":\"ImageObject\",\"inLanguage\":\"fr-FR\",\"@id\":\"https:\/\/www.jyiele.com\/#\/schema\/logo\/image\/\",\"url\":\"https:\/\/www.jyiele.com\/wp-content\/uploads\/2024\/09\/cropped-jyele-1.webp\",\"contentUrl\":\"https:\/\/www.jyiele.com\/wp-content\/uploads\/2024\/09\/cropped-jyele-1.webp\",\"width\":137,\"height\":60,\"caption\":\"JYIELE\"},\"image\":{\"@id\":\"https:\/\/www.jyiele.com\/#\/schema\/logo\/image\/\"}}]}<\/script>\n<!-- \/ Yoast SEO plugin. -->","yoast_head_json":{"title":"ZN63(VS1)-12M Disjoncteur \u00e0 vide \u00e0 aimant permanent Fabricants - JYIELE","description":"D\u00e9couvrez les principaux fabricants de disjoncteurs \u00e0 vide \u00e0 aimant permanent ZN63(VS1)-12M. Con\u00e7us pour \u00eatre fiables et efficaces, nos disjoncteurs offrent des performances sup\u00e9rieures dans les syst\u00e8mes \u00e9lectriques. Explorez notre gamme pour trouver des solutions de haute qualit\u00e9 adapt\u00e9es \u00e0 vos besoins.","robots":{"index":"index","follow":"follow","max-snippet":"max-snippet:-1","max-image-preview":"max-image-preview:large","max-video-preview":"max-video-preview:-1"},"canonical":"https:\/\/www.jyiele.com\/fr\/product\/vacuum-circuit-breaker-manufacturers\/","og_locale":"fr_FR","og_type":"article","og_title":"ZN63(VS1)-12M Permanent Magnetic Vacuum Circuit Breaker Manufacturers - JYIELE","og_description":"Discover leading manufacturers of ZN63(VS1)-12M permanent magnetic vacuum circuit breakers. Engineered for reliability and efficiency, our circuit breakers offer superior performance in electrical systems. Explore our range for high-quality solutions tailored to your needs.","og_url":"https:\/\/www.jyiele.com\/fr\/product\/vacuum-circuit-breaker-manufacturers\/","og_site_name":"JYIELE","article_modified_time":"2025-03-09T11:38:59+00:00","og_image":[{"width":600,"height":600,"url":"https:\/\/www.jyiele.com\/wp-content\/uploads\/2020\/04\/permanent-Magnetic-Vacuum-Circuit-Breaker-Manufacturers.webp","type":"image\/webp"}],"twitter_card":"summary_large_image","twitter_misc":{"Dur\u00e9e de lecture estim\u00e9e":"1 minute"},"schema":{"@context":"https:\/\/schema.org","@graph":[{"@type":"WebPage","@id":"https:\/\/www.jyiele.com\/product\/vacuum-circuit-breaker-manufacturers\/","url":"https:\/\/www.jyiele.com\/product\/vacuum-circuit-breaker-manufacturers\/","name":"ZN63(VS1)-12M Disjoncteur \u00e0 vide \u00e0 aimant permanent Fabricants - JYIELE","isPartOf":{"@id":"https:\/\/www.jyiele.com\/#website"},"primaryImageOfPage":{"@id":"https:\/\/www.jyiele.com\/product\/vacuum-circuit-breaker-manufacturers\/#primaryimage"},"image":{"@id":"https:\/\/www.jyiele.com\/product\/vacuum-circuit-breaker-manufacturers\/#primaryimage"},"thumbnailUrl":"https:\/\/www.jyiele.com\/wp-content\/uploads\/2020\/04\/permanent-Magnetic-Vacuum-Circuit-Breaker-Manufacturers.webp","datePublished":"2022-09-08T17:11:49+00:00","dateModified":"2025-03-09T11:38:59+00:00","description":"D\u00e9couvrez les principaux fabricants de disjoncteurs \u00e0 vide \u00e0 aimant permanent ZN63(VS1)-12M. Con\u00e7us pour \u00eatre fiables et efficaces, nos disjoncteurs offrent des performances sup\u00e9rieures dans les syst\u00e8mes \u00e9lectriques. Explorez notre gamme pour trouver des solutions de haute qualit\u00e9 adapt\u00e9es \u00e0 vos besoins.","breadcrumb":{"@id":"https:\/\/www.jyiele.com\/product\/vacuum-circuit-breaker-manufacturers\/#breadcrumb"},"inLanguage":"fr-FR","potentialAction":[{"@type":"ReadAction","target":["https:\/\/www.jyiele.com\/product\/vacuum-circuit-breaker-manufacturers\/"]}]},{"@type":"ImageObject","inLanguage":"fr-FR","@id":"https:\/\/www.jyiele.com\/product\/vacuum-circuit-breaker-manufacturers\/#primaryimage","url":"https:\/\/www.jyiele.com\/wp-content\/uploads\/2020\/04\/permanent-Magnetic-Vacuum-Circuit-Breaker-Manufacturers.webp","contentUrl":"https:\/\/www.jyiele.com\/wp-content\/uploads\/2020\/04\/permanent-Magnetic-Vacuum-Circuit-Breaker-Manufacturers.webp","width":600,"height":600,"caption":"permanent Magnetic Vacuum Circuit Breaker Manufacturers"},{"@type":"BreadcrumbList","@id":"https:\/\/www.jyiele.com\/product\/vacuum-circuit-breaker-manufacturers\/#breadcrumb","itemListElement":[{"@type":"ListItem","position":1,"name":"Home","item":"https:\/\/www.jyiele.com\/"},{"@type":"ListItem","position":2,"name":"Product","item":"https:\/\/www.jyiele.com\/product\/"},{"@type":"ListItem","position":3,"name":"Vacuum Circuit Breaker","item":"https:\/\/www.jyiele.com\/product-category\/vacuum-circuit-breaker\/"},{"@type":"ListItem","position":4,"name":"ZN63(VS1)-12M Permanent Magnetic Vacuum Circuit Breaker Manufacturers"}]},{"@type":"WebSite","@id":"https:\/\/www.jyiele.com\/#website","url":"https:\/\/www.jyiele.com\/","name":"JYIELE","description":"Fabricant de disjoncteurs \u00e0 vide","publisher":{"@id":"https:\/\/www.jyiele.com\/#organization"},"potentialAction":[{"@type":"SearchAction","target":{"@type":"EntryPoint","urlTemplate":"https:\/\/www.jyiele.com\/?s={search_term_string}"},"query-input":{"@type":"PropertyValueSpecification","valueRequired":true,"valueName":"search_term_string"}}],"inLanguage":"fr-FR"},{"@type":"Organization","@id":"https:\/\/www.jyiele.com\/#organization","name":"JYIELE","url":"https:\/\/www.jyiele.com\/","logo":{"@type":"ImageObject","inLanguage":"fr-FR","@id":"https:\/\/www.jyiele.com\/#\/schema\/logo\/image\/","url":"https:\/\/www.jyiele.com\/wp-content\/uploads\/2024\/09\/cropped-jyele-1.webp","contentUrl":"https:\/\/www.jyiele.com\/wp-content\/uploads\/2024\/09\/cropped-jyele-1.webp","width":137,"height":60,"caption":"JYIELE"},"image":{"@id":"https:\/\/www.jyiele.com\/#\/schema\/logo\/image\/"}}]}},"_links":{"self":[{"href":"https:\/\/www.jyiele.com\/fr\/wp-json\/wp\/v2\/product\/94","targetHints":{"allow":["GET"]}}],"collection":[{"href":"https:\/\/www.jyiele.com\/fr\/wp-json\/wp\/v2\/product"}],"about":[{"href":"https:\/\/www.jyiele.com\/fr\/wp-json\/wp\/v2\/types\/product"}],"version-history":[{"count":2,"href":"https:\/\/www.jyiele.com\/fr\/wp-json\/wp\/v2\/product\/94\/revisions"}],"predecessor-version":[{"id":1482,"href":"https:\/\/www.jyiele.com\/fr\/wp-json\/wp\/v2\/product\/94\/revisions\/1482"}],"wp:featuredmedia":[{"embeddable":true,"href":"https:\/\/www.jyiele.com\/fr\/wp-json\/wp\/v2\/media\/1212"}],"wp:attachment":[{"href":"https:\/\/www.jyiele.com\/fr\/wp-json\/wp\/v2\/media?parent=94"}],"wp:term":[{"taxonomy":"product_brand","embeddable":true,"href":"https:\/\/www.jyiele.com\/fr\/wp-json\/wp\/v2\/product_brand?post=94"},{"taxonomy":"product_cat","embeddable":true,"href":"https:\/\/www.jyiele.com\/fr\/wp-json\/wp\/v2\/product_cat?post=94"},{"taxonomy":"product_tag","embeddable":true,"href":"https:\/\/www.jyiele.com\/fr\/wp-json\/wp\/v2\/product_tag?post=94"}],"curies":[{"name":"wp","href":"https:\/\/api.w.org\/{rel}","templated":true}]}}