{"id":1321,"date":"2024-11-03T10:59:29","date_gmt":"2024-11-03T10:59:29","guid":{"rendered":"https:\/\/www.jy-electric.com\/?post_type=product&#038;p=1321"},"modified":"2025-03-09T11:43:12","modified_gmt":"2025-03-09T11:43:12","slug":"solar-wire-connectors","status":"publish","type":"product","link":"https:\/\/www.jyiele.com\/it\/prodotto\/solar-wire-connectors\/","title":{"rendered":"1000V 1500V DC 50Amp Y ramo 3 modi Y3 Y4 connettori filo solare parallelo"},"content":{"rendered":"<h2>Caratteristiche e vantaggi notevoli dei connettori a filo solare di tipo Y di JYIELE<\/h2>\n<p>Elevata capacit\u00e0 di trasporto di tensione e corrente: Con una tensione nominale fino a 1500 V e una corrente nominale fino a 45 A, sono adatti a diversi sistemi di energia solare.<\/p>\n<p>Potente tensione di prova: La tensione di prova di 8000 V garantisce l'estrema affidabilit\u00e0 delle prestazioni di isolamento del connettore.<\/p>\n<p>Ampio intervallo di adattamento alla temperatura: \u00e8 in grado di funzionare normalmente in un intervallo di temperatura compreso tra -40\u00b0C e +90\u00b0C, fino a +105\u00b0C, adattandosi a una variet\u00e0 di ambienti.<\/p>\n<p>Protezione eccellente: Il grado di protezione IP68 significa che \u00e8 completamente antipolvere e pu\u00f2 essere utilizzato in lunghi periodi di immersione in acqua, rendendolo adatto a un'ampia gamma di ambienti difficili.<\/p>\n<p>Bassa resistenza di contatto: la resistenza di contatto di soli 0,5 milliohm garantisce una trasmissione efficiente della potenza e una minima perdita di energia.<\/p>\n<p>Elevati standard di sicurezza: La conformit\u00e0 alla classe di sicurezza II garantisce la sicurezza d'uso.<\/p>\n<p>Materiali di alta qualit\u00e0: per i contatti viene utilizzato rame stagnato e il materiale isolante \u00e8 PPO, che garantisce un'eccellente conduttivit\u00e0 e durata.<\/p>\n<p>SISTEMA DI BLOCCAGGIO FORTE: il sistema di bloccaggio a scatto \u00e8 utilizzato per garantire un collegamento forte e una facile connessione e disconnessione.<\/p>\n<p>Prestazioni ignifughe: Conforme alla classificazione ignifuga UL-94-V0, che migliora la sicurezza del prodotto.<\/p>\n<p>Adattabile a un'ampia gamma di cavi: Compatibile con cavi di dimensioni comprese tra 2,5 mm\u00b2 e 6,0 mm\u00b2, adatto a un'ampia gamma di esigenze di installazione.<\/p>\n<h2>Caratteristiche dei diversi modelli<\/h2>\n<p>Y3 Tee: adatto per DC1000V, corrente nominale 30A, adatto per il collegamento a tee.<br \/>\nY3 Phillips: adatto per DC1500V, corrente nominale 30A, connessione a croce.<br \/>\nY4 Cross: adatto per DC1000V, corrente nominale 30A, con design a croce.<br \/>\nY5 Cross 1500V: adatto per DC1500V, corrente nominale 30A, progettato per ambienti ad alta tensione.<\/p>\n<h2 class=\"bot_tit flex f-js\">Parametri del prodotto<\/h2>\n<div class=\"bot_con\">\n<div class=\"des show\">\n<figure class=\"wp-block-table\">\n<div class=\"scroll\">\n<table>\n<tbody>\n<tr>\n<td>Numero di serie<\/td>\n<td>Parametro<\/td>\n<td>Parametro<\/td>\n<\/tr>\n<tr>\n<td>1<\/td>\n<td>Tipo<\/td>\n<td>Connettore fusibile solare<\/td>\n<\/tr>\n<tr>\n<td>2<\/td>\n<td>Tensione nominale<\/td>\n<td>1000V \/ 1500V DC<\/td>\n<\/tr>\n<tr>\n<td>3<\/td>\n<td>Corrente nominale<\/td>\n<td>2A-45A<\/td>\n<\/tr>\n<tr>\n<td>4<\/td>\n<td>Tensione di prova<\/td>\n<td>8000V (50Hz, 1min)<\/td>\n<\/tr>\n<tr>\n<td>5<\/td>\n<td>Intervallo di temperatura<\/td>\n<td>-40\u00b0C ...+90\u00b0C<\/td>\n<\/tr>\n<tr>\n<td>6<\/td>\n<td>Temperatura limite superiore<\/td>\n<td>+105\u00b0C<\/td>\n<\/tr>\n<tr>\n<td>7<\/td>\n<td>Grado di protezione<\/td>\n<td>IP2X\/ IP68<\/td>\n<\/tr>\n<tr>\n<td>8<\/td>\n<td>Resistenza di contatto dei connettori a spina<\/td>\n<td>0,5m\u03a9<\/td>\n<\/tr>\n<tr>\n<td>9<\/td>\n<td>Classe di sicurezza<\/td>\n<td>\u2161<\/td>\n<\/tr>\n<tr>\n<td>10<\/td>\n<td>Materiale di contatto<\/td>\n<td>Rame, placcato in stagno<\/td>\n<\/tr>\n<tr>\n<td>11<\/td>\n<td>Materiale isolante<\/td>\n<td>PPO<\/td>\n<\/tr>\n<tr>\n<td>12<\/td>\n<td>Forza di prelievo\/Forza di inserimento<\/td>\n<td>\u226550N\/\u226450N<\/td>\n<\/tr>\n<tr>\n<td>13<\/td>\n<td>Sistema di bloccaggio<\/td>\n<td>A scatto<\/td>\n<\/tr>\n<tr>\n<td>14<\/td>\n<td>Classe fiamma<\/td>\n<td>UL-94-V0<\/td>\n<\/tr>\n<tr>\n<td>15<\/td>\n<td>Specifiche del cavo<\/td>\n<td>2,5 mm\u00b2-6,0 mm\u00b2 14AWG-10AWG<\/td>\n<\/tr>\n<tr>\n<td>16<\/td>\n<td>Tensione di prova<\/td>\n<td>6000V CA (1minuto) 2200V CC (1minuto)<\/td>\n<\/tr>\n<\/tbody>\n<\/table>\n<\/div>\n<\/figure>\n<div class=\"wp-block-media-text is-stacked-on-mobile\">\n<figure class=\"wp-block-media-text__media\"><img fetchpriority=\"high\" decoding=\"async\" class=\"alignnone wp-image-1324 size-full\" src=\"https:\/\/www.jy-electric.com\/wp-content\/uploads\/2024\/09\/Y3-Tee-connector.webp\" alt=\"Y3 Connettore a T\" width=\"693\" height=\"345\" srcset=\"https:\/\/www.jyiele.com\/wp-content\/uploads\/2024\/09\/Y3-Tee-connector.webp 693w, https:\/\/www.jyiele.com\/wp-content\/uploads\/2024\/09\/Y3-Tee-connector-300x149.webp 300w, https:\/\/www.jyiele.com\/wp-content\/uploads\/2024\/09\/Y3-Tee-connector-18x9.webp 18w, https:\/\/www.jyiele.com\/wp-content\/uploads\/2024\/09\/Y3-Tee-connector-600x299.webp 600w\" sizes=\"(max-width: 693px) 100vw, 693px\" \/><\/figure>\n<div class=\"wp-block-media-text__content\">\n<p>Modello prodotto: Y3 tee<br \/>\nMateriale del nucleo Rame stagnato di tipo aperto<br \/>\nTensione nominale\u2264DC1000V<br \/>\nCorrente nominale\u226430A<\/p>\n<\/div>\n<\/div>\n<div class=\"wp-block-media-text is-stacked-on-mobile\">\n<figure class=\"wp-block-media-text__media\"><img decoding=\"async\" class=\"alignnone wp-image-1323 size-full\" src=\"https:\/\/www.jy-electric.com\/wp-content\/uploads\/2024\/09\/Y3-Phillips-connector.webp\" alt=\"Y3 Connettore a croce\" width=\"719\" height=\"322\" srcset=\"https:\/\/www.jyiele.com\/wp-content\/uploads\/2024\/09\/Y3-Phillips-connector.webp 719w, https:\/\/www.jyiele.com\/wp-content\/uploads\/2024\/09\/Y3-Phillips-connector-300x134.webp 300w, https:\/\/www.jyiele.com\/wp-content\/uploads\/2024\/09\/Y3-Phillips-connector-18x8.webp 18w, https:\/\/www.jyiele.com\/wp-content\/uploads\/2024\/09\/Y3-Phillips-connector-600x269.webp 600w\" sizes=\"(max-width: 719px) 100vw, 719px\" \/><\/figure>\n<div class=\"wp-block-media-text__content\">\n<p>Modello di prodotto: Y3 Cross<br \/>\nMateriale dell'anima Tipo aperto ramato<br \/>\nTensione nominale\u2264DC1500V<br \/>\nCorrente nominale\u226430A<\/p>\n<\/div>\n<\/div>\n<div class=\"wp-block-media-text is-stacked-on-mobile\">\n<figure class=\"wp-block-media-text__media\"><img decoding=\"async\" class=\"alignnone wp-image-1325 size-full\" title=\"Y4 Connettore solare Phillips\" src=\"https:\/\/www.jy-electric.com\/wp-content\/uploads\/2024\/09\/Y4-Phillips-Solar-Connector.webp\" alt=\"Y4 Connettore solare Phillips\" width=\"779\" height=\"374\" srcset=\"https:\/\/www.jyiele.com\/wp-content\/uploads\/2024\/09\/Y4-Phillips-Solar-Connector.webp 779w, https:\/\/www.jyiele.com\/wp-content\/uploads\/2024\/09\/Y4-Phillips-Solar-Connector-300x144.webp 300w, https:\/\/www.jyiele.com\/wp-content\/uploads\/2024\/09\/Y4-Phillips-Solar-Connector-768x369.webp 768w, https:\/\/www.jyiele.com\/wp-content\/uploads\/2024\/09\/Y4-Phillips-Solar-Connector-18x9.webp 18w, https:\/\/www.jyiele.com\/wp-content\/uploads\/2024\/09\/Y4-Phillips-Solar-Connector-600x288.webp 600w\" sizes=\"(max-width: 779px) 100vw, 779px\" \/><\/figure>\n<div class=\"wp-block-media-text__content\">\n<p>Modello del prodotto: Y4 Cross<br \/>\nMateriale del nucleo tipo aperto ramato<br \/>\nTensione nominale\u2264DC1000V<br \/>\nCorrente nominale\u226430A<\/p>\n<\/div>\n<\/div>\n<div class=\"wp-block-media-text is-stacked-on-mobile\">\n<figure class=\"wp-block-media-text__media\"><img loading=\"lazy\" decoding=\"async\" class=\"alignnone wp-image-1326 size-full\" title=\"Connettore solare Y5 Cross 1500V\" src=\"https:\/\/www.jy-electric.com\/wp-content\/uploads\/2024\/09\/Y5-Cross-1500V-Solar-Connector.webp\" alt=\"Connettore solare Y5 Cross 1500V\" width=\"734\" height=\"367\" srcset=\"https:\/\/www.jyiele.com\/wp-content\/uploads\/2024\/09\/Y5-Cross-1500V-Solar-Connector.webp 734w, https:\/\/www.jyiele.com\/wp-content\/uploads\/2024\/09\/Y5-Cross-1500V-Solar-Connector-300x150.webp 300w, https:\/\/www.jyiele.com\/wp-content\/uploads\/2024\/09\/Y5-Cross-1500V-Solar-Connector-18x9.webp 18w, https:\/\/www.jyiele.com\/wp-content\/uploads\/2024\/09\/Y5-Cross-1500V-Solar-Connector-600x300.webp 600w\" sizes=\"(max-width: 734px) 100vw, 734px\" \/><\/figure>\n<div class=\"wp-block-media-text__content\">\n<p>Modello prodotto: y5 Cross 1500V<br \/>\nMateriale dell'anima Tipo aperto ramato<br \/>\nTensione nominale\u2264DC1500V<br \/>\nCorrente nominale\u226430A<\/p>\n<\/div>\n<\/div>\n<\/div>\n<\/div>","protected":false},"excerpt":{"rendered":"<p>I connettori per cavi solari di JYIELE sono sottoposti a rigorosi controlli di qualit\u00e0 per garantire che ogni prodotto fornisca prestazioni costanti e affidabili. Se le vostre esigenze sono l'alta tensione, la bassa resistenza di contatto o l'alto livello di protezione, questo connettore \u00e8 in grado di soddisfarle tutte.<\/p>","protected":false},"featured_media":1322,"template":"","meta":{"site-sidebar-layout":"default","site-content-layout":"","ast-site-content-layout":"default","site-content-style":"default","site-sidebar-style":"default","ast-global-header-display":"","ast-banner-title-visibility":"","ast-main-header-display":"","ast-hfb-above-header-display":"","ast-hfb-below-header-display":"","ast-hfb-mobile-header-display":"","site-post-title":"","ast-breadcrumbs-content":"","ast-featured-img":"","footer-sml-layout":"","ast-disable-related-posts":"","theme-transparent-header-meta":"default","adv-header-id-meta":"","stick-header-meta":"","header-above-stick-meta":"","header-main-stick-meta":"","header-below-stick-meta":"","astra-migrate-meta-layouts":"set","ast-page-background-enabled":"default","ast-page-background-meta":{"desktop":{"background-color":"var(--ast-global-color-4)","background-image":"","background-repeat":"repeat","background-position":"center center","background-size":"auto","background-attachment":"scroll","background-type":"","background-media":"","overlay-type":"","overlay-color":"","overlay-opacity":"","overlay-gradient":""},"tablet":{"background-color":"","background-image":"","background-repeat":"repeat","background-position":"center center","background-size":"auto","background-attachment":"scroll","background-type":"","background-media":"","overlay-type":"","overlay-color":"","overlay-opacity":"","overlay-gradient":""},"mobile":{"background-color":"","background-image":"","background-repeat":"repeat","background-position":"center center","background-size":"auto","background-attachment":"scroll","background-type":"","background-media":"","overlay-type":"","overlay-color":"","overlay-opacity":"","overlay-gradient":""}},"ast-content-background-meta":{"desktop":{"background-color":"var(--ast-global-color-5)","background-image":"","background-repeat":"repeat","background-position":"center center","background-size":"auto","background-attachment":"scroll","background-type":"","background-media":"","overlay-type":"","overlay-color":"","overlay-opacity":"","overlay-gradient":""},"tablet":{"background-color":"var(--ast-global-color-5)","background-image":"","background-repeat":"repeat","background-position":"center center","background-size":"auto","background-attachment":"scroll","background-type":"","background-media":"","overlay-type":"","overlay-color":"","overlay-opacity":"","overlay-gradient":""},"mobile":{"background-color":"var(--ast-global-color-5)","background-image":"","background-repeat":"repeat","background-position":"center center","background-size":"auto","background-attachment":"scroll","background-type":"","background-media":"","overlay-type":"","overlay-color":"","overlay-opacity":"","overlay-gradient":""}}},"product_brand":[],"product_cat":[19],"product_tag":[],"class_list":{"0":"post-1321","1":"product","2":"type-product","3":"status-publish","4":"has-post-thumbnail","6":"product_cat-mc4-connector","7":"desktop-align-left","8":"tablet-align-left","9":"mobile-align-left","11":"first","12":"instock","13":"shipping-taxable","14":"product-type-simple"},"yoast_head":"<!-- This site is optimized with the Yoast SEO plugin v24.8.1 - https:\/\/yoast.com\/wordpress\/plugins\/seo\/ -->\n<title>Best China Solar Wire Connectors Manufacturer - JYIELE<\/title>\n<meta name=\"description\" content=\"JYIELE&#039;s solar wire connectors pass rigorous quality checks to ensure that each product provides consistent and reliable performance. Whether your needs are for high voltage, low contact resistance, or a high level of protection, this connector will meet them all.\" \/>\n<meta name=\"robots\" content=\"index, follow, max-snippet:-1, max-image-preview:large, max-video-preview:-1\" \/>\n<link rel=\"canonical\" href=\"https:\/\/www.jyiele.com\/it\/prodotto\/solar-wire-connectors\/\" \/>\n<meta property=\"og:locale\" content=\"it_IT\" \/>\n<meta property=\"og:type\" content=\"article\" \/>\n<meta property=\"og:title\" content=\"Best China Solar Wire Connectors Manufacturer - JYIELE\" \/>\n<meta property=\"og:description\" content=\"JYIELE&#039;s solar wire connectors pass rigorous quality checks to ensure that each product provides consistent and reliable performance. Whether your needs are for high voltage, low contact resistance, or a high level of protection, this connector will meet them all.\" \/>\n<meta property=\"og:url\" content=\"https:\/\/www.jyiele.com\/it\/prodotto\/solar-wire-connectors\/\" \/>\n<meta property=\"og:site_name\" content=\"JYIELE\" \/>\n<meta property=\"article:modified_time\" content=\"2025-03-09T11:43:12+00:00\" \/>\n<meta property=\"og:image\" content=\"https:\/\/www.jyiele.com\/wp-content\/uploads\/2024\/09\/1000V-1500V-DC-50Amp-Y-branch-3-ways-Y3-Y4-solar-wire-connectors-parallel.webp\" \/>\n\t<meta property=\"og:image:width\" content=\"800\" \/>\n\t<meta property=\"og:image:height\" content=\"800\" \/>\n\t<meta property=\"og:image:type\" content=\"image\/webp\" \/>\n<meta name=\"twitter:card\" content=\"summary_large_image\" \/>\n<meta name=\"twitter:label1\" content=\"Tempo di lettura stimato\" \/>\n\t<meta name=\"twitter:data1\" content=\"3 minuti\" \/>\n<script type=\"application\/ld+json\" class=\"yoast-schema-graph\">{\"@context\":\"https:\/\/schema.org\",\"@graph\":[{\"@type\":\"WebPage\",\"@id\":\"https:\/\/www.jyiele.com\/product\/solar-wire-connectors\/\",\"url\":\"https:\/\/www.jyiele.com\/product\/solar-wire-connectors\/\",\"name\":\"Best China Solar Wire Connectors Manufacturer - JYIELE\",\"isPartOf\":{\"@id\":\"https:\/\/www.jyiele.com\/#website\"},\"primaryImageOfPage\":{\"@id\":\"https:\/\/www.jyiele.com\/product\/solar-wire-connectors\/#primaryimage\"},\"image\":{\"@id\":\"https:\/\/www.jyiele.com\/product\/solar-wire-connectors\/#primaryimage\"},\"thumbnailUrl\":\"https:\/\/www.jyiele.com\/wp-content\/uploads\/2024\/09\/1000V-1500V-DC-50Amp-Y-branch-3-ways-Y3-Y4-solar-wire-connectors-parallel.webp\",\"datePublished\":\"2024-11-03T10:59:29+00:00\",\"dateModified\":\"2025-03-09T11:43:12+00:00\",\"description\":\"JYIELE's solar wire connectors pass rigorous quality checks to ensure that each product provides consistent and reliable performance. Whether your needs are for high voltage, low contact resistance, or a high level of protection, this connector will meet them all.\",\"breadcrumb\":{\"@id\":\"https:\/\/www.jyiele.com\/product\/solar-wire-connectors\/#breadcrumb\"},\"inLanguage\":\"it-IT\",\"potentialAction\":[{\"@type\":\"ReadAction\",\"target\":[\"https:\/\/www.jyiele.com\/product\/solar-wire-connectors\/\"]}]},{\"@type\":\"ImageObject\",\"inLanguage\":\"it-IT\",\"@id\":\"https:\/\/www.jyiele.com\/product\/solar-wire-connectors\/#primaryimage\",\"url\":\"https:\/\/www.jyiele.com\/wp-content\/uploads\/2024\/09\/1000V-1500V-DC-50Amp-Y-branch-3-ways-Y3-Y4-solar-wire-connectors-parallel.webp\",\"contentUrl\":\"https:\/\/www.jyiele.com\/wp-content\/uploads\/2024\/09\/1000V-1500V-DC-50Amp-Y-branch-3-ways-Y3-Y4-solar-wire-connectors-parallel.webp\",\"width\":800,\"height\":800,\"caption\":\"1000V 1500V DC 50Amp Y branch 3 ways Y3 Y4 solar wire connectors parallel\"},{\"@type\":\"BreadcrumbList\",\"@id\":\"https:\/\/www.jyiele.com\/product\/solar-wire-connectors\/#breadcrumb\",\"itemListElement\":[{\"@type\":\"ListItem\",\"position\":1,\"name\":\"Home\",\"item\":\"https:\/\/www.jyiele.com\/\"},{\"@type\":\"ListItem\",\"position\":2,\"name\":\"Product\",\"item\":\"https:\/\/www.jyiele.com\/product\/\"},{\"@type\":\"ListItem\",\"position\":3,\"name\":\"MC4 Connector\",\"item\":\"https:\/\/www.jyiele.com\/product-category\/mc4-connector\/\"},{\"@type\":\"ListItem\",\"position\":4,\"name\":\"1000V 1500V DC 50Amp Y branch 3 ways Y3 Y4 solar wire connectors parallel\"}]},{\"@type\":\"WebSite\",\"@id\":\"https:\/\/www.jyiele.com\/#website\",\"url\":\"https:\/\/www.jyiele.com\/\",\"name\":\"JYIELE\",\"description\":\"Vacuum Circuit Breaker manufacturer\",\"publisher\":{\"@id\":\"https:\/\/www.jyiele.com\/#organization\"},\"potentialAction\":[{\"@type\":\"SearchAction\",\"target\":{\"@type\":\"EntryPoint\",\"urlTemplate\":\"https:\/\/www.jyiele.com\/?s={search_term_string}\"},\"query-input\":{\"@type\":\"PropertyValueSpecification\",\"valueRequired\":true,\"valueName\":\"search_term_string\"}}],\"inLanguage\":\"it-IT\"},{\"@type\":\"Organization\",\"@id\":\"https:\/\/www.jyiele.com\/#organization\",\"name\":\"JYIELE\",\"url\":\"https:\/\/www.jyiele.com\/\",\"logo\":{\"@type\":\"ImageObject\",\"inLanguage\":\"it-IT\",\"@id\":\"https:\/\/www.jyiele.com\/#\/schema\/logo\/image\/\",\"url\":\"https:\/\/www.jyiele.com\/wp-content\/uploads\/2024\/09\/cropped-jyele-1.webp\",\"contentUrl\":\"https:\/\/www.jyiele.com\/wp-content\/uploads\/2024\/09\/cropped-jyele-1.webp\",\"width\":137,\"height\":60,\"caption\":\"JYIELE\"},\"image\":{\"@id\":\"https:\/\/www.jyiele.com\/#\/schema\/logo\/image\/\"}}]}<\/script>\n<!-- \/ Yoast SEO plugin. -->","yoast_head_json":{"title":"Migliore Cina connettori filo solare Fornitore - JYIELE","description":"I connettori per cavi solari di JYIELE superano rigorosi controlli di qualit\u00e0 per garantire che ogni prodotto fornisca prestazioni costanti e affidabili. Se le vostre esigenze sono l'alta tensione, la bassa resistenza di contatto o un alto livello di protezione, questo connettore le soddisfa tutte.","robots":{"index":"index","follow":"follow","max-snippet":"max-snippet:-1","max-image-preview":"max-image-preview:large","max-video-preview":"max-video-preview:-1"},"canonical":"https:\/\/www.jyiele.com\/it\/prodotto\/solar-wire-connectors\/","og_locale":"it_IT","og_type":"article","og_title":"Best China Solar Wire Connectors Manufacturer - JYIELE","og_description":"JYIELE's solar wire connectors pass rigorous quality checks to ensure that each product provides consistent and reliable performance. Whether your needs are for high voltage, low contact resistance, or a high level of protection, this connector will meet them all.","og_url":"https:\/\/www.jyiele.com\/it\/prodotto\/solar-wire-connectors\/","og_site_name":"JYIELE","article_modified_time":"2025-03-09T11:43:12+00:00","og_image":[{"width":800,"height":800,"url":"https:\/\/www.jyiele.com\/wp-content\/uploads\/2024\/09\/1000V-1500V-DC-50Amp-Y-branch-3-ways-Y3-Y4-solar-wire-connectors-parallel.webp","type":"image\/webp"}],"twitter_card":"summary_large_image","twitter_misc":{"Tempo di lettura stimato":"3 minuti"},"schema":{"@context":"https:\/\/schema.org","@graph":[{"@type":"WebPage","@id":"https:\/\/www.jyiele.com\/product\/solar-wire-connectors\/","url":"https:\/\/www.jyiele.com\/product\/solar-wire-connectors\/","name":"Migliore Cina connettori filo solare Fornitore - JYIELE","isPartOf":{"@id":"https:\/\/www.jyiele.com\/#website"},"primaryImageOfPage":{"@id":"https:\/\/www.jyiele.com\/product\/solar-wire-connectors\/#primaryimage"},"image":{"@id":"https:\/\/www.jyiele.com\/product\/solar-wire-connectors\/#primaryimage"},"thumbnailUrl":"https:\/\/www.jyiele.com\/wp-content\/uploads\/2024\/09\/1000V-1500V-DC-50Amp-Y-branch-3-ways-Y3-Y4-solar-wire-connectors-parallel.webp","datePublished":"2024-11-03T10:59:29+00:00","dateModified":"2025-03-09T11:43:12+00:00","description":"I connettori per cavi solari di JYIELE superano rigorosi controlli di qualit\u00e0 per garantire che ogni prodotto fornisca prestazioni costanti e affidabili. Se le vostre esigenze sono l'alta tensione, la bassa resistenza di contatto o un alto livello di protezione, questo connettore le soddisfa tutte.","breadcrumb":{"@id":"https:\/\/www.jyiele.com\/product\/solar-wire-connectors\/#breadcrumb"},"inLanguage":"it-IT","potentialAction":[{"@type":"ReadAction","target":["https:\/\/www.jyiele.com\/product\/solar-wire-connectors\/"]}]},{"@type":"ImageObject","inLanguage":"it-IT","@id":"https:\/\/www.jyiele.com\/product\/solar-wire-connectors\/#primaryimage","url":"https:\/\/www.jyiele.com\/wp-content\/uploads\/2024\/09\/1000V-1500V-DC-50Amp-Y-branch-3-ways-Y3-Y4-solar-wire-connectors-parallel.webp","contentUrl":"https:\/\/www.jyiele.com\/wp-content\/uploads\/2024\/09\/1000V-1500V-DC-50Amp-Y-branch-3-ways-Y3-Y4-solar-wire-connectors-parallel.webp","width":800,"height":800,"caption":"1000V 1500V DC 50Amp Y branch 3 ways Y3 Y4 solar wire connectors parallel"},{"@type":"BreadcrumbList","@id":"https:\/\/www.jyiele.com\/product\/solar-wire-connectors\/#breadcrumb","itemListElement":[{"@type":"ListItem","position":1,"name":"Home","item":"https:\/\/www.jyiele.com\/"},{"@type":"ListItem","position":2,"name":"Product","item":"https:\/\/www.jyiele.com\/product\/"},{"@type":"ListItem","position":3,"name":"MC4 Connector","item":"https:\/\/www.jyiele.com\/product-category\/mc4-connector\/"},{"@type":"ListItem","position":4,"name":"1000V 1500V DC 50Amp Y branch 3 ways Y3 Y4 solar wire connectors parallel"}]},{"@type":"WebSite","@id":"https:\/\/www.jyiele.com\/#website","url":"https:\/\/www.jyiele.com\/","name":"JYIELE","description":"Produttore di interruttori in vuoto","publisher":{"@id":"https:\/\/www.jyiele.com\/#organization"},"potentialAction":[{"@type":"SearchAction","target":{"@type":"EntryPoint","urlTemplate":"https:\/\/www.jyiele.com\/?s={search_term_string}"},"query-input":{"@type":"PropertyValueSpecification","valueRequired":true,"valueName":"search_term_string"}}],"inLanguage":"it-IT"},{"@type":"Organization","@id":"https:\/\/www.jyiele.com\/#organization","name":"JYIELE","url":"https:\/\/www.jyiele.com\/","logo":{"@type":"ImageObject","inLanguage":"it-IT","@id":"https:\/\/www.jyiele.com\/#\/schema\/logo\/image\/","url":"https:\/\/www.jyiele.com\/wp-content\/uploads\/2024\/09\/cropped-jyele-1.webp","contentUrl":"https:\/\/www.jyiele.com\/wp-content\/uploads\/2024\/09\/cropped-jyele-1.webp","width":137,"height":60,"caption":"JYIELE"},"image":{"@id":"https:\/\/www.jyiele.com\/#\/schema\/logo\/image\/"}}]}},"_links":{"self":[{"href":"https:\/\/www.jyiele.com\/it\/wp-json\/wp\/v2\/product\/1321","targetHints":{"allow":["GET"]}}],"collection":[{"href":"https:\/\/www.jyiele.com\/it\/wp-json\/wp\/v2\/product"}],"about":[{"href":"https:\/\/www.jyiele.com\/it\/wp-json\/wp\/v2\/types\/product"}],"version-history":[{"count":2,"href":"https:\/\/www.jyiele.com\/it\/wp-json\/wp\/v2\/product\/1321\/revisions"}],"predecessor-version":[{"id":1472,"href":"https:\/\/www.jyiele.com\/it\/wp-json\/wp\/v2\/product\/1321\/revisions\/1472"}],"wp:featuredmedia":[{"embeddable":true,"href":"https:\/\/www.jyiele.com\/it\/wp-json\/wp\/v2\/media\/1322"}],"wp:attachment":[{"href":"https:\/\/www.jyiele.com\/it\/wp-json\/wp\/v2\/media?parent=1321"}],"wp:term":[{"taxonomy":"product_brand","embeddable":true,"href":"https:\/\/www.jyiele.com\/it\/wp-json\/wp\/v2\/product_brand?post=1321"},{"taxonomy":"product_cat","embeddable":true,"href":"https:\/\/www.jyiele.com\/it\/wp-json\/wp\/v2\/product_cat?post=1321"},{"taxonomy":"product_tag","embeddable":true,"href":"https:\/\/www.jyiele.com\/it\/wp-json\/wp\/v2\/product_tag?post=1321"}],"curies":[{"name":"wp","href":"https:\/\/api.w.org\/{rel}","templated":true}]}}