{"id":1627,"date":"2023-10-01T05:58:51","date_gmt":"2023-10-01T05:58:51","guid":{"rendered":"https:\/\/www.jy-electric.com\/?post_type=product&#038;p=1627"},"modified":"2024-10-09T13:07:14","modified_gmt":"2024-10-09T13:07:14","slug":"shear-bolt-connector","status":"publish","type":"product","link":"https:\/\/www.jyiele.com\/it\/prodotto\/shear-bolt-connector\/","title":{"rendered":"Connettore a bullone a taglio in alluminio serie BSM"},"content":{"rendered":"<p>I connettori con perno a taglio sono progettati per ottimizzare la connessione tra il conduttore e il dispositivo. Il meccanismo del bullone a taglio assicura un fissaggio stabile e affidabile con una maggiore efficienza di installazione e una coppia di taglio costante rispetto ai metodi di crimpatura tradizionali. Il corpo del tubo \u00e8 realizzato in lega di alluminio stagnato con un design della parete interna scanalato che contribuisce a migliorare le propriet\u00e0 elettriche e meccaniche, riducendo al contempo la necessit\u00e0 di manipolazione manuale.<\/p>\n<p>La lega di alluminio ad alta resistenza \u00e8 ramata e stagnata per migliorare ulteriormente l'idoneit\u00e0 e la durata del conduttore.<\/p>\n<p>Bulloni di serraggio: Realizzato con precisione grazie alla lavorazione CNC, il processo di installazione \u00e8 semplice e pu\u00f2 essere facilmente fissato con un numero ridotto di bulloni esagonali.<\/p>\n<h2>Descrizione del componente<\/h2>\n<p>Corpo principale: realizzato in lega di alluminio di alta qualit\u00e0, attraverso il processo di forgiatura e il trattamento di stagnatura, lo spessore della placcatura \u00e8 superiore a 7\u03bcm.<br \/>\nBullone di serraggio (bullone a taglio): Lavorazione al tornio CNC, alta precisione.<br \/>\nPiastra deflettrice intermedia: I prodotti si dividono in tipo a blocco d'olio e tipo non a blocco d'olio; il tipo a blocco d'olio \u00e8 dotato di deflettore.<br \/>\nCrimpatura: A partire dal modello BSM-500\/630, il tubo di collegamento elimina la struttura a crimpare.<\/p>\n<h2>Caratteristiche strutturali<\/h2>\n<p>Ampia applicabilit\u00e0: Supporta conduttori da 10 mm\u00b2 a 1000 mm\u00b2 ed \u00e8 adatto a un'ampia gamma di tipi e materiali di conduttori;<br \/>\nDesign resistente: adatto per accessori per cavi ad alta tensione fino a 42kV;<br \/>\nConnessione affidabile: i conduttori sono fissati nel tubo di giunzione per mezzo di viti pre-torsionate per garantire un contatto sicuro;<br \/>\nFacile installazione: il design compatto consente una facile installazione con una chiave a bussola standard;<br \/>\nIstruzioni per l'installazione: per l'installazione non sono necessari strumenti speciali, basta una normale chiave a bussola. Ogni connettore o capocorda \u00e8 corredato da una guida dettagliata all'installazione e il design del bullone a doppia testa di taglio garantisce una connessione sicura e stabile. Per evitare che il conduttore si pieghi, si consiglia di utilizzare l'apposito strumento di supporto.<\/p>\n<h4 class=\"wp-block-heading\"><strong>Tabella dei parametri del connettore con bullone a taglio<\/strong><\/h4>\n<figure class=\"wp-block-image size-full is-resized\"><img fetchpriority=\"high\" decoding=\"async\" class=\"alignnone wp-image-1634 size-full\" src=\"https:\/\/www.jy-electric.com\/wp-content\/uploads\/2024\/10\/Shear-Bolt-Connector-Parameter-Table.webp\" alt=\"Tabella dei parametri del connettore con bullone a taglio\" width=\"660\" height=\"254\" srcset=\"https:\/\/www.jyiele.com\/wp-content\/uploads\/2024\/10\/Shear-Bolt-Connector-Parameter-Table.webp 660w, https:\/\/www.jyiele.com\/wp-content\/uploads\/2024\/10\/Shear-Bolt-Connector-Parameter-Table-300x115.webp 300w, https:\/\/www.jyiele.com\/wp-content\/uploads\/2024\/10\/Shear-Bolt-Connector-Parameter-Table-18x7.webp 18w, https:\/\/www.jyiele.com\/wp-content\/uploads\/2024\/10\/Shear-Bolt-Connector-Parameter-Table-600x231.webp 600w\" sizes=\"(max-width: 660px) 100vw, 660px\" \/><\/figure>\n<figure class=\"wp-block-table\">\n<div class=\"scroll\">\n<table>\n<tbody>\n<tr>\n<td rowspan=\"2\">TIPO<\/td>\n<td rowspan=\"2\">Croce di filo<br \/>\nsezione mm\u00b2<\/td>\n<td rowspan=\"2\">Con la centrale<br \/>\nbarriera<br \/>\n(s\u00ec \/no)<\/td>\n<td colspan=\"4\">Dimensioni (mm)<\/td>\n<td rowspan=\"2\">Numero di<br \/>\nBullone<\/td>\n<td>Testa del bullone<br \/>\nspecifiche<\/td>\n<\/tr>\n<tr>\n<td>L1<\/td>\n<td>D2<\/td>\n<td>D1<\/td>\n<td>D2<\/td>\n<td>AF(mm)<\/td>\n<\/tr>\n<tr>\n<td>BSM-10\/35<\/td>\n<td>10-35<\/td>\n<td>S\u00ec<\/td>\n<td>45<\/td>\n<td>20<\/td>\n<td>19<\/td>\n<td>8.5<\/td>\n<td>2<\/td>\n<td>10<\/td>\n<\/tr>\n<tr>\n<td>BSM-25\/95<\/td>\n<td>25-95<\/td>\n<td>S\u00ec<\/td>\n<td>65<\/td>\n<td>30<\/td>\n<td>24<\/td>\n<td>12.8<\/td>\n<td>2<\/td>\n<td>13<\/td>\n<\/tr>\n<tr>\n<td>BSMU-25\/95<\/td>\n<td>25-95<\/td>\n<td>no<\/td>\n<td>65<\/td>\n<td><\/td>\n<td>24<\/td>\n<td>12.8<\/td>\n<td>2<\/td>\n<td>13<\/td>\n<\/tr>\n<tr>\n<td>BSM-35\/150<\/td>\n<td>35-150<\/td>\n<td>S\u00ec<\/td>\n<td>80<\/td>\n<td>35<\/td>\n<td>28<\/td>\n<td>15.8<\/td>\n<td>2<\/td>\n<td>17<\/td>\n<\/tr>\n<tr>\n<td>BSMU-35\/150<\/td>\n<td>35-150<\/td>\n<td>no<\/td>\n<td>80<\/td>\n<td><\/td>\n<td>28<\/td>\n<td>15.8<\/td>\n<td>2<\/td>\n<td>17<\/td>\n<\/tr>\n<tr>\n<td>BSM-95\/240<\/td>\n<td>95-240<\/td>\n<td>S\u00ec<\/td>\n<td>125<\/td>\n<td>60<\/td>\n<td>33<\/td>\n<td>20<\/td>\n<td>4<\/td>\n<td>19<\/td>\n<\/tr>\n<tr>\n<td>BSMU-95\/240<\/td>\n<td>95-240<\/td>\n<td>no<\/td>\n<td>125<\/td>\n<td><\/td>\n<td>33<\/td>\n<td>20<\/td>\n<td>4<\/td>\n<td>19<\/td>\n<\/tr>\n<tr>\n<td>BSM-95\/240-34<\/td>\n<td>95-240<\/td>\n<td>S\u00ec<\/td>\n<td>125<\/td>\n<td>60<\/td>\n<td>34<\/td>\n<td>22<\/td>\n<td>4<\/td>\n<td>19<\/td>\n<\/tr>\n<tr>\n<td>BSM-120\/300<\/td>\n<td>120-300<\/td>\n<td>S\u00ec<\/td>\n<td>140<\/td>\n<td>65<\/td>\n<td>37<\/td>\n<td>24<\/td>\n<td>4<\/td>\n<td>22<\/td>\n<\/tr>\n<tr>\n<td>BSMU-120\/300<\/td>\n<td>120-300<\/td>\n<td>no<\/td>\n<td>140<\/td>\n<td><\/td>\n<td>37<\/td>\n<td>24<\/td>\n<td>4<\/td>\n<td>22<\/td>\n<\/tr>\n<tr>\n<td>BSM-185\/400<\/td>\n<td>185-400<\/td>\n<td>S\u00ec<\/td>\n<td>170<\/td>\n<td>80<\/td>\n<td>42<\/td>\n<td>25.5<\/td>\n<td>6<\/td>\n<td>22<\/td>\n<\/tr>\n<tr>\n<td>BSMU-185\/400<\/td>\n<td>185-400<\/td>\n<td>no<\/td>\n<td>170<\/td>\n<td><\/td>\n<td>42<\/td>\n<td>25.5<\/td>\n<td>6<\/td>\n<td>22<\/td>\n<\/tr>\n<tr>\n<td>BSM-500\/630<\/td>\n<td>500-630<\/td>\n<td>S\u00ec<\/td>\n<td>200<\/td>\n<td>95<\/td>\n<td>50<\/td>\n<td>33<\/td>\n<td>6<\/td>\n<td>27<\/td>\n<\/tr>\n<tr>\n<td>BSMU-500\/630<\/td>\n<td>500-630<\/td>\n<td>no<\/td>\n<td>200<\/td>\n<td>95<\/td>\n<td>50<\/td>\n<td>33<\/td>\n<td>6<\/td>\n<td>27<\/td>\n<\/tr>\n<tr>\n<td>BSM-800\/1000<\/td>\n<td>800-1000<\/td>\n<td>S\u00ec<\/td>\n<td>230<\/td>\n<td>110<\/td>\n<td>60<\/td>\n<td>40.5<\/td>\n<td>8<\/td>\n<td>13<\/td>\n<\/tr>\n<\/tbody>\n<\/table>\n<\/div>\n<\/figure>\n<figure class=\"wp-block-image size-full is-resized\"><img decoding=\"async\" class=\"alignnone wp-image-1635 size-full\" src=\"https:\/\/www.jy-electric.com\/wp-content\/uploads\/2024\/10\/Shear-Bolt-Connector-Parameter.webp\" alt=\"Parametro del connettore con bullone a taglio\" width=\"923\" height=\"321\" srcset=\"https:\/\/www.jyiele.com\/wp-content\/uploads\/2024\/10\/Shear-Bolt-Connector-Parameter.webp 923w, https:\/\/www.jyiele.com\/wp-content\/uploads\/2024\/10\/Shear-Bolt-Connector-Parameter-300x104.webp 300w, https:\/\/www.jyiele.com\/wp-content\/uploads\/2024\/10\/Shear-Bolt-Connector-Parameter-768x267.webp 768w, https:\/\/www.jyiele.com\/wp-content\/uploads\/2024\/10\/Shear-Bolt-Connector-Parameter-18x6.webp 18w, https:\/\/www.jyiele.com\/wp-content\/uploads\/2024\/10\/Shear-Bolt-Connector-Parameter-600x209.webp 600w\" sizes=\"(max-width: 923px) 100vw, 923px\" \/><\/figure>\n<figure class=\"wp-block-table\">\n<div class=\"scroll\">\n<table>\n<tbody>\n<tr>\n<td rowspan=\"2\">TIPO<\/td>\n<td colspan=\"2\">Sezione trasversale del conduttore<br \/>\narea mm?<\/td>\n<td rowspan=\"2\">Con la centrale<br \/>\nbarriera<br \/>\n(s\u00ec\/no)<\/td>\n<td colspan=\"5\">Dimensione (mm)<\/td>\n<td colspan=\"2\">Numero di bulloni<\/td>\n<td colspan=\"2\">Specifiche della testa del bullone<br \/>\nAF(mm )<\/td>\n<\/tr>\n<tr>\n<td>Linea principale<\/td>\n<td>Linea di derivazione<\/td>\n<td>\u00a0\u00a0\u00a0L<\/td>\n<td>D1<\/td>\n<td>D2<\/td>\n<td>D3<\/td>\n<td>D4<\/td>\n<td>Linea principale<\/td>\n<td>Ramo<br \/>\nlinea<\/td>\n<td>Linea principale<\/td>\n<td>Ramo<br \/>\nlinea<\/td>\n<\/tr>\n<tr>\n<td>BSMB 25\/95-95\/240<\/td>\n<td>95-240<\/td>\n<td>25-95<\/td>\n<td>S\u00ec<\/td>\n<td>125<\/td>\n<td>24<\/td>\n<td>33<\/td>\n<td>33<\/td>\n<td>20<\/td>\n<td>2<\/td>\n<td>1<\/td>\n<td>19<\/td>\n<td>13<\/td>\n<\/tr>\n<tr>\n<td>BSMB 95\/240-185\/400<\/td>\n<td>185-400<\/td>\n<td>95-240<\/td>\n<td>S\u00ec<\/td>\n<td>170<\/td>\n<td>33<\/td>\n<td>42<\/td>\n<td>42<\/td>\n<td>25.5<\/td>\n<td>3<\/td>\n<td>2<\/td>\n<td>22<\/td>\n<td>19<\/td>\n<\/tr>\n<tr>\n<td>BSMB 185\/400-500<\/td>\n<td>500<\/td>\n<td>185-400<\/td>\n<td>S\u00ec<\/td>\n<td>190<\/td>\n<td>42<\/td>\n<td>25.5<\/td>\n<td>46<\/td>\n<td>30<\/td>\n<td>3<\/td>\n<td>3<\/td>\n<td>27<\/td>\n<td>22<\/td>\n<\/tr>\n<tr>\n<td>BSMB 185\/400-630<\/td>\n<td>630<\/td>\n<td>185-400<\/td>\n<td>S\u00ec<\/td>\n<td>200<\/td>\n<td>42<\/td>\n<td>50<\/td>\n<td>50<\/td>\n<td>33<\/td>\n<td>3<\/td>\n<td>3<\/td>\n<td>27<\/td>\n<td>22<\/td>\n<\/tr>\n<tr>\n<td>BSMB 500-800<\/td>\n<td>800<\/td>\n<td>500<\/td>\n<td>S\u00ec<\/td>\n<td>180<\/td>\n<td>46<\/td>\n<td>56<\/td>\n<td>56<\/td>\n<td>36<\/td>\n<td>4<\/td>\n<td>3<\/td>\n<td>13<\/td>\n<td>13<\/td>\n<\/tr>\n<tr>\n<td>BSMB 630-800<\/td>\n<td>800<\/td>\n<td>630<\/td>\n<td>S\u00ec<\/td>\n<td>180<\/td>\n<td>50<\/td>\n<td>56<\/td>\n<td>56<\/td>\n<td>36<\/td>\n<td>4<\/td>\n<td>3<\/td>\n<td>13<\/td>\n<td>13<\/td>\n<\/tr>\n<tr>\n<td>BSMB 630-1000<\/td>\n<td>1000<\/td>\n<td>630<\/td>\n<td>S\u00ec<\/td>\n<td>180<\/td>\n<td>50<\/td>\n<td>60<\/td>\n<td>60<\/td>\n<td>40<\/td>\n<td>4<\/td>\n<td>3<\/td>\n<td>13<\/td>\n<td>13<\/td>\n<\/tr>\n<tr>\n<td>BSMB 800-1000<\/td>\n<td>1000<\/td>\n<td>800<\/td>\n<td>S\u00ec<\/td>\n<td>180<\/td>\n<td>56<\/td>\n<td>60<\/td>\n<td>60<\/td>\n<td>40<\/td>\n<td>4<\/td>\n<td>3<\/td>\n<td>13<\/td>\n<td>13<\/td>\n<\/tr>\n<tr>\n<td>BSMB 95\/240-34-120\/300<\/td>\n<td>120-300<\/td>\n<td>95-240<\/td>\n<td>S\u00ec<\/td>\n<td>140<\/td>\n<td>34<\/td>\n<td>22<\/td>\n<td>37<\/td>\n<td>24<\/td>\n<td>2<\/td>\n<td>2<\/td>\n<td>22<\/td>\n<td>19<\/td>\n<\/tr>\n<tr>\n<td>BSMB 95\/240-34-500<\/td>\n<td>500<\/td>\n<td>95-240<\/td>\n<td>S\u00ec<\/td>\n<td>160<\/td>\n<td>34<\/td>\n<td>22<\/td>\n<td>46<\/td>\n<td>30<\/td>\n<td>3<\/td>\n<td>2<\/td>\n<td>19<\/td>\n<td>13<\/td>\n<\/tr>\n<\/tbody>\n<\/table>\n<\/div>\n<\/figure>\n<h4 class=\"wp-block-heading\"><strong>Come tagliare correttamente i cavi<\/strong><\/h4>\n<p>Quando si installa il connettore di giunzione, assicurarsi di inserire completamente il filo nel foro del tubo: non ci deve essere spazio tra il cavo e il connettore di giunzione.<\/p>\n<figure class=\"wp-block-gallery has-nested-images columns-default is-cropped wp-block-gallery-1 is-layout-flex wp-block-gallery-is-layout-flex\">\n<figure class=\"wp-block-image size-large\"><img decoding=\"async\" class=\"alignnone wp-image-1631 size-full\" src=\"https:\/\/www.jy-electric.com\/wp-content\/uploads\/2024\/10\/installing-splice-connector.webp\" alt=\"installazione del connettore di giunzione\" width=\"1024\" height=\"191\" srcset=\"https:\/\/www.jyiele.com\/wp-content\/uploads\/2024\/10\/installing-splice-connector.webp 1024w, https:\/\/www.jyiele.com\/wp-content\/uploads\/2024\/10\/installing-splice-connector-300x56.webp 300w, https:\/\/www.jyiele.com\/wp-content\/uploads\/2024\/10\/installing-splice-connector-768x143.webp 768w, https:\/\/www.jyiele.com\/wp-content\/uploads\/2024\/10\/installing-splice-connector-18x3.webp 18w, https:\/\/www.jyiele.com\/wp-content\/uploads\/2024\/10\/installing-splice-connector-600x112.webp 600w\" sizes=\"(max-width: 1024px) 100vw, 1024px\" \/><\/figure>\n<\/figure>","protected":false},"excerpt":{"rendered":"<p>I connettori a bullone a taglio BSM sono costituiti da un corpo in lega di alluminio stagnato, una testa di bullone a taglio e un inserto e sono adatti per collegare conduttori di piccole dimensioni. I bulloni sono realizzati in lega di alluminio speciale ad alta resistenza con doppio taglio e testa esagonale e sono lubrificati per garantire un'installazione agevole. La testa del bullone si trancia automaticamente quando viene raggiunta la coppia di serraggio impostata, assicurando che non possa essere smontato e aumentando cos\u00ec la sicurezza. Anche il corpo del capocorda \u00e8 realizzato in lega di alluminio stagnato con scanalature all'interno dei fori del conduttore per migliorare la stabilit\u00e0 del contatto.<\/p>","protected":false},"featured_media":1630,"template":"","meta":{"site-sidebar-layout":"default","site-content-layout":"","ast-site-content-layout":"default","site-content-style":"default","site-sidebar-style":"default","ast-global-header-display":"","ast-banner-title-visibility":"","ast-main-header-display":"","ast-hfb-above-header-display":"","ast-hfb-below-header-display":"","ast-hfb-mobile-header-display":"","site-post-title":"","ast-breadcrumbs-content":"","ast-featured-img":"","footer-sml-layout":"","ast-disable-related-posts":"","theme-transparent-header-meta":"default","adv-header-id-meta":"","stick-header-meta":"","header-above-stick-meta":"","header-main-stick-meta":"","header-below-stick-meta":"","astra-migrate-meta-layouts":"set","ast-page-background-enabled":"default","ast-page-background-meta":{"desktop":{"background-color":"var(--ast-global-color-4)","background-image":"","background-repeat":"repeat","background-position":"center center","background-size":"auto","background-attachment":"scroll","background-type":"","background-media":"","overlay-type":"","overlay-color":"","overlay-opacity":"","overlay-gradient":""},"tablet":{"background-color":"","background-image":"","background-repeat":"repeat","background-position":"center center","background-size":"auto","background-attachment":"scroll","background-type":"","background-media":"","overlay-type":"","overlay-color":"","overlay-opacity":"","overlay-gradient":""},"mobile":{"background-color":"","background-image":"","background-repeat":"repeat","background-position":"center center","background-size":"auto","background-attachment":"scroll","background-type":"","background-media":"","overlay-type":"","overlay-color":"","overlay-opacity":"","overlay-gradient":""}},"ast-content-background-meta":{"desktop":{"background-color":"var(--ast-global-color-5)","background-image":"","background-repeat":"repeat","background-position":"center center","background-size":"auto","background-attachment":"scroll","background-type":"","background-media":"","overlay-type":"","overlay-color":"","overlay-opacity":"","overlay-gradient":""},"tablet":{"background-color":"var(--ast-global-color-5)","background-image":"","background-repeat":"repeat","background-position":"center center","background-size":"auto","background-attachment":"scroll","background-type":"","background-media":"","overlay-type":"","overlay-color":"","overlay-opacity":"","overlay-gradient":""},"mobile":{"background-color":"var(--ast-global-color-5)","background-image":"","background-repeat":"repeat","background-position":"center center","background-size":"auto","background-attachment":"scroll","background-type":"","background-media":"","overlay-type":"","overlay-color":"","overlay-opacity":"","overlay-gradient":""}}},"product_brand":[],"product_cat":[21],"product_tag":[],"class_list":{"0":"post-1627","1":"product","2":"type-product","3":"status-publish","4":"has-post-thumbnail","6":"product_cat-power-fittings","7":"desktop-align-left","8":"tablet-align-left","9":"mobile-align-left","11":"first","12":"instock","13":"shipping-taxable","14":"product-type-simple"},"yoast_head":"<!-- This site is optimized with the Yoast SEO plugin v24.8.1 - https:\/\/yoast.com\/wordpress\/plugins\/seo\/ -->\n<title>China Aluminum Shear Bolt Connector Manufacturers &amp; Suppliers - JYIELE<\/title>\n<meta name=\"description\" content=\"JYIELE&#039;s shear stud connectors are made of high-strength tinned aluminum alloy to ensure stable electrical performance, easy and efficient installation, and are suitable for a wide range of wire sizes.\" \/>\n<meta name=\"robots\" content=\"index, follow, max-snippet:-1, max-image-preview:large, max-video-preview:-1\" \/>\n<link rel=\"canonical\" href=\"https:\/\/www.jyiele.com\/it\/prodotto\/shear-bolt-connector\/\" \/>\n<meta property=\"og:locale\" content=\"it_IT\" \/>\n<meta property=\"og:type\" content=\"article\" \/>\n<meta property=\"og:title\" content=\"China Aluminum Shear Bolt Connector Manufacturers &amp; Suppliers - JYIELE\" \/>\n<meta property=\"og:description\" content=\"JYIELE&#039;s shear stud connectors are made of high-strength tinned aluminum alloy to ensure stable electrical performance, easy and efficient installation, and are suitable for a wide range of wire sizes.\" \/>\n<meta property=\"og:url\" content=\"https:\/\/www.jyiele.com\/it\/prodotto\/shear-bolt-connector\/\" \/>\n<meta property=\"og:site_name\" content=\"JYIELE\" \/>\n<meta property=\"article:modified_time\" content=\"2024-10-09T13:07:14+00:00\" \/>\n<meta property=\"og:image\" content=\"https:\/\/www.jyiele.com\/wp-content\/uploads\/2024\/10\/Aluminum-Shear-Bolt-Connector.webp\" \/>\n\t<meta property=\"og:image:width\" content=\"800\" \/>\n\t<meta property=\"og:image:height\" content=\"800\" \/>\n\t<meta property=\"og:image:type\" content=\"image\/webp\" \/>\n<meta name=\"twitter:card\" content=\"summary_large_image\" \/>\n<meta name=\"twitter:label1\" content=\"Tempo di lettura stimato\" \/>\n\t<meta name=\"twitter:data1\" content=\"4 minuti\" \/>\n<script type=\"application\/ld+json\" class=\"yoast-schema-graph\">{\"@context\":\"https:\/\/schema.org\",\"@graph\":[{\"@type\":\"WebPage\",\"@id\":\"https:\/\/www.jyiele.com\/product\/shear-bolt-connector\/\",\"url\":\"https:\/\/www.jyiele.com\/product\/shear-bolt-connector\/\",\"name\":\"China Aluminum Shear Bolt Connector Manufacturers & Suppliers - JYIELE\",\"isPartOf\":{\"@id\":\"https:\/\/www.jyiele.com\/#website\"},\"primaryImageOfPage\":{\"@id\":\"https:\/\/www.jyiele.com\/product\/shear-bolt-connector\/#primaryimage\"},\"image\":{\"@id\":\"https:\/\/www.jyiele.com\/product\/shear-bolt-connector\/#primaryimage\"},\"thumbnailUrl\":\"https:\/\/www.jyiele.com\/wp-content\/uploads\/2024\/10\/Aluminum-Shear-Bolt-Connector.webp\",\"datePublished\":\"2023-10-01T05:58:51+00:00\",\"dateModified\":\"2024-10-09T13:07:14+00:00\",\"description\":\"JYIELE's shear stud connectors are made of high-strength tinned aluminum alloy to ensure stable electrical performance, easy and efficient installation, and are suitable for a wide range of wire sizes.\",\"breadcrumb\":{\"@id\":\"https:\/\/www.jyiele.com\/product\/shear-bolt-connector\/#breadcrumb\"},\"inLanguage\":\"it-IT\",\"potentialAction\":[{\"@type\":\"ReadAction\",\"target\":[\"https:\/\/www.jyiele.com\/product\/shear-bolt-connector\/\"]}]},{\"@type\":\"ImageObject\",\"inLanguage\":\"it-IT\",\"@id\":\"https:\/\/www.jyiele.com\/product\/shear-bolt-connector\/#primaryimage\",\"url\":\"https:\/\/www.jyiele.com\/wp-content\/uploads\/2024\/10\/Aluminum-Shear-Bolt-Connector.webp\",\"contentUrl\":\"https:\/\/www.jyiele.com\/wp-content\/uploads\/2024\/10\/Aluminum-Shear-Bolt-Connector.webp\",\"width\":800,\"height\":800,\"caption\":\"Aluminum Shear Bolt Connector\"},{\"@type\":\"BreadcrumbList\",\"@id\":\"https:\/\/www.jyiele.com\/product\/shear-bolt-connector\/#breadcrumb\",\"itemListElement\":[{\"@type\":\"ListItem\",\"position\":1,\"name\":\"Home\",\"item\":\"https:\/\/www.jyiele.com\/\"},{\"@type\":\"ListItem\",\"position\":2,\"name\":\"Product\",\"item\":\"https:\/\/www.jyiele.com\/product\/\"},{\"@type\":\"ListItem\",\"position\":3,\"name\":\"Power Fittings\",\"item\":\"https:\/\/www.jyiele.com\/product-category\/power-fittings\/\"},{\"@type\":\"ListItem\",\"position\":4,\"name\":\"BSM Series Aluminum Shear Bolt Connector\"}]},{\"@type\":\"WebSite\",\"@id\":\"https:\/\/www.jyiele.com\/#website\",\"url\":\"https:\/\/www.jyiele.com\/\",\"name\":\"JYIELE\",\"description\":\"Vacuum Circuit Breaker manufacturer\",\"publisher\":{\"@id\":\"https:\/\/www.jyiele.com\/#organization\"},\"potentialAction\":[{\"@type\":\"SearchAction\",\"target\":{\"@type\":\"EntryPoint\",\"urlTemplate\":\"https:\/\/www.jyiele.com\/?s={search_term_string}\"},\"query-input\":{\"@type\":\"PropertyValueSpecification\",\"valueRequired\":true,\"valueName\":\"search_term_string\"}}],\"inLanguage\":\"it-IT\"},{\"@type\":\"Organization\",\"@id\":\"https:\/\/www.jyiele.com\/#organization\",\"name\":\"JYIELE\",\"url\":\"https:\/\/www.jyiele.com\/\",\"logo\":{\"@type\":\"ImageObject\",\"inLanguage\":\"it-IT\",\"@id\":\"https:\/\/www.jyiele.com\/#\/schema\/logo\/image\/\",\"url\":\"https:\/\/www.jyiele.com\/wp-content\/uploads\/2024\/09\/cropped-jyele-1.webp\",\"contentUrl\":\"https:\/\/www.jyiele.com\/wp-content\/uploads\/2024\/09\/cropped-jyele-1.webp\",\"width\":137,\"height\":60,\"caption\":\"JYIELE\"},\"image\":{\"@id\":\"https:\/\/www.jyiele.com\/#\/schema\/logo\/image\/\"}}]}<\/script>\n<!-- \/ Yoast SEO plugin. -->","yoast_head_json":{"title":"Cina Connettore a bullone a taglio in alluminio produttori e fornitori - JYIELE","description":"I connettori a strappo di JYIELE sono realizzati in lega di alluminio stagnato ad alta resistenza per garantire prestazioni elettriche stabili, un'installazione facile ed efficiente e sono adatti a un'ampia gamma di dimensioni dei fili.","robots":{"index":"index","follow":"follow","max-snippet":"max-snippet:-1","max-image-preview":"max-image-preview:large","max-video-preview":"max-video-preview:-1"},"canonical":"https:\/\/www.jyiele.com\/it\/prodotto\/shear-bolt-connector\/","og_locale":"it_IT","og_type":"article","og_title":"China Aluminum Shear Bolt Connector Manufacturers & Suppliers - JYIELE","og_description":"JYIELE's shear stud connectors are made of high-strength tinned aluminum alloy to ensure stable electrical performance, easy and efficient installation, and are suitable for a wide range of wire sizes.","og_url":"https:\/\/www.jyiele.com\/it\/prodotto\/shear-bolt-connector\/","og_site_name":"JYIELE","article_modified_time":"2024-10-09T13:07:14+00:00","og_image":[{"width":800,"height":800,"url":"https:\/\/www.jyiele.com\/wp-content\/uploads\/2024\/10\/Aluminum-Shear-Bolt-Connector.webp","type":"image\/webp"}],"twitter_card":"summary_large_image","twitter_misc":{"Tempo di lettura stimato":"4 minuti"},"schema":{"@context":"https:\/\/schema.org","@graph":[{"@type":"WebPage","@id":"https:\/\/www.jyiele.com\/product\/shear-bolt-connector\/","url":"https:\/\/www.jyiele.com\/product\/shear-bolt-connector\/","name":"Cina Connettore a bullone a taglio in alluminio produttori e fornitori - JYIELE","isPartOf":{"@id":"https:\/\/www.jyiele.com\/#website"},"primaryImageOfPage":{"@id":"https:\/\/www.jyiele.com\/product\/shear-bolt-connector\/#primaryimage"},"image":{"@id":"https:\/\/www.jyiele.com\/product\/shear-bolt-connector\/#primaryimage"},"thumbnailUrl":"https:\/\/www.jyiele.com\/wp-content\/uploads\/2024\/10\/Aluminum-Shear-Bolt-Connector.webp","datePublished":"2023-10-01T05:58:51+00:00","dateModified":"2024-10-09T13:07:14+00:00","description":"I connettori a strappo di JYIELE sono realizzati in lega di alluminio stagnato ad alta resistenza per garantire prestazioni elettriche stabili, un'installazione facile ed efficiente e sono adatti a un'ampia gamma di dimensioni dei fili.","breadcrumb":{"@id":"https:\/\/www.jyiele.com\/product\/shear-bolt-connector\/#breadcrumb"},"inLanguage":"it-IT","potentialAction":[{"@type":"ReadAction","target":["https:\/\/www.jyiele.com\/product\/shear-bolt-connector\/"]}]},{"@type":"ImageObject","inLanguage":"it-IT","@id":"https:\/\/www.jyiele.com\/product\/shear-bolt-connector\/#primaryimage","url":"https:\/\/www.jyiele.com\/wp-content\/uploads\/2024\/10\/Aluminum-Shear-Bolt-Connector.webp","contentUrl":"https:\/\/www.jyiele.com\/wp-content\/uploads\/2024\/10\/Aluminum-Shear-Bolt-Connector.webp","width":800,"height":800,"caption":"Aluminum Shear Bolt Connector"},{"@type":"BreadcrumbList","@id":"https:\/\/www.jyiele.com\/product\/shear-bolt-connector\/#breadcrumb","itemListElement":[{"@type":"ListItem","position":1,"name":"Home","item":"https:\/\/www.jyiele.com\/"},{"@type":"ListItem","position":2,"name":"Product","item":"https:\/\/www.jyiele.com\/product\/"},{"@type":"ListItem","position":3,"name":"Power Fittings","item":"https:\/\/www.jyiele.com\/product-category\/power-fittings\/"},{"@type":"ListItem","position":4,"name":"BSM Series Aluminum Shear Bolt Connector"}]},{"@type":"WebSite","@id":"https:\/\/www.jyiele.com\/#website","url":"https:\/\/www.jyiele.com\/","name":"JYIELE","description":"Produttore di interruttori in vuoto","publisher":{"@id":"https:\/\/www.jyiele.com\/#organization"},"potentialAction":[{"@type":"SearchAction","target":{"@type":"EntryPoint","urlTemplate":"https:\/\/www.jyiele.com\/?s={search_term_string}"},"query-input":{"@type":"PropertyValueSpecification","valueRequired":true,"valueName":"search_term_string"}}],"inLanguage":"it-IT"},{"@type":"Organization","@id":"https:\/\/www.jyiele.com\/#organization","name":"JYIELE","url":"https:\/\/www.jyiele.com\/","logo":{"@type":"ImageObject","inLanguage":"it-IT","@id":"https:\/\/www.jyiele.com\/#\/schema\/logo\/image\/","url":"https:\/\/www.jyiele.com\/wp-content\/uploads\/2024\/09\/cropped-jyele-1.webp","contentUrl":"https:\/\/www.jyiele.com\/wp-content\/uploads\/2024\/09\/cropped-jyele-1.webp","width":137,"height":60,"caption":"JYIELE"},"image":{"@id":"https:\/\/www.jyiele.com\/#\/schema\/logo\/image\/"}}]}},"_links":{"self":[{"href":"https:\/\/www.jyiele.com\/it\/wp-json\/wp\/v2\/product\/1627","targetHints":{"allow":["GET"]}}],"collection":[{"href":"https:\/\/www.jyiele.com\/it\/wp-json\/wp\/v2\/product"}],"about":[{"href":"https:\/\/www.jyiele.com\/it\/wp-json\/wp\/v2\/types\/product"}],"version-history":[{"count":3,"href":"https:\/\/www.jyiele.com\/it\/wp-json\/wp\/v2\/product\/1627\/revisions"}],"predecessor-version":[{"id":1629,"href":"https:\/\/www.jyiele.com\/it\/wp-json\/wp\/v2\/product\/1627\/revisions\/1629"}],"wp:featuredmedia":[{"embeddable":true,"href":"https:\/\/www.jyiele.com\/it\/wp-json\/wp\/v2\/media\/1630"}],"wp:attachment":[{"href":"https:\/\/www.jyiele.com\/it\/wp-json\/wp\/v2\/media?parent=1627"}],"wp:term":[{"taxonomy":"product_brand","embeddable":true,"href":"https:\/\/www.jyiele.com\/it\/wp-json\/wp\/v2\/product_brand?post=1627"},{"taxonomy":"product_cat","embeddable":true,"href":"https:\/\/www.jyiele.com\/it\/wp-json\/wp\/v2\/product_cat?post=1627"},{"taxonomy":"product_tag","embeddable":true,"href":"https:\/\/www.jyiele.com\/it\/wp-json\/wp\/v2\/product_tag?post=1627"}],"curies":[{"name":"wp","href":"https:\/\/api.w.org\/{rel}","templated":true}]}}