{"id":1871,"date":"2021-10-10T12:16:59","date_gmt":"2021-10-10T12:16:59","guid":{"rendered":"https:\/\/www.jy-electric.com\/?post_type=product&#038;p=1871"},"modified":"2024-10-10T12:31:10","modified_gmt":"2024-10-10T12:31:10","slug":"k75-95-high-voltage-fireproof-pa66-switch-cabinet-cable-clip","status":"publish","type":"product","link":"https:\/\/www.jyiele.com\/it\/prodotto\/k75-95-high-voltage-fireproof-pa66-switch-cabinet-cable-clip\/","title":{"rendered":"K75-95 Clip per cavi dell'armadio elettrico PA66 ignifugo ad alta tensione"},"content":{"rendered":"<h2>Caratteristiche della clip per cavi<\/h2>\n<p>Il materiale in nylon ignifugo PA66 \u00e8 eccellente in termini di ritenzione di fiamma e tenacit\u00e0, resistenza alle alte temperature, adatto per il fissaggio dei cavi in una variet\u00e0 di situazioni. Nel suo design, garantisce la sicurezza dell'installazione dei cavi ed \u00e8 progettato per apparecchiature di installazione, edifici, armadi elettrici e cavi ad alta tensione.<\/p>\n<h2>Serraggio dei cavi in rete con clip per cavi<\/h2>\n<p>Quando si blocca il cavo di rete, scegliere un morsetto di dimensioni adeguate in base al diametro del cavo di rete e inserirlo in un dispositivo di fissaggio. Fissare il serracavo con viti o un dispositivo di bloccaggio su un dispositivo. Fare attenzione a rendere stabile il cavo di rete senza che scivoli o si allenti. Fare attenzione a non stringere troppo e a non danneggiare il rivestimento esterno del cavo di rete.<\/p>\n<p><img fetchpriority=\"high\" decoding=\"async\" class=\"alignnone wp-image-1877\" src=\"https:\/\/www.jy-electric.com\/wp-content\/uploads\/2021\/10\/Cable-Clip-Dimensions.webp\" alt=\"Dimensioni della clip per cavi\" width=\"686\" height=\"686\" srcset=\"https:\/\/www.jyiele.com\/wp-content\/uploads\/2021\/10\/Cable-Clip-Dimensions.webp 800w, https:\/\/www.jyiele.com\/wp-content\/uploads\/2021\/10\/Cable-Clip-Dimensions-300x300.webp 300w, https:\/\/www.jyiele.com\/wp-content\/uploads\/2021\/10\/Cable-Clip-Dimensions-150x150.webp 150w, https:\/\/www.jyiele.com\/wp-content\/uploads\/2021\/10\/Cable-Clip-Dimensions-768x768.webp 768w, https:\/\/www.jyiele.com\/wp-content\/uploads\/2021\/10\/Cable-Clip-Dimensions-12x12.webp 12w, https:\/\/www.jyiele.com\/wp-content\/uploads\/2021\/10\/Cable-Clip-Dimensions-600x600.webp 600w, https:\/\/www.jyiele.com\/wp-content\/uploads\/2021\/10\/Cable-Clip-Dimensions-100x100.webp 100w\" sizes=\"(max-width: 686px) 100vw, 686px\" \/><\/p>\n<h2>Quanto devono essere distanziati i fermacavi?<\/h2>\n<p>La distanza tra i morsetti per cavi \u00e8 determinata nella maggior parte delle applicazioni dal tipo e dal diametro del cavo; la raccomandazione generale, tuttavia, \u00e8 di distanziarli da 30 a 50 centimetri. In questo modo, i cavi non possono essere danneggiati dall'applicazione di forze esterne, mentre questi rimangono ordinati e di aspetto gradevole. Naturalmente, tale distanza pu\u00f2 essere modificata in alcune applicazioni che devono essere opportunamente selezionate.<\/p>\n<figure class=\"wp-block-image size-full is-resized\"><img decoding=\"async\" class=\"alignnone wp-image-1875 size-full\" src=\"https:\/\/www.jy-electric.com\/wp-content\/uploads\/2021\/10\/Cable-Clamp-Dimensions.webp\" alt=\"Dimensioni del morsetto per cavi\" width=\"790\" height=\"377\" srcset=\"https:\/\/www.jyiele.com\/wp-content\/uploads\/2021\/10\/Cable-Clamp-Dimensions.webp 790w, https:\/\/www.jyiele.com\/wp-content\/uploads\/2021\/10\/Cable-Clamp-Dimensions-300x143.webp 300w, https:\/\/www.jyiele.com\/wp-content\/uploads\/2021\/10\/Cable-Clamp-Dimensions-768x367.webp 768w, https:\/\/www.jyiele.com\/wp-content\/uploads\/2021\/10\/Cable-Clamp-Dimensions-18x9.webp 18w, https:\/\/www.jyiele.com\/wp-content\/uploads\/2021\/10\/Cable-Clamp-Dimensions-600x286.webp 600w\" sizes=\"(max-width: 790px) 100vw, 790px\" \/><\/figure>\n<h2>Parametri del prodotto<\/h2>\n<figure class=\"wp-block-table\">\n<div class=\"scroll\">\n<table>\n<tbody>\n<tr>\n<td>Dimensione<\/td>\n<td>A<\/td>\n<td>B<\/td>\n<td>C<\/td>\n<td>D<\/td>\n<td>E<\/td>\n<td>F<\/td>\n<td>Dia<\/td>\n<\/tr>\n<tr>\n<td>20-36<\/td>\n<td>89<\/td>\n<td>44<\/td>\n<td>60<\/td>\n<td>24<\/td>\n<td>36<\/td>\n<td>58<\/td>\n<td>12<\/td>\n<\/tr>\n<tr>\n<td>36-52<\/td>\n<td>108<\/td>\n<td>50<\/td>\n<td>75<\/td>\n<td>34<\/td>\n<td>50<\/td>\n<td>59<\/td>\n<td>13<\/td>\n<\/tr>\n<tr>\n<td>55-75<\/td>\n<td>115<\/td>\n<td>52<\/td>\n<td>84<\/td>\n<td>37<\/td>\n<td>58<\/td>\n<td>59<\/td>\n<td>13<\/td>\n<\/tr>\n<tr>\n<td>75-95<\/td>\n<td>128<\/td>\n<td>66<\/td>\n<td>96<\/td>\n<td>48<\/td>\n<td>68<\/td>\n<td>60<\/td>\n<td>14<\/td>\n<\/tr>\n<tr>\n<td>90-150<\/td>\n<td>150<\/td>\n<td>87<\/td>\n<td>120<\/td>\n<td>66<\/td>\n<td>102<\/td>\n<td>60<\/td>\n<td>14<\/td>\n<\/tr>\n<\/tbody>\n<\/table>\n<\/div>\n<\/figure>\n<div class=\"wp-block-image\">\n<figure class=\"aligncenter size-large\"><img decoding=\"async\" class=\"wp-image-1876 size-full alignleft\" src=\"https:\/\/www.jy-electric.com\/wp-content\/uploads\/2021\/10\/Cable-Clamps-Dimensions.webp\" alt=\"Dimensioni dei morsetti per cavi\" width=\"653\" height=\"1024\" srcset=\"https:\/\/www.jyiele.com\/wp-content\/uploads\/2021\/10\/Cable-Clamps-Dimensions.webp 653w, https:\/\/www.jyiele.com\/wp-content\/uploads\/2021\/10\/Cable-Clamps-Dimensions-191x300.webp 191w, https:\/\/www.jyiele.com\/wp-content\/uploads\/2021\/10\/Cable-Clamps-Dimensions-8x12.webp 8w, https:\/\/www.jyiele.com\/wp-content\/uploads\/2021\/10\/Cable-Clamps-Dimensions-600x941.webp 600w\" sizes=\"(max-width: 653px) 100vw, 653px\" \/><\/figure>\n<\/div>","protected":false},"excerpt":{"rendered":"<p>Un'opzione ampiamente utilizzata<strong> morsetto per cavo<\/strong> \u00e8 un accessorio che funge da supporto per il fissaggio dei cavi. La sua funzione principale \u00e8 quella di mantenere i cavi al loro posto, impedendo che si muovano o si allentino per garantire la sicurezza e l'ordine. <strong>Clip per cavi<\/strong> sono normalmente realizzati in materiali resistenti alle alte temperature e ritardanti di fiamma, come il PA66, con un design profilato per adattarsi alla maggior parte dei cavi, compresi quelli a bassa e alta tensione. I diametri dei cavi variano da pochi millimetri a diversi centimetri per le diverse applicazioni.<\/p>\n<p>Luogo di origine: zhejiang, Cina<br \/>\nNumero di modello: CA-C001<br \/>\nTipo: Forma C<br \/>\nMateriale: Plastica, nylon PA66<br \/>\nNome prodotto: Clip per cavi dell'armadio elettrico<br \/>\nApplicazione: Cavo HV<br \/>\nColore: nero<br \/>\nTemperatura di lavoro: da -40\u2103 a +120\u2103<br \/>\nSpecifiche: Cavo 13mm\u00b2-150mm\u00b2<br \/>\nTempo di produzione: 5-7 giorni<\/p>","protected":false},"featured_media":1873,"template":"","meta":{"site-sidebar-layout":"default","site-content-layout":"","ast-site-content-layout":"default","site-content-style":"default","site-sidebar-style":"default","ast-global-header-display":"","ast-banner-title-visibility":"","ast-main-header-display":"","ast-hfb-above-header-display":"","ast-hfb-below-header-display":"","ast-hfb-mobile-header-display":"","site-post-title":"","ast-breadcrumbs-content":"","ast-featured-img":"","footer-sml-layout":"","ast-disable-related-posts":"","theme-transparent-header-meta":"default","adv-header-id-meta":"","stick-header-meta":"","header-above-stick-meta":"","header-main-stick-meta":"","header-below-stick-meta":"","astra-migrate-meta-layouts":"set","ast-page-background-enabled":"default","ast-page-background-meta":{"desktop":{"background-color":"var(--ast-global-color-4)","background-image":"","background-repeat":"repeat","background-position":"center center","background-size":"auto","background-attachment":"scroll","background-type":"","background-media":"","overlay-type":"","overlay-color":"","overlay-opacity":"","overlay-gradient":""},"tablet":{"background-color":"","background-image":"","background-repeat":"repeat","background-position":"center center","background-size":"auto","background-attachment":"scroll","background-type":"","background-media":"","overlay-type":"","overlay-color":"","overlay-opacity":"","overlay-gradient":""},"mobile":{"background-color":"","background-image":"","background-repeat":"repeat","background-position":"center center","background-size":"auto","background-attachment":"scroll","background-type":"","background-media":"","overlay-type":"","overlay-color":"","overlay-opacity":"","overlay-gradient":""}},"ast-content-background-meta":{"desktop":{"background-color":"var(--ast-global-color-5)","background-image":"","background-repeat":"repeat","background-position":"center center","background-size":"auto","background-attachment":"scroll","background-type":"","background-media":"","overlay-type":"","overlay-color":"","overlay-opacity":"","overlay-gradient":""},"tablet":{"background-color":"var(--ast-global-color-5)","background-image":"","background-repeat":"repeat","background-position":"center center","background-size":"auto","background-attachment":"scroll","background-type":"","background-media":"","overlay-type":"","overlay-color":"","overlay-opacity":"","overlay-gradient":""},"mobile":{"background-color":"var(--ast-global-color-5)","background-image":"","background-repeat":"repeat","background-position":"center center","background-size":"auto","background-attachment":"scroll","background-type":"","background-media":"","overlay-type":"","overlay-color":"","overlay-opacity":"","overlay-gradient":""}}},"product_brand":[],"product_cat":[27],"product_tag":[],"class_list":{"0":"post-1871","1":"product","2":"type-product","3":"status-publish","4":"has-post-thumbnail","6":"product_cat-other","7":"desktop-align-left","8":"tablet-align-left","9":"mobile-align-left","11":"first","12":"instock","13":"shipping-taxable","14":"product-type-simple"},"yoast_head":"<!-- This site is optimized with the Yoast SEO plugin v24.8.1 - https:\/\/yoast.com\/wordpress\/plugins\/seo\/ -->\n<title>High Voltage Cable Clip Manufacturer- High Temperature Flame Retardant Cable Clamps | Industrial Cable Installation<\/title>\n<meta name=\"description\" content=\"High-quality PA66 flame retardant high-voltage cable clip for electrical cabinets, high-voltage cables and other installation and fixing. High temperature resistance, strong toughness, to ensure that the cable is safe and solid, widely used in industrial electrical equipment.\" \/>\n<meta name=\"robots\" content=\"index, follow, max-snippet:-1, max-image-preview:large, max-video-preview:-1\" \/>\n<link rel=\"canonical\" href=\"https:\/\/www.jyiele.com\/it\/prodotto\/k75-95-high-voltage-fireproof-pa66-switch-cabinet-cable-clip\/\" \/>\n<meta property=\"og:locale\" content=\"it_IT\" \/>\n<meta property=\"og:type\" content=\"article\" \/>\n<meta property=\"og:title\" content=\"High Voltage Cable Clip Manufacturer- High Temperature Flame Retardant Cable Clamps | Industrial Cable Installation\" \/>\n<meta property=\"og:description\" content=\"High-quality PA66 flame retardant high-voltage cable clip for electrical cabinets, high-voltage cables and other installation and fixing. High temperature resistance, strong toughness, to ensure that the cable is safe and solid, widely used in industrial electrical equipment.\" \/>\n<meta property=\"og:url\" content=\"https:\/\/www.jyiele.com\/it\/prodotto\/k75-95-high-voltage-fireproof-pa66-switch-cabinet-cable-clip\/\" \/>\n<meta property=\"og:site_name\" content=\"JYIELE\" \/>\n<meta property=\"article:modified_time\" content=\"2024-10-10T12:31:10+00:00\" \/>\n<meta property=\"og:image\" content=\"https:\/\/www.jyiele.com\/wp-content\/uploads\/2021\/10\/K75-95-High-Voltage-Fireproof-PA66-Switch-Cabinet-Cable-Clip.webp\" \/>\n\t<meta property=\"og:image:width\" content=\"800\" \/>\n\t<meta property=\"og:image:height\" content=\"800\" \/>\n\t<meta property=\"og:image:type\" content=\"image\/webp\" \/>\n<meta name=\"twitter:card\" content=\"summary_large_image\" \/>\n<meta name=\"twitter:label1\" content=\"Tempo di lettura stimato\" \/>\n\t<meta name=\"twitter:data1\" content=\"2 minuti\" \/>\n<script type=\"application\/ld+json\" class=\"yoast-schema-graph\">{\"@context\":\"https:\/\/schema.org\",\"@graph\":[{\"@type\":\"WebPage\",\"@id\":\"https:\/\/www.jyiele.com\/product\/k75-95-high-voltage-fireproof-pa66-switch-cabinet-cable-clip\/\",\"url\":\"https:\/\/www.jyiele.com\/product\/k75-95-high-voltage-fireproof-pa66-switch-cabinet-cable-clip\/\",\"name\":\"High Voltage Cable Clip Manufacturer- High Temperature Flame Retardant Cable Clamps | Industrial Cable Installation\",\"isPartOf\":{\"@id\":\"https:\/\/www.jyiele.com\/#website\"},\"primaryImageOfPage\":{\"@id\":\"https:\/\/www.jyiele.com\/product\/k75-95-high-voltage-fireproof-pa66-switch-cabinet-cable-clip\/#primaryimage\"},\"image\":{\"@id\":\"https:\/\/www.jyiele.com\/product\/k75-95-high-voltage-fireproof-pa66-switch-cabinet-cable-clip\/#primaryimage\"},\"thumbnailUrl\":\"https:\/\/www.jyiele.com\/wp-content\/uploads\/2021\/10\/K75-95-High-Voltage-Fireproof-PA66-Switch-Cabinet-Cable-Clip.webp\",\"datePublished\":\"2021-10-10T12:16:59+00:00\",\"dateModified\":\"2024-10-10T12:31:10+00:00\",\"description\":\"High-quality PA66 flame retardant high-voltage cable clip for electrical cabinets, high-voltage cables and other installation and fixing. High temperature resistance, strong toughness, to ensure that the cable is safe and solid, widely used in industrial electrical equipment.\",\"breadcrumb\":{\"@id\":\"https:\/\/www.jyiele.com\/product\/k75-95-high-voltage-fireproof-pa66-switch-cabinet-cable-clip\/#breadcrumb\"},\"inLanguage\":\"it-IT\",\"potentialAction\":[{\"@type\":\"ReadAction\",\"target\":[\"https:\/\/www.jyiele.com\/product\/k75-95-high-voltage-fireproof-pa66-switch-cabinet-cable-clip\/\"]}]},{\"@type\":\"ImageObject\",\"inLanguage\":\"it-IT\",\"@id\":\"https:\/\/www.jyiele.com\/product\/k75-95-high-voltage-fireproof-pa66-switch-cabinet-cable-clip\/#primaryimage\",\"url\":\"https:\/\/www.jyiele.com\/wp-content\/uploads\/2021\/10\/K75-95-High-Voltage-Fireproof-PA66-Switch-Cabinet-Cable-Clip.webp\",\"contentUrl\":\"https:\/\/www.jyiele.com\/wp-content\/uploads\/2021\/10\/K75-95-High-Voltage-Fireproof-PA66-Switch-Cabinet-Cable-Clip.webp\",\"width\":800,\"height\":800,\"caption\":\"Cable Clamp Dimensions\"},{\"@type\":\"BreadcrumbList\",\"@id\":\"https:\/\/www.jyiele.com\/product\/k75-95-high-voltage-fireproof-pa66-switch-cabinet-cable-clip\/#breadcrumb\",\"itemListElement\":[{\"@type\":\"ListItem\",\"position\":1,\"name\":\"Home\",\"item\":\"https:\/\/www.jyiele.com\/\"},{\"@type\":\"ListItem\",\"position\":2,\"name\":\"Product\",\"item\":\"https:\/\/www.jyiele.com\/product\/\"},{\"@type\":\"ListItem\",\"position\":3,\"name\":\"Other\",\"item\":\"https:\/\/www.jyiele.com\/product-category\/other\/\"},{\"@type\":\"ListItem\",\"position\":4,\"name\":\"K75-95 High Voltage Fireproof PA66 Switch Cabinet Cable Clip\"}]},{\"@type\":\"WebSite\",\"@id\":\"https:\/\/www.jyiele.com\/#website\",\"url\":\"https:\/\/www.jyiele.com\/\",\"name\":\"JYIELE\",\"description\":\"Vacuum Circuit Breaker manufacturer\",\"publisher\":{\"@id\":\"https:\/\/www.jyiele.com\/#organization\"},\"potentialAction\":[{\"@type\":\"SearchAction\",\"target\":{\"@type\":\"EntryPoint\",\"urlTemplate\":\"https:\/\/www.jyiele.com\/?s={search_term_string}\"},\"query-input\":{\"@type\":\"PropertyValueSpecification\",\"valueRequired\":true,\"valueName\":\"search_term_string\"}}],\"inLanguage\":\"it-IT\"},{\"@type\":\"Organization\",\"@id\":\"https:\/\/www.jyiele.com\/#organization\",\"name\":\"JYIELE\",\"url\":\"https:\/\/www.jyiele.com\/\",\"logo\":{\"@type\":\"ImageObject\",\"inLanguage\":\"it-IT\",\"@id\":\"https:\/\/www.jyiele.com\/#\/schema\/logo\/image\/\",\"url\":\"https:\/\/www.jyiele.com\/wp-content\/uploads\/2024\/09\/cropped-jyele-1.webp\",\"contentUrl\":\"https:\/\/www.jyiele.com\/wp-content\/uploads\/2024\/09\/cropped-jyele-1.webp\",\"width\":137,\"height\":60,\"caption\":\"JYIELE\"},\"image\":{\"@id\":\"https:\/\/www.jyiele.com\/#\/schema\/logo\/image\/\"}}]}<\/script>\n<!-- \/ Yoast SEO plugin. -->","yoast_head_json":{"title":"Clip per cavi ad alta tensione Fornitore- Morsetti per cavi ignifughi ad alta temperatura | Installazione di cavi industriali","description":"Clip per cavi ad alta tensione in PA66 ignifuga di alta qualit\u00e0 per armadi elettrici, cavi ad alta tensione e altre installazioni e fissaggi. Resistenza alle alte temperature, forte tenacit\u00e0, per garantire che il cavo sia sicuro e solido, ampiamente utilizzato nelle apparecchiature elettriche industriali.","robots":{"index":"index","follow":"follow","max-snippet":"max-snippet:-1","max-image-preview":"max-image-preview:large","max-video-preview":"max-video-preview:-1"},"canonical":"https:\/\/www.jyiele.com\/it\/prodotto\/k75-95-high-voltage-fireproof-pa66-switch-cabinet-cable-clip\/","og_locale":"it_IT","og_type":"article","og_title":"High Voltage Cable Clip Manufacturer- High Temperature Flame Retardant Cable Clamps | Industrial Cable Installation","og_description":"High-quality PA66 flame retardant high-voltage cable clip for electrical cabinets, high-voltage cables and other installation and fixing. High temperature resistance, strong toughness, to ensure that the cable is safe and solid, widely used in industrial electrical equipment.","og_url":"https:\/\/www.jyiele.com\/it\/prodotto\/k75-95-high-voltage-fireproof-pa66-switch-cabinet-cable-clip\/","og_site_name":"JYIELE","article_modified_time":"2024-10-10T12:31:10+00:00","og_image":[{"width":800,"height":800,"url":"https:\/\/www.jyiele.com\/wp-content\/uploads\/2021\/10\/K75-95-High-Voltage-Fireproof-PA66-Switch-Cabinet-Cable-Clip.webp","type":"image\/webp"}],"twitter_card":"summary_large_image","twitter_misc":{"Tempo di lettura stimato":"2 minuti"},"schema":{"@context":"https:\/\/schema.org","@graph":[{"@type":"WebPage","@id":"https:\/\/www.jyiele.com\/product\/k75-95-high-voltage-fireproof-pa66-switch-cabinet-cable-clip\/","url":"https:\/\/www.jyiele.com\/product\/k75-95-high-voltage-fireproof-pa66-switch-cabinet-cable-clip\/","name":"Clip per cavi ad alta tensione Fornitore- Morsetti per cavi ignifughi ad alta temperatura | Installazione di cavi industriali","isPartOf":{"@id":"https:\/\/www.jyiele.com\/#website"},"primaryImageOfPage":{"@id":"https:\/\/www.jyiele.com\/product\/k75-95-high-voltage-fireproof-pa66-switch-cabinet-cable-clip\/#primaryimage"},"image":{"@id":"https:\/\/www.jyiele.com\/product\/k75-95-high-voltage-fireproof-pa66-switch-cabinet-cable-clip\/#primaryimage"},"thumbnailUrl":"https:\/\/www.jyiele.com\/wp-content\/uploads\/2021\/10\/K75-95-High-Voltage-Fireproof-PA66-Switch-Cabinet-Cable-Clip.webp","datePublished":"2021-10-10T12:16:59+00:00","dateModified":"2024-10-10T12:31:10+00:00","description":"Clip per cavi ad alta tensione in PA66 ignifuga di alta qualit\u00e0 per armadi elettrici, cavi ad alta tensione e altre installazioni e fissaggi. Resistenza alle alte temperature, forte tenacit\u00e0, per garantire che il cavo sia sicuro e solido, ampiamente utilizzato nelle apparecchiature elettriche industriali.","breadcrumb":{"@id":"https:\/\/www.jyiele.com\/product\/k75-95-high-voltage-fireproof-pa66-switch-cabinet-cable-clip\/#breadcrumb"},"inLanguage":"it-IT","potentialAction":[{"@type":"ReadAction","target":["https:\/\/www.jyiele.com\/product\/k75-95-high-voltage-fireproof-pa66-switch-cabinet-cable-clip\/"]}]},{"@type":"ImageObject","inLanguage":"it-IT","@id":"https:\/\/www.jyiele.com\/product\/k75-95-high-voltage-fireproof-pa66-switch-cabinet-cable-clip\/#primaryimage","url":"https:\/\/www.jyiele.com\/wp-content\/uploads\/2021\/10\/K75-95-High-Voltage-Fireproof-PA66-Switch-Cabinet-Cable-Clip.webp","contentUrl":"https:\/\/www.jyiele.com\/wp-content\/uploads\/2021\/10\/K75-95-High-Voltage-Fireproof-PA66-Switch-Cabinet-Cable-Clip.webp","width":800,"height":800,"caption":"Cable Clamp Dimensions"},{"@type":"BreadcrumbList","@id":"https:\/\/www.jyiele.com\/product\/k75-95-high-voltage-fireproof-pa66-switch-cabinet-cable-clip\/#breadcrumb","itemListElement":[{"@type":"ListItem","position":1,"name":"Home","item":"https:\/\/www.jyiele.com\/"},{"@type":"ListItem","position":2,"name":"Product","item":"https:\/\/www.jyiele.com\/product\/"},{"@type":"ListItem","position":3,"name":"Other","item":"https:\/\/www.jyiele.com\/product-category\/other\/"},{"@type":"ListItem","position":4,"name":"K75-95 High Voltage Fireproof PA66 Switch Cabinet Cable Clip"}]},{"@type":"WebSite","@id":"https:\/\/www.jyiele.com\/#website","url":"https:\/\/www.jyiele.com\/","name":"JYIELE","description":"Produttore di interruttori in vuoto","publisher":{"@id":"https:\/\/www.jyiele.com\/#organization"},"potentialAction":[{"@type":"SearchAction","target":{"@type":"EntryPoint","urlTemplate":"https:\/\/www.jyiele.com\/?s={search_term_string}"},"query-input":{"@type":"PropertyValueSpecification","valueRequired":true,"valueName":"search_term_string"}}],"inLanguage":"it-IT"},{"@type":"Organization","@id":"https:\/\/www.jyiele.com\/#organization","name":"JYIELE","url":"https:\/\/www.jyiele.com\/","logo":{"@type":"ImageObject","inLanguage":"it-IT","@id":"https:\/\/www.jyiele.com\/#\/schema\/logo\/image\/","url":"https:\/\/www.jyiele.com\/wp-content\/uploads\/2024\/09\/cropped-jyele-1.webp","contentUrl":"https:\/\/www.jyiele.com\/wp-content\/uploads\/2024\/09\/cropped-jyele-1.webp","width":137,"height":60,"caption":"JYIELE"},"image":{"@id":"https:\/\/www.jyiele.com\/#\/schema\/logo\/image\/"}}]}},"_links":{"self":[{"href":"https:\/\/www.jyiele.com\/it\/wp-json\/wp\/v2\/product\/1871","targetHints":{"allow":["GET"]}}],"collection":[{"href":"https:\/\/www.jyiele.com\/it\/wp-json\/wp\/v2\/product"}],"about":[{"href":"https:\/\/www.jyiele.com\/it\/wp-json\/wp\/v2\/types\/product"}],"version-history":[{"count":4,"href":"https:\/\/www.jyiele.com\/it\/wp-json\/wp\/v2\/product\/1871\/revisions"}],"predecessor-version":[{"id":1878,"href":"https:\/\/www.jyiele.com\/it\/wp-json\/wp\/v2\/product\/1871\/revisions\/1878"}],"wp:featuredmedia":[{"embeddable":true,"href":"https:\/\/www.jyiele.com\/it\/wp-json\/wp\/v2\/media\/1873"}],"wp:attachment":[{"href":"https:\/\/www.jyiele.com\/it\/wp-json\/wp\/v2\/media?parent=1871"}],"wp:term":[{"taxonomy":"product_brand","embeddable":true,"href":"https:\/\/www.jyiele.com\/it\/wp-json\/wp\/v2\/product_brand?post=1871"},{"taxonomy":"product_cat","embeddable":true,"href":"https:\/\/www.jyiele.com\/it\/wp-json\/wp\/v2\/product_cat?post=1871"},{"taxonomy":"product_tag","embeddable":true,"href":"https:\/\/www.jyiele.com\/it\/wp-json\/wp\/v2\/product_tag?post=1871"}],"curies":[{"name":"wp","href":"https:\/\/api.w.org\/{rel}","templated":true}]}}