{"id":2057,"date":"2023-03-09T11:29:21","date_gmt":"2023-03-09T11:29:21","guid":{"rendered":"https:\/\/www.jy-electric.com\/?post_type=product&#038;p=2057"},"modified":"2025-03-09T11:41:06","modified_gmt":"2025-03-09T11:41:06","slug":"isolation-type-dual-power-ats-automatic-transfer-switch","status":"publish","type":"product","link":"https:\/\/www.jyiele.com\/it\/prodotto\/isolation-type-dual-power-ats-automatic-transfer-switch\/","title":{"rendered":"Interruttore automatico di trasferimento ATS a doppia potenza di tipo isolante"},"content":{"rendered":"<h4 class=\"wp-block-heading\"><strong>Caratteristiche del prodotto<\/strong><\/h4>\n<p>Dispositivo di controllo: controllore incorporato<br \/>\nStruttura del prodotto: dimensioni ridotte, grande corrente, struttura semplice, integrazione ATS<br \/>\nCaratteristiche: velocit\u00e0 di commutazione rapida, basso tasso di guasti, manutenzione conveniente, prestazioni affidabili.<br \/>\nMetodo di cablaggio: cablaggio frontale<br \/>\nModalit\u00e0 di conversione: da rete a rete, da rete a generatore, autocommutazione e auto-recupero<br \/>\nTelaio del prodotto: 100, 160, 250, 400, 630, 1000, 1250, 1600, 2000, 2500, 3200<br \/>\nCorrente del prodotto: 20, 32, 40, 63, 80, 100, 125, 160, 200, 225, 250, 315, 400, 500, 630, 800, 1000, 1250, 1600, 2000, 2500, 3200A<br \/>\nCategoria di prodotti: Interruttore automatico Tipo di interruttore di carico<br \/>\nNumero di poli del prodotto: 3, 4<br \/>\nStandard di prodotto: GB\/T14048.11<br \/>\nATSE: grado PC<\/p>\n<p><strong>Modello e significato<\/strong><\/p>\n<p>L'interruttore pu\u00f2 essere completamente automatico, \"0\" obbligatorio, telecomando, funzionamento manuale urgente; ha anche le funzioni di esame e protezione delle fasi mancanti, interblocco del meccanismo elettrico, ecc.<\/p>\n<h4 class=\"wp-block-heading\"><strong>Caratteristiche del prodotto<\/strong><\/h4>\n<figure class=\"wp-block-table\">\n<div class=\"scroll\">\n<table>\n<tbody>\n<tr>\n<td>Tipo: Interruttore di trasferimento automatico<br \/>\nNumero di poli: 3P\u30014P<br \/>\nTensione nominale: 380V<br \/>\nCurva BCD: C<br \/>\nFrequenza nominale: 50Hz<br \/>\nNome prodotto: Interruttore automatico di trasferimento<br \/>\nCorrente nominale: 630A<br \/>\nTensione nominale: 400V<br \/>\nFrequenza nominale: 50 Hz<\/td>\n<td>Certificato: ISO9001, 3C<br \/>\nCapacit\u00e0 nominale di connessione al cortocircuito: 26KA<br \/>\ntempo di trasferimento I-II o II-I: 0,6S<br \/>\ntensione di controllo: AC220V<br \/>\nCorrente nominale di breve durata (Icw): 12,6kA\/60ms<br \/>\nUtilizzo della categoria: AC-33B<br \/>\nLuogo di origine: Zhejiang, Cina, Cina<br \/>\nNumero di modello: CJQ3-400GA\/4P<br \/>\nUnit\u00e0 di vendita: Articolo singolo<\/td>\n<\/tr>\n<\/tbody>\n<\/table>\n<\/div><figcaption class=\"wp-element-caption\">Buona sicurezza: con contatto composito a doppia fila, meccanismo di apertura e chiusura a trazione livellata, tecnologia di pre-immagazzinamento dell'energia del micromotore e tecnologia di controllo microelettronica, pu\u00f2 sostanzialmente realizzare l'assenza di flashover (assenza di scivolo ad arco).<br \/>\nAdottare un interblocco meccanico ed elettrico affidabile.<br \/>\nGrazie alla tecnologia di attraversamento dello zero, \u00e8 in grado di azzerarsi obbligatoriamente in caso di emergenza (interruzione sincrona dell'alimentazione a doppio circuito).<br \/>\nGrazie all'indicazione visibile della posizione di accensione\/spegnimento e alla funzione di blocco, \u00e8 possibile ottenere lo spazio tra l'alimentazione e il carico.<br \/>\nAlta affidabilit\u00e0, durata di vita fino a 8000 volte<br \/>\nEssendo progettato con integrazione elettromeccanica, l'interruttore si trasferisce con precisione, flessibilit\u00e0 e fluidit\u00e0. Compatibilit\u00e0 superiore con l'elettromagnetismo, forte capacit\u00e0 di resistere alle interferenze, nessuna interferenza con l'esterno.<br \/>\nL'interruttore \u00e8 dotato di un'interfaccia di ingresso\/uscita multi-circuito che pu\u00f2 realizzare il controllo remoto del PLC e l'automazione del sistema.<br \/>\nL'interruttore non necessita di elementi di controllo esterni.<br \/>\nAspetto gradevole, volume ridotto, peso leggero.<br \/>\nIl prodotto \u00e8 conforme ai seguenti standard: GB\/T 14048.11-2008\/IEC60947-6-1 Apparecchiatura di commutazione automatica di trasferimento, GB\/T14048.3-2008\/IEC60947-1 Regole generali per i dispositivi di commutazione e controllo a bassa tensione e GB\/14048.3-2008\/IEC60947-3 Dispositivi di commutazione e controllo a bassa tensione - Interruttori, sezionatori, sezionatori e unit\u00e0 di combinazione di fusibili a bassa tensione.<\/figcaption><\/figure>\n<p><strong>Indice tecnico<\/strong><\/p>\n<figure class=\"wp-block-table\">\n<div class=\"scroll\">\n<table>\n<tbody>\n<tr>\n<td>Corrente di riscaldamento convenzionale<\/td>\n<td>16A,20A,25A,32A,40A,50A,63A,80A,100A<\/td>\n<\/tr>\n<tr>\n<td>Tensione nominale di isolamento Ui<\/td>\n<td>690V<\/td>\n<\/tr>\n<tr>\n<td>Tensione nominale di resistenza all'impattamento Uimp<\/td>\n<td>8KV<\/td>\n<\/tr>\n<tr>\n<td>Tensione nominale di esercizio Ue<\/td>\n<td>AC440V<\/td>\n<\/tr>\n<tr>\n<td>Corrente nominale di lavoro Ie<\/td>\n<td>16A,20A,25A,32A,40A,50A,63A,80A,100A<\/td>\n<\/tr>\n<tr>\n<td>Caricare il carattere<\/td>\n<td>AC33iB<\/td>\n<\/tr>\n<tr>\n<td>Capacit\u00e0 produttiva nominale<\/td>\n<td>10Ie<\/td>\n<\/tr>\n<tr>\n<td>Capacit\u00e0 di rottura nominale<\/td>\n<td>8Ie<\/td>\n<\/tr>\n<tr>\n<td>Corrente nominale di cortocircuito limitante<\/td>\n<td>50KA<\/td>\n<\/tr>\n<tr>\n<td>Corrente nominale di tenuta a breve termine Ie<\/td>\n<td>7KA<\/td>\n<\/tr>\n<tr>\n<td>Tempo di trasferimento II-I o I-II<\/td>\n<td>2S<\/td>\n<\/tr>\n<tr>\n<td>Tensione dell'alimentazione di controllo<\/td>\n<td>AC220V (altra tensione da personalizzare)<\/td>\n<\/tr>\n<tr>\n<td>Consumo energetico del motore<\/td>\n<td>40W<\/td>\n<\/tr>\n<tr>\n<td>Peso Kg 4Poli<\/td>\n<td>3.5<\/td>\n<\/tr>\n<\/tbody>\n<\/table>\n<\/div>\n<\/figure>\n<figure class=\"wp-block-table\">\n<div class=\"scroll\">\n<table>\n<tbody>\n<tr>\n<td colspan=\"2\">Corrente di riscaldamento convenzionale<\/td>\n<td colspan=\"16\">100A,160A,250A,400A,630A,800A,1000A,1250A,1600A,2000A,2500A,3200A<\/td>\n<td colspan=\"2\"><\/td>\n<\/tr>\n<tr>\n<td colspan=\"2\">Tensione nominale di isolamento Ui<\/td>\n<td colspan=\"16\">800V<\/td>\n<td colspan=\"2\"><\/td>\n<\/tr>\n<tr>\n<td colspan=\"2\">Tensione nominale di resistenza all'impattamento Uimp<\/td>\n<td colspan=\"8\">8KV<\/td>\n<td colspan=\"8\">12KV<\/td>\n<td colspan=\"2\"><\/td>\n<\/tr>\n<tr>\n<td colspan=\"2\">Tensione nominale di esercizio Ue<\/td>\n<td colspan=\"16\">AC440V<\/td>\n<td colspan=\"2\"><\/td>\n<\/tr>\n<tr>\n<td colspan=\"2\">Corrente nominale di lavoro Ie<\/td>\n<td colspan=\"16\">125A,160A,250A,400A,630A,800A,1000A,1250A,1600A,2000A,2500A,3200A<\/td>\n<td colspan=\"2\"><\/td>\n<\/tr>\n<tr>\n<td colspan=\"2\">Caricare il carattere<\/td>\n<td colspan=\"16\">AC33iB<\/td>\n<td colspan=\"2\"><\/td>\n<\/tr>\n<tr>\n<td colspan=\"2\">Capacit\u00e0 produttiva nominale<\/td>\n<td colspan=\"3\">17KA<\/td>\n<td colspan=\"3\">25,2KA<\/td>\n<td colspan=\"10\">34KA<\/td>\n<td colspan=\"2\"><\/td>\n<\/tr>\n<tr>\n<td colspan=\"2\">Capacit\u00e0 di rottura nominale<\/td>\n<td colspan=\"16\"><\/td>\n<td colspan=\"2\"><\/td>\n<\/tr>\n<tr>\n<td colspan=\"2\">Corrente nominale di cortocircuito limitante<\/td>\n<td colspan=\"7\">20KA<\/td>\n<td colspan=\"9\">50KA<\/td>\n<td colspan=\"2\"><\/td>\n<\/tr>\n<tr>\n<td colspan=\"2\">Corrente nominale di tenuta a breve termine Ie<\/td>\n<td colspan=\"3\">10KA<\/td>\n<td colspan=\"4\">12,6KA<\/td>\n<td colspan=\"9\">20KA<\/td>\n<td colspan=\"2\"><\/td>\n<\/tr>\n<tr>\n<td colspan=\"2\">Tempo di trasferimento II-I o I-II<\/td>\n<td colspan=\"7\">2S<\/td>\n<td colspan=\"9\">3S<\/td>\n<td colspan=\"2\"><\/td>\n<\/tr>\n<tr>\n<td colspan=\"2\">Tensione dell'alimentazione di controllo<\/td>\n<td colspan=\"16\">AC220V (altra tensione da personalizzare)<\/td>\n<td colspan=\"2\"><\/td>\n<\/tr>\n<tr>\n<td rowspan=\"3\">Consumo energetico del motore<\/td>\n<td>Inizio<\/td>\n<td>300W<\/td>\n<td colspan=\"3\">325W<\/td>\n<td colspan=\"3\">355W<\/td>\n<td colspan=\"2\">400W<\/td>\n<td colspan=\"4\">440W<\/td>\n<td colspan=\"3\">600W<\/td>\n<td colspan=\"2\"><\/td>\n<\/tr>\n<tr>\n<td rowspan=\"2\">Normale<\/td>\n<td rowspan=\"2\">355W<\/td>\n<td colspan=\"3\" rowspan=\"2\">362W<\/td>\n<td colspan=\"3\" rowspan=\"2\">374W<\/td>\n<td colspan=\"2\" rowspan=\"2\">390W<\/td>\n<td colspan=\"4\" rowspan=\"2\">398W<\/td>\n<td colspan=\"3\"><\/td>\n<td colspan=\"2\" rowspan=\"2\"><\/td>\n<\/tr>\n<tr>\n<td colspan=\"3\">120W<\/td>\n<\/tr>\n<tr>\n<td colspan=\"2\" rowspan=\"2\">Peso Kg 4Poli<\/td>\n<td>3<\/td>\n<td rowspan=\"2\">.8.8<\/td>\n<td colspan=\"2\">9<\/td>\n<td rowspan=\"2\">116.5<\/td>\n<td colspan=\"2\" rowspan=\"2\">17<\/td>\n<td colspan=\"3\" rowspan=\"2\">32<\/td>\n<td rowspan=\"2\">36<\/td>\n<td rowspan=\"2\">40<\/td>\n<td colspan=\"2\" rowspan=\"2\">49<\/td>\n<td rowspan=\"2\">95<\/td>\n<td colspan=\"2\" rowspan=\"2\">98<\/td>\n<td rowspan=\"2\">135<\/td>\n<\/tr>\n<\/tbody>\n<\/table>\n<\/div>\n<\/figure>","protected":false},"excerpt":{"rendered":"<p>La serie di interruttori automatici di trasferimento a doppia potenza CJQ3 \u00e8 una sorta di nuovo interruttore automatico di trasferimento riunito con interruttore e controllore logico, che consente di trasformare la meccanica e l'elettricit\u00e0 in un insieme integrale. \u00c8 adatto per l'utilizzo nelle apparecchiature di distribuzione nell'industria e negli affari con tensione nominale di isolamento fino a 690V, frequenza nominale 50Hz\/60Hz, tensione nominale 380V, corrente di riscaldamento convenzionale fino a 3200A, \u00e8 utilizzato per trasferire automaticamente tra potenza normale e potenza di riserva nel sistema di alimentazione o trasferire automaticamente e isolamento di sicurezza di due set di dispositivi di carico ecc. Pu\u00f2 essere utilizzato per l'ospedale, il negozio, la banca, l'alta costruzione, la miniera di carbone, la telecomunicazione, la miniera di ferro, la superstrada, l'aeroporto, la linea d'acqua fluente industriale e l'installazione militare ecc. Situazione importante in cui l'alimentazione non \u00e8 consentita.<\/p>","protected":false},"featured_media":2061,"template":"","meta":{"site-sidebar-layout":"default","site-content-layout":"","ast-site-content-layout":"default","site-content-style":"default","site-sidebar-style":"default","ast-global-header-display":"","ast-banner-title-visibility":"","ast-main-header-display":"","ast-hfb-above-header-display":"","ast-hfb-below-header-display":"","ast-hfb-mobile-header-display":"","site-post-title":"","ast-breadcrumbs-content":"","ast-featured-img":"","footer-sml-layout":"","ast-disable-related-posts":"","theme-transparent-header-meta":"default","adv-header-id-meta":"","stick-header-meta":"","header-above-stick-meta":"","header-main-stick-meta":"","header-below-stick-meta":"","astra-migrate-meta-layouts":"set","ast-page-background-enabled":"default","ast-page-background-meta":{"desktop":{"background-color":"var(--ast-global-color-4)","background-image":"","background-repeat":"repeat","background-position":"center center","background-size":"auto","background-attachment":"scroll","background-type":"","background-media":"","overlay-type":"","overlay-color":"","overlay-opacity":"","overlay-gradient":""},"tablet":{"background-color":"","background-image":"","background-repeat":"repeat","background-position":"center center","background-size":"auto","background-attachment":"scroll","background-type":"","background-media":"","overlay-type":"","overlay-color":"","overlay-opacity":"","overlay-gradient":""},"mobile":{"background-color":"","background-image":"","background-repeat":"repeat","background-position":"center center","background-size":"auto","background-attachment":"scroll","background-type":"","background-media":"","overlay-type":"","overlay-color":"","overlay-opacity":"","overlay-gradient":""}},"ast-content-background-meta":{"desktop":{"background-color":"var(--ast-global-color-5)","background-image":"","background-repeat":"repeat","background-position":"center center","background-size":"auto","background-attachment":"scroll","background-type":"","background-media":"","overlay-type":"","overlay-color":"","overlay-opacity":"","overlay-gradient":""},"tablet":{"background-color":"var(--ast-global-color-5)","background-image":"","background-repeat":"repeat","background-position":"center center","background-size":"auto","background-attachment":"scroll","background-type":"","background-media":"","overlay-type":"","overlay-color":"","overlay-opacity":"","overlay-gradient":""},"mobile":{"background-color":"var(--ast-global-color-5)","background-image":"","background-repeat":"repeat","background-position":"center center","background-size":"auto","background-attachment":"scroll","background-type":"","background-media":"","overlay-type":"","overlay-color":"","overlay-opacity":"","overlay-gradient":""}}},"product_brand":[],"product_cat":[24],"product_tag":[],"class_list":{"0":"post-2057","1":"product","2":"type-product","3":"status-publish","4":"has-post-thumbnail","6":"product_cat-dual-power-automatic-transfer-switch","7":"desktop-align-left","8":"tablet-align-left","9":"mobile-align-left","11":"first","12":"instock","13":"shipping-taxable","14":"product-type-simple"},"yoast_head":"<!-- This site is optimized with the Yoast SEO plugin v24.8.1 - https:\/\/yoast.com\/wordpress\/plugins\/seo\/ -->\n<title>Isolation Type Dual Power ATS Automatic Transfer Switch Manufacturer - JYIELE<\/title>\n<meta name=\"robots\" content=\"index, follow, max-snippet:-1, max-image-preview:large, max-video-preview:-1\" \/>\n<link rel=\"canonical\" href=\"https:\/\/www.jyiele.com\/it\/prodotto\/isolation-type-dual-power-ats-automatic-transfer-switch\/\" \/>\n<meta property=\"og:locale\" content=\"it_IT\" \/>\n<meta property=\"og:type\" content=\"article\" \/>\n<meta property=\"og:title\" content=\"Isolation Type Dual Power ATS Automatic Transfer Switch Manufacturer - JYIELE\" \/>\n<meta property=\"og:description\" content=\"CJQ3 Dual Power Automatic Transfer Switch Series is a kind of new automatic transfer switch gathered with switch and logic controller\uff0cachieve mechanic and electricity turn into a integral whole. It is suitable for using in the distribution equipment in industry and business with rated insulating voltage up to 690V, rated frequency 50Hz\/60Hz, rated voltage 380V, conventional heating current up to 3200A ,it is used to transfer automatically between Normal power and reserve power in power system or transfer automatically and safety isolation of two sets load device etc. It can be used for hospital, shop, bank, high building, coal mine, telecommunication, iron mine, superhighway, airport, industrial flowing water line and military installation etc. Important situation where disallow power supply failure.\" \/>\n<meta property=\"og:url\" content=\"https:\/\/www.jyiele.com\/it\/prodotto\/isolation-type-dual-power-ats-automatic-transfer-switch\/\" \/>\n<meta property=\"og:site_name\" content=\"JYIELE\" \/>\n<meta property=\"article:modified_time\" content=\"2025-03-09T11:41:06+00:00\" \/>\n<meta property=\"og:image\" content=\"https:\/\/www.jyiele.com\/wp-content\/uploads\/2024\/10\/Isolation-Type-Dual-Power-ATS-Automatic-Transfer-Switch.webp\" \/>\n\t<meta property=\"og:image:width\" content=\"800\" \/>\n\t<meta property=\"og:image:height\" content=\"800\" \/>\n\t<meta property=\"og:image:type\" content=\"image\/webp\" \/>\n<meta name=\"twitter:card\" content=\"summary_large_image\" \/>\n<meta name=\"twitter:label1\" content=\"Tempo di lettura stimato\" \/>\n\t<meta name=\"twitter:data1\" content=\"3 minuti\" \/>\n<script type=\"application\/ld+json\" class=\"yoast-schema-graph\">{\"@context\":\"https:\/\/schema.org\",\"@graph\":[{\"@type\":\"WebPage\",\"@id\":\"https:\/\/www.jyiele.com\/product\/isolation-type-dual-power-ats-automatic-transfer-switch\/\",\"url\":\"https:\/\/www.jyiele.com\/product\/isolation-type-dual-power-ats-automatic-transfer-switch\/\",\"name\":\"Isolation Type Dual Power ATS Automatic Transfer Switch Manufacturer - JYIELE\",\"isPartOf\":{\"@id\":\"https:\/\/www.jyiele.com\/#website\"},\"primaryImageOfPage\":{\"@id\":\"https:\/\/www.jyiele.com\/product\/isolation-type-dual-power-ats-automatic-transfer-switch\/#primaryimage\"},\"image\":{\"@id\":\"https:\/\/www.jyiele.com\/product\/isolation-type-dual-power-ats-automatic-transfer-switch\/#primaryimage\"},\"thumbnailUrl\":\"https:\/\/www.jyiele.com\/wp-content\/uploads\/2024\/10\/Isolation-Type-Dual-Power-ATS-Automatic-Transfer-Switch.webp\",\"datePublished\":\"2023-03-09T11:29:21+00:00\",\"dateModified\":\"2025-03-09T11:41:06+00:00\",\"breadcrumb\":{\"@id\":\"https:\/\/www.jyiele.com\/product\/isolation-type-dual-power-ats-automatic-transfer-switch\/#breadcrumb\"},\"inLanguage\":\"it-IT\",\"potentialAction\":[{\"@type\":\"ReadAction\",\"target\":[\"https:\/\/www.jyiele.com\/product\/isolation-type-dual-power-ats-automatic-transfer-switch\/\"]}]},{\"@type\":\"ImageObject\",\"inLanguage\":\"it-IT\",\"@id\":\"https:\/\/www.jyiele.com\/product\/isolation-type-dual-power-ats-automatic-transfer-switch\/#primaryimage\",\"url\":\"https:\/\/www.jyiele.com\/wp-content\/uploads\/2024\/10\/Isolation-Type-Dual-Power-ATS-Automatic-Transfer-Switch.webp\",\"contentUrl\":\"https:\/\/www.jyiele.com\/wp-content\/uploads\/2024\/10\/Isolation-Type-Dual-Power-ATS-Automatic-Transfer-Switch.webp\",\"width\":800,\"height\":800,\"caption\":\"Isolation Type Dual Power ATS Automatic Transfer Switch\"},{\"@type\":\"BreadcrumbList\",\"@id\":\"https:\/\/www.jyiele.com\/product\/isolation-type-dual-power-ats-automatic-transfer-switch\/#breadcrumb\",\"itemListElement\":[{\"@type\":\"ListItem\",\"position\":1,\"name\":\"Home\",\"item\":\"https:\/\/www.jyiele.com\/\"},{\"@type\":\"ListItem\",\"position\":2,\"name\":\"Product\",\"item\":\"https:\/\/www.jyiele.com\/product\/\"},{\"@type\":\"ListItem\",\"position\":3,\"name\":\"Dual Power Automatic Transfer Switch\",\"item\":\"https:\/\/www.jyiele.com\/it\/categoria-prodotto\/dual-power-automatic-transfer-switch\/\"},{\"@type\":\"ListItem\",\"position\":4,\"name\":\"Isolation Type Dual Power ATS Automatic Transfer Switch\"}]},{\"@type\":\"WebSite\",\"@id\":\"https:\/\/www.jyiele.com\/#website\",\"url\":\"https:\/\/www.jyiele.com\/\",\"name\":\"JYIELE\",\"description\":\"Vacuum Circuit Breaker manufacturer\",\"publisher\":{\"@id\":\"https:\/\/www.jyiele.com\/#organization\"},\"potentialAction\":[{\"@type\":\"SearchAction\",\"target\":{\"@type\":\"EntryPoint\",\"urlTemplate\":\"https:\/\/www.jyiele.com\/?s={search_term_string}\"},\"query-input\":{\"@type\":\"PropertyValueSpecification\",\"valueRequired\":true,\"valueName\":\"search_term_string\"}}],\"inLanguage\":\"it-IT\"},{\"@type\":\"Organization\",\"@id\":\"https:\/\/www.jyiele.com\/#organization\",\"name\":\"JYIELE\",\"url\":\"https:\/\/www.jyiele.com\/\",\"logo\":{\"@type\":\"ImageObject\",\"inLanguage\":\"it-IT\",\"@id\":\"https:\/\/www.jyiele.com\/#\/schema\/logo\/image\/\",\"url\":\"https:\/\/www.jyiele.com\/wp-content\/uploads\/2024\/09\/cropped-jyele-1.webp\",\"contentUrl\":\"https:\/\/www.jyiele.com\/wp-content\/uploads\/2024\/09\/cropped-jyele-1.webp\",\"width\":137,\"height\":60,\"caption\":\"JYIELE\"},\"image\":{\"@id\":\"https:\/\/www.jyiele.com\/#\/schema\/logo\/image\/\"}}]}<\/script>\n<!-- \/ Yoast SEO plugin. -->","yoast_head_json":{"title":"Tipo di isolamento Interruttore di trasferimento automatico ATS a doppia alimentazione Produttore - JYIELE","robots":{"index":"index","follow":"follow","max-snippet":"max-snippet:-1","max-image-preview":"max-image-preview:large","max-video-preview":"max-video-preview:-1"},"canonical":"https:\/\/www.jyiele.com\/it\/prodotto\/isolation-type-dual-power-ats-automatic-transfer-switch\/","og_locale":"it_IT","og_type":"article","og_title":"Isolation Type Dual Power ATS Automatic Transfer Switch Manufacturer - JYIELE","og_description":"CJQ3 Dual Power Automatic Transfer Switch Series is a kind of new automatic transfer switch gathered with switch and logic controller\uff0cachieve mechanic and electricity turn into a integral whole. It is suitable for using in the distribution equipment in industry and business with rated insulating voltage up to 690V, rated frequency 50Hz\/60Hz, rated voltage 380V, conventional heating current up to 3200A ,it is used to transfer automatically between Normal power and reserve power in power system or transfer automatically and safety isolation of two sets load device etc. It can be used for hospital, shop, bank, high building, coal mine, telecommunication, iron mine, superhighway, airport, industrial flowing water line and military installation etc. Important situation where disallow power supply failure.","og_url":"https:\/\/www.jyiele.com\/it\/prodotto\/isolation-type-dual-power-ats-automatic-transfer-switch\/","og_site_name":"JYIELE","article_modified_time":"2025-03-09T11:41:06+00:00","og_image":[{"width":800,"height":800,"url":"https:\/\/www.jyiele.com\/wp-content\/uploads\/2024\/10\/Isolation-Type-Dual-Power-ATS-Automatic-Transfer-Switch.webp","type":"image\/webp"}],"twitter_card":"summary_large_image","twitter_misc":{"Tempo di lettura stimato":"3 minuti"},"schema":{"@context":"https:\/\/schema.org","@graph":[{"@type":"WebPage","@id":"https:\/\/www.jyiele.com\/product\/isolation-type-dual-power-ats-automatic-transfer-switch\/","url":"https:\/\/www.jyiele.com\/product\/isolation-type-dual-power-ats-automatic-transfer-switch\/","name":"Tipo di isolamento Interruttore di trasferimento automatico ATS a doppia alimentazione Produttore - JYIELE","isPartOf":{"@id":"https:\/\/www.jyiele.com\/#website"},"primaryImageOfPage":{"@id":"https:\/\/www.jyiele.com\/product\/isolation-type-dual-power-ats-automatic-transfer-switch\/#primaryimage"},"image":{"@id":"https:\/\/www.jyiele.com\/product\/isolation-type-dual-power-ats-automatic-transfer-switch\/#primaryimage"},"thumbnailUrl":"https:\/\/www.jyiele.com\/wp-content\/uploads\/2024\/10\/Isolation-Type-Dual-Power-ATS-Automatic-Transfer-Switch.webp","datePublished":"2023-03-09T11:29:21+00:00","dateModified":"2025-03-09T11:41:06+00:00","breadcrumb":{"@id":"https:\/\/www.jyiele.com\/product\/isolation-type-dual-power-ats-automatic-transfer-switch\/#breadcrumb"},"inLanguage":"it-IT","potentialAction":[{"@type":"ReadAction","target":["https:\/\/www.jyiele.com\/product\/isolation-type-dual-power-ats-automatic-transfer-switch\/"]}]},{"@type":"ImageObject","inLanguage":"it-IT","@id":"https:\/\/www.jyiele.com\/product\/isolation-type-dual-power-ats-automatic-transfer-switch\/#primaryimage","url":"https:\/\/www.jyiele.com\/wp-content\/uploads\/2024\/10\/Isolation-Type-Dual-Power-ATS-Automatic-Transfer-Switch.webp","contentUrl":"https:\/\/www.jyiele.com\/wp-content\/uploads\/2024\/10\/Isolation-Type-Dual-Power-ATS-Automatic-Transfer-Switch.webp","width":800,"height":800,"caption":"Isolation Type Dual Power ATS Automatic Transfer Switch"},{"@type":"BreadcrumbList","@id":"https:\/\/www.jyiele.com\/product\/isolation-type-dual-power-ats-automatic-transfer-switch\/#breadcrumb","itemListElement":[{"@type":"ListItem","position":1,"name":"Home","item":"https:\/\/www.jyiele.com\/"},{"@type":"ListItem","position":2,"name":"Product","item":"https:\/\/www.jyiele.com\/product\/"},{"@type":"ListItem","position":3,"name":"Dual Power Automatic Transfer Switch","item":"https:\/\/www.jyiele.com\/it\/categoria-prodotto\/dual-power-automatic-transfer-switch\/"},{"@type":"ListItem","position":4,"name":"Isolation Type Dual Power ATS Automatic Transfer Switch"}]},{"@type":"WebSite","@id":"https:\/\/www.jyiele.com\/#website","url":"https:\/\/www.jyiele.com\/","name":"JYIELE","description":"Produttore di interruttori in vuoto","publisher":{"@id":"https:\/\/www.jyiele.com\/#organization"},"potentialAction":[{"@type":"SearchAction","target":{"@type":"EntryPoint","urlTemplate":"https:\/\/www.jyiele.com\/?s={search_term_string}"},"query-input":{"@type":"PropertyValueSpecification","valueRequired":true,"valueName":"search_term_string"}}],"inLanguage":"it-IT"},{"@type":"Organization","@id":"https:\/\/www.jyiele.com\/#organization","name":"JYIELE","url":"https:\/\/www.jyiele.com\/","logo":{"@type":"ImageObject","inLanguage":"it-IT","@id":"https:\/\/www.jyiele.com\/#\/schema\/logo\/image\/","url":"https:\/\/www.jyiele.com\/wp-content\/uploads\/2024\/09\/cropped-jyele-1.webp","contentUrl":"https:\/\/www.jyiele.com\/wp-content\/uploads\/2024\/09\/cropped-jyele-1.webp","width":137,"height":60,"caption":"JYIELE"},"image":{"@id":"https:\/\/www.jyiele.com\/#\/schema\/logo\/image\/"}}]}},"_links":{"self":[{"href":"https:\/\/www.jyiele.com\/it\/wp-json\/wp\/v2\/product\/2057","targetHints":{"allow":["GET"]}}],"collection":[{"href":"https:\/\/www.jyiele.com\/it\/wp-json\/wp\/v2\/product"}],"about":[{"href":"https:\/\/www.jyiele.com\/it\/wp-json\/wp\/v2\/types\/product"}],"version-history":[{"count":1,"href":"https:\/\/www.jyiele.com\/it\/wp-json\/wp\/v2\/product\/2057\/revisions"}],"predecessor-version":[{"id":2062,"href":"https:\/\/www.jyiele.com\/it\/wp-json\/wp\/v2\/product\/2057\/revisions\/2062"}],"wp:featuredmedia":[{"embeddable":true,"href":"https:\/\/www.jyiele.com\/it\/wp-json\/wp\/v2\/media\/2061"}],"wp:attachment":[{"href":"https:\/\/www.jyiele.com\/it\/wp-json\/wp\/v2\/media?parent=2057"}],"wp:term":[{"taxonomy":"product_brand","embeddable":true,"href":"https:\/\/www.jyiele.com\/it\/wp-json\/wp\/v2\/product_brand?post=2057"},{"taxonomy":"product_cat","embeddable":true,"href":"https:\/\/www.jyiele.com\/it\/wp-json\/wp\/v2\/product_cat?post=2057"},{"taxonomy":"product_tag","embeddable":true,"href":"https:\/\/www.jyiele.com\/it\/wp-json\/wp\/v2\/product_tag?post=2057"}],"curies":[{"name":"wp","href":"https:\/\/api.w.org\/{rel}","templated":true}]}}