{"id":2063,"date":"2024-10-15T09:43:04","date_gmt":"2024-10-15T09:43:04","guid":{"rendered":"https:\/\/www.jy-electric.com\/?post_type=product&#038;p=2063"},"modified":"2025-03-09T11:35:41","modified_gmt":"2025-03-09T11:35:41","slug":"4p-double-power-automatic-transfer-switch","status":"publish","type":"product","link":"https:\/\/www.jyiele.com\/it\/prodotto\/4p-double-power-automatic-transfer-switch\/","title":{"rendered":"Commutatore automatico di trasferimento intelligente di doppia potenza di alta qualit\u00e0 della serie 4P di ATSQ2"},"content":{"rendered":"<h4 class=\"wp-block-heading\"><strong>Caratteristiche del prodotto<\/strong><\/h4>\n<p>Accessori interni: sgancio in derivazione, sgancio per sottotensione, contatti ausiliari, contatti di allarme<br \/>\nFunzione del prodotto: interruttore di alimentazione automatico e protezione da sovraccarico e cortocircuito, ecc.<br \/>\nPrestazioni del prodotto: Il ritardo di commutazione \u00e8 regolabile e il tempo di azione \u00e8 preciso.<br \/>\nUso del prodotto: metallurgia, edilizia, militare e altre occasioni di carico bidirezionale<br \/>\nStruttura del prodotto: dimensioni ridotte, struttura compatta, arco corto, elevata capacit\u00e0 di rottura.<br \/>\nTelaio del prodotto: 63, 100, 225, 250, 400, 630, 800, 1250<br \/>\nCorrente del prodotto: 6A-1250A<br \/>\nNumero di poli del prodotto: 3, 4<br \/>\nStandard di prodotto: IEC60947-6, GB14048.11<br \/>\nATSE: classe CB<\/p>\n<figure class=\"wp-block-table\">\n<div class=\"scroll\">\n<table>\n<tbody>\n<tr>\n<td>Numero di modello: CJQ2<br \/>\nCorrente massima Corrente: 12500A<br \/>\nMassima. Tensione: 400 V<br \/>\nNome del prodotto: Interruttore di trasferimento automatico intelligente a doppia potenza<br \/>\nCorrente nominale: 6~1250A<br \/>\nPoli: 3P\/4P<br \/>\nGaranzia: 1 anno<br \/>\nMateriale: Classe CB<\/td>\n<td>Maniglia: S\u00cc<br \/>\nOEM: S\u00ec<br \/>\nTipo: Interruttore automatico scatolato<br \/>\nPacchetto: Imballaggio standard di esportazione<br \/>\nEspresso: DHL, TNT, SME, FEDEX o come vostra richiesta<br \/>\nCertificazione: CE<br \/>\nSe l'intelligente: S\u00ec<br \/>\nLuogo di origine: Zhejiang, Cina<\/td>\n<\/tr>\n<\/tbody>\n<\/table>\n<\/div>\n<\/figure>\n<h4 class=\"wp-block-heading\"><strong>Modello<\/strong><\/h4>\n<figure class=\"wp-block-table\">\n<div class=\"scroll\">\n<table>\n<tbody>\n<tr>\n<td rowspan=\"7\">Modello: ATSQ2\u25a1-\u25a1\/\u25a1\u25a1\u25a1\u25a1<\/td>\n<td>ATS<\/td>\n<td>Interruttore automatico di trasferimento<\/td>\n<\/tr>\n<tr>\n<td>Q<\/td>\n<td>Livello CB<\/td>\n<\/tr>\n<tr>\n<td>2<\/td>\n<td>Sequenza di progettazione<\/td>\n<\/tr>\n<tr>\n<td>\u25a1<\/td>\n<td>(R)Conversione e recupero automatico(S)Conversione e non recupero automatico(F) La rete al generatore<\/td>\n<\/tr>\n<tr>\n<td>\u25a1<\/td>\n<td>Corrente massima<\/td>\n<\/tr>\n<tr>\n<td>\u25a1<\/td>\n<td>Poli: 3P, 4P<\/td>\n<\/tr>\n<tr>\n<td>\u25a1<\/td>\n<td>Corrente nominale<\/td>\n<\/tr>\n<\/tbody>\n<\/table>\n<\/div>\n<\/figure>\n<div class=\"wp-block-media-text is-stacked-on-mobile\">\n<figure class=\"wp-block-media-text__media\"><img fetchpriority=\"high\" decoding=\"async\" class=\"alignnone size-medium wp-image-2065\" src=\"https:\/\/www.jy-electric.com\/wp-content\/uploads\/2024\/10\/4P-Double-Power-Automatic-Transfer-SwitchS-300x211.webp\" alt=\"Interruttori automatici di trasferimento a doppia potenza 4P\" width=\"300\" height=\"211\" srcset=\"https:\/\/www.jyiele.com\/wp-content\/uploads\/2024\/10\/4P-Double-Power-Automatic-Transfer-SwitchS-300x211.webp 300w, https:\/\/www.jyiele.com\/wp-content\/uploads\/2024\/10\/4P-Double-Power-Automatic-Transfer-SwitchS-18x12.webp 18w, https:\/\/www.jyiele.com\/wp-content\/uploads\/2024\/10\/4P-Double-Power-Automatic-Transfer-SwitchS.webp 389w\" sizes=\"(max-width: 300px) 100vw, 300px\" \/><\/figure>\n<div class=\"wp-block-media-text__content\">\n<p>1, schermo LCD<br \/>\n2. Impostazione<br \/>\n3, Tasto Shift destro<br \/>\n4. Aumento del valore<br \/>\n5, Valore Diminuzione\/Allarme<br \/>\n6, Manuale<br \/>\n7, Auto<br \/>\n8, entrambi spenti<\/p>\n<\/div>\n<\/div>\n<h4 class=\"wp-block-heading\"><strong>Schema<\/strong><\/h4>\n<figure class=\"wp-block-image size-full\"><img decoding=\"async\" class=\"alignnone size-medium wp-image-2066\" src=\"https:\/\/www.jy-electric.com\/wp-content\/uploads\/2024\/10\/4P-Intelligent-Double-Power-Automatic-Transfer-Switch-2-300x110.webp\" alt=\"Interruttore di trasferimento automatico a doppia potenza intelligente 4P 2\" width=\"300\" height=\"110\" srcset=\"https:\/\/www.jyiele.com\/wp-content\/uploads\/2024\/10\/4P-Intelligent-Double-Power-Automatic-Transfer-Switch-2-300x110.webp 300w, https:\/\/www.jyiele.com\/wp-content\/uploads\/2024\/10\/4P-Intelligent-Double-Power-Automatic-Transfer-Switch-2-768x282.webp 768w, https:\/\/www.jyiele.com\/wp-content\/uploads\/2024\/10\/4P-Intelligent-Double-Power-Automatic-Transfer-Switch-2-18x7.webp 18w, https:\/\/www.jyiele.com\/wp-content\/uploads\/2024\/10\/4P-Intelligent-Double-Power-Automatic-Transfer-Switch-2-600x220.webp 600w, https:\/\/www.jyiele.com\/wp-content\/uploads\/2024\/10\/4P-Intelligent-Double-Power-Automatic-Transfer-Switch-2.webp 872w\" sizes=\"(max-width: 300px) 100vw, 300px\" \/><\/figure>\n<h4 class=\"wp-block-heading\"><strong>Modello di prodotto<\/strong><\/h4>\n<figure class=\"wp-block-table\">\n<div class=\"scroll\">\n<table>\n<tbody>\n<tr>\n<td>Modello<\/td>\n<td>Attuale<\/td>\n<td>Unit\u00e0<\/td>\n<\/tr>\n<tr>\n<td>ATSQ2M-63\/3P<\/td>\n<td>63A<\/td>\n<td>1 PC<\/td>\n<\/tr>\n<tr>\n<td>ATSQ2M-63\/4P<\/td>\n<td>63A<\/td>\n<td>1 PC<\/td>\n<\/tr>\n<tr>\n<td>ATSQ2M-100\/3P<\/td>\n<td>16-100A<\/td>\n<td>1 PC<\/td>\n<\/tr>\n<tr>\n<td>ATSQ2M-100\/4P<\/td>\n<td>16-100A<\/td>\n<td>1 PC<\/td>\n<\/tr>\n<tr>\n<td>ATSQ2M-225\/3P<\/td>\n<td>100-225A<\/td>\n<td>1 PC<\/td>\n<\/tr>\n<tr>\n<td>ATSQ2M-225\/4P<\/td>\n<td>100-225A<\/td>\n<td>1 PC<\/td>\n<\/tr>\n<tr>\n<td>ATSQ2M-400\/3P<\/td>\n<td>225-400A<\/td>\n<td>1 PC<\/td>\n<\/tr>\n<tr>\n<td>ATSQ2M-400\/4P<\/td>\n<td>225-400A<\/td>\n<td>1 PC<\/td>\n<\/tr>\n<tr>\n<td>ATSQ2M-630\/3P<\/td>\n<td>400-630A<\/td>\n<td>1 PC<\/td>\n<\/tr>\n<tr>\n<td>ATSQ2M-630\/4P<\/td>\n<td>400-630A<\/td>\n<td>1 PC<\/td>\n<\/tr>\n<tr>\n<td>ATSQ2M-800\/3P<\/td>\n<td>630-800A<\/td>\n<td>1 PC<\/td>\n<\/tr>\n<tr>\n<td>ATSQ2M-800\/4P<\/td>\n<td>630-800A<\/td>\n<td>1 PC<\/td>\n<\/tr>\n<tr>\n<td>ATSQ2M-1000\/4P<\/td>\n<td>1000A<\/td>\n<td>1 PC<\/td>\n<\/tr>\n<\/tbody>\n<\/table>\n<\/div>\n<\/figure>\n<h4 class=\"wp-block-heading\"><strong>Condizioni di lavoro normali e condizioni di montaggio<\/strong><\/h4>\n<p>1.L'altitudine dell'installazione non supera i 2000 metri.<br \/>\n2.Il limite superiore della temperatura ambiente non \u00e8 superiore a +40\u00b0C, il limite inferiore non \u00e8 inferiore a -5\u00b0C, la media delle 24 ore non supera +35\u00b0C.<br \/>\n3.L'umidit\u00e0 relativa atmosferica nella temperatura dell'aria ambiente \u00e8 + 40 \u00b0C non pi\u00f9 di 50%, a temperature pi\u00f9 basse pu\u00f2 avere un'umidit\u00e0 pi\u00f9 elevata, i prodotti di condensazione devono tenere conto della superficie del cambiamento di umidit\u00e0.<br \/>\n4. Nessun mezzo esplosivo, il mezzo non basta a corrodere e danneggiare l'isolamento di gas e polvere.<br \/>\n5. Nessuna vibrazione significativa di scossa e urto<\/p>\n<h4 class=\"wp-block-heading\"><strong>Applicazione<\/strong><\/h4>\n<p>Interruttore automatico di alimentazione (di seguito denominato interruttore) per AC 50Hz, tensione nominale di lavoro 380V, corrente nominale 63A-1250A doppio sistema di alimentazione, con funzionamento automatico o manuale completare il passaggio di alimentazione comune e alimentazione di standby. L'interruttore \u00e8 utilizzato principalmente per occasioni importanti, ospedali, negozi, banche, industria chimica, metallurgia, grattacieli, installazioni militari e cos\u00ec via.<br \/>\nStruttura di base<br \/>\nIl commutatore automatico di potenza \u00e8 costituito principalmente dal convertitore di potenza per eseguire la composizione dell'interruttore, con tre posizioni di commutazione di stato che gli utenti possono scegliere: l'alimentazione comune (N) insieme, i doppi punti, l'alimentazione di standby (R) insieme, il commutatore ha dimensioni ridotte, peso leggero, stabilit\u00e0 facile da usare e cos\u00ec via.<\/p>\n<p>[wpforms id=\"1930\u2033 title=\"true\"]<\/p>","protected":false},"excerpt":{"rendered":"<p>Interruttore di trasferimento automatico a doppia potenza CJQ2 (di seguito denominato A.T.S) per 50Hz \/ 60Hz, la tensione nominale di funzionamento \u00e8 380V (3P, 4P) e la corrente nominale \u00e8 10A~1250A (sistema di alimentazione a doppio circuito). Pu\u00f2 convertire automaticamente l'alimentazione normale e quella inversa per garantire l'affidabilit\u00e0 dell'alimentazione, principalmente per edifici di grande altezza, centri commerciali, pompe antincendio, ventilatori per il fumo, ascensori, pompe per l'acqua di salvataggio, illuminazione accidentale e altri luoghi.<\/p>\n<p>&nbsp;<\/p>","protected":false},"featured_media":2064,"template":"","meta":{"site-sidebar-layout":"no-sidebar","site-content-layout":"","ast-site-content-layout":"default","site-content-style":"unboxed","site-sidebar-style":"default","ast-global-header-display":"","ast-banner-title-visibility":"","ast-main-header-display":"","ast-hfb-above-header-display":"","ast-hfb-below-header-display":"","ast-hfb-mobile-header-display":"","site-post-title":"","ast-breadcrumbs-content":"","ast-featured-img":"","footer-sml-layout":"","ast-disable-related-posts":"","theme-transparent-header-meta":"default","adv-header-id-meta":"","stick-header-meta":"","header-above-stick-meta":"","header-main-stick-meta":"","header-below-stick-meta":"","astra-migrate-meta-layouts":"set","ast-page-background-enabled":"default","ast-page-background-meta":{"desktop":{"background-color":"var(--ast-global-color-4)","background-image":"","background-repeat":"repeat","background-position":"center center","background-size":"auto","background-attachment":"scroll","background-type":"","background-media":"","overlay-type":"","overlay-color":"","overlay-opacity":"","overlay-gradient":""},"tablet":{"background-color":"","background-image":"","background-repeat":"repeat","background-position":"center center","background-size":"auto","background-attachment":"scroll","background-type":"","background-media":"","overlay-type":"","overlay-color":"","overlay-opacity":"","overlay-gradient":""},"mobile":{"background-color":"","background-image":"","background-repeat":"repeat","background-position":"center center","background-size":"auto","background-attachment":"scroll","background-type":"","background-media":"","overlay-type":"","overlay-color":"","overlay-opacity":"","overlay-gradient":""}},"ast-content-background-meta":{"desktop":{"background-color":"var(--ast-global-color-5)","background-image":"","background-repeat":"repeat","background-position":"center center","background-size":"auto","background-attachment":"scroll","background-type":"","background-media":"","overlay-type":"","overlay-color":"","overlay-opacity":"","overlay-gradient":""},"tablet":{"background-color":"var(--ast-global-color-5)","background-image":"","background-repeat":"repeat","background-position":"center center","background-size":"auto","background-attachment":"scroll","background-type":"","background-media":"","overlay-type":"","overlay-color":"","overlay-opacity":"","overlay-gradient":""},"mobile":{"background-color":"var(--ast-global-color-5)","background-image":"","background-repeat":"repeat","background-position":"center center","background-size":"auto","background-attachment":"scroll","background-type":"","background-media":"","overlay-type":"","overlay-color":"","overlay-opacity":"","overlay-gradient":""}}},"product_brand":[],"product_cat":[24,27],"product_tag":[],"class_list":{"0":"post-2063","1":"product","2":"type-product","3":"status-publish","4":"has-post-thumbnail","6":"product_cat-dual-power-automatic-transfer-switch","7":"product_cat-other","8":"desktop-align-left","9":"tablet-align-left","10":"mobile-align-left","12":"first","13":"instock","14":"shipping-taxable","15":"product-type-simple"},"yoast_head":"<!-- This site is optimized with the Yoast SEO plugin v24.8.1 - https:\/\/yoast.com\/wordpress\/plugins\/seo\/ -->\n<title>High Quality ATSQ2 Series 4P Intelligent Double Power Automatic Transfer Switch - JYIELE<\/title>\n<meta name=\"robots\" content=\"index, follow, max-snippet:-1, max-image-preview:large, max-video-preview:-1\" \/>\n<link rel=\"canonical\" href=\"https:\/\/www.jyiele.com\/it\/prodotto\/4p-double-power-automatic-transfer-switch\/\" \/>\n<meta property=\"og:locale\" content=\"it_IT\" \/>\n<meta property=\"og:type\" content=\"article\" \/>\n<meta property=\"og:title\" content=\"High Quality ATSQ2 Series 4P Intelligent Double Power Automatic Transfer Switch - JYIELE\" \/>\n<meta property=\"og:description\" content=\"CJQ2 dual power automatic transfer switch (hereinafter referred to as A.T.S) for 50Hz \/ 60Hz, the rated operating voltage is 380V (3P, 4P), and the rated current is 10A~1250A (double loop power supply system). It can convert the normal power and reversed power automatically to ensure the reliability of the power, mainly for high -rise buildings, shopping malls, fire pumps, smoke fans, elevators, life water pumps, accident lighting and other places.  &nbsp;\" \/>\n<meta property=\"og:url\" content=\"https:\/\/www.jyiele.com\/it\/prodotto\/4p-double-power-automatic-transfer-switch\/\" \/>\n<meta property=\"og:site_name\" content=\"JYIELE\" \/>\n<meta property=\"article:modified_time\" content=\"2025-03-09T11:35:41+00:00\" \/>\n<meta property=\"og:image\" content=\"https:\/\/www.jyiele.com\/wp-content\/uploads\/2024\/10\/4P-Double-Power-Automatic-Transfer-Switch.webp\" \/>\n\t<meta property=\"og:image:width\" content=\"800\" \/>\n\t<meta property=\"og:image:height\" content=\"800\" \/>\n\t<meta property=\"og:image:type\" content=\"image\/webp\" \/>\n<meta name=\"twitter:card\" content=\"summary_large_image\" \/>\n<meta name=\"twitter:label1\" content=\"Tempo di lettura stimato\" \/>\n\t<meta name=\"twitter:data1\" content=\"3 minuti\" \/>\n<script type=\"application\/ld+json\" class=\"yoast-schema-graph\">{\"@context\":\"https:\/\/schema.org\",\"@graph\":[{\"@type\":\"WebPage\",\"@id\":\"https:\/\/www.jyiele.com\/it\/prodotto\/4p-double-power-automatic-transfer-switch\/\",\"url\":\"https:\/\/www.jyiele.com\/it\/prodotto\/4p-double-power-automatic-transfer-switch\/\",\"name\":\"High Quality ATSQ2 Series 4P Intelligent Double Power Automatic Transfer Switch - JYIELE\",\"isPartOf\":{\"@id\":\"https:\/\/www.jyiele.com\/#website\"},\"primaryImageOfPage\":{\"@id\":\"https:\/\/www.jyiele.com\/it\/prodotto\/4p-double-power-automatic-transfer-switch\/#primaryimage\"},\"image\":{\"@id\":\"https:\/\/www.jyiele.com\/it\/prodotto\/4p-double-power-automatic-transfer-switch\/#primaryimage\"},\"thumbnailUrl\":\"https:\/\/www.jyiele.com\/wp-content\/uploads\/2024\/10\/4P-Double-Power-Automatic-Transfer-Switch.webp\",\"datePublished\":\"2024-10-15T09:43:04+00:00\",\"dateModified\":\"2025-03-09T11:35:41+00:00\",\"breadcrumb\":{\"@id\":\"https:\/\/www.jyiele.com\/it\/prodotto\/4p-double-power-automatic-transfer-switch\/#breadcrumb\"},\"inLanguage\":\"it-IT\",\"potentialAction\":[{\"@type\":\"ReadAction\",\"target\":[\"https:\/\/www.jyiele.com\/it\/prodotto\/4p-double-power-automatic-transfer-switch\/\"]}]},{\"@type\":\"ImageObject\",\"inLanguage\":\"it-IT\",\"@id\":\"https:\/\/www.jyiele.com\/it\/prodotto\/4p-double-power-automatic-transfer-switch\/#primaryimage\",\"url\":\"https:\/\/www.jyiele.com\/wp-content\/uploads\/2024\/10\/4P-Double-Power-Automatic-Transfer-Switch.webp\",\"contentUrl\":\"https:\/\/www.jyiele.com\/wp-content\/uploads\/2024\/10\/4P-Double-Power-Automatic-Transfer-Switch.webp\",\"width\":800,\"height\":800,\"caption\":\"4P Double Power Automatic Transfer Switch\"},{\"@type\":\"BreadcrumbList\",\"@id\":\"https:\/\/www.jyiele.com\/it\/prodotto\/4p-double-power-automatic-transfer-switch\/#breadcrumb\",\"itemListElement\":[{\"@type\":\"ListItem\",\"position\":1,\"name\":\"Home\",\"item\":\"https:\/\/www.jyiele.com\/\"},{\"@type\":\"ListItem\",\"position\":2,\"name\":\"Product\",\"item\":\"https:\/\/www.jyiele.com\/product\/\"},{\"@type\":\"ListItem\",\"position\":3,\"name\":\"Dual Power Automatic Transfer Switch\",\"item\":\"https:\/\/www.jyiele.com\/it\/categoria-prodotto\/dual-power-automatic-transfer-switch\/\"},{\"@type\":\"ListItem\",\"position\":4,\"name\":\"High Quality ATSQ2 Series 4P Intelligent Double Power Automatic Transfer Switch\"}]},{\"@type\":\"WebSite\",\"@id\":\"https:\/\/www.jyiele.com\/#website\",\"url\":\"https:\/\/www.jyiele.com\/\",\"name\":\"JYIELE\",\"description\":\"Vacuum Circuit Breaker manufacturer\",\"publisher\":{\"@id\":\"https:\/\/www.jyiele.com\/#organization\"},\"potentialAction\":[{\"@type\":\"SearchAction\",\"target\":{\"@type\":\"EntryPoint\",\"urlTemplate\":\"https:\/\/www.jyiele.com\/?s={search_term_string}\"},\"query-input\":{\"@type\":\"PropertyValueSpecification\",\"valueRequired\":true,\"valueName\":\"search_term_string\"}}],\"inLanguage\":\"it-IT\"},{\"@type\":\"Organization\",\"@id\":\"https:\/\/www.jyiele.com\/#organization\",\"name\":\"JYIELE\",\"url\":\"https:\/\/www.jyiele.com\/\",\"logo\":{\"@type\":\"ImageObject\",\"inLanguage\":\"it-IT\",\"@id\":\"https:\/\/www.jyiele.com\/#\/schema\/logo\/image\/\",\"url\":\"https:\/\/www.jyiele.com\/wp-content\/uploads\/2024\/09\/cropped-jyele-1.webp\",\"contentUrl\":\"https:\/\/www.jyiele.com\/wp-content\/uploads\/2024\/09\/cropped-jyele-1.webp\",\"width\":137,\"height\":60,\"caption\":\"JYIELE\"},\"image\":{\"@id\":\"https:\/\/www.jyiele.com\/#\/schema\/logo\/image\/\"}}]}<\/script>\n<!-- \/ Yoast SEO plugin. -->","yoast_head_json":{"title":"Commutatore automatico di trasferimento intelligente a doppia potenza serie 4P ATSQ2 di alta qualit\u00e0 - JYIELE","robots":{"index":"index","follow":"follow","max-snippet":"max-snippet:-1","max-image-preview":"max-image-preview:large","max-video-preview":"max-video-preview:-1"},"canonical":"https:\/\/www.jyiele.com\/it\/prodotto\/4p-double-power-automatic-transfer-switch\/","og_locale":"it_IT","og_type":"article","og_title":"High Quality ATSQ2 Series 4P Intelligent Double Power Automatic Transfer Switch - JYIELE","og_description":"CJQ2 dual power automatic transfer switch (hereinafter referred to as A.T.S) for 50Hz \/ 60Hz, the rated operating voltage is 380V (3P, 4P), and the rated current is 10A~1250A (double loop power supply system). It can convert the normal power and reversed power automatically to ensure the reliability of the power, mainly for high -rise buildings, shopping malls, fire pumps, smoke fans, elevators, life water pumps, accident lighting and other places.  &nbsp;","og_url":"https:\/\/www.jyiele.com\/it\/prodotto\/4p-double-power-automatic-transfer-switch\/","og_site_name":"JYIELE","article_modified_time":"2025-03-09T11:35:41+00:00","og_image":[{"width":800,"height":800,"url":"https:\/\/www.jyiele.com\/wp-content\/uploads\/2024\/10\/4P-Double-Power-Automatic-Transfer-Switch.webp","type":"image\/webp"}],"twitter_card":"summary_large_image","twitter_misc":{"Tempo di lettura stimato":"3 minuti"},"schema":{"@context":"https:\/\/schema.org","@graph":[{"@type":"WebPage","@id":"https:\/\/www.jyiele.com\/it\/prodotto\/4p-double-power-automatic-transfer-switch\/","url":"https:\/\/www.jyiele.com\/it\/prodotto\/4p-double-power-automatic-transfer-switch\/","name":"Commutatore automatico di trasferimento intelligente a doppia potenza serie 4P ATSQ2 di alta qualit\u00e0 - JYIELE","isPartOf":{"@id":"https:\/\/www.jyiele.com\/#website"},"primaryImageOfPage":{"@id":"https:\/\/www.jyiele.com\/it\/prodotto\/4p-double-power-automatic-transfer-switch\/#primaryimage"},"image":{"@id":"https:\/\/www.jyiele.com\/it\/prodotto\/4p-double-power-automatic-transfer-switch\/#primaryimage"},"thumbnailUrl":"https:\/\/www.jyiele.com\/wp-content\/uploads\/2024\/10\/4P-Double-Power-Automatic-Transfer-Switch.webp","datePublished":"2024-10-15T09:43:04+00:00","dateModified":"2025-03-09T11:35:41+00:00","breadcrumb":{"@id":"https:\/\/www.jyiele.com\/it\/prodotto\/4p-double-power-automatic-transfer-switch\/#breadcrumb"},"inLanguage":"it-IT","potentialAction":[{"@type":"ReadAction","target":["https:\/\/www.jyiele.com\/it\/prodotto\/4p-double-power-automatic-transfer-switch\/"]}]},{"@type":"ImageObject","inLanguage":"it-IT","@id":"https:\/\/www.jyiele.com\/it\/prodotto\/4p-double-power-automatic-transfer-switch\/#primaryimage","url":"https:\/\/www.jyiele.com\/wp-content\/uploads\/2024\/10\/4P-Double-Power-Automatic-Transfer-Switch.webp","contentUrl":"https:\/\/www.jyiele.com\/wp-content\/uploads\/2024\/10\/4P-Double-Power-Automatic-Transfer-Switch.webp","width":800,"height":800,"caption":"4P Double Power Automatic Transfer Switch"},{"@type":"BreadcrumbList","@id":"https:\/\/www.jyiele.com\/it\/prodotto\/4p-double-power-automatic-transfer-switch\/#breadcrumb","itemListElement":[{"@type":"ListItem","position":1,"name":"Home","item":"https:\/\/www.jyiele.com\/"},{"@type":"ListItem","position":2,"name":"Product","item":"https:\/\/www.jyiele.com\/product\/"},{"@type":"ListItem","position":3,"name":"Dual Power Automatic Transfer Switch","item":"https:\/\/www.jyiele.com\/it\/categoria-prodotto\/dual-power-automatic-transfer-switch\/"},{"@type":"ListItem","position":4,"name":"High Quality ATSQ2 Series 4P Intelligent Double Power Automatic Transfer Switch"}]},{"@type":"WebSite","@id":"https:\/\/www.jyiele.com\/#website","url":"https:\/\/www.jyiele.com\/","name":"JYIELE","description":"Produttore di interruttori in vuoto","publisher":{"@id":"https:\/\/www.jyiele.com\/#organization"},"potentialAction":[{"@type":"SearchAction","target":{"@type":"EntryPoint","urlTemplate":"https:\/\/www.jyiele.com\/?s={search_term_string}"},"query-input":{"@type":"PropertyValueSpecification","valueRequired":true,"valueName":"search_term_string"}}],"inLanguage":"it-IT"},{"@type":"Organization","@id":"https:\/\/www.jyiele.com\/#organization","name":"JYIELE","url":"https:\/\/www.jyiele.com\/","logo":{"@type":"ImageObject","inLanguage":"it-IT","@id":"https:\/\/www.jyiele.com\/#\/schema\/logo\/image\/","url":"https:\/\/www.jyiele.com\/wp-content\/uploads\/2024\/09\/cropped-jyele-1.webp","contentUrl":"https:\/\/www.jyiele.com\/wp-content\/uploads\/2024\/09\/cropped-jyele-1.webp","width":137,"height":60,"caption":"JYIELE"},"image":{"@id":"https:\/\/www.jyiele.com\/#\/schema\/logo\/image\/"}}]}},"_links":{"self":[{"href":"https:\/\/www.jyiele.com\/it\/wp-json\/wp\/v2\/product\/2063","targetHints":{"allow":["GET"]}}],"collection":[{"href":"https:\/\/www.jyiele.com\/it\/wp-json\/wp\/v2\/product"}],"about":[{"href":"https:\/\/www.jyiele.com\/it\/wp-json\/wp\/v2\/types\/product"}],"version-history":[{"count":3,"href":"https:\/\/www.jyiele.com\/it\/wp-json\/wp\/v2\/product\/2063\/revisions"}],"predecessor-version":[{"id":2087,"href":"https:\/\/www.jyiele.com\/it\/wp-json\/wp\/v2\/product\/2063\/revisions\/2087"}],"wp:featuredmedia":[{"embeddable":true,"href":"https:\/\/www.jyiele.com\/it\/wp-json\/wp\/v2\/media\/2064"}],"wp:attachment":[{"href":"https:\/\/www.jyiele.com\/it\/wp-json\/wp\/v2\/media?parent=2063"}],"wp:term":[{"taxonomy":"product_brand","embeddable":true,"href":"https:\/\/www.jyiele.com\/it\/wp-json\/wp\/v2\/product_brand?post=2063"},{"taxonomy":"product_cat","embeddable":true,"href":"https:\/\/www.jyiele.com\/it\/wp-json\/wp\/v2\/product_cat?post=2063"},{"taxonomy":"product_tag","embeddable":true,"href":"https:\/\/www.jyiele.com\/it\/wp-json\/wp\/v2\/product_tag?post=2063"}],"curies":[{"name":"wp","href":"https:\/\/api.w.org\/{rel}","templated":true}]}}