{"id":2101,"date":"2024-10-16T11:33:35","date_gmt":"2024-10-16T11:33:35","guid":{"rendered":"https:\/\/www.jy-electric.com\/?post_type=product&#038;p=2101"},"modified":"2025-03-09T11:35:21","modified_gmt":"2025-03-09T11:35:21","slug":"hpc-series-ip65-plastic-waterproof-electrical-circuit-breaker-junction-box","status":"publish","type":"product","link":"https:\/\/www.jyiele.com\/it\/prodotto\/hpc-series-ip65-plastic-waterproof-electrical-circuit-breaker-junction-box\/","title":{"rendered":"Scatola di giunzione dell'interruttore elettrico impermeabile in plastica della serie HPC IP65"},"content":{"rendered":"<h2>Caratteristiche principali:<\/h2>\n<p>Materiale del pannello<br \/>\nIl pannello \u00e8 realizzato in materiale tecnico ABS ad alta resistenza, che offre durata e mantenimento del colore, mentre il coperchio trasparente \u00e8 in policarbonato (PC), per garantire una chiara visibilit\u00e0.<\/p>\n<p>Coperchio di apertura e chiusura a pressione<br \/>\nIl coperchio \u00e8 dotato di un meccanismo a pressione per una facile apertura. Una leggera pressione apre il pannello e la cerniera di posizionamento autobloccante garantisce un funzionamento sicuro e stabile quando \u00e8 aperto.<\/p>\n<p>Progettazione del cablaggio<br \/>\nLa piastra di supporto della guida pu\u00f2 essere sollevata fino alla massima posizione mobile, facilitando l'installazione dei cavi senza limiti di spazio. La scatola \u00e8 progettata con scanalature per i fili e fori di uscita per le varie esigenze di cablaggio, consentendo un'installazione agevole di cavi e guaine.<\/p>\n<p>Installazione della base<br \/>\nIl fondo della scatola \u00e8 dotato di fori per viti autofilettanti per facilitare il montaggio e l'installazione. La fibbia della cerniera pu\u00f2 essere installata sul lato lungo o sul lato corto della scatola, per una maggiore flessibilit\u00e0.<\/p>\n<p>Configurazioni opzionali<br \/>\nPer la personalizzazione sono disponibili un pannello frontale e vari accessori di montaggio. Questa serie \u00e8 adatta anche per le applicazioni solari, in quanto funge da combiner box.<\/p>\n<h4 class=\"wp-block-heading\">Specifiche del prodotto<\/h4>\n<figure class=\"wp-block-table\">\n<div class=\"scroll\">\n<table>\n<tbody>\n<tr>\n<td>Modello<\/td>\n<td>Modi<\/td>\n<td>Grado di protezione IP<\/td>\n<td>Dimensioni del prodotto (L*L*H) mm<\/td>\n<\/tr>\n<tr>\n<td>HPC-4<\/td>\n<td>24 modi<\/td>\n<td>IP65<\/td>\n<td>107*212*92<\/td>\n<\/tr>\n<tr>\n<td>HPC-6<\/td>\n<td>6 modi<\/td>\n<td>IP65<\/td>\n<td>165*200*100<\/td>\n<\/tr>\n<tr>\n<td>HPC-9<\/td>\n<td>9 modi<\/td>\n<td>IP65<\/td>\n<td>219*200*100<\/td>\n<\/tr>\n<tr>\n<td>HPC-12<\/td>\n<td>12 modi<\/td>\n<td>IP65<\/td>\n<td>273*230*110<\/td>\n<\/tr>\n<tr>\n<td>HPC-18<\/td>\n<td>18 modi<\/td>\n<td>IP65<\/td>\n<td>381*230*110<\/td>\n<\/tr>\n<tr>\n<td>HPC-24<\/td>\n<td>24 modi<\/td>\n<td>IP65<\/td>\n<td>273*380*110<\/td>\n<\/tr>\n<tr>\n<td>HPC-36<\/td>\n<td>36 modi<\/td>\n<td>IP65<\/td>\n<td>381*380*110<\/td>\n<\/tr>\n<\/tbody>\n<\/table>\n<\/div>\n<\/figure>","protected":false},"excerpt":{"rendered":"<p>Le custodie elettriche a parete AG, AT, PG e PT sono realizzate in policarbonato o ABS resistente agli urti, progettato per resistere in ambienti industriali difficili.<\/p>\n<p>Caratteristiche del prodotto<br \/>\nNome del prodotto: Scatola di distribuzione<br \/>\nParola chiave: Scatola di distribuzione elettrica<br \/>\nMateriale: Policarbonato (PC)\/ABS<br \/>\nModi: da 4 a 54 modi<br \/>\nCaratteristica: Lunga durata di vita<br \/>\nApplicazione: Scatola di controllo elettrico per l'edilizia<br \/>\nVantaggio: Servizio OEM disponibile<br \/>\nUtilizzo: Distribuzione terminale, scatola combinatore solare<\/p>","protected":false},"featured_media":2105,"template":"","meta":{"site-sidebar-layout":"default","site-content-layout":"","ast-site-content-layout":"default","site-content-style":"default","site-sidebar-style":"default","ast-global-header-display":"","ast-banner-title-visibility":"","ast-main-header-display":"","ast-hfb-above-header-display":"","ast-hfb-below-header-display":"","ast-hfb-mobile-header-display":"","site-post-title":"","ast-breadcrumbs-content":"","ast-featured-img":"","footer-sml-layout":"","ast-disable-related-posts":"","theme-transparent-header-meta":"default","adv-header-id-meta":"","stick-header-meta":"","header-above-stick-meta":"","header-main-stick-meta":"","header-below-stick-meta":"","astra-migrate-meta-layouts":"set","ast-page-background-enabled":"default","ast-page-background-meta":{"desktop":{"background-color":"var(--ast-global-color-4)","background-image":"","background-repeat":"repeat","background-position":"center center","background-size":"auto","background-attachment":"scroll","background-type":"","background-media":"","overlay-type":"","overlay-color":"","overlay-opacity":"","overlay-gradient":""},"tablet":{"background-color":"","background-image":"","background-repeat":"repeat","background-position":"center center","background-size":"auto","background-attachment":"scroll","background-type":"","background-media":"","overlay-type":"","overlay-color":"","overlay-opacity":"","overlay-gradient":""},"mobile":{"background-color":"","background-image":"","background-repeat":"repeat","background-position":"center center","background-size":"auto","background-attachment":"scroll","background-type":"","background-media":"","overlay-type":"","overlay-color":"","overlay-opacity":"","overlay-gradient":""}},"ast-content-background-meta":{"desktop":{"background-color":"var(--ast-global-color-5)","background-image":"","background-repeat":"repeat","background-position":"center center","background-size":"auto","background-attachment":"scroll","background-type":"","background-media":"","overlay-type":"","overlay-color":"","overlay-opacity":"","overlay-gradient":""},"tablet":{"background-color":"var(--ast-global-color-5)","background-image":"","background-repeat":"repeat","background-position":"center center","background-size":"auto","background-attachment":"scroll","background-type":"","background-media":"","overlay-type":"","overlay-color":"","overlay-opacity":"","overlay-gradient":""},"mobile":{"background-color":"var(--ast-global-color-5)","background-image":"","background-repeat":"repeat","background-position":"center center","background-size":"auto","background-attachment":"scroll","background-type":"","background-media":"","overlay-type":"","overlay-color":"","overlay-opacity":"","overlay-gradient":""}}},"product_brand":[],"product_cat":[23],"product_tag":[],"class_list":{"0":"post-2101","1":"product","2":"type-product","3":"status-publish","4":"has-post-thumbnail","6":"product_cat-waterproof-plastic-enclosure","7":"desktop-align-left","8":"tablet-align-left","9":"mobile-align-left","11":"first","12":"instock","13":"shipping-taxable","14":"product-type-simple"},"yoast_head":"<!-- This site is optimized with the Yoast SEO plugin v24.8.1 - https:\/\/yoast.com\/wordpress\/plugins\/seo\/ -->\n<title>HPC Series IP65 Plastic Waterproof Electrical Circuit Breaker Junction Box - JYIELE<\/title>\n<meta name=\"robots\" content=\"index, follow, max-snippet:-1, max-image-preview:large, max-video-preview:-1\" \/>\n<link rel=\"canonical\" href=\"https:\/\/www.jyiele.com\/it\/prodotto\/hpc-series-ip65-plastic-waterproof-electrical-circuit-breaker-junction-box\/\" \/>\n<meta property=\"og:locale\" content=\"it_IT\" \/>\n<meta property=\"og:type\" content=\"article\" \/>\n<meta property=\"og:title\" content=\"HPC Series IP65 Plastic Waterproof Electrical Circuit Breaker Junction Box - JYIELE\" \/>\n<meta property=\"og:description\" content=\"The AG, AT, PG, and PT wall-mounted electrical enclosures are made from impact-resistant polycarbonate or ABS, designed to withstand tough industrial environments.  Product Features Product Name: Distribution Box Keyword: Distribution Box Electrical Material: Polycarbonate (PC)\/ABS Ways: 4 to 54 ways Feature: Long Service Life Application: Construction Electrical Control Box Advantage: OEM Service Available Usage: Terminal Distribution, Solar Combiner Box\" \/>\n<meta property=\"og:url\" content=\"https:\/\/www.jyiele.com\/it\/prodotto\/hpc-series-ip65-plastic-waterproof-electrical-circuit-breaker-junction-box\/\" \/>\n<meta property=\"og:site_name\" content=\"JYIELE\" \/>\n<meta property=\"article:modified_time\" content=\"2025-03-09T11:35:21+00:00\" \/>\n<meta property=\"og:image\" content=\"https:\/\/www.jyiele.com\/wp-content\/uploads\/2024\/10\/HPC-Series-IP65-Plastic-Waterproof-Electrical-Circuit-Breaker-Junction-Box.webp\" \/>\n\t<meta property=\"og:image:width\" content=\"800\" \/>\n\t<meta property=\"og:image:height\" content=\"800\" \/>\n\t<meta property=\"og:image:type\" content=\"image\/webp\" \/>\n<meta name=\"twitter:card\" content=\"summary_large_image\" \/>\n<meta name=\"twitter:label1\" content=\"Tempo di lettura stimato\" \/>\n\t<meta name=\"twitter:data1\" content=\"2 minuti\" \/>\n<script type=\"application\/ld+json\" class=\"yoast-schema-graph\">{\"@context\":\"https:\/\/schema.org\",\"@graph\":[{\"@type\":\"WebPage\",\"@id\":\"https:\/\/www.jyiele.com\/product\/hpc-series-ip65-plastic-waterproof-electrical-circuit-breaker-junction-box\/\",\"url\":\"https:\/\/www.jyiele.com\/product\/hpc-series-ip65-plastic-waterproof-electrical-circuit-breaker-junction-box\/\",\"name\":\"HPC Series IP65 Plastic Waterproof Electrical Circuit Breaker Junction Box - JYIELE\",\"isPartOf\":{\"@id\":\"https:\/\/www.jyiele.com\/#website\"},\"primaryImageOfPage\":{\"@id\":\"https:\/\/www.jyiele.com\/product\/hpc-series-ip65-plastic-waterproof-electrical-circuit-breaker-junction-box\/#primaryimage\"},\"image\":{\"@id\":\"https:\/\/www.jyiele.com\/product\/hpc-series-ip65-plastic-waterproof-electrical-circuit-breaker-junction-box\/#primaryimage\"},\"thumbnailUrl\":\"https:\/\/www.jyiele.com\/wp-content\/uploads\/2024\/10\/HPC-Series-IP65-Plastic-Waterproof-Electrical-Circuit-Breaker-Junction-Box.webp\",\"datePublished\":\"2024-10-16T11:33:35+00:00\",\"dateModified\":\"2025-03-09T11:35:21+00:00\",\"breadcrumb\":{\"@id\":\"https:\/\/www.jyiele.com\/product\/hpc-series-ip65-plastic-waterproof-electrical-circuit-breaker-junction-box\/#breadcrumb\"},\"inLanguage\":\"it-IT\",\"potentialAction\":[{\"@type\":\"ReadAction\",\"target\":[\"https:\/\/www.jyiele.com\/product\/hpc-series-ip65-plastic-waterproof-electrical-circuit-breaker-junction-box\/\"]}]},{\"@type\":\"ImageObject\",\"inLanguage\":\"it-IT\",\"@id\":\"https:\/\/www.jyiele.com\/product\/hpc-series-ip65-plastic-waterproof-electrical-circuit-breaker-junction-box\/#primaryimage\",\"url\":\"https:\/\/www.jyiele.com\/wp-content\/uploads\/2024\/10\/HPC-Series-IP65-Plastic-Waterproof-Electrical-Circuit-Breaker-Junction-Box.webp\",\"contentUrl\":\"https:\/\/www.jyiele.com\/wp-content\/uploads\/2024\/10\/HPC-Series-IP65-Plastic-Waterproof-Electrical-Circuit-Breaker-Junction-Box.webp\",\"width\":800,\"height\":800,\"caption\":\"HPC Series IP65 Plastic Waterproof Electrical Circuit Breaker Junction Box\"},{\"@type\":\"BreadcrumbList\",\"@id\":\"https:\/\/www.jyiele.com\/product\/hpc-series-ip65-plastic-waterproof-electrical-circuit-breaker-junction-box\/#breadcrumb\",\"itemListElement\":[{\"@type\":\"ListItem\",\"position\":1,\"name\":\"Home\",\"item\":\"https:\/\/www.jyiele.com\/\"},{\"@type\":\"ListItem\",\"position\":2,\"name\":\"Product\",\"item\":\"https:\/\/www.jyiele.com\/product\/\"},{\"@type\":\"ListItem\",\"position\":3,\"name\":\"Waterproof Plastic Enclosure\",\"item\":\"https:\/\/www.jyiele.com\/ja\/product-category\/waterproof-plastic-enclosure\/\"},{\"@type\":\"ListItem\",\"position\":4,\"name\":\"HPC Series IP65 Plastic Waterproof Electrical Circuit Breaker Junction Box\"}]},{\"@type\":\"WebSite\",\"@id\":\"https:\/\/www.jyiele.com\/#website\",\"url\":\"https:\/\/www.jyiele.com\/\",\"name\":\"JYIELE\",\"description\":\"Vacuum Circuit Breaker manufacturer\",\"publisher\":{\"@id\":\"https:\/\/www.jyiele.com\/#organization\"},\"potentialAction\":[{\"@type\":\"SearchAction\",\"target\":{\"@type\":\"EntryPoint\",\"urlTemplate\":\"https:\/\/www.jyiele.com\/?s={search_term_string}\"},\"query-input\":{\"@type\":\"PropertyValueSpecification\",\"valueRequired\":true,\"valueName\":\"search_term_string\"}}],\"inLanguage\":\"it-IT\"},{\"@type\":\"Organization\",\"@id\":\"https:\/\/www.jyiele.com\/#organization\",\"name\":\"JYIELE\",\"url\":\"https:\/\/www.jyiele.com\/\",\"logo\":{\"@type\":\"ImageObject\",\"inLanguage\":\"it-IT\",\"@id\":\"https:\/\/www.jyiele.com\/#\/schema\/logo\/image\/\",\"url\":\"https:\/\/www.jyiele.com\/wp-content\/uploads\/2024\/09\/cropped-jyele-1.webp\",\"contentUrl\":\"https:\/\/www.jyiele.com\/wp-content\/uploads\/2024\/09\/cropped-jyele-1.webp\",\"width\":137,\"height\":60,\"caption\":\"JYIELE\"},\"image\":{\"@id\":\"https:\/\/www.jyiele.com\/#\/schema\/logo\/image\/\"}}]}<\/script>\n<!-- \/ Yoast SEO plugin. -->","yoast_head_json":{"title":"Scatola di giunzione dell'interruttore elettrico impermeabile in plastica della serie HPC IP65 - JYIELE","robots":{"index":"index","follow":"follow","max-snippet":"max-snippet:-1","max-image-preview":"max-image-preview:large","max-video-preview":"max-video-preview:-1"},"canonical":"https:\/\/www.jyiele.com\/it\/prodotto\/hpc-series-ip65-plastic-waterproof-electrical-circuit-breaker-junction-box\/","og_locale":"it_IT","og_type":"article","og_title":"HPC Series IP65 Plastic Waterproof Electrical Circuit Breaker Junction Box - JYIELE","og_description":"The AG, AT, PG, and PT wall-mounted electrical enclosures are made from impact-resistant polycarbonate or ABS, designed to withstand tough industrial environments.  Product Features Product Name: Distribution Box Keyword: Distribution Box Electrical Material: Polycarbonate (PC)\/ABS Ways: 4 to 54 ways Feature: Long Service Life Application: Construction Electrical Control Box Advantage: OEM Service Available Usage: Terminal Distribution, Solar Combiner Box","og_url":"https:\/\/www.jyiele.com\/it\/prodotto\/hpc-series-ip65-plastic-waterproof-electrical-circuit-breaker-junction-box\/","og_site_name":"JYIELE","article_modified_time":"2025-03-09T11:35:21+00:00","og_image":[{"width":800,"height":800,"url":"https:\/\/www.jyiele.com\/wp-content\/uploads\/2024\/10\/HPC-Series-IP65-Plastic-Waterproof-Electrical-Circuit-Breaker-Junction-Box.webp","type":"image\/webp"}],"twitter_card":"summary_large_image","twitter_misc":{"Tempo di lettura stimato":"2 minuti"},"schema":{"@context":"https:\/\/schema.org","@graph":[{"@type":"WebPage","@id":"https:\/\/www.jyiele.com\/product\/hpc-series-ip65-plastic-waterproof-electrical-circuit-breaker-junction-box\/","url":"https:\/\/www.jyiele.com\/product\/hpc-series-ip65-plastic-waterproof-electrical-circuit-breaker-junction-box\/","name":"Scatola di giunzione dell'interruttore elettrico impermeabile in plastica della serie HPC IP65 - JYIELE","isPartOf":{"@id":"https:\/\/www.jyiele.com\/#website"},"primaryImageOfPage":{"@id":"https:\/\/www.jyiele.com\/product\/hpc-series-ip65-plastic-waterproof-electrical-circuit-breaker-junction-box\/#primaryimage"},"image":{"@id":"https:\/\/www.jyiele.com\/product\/hpc-series-ip65-plastic-waterproof-electrical-circuit-breaker-junction-box\/#primaryimage"},"thumbnailUrl":"https:\/\/www.jyiele.com\/wp-content\/uploads\/2024\/10\/HPC-Series-IP65-Plastic-Waterproof-Electrical-Circuit-Breaker-Junction-Box.webp","datePublished":"2024-10-16T11:33:35+00:00","dateModified":"2025-03-09T11:35:21+00:00","breadcrumb":{"@id":"https:\/\/www.jyiele.com\/product\/hpc-series-ip65-plastic-waterproof-electrical-circuit-breaker-junction-box\/#breadcrumb"},"inLanguage":"it-IT","potentialAction":[{"@type":"ReadAction","target":["https:\/\/www.jyiele.com\/product\/hpc-series-ip65-plastic-waterproof-electrical-circuit-breaker-junction-box\/"]}]},{"@type":"ImageObject","inLanguage":"it-IT","@id":"https:\/\/www.jyiele.com\/product\/hpc-series-ip65-plastic-waterproof-electrical-circuit-breaker-junction-box\/#primaryimage","url":"https:\/\/www.jyiele.com\/wp-content\/uploads\/2024\/10\/HPC-Series-IP65-Plastic-Waterproof-Electrical-Circuit-Breaker-Junction-Box.webp","contentUrl":"https:\/\/www.jyiele.com\/wp-content\/uploads\/2024\/10\/HPC-Series-IP65-Plastic-Waterproof-Electrical-Circuit-Breaker-Junction-Box.webp","width":800,"height":800,"caption":"HPC Series IP65 Plastic Waterproof Electrical Circuit Breaker Junction Box"},{"@type":"BreadcrumbList","@id":"https:\/\/www.jyiele.com\/product\/hpc-series-ip65-plastic-waterproof-electrical-circuit-breaker-junction-box\/#breadcrumb","itemListElement":[{"@type":"ListItem","position":1,"name":"Home","item":"https:\/\/www.jyiele.com\/"},{"@type":"ListItem","position":2,"name":"Product","item":"https:\/\/www.jyiele.com\/product\/"},{"@type":"ListItem","position":3,"name":"Waterproof Plastic Enclosure","item":"https:\/\/www.jyiele.com\/ja\/product-category\/waterproof-plastic-enclosure\/"},{"@type":"ListItem","position":4,"name":"HPC Series IP65 Plastic Waterproof Electrical Circuit Breaker Junction Box"}]},{"@type":"WebSite","@id":"https:\/\/www.jyiele.com\/#website","url":"https:\/\/www.jyiele.com\/","name":"JYIELE","description":"Produttore di interruttori in vuoto","publisher":{"@id":"https:\/\/www.jyiele.com\/#organization"},"potentialAction":[{"@type":"SearchAction","target":{"@type":"EntryPoint","urlTemplate":"https:\/\/www.jyiele.com\/?s={search_term_string}"},"query-input":{"@type":"PropertyValueSpecification","valueRequired":true,"valueName":"search_term_string"}}],"inLanguage":"it-IT"},{"@type":"Organization","@id":"https:\/\/www.jyiele.com\/#organization","name":"JYIELE","url":"https:\/\/www.jyiele.com\/","logo":{"@type":"ImageObject","inLanguage":"it-IT","@id":"https:\/\/www.jyiele.com\/#\/schema\/logo\/image\/","url":"https:\/\/www.jyiele.com\/wp-content\/uploads\/2024\/09\/cropped-jyele-1.webp","contentUrl":"https:\/\/www.jyiele.com\/wp-content\/uploads\/2024\/09\/cropped-jyele-1.webp","width":137,"height":60,"caption":"JYIELE"},"image":{"@id":"https:\/\/www.jyiele.com\/#\/schema\/logo\/image\/"}}]}},"_links":{"self":[{"href":"https:\/\/www.jyiele.com\/it\/wp-json\/wp\/v2\/product\/2101","targetHints":{"allow":["GET"]}}],"collection":[{"href":"https:\/\/www.jyiele.com\/it\/wp-json\/wp\/v2\/product"}],"about":[{"href":"https:\/\/www.jyiele.com\/it\/wp-json\/wp\/v2\/types\/product"}],"version-history":[{"count":7,"href":"https:\/\/www.jyiele.com\/it\/wp-json\/wp\/v2\/product\/2101\/revisions"}],"predecessor-version":[{"id":2112,"href":"https:\/\/www.jyiele.com\/it\/wp-json\/wp\/v2\/product\/2101\/revisions\/2112"}],"wp:featuredmedia":[{"embeddable":true,"href":"https:\/\/www.jyiele.com\/it\/wp-json\/wp\/v2\/media\/2105"}],"wp:attachment":[{"href":"https:\/\/www.jyiele.com\/it\/wp-json\/wp\/v2\/media?parent=2101"}],"wp:term":[{"taxonomy":"product_brand","embeddable":true,"href":"https:\/\/www.jyiele.com\/it\/wp-json\/wp\/v2\/product_brand?post=2101"},{"taxonomy":"product_cat","embeddable":true,"href":"https:\/\/www.jyiele.com\/it\/wp-json\/wp\/v2\/product_cat?post=2101"},{"taxonomy":"product_tag","embeddable":true,"href":"https:\/\/www.jyiele.com\/it\/wp-json\/wp\/v2\/product_tag?post=2101"}],"curies":[{"name":"wp","href":"https:\/\/api.w.org\/{rel}","templated":true}]}}