{"id":2127,"date":"2024-10-16T12:24:44","date_gmt":"2024-10-16T12:24:44","guid":{"rendered":"https:\/\/www.jy-electric.com\/?post_type=product&#038;p=2127"},"modified":"2024-10-16T12:24:44","modified_gmt":"2024-10-16T12:24:44","slug":"abs-plastic-transparent-connectivity-waterproof-box-ip-67-protection-window-hood","status":"publish","type":"product","link":"https:\/\/www.jyiele.com\/it\/prodotto\/abs-plastic-transparent-connectivity-waterproof-box-ip-67-protection-window-hood\/","title":{"rendered":"Plastica ABS Connettivit\u00e0 trasparente Scatola impermeabile Protezione IP 67 Cappuccio della finestra"},"content":{"rendered":"<h2>Vantaggi e caratteristiche principali del prodotto:<\/h2>\n<p>Impermeabile e antipolvere IP67: Garantisce una buona protezione dall'acqua e dalla polvere in ambienti difficili.<br \/>\nMateriali durevoli: Realizzato con ABS\/PC di qualit\u00e0 per una resistenza agli urti fino a IK07\/IK08 e ritardante di fiamma UL94V-0.<br \/>\nDesign personalizzabile: Pu\u00f2 essere prodotto in una variet\u00e0 di opzioni di dimensioni e specifiche in base alle esigenze del cliente.<br \/>\nImpermeabile a 360 gradi: La funzione impermeabile pu\u00f2 raggiungere il grado IP68.<br \/>\nResistenza chimica e termica: Resiste al calore fino a 80\u00b0C e alla maggior parte dei prodotti chimici.<br \/>\nApplicazione universale: Trova ampio impiego in numerose applicazioni interne ed esterne, come i sistemi industriali e ambientali.<br \/>\nFacile installazione: Il design della base dei terminali facilita il collegamento e l'assemblaggio.<\/p>\n<figure class=\"wp-block-table\">\n<div class=\"scroll\">\n<table>\n<tbody>\n<tr>\n<td>Funzione: impermeabile, antipolvere, resistente a 80 gradi<\/td>\n<td><\/td>\n<\/tr>\n<tr>\n<td>Pacchetto di trasporto: cartone<\/td>\n<td>Origine: Zhejiang, Cina<\/td>\n<\/tr>\n<tr>\n<td>Specificazione: 2P-18P<\/td>\n<td>Codice HS: 3926909090<\/td>\n<\/tr>\n<\/tbody>\n<\/table>\n<\/div>\n<\/figure>\n<figure class=\"wp-block-table\">\n<div class=\"scroll\">\n<table>\n<tbody>\n<tr>\n<td>Materia<\/td>\n<td>ABS \\ PC Nuova materia<\/td>\n<\/tr>\n<tr>\n<td>Livello dell'acqua<\/td>\n<td>IP67<\/td>\n<\/tr>\n<tr>\n<td>Vlamvertragende Cijfer<\/td>\n<td>UL94V-0 \u00e8 un prodotto aanpasbare<\/td>\n<\/tr>\n<tr>\n<td>Certificazione<\/td>\n<td>RoHS;UL(Materia);SGS;CE;IP67<\/td>\n<\/tr>\n<tr>\n<td>Funzione<\/td>\n<td>Slagvastheid, hittebestendigheid, Koude weerstand, Chemische weerstand, Uitstekende elektrische prestaties glad oppervlak enz. .....<\/td>\n<\/tr>\n<tr>\n<td>Caratteristica<\/td>\n<td>L'anello di protezione \u00e8 dotato di un'apertura a 360 gradi, ha un'ottima resistenza e pu\u00f2 essere IP IP68. Il corpo \u00e8 dotato di una base per terminali per l'utilizzo di questi ultimi.<\/td>\n<\/tr>\n<tr>\n<td>Valutazione della scoria di plastica<\/td>\n<td>ABS in IK07, PC in 08<\/td>\n<\/tr>\n<tr>\n<td>Passaggio di testimone<\/td>\n<td>Acqua a portata di mano per diverse specificit\u00e0<\/td>\n<\/tr>\n<tr>\n<td>Verifica del prodotto<\/td>\n<td>Kan worden aangepast volgens klant eisen<\/td>\n<\/tr>\n<tr>\n<td>Prodotto Maat<\/td>\n<td>Pu\u00f2 essere modificato in base a diverse specifiche, con un servizio di consulenza specifico per i clienti.<\/td>\n<\/tr>\n<tr>\n<td>Verpakking<\/td>\n<td>Servizio di assistenza tecnica<\/td>\n<\/tr>\n<tr>\n<td>MOQ<\/td>\n<td>La migliore vendita pu\u00f2 essere accettata<\/td>\n<\/tr>\n<tr>\n<td>Porta di ingresso<\/td>\n<td>5-9 giorni di lavoro<\/td>\n<\/tr>\n<tr>\n<td>Betalingstermijn<\/td>\n<td>T \u00b4T, Paypal<\/td>\n<\/tr>\n<tr>\n<td>Design Vermogen<\/td>\n<td>Siamo in grado di fornire prodotti di alta qualit\u00e0, OEM e ODM (produzione, ingegneria, fotografia, prodotti di alta qualit\u00e0, prodotti di alta qualit\u00e0).<\/td>\n<\/tr>\n<\/tbody>\n<\/table>\n<\/div>\n<\/figure>\n<figure class=\"wp-block-image size-large\"><img fetchpriority=\"high\" decoding=\"async\" class=\"alignnone wp-image-2129 size-full\" src=\"https:\/\/www.jy-electric.com\/wp-content\/uploads\/2024\/10\/Plastic-Transparent-Connectivity-Waterproof-Box-IP-67-Protection-Window-Hood.webp\" alt=\"Plastica Trasparente Connettivit\u00e0 Scatola impermeabile IP 67 Protezione Finestra Cappuccio\" width=\"1024\" height=\"499\" srcset=\"https:\/\/www.jyiele.com\/wp-content\/uploads\/2024\/10\/Plastic-Transparent-Connectivity-Waterproof-Box-IP-67-Protection-Window-Hood.webp 1024w, https:\/\/www.jyiele.com\/wp-content\/uploads\/2024\/10\/Plastic-Transparent-Connectivity-Waterproof-Box-IP-67-Protection-Window-Hood-300x146.webp 300w, https:\/\/www.jyiele.com\/wp-content\/uploads\/2024\/10\/Plastic-Transparent-Connectivity-Waterproof-Box-IP-67-Protection-Window-Hood-768x374.webp 768w, https:\/\/www.jyiele.com\/wp-content\/uploads\/2024\/10\/Plastic-Transparent-Connectivity-Waterproof-Box-IP-67-Protection-Window-Hood-18x9.webp 18w, https:\/\/www.jyiele.com\/wp-content\/uploads\/2024\/10\/Plastic-Transparent-Connectivity-Waterproof-Box-IP-67-Protection-Window-Hood-600x292.webp 600w\" sizes=\"(max-width: 1024px) 100vw, 1024px\" \/><\/figure>\n<figure class=\"wp-block-image size-full\"><img decoding=\"async\" class=\"alignnone wp-image-2131 size-full\" src=\"https:\/\/www.jy-electric.com\/wp-content\/uploads\/2024\/10\/Transparent-Connectivity-Waterproof-Box-IP-67-Protection-Window-Hood.webp\" alt=\"Connettivit\u00e0 trasparente Scatola impermeabile Protezione IP 67 Cappuccio della finestra\" width=\"1024\" height=\"523\" srcset=\"https:\/\/www.jyiele.com\/wp-content\/uploads\/2024\/10\/Transparent-Connectivity-Waterproof-Box-IP-67-Protection-Window-Hood.webp 1024w, https:\/\/www.jyiele.com\/wp-content\/uploads\/2024\/10\/Transparent-Connectivity-Waterproof-Box-IP-67-Protection-Window-Hood-300x153.webp 300w, https:\/\/www.jyiele.com\/wp-content\/uploads\/2024\/10\/Transparent-Connectivity-Waterproof-Box-IP-67-Protection-Window-Hood-768x392.webp 768w, https:\/\/www.jyiele.com\/wp-content\/uploads\/2024\/10\/Transparent-Connectivity-Waterproof-Box-IP-67-Protection-Window-Hood-18x9.webp 18w, https:\/\/www.jyiele.com\/wp-content\/uploads\/2024\/10\/Transparent-Connectivity-Waterproof-Box-IP-67-Protection-Window-Hood-600x306.webp 600w\" sizes=\"(max-width: 1024px) 100vw, 1024px\" \/><\/figure>\n<figure class=\"wp-block-image size-large\"><img decoding=\"async\" class=\"alignnone wp-image-2132 size-full\" src=\"https:\/\/www.jy-electric.com\/wp-content\/uploads\/2024\/10\/Waterproof-Box-IP-67-Protection-Window-Hood.webp\" alt=\"Box impermeabile Protezione IP 67 Cappuccio della finestra\" width=\"1024\" height=\"494\" srcset=\"https:\/\/www.jyiele.com\/wp-content\/uploads\/2024\/10\/Waterproof-Box-IP-67-Protection-Window-Hood.webp 1024w, https:\/\/www.jyiele.com\/wp-content\/uploads\/2024\/10\/Waterproof-Box-IP-67-Protection-Window-Hood-300x145.webp 300w, https:\/\/www.jyiele.com\/wp-content\/uploads\/2024\/10\/Waterproof-Box-IP-67-Protection-Window-Hood-768x371.webp 768w, https:\/\/www.jyiele.com\/wp-content\/uploads\/2024\/10\/Waterproof-Box-IP-67-Protection-Window-Hood-18x9.webp 18w, https:\/\/www.jyiele.com\/wp-content\/uploads\/2024\/10\/Waterproof-Box-IP-67-Protection-Window-Hood-600x289.webp 600w\" sizes=\"(max-width: 1024px) 100vw, 1024px\" \/><\/figure>\n<figure class=\"wp-block-image size-large\"><img loading=\"lazy\" decoding=\"async\" class=\"alignnone wp-image-2133 size-full\" src=\"https:\/\/www.jy-electric.com\/wp-content\/uploads\/2024\/10\/Waterproof-Box-IP-67-Protection-Window.webp\" alt=\"Box impermeabile Finestra di protezione IP 67\" width=\"1024\" height=\"550\" srcset=\"https:\/\/www.jyiele.com\/wp-content\/uploads\/2024\/10\/Waterproof-Box-IP-67-Protection-Window.webp 1024w, https:\/\/www.jyiele.com\/wp-content\/uploads\/2024\/10\/Waterproof-Box-IP-67-Protection-Window-300x161.webp 300w, https:\/\/www.jyiele.com\/wp-content\/uploads\/2024\/10\/Waterproof-Box-IP-67-Protection-Window-768x413.webp 768w, https:\/\/www.jyiele.com\/wp-content\/uploads\/2024\/10\/Waterproof-Box-IP-67-Protection-Window-18x10.webp 18w, https:\/\/www.jyiele.com\/wp-content\/uploads\/2024\/10\/Waterproof-Box-IP-67-Protection-Window-600x322.webp 600w\" sizes=\"(max-width: 1024px) 100vw, 1024px\" \/><\/figure>\n<figure class=\"wp-block-image size-large\"><img loading=\"lazy\" decoding=\"async\" class=\"alignnone wp-image-2130 size-full\" src=\"https:\/\/www.jy-electric.com\/wp-content\/uploads\/2024\/10\/Protection-Window-Hood.webp\" alt=\"Cappuccio della finestra di protezione\" width=\"1024\" height=\"526\" srcset=\"https:\/\/www.jyiele.com\/wp-content\/uploads\/2024\/10\/Protection-Window-Hood.webp 1024w, https:\/\/www.jyiele.com\/wp-content\/uploads\/2024\/10\/Protection-Window-Hood-300x154.webp 300w, https:\/\/www.jyiele.com\/wp-content\/uploads\/2024\/10\/Protection-Window-Hood-768x395.webp 768w, https:\/\/www.jyiele.com\/wp-content\/uploads\/2024\/10\/Protection-Window-Hood-18x9.webp 18w, https:\/\/www.jyiele.com\/wp-content\/uploads\/2024\/10\/Protection-Window-Hood-600x308.webp 600w\" sizes=\"(max-width: 1024px) 100vw, 1024px\" \/><\/figure>\n<figure class=\"wp-block-image size-large\"><img loading=\"lazy\" decoding=\"async\" class=\"alignnone wp-image-2136 size-full\" src=\"https:\/\/www.jy-electric.com\/wp-content\/uploads\/2024\/10\/IP-67-Protection-Window-Hood.webp\" alt=\"Protezione IP 67 Cappuccio della finestra\" width=\"1024\" height=\"517\" srcset=\"https:\/\/www.jyiele.com\/wp-content\/uploads\/2024\/10\/IP-67-Protection-Window-Hood.webp 1024w, https:\/\/www.jyiele.com\/wp-content\/uploads\/2024\/10\/IP-67-Protection-Window-Hood-300x151.webp 300w, https:\/\/www.jyiele.com\/wp-content\/uploads\/2024\/10\/IP-67-Protection-Window-Hood-768x388.webp 768w, https:\/\/www.jyiele.com\/wp-content\/uploads\/2024\/10\/IP-67-Protection-Window-Hood-18x9.webp 18w, https:\/\/www.jyiele.com\/wp-content\/uploads\/2024\/10\/IP-67-Protection-Window-Hood-600x303.webp 600w\" sizes=\"(max-width: 1024px) 100vw, 1024px\" \/><\/figure>\n<figure class=\"wp-block-image size-large\"><img loading=\"lazy\" decoding=\"async\" class=\"alignnone wp-image-2134 size-full\" src=\"https:\/\/www.jy-electric.com\/wp-content\/uploads\/2024\/10\/Window-Hood.webp\" alt=\"Cappa della finestra\" width=\"1024\" height=\"642\" srcset=\"https:\/\/www.jyiele.com\/wp-content\/uploads\/2024\/10\/Window-Hood.webp 1024w, https:\/\/www.jyiele.com\/wp-content\/uploads\/2024\/10\/Window-Hood-300x188.webp 300w, https:\/\/www.jyiele.com\/wp-content\/uploads\/2024\/10\/Window-Hood-768x482.webp 768w, https:\/\/www.jyiele.com\/wp-content\/uploads\/2024\/10\/Window-Hood-18x12.webp 18w, https:\/\/www.jyiele.com\/wp-content\/uploads\/2024\/10\/Window-Hood-600x376.webp 600w\" sizes=\"(max-width: 1024px) 100vw, 1024px\" \/><\/figure>","protected":false},"excerpt":{"rendered":"<p>La scatola impermeabile in plastica ABS IP 67 Protection Window Hood pu\u00f2 essere utilizzata per applicazioni interne ed esterne in sistemi elettrici, comunicazioni, attrezzature antincendio, produzione di acciaio, industrie petrolchimiche, elettronica, reti elettriche, ferrovie, edifici, miniere, aeroporti, porti marittimi, hotel, navi, impianti industriali, trattamento delle acque reflue e attrezzature ambientali.<\/p>","protected":false},"featured_media":2135,"template":"","meta":{"site-sidebar-layout":"default","site-content-layout":"","ast-site-content-layout":"default","site-content-style":"default","site-sidebar-style":"default","ast-global-header-display":"","ast-banner-title-visibility":"","ast-main-header-display":"","ast-hfb-above-header-display":"","ast-hfb-below-header-display":"","ast-hfb-mobile-header-display":"","site-post-title":"","ast-breadcrumbs-content":"","ast-featured-img":"","footer-sml-layout":"","ast-disable-related-posts":"","theme-transparent-header-meta":"default","adv-header-id-meta":"","stick-header-meta":"","header-above-stick-meta":"","header-main-stick-meta":"","header-below-stick-meta":"","astra-migrate-meta-layouts":"set","ast-page-background-enabled":"default","ast-page-background-meta":{"desktop":{"background-color":"var(--ast-global-color-4)","background-image":"","background-repeat":"repeat","background-position":"center center","background-size":"auto","background-attachment":"scroll","background-type":"","background-media":"","overlay-type":"","overlay-color":"","overlay-opacity":"","overlay-gradient":""},"tablet":{"background-color":"","background-image":"","background-repeat":"repeat","background-position":"center center","background-size":"auto","background-attachment":"scroll","background-type":"","background-media":"","overlay-type":"","overlay-color":"","overlay-opacity":"","overlay-gradient":""},"mobile":{"background-color":"","background-image":"","background-repeat":"repeat","background-position":"center center","background-size":"auto","background-attachment":"scroll","background-type":"","background-media":"","overlay-type":"","overlay-color":"","overlay-opacity":"","overlay-gradient":""}},"ast-content-background-meta":{"desktop":{"background-color":"var(--ast-global-color-5)","background-image":"","background-repeat":"repeat","background-position":"center center","background-size":"auto","background-attachment":"scroll","background-type":"","background-media":"","overlay-type":"","overlay-color":"","overlay-opacity":"","overlay-gradient":""},"tablet":{"background-color":"var(--ast-global-color-5)","background-image":"","background-repeat":"repeat","background-position":"center center","background-size":"auto","background-attachment":"scroll","background-type":"","background-media":"","overlay-type":"","overlay-color":"","overlay-opacity":"","overlay-gradient":""},"mobile":{"background-color":"var(--ast-global-color-5)","background-image":"","background-repeat":"repeat","background-position":"center center","background-size":"auto","background-attachment":"scroll","background-type":"","background-media":"","overlay-type":"","overlay-color":"","overlay-opacity":"","overlay-gradient":""}}},"product_brand":[],"product_cat":[27],"product_tag":[],"class_list":{"0":"post-2127","1":"product","2":"type-product","3":"status-publish","4":"has-post-thumbnail","6":"product_cat-other","7":"desktop-align-left","8":"tablet-align-left","9":"mobile-align-left","11":"first","12":"instock","13":"shipping-taxable","14":"product-type-simple"},"yoast_head":"<!-- This site is optimized with the Yoast SEO plugin v24.8.1 - https:\/\/yoast.com\/wordpress\/plugins\/seo\/ -->\n<title>ABS Plastic Transparent Connectivity Waterproof Box IP 67 Protection Window Hood - JYIELE<\/title>\n<meta name=\"robots\" content=\"index, follow, max-snippet:-1, max-image-preview:large, max-video-preview:-1\" \/>\n<link rel=\"canonical\" href=\"https:\/\/www.jyiele.com\/it\/prodotto\/abs-plastic-transparent-connectivity-waterproof-box-ip-67-protection-window-hood\/\" \/>\n<meta property=\"og:locale\" content=\"it_IT\" \/>\n<meta property=\"og:type\" content=\"article\" \/>\n<meta property=\"og:title\" content=\"ABS Plastic Transparent Connectivity Waterproof Box IP 67 Protection Window Hood - JYIELE\" \/>\n<meta property=\"og:description\" content=\"ABS Plastic Waterproof Box IP 67 Protection Window Hood can be used for both indoor and outdoor applications in electrical systems, communications, firefighting equipment, steel manufacturing, the petrochemical industries, electronics, power grids, railways, buildings, mining, airports, seaports, hotels, ships, industrial facilities, wastewater processing, and environmental equipment.\" \/>\n<meta property=\"og:url\" content=\"https:\/\/www.jyiele.com\/it\/prodotto\/abs-plastic-transparent-connectivity-waterproof-box-ip-67-protection-window-hood\/\" \/>\n<meta property=\"og:site_name\" content=\"JYIELE\" \/>\n<meta property=\"og:image\" content=\"https:\/\/www.jyiele.com\/wp-content\/uploads\/2024\/10\/ABS-Plastic-Transparent-Connectivity-Waterproof-Box-IP-67-Protection-Window-Hood.webp\" \/>\n\t<meta property=\"og:image:width\" content=\"800\" \/>\n\t<meta property=\"og:image:height\" content=\"800\" \/>\n\t<meta property=\"og:image:type\" content=\"image\/webp\" \/>\n<meta name=\"twitter:card\" content=\"summary_large_image\" \/>\n<meta name=\"twitter:label1\" content=\"Tempo di lettura stimato\" \/>\n\t<meta name=\"twitter:data1\" content=\"3 minuti\" \/>\n<script type=\"application\/ld+json\" class=\"yoast-schema-graph\">{\"@context\":\"https:\/\/schema.org\",\"@graph\":[{\"@type\":\"WebPage\",\"@id\":\"https:\/\/www.jyiele.com\/product\/abs-plastic-transparent-connectivity-waterproof-box-ip-67-protection-window-hood\/\",\"url\":\"https:\/\/www.jyiele.com\/product\/abs-plastic-transparent-connectivity-waterproof-box-ip-67-protection-window-hood\/\",\"name\":\"ABS Plastic Transparent Connectivity Waterproof Box IP 67 Protection Window Hood - JYIELE\",\"isPartOf\":{\"@id\":\"https:\/\/www.jyiele.com\/#website\"},\"primaryImageOfPage\":{\"@id\":\"https:\/\/www.jyiele.com\/product\/abs-plastic-transparent-connectivity-waterproof-box-ip-67-protection-window-hood\/#primaryimage\"},\"image\":{\"@id\":\"https:\/\/www.jyiele.com\/product\/abs-plastic-transparent-connectivity-waterproof-box-ip-67-protection-window-hood\/#primaryimage\"},\"thumbnailUrl\":\"https:\/\/www.jyiele.com\/wp-content\/uploads\/2024\/10\/ABS-Plastic-Transparent-Connectivity-Waterproof-Box-IP-67-Protection-Window-Hood.webp\",\"datePublished\":\"2024-10-16T12:24:44+00:00\",\"breadcrumb\":{\"@id\":\"https:\/\/www.jyiele.com\/product\/abs-plastic-transparent-connectivity-waterproof-box-ip-67-protection-window-hood\/#breadcrumb\"},\"inLanguage\":\"it-IT\",\"potentialAction\":[{\"@type\":\"ReadAction\",\"target\":[\"https:\/\/www.jyiele.com\/product\/abs-plastic-transparent-connectivity-waterproof-box-ip-67-protection-window-hood\/\"]}]},{\"@type\":\"ImageObject\",\"inLanguage\":\"it-IT\",\"@id\":\"https:\/\/www.jyiele.com\/product\/abs-plastic-transparent-connectivity-waterproof-box-ip-67-protection-window-hood\/#primaryimage\",\"url\":\"https:\/\/www.jyiele.com\/wp-content\/uploads\/2024\/10\/ABS-Plastic-Transparent-Connectivity-Waterproof-Box-IP-67-Protection-Window-Hood.webp\",\"contentUrl\":\"https:\/\/www.jyiele.com\/wp-content\/uploads\/2024\/10\/ABS-Plastic-Transparent-Connectivity-Waterproof-Box-IP-67-Protection-Window-Hood.webp\",\"width\":800,\"height\":800,\"caption\":\"ABS Plastic Transparent Connectivity Waterproof Box IP 67 Protection Window Hood\"},{\"@type\":\"BreadcrumbList\",\"@id\":\"https:\/\/www.jyiele.com\/product\/abs-plastic-transparent-connectivity-waterproof-box-ip-67-protection-window-hood\/#breadcrumb\",\"itemListElement\":[{\"@type\":\"ListItem\",\"position\":1,\"name\":\"Home\",\"item\":\"https:\/\/www.jyiele.com\/\"},{\"@type\":\"ListItem\",\"position\":2,\"name\":\"Product\",\"item\":\"https:\/\/www.jyiele.com\/product\/\"},{\"@type\":\"ListItem\",\"position\":3,\"name\":\"Other\",\"item\":\"https:\/\/www.jyiele.com\/product-category\/other\/\"},{\"@type\":\"ListItem\",\"position\":4,\"name\":\"ABS Plastic Transparent Connectivity Waterproof Box IP 67 Protection Window Hood\"}]},{\"@type\":\"WebSite\",\"@id\":\"https:\/\/www.jyiele.com\/#website\",\"url\":\"https:\/\/www.jyiele.com\/\",\"name\":\"JYIELE\",\"description\":\"Vacuum Circuit Breaker manufacturer\",\"publisher\":{\"@id\":\"https:\/\/www.jyiele.com\/#organization\"},\"potentialAction\":[{\"@type\":\"SearchAction\",\"target\":{\"@type\":\"EntryPoint\",\"urlTemplate\":\"https:\/\/www.jyiele.com\/?s={search_term_string}\"},\"query-input\":{\"@type\":\"PropertyValueSpecification\",\"valueRequired\":true,\"valueName\":\"search_term_string\"}}],\"inLanguage\":\"it-IT\"},{\"@type\":\"Organization\",\"@id\":\"https:\/\/www.jyiele.com\/#organization\",\"name\":\"JYIELE\",\"url\":\"https:\/\/www.jyiele.com\/\",\"logo\":{\"@type\":\"ImageObject\",\"inLanguage\":\"it-IT\",\"@id\":\"https:\/\/www.jyiele.com\/#\/schema\/logo\/image\/\",\"url\":\"https:\/\/www.jyiele.com\/wp-content\/uploads\/2024\/09\/cropped-jyele-1.webp\",\"contentUrl\":\"https:\/\/www.jyiele.com\/wp-content\/uploads\/2024\/09\/cropped-jyele-1.webp\",\"width\":137,\"height\":60,\"caption\":\"JYIELE\"},\"image\":{\"@id\":\"https:\/\/www.jyiele.com\/#\/schema\/logo\/image\/\"}}]}<\/script>\n<!-- \/ Yoast SEO plugin. -->","yoast_head_json":{"title":"ABS plastica trasparente Connettivit\u00e0 Box impermeabile IP 67 Protezione Finestra Cappuccio - JYIELE","robots":{"index":"index","follow":"follow","max-snippet":"max-snippet:-1","max-image-preview":"max-image-preview:large","max-video-preview":"max-video-preview:-1"},"canonical":"https:\/\/www.jyiele.com\/it\/prodotto\/abs-plastic-transparent-connectivity-waterproof-box-ip-67-protection-window-hood\/","og_locale":"it_IT","og_type":"article","og_title":"ABS Plastic Transparent Connectivity Waterproof Box IP 67 Protection Window Hood - JYIELE","og_description":"ABS Plastic Waterproof Box IP 67 Protection Window Hood can be used for both indoor and outdoor applications in electrical systems, communications, firefighting equipment, steel manufacturing, the petrochemical industries, electronics, power grids, railways, buildings, mining, airports, seaports, hotels, ships, industrial facilities, wastewater processing, and environmental equipment.","og_url":"https:\/\/www.jyiele.com\/it\/prodotto\/abs-plastic-transparent-connectivity-waterproof-box-ip-67-protection-window-hood\/","og_site_name":"JYIELE","og_image":[{"width":800,"height":800,"url":"https:\/\/www.jyiele.com\/wp-content\/uploads\/2024\/10\/ABS-Plastic-Transparent-Connectivity-Waterproof-Box-IP-67-Protection-Window-Hood.webp","type":"image\/webp"}],"twitter_card":"summary_large_image","twitter_misc":{"Tempo di lettura stimato":"3 minuti"},"schema":{"@context":"https:\/\/schema.org","@graph":[{"@type":"WebPage","@id":"https:\/\/www.jyiele.com\/product\/abs-plastic-transparent-connectivity-waterproof-box-ip-67-protection-window-hood\/","url":"https:\/\/www.jyiele.com\/product\/abs-plastic-transparent-connectivity-waterproof-box-ip-67-protection-window-hood\/","name":"ABS plastica trasparente Connettivit\u00e0 Box impermeabile IP 67 Protezione Finestra Cappuccio - JYIELE","isPartOf":{"@id":"https:\/\/www.jyiele.com\/#website"},"primaryImageOfPage":{"@id":"https:\/\/www.jyiele.com\/product\/abs-plastic-transparent-connectivity-waterproof-box-ip-67-protection-window-hood\/#primaryimage"},"image":{"@id":"https:\/\/www.jyiele.com\/product\/abs-plastic-transparent-connectivity-waterproof-box-ip-67-protection-window-hood\/#primaryimage"},"thumbnailUrl":"https:\/\/www.jyiele.com\/wp-content\/uploads\/2024\/10\/ABS-Plastic-Transparent-Connectivity-Waterproof-Box-IP-67-Protection-Window-Hood.webp","datePublished":"2024-10-16T12:24:44+00:00","breadcrumb":{"@id":"https:\/\/www.jyiele.com\/product\/abs-plastic-transparent-connectivity-waterproof-box-ip-67-protection-window-hood\/#breadcrumb"},"inLanguage":"it-IT","potentialAction":[{"@type":"ReadAction","target":["https:\/\/www.jyiele.com\/product\/abs-plastic-transparent-connectivity-waterproof-box-ip-67-protection-window-hood\/"]}]},{"@type":"ImageObject","inLanguage":"it-IT","@id":"https:\/\/www.jyiele.com\/product\/abs-plastic-transparent-connectivity-waterproof-box-ip-67-protection-window-hood\/#primaryimage","url":"https:\/\/www.jyiele.com\/wp-content\/uploads\/2024\/10\/ABS-Plastic-Transparent-Connectivity-Waterproof-Box-IP-67-Protection-Window-Hood.webp","contentUrl":"https:\/\/www.jyiele.com\/wp-content\/uploads\/2024\/10\/ABS-Plastic-Transparent-Connectivity-Waterproof-Box-IP-67-Protection-Window-Hood.webp","width":800,"height":800,"caption":"ABS Plastic Transparent Connectivity Waterproof Box IP 67 Protection Window Hood"},{"@type":"BreadcrumbList","@id":"https:\/\/www.jyiele.com\/product\/abs-plastic-transparent-connectivity-waterproof-box-ip-67-protection-window-hood\/#breadcrumb","itemListElement":[{"@type":"ListItem","position":1,"name":"Home","item":"https:\/\/www.jyiele.com\/"},{"@type":"ListItem","position":2,"name":"Product","item":"https:\/\/www.jyiele.com\/product\/"},{"@type":"ListItem","position":3,"name":"Other","item":"https:\/\/www.jyiele.com\/product-category\/other\/"},{"@type":"ListItem","position":4,"name":"ABS Plastic Transparent Connectivity Waterproof Box IP 67 Protection Window Hood"}]},{"@type":"WebSite","@id":"https:\/\/www.jyiele.com\/#website","url":"https:\/\/www.jyiele.com\/","name":"JYIELE","description":"Produttore di interruttori in vuoto","publisher":{"@id":"https:\/\/www.jyiele.com\/#organization"},"potentialAction":[{"@type":"SearchAction","target":{"@type":"EntryPoint","urlTemplate":"https:\/\/www.jyiele.com\/?s={search_term_string}"},"query-input":{"@type":"PropertyValueSpecification","valueRequired":true,"valueName":"search_term_string"}}],"inLanguage":"it-IT"},{"@type":"Organization","@id":"https:\/\/www.jyiele.com\/#organization","name":"JYIELE","url":"https:\/\/www.jyiele.com\/","logo":{"@type":"ImageObject","inLanguage":"it-IT","@id":"https:\/\/www.jyiele.com\/#\/schema\/logo\/image\/","url":"https:\/\/www.jyiele.com\/wp-content\/uploads\/2024\/09\/cropped-jyele-1.webp","contentUrl":"https:\/\/www.jyiele.com\/wp-content\/uploads\/2024\/09\/cropped-jyele-1.webp","width":137,"height":60,"caption":"JYIELE"},"image":{"@id":"https:\/\/www.jyiele.com\/#\/schema\/logo\/image\/"}}]}},"_links":{"self":[{"href":"https:\/\/www.jyiele.com\/it\/wp-json\/wp\/v2\/product\/2127","targetHints":{"allow":["GET"]}}],"collection":[{"href":"https:\/\/www.jyiele.com\/it\/wp-json\/wp\/v2\/product"}],"about":[{"href":"https:\/\/www.jyiele.com\/it\/wp-json\/wp\/v2\/types\/product"}],"version-history":[{"count":2,"href":"https:\/\/www.jyiele.com\/it\/wp-json\/wp\/v2\/product\/2127\/revisions"}],"predecessor-version":[{"id":2137,"href":"https:\/\/www.jyiele.com\/it\/wp-json\/wp\/v2\/product\/2127\/revisions\/2137"}],"wp:featuredmedia":[{"embeddable":true,"href":"https:\/\/www.jyiele.com\/it\/wp-json\/wp\/v2\/media\/2135"}],"wp:attachment":[{"href":"https:\/\/www.jyiele.com\/it\/wp-json\/wp\/v2\/media?parent=2127"}],"wp:term":[{"taxonomy":"product_brand","embeddable":true,"href":"https:\/\/www.jyiele.com\/it\/wp-json\/wp\/v2\/product_brand?post=2127"},{"taxonomy":"product_cat","embeddable":true,"href":"https:\/\/www.jyiele.com\/it\/wp-json\/wp\/v2\/product_cat?post=2127"},{"taxonomy":"product_tag","embeddable":true,"href":"https:\/\/www.jyiele.com\/it\/wp-json\/wp\/v2\/product_tag?post=2127"}],"curies":[{"name":"wp","href":"https:\/\/api.w.org\/{rel}","templated":true}]}}