{"id":1220,"date":"2022-09-16T12:45:25","date_gmt":"2022-09-16T12:45:25","guid":{"rendered":"https:\/\/www.jy-electric.com\/?post_type=product&#038;p=1220"},"modified":"2025-03-09T11:38:51","modified_gmt":"2025-03-09T11:38:51","slug":"zn85-40-5-high-voltage-vacuum-circuit-breaker","status":"publish","type":"product","link":"https:\/\/www.jyiele.com\/pl\/product\/zn85-40-5-high-voltage-vacuum-circuit-breaker\/","title":{"rendered":"Wysokonapi\u0119ciowy wy\u0142\u0105cznik pr\u00f3\u017cniowy ZN85-40.5"},"content":{"rendered":"<h2>Opis<\/h2>\n<p>ZN85 to wysokonapi\u0119ciowy wy\u0142\u0105cznik pr\u00f3\u017cniowy o cz\u0119stotliwo\u015bci 50 Hz i napi\u0119ciu znamionowym 40,5 kV. Jest bardzo odpowiedni do stosowania w przedsi\u0119biorstwach przemys\u0142owych i g\u00f3rniczych, elektrowniach i podstacjach, gdzie wymagana jest cz\u0119sta praca. Jego stabilne dzia\u0142anie i \u0142atwa instalacja sprawiaj\u0105, \u017ce jest to idealny wyb\u00f3r do sterowania i ochrony w systemach przesy\u0142owych i dystrybucyjnych wysokiego napi\u0119cia.<\/p>\n<h2>Standard produktu<\/h2>\n<p>Wysokonapi\u0119ciowy wy\u0142\u0105cznik pr\u00f3\u017cniowy ZN85-40.5 jest zgodny z nast\u0119puj\u0105cymi normami:<\/p>\n<p>IEC 62271-100 Wysokonapi\u0119ciowy wy\u0142\u0105cznik pr\u0105du przemiennego<br \/>\nGB\/T 11022-2011 Standardowa specyfikacja og\u00f3lna dla rozdzielnic i sterownic wysokiego napi\u0119cia<br \/>\nGB 1984 Wy\u0142\u0105cznik automatyczny wysokiego napi\u0119cia AC<br \/>\nGB 311.1 Koordynacja izolacji urz\u0105dze\u0144 do przesy\u0142u i dystrybucji energii wysokiego napi\u0119cia<\/p>\n<h2>Warunki pracy<\/h2>\n<p>Normalne warunki pracy:<br \/>\nTemperatura otoczenia: -40\u2103 do +40\u2103 (temperatura poni\u017cej 35\u2103 w ci\u0105gu 24 godzin)<br \/>\nWilgotno\u015b\u0107 wzgl\u0119dna: \u226495% (\u015brednia dzienna) lub \u226490% (\u015brednia miesi\u0119czna)<br \/>\nWysoko\u015b\u0107: \u22641000 metr\u00f3w<\/p>\n<h2 class=\"wp-block-heading\">Parametry techniczne<\/h2>\n<h3>1.1 Parametry techniczne<\/h3>\n<figure class=\"wp-block-table\">\n<div class=\"scroll\">\n<table>\n<tbody>\n<tr>\n<td colspan=\"2\">Jednostka pozycji<\/td>\n<td>Warto\u015b\u0107 odniesienia<\/td>\n<\/tr>\n<tr>\n<td>\u00a0\u00a0\u00a0 Oceniony yoltag<\/td>\n<td>kV<\/td>\n<td>40.5<\/td>\n<\/tr>\n<tr>\n<td>Napi\u0119cie wytrzymywane impulsu piorunowego<\/td>\n<td>kV<\/td>\n<td>185<\/td>\n<\/tr>\n<tr>\n<td>\u00a0\u00a0\u00a0 Znamionowy poziom izolacji Napi\u0119cie wytrzymywane o cz\u0119stotliwo\u015bci sieciowej 1min<\/td>\n<td>kV<\/td>\n<td>95<\/td>\n<\/tr>\n<tr>\n<td>\u00a0\u00a0\u00a0 Cz\u0119stotliwo\u015b\u0107 znamionowa,<\/td>\n<td>Hz<\/td>\n<td>50\/60<\/td>\n<\/tr>\n<tr>\n<td>\u00a0\u00a0\u00a0 Pr\u0105d znamionowy<\/td>\n<td>A<\/td>\n<td>630\/1250\/1600\/2000\/2500\/3150<\/td>\n<\/tr>\n<tr>\n<td>\u00a0\u00a0\u00a0 Znamionowy pr\u0105d zwarciowy<\/td>\n<td>kA<\/td>\n<td>20\/25\/31.5<\/td>\n<\/tr>\n<tr>\n<td>\u00a0\u00a0\u00a0 Znamionowy pr\u0105d zwarciowy (warto\u015b\u0107 szczytowa)<\/td>\n<td>kA<\/td>\n<td>506,380<\/td>\n<\/tr>\n<tr>\n<td>\u00a0\u00a0\u00a0 Znamionowy kr\u00f3tkotrwa\u0142y pr\u0105d wytrzymywany<\/td>\n<td>kA<\/td>\n<td>20\/25\/31.5<\/td>\n<\/tr>\n<tr>\n<td>\u00a0\u00a0\u00a0 Znamionowy pr\u0105d wytrzymywany (warto\u015b\u0107 szczytowa<\/td>\n<td>kA<\/td>\n<td>506,380<\/td>\n<\/tr>\n<tr>\n<td>\u00a0\u00a0\u00a0 Wymagana sekwencja operacji<\/td>\n<td><\/td>\n<td>0-0,3s-CO-180s-CO<\/td>\n<\/tr>\n<tr>\n<td>\u00a0\u00a0\u00a0 Znamionowy czas trwania zwarcia<\/td>\n<td>5<\/td>\n<td>4<\/td>\n<\/tr>\n<tr>\n<td>\u00a0\u00a0\u00a0 Czasy za\u0142\u0105czania i wy\u0142\u0105czania przy znamionowym pr\u0105dzie zwarciowym<\/td>\n<td>Czas<\/td>\n<td>30<\/td>\n<\/tr>\n<tr>\n<td>\u00a0\u00a0\u00a0 \u017bywotno\u015b\u0107 mechaniczna<\/td>\n<td><\/td>\n<td>Poziom M2<\/td>\n<\/tr>\n<tr>\n<td>\u00a0\u00a0\u00a0 Zwa\u017cy\u0107<\/td>\n<td>kg<\/td>\n<td>350<\/td>\n<\/tr>\n<\/tbody>\n<\/table>\n<\/div>\n<\/figure>\n<h3 class=\"wp-block-heading\">1.2 Parametry mechaniczne<\/h3>\n<figure class=\"wp-block-table\">\n<div class=\"scroll\">\n<table>\n<tbody>\n<tr>\n<td>\u00a0 ltem<\/td>\n<td>Jednostka<\/td>\n<td>Warto\u015b\u0107 odniesienia<\/td>\n<\/tr>\n<tr>\n<td>\u00a0 Luka w kontaktach<\/td>\n<td>mm<\/td>\n<td>20\u00b12<\/td>\n<\/tr>\n<tr>\n<td>\u00a0\u00a0 Kontakt overtravel<\/td>\n<td>mm<\/td>\n<td>6\u00b11<\/td>\n<\/tr>\n<tr>\n<td>\u00a0 \u015arednia pr\u0119dko\u015b\u0107 tworzenia<\/td>\n<td>m\/s<\/td>\n<td>0.6\u00b10.2<\/td>\n<\/tr>\n<tr>\n<td>\u00a0 \u015arednia pr\u0119dko\u015b\u0107 hamowania<\/td>\n<td>m\/s<\/td>\n<td>1.5~2.0<\/td>\n<\/tr>\n<tr>\n<td>\u00a0 Czas odbicia przy nawi\u0105zywaniu kontaktu<\/td>\n<td>ms<\/td>\n<td>\u22643<\/td>\n<\/tr>\n<tr>\n<td>\u00a0 Niesynchroniczne nawi\u0105zywanie\/przerywanie kontaktu<\/td>\n<td>ms<\/td>\n<td>\u22642<\/td>\n<\/tr>\n<tr>\n<td>\u00a0 Rezystancja obwodu ka\u017cdej fazy<\/td>\n<td>\u03bc Q<\/td>\n<td>\u226480<\/td>\n<\/tr>\n<tr>\n<td>\u00a0 Dopuszczalna ca\u0142kowita grubo\u015b\u0107 zu\u017cycia styku ruchomego\/sta\u0142ego<\/td>\n<td>mm<\/td>\n<td>3<\/td>\n<\/tr>\n<\/tbody>\n<\/table>\n<\/div>\n<\/figure>\n<h2 class=\"wp-block-heading\">Wymiary ca\u0142kowite i instalacyjne<\/h2>\n<p>Ca\u0142kowity wymiar ZN85-40.5 (w\u00f3zek z cylindrem izolacyjnym) wewn\u0119trznego wy\u0142\u0105cznika wysokiego napi\u0119cia pr\u0105du przemiennego<\/p>\n<figure class=\"wp-block-image size-full\"><img fetchpriority=\"high\" decoding=\"async\" class=\"alignnone wp-image-1224 size-full\" src=\"https:\/\/www.jy-electric.com\/wp-content\/uploads\/2024\/09\/voltage-vacuum-circuit-breaker.webp\" alt=\"wy\u0142\u0105cznik pr\u00f3\u017cniowo-napi\u0119ciowy\" width=\"799\" height=\"473\" srcset=\"https:\/\/www.jyiele.com\/wp-content\/uploads\/2024\/09\/voltage-vacuum-circuit-breaker.webp 799w, https:\/\/www.jyiele.com\/wp-content\/uploads\/2024\/09\/voltage-vacuum-circuit-breaker-300x178.webp 300w, https:\/\/www.jyiele.com\/wp-content\/uploads\/2024\/09\/voltage-vacuum-circuit-breaker-768x455.webp 768w, https:\/\/www.jyiele.com\/wp-content\/uploads\/2024\/09\/voltage-vacuum-circuit-breaker-18x12.webp 18w, https:\/\/www.jyiele.com\/wp-content\/uploads\/2024\/09\/voltage-vacuum-circuit-breaker-600x355.webp 600w\" sizes=\"(max-width: 799px) 100vw, 799px\" \/><\/figure>\n<figure class=\"wp-block-table\">\n<div class=\"scroll\">\n<table>\n<tbody>\n<tr>\n<td>\u00a0\u00a0 Pr\u0105d znamionowy (A)<\/td>\n<td>630<\/td>\n<td>1250<\/td>\n<td>1600<\/td>\n<td>2000<\/td>\n<td>\u00a0\u00a0\u00a0 2500<\/td>\n<\/tr>\n<tr>\n<td>\u00a0\u00a0 Znamionowy pr\u0105d wy\u0142\u0105czaj\u0105cy (kA)<\/td>\n<td>202,531.5<\/td>\n<td>202,531.5<\/td>\n<td>2,531.5<\/td>\n<td>31.5<\/td>\n<td>\u00a0\u00a0\u00a0 31.5<\/td>\n<\/tr>\n<tr>\n<td>\u00a0\u00a0 Sta\u0142y rozmiar styku D(mm)<\/td>\n<td>\u03c635<\/td>\n<td>\u03c649<\/td>\n<td>\u4e2d55<\/td>\n<td>\u03c679<\/td>\n<td>\u00a0\u00a0\u00a0 \u03c6109<\/td>\n<\/tr>\n<tr>\n<td>\u00a0\u00a0 Odleg\u0142o\u015b\u0107 mi\u0119dzyfazowa (mm)<\/td>\n<td colspan=\"5\">300\u00b11.5<\/td>\n<\/tr>\n<tr>\n<td>\u00a0\u00a0 Skok w\u00f3zka r\u0119cznego (mm)<\/td>\n<td colspan=\"5\">610\u00b12<\/td>\n<\/tr>\n<\/tbody>\n<\/table>\n<\/div>\n<\/figure>","protected":false},"excerpt":{"rendered":"<p>ZN85-40.5 to rodzaj wysokonapi\u0119ciowego wy\u0142\u0105cznika pr\u00f3\u017cniowego do u\u017cytku wewn\u0119trznego, kt\u00f3ry jest odpowiedni dla systemu zasilania AC 50Hz i 35kV. Stosowany jest g\u0142\u00f3wnie w urz\u0105dzeniach zabezpieczaj\u0105cych i steruj\u0105cych w elektrowniach, podstacjach i innych miejscach.<\/p>","protected":false},"featured_media":1222,"template":"","meta":{"site-sidebar-layout":"default","site-content-layout":"","ast-site-content-layout":"default","site-content-style":"default","site-sidebar-style":"default","ast-global-header-display":"","ast-banner-title-visibility":"","ast-main-header-display":"","ast-hfb-above-header-display":"","ast-hfb-below-header-display":"","ast-hfb-mobile-header-display":"","site-post-title":"","ast-breadcrumbs-content":"","ast-featured-img":"","footer-sml-layout":"","ast-disable-related-posts":"","theme-transparent-header-meta":"default","adv-header-id-meta":"","stick-header-meta":"","header-above-stick-meta":"","header-main-stick-meta":"","header-below-stick-meta":"","astra-migrate-meta-layouts":"set","ast-page-background-enabled":"default","ast-page-background-meta":{"desktop":{"background-color":"var(--ast-global-color-4)","background-image":"","background-repeat":"repeat","background-position":"center center","background-size":"auto","background-attachment":"scroll","background-type":"","background-media":"","overlay-type":"","overlay-color":"","overlay-opacity":"","overlay-gradient":""},"tablet":{"background-color":"","background-image":"","background-repeat":"repeat","background-position":"center center","background-size":"auto","background-attachment":"scroll","background-type":"","background-media":"","overlay-type":"","overlay-color":"","overlay-opacity":"","overlay-gradient":""},"mobile":{"background-color":"","background-image":"","background-repeat":"repeat","background-position":"center center","background-size":"auto","background-attachment":"scroll","background-type":"","background-media":"","overlay-type":"","overlay-color":"","overlay-opacity":"","overlay-gradient":""}},"ast-content-background-meta":{"desktop":{"background-color":"var(--ast-global-color-5)","background-image":"","background-repeat":"repeat","background-position":"center center","background-size":"auto","background-attachment":"scroll","background-type":"","background-media":"","overlay-type":"","overlay-color":"","overlay-opacity":"","overlay-gradient":""},"tablet":{"background-color":"var(--ast-global-color-5)","background-image":"","background-repeat":"repeat","background-position":"center center","background-size":"auto","background-attachment":"scroll","background-type":"","background-media":"","overlay-type":"","overlay-color":"","overlay-opacity":"","overlay-gradient":""},"mobile":{"background-color":"var(--ast-global-color-5)","background-image":"","background-repeat":"repeat","background-position":"center center","background-size":"auto","background-attachment":"scroll","background-type":"","background-media":"","overlay-type":"","overlay-color":"","overlay-opacity":"","overlay-gradient":""}}},"product_brand":[],"product_cat":[26],"product_tag":[],"class_list":{"0":"post-1220","1":"product","2":"type-product","3":"status-publish","4":"has-post-thumbnail","6":"product_cat-vacuum-circuit-breaker","7":"desktop-align-left","8":"tablet-align-left","9":"mobile-align-left","11":"first","12":"instock","13":"shipping-taxable","14":"product-type-simple"},"yoast_head":"<!-- This site is optimized with the Yoast SEO plugin v24.8.1 - https:\/\/yoast.com\/wordpress\/plugins\/seo\/ -->\n<title>ZN85-40.5 High Voltage Vacuum Circuit Breaker | Reliable Circuit Protection Solutions - JYIELE<\/title>\n<meta name=\"description\" content=\"Explore ZN85-40.5 high voltage vacuum circuit breakers renowned for their reliability and efficiency. Our circuit breakers provide robust protection for high voltage applications, ensuring uninterrupted power supply and safety. Discover superior quality and performance with our range of circuit protection solutions.\" \/>\n<meta name=\"robots\" content=\"index, follow, max-snippet:-1, max-image-preview:large, max-video-preview:-1\" \/>\n<link rel=\"canonical\" href=\"https:\/\/www.jyiele.com\/pl\/product\/zn85-40-5-high-voltage-vacuum-circuit-breaker\/\" \/>\n<meta property=\"og:locale\" content=\"pl_PL\" \/>\n<meta property=\"og:type\" content=\"article\" \/>\n<meta property=\"og:title\" content=\"ZN85-40.5 High Voltage Vacuum Circuit Breaker | Reliable Circuit Protection Solutions - JYIELE\" \/>\n<meta property=\"og:description\" content=\"Explore ZN85-40.5 high voltage vacuum circuit breakers renowned for their reliability and efficiency. Our circuit breakers provide robust protection for high voltage applications, ensuring uninterrupted power supply and safety. Discover superior quality and performance with our range of circuit protection solutions.\" \/>\n<meta property=\"og:url\" content=\"https:\/\/www.jyiele.com\/pl\/product\/zn85-40-5-high-voltage-vacuum-circuit-breaker\/\" \/>\n<meta property=\"og:site_name\" content=\"JYIELE\" \/>\n<meta property=\"article:modified_time\" content=\"2025-03-09T11:38:51+00:00\" \/>\n<meta property=\"og:image\" content=\"https:\/\/www.jyiele.com\/wp-content\/uploads\/2024\/09\/high-voltage-vacuum-circuit-breaker-1.webp\" \/>\n\t<meta property=\"og:image:width\" content=\"600\" \/>\n\t<meta property=\"og:image:height\" content=\"600\" \/>\n\t<meta property=\"og:image:type\" content=\"image\/webp\" \/>\n<meta name=\"twitter:card\" content=\"summary_large_image\" \/>\n<meta name=\"twitter:label1\" content=\"Szacowany czas czytania\" \/>\n\t<meta name=\"twitter:data1\" content=\"2 minuty\" \/>\n<script type=\"application\/ld+json\" class=\"yoast-schema-graph\">{\"@context\":\"https:\/\/schema.org\",\"@graph\":[{\"@type\":\"WebPage\",\"@id\":\"https:\/\/www.jyiele.com\/product\/zn85-40-5-high-voltage-vacuum-circuit-breaker\/\",\"url\":\"https:\/\/www.jyiele.com\/product\/zn85-40-5-high-voltage-vacuum-circuit-breaker\/\",\"name\":\"ZN85-40.5 High Voltage Vacuum Circuit Breaker | Reliable Circuit Protection Solutions - JYIELE\",\"isPartOf\":{\"@id\":\"https:\/\/www.jyiele.com\/#website\"},\"primaryImageOfPage\":{\"@id\":\"https:\/\/www.jyiele.com\/product\/zn85-40-5-high-voltage-vacuum-circuit-breaker\/#primaryimage\"},\"image\":{\"@id\":\"https:\/\/www.jyiele.com\/product\/zn85-40-5-high-voltage-vacuum-circuit-breaker\/#primaryimage\"},\"thumbnailUrl\":\"https:\/\/www.jyiele.com\/wp-content\/uploads\/2024\/09\/high-voltage-vacuum-circuit-breaker-1.webp\",\"datePublished\":\"2022-09-16T12:45:25+00:00\",\"dateModified\":\"2025-03-09T11:38:51+00:00\",\"description\":\"Explore ZN85-40.5 high voltage vacuum circuit breakers renowned for their reliability and efficiency. Our circuit breakers provide robust protection for high voltage applications, ensuring uninterrupted power supply and safety. Discover superior quality and performance with our range of circuit protection solutions.\",\"breadcrumb\":{\"@id\":\"https:\/\/www.jyiele.com\/product\/zn85-40-5-high-voltage-vacuum-circuit-breaker\/#breadcrumb\"},\"inLanguage\":\"pl-PL\",\"potentialAction\":[{\"@type\":\"ReadAction\",\"target\":[\"https:\/\/www.jyiele.com\/product\/zn85-40-5-high-voltage-vacuum-circuit-breaker\/\"]}]},{\"@type\":\"ImageObject\",\"inLanguage\":\"pl-PL\",\"@id\":\"https:\/\/www.jyiele.com\/product\/zn85-40-5-high-voltage-vacuum-circuit-breaker\/#primaryimage\",\"url\":\"https:\/\/www.jyiele.com\/wp-content\/uploads\/2024\/09\/high-voltage-vacuum-circuit-breaker-1.webp\",\"contentUrl\":\"https:\/\/www.jyiele.com\/wp-content\/uploads\/2024\/09\/high-voltage-vacuum-circuit-breaker-1.webp\",\"width\":600,\"height\":600,\"caption\":\"high-voltage-vacuum-circuit-breaker\"},{\"@type\":\"BreadcrumbList\",\"@id\":\"https:\/\/www.jyiele.com\/product\/zn85-40-5-high-voltage-vacuum-circuit-breaker\/#breadcrumb\",\"itemListElement\":[{\"@type\":\"ListItem\",\"position\":1,\"name\":\"Home\",\"item\":\"https:\/\/www.jyiele.com\/\"},{\"@type\":\"ListItem\",\"position\":2,\"name\":\"Product\",\"item\":\"https:\/\/www.jyiele.com\/product\/\"},{\"@type\":\"ListItem\",\"position\":3,\"name\":\"Vacuum Circuit Breaker\",\"item\":\"https:\/\/www.jyiele.com\/product-category\/vacuum-circuit-breaker\/\"},{\"@type\":\"ListItem\",\"position\":4,\"name\":\"ZN85-40.5 High Voltage Vacuum Circuit Breaker\"}]},{\"@type\":\"WebSite\",\"@id\":\"https:\/\/www.jyiele.com\/#website\",\"url\":\"https:\/\/www.jyiele.com\/\",\"name\":\"JYIELE\",\"description\":\"Vacuum Circuit Breaker manufacturer\",\"publisher\":{\"@id\":\"https:\/\/www.jyiele.com\/#organization\"},\"potentialAction\":[{\"@type\":\"SearchAction\",\"target\":{\"@type\":\"EntryPoint\",\"urlTemplate\":\"https:\/\/www.jyiele.com\/?s={search_term_string}\"},\"query-input\":{\"@type\":\"PropertyValueSpecification\",\"valueRequired\":true,\"valueName\":\"search_term_string\"}}],\"inLanguage\":\"pl-PL\"},{\"@type\":\"Organization\",\"@id\":\"https:\/\/www.jyiele.com\/#organization\",\"name\":\"JYIELE\",\"url\":\"https:\/\/www.jyiele.com\/\",\"logo\":{\"@type\":\"ImageObject\",\"inLanguage\":\"pl-PL\",\"@id\":\"https:\/\/www.jyiele.com\/#\/schema\/logo\/image\/\",\"url\":\"https:\/\/www.jyiele.com\/wp-content\/uploads\/2024\/09\/cropped-jyele-1.webp\",\"contentUrl\":\"https:\/\/www.jyiele.com\/wp-content\/uploads\/2024\/09\/cropped-jyele-1.webp\",\"width\":137,\"height\":60,\"caption\":\"JYIELE\"},\"image\":{\"@id\":\"https:\/\/www.jyiele.com\/#\/schema\/logo\/image\/\"}}]}<\/script>\n<!-- \/ Yoast SEO plugin. -->","yoast_head_json":{"title":"Wysokonapi\u0119ciowy wy\u0142\u0105cznik pr\u00f3\u017cniowy ZN85-40.5 - niezawodne rozwi\u0105zania w zakresie ochrony obwod\u00f3w - JYIELE","description":"Poznaj wysokonapi\u0119ciowe wy\u0142\u0105czniki pr\u00f3\u017cniowe ZN85-40.5 znane ze swojej niezawodno\u015bci i wydajno\u015bci. Nasze wy\u0142\u0105czniki zapewniaj\u0105 solidn\u0105 ochron\u0119 w zastosowaniach wysokonapi\u0119ciowych, zapewniaj\u0105c nieprzerwane zasilanie i bezpiecze\u0144stwo. Odkryj najwy\u017csz\u0105 jako\u015b\u0107 i wydajno\u015b\u0107 dzi\u0119ki naszej gamie rozwi\u0105za\u0144 do ochrony obwod\u00f3w.","robots":{"index":"index","follow":"follow","max-snippet":"max-snippet:-1","max-image-preview":"max-image-preview:large","max-video-preview":"max-video-preview:-1"},"canonical":"https:\/\/www.jyiele.com\/pl\/product\/zn85-40-5-high-voltage-vacuum-circuit-breaker\/","og_locale":"pl_PL","og_type":"article","og_title":"ZN85-40.5 High Voltage Vacuum Circuit Breaker | Reliable Circuit Protection Solutions - JYIELE","og_description":"Explore ZN85-40.5 high voltage vacuum circuit breakers renowned for their reliability and efficiency. Our circuit breakers provide robust protection for high voltage applications, ensuring uninterrupted power supply and safety. Discover superior quality and performance with our range of circuit protection solutions.","og_url":"https:\/\/www.jyiele.com\/pl\/product\/zn85-40-5-high-voltage-vacuum-circuit-breaker\/","og_site_name":"JYIELE","article_modified_time":"2025-03-09T11:38:51+00:00","og_image":[{"width":600,"height":600,"url":"https:\/\/www.jyiele.com\/wp-content\/uploads\/2024\/09\/high-voltage-vacuum-circuit-breaker-1.webp","type":"image\/webp"}],"twitter_card":"summary_large_image","twitter_misc":{"Szacowany czas czytania":"2 minuty"},"schema":{"@context":"https:\/\/schema.org","@graph":[{"@type":"WebPage","@id":"https:\/\/www.jyiele.com\/product\/zn85-40-5-high-voltage-vacuum-circuit-breaker\/","url":"https:\/\/www.jyiele.com\/product\/zn85-40-5-high-voltage-vacuum-circuit-breaker\/","name":"Wysokonapi\u0119ciowy wy\u0142\u0105cznik pr\u00f3\u017cniowy ZN85-40.5 - niezawodne rozwi\u0105zania w zakresie ochrony obwod\u00f3w - JYIELE","isPartOf":{"@id":"https:\/\/www.jyiele.com\/#website"},"primaryImageOfPage":{"@id":"https:\/\/www.jyiele.com\/product\/zn85-40-5-high-voltage-vacuum-circuit-breaker\/#primaryimage"},"image":{"@id":"https:\/\/www.jyiele.com\/product\/zn85-40-5-high-voltage-vacuum-circuit-breaker\/#primaryimage"},"thumbnailUrl":"https:\/\/www.jyiele.com\/wp-content\/uploads\/2024\/09\/high-voltage-vacuum-circuit-breaker-1.webp","datePublished":"2022-09-16T12:45:25+00:00","dateModified":"2025-03-09T11:38:51+00:00","description":"Poznaj wysokonapi\u0119ciowe wy\u0142\u0105czniki pr\u00f3\u017cniowe ZN85-40.5 znane ze swojej niezawodno\u015bci i wydajno\u015bci. Nasze wy\u0142\u0105czniki zapewniaj\u0105 solidn\u0105 ochron\u0119 w zastosowaniach wysokonapi\u0119ciowych, zapewniaj\u0105c nieprzerwane zasilanie i bezpiecze\u0144stwo. Odkryj najwy\u017csz\u0105 jako\u015b\u0107 i wydajno\u015b\u0107 dzi\u0119ki naszej gamie rozwi\u0105za\u0144 do ochrony obwod\u00f3w.","breadcrumb":{"@id":"https:\/\/www.jyiele.com\/product\/zn85-40-5-high-voltage-vacuum-circuit-breaker\/#breadcrumb"},"inLanguage":"pl-PL","potentialAction":[{"@type":"ReadAction","target":["https:\/\/www.jyiele.com\/product\/zn85-40-5-high-voltage-vacuum-circuit-breaker\/"]}]},{"@type":"ImageObject","inLanguage":"pl-PL","@id":"https:\/\/www.jyiele.com\/product\/zn85-40-5-high-voltage-vacuum-circuit-breaker\/#primaryimage","url":"https:\/\/www.jyiele.com\/wp-content\/uploads\/2024\/09\/high-voltage-vacuum-circuit-breaker-1.webp","contentUrl":"https:\/\/www.jyiele.com\/wp-content\/uploads\/2024\/09\/high-voltage-vacuum-circuit-breaker-1.webp","width":600,"height":600,"caption":"high-voltage-vacuum-circuit-breaker"},{"@type":"BreadcrumbList","@id":"https:\/\/www.jyiele.com\/product\/zn85-40-5-high-voltage-vacuum-circuit-breaker\/#breadcrumb","itemListElement":[{"@type":"ListItem","position":1,"name":"Home","item":"https:\/\/www.jyiele.com\/"},{"@type":"ListItem","position":2,"name":"Product","item":"https:\/\/www.jyiele.com\/product\/"},{"@type":"ListItem","position":3,"name":"Vacuum Circuit Breaker","item":"https:\/\/www.jyiele.com\/product-category\/vacuum-circuit-breaker\/"},{"@type":"ListItem","position":4,"name":"ZN85-40.5 High Voltage Vacuum Circuit Breaker"}]},{"@type":"WebSite","@id":"https:\/\/www.jyiele.com\/#website","url":"https:\/\/www.jyiele.com\/","name":"JYIELE","description":"Producent wy\u0142\u0105cznik\u00f3w pr\u00f3\u017cniowych","publisher":{"@id":"https:\/\/www.jyiele.com\/#organization"},"potentialAction":[{"@type":"SearchAction","target":{"@type":"EntryPoint","urlTemplate":"https:\/\/www.jyiele.com\/?s={search_term_string}"},"query-input":{"@type":"PropertyValueSpecification","valueRequired":true,"valueName":"search_term_string"}}],"inLanguage":"pl-PL"},{"@type":"Organization","@id":"https:\/\/www.jyiele.com\/#organization","name":"JYIELE","url":"https:\/\/www.jyiele.com\/","logo":{"@type":"ImageObject","inLanguage":"pl-PL","@id":"https:\/\/www.jyiele.com\/#\/schema\/logo\/image\/","url":"https:\/\/www.jyiele.com\/wp-content\/uploads\/2024\/09\/cropped-jyele-1.webp","contentUrl":"https:\/\/www.jyiele.com\/wp-content\/uploads\/2024\/09\/cropped-jyele-1.webp","width":137,"height":60,"caption":"JYIELE"},"image":{"@id":"https:\/\/www.jyiele.com\/#\/schema\/logo\/image\/"}}]}},"_links":{"self":[{"href":"https:\/\/www.jyiele.com\/pl\/wp-json\/wp\/v2\/product\/1220","targetHints":{"allow":["GET"]}}],"collection":[{"href":"https:\/\/www.jyiele.com\/pl\/wp-json\/wp\/v2\/product"}],"about":[{"href":"https:\/\/www.jyiele.com\/pl\/wp-json\/wp\/v2\/types\/product"}],"version-history":[{"count":2,"href":"https:\/\/www.jyiele.com\/pl\/wp-json\/wp\/v2\/product\/1220\/revisions"}],"predecessor-version":[{"id":1479,"href":"https:\/\/www.jyiele.com\/pl\/wp-json\/wp\/v2\/product\/1220\/revisions\/1479"}],"wp:featuredmedia":[{"embeddable":true,"href":"https:\/\/www.jyiele.com\/pl\/wp-json\/wp\/v2\/media\/1222"}],"wp:attachment":[{"href":"https:\/\/www.jyiele.com\/pl\/wp-json\/wp\/v2\/media?parent=1220"}],"wp:term":[{"taxonomy":"product_brand","embeddable":true,"href":"https:\/\/www.jyiele.com\/pl\/wp-json\/wp\/v2\/product_brand?post=1220"},{"taxonomy":"product_cat","embeddable":true,"href":"https:\/\/www.jyiele.com\/pl\/wp-json\/wp\/v2\/product_cat?post=1220"},{"taxonomy":"product_tag","embeddable":true,"href":"https:\/\/www.jyiele.com\/pl\/wp-json\/wp\/v2\/product_tag?post=1220"}],"curies":[{"name":"wp","href":"https:\/\/api.w.org\/{rel}","templated":true}]}}