{"id":1223,"date":"2020-04-06T13:11:11","date_gmt":"2020-04-06T13:11:11","guid":{"rendered":"https:\/\/www.jy-electric.com\/?post_type=product&#038;p=1223"},"modified":"2024-09-16T13:59:33","modified_gmt":"2024-09-16T13:59:33","slug":"plastic-self-locking-eco-friendly-nylon-cable-tie-wraps","status":"publish","type":"product","link":"https:\/\/www.jyiele.com\/pl\/product\/plastic-self-locking-eco-friendly-nylon-cable-tie-wraps\/","title":{"rendered":"Plastikowe, samozaciskowe, ekologiczne nylonowe opaski kablowe"},"content":{"rendered":"<p>Miejsce pochodzenia: Zhejiang, Chiny<br \/>\nMarka\uff1aJYIELE<br \/>\nModel\uff1aYN-NBT002<br \/>\nTyp:Samoblokuj\u0105cy<br \/>\nMateria\u0142: nylon 66<br \/>\nKolor: naturalny, czarny, inne kolory mo\u017cna dostosowa\u0107<br \/>\nRozmiar: dostosowany<br \/>\nZastosowanie: Kabel mocuj\u0105cy<br \/>\nTemperatura pracy: od -35\u00b0C do 85\u00b0C<br \/>\nPr\u00f3bki: Bezp\u0142atnie<br \/>\nWytrzyma\u0142o\u015b\u0107 na rozci\u0105ganie: 120 lbs (55 kg)<br \/>\nKlasa palno\u015bci: UL94V-2<br \/>\nPakowanie: 100 sztuk\/worek<br \/>\nCertyfikaty: CE, CCC, PAHS<\/p>\n<p><a href=\"https:\/\/www.jy-electric.com\/wp-content\/uploads\/2024\/09\/Plastic-Self-Locking-Eco-Friendly-Nylon-Cable-Tie-Wraps.webp\"><img fetchpriority=\"high\" decoding=\"async\" class=\"alignnone wp-image-1225 size-medium\" src=\"https:\/\/www.jy-electric.com\/wp-content\/uploads\/2024\/09\/Plastic-Self-Locking-Eco-Friendly-Nylon-Cable-Tie-Wraps-300x300.webp\" alt=\"Plastikowe, samozaciskowe, ekologiczne nylonowe opaski kablowe\" width=\"300\" height=\"300\" srcset=\"https:\/\/www.jyiele.com\/wp-content\/uploads\/2024\/09\/Plastic-Self-Locking-Eco-Friendly-Nylon-Cable-Tie-Wraps-300x300.webp 300w, https:\/\/www.jyiele.com\/wp-content\/uploads\/2024\/09\/Plastic-Self-Locking-Eco-Friendly-Nylon-Cable-Tie-Wraps-150x150.webp 150w, https:\/\/www.jyiele.com\/wp-content\/uploads\/2024\/09\/Plastic-Self-Locking-Eco-Friendly-Nylon-Cable-Tie-Wraps-768x768.webp 768w, https:\/\/www.jyiele.com\/wp-content\/uploads\/2024\/09\/Plastic-Self-Locking-Eco-Friendly-Nylon-Cable-Tie-Wraps-12x12.webp 12w, https:\/\/www.jyiele.com\/wp-content\/uploads\/2024\/09\/Plastic-Self-Locking-Eco-Friendly-Nylon-Cable-Tie-Wraps-600x600.webp 600w, https:\/\/www.jyiele.com\/wp-content\/uploads\/2024\/09\/Plastic-Self-Locking-Eco-Friendly-Nylon-Cable-Tie-Wraps-100x100.webp 100w, https:\/\/www.jyiele.com\/wp-content\/uploads\/2024\/09\/Plastic-Self-Locking-Eco-Friendly-Nylon-Cable-Tie-Wraps.webp 800w\" sizes=\"(max-width: 300px) 100vw, 300px\" \/><\/a><\/p>\n<h2>Cechy produktu:<\/h2>\n<p>Kolce ze stali nierdzewnej: zapewniaj\u0105 stabilne dzia\u0142anie i mo\u017cliwo\u015b\u0107 bezstopniowej regulacji.<br \/>\nWysoka wytrzyma\u0142o\u015b\u0107: odporno\u015b\u0107 na rozci\u0105ganie, niska si\u0142a gwintowania.<br \/>\nKarbowany korpus ta\u015bmy: zapobiega bocznym ruchom wi\u0105zki przewod\u00f3w.<br \/>\nZakrzywiona ko\u0144c\u00f3wka: \u0141atwy dost\u0119p z p\u0142askiej powierzchni, zwi\u0119kszaj\u0105cy szybko\u015b\u0107 gwintowania i wydajno\u015b\u0107 instalacji.<br \/>\nWysoka wytrzyma\u0142o\u015b\u0107 pier\u015bcienia: przekracza standardy bran\u017cowe.<br \/>\nWiele opcji materia\u0142owych: spe\u0142nia r\u00f3\u017cne wymagania aplikacji.<br \/>\nOdpowiednie \u015brodowisko: zar\u00f3wno do u\u017cytku wewn\u0105trz, jak i na zewn\u0105trz.<br \/>\nSzeroki zakres zastosowa\u0144: nadaje si\u0119 do organizowania i mocowania sprz\u0119tu mechanicznego, urz\u0105dze\u0144 automatyki i wszelkiego rodzaju przewod\u00f3w.<\/p>\n<p>&nbsp;<\/p>","protected":false},"excerpt":{"rendered":"<p>Samozaciskowe opaski plastikowe JYIELE zapewniaj\u0105 niezawodne mocowanie i d\u0142ugotrwa\u0142\u0105 trwa\u0142o\u015b\u0107 dzi\u0119ki wytrzyma\u0142emu nylonowi 66 i mocnej samozaciskowej konstrukcji.<\/p>\n<p>Ich zakrzywiona konstrukcja ko\u0144c\u00f3wki pozwala na szybsz\u0105 instalacj\u0119, a karbowany korpus ta\u015bmy zapobiega bocznym ruchom wi\u0105zki przewod\u00f3w, a jednocze\u015bnie mo\u017ce by\u0107 u\u017cywany w temperaturach od -35\u00b0C do 85\u00b0C. Dost\u0119pne w szerokiej gamie niestandardowych kolor\u00f3w i rozmiar\u00f3w, aby dopasowa\u0107 si\u0119 do r\u00f3\u017cnych \u015brodowisk i zastosowa\u0144, zapewniaj\u0105 wysokie bezpiecze\u0144stwo i szerokie mo\u017cliwo\u015bci zastosowania.<\/p>","protected":false},"featured_media":1225,"template":"","meta":{"site-sidebar-layout":"default","site-content-layout":"","ast-site-content-layout":"default","site-content-style":"default","site-sidebar-style":"default","ast-global-header-display":"","ast-banner-title-visibility":"","ast-main-header-display":"","ast-hfb-above-header-display":"","ast-hfb-below-header-display":"","ast-hfb-mobile-header-display":"","site-post-title":"","ast-breadcrumbs-content":"","ast-featured-img":"","footer-sml-layout":"","ast-disable-related-posts":"","theme-transparent-header-meta":"default","adv-header-id-meta":"","stick-header-meta":"","header-above-stick-meta":"","header-main-stick-meta":"","header-below-stick-meta":"","astra-migrate-meta-layouts":"set","ast-page-background-enabled":"default","ast-page-background-meta":{"desktop":{"background-color":"var(--ast-global-color-4)","background-image":"","background-repeat":"repeat","background-position":"center center","background-size":"auto","background-attachment":"scroll","background-type":"","background-media":"","overlay-type":"","overlay-color":"","overlay-opacity":"","overlay-gradient":""},"tablet":{"background-color":"","background-image":"","background-repeat":"repeat","background-position":"center center","background-size":"auto","background-attachment":"scroll","background-type":"","background-media":"","overlay-type":"","overlay-color":"","overlay-opacity":"","overlay-gradient":""},"mobile":{"background-color":"","background-image":"","background-repeat":"repeat","background-position":"center center","background-size":"auto","background-attachment":"scroll","background-type":"","background-media":"","overlay-type":"","overlay-color":"","overlay-opacity":"","overlay-gradient":""}},"ast-content-background-meta":{"desktop":{"background-color":"var(--ast-global-color-5)","background-image":"","background-repeat":"repeat","background-position":"center center","background-size":"auto","background-attachment":"scroll","background-type":"","background-media":"","overlay-type":"","overlay-color":"","overlay-opacity":"","overlay-gradient":""},"tablet":{"background-color":"var(--ast-global-color-5)","background-image":"","background-repeat":"repeat","background-position":"center center","background-size":"auto","background-attachment":"scroll","background-type":"","background-media":"","overlay-type":"","overlay-color":"","overlay-opacity":"","overlay-gradient":""},"mobile":{"background-color":"var(--ast-global-color-5)","background-image":"","background-repeat":"repeat","background-position":"center center","background-size":"auto","background-attachment":"scroll","background-type":"","background-media":"","overlay-type":"","overlay-color":"","overlay-opacity":"","overlay-gradient":""}}},"product_brand":[],"product_cat":[20],"product_tag":[],"class_list":{"0":"post-1223","1":"product","2":"type-product","3":"status-publish","4":"has-post-thumbnail","6":"product_cat-zip-ties","7":"desktop-align-left","8":"tablet-align-left","9":"mobile-align-left","11":"first","12":"instock","13":"shipping-taxable","14":"product-type-simple"},"yoast_head":"<!-- This site is optimized with the Yoast SEO plugin v24.8.1 - https:\/\/yoast.com\/wordpress\/plugins\/seo\/ -->\n<title>Plastic Self-Locking Eco-Friendly Nylon Cable Tie Wraps from China manufacturer - JYIELE Electric<\/title>\n<meta name=\"description\" content=\"Plastic Self-Locking Eco-Friendly Nylon Cable Tie Wraps offered by China manufacturer JYIELE Electric Manufacture. Buy directly with low price and high quality.\" \/>\n<meta name=\"robots\" content=\"index, follow, max-snippet:-1, max-image-preview:large, max-video-preview:-1\" \/>\n<link rel=\"canonical\" href=\"https:\/\/www.jyiele.com\/pl\/product\/plastic-self-locking-eco-friendly-nylon-cable-tie-wraps\/\" \/>\n<meta property=\"og:locale\" content=\"pl_PL\" \/>\n<meta property=\"og:type\" content=\"article\" \/>\n<meta property=\"og:title\" content=\"Plastic Self-Locking Eco-Friendly Nylon Cable Tie Wraps from China manufacturer - JYIELE Electric\" \/>\n<meta property=\"og:description\" content=\"Plastic Self-Locking Eco-Friendly Nylon Cable Tie Wraps offered by China manufacturer JYIELE Electric Manufacture. Buy directly with low price and high quality.\" \/>\n<meta property=\"og:url\" content=\"https:\/\/www.jyiele.com\/pl\/product\/plastic-self-locking-eco-friendly-nylon-cable-tie-wraps\/\" \/>\n<meta property=\"og:site_name\" content=\"JYIELE\" \/>\n<meta property=\"article:modified_time\" content=\"2024-09-16T13:59:33+00:00\" \/>\n<meta property=\"og:image\" content=\"https:\/\/www.jyiele.com\/wp-content\/uploads\/2024\/09\/Plastic-Self-Locking-Eco-Friendly-Nylon-Cable-Tie-Wraps.webp\" \/>\n\t<meta property=\"og:image:width\" content=\"800\" \/>\n\t<meta property=\"og:image:height\" content=\"800\" \/>\n\t<meta property=\"og:image:type\" content=\"image\/webp\" \/>\n<meta name=\"twitter:card\" content=\"summary_large_image\" \/>\n<meta name=\"twitter:label1\" content=\"Szacowany czas czytania\" \/>\n\t<meta name=\"twitter:data1\" content=\"1 minuta\" \/>\n<script type=\"application\/ld+json\" class=\"yoast-schema-graph\">{\"@context\":\"https:\/\/schema.org\",\"@graph\":[{\"@type\":\"WebPage\",\"@id\":\"https:\/\/www.jyiele.com\/product\/plastic-self-locking-eco-friendly-nylon-cable-tie-wraps\/\",\"url\":\"https:\/\/www.jyiele.com\/product\/plastic-self-locking-eco-friendly-nylon-cable-tie-wraps\/\",\"name\":\"Plastic Self-Locking Eco-Friendly Nylon Cable Tie Wraps from China manufacturer - JYIELE Electric\",\"isPartOf\":{\"@id\":\"https:\/\/www.jyiele.com\/#website\"},\"primaryImageOfPage\":{\"@id\":\"https:\/\/www.jyiele.com\/product\/plastic-self-locking-eco-friendly-nylon-cable-tie-wraps\/#primaryimage\"},\"image\":{\"@id\":\"https:\/\/www.jyiele.com\/product\/plastic-self-locking-eco-friendly-nylon-cable-tie-wraps\/#primaryimage\"},\"thumbnailUrl\":\"https:\/\/www.jyiele.com\/wp-content\/uploads\/2024\/09\/Plastic-Self-Locking-Eco-Friendly-Nylon-Cable-Tie-Wraps.webp\",\"datePublished\":\"2020-04-06T13:11:11+00:00\",\"dateModified\":\"2024-09-16T13:59:33+00:00\",\"description\":\"Plastic Self-Locking Eco-Friendly Nylon Cable Tie Wraps offered by China manufacturer JYIELE Electric Manufacture. Buy directly with low price and high quality.\",\"breadcrumb\":{\"@id\":\"https:\/\/www.jyiele.com\/product\/plastic-self-locking-eco-friendly-nylon-cable-tie-wraps\/#breadcrumb\"},\"inLanguage\":\"pl-PL\",\"potentialAction\":[{\"@type\":\"ReadAction\",\"target\":[\"https:\/\/www.jyiele.com\/product\/plastic-self-locking-eco-friendly-nylon-cable-tie-wraps\/\"]}]},{\"@type\":\"ImageObject\",\"inLanguage\":\"pl-PL\",\"@id\":\"https:\/\/www.jyiele.com\/product\/plastic-self-locking-eco-friendly-nylon-cable-tie-wraps\/#primaryimage\",\"url\":\"https:\/\/www.jyiele.com\/wp-content\/uploads\/2024\/09\/Plastic-Self-Locking-Eco-Friendly-Nylon-Cable-Tie-Wraps.webp\",\"contentUrl\":\"https:\/\/www.jyiele.com\/wp-content\/uploads\/2024\/09\/Plastic-Self-Locking-Eco-Friendly-Nylon-Cable-Tie-Wraps.webp\",\"width\":800,\"height\":800,\"caption\":\"Plastic Self-Locking Eco-Friendly Nylon Cable Tie Wraps\"},{\"@type\":\"BreadcrumbList\",\"@id\":\"https:\/\/www.jyiele.com\/product\/plastic-self-locking-eco-friendly-nylon-cable-tie-wraps\/#breadcrumb\",\"itemListElement\":[{\"@type\":\"ListItem\",\"position\":1,\"name\":\"Home\",\"item\":\"https:\/\/www.jyiele.com\/\"},{\"@type\":\"ListItem\",\"position\":2,\"name\":\"Product\",\"item\":\"https:\/\/www.jyiele.com\/product\/\"},{\"@type\":\"ListItem\",\"position\":3,\"name\":\"Zip Ties\",\"item\":\"https:\/\/www.jyiele.com\/de\/product-category\/zip-ties\/\"},{\"@type\":\"ListItem\",\"position\":4,\"name\":\"Plastic Self-Locking Eco-Friendly Nylon Cable Tie Wraps\"}]},{\"@type\":\"WebSite\",\"@id\":\"https:\/\/www.jyiele.com\/#website\",\"url\":\"https:\/\/www.jyiele.com\/\",\"name\":\"JYIELE\",\"description\":\"Vacuum Circuit Breaker manufacturer\",\"publisher\":{\"@id\":\"https:\/\/www.jyiele.com\/#organization\"},\"potentialAction\":[{\"@type\":\"SearchAction\",\"target\":{\"@type\":\"EntryPoint\",\"urlTemplate\":\"https:\/\/www.jyiele.com\/?s={search_term_string}\"},\"query-input\":{\"@type\":\"PropertyValueSpecification\",\"valueRequired\":true,\"valueName\":\"search_term_string\"}}],\"inLanguage\":\"pl-PL\"},{\"@type\":\"Organization\",\"@id\":\"https:\/\/www.jyiele.com\/#organization\",\"name\":\"JYIELE\",\"url\":\"https:\/\/www.jyiele.com\/\",\"logo\":{\"@type\":\"ImageObject\",\"inLanguage\":\"pl-PL\",\"@id\":\"https:\/\/www.jyiele.com\/#\/schema\/logo\/image\/\",\"url\":\"https:\/\/www.jyiele.com\/wp-content\/uploads\/2024\/09\/cropped-jyele-1.webp\",\"contentUrl\":\"https:\/\/www.jyiele.com\/wp-content\/uploads\/2024\/09\/cropped-jyele-1.webp\",\"width\":137,\"height\":60,\"caption\":\"JYIELE\"},\"image\":{\"@id\":\"https:\/\/www.jyiele.com\/#\/schema\/logo\/image\/\"}}]}<\/script>\n<!-- \/ Yoast SEO plugin. -->","yoast_head_json":{"title":"Plastikowe samozaciskowe ekologiczne nylonowe opaski kablowe od chi\u0144skiego producenta - JYIELE Electric","description":"Plastikowe samoblokuj\u0105ce ekologiczne nylonowe opaski kablowe oferowane przez chi\u0144skiego producenta JYIELE Electric Manufacture. Kupuj bezpo\u015brednio w niskiej cenie i wysokiej jako\u015bci.","robots":{"index":"index","follow":"follow","max-snippet":"max-snippet:-1","max-image-preview":"max-image-preview:large","max-video-preview":"max-video-preview:-1"},"canonical":"https:\/\/www.jyiele.com\/pl\/product\/plastic-self-locking-eco-friendly-nylon-cable-tie-wraps\/","og_locale":"pl_PL","og_type":"article","og_title":"Plastic Self-Locking Eco-Friendly Nylon Cable Tie Wraps from China manufacturer - JYIELE Electric","og_description":"Plastic Self-Locking Eco-Friendly Nylon Cable Tie Wraps offered by China manufacturer JYIELE Electric Manufacture. Buy directly with low price and high quality.","og_url":"https:\/\/www.jyiele.com\/pl\/product\/plastic-self-locking-eco-friendly-nylon-cable-tie-wraps\/","og_site_name":"JYIELE","article_modified_time":"2024-09-16T13:59:33+00:00","og_image":[{"width":800,"height":800,"url":"https:\/\/www.jyiele.com\/wp-content\/uploads\/2024\/09\/Plastic-Self-Locking-Eco-Friendly-Nylon-Cable-Tie-Wraps.webp","type":"image\/webp"}],"twitter_card":"summary_large_image","twitter_misc":{"Szacowany czas czytania":"1 minuta"},"schema":{"@context":"https:\/\/schema.org","@graph":[{"@type":"WebPage","@id":"https:\/\/www.jyiele.com\/product\/plastic-self-locking-eco-friendly-nylon-cable-tie-wraps\/","url":"https:\/\/www.jyiele.com\/product\/plastic-self-locking-eco-friendly-nylon-cable-tie-wraps\/","name":"Plastikowe samozaciskowe ekologiczne nylonowe opaski kablowe od chi\u0144skiego producenta - JYIELE Electric","isPartOf":{"@id":"https:\/\/www.jyiele.com\/#website"},"primaryImageOfPage":{"@id":"https:\/\/www.jyiele.com\/product\/plastic-self-locking-eco-friendly-nylon-cable-tie-wraps\/#primaryimage"},"image":{"@id":"https:\/\/www.jyiele.com\/product\/plastic-self-locking-eco-friendly-nylon-cable-tie-wraps\/#primaryimage"},"thumbnailUrl":"https:\/\/www.jyiele.com\/wp-content\/uploads\/2024\/09\/Plastic-Self-Locking-Eco-Friendly-Nylon-Cable-Tie-Wraps.webp","datePublished":"2020-04-06T13:11:11+00:00","dateModified":"2024-09-16T13:59:33+00:00","description":"Plastikowe samoblokuj\u0105ce ekologiczne nylonowe opaski kablowe oferowane przez chi\u0144skiego producenta JYIELE Electric Manufacture. Kupuj bezpo\u015brednio w niskiej cenie i wysokiej jako\u015bci.","breadcrumb":{"@id":"https:\/\/www.jyiele.com\/product\/plastic-self-locking-eco-friendly-nylon-cable-tie-wraps\/#breadcrumb"},"inLanguage":"pl-PL","potentialAction":[{"@type":"ReadAction","target":["https:\/\/www.jyiele.com\/product\/plastic-self-locking-eco-friendly-nylon-cable-tie-wraps\/"]}]},{"@type":"ImageObject","inLanguage":"pl-PL","@id":"https:\/\/www.jyiele.com\/product\/plastic-self-locking-eco-friendly-nylon-cable-tie-wraps\/#primaryimage","url":"https:\/\/www.jyiele.com\/wp-content\/uploads\/2024\/09\/Plastic-Self-Locking-Eco-Friendly-Nylon-Cable-Tie-Wraps.webp","contentUrl":"https:\/\/www.jyiele.com\/wp-content\/uploads\/2024\/09\/Plastic-Self-Locking-Eco-Friendly-Nylon-Cable-Tie-Wraps.webp","width":800,"height":800,"caption":"Plastic Self-Locking Eco-Friendly Nylon Cable Tie Wraps"},{"@type":"BreadcrumbList","@id":"https:\/\/www.jyiele.com\/product\/plastic-self-locking-eco-friendly-nylon-cable-tie-wraps\/#breadcrumb","itemListElement":[{"@type":"ListItem","position":1,"name":"Home","item":"https:\/\/www.jyiele.com\/"},{"@type":"ListItem","position":2,"name":"Product","item":"https:\/\/www.jyiele.com\/product\/"},{"@type":"ListItem","position":3,"name":"Zip Ties","item":"https:\/\/www.jyiele.com\/de\/product-category\/zip-ties\/"},{"@type":"ListItem","position":4,"name":"Plastic Self-Locking Eco-Friendly Nylon Cable Tie Wraps"}]},{"@type":"WebSite","@id":"https:\/\/www.jyiele.com\/#website","url":"https:\/\/www.jyiele.com\/","name":"JYIELE","description":"Producent wy\u0142\u0105cznik\u00f3w pr\u00f3\u017cniowych","publisher":{"@id":"https:\/\/www.jyiele.com\/#organization"},"potentialAction":[{"@type":"SearchAction","target":{"@type":"EntryPoint","urlTemplate":"https:\/\/www.jyiele.com\/?s={search_term_string}"},"query-input":{"@type":"PropertyValueSpecification","valueRequired":true,"valueName":"search_term_string"}}],"inLanguage":"pl-PL"},{"@type":"Organization","@id":"https:\/\/www.jyiele.com\/#organization","name":"JYIELE","url":"https:\/\/www.jyiele.com\/","logo":{"@type":"ImageObject","inLanguage":"pl-PL","@id":"https:\/\/www.jyiele.com\/#\/schema\/logo\/image\/","url":"https:\/\/www.jyiele.com\/wp-content\/uploads\/2024\/09\/cropped-jyele-1.webp","contentUrl":"https:\/\/www.jyiele.com\/wp-content\/uploads\/2024\/09\/cropped-jyele-1.webp","width":137,"height":60,"caption":"JYIELE"},"image":{"@id":"https:\/\/www.jyiele.com\/#\/schema\/logo\/image\/"}}]}},"_links":{"self":[{"href":"https:\/\/www.jyiele.com\/pl\/wp-json\/wp\/v2\/product\/1223","targetHints":{"allow":["GET"]}}],"collection":[{"href":"https:\/\/www.jyiele.com\/pl\/wp-json\/wp\/v2\/product"}],"about":[{"href":"https:\/\/www.jyiele.com\/pl\/wp-json\/wp\/v2\/types\/product"}],"version-history":[{"count":1,"href":"https:\/\/www.jyiele.com\/pl\/wp-json\/wp\/v2\/product\/1223\/revisions"}],"predecessor-version":[{"id":1226,"href":"https:\/\/www.jyiele.com\/pl\/wp-json\/wp\/v2\/product\/1223\/revisions\/1226"}],"wp:featuredmedia":[{"embeddable":true,"href":"https:\/\/www.jyiele.com\/pl\/wp-json\/wp\/v2\/media\/1225"}],"wp:attachment":[{"href":"https:\/\/www.jyiele.com\/pl\/wp-json\/wp\/v2\/media?parent=1223"}],"wp:term":[{"taxonomy":"product_brand","embeddable":true,"href":"https:\/\/www.jyiele.com\/pl\/wp-json\/wp\/v2\/product_brand?post=1223"},{"taxonomy":"product_cat","embeddable":true,"href":"https:\/\/www.jyiele.com\/pl\/wp-json\/wp\/v2\/product_cat?post=1223"},{"taxonomy":"product_tag","embeddable":true,"href":"https:\/\/www.jyiele.com\/pl\/wp-json\/wp\/v2\/product_tag?post=1223"}],"curies":[{"name":"wp","href":"https:\/\/api.w.org\/{rel}","templated":true}]}}