{"id":1244,"date":"2020-03-07T06:44:57","date_gmt":"2020-03-07T06:44:57","guid":{"rendered":"https:\/\/www.jy-electric.com\/?post_type=product&#038;p=1244"},"modified":"2024-09-22T06:02:33","modified_gmt":"2024-09-22T06:02:33","slug":"car-tire-anti-slip-heavy-duty-zip-ties-plastic","status":"publish","type":"product","link":"https:\/\/www.jyiele.com\/pl\/product\/car-tire-anti-slip-heavy-duty-zip-ties-plastic\/","title":{"rendered":"Opaski antypo\u015blizgowe do opon samochodowych, wytrzyma\u0142e, plastikowe"},"content":{"rendered":"<h2>Cechy produktu<\/h2>\n<p>Opona samochodowa antypo\u015blizgowa Heavy Duty Plastic Zipper Strap ma cechy antykorozyjne, antykwasowe, izolacyjne, funkcj\u0119 zatrzymywania, dobr\u0105 wytrzyma\u0142o\u015b\u0107, silne wi\u0105zanie, samonapinanie, nie\u0142atwe do starzenia, siln\u0105 odporno\u015b\u0107 na starzenie itp. Nie tylko poprawia bezpiecze\u0144stwo jazdy, ale jest r\u00f3wnie\u017c bardzo trwa\u0142y, a instalacja jest bardzo wygodna, szczeg\u00f3lnie w deszczowe i \u015bnie\u017cne dni lub w z\u0142ych warunkach drogowych.<\/p>\n<h2>Metoda instalacji<\/h2>\n<p>Bezpo\u015brednie uderzenie i dokr\u0119cenie mo\u017ce by\u0107.<\/p>\n<h2>Inny opis<\/h2>\n<p>Rozmiar \u0142a\u0144cucha antypo\u015blizgowego mo\u017cna regulowa\u0107 za pomoc\u0105 odpornego na \u015bcieranie paska, kt\u00f3ry nadaje si\u0119 do wszystkich rodzaj\u00f3w warunk\u00f3w drogowych.<br \/>\nNadaje si\u0119 do samochod\u00f3w osobowych, SUV-\u00f3w, pojazd\u00f3w u\u017cytkowych i wielu innych modeli.<\/p>\n<p><img fetchpriority=\"high\" decoding=\"async\" class=\"alignnone wp-image-1249\" src=\"https:\/\/www.jy-electric.com\/wp-content\/uploads\/2024\/09\/Ties-Plastic-300x277.webp\" alt=\"Opaski plastikowe\" width=\"488\" height=\"451\" srcset=\"https:\/\/www.jyiele.com\/wp-content\/uploads\/2024\/09\/Ties-Plastic-300x277.webp 300w, https:\/\/www.jyiele.com\/wp-content\/uploads\/2024\/09\/Ties-Plastic-13x12.webp 13w, https:\/\/www.jyiele.com\/wp-content\/uploads\/2024\/09\/Ties-Plastic-600x554.webp 600w, https:\/\/www.jyiele.com\/wp-content\/uploads\/2024\/09\/Ties-Plastic.webp 750w\" sizes=\"(max-width: 488px) 100vw, 488px\" \/><img decoding=\"async\" class=\"alignnone wp-image-1248\" style=\"font-weight: inherit;\" src=\"https:\/\/www.jy-electric.com\/wp-content\/uploads\/2024\/09\/Car-Tire-Anti-Slip-Heavy-Duty-Zip-Ties-221x300.webp\" alt=\"\" width=\"333\" height=\"452\" srcset=\"https:\/\/www.jyiele.com\/wp-content\/uploads\/2024\/09\/Car-Tire-Anti-Slip-Heavy-Duty-Zip-Ties-221x300.webp 221w, https:\/\/www.jyiele.com\/wp-content\/uploads\/2024\/09\/Car-Tire-Anti-Slip-Heavy-Duty-Zip-Ties-9x12.webp 9w, https:\/\/www.jyiele.com\/wp-content\/uploads\/2024\/09\/Car-Tire-Anti-Slip-Heavy-Duty-Zip-Ties-600x815.webp 600w, https:\/\/www.jyiele.com\/wp-content\/uploads\/2024\/09\/Car-Tire-Anti-Slip-Heavy-Duty-Zip-Ties.webp 750w\" sizes=\"(max-width: 333px) 100vw, 333px\" \/><img decoding=\"async\" class=\"alignnone wp-image-1247\" style=\"font-weight: inherit;\" src=\"https:\/\/www.jy-electric.com\/wp-content\/uploads\/2024\/09\/Zip-Ties-Plastic-175x300.webp\" alt=\"\" width=\"264\" height=\"452\" srcset=\"https:\/\/www.jyiele.com\/wp-content\/uploads\/2024\/09\/Zip-Ties-Plastic-175x300.webp 175w, https:\/\/www.jyiele.com\/wp-content\/uploads\/2024\/09\/Zip-Ties-Plastic-7x12.webp 7w\" sizes=\"(max-width: 264px) 100vw, 264px\" \/><\/p>\n<h2>FAQ<\/h2>\n<p>P 1: Jeste\u015b fabryk\u0105 czy firm\u0105 handlow\u0105?<br \/>\nJeste\u015bmy fabryk\u0105, bezpo\u015bredni zakup od nas mo\u017ce cieszy\u0107 si\u0119 najta\u0144sz\u0105 cen\u0105, op\u0142acaln\u0105.<\/p>\n<p>P 2: W jaki spos\u00f3b gwarantujesz jako\u015b\u0107 swoich produkt\u00f3w?<br \/>\nSprawdzamy wszystkie produkty 100%, aby zapewni\u0107 jako\u015b\u0107.<\/p>\n<p>P 3: Kiedy otrzymam ofert\u0119?<br \/>\nOg\u00f3lnie rzecz bior\u0105c, przedstawimy ofert\u0119 w ci\u0105gu 24 godzin od otrzymania zapytania.<\/p>\n<p>P 4: Jak mog\u0119 otrzyma\u0107 pr\u00f3bki?<br \/>\nJe\u015bli nie mo\u017cesz znale\u017a\u0107 naszych produkt\u00f3w lokalnie, mo\u017cemy wys\u0142a\u0107 Ci pr\u00f3bki. Musisz ui\u015bci\u0107 op\u0142at\u0119 za pr\u00f3bk\u0119 i koszt wysy\u0142ki.<\/p>","protected":false},"excerpt":{"rendered":"<p>Nazwa produktu \uff1a Opona samochodowa antypo\u015blizgowa, wytrzyma\u0142a opaska zaciskowa z tworzywa sztucznego<br \/>\nMarka\uff1aJYIELE<br \/>\nMateria\u0142: nowy nylon 66<br \/>\nRozmiar: 12*900 MM<br \/>\nSzeroko\u015b\u0107: 175-195 mm<br \/>\nWaga: 0,8 kg<br \/>\nOdpowiedni rozmiar ko\u0142a: 14-24 cali (nie dotyczy k\u00f3\u0142 ci\u0119\u017car\u00f3wek i k\u00f3\u0142 b\u0119bnowych)<br \/>\nTemperatura pracy: od -35\u00b0C do 85\u00b0C<br \/>\nKolor: naturalny, czarny, kolor niestandardowy<br \/>\nKlasa odporno\u015bci ogniowej: UL94V-2<br \/>\nCertyfikaty: ISO9001, CE, ROHS<br \/>\nGwarancja: 1 rok<br \/>\nZastosowanie: Zapobiega \u015blizganiu si\u0119 opon na deszczowych i za\u015bnie\u017conych drogach.<br \/>\nPr\u00f3bka: Bezp\u0142atna pr\u00f3bka<br \/>\nOEM: Wsparcie<\/p>","protected":false},"featured_media":1245,"template":"","meta":{"site-sidebar-layout":"default","site-content-layout":"","ast-site-content-layout":"default","site-content-style":"default","site-sidebar-style":"default","ast-global-header-display":"","ast-banner-title-visibility":"","ast-main-header-display":"","ast-hfb-above-header-display":"","ast-hfb-below-header-display":"","ast-hfb-mobile-header-display":"","site-post-title":"","ast-breadcrumbs-content":"","ast-featured-img":"","footer-sml-layout":"","theme-transparent-header-meta":"default","adv-header-id-meta":"","stick-header-meta":"","header-above-stick-meta":"","header-main-stick-meta":"","header-below-stick-meta":"","astra-migrate-meta-layouts":"set","ast-page-background-enabled":"default","ast-page-background-meta":{"desktop":{"background-color":"var(--ast-global-color-4)","background-image":"","background-repeat":"repeat","background-position":"center center","background-size":"auto","background-attachment":"scroll","background-type":"","background-media":"","overlay-type":"","overlay-color":"","overlay-opacity":"","overlay-gradient":""},"tablet":{"background-color":"","background-image":"","background-repeat":"repeat","background-position":"center center","background-size":"auto","background-attachment":"scroll","background-type":"","background-media":"","overlay-type":"","overlay-color":"","overlay-opacity":"","overlay-gradient":""},"mobile":{"background-color":"","background-image":"","background-repeat":"repeat","background-position":"center center","background-size":"auto","background-attachment":"scroll","background-type":"","background-media":"","overlay-type":"","overlay-color":"","overlay-opacity":"","overlay-gradient":""}},"ast-content-background-meta":{"desktop":{"background-color":"var(--ast-global-color-5)","background-image":"","background-repeat":"repeat","background-position":"center center","background-size":"auto","background-attachment":"scroll","background-type":"","background-media":"","overlay-type":"","overlay-color":"","overlay-opacity":"","overlay-gradient":""},"tablet":{"background-color":"var(--ast-global-color-5)","background-image":"","background-repeat":"repeat","background-position":"center center","background-size":"auto","background-attachment":"scroll","background-type":"","background-media":"","overlay-type":"","overlay-color":"","overlay-opacity":"","overlay-gradient":""},"mobile":{"background-color":"var(--ast-global-color-5)","background-image":"","background-repeat":"repeat","background-position":"center center","background-size":"auto","background-attachment":"scroll","background-type":"","background-media":"","overlay-type":"","overlay-color":"","overlay-opacity":"","overlay-gradient":""}}},"product_brand":[],"product_cat":[20],"product_tag":[],"class_list":{"0":"post-1244","1":"product","2":"type-product","3":"status-publish","4":"has-post-thumbnail","6":"product_cat-zip-ties","7":"desktop-align-left","8":"tablet-align-left","9":"mobile-align-left","11":"first","12":"instock","13":"shipping-taxable","14":"product-type-simple"},"yoast_head":"<!-- This site is optimized with the Yoast SEO plugin v24.8.1 - https:\/\/yoast.com\/wordpress\/plugins\/seo\/ -->\n<title>Car Tire Anti-Slip Heavy Duty Zip Ties Plastic from China manufacturer - JYIELE Electric<\/title>\n<meta name=\"description\" content=\"Car Tire Anti-Slip Heavy Duty Zip Ties Plastic offered by China manufacturer JYIELE Electric Manufacture. Buy Zip Ties directly with low price and high quality.\" \/>\n<meta name=\"robots\" content=\"index, follow, max-snippet:-1, max-image-preview:large, max-video-preview:-1\" \/>\n<link rel=\"canonical\" href=\"https:\/\/www.jyiele.com\/pl\/product\/car-tire-anti-slip-heavy-duty-zip-ties-plastic\/\" \/>\n<meta property=\"og:locale\" content=\"pl_PL\" \/>\n<meta property=\"og:type\" content=\"article\" \/>\n<meta property=\"og:title\" content=\"Car Tire Anti-Slip Heavy Duty Zip Ties Plastic from China manufacturer - JYIELE Electric\" \/>\n<meta property=\"og:description\" content=\"Car Tire Anti-Slip Heavy Duty Zip Ties Plastic offered by China manufacturer JYIELE Electric Manufacture. Buy Zip Ties directly with low price and high quality.\" \/>\n<meta property=\"og:url\" content=\"https:\/\/www.jyiele.com\/pl\/product\/car-tire-anti-slip-heavy-duty-zip-ties-plastic\/\" \/>\n<meta property=\"og:site_name\" content=\"JYIELE\" \/>\n<meta property=\"article:modified_time\" content=\"2024-09-22T06:02:33+00:00\" \/>\n<meta property=\"og:image\" content=\"https:\/\/www.jyiele.com\/wp-content\/uploads\/2024\/09\/Car-Tire-Anti-Slip-Heavy-Duty-Zip-Ties-Plastic.webp\" \/>\n\t<meta property=\"og:image:width\" content=\"800\" \/>\n\t<meta property=\"og:image:height\" content=\"800\" \/>\n\t<meta property=\"og:image:type\" content=\"image\/webp\" \/>\n<meta name=\"twitter:card\" content=\"summary_large_image\" \/>\n<meta name=\"twitter:label1\" content=\"Szacowany czas czytania\" \/>\n\t<meta name=\"twitter:data1\" content=\"2 minuty\" \/>\n<script type=\"application\/ld+json\" class=\"yoast-schema-graph\">{\"@context\":\"https:\/\/schema.org\",\"@graph\":[{\"@type\":\"WebPage\",\"@id\":\"https:\/\/www.jyiele.com\/product\/car-tire-anti-slip-heavy-duty-zip-ties-plastic\/\",\"url\":\"https:\/\/www.jyiele.com\/product\/car-tire-anti-slip-heavy-duty-zip-ties-plastic\/\",\"name\":\"Car Tire Anti-Slip Heavy Duty Zip Ties Plastic from China manufacturer - JYIELE Electric\",\"isPartOf\":{\"@id\":\"https:\/\/www.jyiele.com\/#website\"},\"primaryImageOfPage\":{\"@id\":\"https:\/\/www.jyiele.com\/product\/car-tire-anti-slip-heavy-duty-zip-ties-plastic\/#primaryimage\"},\"image\":{\"@id\":\"https:\/\/www.jyiele.com\/product\/car-tire-anti-slip-heavy-duty-zip-ties-plastic\/#primaryimage\"},\"thumbnailUrl\":\"https:\/\/www.jyiele.com\/wp-content\/uploads\/2024\/09\/Car-Tire-Anti-Slip-Heavy-Duty-Zip-Ties-Plastic.webp\",\"datePublished\":\"2020-03-07T06:44:57+00:00\",\"dateModified\":\"2024-09-22T06:02:33+00:00\",\"description\":\"Car Tire Anti-Slip Heavy Duty Zip Ties Plastic offered by China manufacturer JYIELE Electric Manufacture. Buy Zip Ties directly with low price and high quality.\",\"breadcrumb\":{\"@id\":\"https:\/\/www.jyiele.com\/product\/car-tire-anti-slip-heavy-duty-zip-ties-plastic\/#breadcrumb\"},\"inLanguage\":\"pl-PL\",\"potentialAction\":[{\"@type\":\"ReadAction\",\"target\":[\"https:\/\/www.jyiele.com\/product\/car-tire-anti-slip-heavy-duty-zip-ties-plastic\/\"]}]},{\"@type\":\"ImageObject\",\"inLanguage\":\"pl-PL\",\"@id\":\"https:\/\/www.jyiele.com\/product\/car-tire-anti-slip-heavy-duty-zip-ties-plastic\/#primaryimage\",\"url\":\"https:\/\/www.jyiele.com\/wp-content\/uploads\/2024\/09\/Car-Tire-Anti-Slip-Heavy-Duty-Zip-Ties-Plastic.webp\",\"contentUrl\":\"https:\/\/www.jyiele.com\/wp-content\/uploads\/2024\/09\/Car-Tire-Anti-Slip-Heavy-Duty-Zip-Ties-Plastic.webp\",\"width\":800,\"height\":800,\"caption\":\"Car-Tire-Anti-Slip-Heavy-Duty-Zip-Ties-Plastic\"},{\"@type\":\"BreadcrumbList\",\"@id\":\"https:\/\/www.jyiele.com\/product\/car-tire-anti-slip-heavy-duty-zip-ties-plastic\/#breadcrumb\",\"itemListElement\":[{\"@type\":\"ListItem\",\"position\":1,\"name\":\"Home\",\"item\":\"https:\/\/www.jyiele.com\/\"},{\"@type\":\"ListItem\",\"position\":2,\"name\":\"Product\",\"item\":\"https:\/\/www.jyiele.com\/product\/\"},{\"@type\":\"ListItem\",\"position\":3,\"name\":\"Zip Ties\",\"item\":\"https:\/\/www.jyiele.com\/de\/product-category\/zip-ties\/\"},{\"@type\":\"ListItem\",\"position\":4,\"name\":\"Car Tire Anti-Slip Heavy Duty Zip Ties Plastic\"}]},{\"@type\":\"WebSite\",\"@id\":\"https:\/\/www.jyiele.com\/#website\",\"url\":\"https:\/\/www.jyiele.com\/\",\"name\":\"JYIELE\",\"description\":\"Vacuum Circuit Breaker manufacturer\",\"publisher\":{\"@id\":\"https:\/\/www.jyiele.com\/#organization\"},\"potentialAction\":[{\"@type\":\"SearchAction\",\"target\":{\"@type\":\"EntryPoint\",\"urlTemplate\":\"https:\/\/www.jyiele.com\/?s={search_term_string}\"},\"query-input\":{\"@type\":\"PropertyValueSpecification\",\"valueRequired\":true,\"valueName\":\"search_term_string\"}}],\"inLanguage\":\"pl-PL\"},{\"@type\":\"Organization\",\"@id\":\"https:\/\/www.jyiele.com\/#organization\",\"name\":\"JYIELE\",\"url\":\"https:\/\/www.jyiele.com\/\",\"logo\":{\"@type\":\"ImageObject\",\"inLanguage\":\"pl-PL\",\"@id\":\"https:\/\/www.jyiele.com\/#\/schema\/logo\/image\/\",\"url\":\"https:\/\/www.jyiele.com\/wp-content\/uploads\/2024\/09\/cropped-jyele-1.webp\",\"contentUrl\":\"https:\/\/www.jyiele.com\/wp-content\/uploads\/2024\/09\/cropped-jyele-1.webp\",\"width\":137,\"height\":60,\"caption\":\"JYIELE\"},\"image\":{\"@id\":\"https:\/\/www.jyiele.com\/#\/schema\/logo\/image\/\"}}]}<\/script>\n<!-- \/ Yoast SEO plugin. -->","yoast_head_json":{"title":"Opaski antypo\u015blizgowe do opon samochodowych do du\u017cych obci\u0105\u017ce\u0144 z tworzywa sztucznego od chi\u0144skiego producenta - JYIELE Electric","description":"Opaski antypo\u015blizgowe do opon samochodowych o du\u017cej wytrzyma\u0142o\u015bci z tworzywa sztucznego oferowane przez chi\u0144skiego producenta JYIELE Electric Manufacture. Kupuj opaski zaciskowe bezpo\u015brednio w niskiej cenie i wysokiej jako\u015bci.","robots":{"index":"index","follow":"follow","max-snippet":"max-snippet:-1","max-image-preview":"max-image-preview:large","max-video-preview":"max-video-preview:-1"},"canonical":"https:\/\/www.jyiele.com\/pl\/product\/car-tire-anti-slip-heavy-duty-zip-ties-plastic\/","og_locale":"pl_PL","og_type":"article","og_title":"Car Tire Anti-Slip Heavy Duty Zip Ties Plastic from China manufacturer - JYIELE Electric","og_description":"Car Tire Anti-Slip Heavy Duty Zip Ties Plastic offered by China manufacturer JYIELE Electric Manufacture. Buy Zip Ties directly with low price and high quality.","og_url":"https:\/\/www.jyiele.com\/pl\/product\/car-tire-anti-slip-heavy-duty-zip-ties-plastic\/","og_site_name":"JYIELE","article_modified_time":"2024-09-22T06:02:33+00:00","og_image":[{"width":800,"height":800,"url":"https:\/\/www.jyiele.com\/wp-content\/uploads\/2024\/09\/Car-Tire-Anti-Slip-Heavy-Duty-Zip-Ties-Plastic.webp","type":"image\/webp"}],"twitter_card":"summary_large_image","twitter_misc":{"Szacowany czas czytania":"2 minuty"},"schema":{"@context":"https:\/\/schema.org","@graph":[{"@type":"WebPage","@id":"https:\/\/www.jyiele.com\/product\/car-tire-anti-slip-heavy-duty-zip-ties-plastic\/","url":"https:\/\/www.jyiele.com\/product\/car-tire-anti-slip-heavy-duty-zip-ties-plastic\/","name":"Opaski antypo\u015blizgowe do opon samochodowych do du\u017cych obci\u0105\u017ce\u0144 z tworzywa sztucznego od chi\u0144skiego producenta - JYIELE Electric","isPartOf":{"@id":"https:\/\/www.jyiele.com\/#website"},"primaryImageOfPage":{"@id":"https:\/\/www.jyiele.com\/product\/car-tire-anti-slip-heavy-duty-zip-ties-plastic\/#primaryimage"},"image":{"@id":"https:\/\/www.jyiele.com\/product\/car-tire-anti-slip-heavy-duty-zip-ties-plastic\/#primaryimage"},"thumbnailUrl":"https:\/\/www.jyiele.com\/wp-content\/uploads\/2024\/09\/Car-Tire-Anti-Slip-Heavy-Duty-Zip-Ties-Plastic.webp","datePublished":"2020-03-07T06:44:57+00:00","dateModified":"2024-09-22T06:02:33+00:00","description":"Opaski antypo\u015blizgowe do opon samochodowych o du\u017cej wytrzyma\u0142o\u015bci z tworzywa sztucznego oferowane przez chi\u0144skiego producenta JYIELE Electric Manufacture. Kupuj opaski zaciskowe bezpo\u015brednio w niskiej cenie i wysokiej jako\u015bci.","breadcrumb":{"@id":"https:\/\/www.jyiele.com\/product\/car-tire-anti-slip-heavy-duty-zip-ties-plastic\/#breadcrumb"},"inLanguage":"pl-PL","potentialAction":[{"@type":"ReadAction","target":["https:\/\/www.jyiele.com\/product\/car-tire-anti-slip-heavy-duty-zip-ties-plastic\/"]}]},{"@type":"ImageObject","inLanguage":"pl-PL","@id":"https:\/\/www.jyiele.com\/product\/car-tire-anti-slip-heavy-duty-zip-ties-plastic\/#primaryimage","url":"https:\/\/www.jyiele.com\/wp-content\/uploads\/2024\/09\/Car-Tire-Anti-Slip-Heavy-Duty-Zip-Ties-Plastic.webp","contentUrl":"https:\/\/www.jyiele.com\/wp-content\/uploads\/2024\/09\/Car-Tire-Anti-Slip-Heavy-Duty-Zip-Ties-Plastic.webp","width":800,"height":800,"caption":"Car-Tire-Anti-Slip-Heavy-Duty-Zip-Ties-Plastic"},{"@type":"BreadcrumbList","@id":"https:\/\/www.jyiele.com\/product\/car-tire-anti-slip-heavy-duty-zip-ties-plastic\/#breadcrumb","itemListElement":[{"@type":"ListItem","position":1,"name":"Home","item":"https:\/\/www.jyiele.com\/"},{"@type":"ListItem","position":2,"name":"Product","item":"https:\/\/www.jyiele.com\/product\/"},{"@type":"ListItem","position":3,"name":"Zip Ties","item":"https:\/\/www.jyiele.com\/de\/product-category\/zip-ties\/"},{"@type":"ListItem","position":4,"name":"Car Tire Anti-Slip Heavy Duty Zip Ties Plastic"}]},{"@type":"WebSite","@id":"https:\/\/www.jyiele.com\/#website","url":"https:\/\/www.jyiele.com\/","name":"JYIELE","description":"Producent wy\u0142\u0105cznik\u00f3w pr\u00f3\u017cniowych","publisher":{"@id":"https:\/\/www.jyiele.com\/#organization"},"potentialAction":[{"@type":"SearchAction","target":{"@type":"EntryPoint","urlTemplate":"https:\/\/www.jyiele.com\/?s={search_term_string}"},"query-input":{"@type":"PropertyValueSpecification","valueRequired":true,"valueName":"search_term_string"}}],"inLanguage":"pl-PL"},{"@type":"Organization","@id":"https:\/\/www.jyiele.com\/#organization","name":"JYIELE","url":"https:\/\/www.jyiele.com\/","logo":{"@type":"ImageObject","inLanguage":"pl-PL","@id":"https:\/\/www.jyiele.com\/#\/schema\/logo\/image\/","url":"https:\/\/www.jyiele.com\/wp-content\/uploads\/2024\/09\/cropped-jyele-1.webp","contentUrl":"https:\/\/www.jyiele.com\/wp-content\/uploads\/2024\/09\/cropped-jyele-1.webp","width":137,"height":60,"caption":"JYIELE"},"image":{"@id":"https:\/\/www.jyiele.com\/#\/schema\/logo\/image\/"}}]}},"_links":{"self":[{"href":"https:\/\/www.jyiele.com\/pl\/wp-json\/wp\/v2\/product\/1244","targetHints":{"allow":["GET"]}}],"collection":[{"href":"https:\/\/www.jyiele.com\/pl\/wp-json\/wp\/v2\/product"}],"about":[{"href":"https:\/\/www.jyiele.com\/pl\/wp-json\/wp\/v2\/types\/product"}],"version-history":[{"count":1,"href":"https:\/\/www.jyiele.com\/pl\/wp-json\/wp\/v2\/product\/1244\/revisions"}],"predecessor-version":[{"id":1246,"href":"https:\/\/www.jyiele.com\/pl\/wp-json\/wp\/v2\/product\/1244\/revisions\/1246"}],"wp:featuredmedia":[{"embeddable":true,"href":"https:\/\/www.jyiele.com\/pl\/wp-json\/wp\/v2\/media\/1245"}],"wp:attachment":[{"href":"https:\/\/www.jyiele.com\/pl\/wp-json\/wp\/v2\/media?parent=1244"}],"wp:term":[{"taxonomy":"product_brand","embeddable":true,"href":"https:\/\/www.jyiele.com\/pl\/wp-json\/wp\/v2\/product_brand?post=1244"},{"taxonomy":"product_cat","embeddable":true,"href":"https:\/\/www.jyiele.com\/pl\/wp-json\/wp\/v2\/product_cat?post=1244"},{"taxonomy":"product_tag","embeddable":true,"href":"https:\/\/www.jyiele.com\/pl\/wp-json\/wp\/v2\/product_tag?post=1244"}],"curies":[{"name":"wp","href":"https:\/\/api.w.org\/{rel}","templated":true}]}}