{"id":1321,"date":"2024-11-03T10:59:29","date_gmt":"2024-11-03T10:59:29","guid":{"rendered":"https:\/\/www.jy-electric.com\/?post_type=product&#038;p=1321"},"modified":"2025-03-09T11:43:12","modified_gmt":"2025-03-09T11:43:12","slug":"solar-wire-connectors","status":"publish","type":"product","link":"https:\/\/www.jyiele.com\/pl\/product\/solar-wire-connectors\/","title":{"rendered":"1000V 1500V DC 50Amp Ga\u0142\u0105\u017a Y 3 sposoby Y3 Y4 r\u00f3wnoleg\u0142e z\u0142\u0105cza przewod\u00f3w solarnych"},"content":{"rendered":"<h2>Niezwyk\u0142e cechy i zalety z\u0142\u0105czy przewod\u00f3w solarnych typu Y firmy JYIELE<\/h2>\n<p>Wysoka obci\u0105\u017calno\u015b\u0107 napi\u0119ciowa i pr\u0105dowa: Obs\u0142uguj\u0105c napi\u0119cie znamionowe do 1500V i pr\u0105d znamionowy do 45A, nadaj\u0105 si\u0119 do r\u00f3\u017cnych system\u00f3w energii s\u0142onecznej.<\/p>\n<p>Pot\u0119\u017cne napi\u0119cie testowe: Napi\u0119cie testowe na poziomie 8000V gwarantuje, \u017ce izolacja z\u0142\u0105cza jest wyj\u0105tkowo niezawodna.<\/p>\n<p>Szeroki zakres adaptacji temperaturowej: mo\u017cliwo\u015b\u0107 normalnej pracy w zakresie temperatur od -40\u00b0C do +90\u00b0C, do +105\u00b0C, dostosowuj\u0105c si\u0119 do r\u00f3\u017cnych \u015brodowisk.<\/p>\n<p>Doskona\u0142a ochrona: Stopie\u0144 ochrony IP68 oznacza, \u017ce jest on ca\u0142kowicie py\u0142oszczelny i mo\u017ce by\u0107 u\u017cywany w d\u0142ugich okresach zanurzenia w wodzie, dzi\u0119ki czemu nadaje si\u0119 do szerokiego zakresu trudnych \u015brodowisk.<\/p>\n<p>Niska rezystancja styku: rezystancja styku wynosz\u0105ca zaledwie 0,5 miliom\u00f3w zapewnia wydajn\u0105 transmisj\u0119 mocy i minimalne straty energii.<\/p>\n<p>Wysokie standardy bezpiecze\u0144stwa: Zgodno\u015b\u0107 z II klas\u0105 bezpiecze\u0144stwa zapewnia bezpiecze\u0144stwo u\u017cytkowania.<\/p>\n<p>Wysokiej jako\u015bci materia\u0142y: cynowana mied\u017a jest u\u017cywana do styk\u00f3w, a materia\u0142 izolacyjny to PPO, zapewniaj\u0105cy doskona\u0142\u0105 przewodno\u015b\u0107 i trwa\u0142o\u015b\u0107.<\/p>\n<p>MOCNY SYSTEM BLOKOWANIA: Zatrzaskowy system blokowania zapewnia mocne po\u0142\u0105czenie oraz \u0142atwe pod\u0142\u0105czanie i od\u0142\u0105czanie.<\/p>\n<p>W\u0142a\u015bciwo\u015bci zmniejszaj\u0105ce palno\u015b\u0107: Zgodno\u015b\u0107 z ocen\u0105 trudnopalno\u015bci UL-94-V0, kt\u00f3ra zwi\u0119ksza bezpiecze\u0144stwo produktu.<\/p>\n<p>Mo\u017cliwo\u015b\u0107 dostosowania do szerokiej gamy kabli: Kompatybilny z kablami o rozmiarach od 2,5 mm\u00b2 do 6,0 mm\u00b2, odpowiedni do szerokiego zakresu potrzeb instalacyjnych.<\/p>\n<h2>Cechy r\u00f3\u017cnych modeli<\/h2>\n<p>Tr\u00f3jnik Y3: Odpowiedni dla DC1000V, pr\u0105d znamionowy 30A, odpowiedni do pod\u0142\u0105czenia tr\u00f3jnika.<br \/>\nY3 Phillips: odpowiedni dla DC1500V, pr\u0105d znamionowy 30A, po\u0142\u0105czenie krzy\u017cowe.<br \/>\nY4 Cross: odpowiedni dla DC1000V, pr\u0105d znamionowy 30A, z konstrukcj\u0105 krzy\u017cow\u0105.<br \/>\nY5 Cross 1500V: Odpowiedni dla DC1500V, pr\u0105d znamionowy 30A, przeznaczony do \u015brodowiska wysokiego napi\u0119cia.<\/p>\n<h2 class=\"bot_tit flex f-js\">Parametry produktu<\/h2>\n<div class=\"bot_con\">\n<div class=\"des show\">\n<figure class=\"wp-block-table\">\n<div class=\"scroll\">\n<table>\n<tbody>\n<tr>\n<td>Nr seryjny.<\/td>\n<td>Parametr<\/td>\n<td>Parametr<\/td>\n<\/tr>\n<tr>\n<td>1<\/td>\n<td>Typ<\/td>\n<td>Z\u0142\u0105cze bezpiecznika solarnego<\/td>\n<\/tr>\n<tr>\n<td>2<\/td>\n<td>Napi\u0119cie znamionowe<\/td>\n<td>1000 V \/ 1500 V DC<\/td>\n<\/tr>\n<tr>\n<td>3<\/td>\n<td>Pr\u0105d znamionowy<\/td>\n<td>2A-45A<\/td>\n<\/tr>\n<tr>\n<td>4<\/td>\n<td>Napi\u0119cie testowe<\/td>\n<td>8000V (50Hz, 1min)<\/td>\n<\/tr>\n<tr>\n<td>5<\/td>\n<td>Zakres temperatur<\/td>\n<td>-40\u00b0C ...+90\u00b0C<\/td>\n<\/tr>\n<tr>\n<td>6<\/td>\n<td>G\u00f3rna temperatura graniczna<\/td>\n<td>+105\u00b0C<\/td>\n<\/tr>\n<tr>\n<td>7<\/td>\n<td>Stopie\u0144 ochrony<\/td>\n<td>IP2X\/ IP68<\/td>\n<\/tr>\n<tr>\n<td>8<\/td>\n<td>Rezystancja styku z\u0142\u0105czy wtykowych<\/td>\n<td>0,5 m\u03a9<\/td>\n<\/tr>\n<tr>\n<td>9<\/td>\n<td>Klasa bezpiecze\u0144stwa<\/td>\n<td>\u2161<\/td>\n<\/tr>\n<tr>\n<td>10<\/td>\n<td>Materia\u0142 kontaktowy<\/td>\n<td>Mied\u017a, ocynowana<\/td>\n<\/tr>\n<tr>\n<td>11<\/td>\n<td>Materia\u0142 izolacyjny<\/td>\n<td>PPO<\/td>\n<\/tr>\n<tr>\n<td>12<\/td>\n<td>Si\u0142a wycofuj\u0105ca\/si\u0142a wprowadzaj\u0105ca<\/td>\n<td>\u226550N\/\u226450N<\/td>\n<\/tr>\n<tr>\n<td>13<\/td>\n<td>System blokuj\u0105cy<\/td>\n<td>Zatrzask<\/td>\n<\/tr>\n<tr>\n<td>14<\/td>\n<td>Klasa p\u0142omienia<\/td>\n<td>UL-94-V0<\/td>\n<\/tr>\n<tr>\n<td>15<\/td>\n<td>Specyfikacja kabla<\/td>\n<td>2,5 mm\u00b2-6,0 mm\u00b2 14AWG-10AWG<\/td>\n<\/tr>\n<tr>\n<td>16<\/td>\n<td>Napi\u0119cie udarowe<\/td>\n<td>6000 V AC (1 min) 2200 V DC (1 min)<\/td>\n<\/tr>\n<\/tbody>\n<\/table>\n<\/div>\n<\/figure>\n<div class=\"wp-block-media-text is-stacked-on-mobile\">\n<figure class=\"wp-block-media-text__media\"><img fetchpriority=\"high\" decoding=\"async\" class=\"alignnone wp-image-1324 size-full\" src=\"https:\/\/www.jy-electric.com\/wp-content\/uploads\/2024\/09\/Y3-Tee-connector.webp\" alt=\"Z\u0142\u0105cze tr\u00f3jnika Y3\" width=\"693\" height=\"345\" srcset=\"https:\/\/www.jyiele.com\/wp-content\/uploads\/2024\/09\/Y3-Tee-connector.webp 693w, https:\/\/www.jyiele.com\/wp-content\/uploads\/2024\/09\/Y3-Tee-connector-300x149.webp 300w, https:\/\/www.jyiele.com\/wp-content\/uploads\/2024\/09\/Y3-Tee-connector-18x9.webp 18w, https:\/\/www.jyiele.com\/wp-content\/uploads\/2024\/09\/Y3-Tee-connector-600x299.webp 600w\" sizes=\"(max-width: 693px) 100vw, 693px\" \/><\/figure>\n<div class=\"wp-block-media-text__content\">\n<p>Model produktu: koszulka Y3<br \/>\nMateria\u0142 rdzenia Mied\u017a ocynowana typu otwartego<br \/>\nNapi\u0119cie znamionowe\u2264DC1000V<br \/>\nPr\u0105d znamionowy\u226430A<\/p>\n<\/div>\n<\/div>\n<div class=\"wp-block-media-text is-stacked-on-mobile\">\n<figure class=\"wp-block-media-text__media\"><img decoding=\"async\" class=\"alignnone wp-image-1323 size-full\" src=\"https:\/\/www.jy-electric.com\/wp-content\/uploads\/2024\/09\/Y3-Phillips-connector.webp\" alt=\"Y3 Z\u0142\u0105cze krzy\u017cowe\" width=\"719\" height=\"322\" srcset=\"https:\/\/www.jyiele.com\/wp-content\/uploads\/2024\/09\/Y3-Phillips-connector.webp 719w, https:\/\/www.jyiele.com\/wp-content\/uploads\/2024\/09\/Y3-Phillips-connector-300x134.webp 300w, https:\/\/www.jyiele.com\/wp-content\/uploads\/2024\/09\/Y3-Phillips-connector-18x8.webp 18w, https:\/\/www.jyiele.com\/wp-content\/uploads\/2024\/09\/Y3-Phillips-connector-600x269.webp 600w\" sizes=\"(max-width: 719px) 100vw, 719px\" \/><\/figure>\n<div class=\"wp-block-media-text__content\">\n<p>Model produktu: Y3 Cross<br \/>\nMateria\u0142 rdzenia Miedziowany typ otwarty<br \/>\nNapi\u0119cie znamionowe\u2264DC1500V<br \/>\nPr\u0105d znamionowy\u226430A<\/p>\n<\/div>\n<\/div>\n<div class=\"wp-block-media-text is-stacked-on-mobile\">\n<figure class=\"wp-block-media-text__media\"><img decoding=\"async\" class=\"alignnone wp-image-1325 size-full\" title=\"Y4 Phillips Solar Connector\" src=\"https:\/\/www.jy-electric.com\/wp-content\/uploads\/2024\/09\/Y4-Phillips-Solar-Connector.webp\" alt=\"Y4 Phillips Solar Connector\" width=\"779\" height=\"374\" srcset=\"https:\/\/www.jyiele.com\/wp-content\/uploads\/2024\/09\/Y4-Phillips-Solar-Connector.webp 779w, https:\/\/www.jyiele.com\/wp-content\/uploads\/2024\/09\/Y4-Phillips-Solar-Connector-300x144.webp 300w, https:\/\/www.jyiele.com\/wp-content\/uploads\/2024\/09\/Y4-Phillips-Solar-Connector-768x369.webp 768w, https:\/\/www.jyiele.com\/wp-content\/uploads\/2024\/09\/Y4-Phillips-Solar-Connector-18x9.webp 18w, https:\/\/www.jyiele.com\/wp-content\/uploads\/2024\/09\/Y4-Phillips-Solar-Connector-600x288.webp 600w\" sizes=\"(max-width: 779px) 100vw, 779px\" \/><\/figure>\n<div class=\"wp-block-media-text__content\">\n<p>Model produktu: Y4 Cross<br \/>\nMateria\u0142 rdzenia miedziowany typu otwartego<br \/>\nNapi\u0119cie znamionowe\u2264DC1000V<br \/>\nPr\u0105d znamionowy\u226430A<\/p>\n<\/div>\n<\/div>\n<div class=\"wp-block-media-text is-stacked-on-mobile\">\n<figure class=\"wp-block-media-text__media\"><img loading=\"lazy\" decoding=\"async\" class=\"alignnone wp-image-1326 size-full\" title=\"Z\u0142\u0105cze solarne Y5 Cross 1500V\" src=\"https:\/\/www.jy-electric.com\/wp-content\/uploads\/2024\/09\/Y5-Cross-1500V-Solar-Connector.webp\" alt=\"Z\u0142\u0105cze solarne Y5 Cross 1500V\" width=\"734\" height=\"367\" srcset=\"https:\/\/www.jyiele.com\/wp-content\/uploads\/2024\/09\/Y5-Cross-1500V-Solar-Connector.webp 734w, https:\/\/www.jyiele.com\/wp-content\/uploads\/2024\/09\/Y5-Cross-1500V-Solar-Connector-300x150.webp 300w, https:\/\/www.jyiele.com\/wp-content\/uploads\/2024\/09\/Y5-Cross-1500V-Solar-Connector-18x9.webp 18w, https:\/\/www.jyiele.com\/wp-content\/uploads\/2024\/09\/Y5-Cross-1500V-Solar-Connector-600x300.webp 600w\" sizes=\"(max-width: 734px) 100vw, 734px\" \/><\/figure>\n<div class=\"wp-block-media-text__content\">\n<p>Model produktu: y5 Cross 1500V<br \/>\nMateria\u0142 rdzenia Miedziowany typ otwarty<br \/>\nNapi\u0119cie znamionowe\u2264DC1500V<br \/>\nPr\u0105d znamionowy\u226430A<\/p>\n<\/div>\n<\/div>\n<\/div>\n<\/div>","protected":false},"excerpt":{"rendered":"<p>Z\u0142\u0105cza przewod\u00f3w solarnych JYIELE przechodz\u0105 rygorystyczne kontrole jako\u015bci, aby zapewni\u0107, \u017ce ka\u017cdy produkt zapewnia sp\u00f3jne i niezawodne dzia\u0142anie. Niezale\u017cnie od tego, czy potrzebujesz wysokiego napi\u0119cia, niskiej rezystancji styku czy wysokiego poziomu ochrony, to z\u0142\u0105cze mo\u017ce je wszystkie spe\u0142ni\u0107.<\/p>","protected":false},"featured_media":1322,"template":"","meta":{"site-sidebar-layout":"default","site-content-layout":"","ast-site-content-layout":"default","site-content-style":"default","site-sidebar-style":"default","ast-global-header-display":"","ast-banner-title-visibility":"","ast-main-header-display":"","ast-hfb-above-header-display":"","ast-hfb-below-header-display":"","ast-hfb-mobile-header-display":"","site-post-title":"","ast-breadcrumbs-content":"","ast-featured-img":"","footer-sml-layout":"","ast-disable-related-posts":"","theme-transparent-header-meta":"default","adv-header-id-meta":"","stick-header-meta":"","header-above-stick-meta":"","header-main-stick-meta":"","header-below-stick-meta":"","astra-migrate-meta-layouts":"set","ast-page-background-enabled":"default","ast-page-background-meta":{"desktop":{"background-color":"var(--ast-global-color-4)","background-image":"","background-repeat":"repeat","background-position":"center center","background-size":"auto","background-attachment":"scroll","background-type":"","background-media":"","overlay-type":"","overlay-color":"","overlay-opacity":"","overlay-gradient":""},"tablet":{"background-color":"","background-image":"","background-repeat":"repeat","background-position":"center center","background-size":"auto","background-attachment":"scroll","background-type":"","background-media":"","overlay-type":"","overlay-color":"","overlay-opacity":"","overlay-gradient":""},"mobile":{"background-color":"","background-image":"","background-repeat":"repeat","background-position":"center center","background-size":"auto","background-attachment":"scroll","background-type":"","background-media":"","overlay-type":"","overlay-color":"","overlay-opacity":"","overlay-gradient":""}},"ast-content-background-meta":{"desktop":{"background-color":"var(--ast-global-color-5)","background-image":"","background-repeat":"repeat","background-position":"center center","background-size":"auto","background-attachment":"scroll","background-type":"","background-media":"","overlay-type":"","overlay-color":"","overlay-opacity":"","overlay-gradient":""},"tablet":{"background-color":"var(--ast-global-color-5)","background-image":"","background-repeat":"repeat","background-position":"center center","background-size":"auto","background-attachment":"scroll","background-type":"","background-media":"","overlay-type":"","overlay-color":"","overlay-opacity":"","overlay-gradient":""},"mobile":{"background-color":"var(--ast-global-color-5)","background-image":"","background-repeat":"repeat","background-position":"center center","background-size":"auto","background-attachment":"scroll","background-type":"","background-media":"","overlay-type":"","overlay-color":"","overlay-opacity":"","overlay-gradient":""}}},"product_brand":[],"product_cat":[19],"product_tag":[],"class_list":{"0":"post-1321","1":"product","2":"type-product","3":"status-publish","4":"has-post-thumbnail","6":"product_cat-mc4-connector","7":"desktop-align-left","8":"tablet-align-left","9":"mobile-align-left","11":"first","12":"instock","13":"shipping-taxable","14":"product-type-simple"},"yoast_head":"<!-- This site is optimized with the Yoast SEO plugin v24.8.1 - https:\/\/yoast.com\/wordpress\/plugins\/seo\/ -->\n<title>Best China Solar Wire Connectors Manufacturer - JYIELE<\/title>\n<meta name=\"description\" content=\"JYIELE&#039;s solar wire connectors pass rigorous quality checks to ensure that each product provides consistent and reliable performance. Whether your needs are for high voltage, low contact resistance, or a high level of protection, this connector will meet them all.\" \/>\n<meta name=\"robots\" content=\"index, follow, max-snippet:-1, max-image-preview:large, max-video-preview:-1\" \/>\n<link rel=\"canonical\" href=\"https:\/\/www.jyiele.com\/pl\/product\/solar-wire-connectors\/\" \/>\n<meta property=\"og:locale\" content=\"pl_PL\" \/>\n<meta property=\"og:type\" content=\"article\" \/>\n<meta property=\"og:title\" content=\"Best China Solar Wire Connectors Manufacturer - JYIELE\" \/>\n<meta property=\"og:description\" content=\"JYIELE&#039;s solar wire connectors pass rigorous quality checks to ensure that each product provides consistent and reliable performance. Whether your needs are for high voltage, low contact resistance, or a high level of protection, this connector will meet them all.\" \/>\n<meta property=\"og:url\" content=\"https:\/\/www.jyiele.com\/pl\/product\/solar-wire-connectors\/\" \/>\n<meta property=\"og:site_name\" content=\"JYIELE\" \/>\n<meta property=\"article:modified_time\" content=\"2025-03-09T11:43:12+00:00\" \/>\n<meta property=\"og:image\" content=\"https:\/\/www.jyiele.com\/wp-content\/uploads\/2024\/09\/1000V-1500V-DC-50Amp-Y-branch-3-ways-Y3-Y4-solar-wire-connectors-parallel.webp\" \/>\n\t<meta property=\"og:image:width\" content=\"800\" \/>\n\t<meta property=\"og:image:height\" content=\"800\" \/>\n\t<meta property=\"og:image:type\" content=\"image\/webp\" \/>\n<meta name=\"twitter:card\" content=\"summary_large_image\" \/>\n<meta name=\"twitter:label1\" content=\"Szacowany czas czytania\" \/>\n\t<meta name=\"twitter:data1\" content=\"3 minuty\" \/>\n<script type=\"application\/ld+json\" class=\"yoast-schema-graph\">{\"@context\":\"https:\/\/schema.org\",\"@graph\":[{\"@type\":\"WebPage\",\"@id\":\"https:\/\/www.jyiele.com\/product\/solar-wire-connectors\/\",\"url\":\"https:\/\/www.jyiele.com\/product\/solar-wire-connectors\/\",\"name\":\"Best China Solar Wire Connectors Manufacturer - JYIELE\",\"isPartOf\":{\"@id\":\"https:\/\/www.jyiele.com\/#website\"},\"primaryImageOfPage\":{\"@id\":\"https:\/\/www.jyiele.com\/product\/solar-wire-connectors\/#primaryimage\"},\"image\":{\"@id\":\"https:\/\/www.jyiele.com\/product\/solar-wire-connectors\/#primaryimage\"},\"thumbnailUrl\":\"https:\/\/www.jyiele.com\/wp-content\/uploads\/2024\/09\/1000V-1500V-DC-50Amp-Y-branch-3-ways-Y3-Y4-solar-wire-connectors-parallel.webp\",\"datePublished\":\"2024-11-03T10:59:29+00:00\",\"dateModified\":\"2025-03-09T11:43:12+00:00\",\"description\":\"JYIELE's solar wire connectors pass rigorous quality checks to ensure that each product provides consistent and reliable performance. Whether your needs are for high voltage, low contact resistance, or a high level of protection, this connector will meet them all.\",\"breadcrumb\":{\"@id\":\"https:\/\/www.jyiele.com\/product\/solar-wire-connectors\/#breadcrumb\"},\"inLanguage\":\"pl-PL\",\"potentialAction\":[{\"@type\":\"ReadAction\",\"target\":[\"https:\/\/www.jyiele.com\/product\/solar-wire-connectors\/\"]}]},{\"@type\":\"ImageObject\",\"inLanguage\":\"pl-PL\",\"@id\":\"https:\/\/www.jyiele.com\/product\/solar-wire-connectors\/#primaryimage\",\"url\":\"https:\/\/www.jyiele.com\/wp-content\/uploads\/2024\/09\/1000V-1500V-DC-50Amp-Y-branch-3-ways-Y3-Y4-solar-wire-connectors-parallel.webp\",\"contentUrl\":\"https:\/\/www.jyiele.com\/wp-content\/uploads\/2024\/09\/1000V-1500V-DC-50Amp-Y-branch-3-ways-Y3-Y4-solar-wire-connectors-parallel.webp\",\"width\":800,\"height\":800,\"caption\":\"1000V 1500V DC 50Amp Y branch 3 ways Y3 Y4 solar wire connectors parallel\"},{\"@type\":\"BreadcrumbList\",\"@id\":\"https:\/\/www.jyiele.com\/product\/solar-wire-connectors\/#breadcrumb\",\"itemListElement\":[{\"@type\":\"ListItem\",\"position\":1,\"name\":\"Home\",\"item\":\"https:\/\/www.jyiele.com\/\"},{\"@type\":\"ListItem\",\"position\":2,\"name\":\"Product\",\"item\":\"https:\/\/www.jyiele.com\/product\/\"},{\"@type\":\"ListItem\",\"position\":3,\"name\":\"MC4 Connector\",\"item\":\"https:\/\/www.jyiele.com\/product-category\/mc4-connector\/\"},{\"@type\":\"ListItem\",\"position\":4,\"name\":\"1000V 1500V DC 50Amp Y branch 3 ways Y3 Y4 solar wire connectors parallel\"}]},{\"@type\":\"WebSite\",\"@id\":\"https:\/\/www.jyiele.com\/#website\",\"url\":\"https:\/\/www.jyiele.com\/\",\"name\":\"JYIELE\",\"description\":\"Vacuum Circuit Breaker manufacturer\",\"publisher\":{\"@id\":\"https:\/\/www.jyiele.com\/#organization\"},\"potentialAction\":[{\"@type\":\"SearchAction\",\"target\":{\"@type\":\"EntryPoint\",\"urlTemplate\":\"https:\/\/www.jyiele.com\/?s={search_term_string}\"},\"query-input\":{\"@type\":\"PropertyValueSpecification\",\"valueRequired\":true,\"valueName\":\"search_term_string\"}}],\"inLanguage\":\"pl-PL\"},{\"@type\":\"Organization\",\"@id\":\"https:\/\/www.jyiele.com\/#organization\",\"name\":\"JYIELE\",\"url\":\"https:\/\/www.jyiele.com\/\",\"logo\":{\"@type\":\"ImageObject\",\"inLanguage\":\"pl-PL\",\"@id\":\"https:\/\/www.jyiele.com\/#\/schema\/logo\/image\/\",\"url\":\"https:\/\/www.jyiele.com\/wp-content\/uploads\/2024\/09\/cropped-jyele-1.webp\",\"contentUrl\":\"https:\/\/www.jyiele.com\/wp-content\/uploads\/2024\/09\/cropped-jyele-1.webp\",\"width\":137,\"height\":60,\"caption\":\"JYIELE\"},\"image\":{\"@id\":\"https:\/\/www.jyiele.com\/#\/schema\/logo\/image\/\"}}]}<\/script>\n<!-- \/ Yoast SEO plugin. -->","yoast_head_json":{"title":"Najlepszy chi\u0144ski producent z\u0142\u0105czy do przewod\u00f3w solarnych - JYIELE","description":"Z\u0142\u0105cza przewod\u00f3w solarnych JYIELE przechodz\u0105 rygorystyczne kontrole jako\u015bci, aby zapewni\u0107, \u017ce ka\u017cdy produkt zapewnia sp\u00f3jne i niezawodne dzia\u0142anie. Niezale\u017cnie od tego, czy potrzebujesz wysokiego napi\u0119cia, niskiej rezystancji styku, czy wysokiego poziomu ochrony, to z\u0142\u0105cze spe\u0142ni wszystkie te wymagania.","robots":{"index":"index","follow":"follow","max-snippet":"max-snippet:-1","max-image-preview":"max-image-preview:large","max-video-preview":"max-video-preview:-1"},"canonical":"https:\/\/www.jyiele.com\/pl\/product\/solar-wire-connectors\/","og_locale":"pl_PL","og_type":"article","og_title":"Best China Solar Wire Connectors Manufacturer - JYIELE","og_description":"JYIELE's solar wire connectors pass rigorous quality checks to ensure that each product provides consistent and reliable performance. Whether your needs are for high voltage, low contact resistance, or a high level of protection, this connector will meet them all.","og_url":"https:\/\/www.jyiele.com\/pl\/product\/solar-wire-connectors\/","og_site_name":"JYIELE","article_modified_time":"2025-03-09T11:43:12+00:00","og_image":[{"width":800,"height":800,"url":"https:\/\/www.jyiele.com\/wp-content\/uploads\/2024\/09\/1000V-1500V-DC-50Amp-Y-branch-3-ways-Y3-Y4-solar-wire-connectors-parallel.webp","type":"image\/webp"}],"twitter_card":"summary_large_image","twitter_misc":{"Szacowany czas czytania":"3 minuty"},"schema":{"@context":"https:\/\/schema.org","@graph":[{"@type":"WebPage","@id":"https:\/\/www.jyiele.com\/product\/solar-wire-connectors\/","url":"https:\/\/www.jyiele.com\/product\/solar-wire-connectors\/","name":"Najlepszy chi\u0144ski producent z\u0142\u0105czy do przewod\u00f3w solarnych - JYIELE","isPartOf":{"@id":"https:\/\/www.jyiele.com\/#website"},"primaryImageOfPage":{"@id":"https:\/\/www.jyiele.com\/product\/solar-wire-connectors\/#primaryimage"},"image":{"@id":"https:\/\/www.jyiele.com\/product\/solar-wire-connectors\/#primaryimage"},"thumbnailUrl":"https:\/\/www.jyiele.com\/wp-content\/uploads\/2024\/09\/1000V-1500V-DC-50Amp-Y-branch-3-ways-Y3-Y4-solar-wire-connectors-parallel.webp","datePublished":"2024-11-03T10:59:29+00:00","dateModified":"2025-03-09T11:43:12+00:00","description":"Z\u0142\u0105cza przewod\u00f3w solarnych JYIELE przechodz\u0105 rygorystyczne kontrole jako\u015bci, aby zapewni\u0107, \u017ce ka\u017cdy produkt zapewnia sp\u00f3jne i niezawodne dzia\u0142anie. Niezale\u017cnie od tego, czy potrzebujesz wysokiego napi\u0119cia, niskiej rezystancji styku, czy wysokiego poziomu ochrony, to z\u0142\u0105cze spe\u0142ni wszystkie te wymagania.","breadcrumb":{"@id":"https:\/\/www.jyiele.com\/product\/solar-wire-connectors\/#breadcrumb"},"inLanguage":"pl-PL","potentialAction":[{"@type":"ReadAction","target":["https:\/\/www.jyiele.com\/product\/solar-wire-connectors\/"]}]},{"@type":"ImageObject","inLanguage":"pl-PL","@id":"https:\/\/www.jyiele.com\/product\/solar-wire-connectors\/#primaryimage","url":"https:\/\/www.jyiele.com\/wp-content\/uploads\/2024\/09\/1000V-1500V-DC-50Amp-Y-branch-3-ways-Y3-Y4-solar-wire-connectors-parallel.webp","contentUrl":"https:\/\/www.jyiele.com\/wp-content\/uploads\/2024\/09\/1000V-1500V-DC-50Amp-Y-branch-3-ways-Y3-Y4-solar-wire-connectors-parallel.webp","width":800,"height":800,"caption":"1000V 1500V DC 50Amp Y branch 3 ways Y3 Y4 solar wire connectors parallel"},{"@type":"BreadcrumbList","@id":"https:\/\/www.jyiele.com\/product\/solar-wire-connectors\/#breadcrumb","itemListElement":[{"@type":"ListItem","position":1,"name":"Home","item":"https:\/\/www.jyiele.com\/"},{"@type":"ListItem","position":2,"name":"Product","item":"https:\/\/www.jyiele.com\/product\/"},{"@type":"ListItem","position":3,"name":"MC4 Connector","item":"https:\/\/www.jyiele.com\/product-category\/mc4-connector\/"},{"@type":"ListItem","position":4,"name":"1000V 1500V DC 50Amp Y branch 3 ways Y3 Y4 solar wire connectors parallel"}]},{"@type":"WebSite","@id":"https:\/\/www.jyiele.com\/#website","url":"https:\/\/www.jyiele.com\/","name":"JYIELE","description":"Producent wy\u0142\u0105cznik\u00f3w pr\u00f3\u017cniowych","publisher":{"@id":"https:\/\/www.jyiele.com\/#organization"},"potentialAction":[{"@type":"SearchAction","target":{"@type":"EntryPoint","urlTemplate":"https:\/\/www.jyiele.com\/?s={search_term_string}"},"query-input":{"@type":"PropertyValueSpecification","valueRequired":true,"valueName":"search_term_string"}}],"inLanguage":"pl-PL"},{"@type":"Organization","@id":"https:\/\/www.jyiele.com\/#organization","name":"JYIELE","url":"https:\/\/www.jyiele.com\/","logo":{"@type":"ImageObject","inLanguage":"pl-PL","@id":"https:\/\/www.jyiele.com\/#\/schema\/logo\/image\/","url":"https:\/\/www.jyiele.com\/wp-content\/uploads\/2024\/09\/cropped-jyele-1.webp","contentUrl":"https:\/\/www.jyiele.com\/wp-content\/uploads\/2024\/09\/cropped-jyele-1.webp","width":137,"height":60,"caption":"JYIELE"},"image":{"@id":"https:\/\/www.jyiele.com\/#\/schema\/logo\/image\/"}}]}},"_links":{"self":[{"href":"https:\/\/www.jyiele.com\/pl\/wp-json\/wp\/v2\/product\/1321","targetHints":{"allow":["GET"]}}],"collection":[{"href":"https:\/\/www.jyiele.com\/pl\/wp-json\/wp\/v2\/product"}],"about":[{"href":"https:\/\/www.jyiele.com\/pl\/wp-json\/wp\/v2\/types\/product"}],"version-history":[{"count":2,"href":"https:\/\/www.jyiele.com\/pl\/wp-json\/wp\/v2\/product\/1321\/revisions"}],"predecessor-version":[{"id":1472,"href":"https:\/\/www.jyiele.com\/pl\/wp-json\/wp\/v2\/product\/1321\/revisions\/1472"}],"wp:featuredmedia":[{"embeddable":true,"href":"https:\/\/www.jyiele.com\/pl\/wp-json\/wp\/v2\/media\/1322"}],"wp:attachment":[{"href":"https:\/\/www.jyiele.com\/pl\/wp-json\/wp\/v2\/media?parent=1321"}],"wp:term":[{"taxonomy":"product_brand","embeddable":true,"href":"https:\/\/www.jyiele.com\/pl\/wp-json\/wp\/v2\/product_brand?post=1321"},{"taxonomy":"product_cat","embeddable":true,"href":"https:\/\/www.jyiele.com\/pl\/wp-json\/wp\/v2\/product_cat?post=1321"},{"taxonomy":"product_tag","embeddable":true,"href":"https:\/\/www.jyiele.com\/pl\/wp-json\/wp\/v2\/product_tag?post=1321"}],"curies":[{"name":"wp","href":"https:\/\/api.w.org\/{rel}","templated":true}]}}