{"id":1328,"date":"2024-11-03T11:26:49","date_gmt":"2024-11-03T11:26:49","guid":{"rendered":"https:\/\/www.jy-electric.com\/?post_type=product&#038;p=1328"},"modified":"2025-03-09T11:42:43","modified_gmt":"2025-03-09T11:42:43","slug":"mc4-solar-panel-connectors","status":"publish","type":"product","link":"https:\/\/www.jyiele.com\/pl\/product\/mc4-solar-panel-connectors\/","title":{"rendered":"Dostosowane z\u0142\u0105cza paneli kabli s\u0142onecznych MC4 1000V 1500V DC 50Amp"},"content":{"rendered":"<h2>Cechy produktu<\/h2>\n<p>WYSOKIE NAPI\u0118CIE: Obs\u0142uguje do 1000 V DC, co pozwala sprosta\u0107 r\u00f3\u017cnym wymaganiom w zakresie zasilania.<\/p>\n<p>Trwa\u0142a konstrukcja: pow\u0142oka jest odporna na starzenie i promienie UV, dzi\u0119ki czemu mo\u017ce by\u0107 u\u017cywana przez d\u0142ugi czas, nawet w trudnych warunkach pogodowych.<\/p>\n<p>Silny pr\u0105d: Mo\u017ce przenosi\u0107 wysokie nat\u0119\u017cenie pr\u0105du, zapewniaj\u0105c stabiln\u0105 i wydajn\u0105 transmisj\u0119 mocy.<\/p>\n<p>Bezpiecze\u0144stwo i niezawodno\u015b\u0107: Zapobiega zwarciom i wyciekom, zapewniaj\u0105c bezpiecze\u0144stwo systemu.<\/p>\n<p>\u0141atwa instalacja: Ciasna konstrukcja ta\u015bmy dostosowuje si\u0119 do r\u00f3\u017cnych \u015brednic kabli, a pod\u0142\u0105czanie i od\u0142\u0105czanie jest r\u00f3wnie\u017c proste, z si\u0142\u0105 wk\u0142adania mniejsz\u0105 ni\u017c 50N i si\u0142\u0105 ci\u0105gni\u0119cia wi\u0119ksz\u0105 ni\u017c 50N.<\/p>\n<p>Wysokiej jako\u015bci materia\u0142y: cynowana mied\u017a na styki, rezystancja poni\u017cej 0,5 miliom\u00f3w, materia\u0142 izolacyjny to PPO, niezawodne dzia\u0142anie.<\/p>\n<p>Wysoki poziom ochrony: IP67 wodoodporny i py\u0142oszczelny, odpowiedni do r\u00f3\u017cnych \u015brodowisk zewn\u0119trznych. Poziom zanieczyszczenia 2 i poziom ochrony II zwi\u0119kszaj\u0105 bezpiecze\u0144stwo.<\/p>\n<p>Szeroki zakres temperatur: mo\u017ce by\u0107 u\u017cywany w temperaturach od -40\u00b0C do +90\u00b0C, dostosowuj\u0105c si\u0119 do r\u00f3\u017cnych warunk\u00f3w klimatycznych.<\/p>\n<p>Silna kompatybilno\u015b\u0107: dostosowuje si\u0119 do kabla solarnego 4,0 mm\u00b2 z wtykiem 4,0 mm, kt\u00f3ry pasuje do wi\u0119kszo\u015bci system\u00f3w.<\/p>\n<p><img fetchpriority=\"high\" decoding=\"async\" class=\"alignnone wp-image-1329 size-full\" title=\"MC4 Z\u0142\u0105cza panelu s\u0142onecznego\" src=\"https:\/\/www.jy-electric.com\/wp-content\/uploads\/2024\/09\/MC4-Solar-panel-connectors.webp\" alt=\"MC4 Z\u0142\u0105cza panelu s\u0142onecznego\" width=\"750\" height=\"377\" srcset=\"https:\/\/www.jyiele.com\/wp-content\/uploads\/2024\/09\/MC4-Solar-panel-connectors.webp 750w, https:\/\/www.jyiele.com\/wp-content\/uploads\/2024\/09\/MC4-Solar-panel-connectors-300x151.webp 300w, https:\/\/www.jyiele.com\/wp-content\/uploads\/2024\/09\/MC4-Solar-panel-connectors-18x9.webp 18w, https:\/\/www.jyiele.com\/wp-content\/uploads\/2024\/09\/MC4-Solar-panel-connectors-600x302.webp 600w\" sizes=\"(max-width: 750px) 100vw, 750px\" \/><\/p>\n<h2>Parametry produktu<\/h2>\n<table>\n<tbody>\n<tr>\n<td>Nr seryjny.<\/td>\n<td>Parametr<\/td>\n<td>Parametr<\/td>\n<\/tr>\n<tr>\n<td>1<\/td>\n<td>Typ<\/td>\n<td>Z\u0142\u0105cze bezpiecznika solarnego<\/td>\n<\/tr>\n<tr>\n<td>2<\/td>\n<td>Napi\u0119cie znamionowe<\/td>\n<td>1000 V \/ 1500 V DC<\/td>\n<\/tr>\n<tr>\n<td>3<\/td>\n<td>Pr\u0105d znamionowy<\/td>\n<td>2A-45A<\/td>\n<\/tr>\n<tr>\n<td>4<\/td>\n<td>Napi\u0119cie testowe<\/td>\n<td>8000V (50Hz, 1min)<\/td>\n<\/tr>\n<tr>\n<td>5<\/td>\n<td>Zakres temperatur<\/td>\n<td>-40\u00b0C ...+90\u00b0C<\/td>\n<\/tr>\n<tr>\n<td>6<\/td>\n<td>G\u00f3rna temperatura graniczna<\/td>\n<td>+105\u00b0C<\/td>\n<\/tr>\n<tr>\n<td>7<\/td>\n<td>Stopie\u0144 ochrony<\/td>\n<td>IP2X\/ IP68<\/td>\n<\/tr>\n<tr>\n<td>8<\/td>\n<td>Rezystancja styku z\u0142\u0105czy wtykowych<\/td>\n<td>0,5 m\u03a9<\/td>\n<\/tr>\n<tr>\n<td>9<\/td>\n<td>Klasa bezpiecze\u0144stwa<\/td>\n<td>\u2161<\/td>\n<\/tr>\n<tr>\n<td>10<\/td>\n<td>Materia\u0142 kontaktowy<\/td>\n<td>Mied\u017a, ocynowana<\/td>\n<\/tr>\n<tr>\n<td>11<\/td>\n<td>Materia\u0142 izolacyjny<\/td>\n<td>PPO<\/td>\n<\/tr>\n<tr>\n<td>12<\/td>\n<td>Si\u0142a wycofuj\u0105ca\/si\u0142a wprowadzaj\u0105ca<\/td>\n<td>\u226550N\/\u226450N<\/td>\n<\/tr>\n<tr>\n<td>13<\/td>\n<td>System blokuj\u0105cy<\/td>\n<td>Zatrzask<\/td>\n<\/tr>\n<tr>\n<td>14<\/td>\n<td>Klasa p\u0142omienia<\/td>\n<td>UL-94-V0<\/td>\n<\/tr>\n<tr>\n<td>15<\/td>\n<td>Specyfikacja kabla<\/td>\n<td>2,5 mm\u00b2-6,0 mm\u00b2 14AWG-10AWG<\/td>\n<\/tr>\n<\/tbody>\n<\/table>","protected":false},"excerpt":{"rendered":"<p>Z\u0142\u0105cze panelu solarnego MC4 firmy JYIELE jest trwa\u0142e, bezpieczne i \u0142atwe w instalacji, jest dobrym pomocnikiem dla systemu solarnego.<\/p>","protected":false},"featured_media":1330,"template":"","meta":{"site-sidebar-layout":"default","site-content-layout":"","ast-site-content-layout":"default","site-content-style":"default","site-sidebar-style":"default","ast-global-header-display":"","ast-banner-title-visibility":"","ast-main-header-display":"","ast-hfb-above-header-display":"","ast-hfb-below-header-display":"","ast-hfb-mobile-header-display":"","site-post-title":"","ast-breadcrumbs-content":"","ast-featured-img":"","footer-sml-layout":"","ast-disable-related-posts":"","theme-transparent-header-meta":"default","adv-header-id-meta":"","stick-header-meta":"","header-above-stick-meta":"","header-main-stick-meta":"","header-below-stick-meta":"","astra-migrate-meta-layouts":"set","ast-page-background-enabled":"default","ast-page-background-meta":{"desktop":{"background-color":"var(--ast-global-color-4)","background-image":"","background-repeat":"repeat","background-position":"center center","background-size":"auto","background-attachment":"scroll","background-type":"","background-media":"","overlay-type":"","overlay-color":"","overlay-opacity":"","overlay-gradient":""},"tablet":{"background-color":"","background-image":"","background-repeat":"repeat","background-position":"center center","background-size":"auto","background-attachment":"scroll","background-type":"","background-media":"","overlay-type":"","overlay-color":"","overlay-opacity":"","overlay-gradient":""},"mobile":{"background-color":"","background-image":"","background-repeat":"repeat","background-position":"center center","background-size":"auto","background-attachment":"scroll","background-type":"","background-media":"","overlay-type":"","overlay-color":"","overlay-opacity":"","overlay-gradient":""}},"ast-content-background-meta":{"desktop":{"background-color":"var(--ast-global-color-5)","background-image":"","background-repeat":"repeat","background-position":"center center","background-size":"auto","background-attachment":"scroll","background-type":"","background-media":"","overlay-type":"","overlay-color":"","overlay-opacity":"","overlay-gradient":""},"tablet":{"background-color":"var(--ast-global-color-5)","background-image":"","background-repeat":"repeat","background-position":"center center","background-size":"auto","background-attachment":"scroll","background-type":"","background-media":"","overlay-type":"","overlay-color":"","overlay-opacity":"","overlay-gradient":""},"mobile":{"background-color":"var(--ast-global-color-5)","background-image":"","background-repeat":"repeat","background-position":"center center","background-size":"auto","background-attachment":"scroll","background-type":"","background-media":"","overlay-type":"","overlay-color":"","overlay-opacity":"","overlay-gradient":""}}},"product_brand":[],"product_cat":[19],"product_tag":[40],"class_list":{"0":"post-1328","1":"product","2":"type-product","3":"status-publish","4":"has-post-thumbnail","6":"product_cat-mc4-connector","7":"product_tag-mc4-solar-connector","8":"desktop-align-left","9":"tablet-align-left","10":"mobile-align-left","12":"first","13":"instock","14":"shipping-taxable","15":"product-type-simple"},"yoast_head":"<!-- This site is optimized with the Yoast SEO plugin v24.8.1 - https:\/\/yoast.com\/wordpress\/plugins\/seo\/ -->\n<title>Factory customized MC4 solar cable panel connectors - JYIELE<\/title>\n<meta name=\"description\" content=\"MC4 solar cable board connector is durable and anti-aging, IP67 protection grade, high current bearing high quality raw materials, high cost performance.\" \/>\n<meta name=\"robots\" content=\"index, follow, max-snippet:-1, max-image-preview:large, max-video-preview:-1\" \/>\n<link rel=\"canonical\" href=\"https:\/\/www.jyiele.com\/pl\/product\/mc4-solar-panel-connectors\/\" \/>\n<meta property=\"og:locale\" content=\"pl_PL\" \/>\n<meta property=\"og:type\" content=\"article\" \/>\n<meta property=\"og:title\" content=\"Factory customized MC4 solar cable panel connectors - JYIELE\" \/>\n<meta property=\"og:description\" content=\"MC4 solar cable board connector is durable and anti-aging, IP67 protection grade, high current bearing high quality raw materials, high cost performance.\" \/>\n<meta property=\"og:url\" content=\"https:\/\/www.jyiele.com\/pl\/product\/mc4-solar-panel-connectors\/\" \/>\n<meta property=\"og:site_name\" content=\"JYIELE\" \/>\n<meta property=\"article:modified_time\" content=\"2025-03-09T11:42:43+00:00\" \/>\n<meta property=\"og:image\" content=\"https:\/\/www.jyiele.com\/wp-content\/uploads\/2024\/09\/MC4-Solar-cable-panel-connectors.webp\" \/>\n\t<meta property=\"og:image:width\" content=\"800\" \/>\n\t<meta property=\"og:image:height\" content=\"800\" \/>\n\t<meta property=\"og:image:type\" content=\"image\/webp\" \/>\n<meta name=\"twitter:card\" content=\"summary_large_image\" \/>\n<meta name=\"twitter:label1\" content=\"Szacowany czas czytania\" \/>\n\t<meta name=\"twitter:data1\" content=\"2 minuty\" \/>\n<script type=\"application\/ld+json\" class=\"yoast-schema-graph\">{\"@context\":\"https:\/\/schema.org\",\"@graph\":[{\"@type\":\"WebPage\",\"@id\":\"https:\/\/www.jyiele.com\/product\/mc4-solar-panel-connectors\/\",\"url\":\"https:\/\/www.jyiele.com\/product\/mc4-solar-panel-connectors\/\",\"name\":\"Factory customized MC4 solar cable panel connectors - JYIELE\",\"isPartOf\":{\"@id\":\"https:\/\/www.jyiele.com\/#website\"},\"primaryImageOfPage\":{\"@id\":\"https:\/\/www.jyiele.com\/product\/mc4-solar-panel-connectors\/#primaryimage\"},\"image\":{\"@id\":\"https:\/\/www.jyiele.com\/product\/mc4-solar-panel-connectors\/#primaryimage\"},\"thumbnailUrl\":\"https:\/\/www.jyiele.com\/wp-content\/uploads\/2024\/09\/MC4-Solar-cable-panel-connectors.webp\",\"datePublished\":\"2024-11-03T11:26:49+00:00\",\"dateModified\":\"2025-03-09T11:42:43+00:00\",\"description\":\"MC4 solar cable board connector is durable and anti-aging, IP67 protection grade, high current bearing high quality raw materials, high cost performance.\",\"breadcrumb\":{\"@id\":\"https:\/\/www.jyiele.com\/product\/mc4-solar-panel-connectors\/#breadcrumb\"},\"inLanguage\":\"pl-PL\",\"potentialAction\":[{\"@type\":\"ReadAction\",\"target\":[\"https:\/\/www.jyiele.com\/product\/mc4-solar-panel-connectors\/\"]}]},{\"@type\":\"ImageObject\",\"inLanguage\":\"pl-PL\",\"@id\":\"https:\/\/www.jyiele.com\/product\/mc4-solar-panel-connectors\/#primaryimage\",\"url\":\"https:\/\/www.jyiele.com\/wp-content\/uploads\/2024\/09\/MC4-Solar-cable-panel-connectors.webp\",\"contentUrl\":\"https:\/\/www.jyiele.com\/wp-content\/uploads\/2024\/09\/MC4-Solar-cable-panel-connectors.webp\",\"width\":800,\"height\":800,\"caption\":\"MC4 Solar cable panel connectors\"},{\"@type\":\"BreadcrumbList\",\"@id\":\"https:\/\/www.jyiele.com\/product\/mc4-solar-panel-connectors\/#breadcrumb\",\"itemListElement\":[{\"@type\":\"ListItem\",\"position\":1,\"name\":\"Home\",\"item\":\"https:\/\/www.jyiele.com\/\"},{\"@type\":\"ListItem\",\"position\":2,\"name\":\"Product\",\"item\":\"https:\/\/www.jyiele.com\/product\/\"},{\"@type\":\"ListItem\",\"position\":3,\"name\":\"MC4 Connector\",\"item\":\"https:\/\/www.jyiele.com\/product-category\/mc4-connector\/\"},{\"@type\":\"ListItem\",\"position\":4,\"name\":\"Customized MC4 Solar cable panel connectors 1000V 1500V DC 50Amp\"}]},{\"@type\":\"WebSite\",\"@id\":\"https:\/\/www.jyiele.com\/#website\",\"url\":\"https:\/\/www.jyiele.com\/\",\"name\":\"JYIELE\",\"description\":\"Vacuum Circuit Breaker manufacturer\",\"publisher\":{\"@id\":\"https:\/\/www.jyiele.com\/#organization\"},\"potentialAction\":[{\"@type\":\"SearchAction\",\"target\":{\"@type\":\"EntryPoint\",\"urlTemplate\":\"https:\/\/www.jyiele.com\/?s={search_term_string}\"},\"query-input\":{\"@type\":\"PropertyValueSpecification\",\"valueRequired\":true,\"valueName\":\"search_term_string\"}}],\"inLanguage\":\"pl-PL\"},{\"@type\":\"Organization\",\"@id\":\"https:\/\/www.jyiele.com\/#organization\",\"name\":\"JYIELE\",\"url\":\"https:\/\/www.jyiele.com\/\",\"logo\":{\"@type\":\"ImageObject\",\"inLanguage\":\"pl-PL\",\"@id\":\"https:\/\/www.jyiele.com\/#\/schema\/logo\/image\/\",\"url\":\"https:\/\/www.jyiele.com\/wp-content\/uploads\/2024\/09\/cropped-jyele-1.webp\",\"contentUrl\":\"https:\/\/www.jyiele.com\/wp-content\/uploads\/2024\/09\/cropped-jyele-1.webp\",\"width\":137,\"height\":60,\"caption\":\"JYIELE\"},\"image\":{\"@id\":\"https:\/\/www.jyiele.com\/#\/schema\/logo\/image\/\"}}]}<\/script>\n<!-- \/ Yoast SEO plugin. -->","yoast_head_json":{"title":"Fabrycznie dostosowane z\u0142\u0105cza paneli kabli s\u0142onecznych MC4 - JYIELE","description":"Z\u0142\u0105cze kabla solarnego MC4 jest trwa\u0142e i odporne na starzenie, stopie\u0144 ochrony IP67, wysokiej jako\u015bci surowce o wysokim nat\u0119\u017ceniu pr\u0105du, wysoka wydajno\u015b\u0107 kosztowa.","robots":{"index":"index","follow":"follow","max-snippet":"max-snippet:-1","max-image-preview":"max-image-preview:large","max-video-preview":"max-video-preview:-1"},"canonical":"https:\/\/www.jyiele.com\/pl\/product\/mc4-solar-panel-connectors\/","og_locale":"pl_PL","og_type":"article","og_title":"Factory customized MC4 solar cable panel connectors - JYIELE","og_description":"MC4 solar cable board connector is durable and anti-aging, IP67 protection grade, high current bearing high quality raw materials, high cost performance.","og_url":"https:\/\/www.jyiele.com\/pl\/product\/mc4-solar-panel-connectors\/","og_site_name":"JYIELE","article_modified_time":"2025-03-09T11:42:43+00:00","og_image":[{"width":800,"height":800,"url":"https:\/\/www.jyiele.com\/wp-content\/uploads\/2024\/09\/MC4-Solar-cable-panel-connectors.webp","type":"image\/webp"}],"twitter_card":"summary_large_image","twitter_misc":{"Szacowany czas czytania":"2 minuty"},"schema":{"@context":"https:\/\/schema.org","@graph":[{"@type":"WebPage","@id":"https:\/\/www.jyiele.com\/product\/mc4-solar-panel-connectors\/","url":"https:\/\/www.jyiele.com\/product\/mc4-solar-panel-connectors\/","name":"Fabrycznie dostosowane z\u0142\u0105cza paneli kabli s\u0142onecznych MC4 - JYIELE","isPartOf":{"@id":"https:\/\/www.jyiele.com\/#website"},"primaryImageOfPage":{"@id":"https:\/\/www.jyiele.com\/product\/mc4-solar-panel-connectors\/#primaryimage"},"image":{"@id":"https:\/\/www.jyiele.com\/product\/mc4-solar-panel-connectors\/#primaryimage"},"thumbnailUrl":"https:\/\/www.jyiele.com\/wp-content\/uploads\/2024\/09\/MC4-Solar-cable-panel-connectors.webp","datePublished":"2024-11-03T11:26:49+00:00","dateModified":"2025-03-09T11:42:43+00:00","description":"Z\u0142\u0105cze kabla solarnego MC4 jest trwa\u0142e i odporne na starzenie, stopie\u0144 ochrony IP67, wysokiej jako\u015bci surowce o wysokim nat\u0119\u017ceniu pr\u0105du, wysoka wydajno\u015b\u0107 kosztowa.","breadcrumb":{"@id":"https:\/\/www.jyiele.com\/product\/mc4-solar-panel-connectors\/#breadcrumb"},"inLanguage":"pl-PL","potentialAction":[{"@type":"ReadAction","target":["https:\/\/www.jyiele.com\/product\/mc4-solar-panel-connectors\/"]}]},{"@type":"ImageObject","inLanguage":"pl-PL","@id":"https:\/\/www.jyiele.com\/product\/mc4-solar-panel-connectors\/#primaryimage","url":"https:\/\/www.jyiele.com\/wp-content\/uploads\/2024\/09\/MC4-Solar-cable-panel-connectors.webp","contentUrl":"https:\/\/www.jyiele.com\/wp-content\/uploads\/2024\/09\/MC4-Solar-cable-panel-connectors.webp","width":800,"height":800,"caption":"MC4 Solar cable panel connectors"},{"@type":"BreadcrumbList","@id":"https:\/\/www.jyiele.com\/product\/mc4-solar-panel-connectors\/#breadcrumb","itemListElement":[{"@type":"ListItem","position":1,"name":"Home","item":"https:\/\/www.jyiele.com\/"},{"@type":"ListItem","position":2,"name":"Product","item":"https:\/\/www.jyiele.com\/product\/"},{"@type":"ListItem","position":3,"name":"MC4 Connector","item":"https:\/\/www.jyiele.com\/product-category\/mc4-connector\/"},{"@type":"ListItem","position":4,"name":"Customized MC4 Solar cable panel connectors 1000V 1500V DC 50Amp"}]},{"@type":"WebSite","@id":"https:\/\/www.jyiele.com\/#website","url":"https:\/\/www.jyiele.com\/","name":"JYIELE","description":"Producent wy\u0142\u0105cznik\u00f3w pr\u00f3\u017cniowych","publisher":{"@id":"https:\/\/www.jyiele.com\/#organization"},"potentialAction":[{"@type":"SearchAction","target":{"@type":"EntryPoint","urlTemplate":"https:\/\/www.jyiele.com\/?s={search_term_string}"},"query-input":{"@type":"PropertyValueSpecification","valueRequired":true,"valueName":"search_term_string"}}],"inLanguage":"pl-PL"},{"@type":"Organization","@id":"https:\/\/www.jyiele.com\/#organization","name":"JYIELE","url":"https:\/\/www.jyiele.com\/","logo":{"@type":"ImageObject","inLanguage":"pl-PL","@id":"https:\/\/www.jyiele.com\/#\/schema\/logo\/image\/","url":"https:\/\/www.jyiele.com\/wp-content\/uploads\/2024\/09\/cropped-jyele-1.webp","contentUrl":"https:\/\/www.jyiele.com\/wp-content\/uploads\/2024\/09\/cropped-jyele-1.webp","width":137,"height":60,"caption":"JYIELE"},"image":{"@id":"https:\/\/www.jyiele.com\/#\/schema\/logo\/image\/"}}]}},"_links":{"self":[{"href":"https:\/\/www.jyiele.com\/pl\/wp-json\/wp\/v2\/product\/1328","targetHints":{"allow":["GET"]}}],"collection":[{"href":"https:\/\/www.jyiele.com\/pl\/wp-json\/wp\/v2\/product"}],"about":[{"href":"https:\/\/www.jyiele.com\/pl\/wp-json\/wp\/v2\/types\/product"}],"version-history":[{"count":2,"href":"https:\/\/www.jyiele.com\/pl\/wp-json\/wp\/v2\/product\/1328\/revisions"}],"predecessor-version":[{"id":1473,"href":"https:\/\/www.jyiele.com\/pl\/wp-json\/wp\/v2\/product\/1328\/revisions\/1473"}],"wp:featuredmedia":[{"embeddable":true,"href":"https:\/\/www.jyiele.com\/pl\/wp-json\/wp\/v2\/media\/1330"}],"wp:attachment":[{"href":"https:\/\/www.jyiele.com\/pl\/wp-json\/wp\/v2\/media?parent=1328"}],"wp:term":[{"taxonomy":"product_brand","embeddable":true,"href":"https:\/\/www.jyiele.com\/pl\/wp-json\/wp\/v2\/product_brand?post=1328"},{"taxonomy":"product_cat","embeddable":true,"href":"https:\/\/www.jyiele.com\/pl\/wp-json\/wp\/v2\/product_cat?post=1328"},{"taxonomy":"product_tag","embeddable":true,"href":"https:\/\/www.jyiele.com\/pl\/wp-json\/wp\/v2\/product_tag?post=1328"}],"curies":[{"name":"wp","href":"https:\/\/api.w.org\/{rel}","templated":true}]}}