{"id":1446,"date":"2022-08-22T12:36:35","date_gmt":"2022-08-22T12:36:35","guid":{"rendered":"https:\/\/www.jy-electric.com\/?post_type=product&#038;p=1446"},"modified":"2024-10-09T13:06:06","modified_gmt":"2024-10-09T13:06:06","slug":"mns-dmc-glassfibre-plastic-busbar-support-insulator","status":"publish","type":"product","link":"https:\/\/www.jyiele.com\/pl\/product\/mns-dmc-glassfibre-plastic-busbar-support-insulator\/","title":{"rendered":"Plastikowy izolator wsporczy szyn zbiorczych MNS DMC z w\u0142\u00f3kna szklanego"},"content":{"rendered":"<h2>Izolatory szyn zbiorczych MNS<\/h2>\n<p>Izolatory szyn zbiorczych MNS s\u0105 wykonane z materia\u0142u DMC i s\u0105 przeznaczone do zastosowa\u0144 niskonapi\u0119ciowych od 660 V do 4500 V w skrzynkach rozdzielczych, rozdzielnicach, falownikach i urz\u0105dzeniach zielonej energii. Wszystkie produkty posiadaj\u0105 certyfikaty CE, SGS i ROHS.<\/p>\n<h2>Parametry techniczne:<\/h2>\n<p>Model: Izolator MNS<br \/>\nTemperatura pracy: od -40 \u2103 do +140 \u2103<br \/>\nTyp wk\u0142adu: mosi\u0105dz lub \u017celazo<br \/>\nSk\u0142ad materia\u0142u: nienasycona \u017cywica poliestrowa wzmocniona w\u0142\u00f3knem szklanym (BMC\/SMC)<br \/>\nOpcje dostosowywania: Niestandardowa konstrukcja spe\u0142niaj\u0105ca indywidualne potrzeby<br \/>\n\u015aruby monta\u017cowe: opcjonalne<br \/>\nKlasa odporno\u015bci ogniowej: UL94-V0<\/p>\n<h2>Zalety produktu<\/h2>\n<p>Wysokiej jako\u015bci materia\u0142y: zastosowanie wysokowydajnych materia\u0142\u00f3w izolacyjnych o dobrej odporno\u015bci na temperatur\u0119, korozj\u0119 i starzenie zapewnia d\u0142ugotrwa\u0142e i stabilne u\u017cytkowanie.<\/p>\n<p>Wysoki poziom bezpiecze\u0144stwa: Zaprojektowany zgodnie z krajowymi i mi\u0119dzynarodowymi normami bezpiecze\u0144stwa, mo\u017ce skutecznie zapobiega\u0107 wyciekom i zwarciom oraz gwarantowa\u0107 bezpieczn\u0105 prac\u0119 systemu zasilania.<\/p>\n<p>Wygodna instalacja: rozs\u0105dny projekt konstrukcyjny, prosta i szybka instalacja, skracaj\u0105ca czas budowy i koszty pracy.<\/p>\n<p>Silne w\u0142a\u015bciwo\u015bci antysejsmiczne: w\u0142a\u015bciwo\u015bci antysejsmiczne s\u0105 brane pod uwag\u0119 przy projektowaniu, zdolnym do utrzymania stabilno\u015bci w niekorzystnych warunkach pogodowych lub trz\u0119sieniach ziemi.<\/p>\n<p>Niskie koszty konserwacji: produkt ma d\u0142ug\u0105 \u017cywotno\u015b\u0107 i niskie wymagania konserwacyjne, co zmniejsza koszty eksploatacji na p\u00f3\u017aniejszym etapie.<\/p>\n<table>\n<tbody>\n<tr>\n<td rowspan=\"15\" width=\"33.7400%\"><img fetchpriority=\"high\" decoding=\"async\" class=\"aligncenter wp-image-1450\" title=\"Izolator wsporczy szyn zbiorczych z tworzywa sztucznego DMC z w\u0142\u00f3knem szklanym\" src=\"https:\/\/www.jy-electric.com\/wp-content\/uploads\/2024\/09\/DMC-Glassfibre-Plastic-Busbar-Support-Insulator.webp\" alt=\"Izolator wsporczy szyn zbiorczych z tworzywa sztucznego DMC z w\u0142\u00f3knem szklanym\" width=\"197\" height=\"348\" srcset=\"https:\/\/www.jyiele.com\/wp-content\/uploads\/2024\/09\/DMC-Glassfibre-Plastic-Busbar-Support-Insulator.webp 300w, https:\/\/www.jyiele.com\/wp-content\/uploads\/2024\/09\/DMC-Glassfibre-Plastic-Busbar-Support-Insulator-170x300.webp 170w, https:\/\/www.jyiele.com\/wp-content\/uploads\/2024\/09\/DMC-Glassfibre-Plastic-Busbar-Support-Insulator-7x12.webp 7w\" sizes=\"(max-width: 197px) 100vw, 197px\" \/><\/td>\n<td rowspan=\"2\" width=\"19.0000%\">TYP<\/td>\n<td rowspan=\"2\" width=\"14.4600%\">\u015arednica (mm)<\/td>\n<td colspan=\"2\" width=\"32.7600%\">Valuse<\/td>\n<\/tr>\n<tr>\n<td width=\"14.0000%\">H(mm)<\/td>\n<td width=\"18.7600%\">\u015aruba (mm)<\/td>\n<\/tr>\n<tr>\n<td width=\"19.0000%\">MNS-30X30H<\/td>\n<td width=\"14.4600%\">\u03c630<\/td>\n<td width=\"14.0000%\">30H<\/td>\n<td width=\"18.7600%\">Gwint\uff1a6mm 8mm<\/td>\n<\/tr>\n<tr>\n<td width=\"19.0000%\">MNS-30X40H<\/td>\n<td width=\"14.4600%\">\u03c630<\/td>\n<td width=\"14.0000%\">40H<\/td>\n<td width=\"18.7600%\">Gwint\uff1a6mm 8mm<\/td>\n<\/tr>\n<tr>\n<td width=\"19.0000%\">MNS-40X40H<\/td>\n<td width=\"14.4600%\">\u03c640<\/td>\n<td width=\"14.0000%\">40H<\/td>\n<td width=\"18.7600%\">Gwint\uff1a8mm 10mm<\/td>\n<\/tr>\n<tr>\n<td width=\"19.0000%\">MNS-40X50H<\/td>\n<td width=\"14.4600%\">\u03c640<\/td>\n<td width=\"14.0000%\">50H<\/td>\n<td width=\"18.7600%\">Gwint\uff1a8mm 10mm<\/td>\n<\/tr>\n<tr>\n<td width=\"19.0000%\">MNS-40X60H<\/td>\n<td width=\"14.4600%\">\u03c640<\/td>\n<td width=\"14.0000%\">60H<\/td>\n<td width=\"18.7600%\">Gwint\uff1a8mm 10mm<\/td>\n<\/tr>\n<tr>\n<td width=\"19.0000%\">MNS-60X40H<\/td>\n<td width=\"14.4600%\">\u03c660<\/td>\n<td width=\"14.0000%\">40H<\/td>\n<td width=\"18.7600%\">Gwint\uff1a10mm 12mm<\/td>\n<\/tr>\n<tr>\n<td width=\"19.0000%\">MNS-50X50H<\/td>\n<td width=\"14.4600%\">\u03c650<\/td>\n<td width=\"14.0000%\">50H<\/td>\n<td width=\"18.7600%\">Gwint\uff1a8mm 10mm<\/td>\n<\/tr>\n<tr>\n<td width=\"19.0000%\">MNS-50X60H<\/td>\n<td width=\"14.4600%\">\u03c650<\/td>\n<td width=\"14.0000%\">60H<\/td>\n<td width=\"18.7600%\">Gwint\uff1a10mm 12mm<\/td>\n<\/tr>\n<tr>\n<td width=\"19.0000%\">MNS-60X60H<\/td>\n<td width=\"14.4600%\">\u03c660<\/td>\n<td width=\"14.0000%\">60H<\/td>\n<td width=\"18.7600%\">Gwint\uff1a10mm 12mm<\/td>\n<\/tr>\n<tr>\n<td width=\"19.0000%\">MNS-60X70H<\/td>\n<td width=\"14.4600%\">\u03c660<\/td>\n<td width=\"14.0000%\">70H<\/td>\n<td width=\"18.7600%\">Gwint\uff1a10mm 12mm<\/td>\n<\/tr>\n<tr>\n<td width=\"19.0000%\">MNS-60X80H<\/td>\n<td width=\"14.4600%\">\u03c660<\/td>\n<td width=\"14.0000%\">80H<\/td>\n<td width=\"18.7600%\">Gwint\uff1a10mm 12mm<\/td>\n<\/tr>\n<tr>\n<td width=\"19.0000%\">MNS-60X100H<\/td>\n<td width=\"14.4600%\">\u03c660<\/td>\n<td width=\"14.0000%\">100H<\/td>\n<td width=\"18.7600%\">Gwint\uff1a10mm 12mm<\/td>\n<\/tr>\n<tr>\n<td width=\"19.0000%\">MNS-70X70H<\/td>\n<td width=\"14.4600%\">\u03c670<\/td>\n<td width=\"14.0000%\">70H<\/td>\n<td width=\"18.7600%\">Gwint: 12 mm<\/td>\n<\/tr>\n<\/tbody>\n<\/table>\n<div class=\"wp-block-media-text__content\">\n<figure class=\"wp-block-table\">\n<div class=\"scroll\"><\/div>\n<\/figure>\n<\/div>\n<p>&nbsp;<\/p>","protected":false},"excerpt":{"rendered":"<p>Izolatory wsporcze szyn zbiorczych DMC z w\u0142\u00f3kna szklanego s\u0105 szeroko stosowane w szafach rozdzielczych niskiego napi\u0119cia, falownikach i rozdzielnicach. Zapewniaj\u0105 funkcje mocowania, podpierania i izolowania poprzez po\u0142\u0105czenie szyny zbiorczej, z doskona\u0142ymi w\u0142a\u015bciwo\u015bciami izolacyjnymi, wysok\u0105 wytrzyma\u0142o\u015bci\u0105, odporno\u015bci\u0105 na wysok\u0105 temperatur\u0119 i niezawodnym bezpiecze\u0144stwem, co jest idealne do mocowania szyny zbiorczej w szafie rozdzielczej niskiego napi\u0119cia.<\/p>\n<h2>Us\u0142uga OEM<\/h2>\n<p>Opcje kolor\u00f3w: Dost\u0119pne w kolorze czerwonym, br\u0105zowym i innych niestandardowych kolorach.<br \/>\nMateria\u0142y wk\u0142adki: Mosi\u0105dz, stal i inne dost\u0119pne materia\u0142y.<br \/>\nObs\u0142uga modeli: Modele OEM s\u0105 dost\u0119pne do personalizacji.<\/p>","protected":false},"featured_media":1449,"template":"","meta":{"site-sidebar-layout":"default","site-content-layout":"","ast-site-content-layout":"default","site-content-style":"default","site-sidebar-style":"default","ast-global-header-display":"","ast-banner-title-visibility":"","ast-main-header-display":"","ast-hfb-above-header-display":"","ast-hfb-below-header-display":"","ast-hfb-mobile-header-display":"","site-post-title":"","ast-breadcrumbs-content":"","ast-featured-img":"","footer-sml-layout":"","ast-disable-related-posts":"","theme-transparent-header-meta":"default","adv-header-id-meta":"","stick-header-meta":"","header-above-stick-meta":"","header-main-stick-meta":"","header-below-stick-meta":"","astra-migrate-meta-layouts":"set","ast-page-background-enabled":"default","ast-page-background-meta":{"desktop":{"background-color":"var(--ast-global-color-4)","background-image":"","background-repeat":"repeat","background-position":"center center","background-size":"auto","background-attachment":"scroll","background-type":"","background-media":"","overlay-type":"","overlay-color":"","overlay-opacity":"","overlay-gradient":""},"tablet":{"background-color":"","background-image":"","background-repeat":"repeat","background-position":"center center","background-size":"auto","background-attachment":"scroll","background-type":"","background-media":"","overlay-type":"","overlay-color":"","overlay-opacity":"","overlay-gradient":""},"mobile":{"background-color":"","background-image":"","background-repeat":"repeat","background-position":"center center","background-size":"auto","background-attachment":"scroll","background-type":"","background-media":"","overlay-type":"","overlay-color":"","overlay-opacity":"","overlay-gradient":""}},"ast-content-background-meta":{"desktop":{"background-color":"var(--ast-global-color-5)","background-image":"","background-repeat":"repeat","background-position":"center center","background-size":"auto","background-attachment":"scroll","background-type":"","background-media":"","overlay-type":"","overlay-color":"","overlay-opacity":"","overlay-gradient":""},"tablet":{"background-color":"var(--ast-global-color-5)","background-image":"","background-repeat":"repeat","background-position":"center center","background-size":"auto","background-attachment":"scroll","background-type":"","background-media":"","overlay-type":"","overlay-color":"","overlay-opacity":"","overlay-gradient":""},"mobile":{"background-color":"var(--ast-global-color-5)","background-image":"","background-repeat":"repeat","background-position":"center center","background-size":"auto","background-attachment":"scroll","background-type":"","background-media":"","overlay-type":"","overlay-color":"","overlay-opacity":"","overlay-gradient":""}}},"product_brand":[],"product_cat":[22],"product_tag":[],"class_list":{"0":"post-1446","1":"product","2":"type-product","3":"status-publish","4":"has-post-thumbnail","6":"product_cat-low-voltage-insulator","7":"desktop-align-left","8":"tablet-align-left","9":"mobile-align-left","11":"first","12":"instock","13":"downloadable","14":"shipping-taxable","15":"product-type-simple"},"yoast_head":"<!-- This site is optimized with the Yoast SEO plugin v24.8.1 - https:\/\/yoast.com\/wordpress\/plugins\/seo\/ -->\n<title>China MNS DMC Glassfibre Plastic Busbar Support Insulator Manufacturer- JYIELE<\/title>\n<meta name=\"description\" content=\"Discover our line of MNS DMC Fiberglass Plastic Busbar Support Insulators, our durable, high-performance insulators with excellent dielectric properties that ensure reliable operation and safety of electrical systems.\" \/>\n<meta name=\"robots\" content=\"index, follow, max-snippet:-1, max-image-preview:large, max-video-preview:-1\" \/>\n<link rel=\"canonical\" href=\"https:\/\/www.jyiele.com\/pl\/product\/mns-dmc-glassfibre-plastic-busbar-support-insulator\/\" \/>\n<meta property=\"og:locale\" content=\"pl_PL\" \/>\n<meta property=\"og:type\" content=\"article\" \/>\n<meta property=\"og:title\" content=\"China MNS DMC Glassfibre Plastic Busbar Support Insulator Manufacturer- JYIELE\" \/>\n<meta property=\"og:description\" content=\"Discover our line of MNS DMC Fiberglass Plastic Busbar Support Insulators, our durable, high-performance insulators with excellent dielectric properties that ensure reliable operation and safety of electrical systems.\" \/>\n<meta property=\"og:url\" content=\"https:\/\/www.jyiele.com\/pl\/product\/mns-dmc-glassfibre-plastic-busbar-support-insulator\/\" \/>\n<meta property=\"og:site_name\" content=\"JYIELE\" \/>\n<meta property=\"article:modified_time\" content=\"2024-10-09T13:06:06+00:00\" \/>\n<meta property=\"og:image\" content=\"https:\/\/www.jyiele.com\/wp-content\/uploads\/2024\/09\/MNS-DMC-Glassfibre-Plastic-Busbar-Support-Insulator.webp\" \/>\n\t<meta property=\"og:image:width\" content=\"800\" \/>\n\t<meta property=\"og:image:height\" content=\"800\" \/>\n\t<meta property=\"og:image:type\" content=\"image\/webp\" \/>\n<meta name=\"twitter:card\" content=\"summary_large_image\" \/>\n<meta name=\"twitter:label1\" content=\"Szacowany czas czytania\" \/>\n\t<meta name=\"twitter:data1\" content=\"2 minuty\" \/>\n<script type=\"application\/ld+json\" class=\"yoast-schema-graph\">{\"@context\":\"https:\/\/schema.org\",\"@graph\":[{\"@type\":\"WebPage\",\"@id\":\"https:\/\/www.jyiele.com\/product\/mns-dmc-glassfibre-plastic-busbar-support-insulator\/\",\"url\":\"https:\/\/www.jyiele.com\/product\/mns-dmc-glassfibre-plastic-busbar-support-insulator\/\",\"name\":\"China MNS DMC Glassfibre Plastic Busbar Support Insulator Manufacturer- JYIELE\",\"isPartOf\":{\"@id\":\"https:\/\/www.jyiele.com\/#website\"},\"primaryImageOfPage\":{\"@id\":\"https:\/\/www.jyiele.com\/product\/mns-dmc-glassfibre-plastic-busbar-support-insulator\/#primaryimage\"},\"image\":{\"@id\":\"https:\/\/www.jyiele.com\/product\/mns-dmc-glassfibre-plastic-busbar-support-insulator\/#primaryimage\"},\"thumbnailUrl\":\"https:\/\/www.jyiele.com\/wp-content\/uploads\/2024\/09\/MNS-DMC-Glassfibre-Plastic-Busbar-Support-Insulator.webp\",\"datePublished\":\"2022-08-22T12:36:35+00:00\",\"dateModified\":\"2024-10-09T13:06:06+00:00\",\"description\":\"Discover our line of MNS DMC Fiberglass Plastic Busbar Support Insulators, our durable, high-performance insulators with excellent dielectric properties that ensure reliable operation and safety of electrical systems.\",\"breadcrumb\":{\"@id\":\"https:\/\/www.jyiele.com\/product\/mns-dmc-glassfibre-plastic-busbar-support-insulator\/#breadcrumb\"},\"inLanguage\":\"pl-PL\",\"potentialAction\":[{\"@type\":\"ReadAction\",\"target\":[\"https:\/\/www.jyiele.com\/product\/mns-dmc-glassfibre-plastic-busbar-support-insulator\/\"]}]},{\"@type\":\"ImageObject\",\"inLanguage\":\"pl-PL\",\"@id\":\"https:\/\/www.jyiele.com\/product\/mns-dmc-glassfibre-plastic-busbar-support-insulator\/#primaryimage\",\"url\":\"https:\/\/www.jyiele.com\/wp-content\/uploads\/2024\/09\/MNS-DMC-Glassfibre-Plastic-Busbar-Support-Insulator.webp\",\"contentUrl\":\"https:\/\/www.jyiele.com\/wp-content\/uploads\/2024\/09\/MNS-DMC-Glassfibre-Plastic-Busbar-Support-Insulator.webp\",\"width\":800,\"height\":800,\"caption\":\"MNS DMC Glassfibre Plastic Busbar Support Insulator\"},{\"@type\":\"BreadcrumbList\",\"@id\":\"https:\/\/www.jyiele.com\/product\/mns-dmc-glassfibre-plastic-busbar-support-insulator\/#breadcrumb\",\"itemListElement\":[{\"@type\":\"ListItem\",\"position\":1,\"name\":\"Home\",\"item\":\"https:\/\/www.jyiele.com\/\"},{\"@type\":\"ListItem\",\"position\":2,\"name\":\"Product\",\"item\":\"https:\/\/www.jyiele.com\/product\/\"},{\"@type\":\"ListItem\",\"position\":3,\"name\":\"Low Voltage Insulator\",\"item\":\"https:\/\/www.jyiele.com\/product-category\/low-voltage-insulator\/\"},{\"@type\":\"ListItem\",\"position\":4,\"name\":\"MNS DMC Glassfibre Plastic Busbar Support Insulator\"}]},{\"@type\":\"WebSite\",\"@id\":\"https:\/\/www.jyiele.com\/#website\",\"url\":\"https:\/\/www.jyiele.com\/\",\"name\":\"JYIELE\",\"description\":\"Vacuum Circuit Breaker manufacturer\",\"publisher\":{\"@id\":\"https:\/\/www.jyiele.com\/#organization\"},\"potentialAction\":[{\"@type\":\"SearchAction\",\"target\":{\"@type\":\"EntryPoint\",\"urlTemplate\":\"https:\/\/www.jyiele.com\/?s={search_term_string}\"},\"query-input\":{\"@type\":\"PropertyValueSpecification\",\"valueRequired\":true,\"valueName\":\"search_term_string\"}}],\"inLanguage\":\"pl-PL\"},{\"@type\":\"Organization\",\"@id\":\"https:\/\/www.jyiele.com\/#organization\",\"name\":\"JYIELE\",\"url\":\"https:\/\/www.jyiele.com\/\",\"logo\":{\"@type\":\"ImageObject\",\"inLanguage\":\"pl-PL\",\"@id\":\"https:\/\/www.jyiele.com\/#\/schema\/logo\/image\/\",\"url\":\"https:\/\/www.jyiele.com\/wp-content\/uploads\/2024\/09\/cropped-jyele-1.webp\",\"contentUrl\":\"https:\/\/www.jyiele.com\/wp-content\/uploads\/2024\/09\/cropped-jyele-1.webp\",\"width\":137,\"height\":60,\"caption\":\"JYIELE\"},\"image\":{\"@id\":\"https:\/\/www.jyiele.com\/#\/schema\/logo\/image\/\"}}]}<\/script>\n<!-- \/ Yoast SEO plugin. -->","yoast_head_json":{"title":"Chiny MNS DMC Plastikowy izolator wsporczy szyn zbiorczych Producent - JYIELE","description":"Odkryj nasz\u0105 lini\u0119 izolator\u00f3w wsporczych szyn zbiorczych z tworzywa sztucznego MNS DMC, naszych trwa\u0142ych, wysokowydajnych izolator\u00f3w o doskona\u0142ych w\u0142a\u015bciwo\u015bciach dielektrycznych, kt\u00f3re zapewniaj\u0105 niezawodne dzia\u0142anie i bezpiecze\u0144stwo system\u00f3w elektrycznych.","robots":{"index":"index","follow":"follow","max-snippet":"max-snippet:-1","max-image-preview":"max-image-preview:large","max-video-preview":"max-video-preview:-1"},"canonical":"https:\/\/www.jyiele.com\/pl\/product\/mns-dmc-glassfibre-plastic-busbar-support-insulator\/","og_locale":"pl_PL","og_type":"article","og_title":"China MNS DMC Glassfibre Plastic Busbar Support Insulator Manufacturer- JYIELE","og_description":"Discover our line of MNS DMC Fiberglass Plastic Busbar Support Insulators, our durable, high-performance insulators with excellent dielectric properties that ensure reliable operation and safety of electrical systems.","og_url":"https:\/\/www.jyiele.com\/pl\/product\/mns-dmc-glassfibre-plastic-busbar-support-insulator\/","og_site_name":"JYIELE","article_modified_time":"2024-10-09T13:06:06+00:00","og_image":[{"width":800,"height":800,"url":"https:\/\/www.jyiele.com\/wp-content\/uploads\/2024\/09\/MNS-DMC-Glassfibre-Plastic-Busbar-Support-Insulator.webp","type":"image\/webp"}],"twitter_card":"summary_large_image","twitter_misc":{"Szacowany czas czytania":"2 minuty"},"schema":{"@context":"https:\/\/schema.org","@graph":[{"@type":"WebPage","@id":"https:\/\/www.jyiele.com\/product\/mns-dmc-glassfibre-plastic-busbar-support-insulator\/","url":"https:\/\/www.jyiele.com\/product\/mns-dmc-glassfibre-plastic-busbar-support-insulator\/","name":"Chiny MNS DMC Plastikowy izolator wsporczy szyn zbiorczych Producent - JYIELE","isPartOf":{"@id":"https:\/\/www.jyiele.com\/#website"},"primaryImageOfPage":{"@id":"https:\/\/www.jyiele.com\/product\/mns-dmc-glassfibre-plastic-busbar-support-insulator\/#primaryimage"},"image":{"@id":"https:\/\/www.jyiele.com\/product\/mns-dmc-glassfibre-plastic-busbar-support-insulator\/#primaryimage"},"thumbnailUrl":"https:\/\/www.jyiele.com\/wp-content\/uploads\/2024\/09\/MNS-DMC-Glassfibre-Plastic-Busbar-Support-Insulator.webp","datePublished":"2022-08-22T12:36:35+00:00","dateModified":"2024-10-09T13:06:06+00:00","description":"Odkryj nasz\u0105 lini\u0119 izolator\u00f3w wsporczych szyn zbiorczych z tworzywa sztucznego MNS DMC, naszych trwa\u0142ych, wysokowydajnych izolator\u00f3w o doskona\u0142ych w\u0142a\u015bciwo\u015bciach dielektrycznych, kt\u00f3re zapewniaj\u0105 niezawodne dzia\u0142anie i bezpiecze\u0144stwo system\u00f3w elektrycznych.","breadcrumb":{"@id":"https:\/\/www.jyiele.com\/product\/mns-dmc-glassfibre-plastic-busbar-support-insulator\/#breadcrumb"},"inLanguage":"pl-PL","potentialAction":[{"@type":"ReadAction","target":["https:\/\/www.jyiele.com\/product\/mns-dmc-glassfibre-plastic-busbar-support-insulator\/"]}]},{"@type":"ImageObject","inLanguage":"pl-PL","@id":"https:\/\/www.jyiele.com\/product\/mns-dmc-glassfibre-plastic-busbar-support-insulator\/#primaryimage","url":"https:\/\/www.jyiele.com\/wp-content\/uploads\/2024\/09\/MNS-DMC-Glassfibre-Plastic-Busbar-Support-Insulator.webp","contentUrl":"https:\/\/www.jyiele.com\/wp-content\/uploads\/2024\/09\/MNS-DMC-Glassfibre-Plastic-Busbar-Support-Insulator.webp","width":800,"height":800,"caption":"MNS DMC Glassfibre Plastic Busbar Support Insulator"},{"@type":"BreadcrumbList","@id":"https:\/\/www.jyiele.com\/product\/mns-dmc-glassfibre-plastic-busbar-support-insulator\/#breadcrumb","itemListElement":[{"@type":"ListItem","position":1,"name":"Home","item":"https:\/\/www.jyiele.com\/"},{"@type":"ListItem","position":2,"name":"Product","item":"https:\/\/www.jyiele.com\/product\/"},{"@type":"ListItem","position":3,"name":"Low Voltage Insulator","item":"https:\/\/www.jyiele.com\/product-category\/low-voltage-insulator\/"},{"@type":"ListItem","position":4,"name":"MNS DMC Glassfibre Plastic Busbar Support Insulator"}]},{"@type":"WebSite","@id":"https:\/\/www.jyiele.com\/#website","url":"https:\/\/www.jyiele.com\/","name":"JYIELE","description":"Producent wy\u0142\u0105cznik\u00f3w pr\u00f3\u017cniowych","publisher":{"@id":"https:\/\/www.jyiele.com\/#organization"},"potentialAction":[{"@type":"SearchAction","target":{"@type":"EntryPoint","urlTemplate":"https:\/\/www.jyiele.com\/?s={search_term_string}"},"query-input":{"@type":"PropertyValueSpecification","valueRequired":true,"valueName":"search_term_string"}}],"inLanguage":"pl-PL"},{"@type":"Organization","@id":"https:\/\/www.jyiele.com\/#organization","name":"JYIELE","url":"https:\/\/www.jyiele.com\/","logo":{"@type":"ImageObject","inLanguage":"pl-PL","@id":"https:\/\/www.jyiele.com\/#\/schema\/logo\/image\/","url":"https:\/\/www.jyiele.com\/wp-content\/uploads\/2024\/09\/cropped-jyele-1.webp","contentUrl":"https:\/\/www.jyiele.com\/wp-content\/uploads\/2024\/09\/cropped-jyele-1.webp","width":137,"height":60,"caption":"JYIELE"},"image":{"@id":"https:\/\/www.jyiele.com\/#\/schema\/logo\/image\/"}}]}},"_links":{"self":[{"href":"https:\/\/www.jyiele.com\/pl\/wp-json\/wp\/v2\/product\/1446","targetHints":{"allow":["GET"]}}],"collection":[{"href":"https:\/\/www.jyiele.com\/pl\/wp-json\/wp\/v2\/product"}],"about":[{"href":"https:\/\/www.jyiele.com\/pl\/wp-json\/wp\/v2\/types\/product"}],"version-history":[{"count":4,"href":"https:\/\/www.jyiele.com\/pl\/wp-json\/wp\/v2\/product\/1446\/revisions"}],"predecessor-version":[{"id":1464,"href":"https:\/\/www.jyiele.com\/pl\/wp-json\/wp\/v2\/product\/1446\/revisions\/1464"}],"wp:featuredmedia":[{"embeddable":true,"href":"https:\/\/www.jyiele.com\/pl\/wp-json\/wp\/v2\/media\/1449"}],"wp:attachment":[{"href":"https:\/\/www.jyiele.com\/pl\/wp-json\/wp\/v2\/media?parent=1446"}],"wp:term":[{"taxonomy":"product_brand","embeddable":true,"href":"https:\/\/www.jyiele.com\/pl\/wp-json\/wp\/v2\/product_brand?post=1446"},{"taxonomy":"product_cat","embeddable":true,"href":"https:\/\/www.jyiele.com\/pl\/wp-json\/wp\/v2\/product_cat?post=1446"},{"taxonomy":"product_tag","embeddable":true,"href":"https:\/\/www.jyiele.com\/pl\/wp-json\/wp\/v2\/product_tag?post=1446"}],"curies":[{"name":"wp","href":"https:\/\/api.w.org\/{rel}","templated":true}]}}