{"id":1454,"date":"2022-08-22T13:04:15","date_gmt":"2022-08-22T13:04:15","guid":{"rendered":"https:\/\/www.jy-electric.com\/?post_type=product&#038;p=1454"},"modified":"2024-10-09T13:06:15","modified_gmt":"2024-10-09T13:06:15","slug":"small-low-voltage-standoff-support-insulator","status":"publish","type":"product","link":"https:\/\/www.jyiele.com\/pl\/product\/small-low-voltage-standoff-support-insulator\/","title":{"rendered":"Ma\u0142y izolator wsporczy niskiego napi\u0119cia serii SM"},"content":{"rendered":"<h2>Czym s\u0105 izolatory s\u0142upowe niskiego napi\u0119cia serii SM?<\/h2>\n<p>Izolatory szyn zbiorczych serii SM maj\u0105 kszta\u0142t beczkowaty, wykorzystuj\u0105 materia\u0142 DMC, s\u0105 przeznaczone do zastosowa\u0144 niskonapi\u0119ciowych od 660 V do 4500 V, wspieraj\u0105c szyn\u0119 zbiorcz\u0105, s\u0105 skuteczne w mocowaniu, podtrzymywaniu i izolowaniu, z doskona\u0142ymi w\u0142a\u015bciwo\u015bciami izolacyjnymi, wysok\u0105 wytrzyma\u0142o\u015bci\u0105, odporno\u015bci\u0105 na wysok\u0105 temperatur\u0119 i niezawodnym bezpiecze\u0144stwem, s\u0105 preferowanym rozwi\u0105zaniem do mocowania szyn zbiorczych w szafach rozdzielczych niskiego napi\u0119cia.<\/p>\n<h2>Cechy produktu<\/h2>\n<p>Wysokie bezpiecze\u0144stwo: zastosowanie wysokiej jako\u015bci materia\u0142\u00f3w izolacyjnych mo\u017ce skutecznie zapobiega\u0107 up\u0142ywowi pr\u0105du i zapewni\u0107 bezpieczn\u0105 prac\u0119 systemu zasilania.<br \/>\nSilna odporno\u015b\u0107 na warunki atmosferyczne: dzi\u0119ki dobrej odporno\u015bci na ciep\u0142o, zimno i promieniowanie UV, mo\u017ce dostosowa\u0107 si\u0119 do wszystkich rodzaj\u00f3w trudnych warunk\u00f3w pogodowych i przed\u0142u\u017cy\u0107 jego \u017cywotno\u015b\u0107.<br \/>\nWygodna instalacja: niewielka konstrukcja u\u0142atwia instalacj\u0119 i konserwacj\u0119, skracaj\u0105c czas budowy i koszty pracy.<br \/>\nLekko\u015b\u0107: Mniejsza waga w por\u00f3wnaniu z tradycyjnymi izolatorami zmniejsza obci\u0105\u017cenie konstrukcji no\u015bnej i jest odpowiednia dla szerokiego zakresu \u015brodowisk.<br \/>\nOp\u0142acalno\u015b\u0107: Obni\u017cone koszty produkcji i zwi\u0119kszona ekonomiczno\u015b\u0107 dzi\u0119ki wydajnym materia\u0142om i procesom, odpowiednie do zastosowa\u0144 na du\u017c\u0105 skal\u0119.<br \/>\nDobre parametry elektryczne: dzi\u0119ki doskona\u0142ym w\u0142a\u015bciwo\u015bciom izolacyjnym mo\u017ce skutecznie zapobiega\u0107 zjawiskom wy\u0142adowa\u0144 \u0142ukowych i awarii, zapewniaj\u0105c stabiln\u0105 prac\u0119 system\u00f3w zasilania.<\/p>\n<figure class=\"wp-block-table\">\n<div class=\"scroll\">\n<table>\n<tbody>\n<tr>\n<td rowspan=\"12\" width=\"160\"><img fetchpriority=\"high\" decoding=\"async\" class=\"alignnone wp-image-1455\" src=\"https:\/\/www.jy-electric.com\/wp-content\/uploads\/2024\/09\/Low-voltage-bearing-insulator-drawing-145x300.webp\" alt=\"Rysunek izolatora \u0142o\u017cyska niskiego napi\u0119cia\" width=\"237\" height=\"490\" srcset=\"https:\/\/www.jyiele.com\/wp-content\/uploads\/2024\/09\/Low-voltage-bearing-insulator-drawing-145x300.webp 145w, https:\/\/www.jyiele.com\/wp-content\/uploads\/2024\/09\/Low-voltage-bearing-insulator-drawing-6x12.webp 6w, https:\/\/www.jyiele.com\/wp-content\/uploads\/2024\/09\/Low-voltage-bearing-insulator-drawing.webp 224w\" sizes=\"(max-width: 237px) 100vw, 237px\" \/><\/td>\n<td width=\"70\">Model<\/td>\n<td width=\"65\">D(mm)<\/td>\n<td width=\"59\">H(mm)<\/td>\n<td width=\"102\">ok\u00f3\u0142ek odcisk\u00f3w palc\u00f3w<\/td>\n<td width=\"105\">konfigurowalny<\/td>\n<\/tr>\n<tr>\n<td width=\"70\">SM20<\/td>\n<td width=\"65\">17<\/td>\n<td width=\"59\">20<\/td>\n<td width=\"102\">M5\/M6<\/td>\n<td rowspan=\"11\" width=\"105\">W przypadku specjalnych wymaga\u0144 dost\u0119pne s\u0105 niestandardowe formy<\/td>\n<\/tr>\n<tr>\n<td width=\"70\">SM25<\/td>\n<td width=\"65\">30<\/td>\n<td width=\"59\">25<\/td>\n<td width=\"102\">M5<\/td>\n<\/tr>\n<tr>\n<td width=\"70\">SM30<\/td>\n<td width=\"65\">32<\/td>\n<td width=\"59\">30<\/td>\n<td width=\"102\">M6\/M8<\/td>\n<\/tr>\n<tr>\n<td width=\"70\">SM35<\/td>\n<td width=\"65\">32<\/td>\n<td width=\"59\">35<\/td>\n<td width=\"102\">M6\/M8<\/td>\n<\/tr>\n<tr>\n<td width=\"70\">SM40<\/td>\n<td width=\"65\">40<\/td>\n<td width=\"59\">40<\/td>\n<td width=\"102\">M6\/M8<\/td>\n<\/tr>\n<tr>\n<td width=\"70\">SM45<\/td>\n<td width=\"65\">36<\/td>\n<td width=\"59\">45<\/td>\n<td width=\"102\">M6\/M8<\/td>\n<\/tr>\n<tr>\n<td width=\"70\">SM51<\/td>\n<td width=\"65\">36<\/td>\n<td width=\"59\">51<\/td>\n<td width=\"102\">M8\/M10<\/td>\n<\/tr>\n<tr>\n<td width=\"70\">SM60<\/td>\n<td width=\"65\">46<\/td>\n<td width=\"59\">60<\/td>\n<td width=\"102\">M8\/M10<\/td>\n<\/tr>\n<tr>\n<td width=\"70\">SM76<\/td>\n<td width=\"65\">50<\/td>\n<td width=\"59\">76<\/td>\n<td width=\"102\">M10\/M12<\/td>\n<\/tr>\n<tr>\n<td width=\"70\">SM80<\/td>\n<td width=\"65\">50<\/td>\n<td width=\"59\">80<\/td>\n<td width=\"102\">M10\/M12<\/td>\n<\/tr>\n<tr>\n<td width=\"70\">SM100<\/td>\n<td width=\"65\">65<\/td>\n<td width=\"59\">100<\/td>\n<td width=\"102\">M10\/M12<\/td>\n<\/tr>\n<\/tbody>\n<\/table>\n<\/div>\n<\/figure>\n<p>&nbsp;<\/p>\n<p>&nbsp;<\/p>","protected":false},"excerpt":{"rendered":"<p>Ma\u0142e izolatory s\u0142upowe niskiego napi\u0119cia serii SM s\u0105 odpowiednie do szaf rozdzielczych niskiego napi\u0119cia, falownik\u00f3w i rozdzielnic itp. S\u0105 one u\u017cywane g\u0142\u00f3wnie do \u0142\u0105czenia szyn zbiorczych, zapewniaj\u0105c wsparcie izolacyjne i bezpieczn\u0105 odleg\u0142o\u015b\u0107 w celu zapewnienia izolacji elektrycznej.<\/p>\n<h2>Parametry produktu:<\/h2>\n<p>Model: SM Insulator<br \/>\nZakres temperatur pracy: od -40\u00b0C do +140\u00b0C<br \/>\nMateria\u0142 wk\u0142adki: Dost\u0119pny mosi\u0105dz lub \u017celazo<br \/>\nSk\u0142ad materia\u0142u: Nienasycona \u017cywica poliestrowa wzmocniona w\u0142\u00f3knem szklanym plastik kompresyjny (BMC\/SMC)<br \/>\nOpcje dostosowywania: Obs\u0142uga niestandardowego dostosowywania, kolory, wk\u0142adki i materia\u0142y mo\u017cna dostosowa\u0107 do potrzeb klienta<br \/>\n\u015aruby monta\u017cowe: opcjonalne<br \/>\nKlasa odporno\u015bci ogniowej: UL94-V0<br \/>\nWszystkie produkty przesz\u0142y certyfikacj\u0119 CE, SGS i ROHS.<\/p>","protected":false},"featured_media":1456,"template":"","meta":{"site-sidebar-layout":"default","site-content-layout":"","ast-site-content-layout":"default","site-content-style":"default","site-sidebar-style":"default","ast-global-header-display":"","ast-banner-title-visibility":"","ast-main-header-display":"","ast-hfb-above-header-display":"","ast-hfb-below-header-display":"","ast-hfb-mobile-header-display":"","site-post-title":"","ast-breadcrumbs-content":"","ast-featured-img":"","footer-sml-layout":"","ast-disable-related-posts":"","theme-transparent-header-meta":"default","adv-header-id-meta":"","stick-header-meta":"","header-above-stick-meta":"","header-main-stick-meta":"","header-below-stick-meta":"","astra-migrate-meta-layouts":"set","ast-page-background-enabled":"default","ast-page-background-meta":{"desktop":{"background-color":"var(--ast-global-color-4)","background-image":"","background-repeat":"repeat","background-position":"center center","background-size":"auto","background-attachment":"scroll","background-type":"","background-media":"","overlay-type":"","overlay-color":"","overlay-opacity":"","overlay-gradient":""},"tablet":{"background-color":"","background-image":"","background-repeat":"repeat","background-position":"center center","background-size":"auto","background-attachment":"scroll","background-type":"","background-media":"","overlay-type":"","overlay-color":"","overlay-opacity":"","overlay-gradient":""},"mobile":{"background-color":"","background-image":"","background-repeat":"repeat","background-position":"center center","background-size":"auto","background-attachment":"scroll","background-type":"","background-media":"","overlay-type":"","overlay-color":"","overlay-opacity":"","overlay-gradient":""}},"ast-content-background-meta":{"desktop":{"background-color":"var(--ast-global-color-5)","background-image":"","background-repeat":"repeat","background-position":"center center","background-size":"auto","background-attachment":"scroll","background-type":"","background-media":"","overlay-type":"","overlay-color":"","overlay-opacity":"","overlay-gradient":""},"tablet":{"background-color":"var(--ast-global-color-5)","background-image":"","background-repeat":"repeat","background-position":"center center","background-size":"auto","background-attachment":"scroll","background-type":"","background-media":"","overlay-type":"","overlay-color":"","overlay-opacity":"","overlay-gradient":""},"mobile":{"background-color":"var(--ast-global-color-5)","background-image":"","background-repeat":"repeat","background-position":"center center","background-size":"auto","background-attachment":"scroll","background-type":"","background-media":"","overlay-type":"","overlay-color":"","overlay-opacity":"","overlay-gradient":""}}},"product_brand":[],"product_cat":[22],"product_tag":[],"class_list":{"0":"post-1454","1":"product","2":"type-product","3":"status-publish","4":"has-post-thumbnail","6":"product_cat-low-voltage-insulator","7":"desktop-align-left","8":"tablet-align-left","9":"mobile-align-left","11":"first","12":"instock","13":"shipping-taxable","14":"product-type-simple"},"yoast_head":"<!-- This site is optimized with the Yoast SEO plugin v24.8.1 - https:\/\/yoast.com\/wordpress\/plugins\/seo\/ -->\n<title>China Small SM Series Low Voltage Standoff Support Insulator Supplier Or Manufacturer - JYIELE<\/title>\n<meta name=\"description\" content=\"JYIELE low voltage bearing insulators are made of high quality raw materials with good insulating performance and long service life, support OEM&amp;ODM customization, very cost-effective price, welcome to consult the price comparison!\" \/>\n<meta name=\"robots\" content=\"index, follow, max-snippet:-1, max-image-preview:large, max-video-preview:-1\" \/>\n<link rel=\"canonical\" href=\"https:\/\/www.jyiele.com\/pl\/product\/small-low-voltage-standoff-support-insulator\/\" \/>\n<meta property=\"og:locale\" content=\"pl_PL\" \/>\n<meta property=\"og:type\" content=\"article\" \/>\n<meta property=\"og:title\" content=\"China Small SM Series Low Voltage Standoff Support Insulator Supplier Or Manufacturer - JYIELE\" \/>\n<meta property=\"og:description\" content=\"JYIELE low voltage bearing insulators are made of high quality raw materials with good insulating performance and long service life, support OEM&amp;ODM customization, very cost-effective price, welcome to consult the price comparison!\" \/>\n<meta property=\"og:url\" content=\"https:\/\/www.jyiele.com\/pl\/product\/small-low-voltage-standoff-support-insulator\/\" \/>\n<meta property=\"og:site_name\" content=\"JYIELE\" \/>\n<meta property=\"article:modified_time\" content=\"2024-10-09T13:06:15+00:00\" \/>\n<meta property=\"og:image\" content=\"https:\/\/www.jyiele.com\/wp-content\/uploads\/2024\/09\/Small-SM-Series-Low-Voltage-Standoff-Support-Insulator.webp\" \/>\n\t<meta property=\"og:image:width\" content=\"800\" \/>\n\t<meta property=\"og:image:height\" content=\"800\" \/>\n\t<meta property=\"og:image:type\" content=\"image\/webp\" \/>\n<meta name=\"twitter:card\" content=\"summary_large_image\" \/>\n<meta name=\"twitter:label1\" content=\"Szacowany czas czytania\" \/>\n\t<meta name=\"twitter:data1\" content=\"2 minuty\" \/>\n<script type=\"application\/ld+json\" class=\"yoast-schema-graph\">{\"@context\":\"https:\/\/schema.org\",\"@graph\":[{\"@type\":\"WebPage\",\"@id\":\"https:\/\/www.jyiele.com\/product\/small-low-voltage-standoff-support-insulator\/\",\"url\":\"https:\/\/www.jyiele.com\/product\/small-low-voltage-standoff-support-insulator\/\",\"name\":\"China Small SM Series Low Voltage Standoff Support Insulator Supplier Or Manufacturer - JYIELE\",\"isPartOf\":{\"@id\":\"https:\/\/www.jyiele.com\/#website\"},\"primaryImageOfPage\":{\"@id\":\"https:\/\/www.jyiele.com\/product\/small-low-voltage-standoff-support-insulator\/#primaryimage\"},\"image\":{\"@id\":\"https:\/\/www.jyiele.com\/product\/small-low-voltage-standoff-support-insulator\/#primaryimage\"},\"thumbnailUrl\":\"https:\/\/www.jyiele.com\/wp-content\/uploads\/2024\/09\/Small-SM-Series-Low-Voltage-Standoff-Support-Insulator.webp\",\"datePublished\":\"2022-08-22T13:04:15+00:00\",\"dateModified\":\"2024-10-09T13:06:15+00:00\",\"description\":\"JYIELE low voltage bearing insulators are made of high quality raw materials with good insulating performance and long service life, support OEM&ODM customization, very cost-effective price, welcome to consult the price comparison!\",\"breadcrumb\":{\"@id\":\"https:\/\/www.jyiele.com\/product\/small-low-voltage-standoff-support-insulator\/#breadcrumb\"},\"inLanguage\":\"pl-PL\",\"potentialAction\":[{\"@type\":\"ReadAction\",\"target\":[\"https:\/\/www.jyiele.com\/product\/small-low-voltage-standoff-support-insulator\/\"]}]},{\"@type\":\"ImageObject\",\"inLanguage\":\"pl-PL\",\"@id\":\"https:\/\/www.jyiele.com\/product\/small-low-voltage-standoff-support-insulator\/#primaryimage\",\"url\":\"https:\/\/www.jyiele.com\/wp-content\/uploads\/2024\/09\/Small-SM-Series-Low-Voltage-Standoff-Support-Insulator.webp\",\"contentUrl\":\"https:\/\/www.jyiele.com\/wp-content\/uploads\/2024\/09\/Small-SM-Series-Low-Voltage-Standoff-Support-Insulator.webp\",\"width\":800,\"height\":800,\"caption\":\"Small SM Series Low Voltage Standoff Support Insulator\"},{\"@type\":\"BreadcrumbList\",\"@id\":\"https:\/\/www.jyiele.com\/product\/small-low-voltage-standoff-support-insulator\/#breadcrumb\",\"itemListElement\":[{\"@type\":\"ListItem\",\"position\":1,\"name\":\"Home\",\"item\":\"https:\/\/www.jyiele.com\/\"},{\"@type\":\"ListItem\",\"position\":2,\"name\":\"Product\",\"item\":\"https:\/\/www.jyiele.com\/product\/\"},{\"@type\":\"ListItem\",\"position\":3,\"name\":\"Low Voltage Insulator\",\"item\":\"https:\/\/www.jyiele.com\/product-category\/low-voltage-insulator\/\"},{\"@type\":\"ListItem\",\"position\":4,\"name\":\"Small SM Series Low Voltage Standoff Support Insulator\"}]},{\"@type\":\"WebSite\",\"@id\":\"https:\/\/www.jyiele.com\/#website\",\"url\":\"https:\/\/www.jyiele.com\/\",\"name\":\"JYIELE\",\"description\":\"Vacuum Circuit Breaker manufacturer\",\"publisher\":{\"@id\":\"https:\/\/www.jyiele.com\/#organization\"},\"potentialAction\":[{\"@type\":\"SearchAction\",\"target\":{\"@type\":\"EntryPoint\",\"urlTemplate\":\"https:\/\/www.jyiele.com\/?s={search_term_string}\"},\"query-input\":{\"@type\":\"PropertyValueSpecification\",\"valueRequired\":true,\"valueName\":\"search_term_string\"}}],\"inLanguage\":\"pl-PL\"},{\"@type\":\"Organization\",\"@id\":\"https:\/\/www.jyiele.com\/#organization\",\"name\":\"JYIELE\",\"url\":\"https:\/\/www.jyiele.com\/\",\"logo\":{\"@type\":\"ImageObject\",\"inLanguage\":\"pl-PL\",\"@id\":\"https:\/\/www.jyiele.com\/#\/schema\/logo\/image\/\",\"url\":\"https:\/\/www.jyiele.com\/wp-content\/uploads\/2024\/09\/cropped-jyele-1.webp\",\"contentUrl\":\"https:\/\/www.jyiele.com\/wp-content\/uploads\/2024\/09\/cropped-jyele-1.webp\",\"width\":137,\"height\":60,\"caption\":\"JYIELE\"},\"image\":{\"@id\":\"https:\/\/www.jyiele.com\/#\/schema\/logo\/image\/\"}}]}<\/script>\n<!-- \/ Yoast SEO plugin. -->","yoast_head_json":{"title":"Chiny Ma\u0142y izolator wsporczy niskiego napi\u0119cia serii SM dostawca lub producent - JYIELE","description":"Izolatory \u0142o\u017cysk niskiego napi\u0119cia JYIELE s\u0105 wykonane z wysokiej jako\u015bci surowc\u00f3w o dobrych w\u0142a\u015bciwo\u015bciach izolacyjnych i d\u0142ugiej \u017cywotno\u015bci, obs\u0142uguj\u0105 dostosowywanie OEM i ODM, bardzo op\u0142acaln\u0105 cen\u0119, zapraszamy do zapoznania si\u0119 z por\u00f3wnaniem cen!","robots":{"index":"index","follow":"follow","max-snippet":"max-snippet:-1","max-image-preview":"max-image-preview:large","max-video-preview":"max-video-preview:-1"},"canonical":"https:\/\/www.jyiele.com\/pl\/product\/small-low-voltage-standoff-support-insulator\/","og_locale":"pl_PL","og_type":"article","og_title":"China Small SM Series Low Voltage Standoff Support Insulator Supplier Or Manufacturer - JYIELE","og_description":"JYIELE low voltage bearing insulators are made of high quality raw materials with good insulating performance and long service life, support OEM&ODM customization, very cost-effective price, welcome to consult the price comparison!","og_url":"https:\/\/www.jyiele.com\/pl\/product\/small-low-voltage-standoff-support-insulator\/","og_site_name":"JYIELE","article_modified_time":"2024-10-09T13:06:15+00:00","og_image":[{"width":800,"height":800,"url":"https:\/\/www.jyiele.com\/wp-content\/uploads\/2024\/09\/Small-SM-Series-Low-Voltage-Standoff-Support-Insulator.webp","type":"image\/webp"}],"twitter_card":"summary_large_image","twitter_misc":{"Szacowany czas czytania":"2 minuty"},"schema":{"@context":"https:\/\/schema.org","@graph":[{"@type":"WebPage","@id":"https:\/\/www.jyiele.com\/product\/small-low-voltage-standoff-support-insulator\/","url":"https:\/\/www.jyiele.com\/product\/small-low-voltage-standoff-support-insulator\/","name":"Chiny Ma\u0142y izolator wsporczy niskiego napi\u0119cia serii SM dostawca lub producent - JYIELE","isPartOf":{"@id":"https:\/\/www.jyiele.com\/#website"},"primaryImageOfPage":{"@id":"https:\/\/www.jyiele.com\/product\/small-low-voltage-standoff-support-insulator\/#primaryimage"},"image":{"@id":"https:\/\/www.jyiele.com\/product\/small-low-voltage-standoff-support-insulator\/#primaryimage"},"thumbnailUrl":"https:\/\/www.jyiele.com\/wp-content\/uploads\/2024\/09\/Small-SM-Series-Low-Voltage-Standoff-Support-Insulator.webp","datePublished":"2022-08-22T13:04:15+00:00","dateModified":"2024-10-09T13:06:15+00:00","description":"Izolatory \u0142o\u017cysk niskiego napi\u0119cia JYIELE s\u0105 wykonane z wysokiej jako\u015bci surowc\u00f3w o dobrych w\u0142a\u015bciwo\u015bciach izolacyjnych i d\u0142ugiej \u017cywotno\u015bci, obs\u0142uguj\u0105 dostosowywanie OEM i ODM, bardzo op\u0142acaln\u0105 cen\u0119, zapraszamy do zapoznania si\u0119 z por\u00f3wnaniem cen!","breadcrumb":{"@id":"https:\/\/www.jyiele.com\/product\/small-low-voltage-standoff-support-insulator\/#breadcrumb"},"inLanguage":"pl-PL","potentialAction":[{"@type":"ReadAction","target":["https:\/\/www.jyiele.com\/product\/small-low-voltage-standoff-support-insulator\/"]}]},{"@type":"ImageObject","inLanguage":"pl-PL","@id":"https:\/\/www.jyiele.com\/product\/small-low-voltage-standoff-support-insulator\/#primaryimage","url":"https:\/\/www.jyiele.com\/wp-content\/uploads\/2024\/09\/Small-SM-Series-Low-Voltage-Standoff-Support-Insulator.webp","contentUrl":"https:\/\/www.jyiele.com\/wp-content\/uploads\/2024\/09\/Small-SM-Series-Low-Voltage-Standoff-Support-Insulator.webp","width":800,"height":800,"caption":"Small SM Series Low Voltage Standoff Support Insulator"},{"@type":"BreadcrumbList","@id":"https:\/\/www.jyiele.com\/product\/small-low-voltage-standoff-support-insulator\/#breadcrumb","itemListElement":[{"@type":"ListItem","position":1,"name":"Home","item":"https:\/\/www.jyiele.com\/"},{"@type":"ListItem","position":2,"name":"Product","item":"https:\/\/www.jyiele.com\/product\/"},{"@type":"ListItem","position":3,"name":"Low Voltage Insulator","item":"https:\/\/www.jyiele.com\/product-category\/low-voltage-insulator\/"},{"@type":"ListItem","position":4,"name":"Small SM Series Low Voltage Standoff Support Insulator"}]},{"@type":"WebSite","@id":"https:\/\/www.jyiele.com\/#website","url":"https:\/\/www.jyiele.com\/","name":"JYIELE","description":"Producent wy\u0142\u0105cznik\u00f3w pr\u00f3\u017cniowych","publisher":{"@id":"https:\/\/www.jyiele.com\/#organization"},"potentialAction":[{"@type":"SearchAction","target":{"@type":"EntryPoint","urlTemplate":"https:\/\/www.jyiele.com\/?s={search_term_string}"},"query-input":{"@type":"PropertyValueSpecification","valueRequired":true,"valueName":"search_term_string"}}],"inLanguage":"pl-PL"},{"@type":"Organization","@id":"https:\/\/www.jyiele.com\/#organization","name":"JYIELE","url":"https:\/\/www.jyiele.com\/","logo":{"@type":"ImageObject","inLanguage":"pl-PL","@id":"https:\/\/www.jyiele.com\/#\/schema\/logo\/image\/","url":"https:\/\/www.jyiele.com\/wp-content\/uploads\/2024\/09\/cropped-jyele-1.webp","contentUrl":"https:\/\/www.jyiele.com\/wp-content\/uploads\/2024\/09\/cropped-jyele-1.webp","width":137,"height":60,"caption":"JYIELE"},"image":{"@id":"https:\/\/www.jyiele.com\/#\/schema\/logo\/image\/"}}]}},"_links":{"self":[{"href":"https:\/\/www.jyiele.com\/pl\/wp-json\/wp\/v2\/product\/1454","targetHints":{"allow":["GET"]}}],"collection":[{"href":"https:\/\/www.jyiele.com\/pl\/wp-json\/wp\/v2\/product"}],"about":[{"href":"https:\/\/www.jyiele.com\/pl\/wp-json\/wp\/v2\/types\/product"}],"version-history":[{"count":4,"href":"https:\/\/www.jyiele.com\/pl\/wp-json\/wp\/v2\/product\/1454\/revisions"}],"predecessor-version":[{"id":1458,"href":"https:\/\/www.jyiele.com\/pl\/wp-json\/wp\/v2\/product\/1454\/revisions\/1458"}],"wp:featuredmedia":[{"embeddable":true,"href":"https:\/\/www.jyiele.com\/pl\/wp-json\/wp\/v2\/media\/1456"}],"wp:attachment":[{"href":"https:\/\/www.jyiele.com\/pl\/wp-json\/wp\/v2\/media?parent=1454"}],"wp:term":[{"taxonomy":"product_brand","embeddable":true,"href":"https:\/\/www.jyiele.com\/pl\/wp-json\/wp\/v2\/product_brand?post=1454"},{"taxonomy":"product_cat","embeddable":true,"href":"https:\/\/www.jyiele.com\/pl\/wp-json\/wp\/v2\/product_cat?post=1454"},{"taxonomy":"product_tag","embeddable":true,"href":"https:\/\/www.jyiele.com\/pl\/wp-json\/wp\/v2\/product_tag?post=1454"}],"curies":[{"name":"wp","href":"https:\/\/api.w.org\/{rel}","templated":true}]}}