{"id":1529,"date":"2024-11-04T07:52:01","date_gmt":"2024-11-04T07:52:01","guid":{"rendered":"https:\/\/www.jy-electric.com\/?post_type=product&#038;p=1529"},"modified":"2025-03-09T11:43:04","modified_gmt":"2025-03-09T11:43:04","slug":"customized-1000vdc-15000vdc-solar-panel-cable-connectors","status":"publish","type":"product","link":"https:\/\/www.jyiele.com\/pl\/product\/customized-1000vdc-15000vdc-solar-panel-cable-connectors\/","title":{"rendered":"Niestandardowe z\u0142\u0105cza kablowe paneli s\u0142onecznych 1000VDC 15000VDC do s\u0142onecznego systemu fotowoltaicznego"},"content":{"rendered":"<h2>Cechy z\u0142\u0105czy kablowych paneli s\u0142onecznych<\/h2>\n<p><strong>Obs\u0142uga wysokiego napi\u0119cia i nat\u0119\u017cenia pr\u0105du<\/strong><br \/>\nNadaje si\u0119 do napi\u0119\u0107 1000 V i 1500 V z pr\u0105dami znamionowymi od 2 A do 45 A, zapewniaj\u0105c niezawodne przesy\u0142anie energii.<\/p>\n<p><strong>Doskona\u0142a wytrzyma\u0142o\u015b\u0107<\/strong><br \/>\nWykonany z odpornego na starzenie i promieniowanie UV materia\u0142u PPO, mo\u017ce pracowa\u0107 stabilnie przez d\u0142ugi czas w trudnych warunkach zewn\u0119trznych.<\/p>\n<p><strong>Bezpieczne i stabilne po\u0142\u0105czenie<\/strong><br \/>\nSamoblokuj\u0105ca konstrukcja zapewnia \u0142atwe i bezpieczne pod\u0142\u0105czanie i od\u0142\u0105czanie, idealnie pasuje do po\u0142\u0105czenia MC4 i zmniejsza ryzyko s\u0142abego kontaktu.<\/p>\n<p><strong>Wodoodporno\u015b\u0107 i py\u0142oszczelno\u015b\u0107<\/strong><br \/>\nStopie\u0144 ochrony IP68, mo\u017ce skutecznie wodoodporny i py\u0142oszczelny, odpowiedni do r\u00f3\u017cnych \u015brodowisk.<\/p>\n<p><strong>Bardzo niskie straty energii<\/strong><br \/>\nRezystancja styku wynosi zaledwie 0,5 m\u03a9, co poprawia wydajno\u015b\u0107 systemu i zmniejsza straty energii.<\/p>\n<p><strong>Szerokie mo\u017cliwo\u015bci dostosowania do temperatury<\/strong><br \/>\nZakres temperatur pracy wynosi od -40\u00b0C do +90\u00b0C, co pozwala na prac\u0119 w r\u00f3\u017cnych warunkach klimatycznych.<\/p>\n<p><strong>Wysoka certyfikacja bezpiecze\u0144stwa<\/strong><br \/>\nKlasa bezpiecze\u0144stwa II spe\u0142nia mi\u0119dzynarodowe standardy, zapewniaj\u0105c spok\u00f3j ducha.<\/p>\n<p><strong>W\u0142a\u015bciwo\u015bci zmniejszaj\u0105ce palno\u015b\u0107<\/strong><br \/>\nZmniejsz ryzyko po\u017caru dzi\u0119ki dobrym w\u0142a\u015bciwo\u015bciom zmniejszaj\u0105cym palno\u015b\u0107.<\/p>\n<div class=\"top flex f-jsb f-ast f-warp\">\n<div class=\"fl wow fadeInLeft animated animated\" data-wow-delay=\"200ms\">\n<div class=\"product_det_ico pst-rel\">\n<div class=\"mySwiper_ico swiper swiper-initialized swiper-horizontal swiper-pointer-events swiper-thumbs\">\n<h2 class=\"pic rect-75 pic_rect\"><img decoding=\"async\" class=\"_full\" title=\"\" src=\"https:\/\/jyiele.com\/product\/solar-panel-cable-connectors\/\" alt=\"\" \/>Parametr produktu<\/h2>\n<\/div>\n<\/div>\n<\/div>\n<\/div>\n<div class=\"bottom clearfix wow fadeInUp animated animated\" data-wow-delay=\"0\">\n<div class=\"bot fl\">\n<div class=\"bot_con\">\n<div class=\"des show\">\n<figure class=\"wp-block-table\">\n<div class=\"scroll\">\n<table>\n<tbody>\n<tr>\n<td>Nr seryjny.<\/td>\n<td>Parametr<\/td>\n<td>Parametr<\/td>\n<\/tr>\n<tr>\n<td>1<\/td>\n<td>Typ<\/td>\n<td>Z\u0142\u0105cze bezpiecznika solarnego<\/td>\n<\/tr>\n<tr>\n<td>2<\/td>\n<td>Napi\u0119cie znamionowe<\/td>\n<td>1000 V \/ 1500 V DC<\/td>\n<\/tr>\n<tr>\n<td>3<\/td>\n<td>Pr\u0105d znamionowy<\/td>\n<td>2A-45A<\/td>\n<\/tr>\n<tr>\n<td>4<\/td>\n<td>Napi\u0119cie testowe<\/td>\n<td>8000V (50Hz, 1min)<\/td>\n<\/tr>\n<tr>\n<td>5<\/td>\n<td>Zakres temperatur<\/td>\n<td>-40\u00b0C ...+90\u00b0C<\/td>\n<\/tr>\n<tr>\n<td>6<\/td>\n<td>G\u00f3rna temperatura graniczna<\/td>\n<td>+105\u00b0C<\/td>\n<\/tr>\n<tr>\n<td>7<\/td>\n<td>Stopie\u0144 ochrony<\/td>\n<td>IP2X\/ IP68<\/td>\n<\/tr>\n<tr>\n<td>8<\/td>\n<td>Rezystancja styku z\u0142\u0105czy wtykowych<\/td>\n<td>0,5 m\u03a9<\/td>\n<\/tr>\n<tr>\n<td>9<\/td>\n<td>Klasa bezpiecze\u0144stwa<\/td>\n<td>\u2161<\/td>\n<\/tr>\n<tr>\n<td>10<\/td>\n<td>Materia\u0142 kontaktowy<\/td>\n<td>Mied\u017a, ocynowana<\/td>\n<\/tr>\n<tr>\n<td>11<\/td>\n<td>Materia\u0142 izolacyjny<\/td>\n<td>PPO<\/td>\n<\/tr>\n<tr>\n<td>12<\/td>\n<td>Si\u0142a wycofuj\u0105ca\/si\u0142a wprowadzaj\u0105ca<\/td>\n<td>\u226550N\/\u226450N<\/td>\n<\/tr>\n<tr>\n<td>13<\/td>\n<td>System blokuj\u0105cy<\/td>\n<td>Zatrzask<\/td>\n<\/tr>\n<tr>\n<td>14<\/td>\n<td>Klasa p\u0142omienia<\/td>\n<td>UL-94-V0<\/td>\n<\/tr>\n<\/tbody>\n<\/table>\n<\/div>\n<\/figure>\n<\/div>\n<\/div>\n<\/div>\n<\/div>","protected":false},"excerpt":{"rendered":"<p>Dzi\u0119ki doskona\u0142ej wydajno\u015bci i niezawodno\u015bci, to z\u0142\u0105cze kablowe panelu s\u0142onecznego jest niezb\u0119dnym i wysokiej jako\u015bci wyborem dla system\u00f3w energii s\u0142onecznej.<\/p>","protected":false},"featured_media":1530,"template":"","meta":{"site-sidebar-layout":"default","site-content-layout":"","ast-site-content-layout":"default","site-content-style":"default","site-sidebar-style":"default","ast-global-header-display":"","ast-banner-title-visibility":"","ast-main-header-display":"","ast-hfb-above-header-display":"","ast-hfb-below-header-display":"","ast-hfb-mobile-header-display":"","site-post-title":"","ast-breadcrumbs-content":"","ast-featured-img":"","footer-sml-layout":"","ast-disable-related-posts":"","theme-transparent-header-meta":"default","adv-header-id-meta":"","stick-header-meta":"","header-above-stick-meta":"","header-main-stick-meta":"","header-below-stick-meta":"","astra-migrate-meta-layouts":"set","ast-page-background-enabled":"default","ast-page-background-meta":{"desktop":{"background-color":"var(--ast-global-color-4)","background-image":"","background-repeat":"repeat","background-position":"center center","background-size":"auto","background-attachment":"scroll","background-type":"","background-media":"","overlay-type":"","overlay-color":"","overlay-opacity":"","overlay-gradient":""},"tablet":{"background-color":"","background-image":"","background-repeat":"repeat","background-position":"center center","background-size":"auto","background-attachment":"scroll","background-type":"","background-media":"","overlay-type":"","overlay-color":"","overlay-opacity":"","overlay-gradient":""},"mobile":{"background-color":"","background-image":"","background-repeat":"repeat","background-position":"center center","background-size":"auto","background-attachment":"scroll","background-type":"","background-media":"","overlay-type":"","overlay-color":"","overlay-opacity":"","overlay-gradient":""}},"ast-content-background-meta":{"desktop":{"background-color":"var(--ast-global-color-5)","background-image":"","background-repeat":"repeat","background-position":"center center","background-size":"auto","background-attachment":"scroll","background-type":"","background-media":"","overlay-type":"","overlay-color":"","overlay-opacity":"","overlay-gradient":""},"tablet":{"background-color":"var(--ast-global-color-5)","background-image":"","background-repeat":"repeat","background-position":"center center","background-size":"auto","background-attachment":"scroll","background-type":"","background-media":"","overlay-type":"","overlay-color":"","overlay-opacity":"","overlay-gradient":""},"mobile":{"background-color":"var(--ast-global-color-5)","background-image":"","background-repeat":"repeat","background-position":"center center","background-size":"auto","background-attachment":"scroll","background-type":"","background-media":"","overlay-type":"","overlay-color":"","overlay-opacity":"","overlay-gradient":""}}},"product_brand":[],"product_cat":[19],"product_tag":[],"class_list":{"0":"post-1529","1":"product","2":"type-product","3":"status-publish","4":"has-post-thumbnail","6":"product_cat-mc4-connector","7":"desktop-align-left","8":"tablet-align-left","9":"mobile-align-left","11":"first","12":"instock","13":"shipping-taxable","14":"product-type-simple"},"yoast_head":"<!-- This site is optimized with the Yoast SEO plugin v24.8.1 - https:\/\/yoast.com\/wordpress\/plugins\/seo\/ -->\n<title>Customized Solar Panel Cable Connectors Factory Manufacturer-JYIELE<\/title>\n<meta name=\"description\" content=\"High quality solar panel cable connector manufacturers, support customization, high quality, source factory price, one-stop service\u3002\" \/>\n<meta name=\"robots\" content=\"index, follow, max-snippet:-1, max-image-preview:large, max-video-preview:-1\" \/>\n<link rel=\"canonical\" href=\"https:\/\/www.jyiele.com\/pl\/product\/customized-1000vdc-15000vdc-solar-panel-cable-connectors\/\" \/>\n<meta property=\"og:locale\" content=\"pl_PL\" \/>\n<meta property=\"og:type\" content=\"article\" \/>\n<meta property=\"og:title\" content=\"Customized Solar Panel Cable Connectors Factory Manufacturer-JYIELE\" \/>\n<meta property=\"og:description\" content=\"High quality solar panel cable connector manufacturers, support customization, high quality, source factory price, one-stop service\u3002\" \/>\n<meta property=\"og:url\" content=\"https:\/\/www.jyiele.com\/pl\/product\/customized-1000vdc-15000vdc-solar-panel-cable-connectors\/\" \/>\n<meta property=\"og:site_name\" content=\"JYIELE\" \/>\n<meta property=\"article:modified_time\" content=\"2025-03-09T11:43:04+00:00\" \/>\n<meta property=\"og:image\" content=\"https:\/\/www.jyiele.com\/wp-content\/uploads\/2024\/09\/Customized-1000VDC-15000VDC-Solar-Panel-Cable-Connectors-For-Solar-Photovoltaic-System.webp\" \/>\n\t<meta property=\"og:image:width\" content=\"800\" \/>\n\t<meta property=\"og:image:height\" content=\"800\" \/>\n\t<meta property=\"og:image:type\" content=\"image\/webp\" \/>\n<meta name=\"twitter:card\" content=\"summary_large_image\" \/>\n<meta name=\"twitter:label1\" content=\"Szacowany czas czytania\" \/>\n\t<meta name=\"twitter:data1\" content=\"2 minuty\" \/>\n<script type=\"application\/ld+json\" class=\"yoast-schema-graph\">{\"@context\":\"https:\/\/schema.org\",\"@graph\":[{\"@type\":\"WebPage\",\"@id\":\"https:\/\/www.jyiele.com\/product\/customized-1000vdc-15000vdc-solar-panel-cable-connectors\/\",\"url\":\"https:\/\/www.jyiele.com\/product\/customized-1000vdc-15000vdc-solar-panel-cable-connectors\/\",\"name\":\"Customized Solar Panel Cable Connectors Factory Manufacturer-JYIELE\",\"isPartOf\":{\"@id\":\"https:\/\/www.jyiele.com\/#website\"},\"primaryImageOfPage\":{\"@id\":\"https:\/\/www.jyiele.com\/product\/customized-1000vdc-15000vdc-solar-panel-cable-connectors\/#primaryimage\"},\"image\":{\"@id\":\"https:\/\/www.jyiele.com\/product\/customized-1000vdc-15000vdc-solar-panel-cable-connectors\/#primaryimage\"},\"thumbnailUrl\":\"https:\/\/www.jyiele.com\/wp-content\/uploads\/2024\/09\/Customized-1000VDC-15000VDC-Solar-Panel-Cable-Connectors-For-Solar-Photovoltaic-System.webp\",\"datePublished\":\"2024-11-04T07:52:01+00:00\",\"dateModified\":\"2025-03-09T11:43:04+00:00\",\"description\":\"High quality solar panel cable connector manufacturers, support customization, high quality, source factory price, one-stop service\u3002\",\"breadcrumb\":{\"@id\":\"https:\/\/www.jyiele.com\/product\/customized-1000vdc-15000vdc-solar-panel-cable-connectors\/#breadcrumb\"},\"inLanguage\":\"pl-PL\",\"potentialAction\":[{\"@type\":\"ReadAction\",\"target\":[\"https:\/\/www.jyiele.com\/product\/customized-1000vdc-15000vdc-solar-panel-cable-connectors\/\"]}]},{\"@type\":\"ImageObject\",\"inLanguage\":\"pl-PL\",\"@id\":\"https:\/\/www.jyiele.com\/product\/customized-1000vdc-15000vdc-solar-panel-cable-connectors\/#primaryimage\",\"url\":\"https:\/\/www.jyiele.com\/wp-content\/uploads\/2024\/09\/Customized-1000VDC-15000VDC-Solar-Panel-Cable-Connectors-For-Solar-Photovoltaic-System.webp\",\"contentUrl\":\"https:\/\/www.jyiele.com\/wp-content\/uploads\/2024\/09\/Customized-1000VDC-15000VDC-Solar-Panel-Cable-Connectors-For-Solar-Photovoltaic-System.webp\",\"width\":800,\"height\":800,\"caption\":\"Customized 1000VDC 15000VDC Solar Panel Cable Connectors For Solar Photovoltaic System\"},{\"@type\":\"BreadcrumbList\",\"@id\":\"https:\/\/www.jyiele.com\/product\/customized-1000vdc-15000vdc-solar-panel-cable-connectors\/#breadcrumb\",\"itemListElement\":[{\"@type\":\"ListItem\",\"position\":1,\"name\":\"Home\",\"item\":\"https:\/\/www.jyiele.com\/\"},{\"@type\":\"ListItem\",\"position\":2,\"name\":\"Product\",\"item\":\"https:\/\/www.jyiele.com\/product\/\"},{\"@type\":\"ListItem\",\"position\":3,\"name\":\"MC4 Connector\",\"item\":\"https:\/\/www.jyiele.com\/product-category\/mc4-connector\/\"},{\"@type\":\"ListItem\",\"position\":4,\"name\":\"Customized 1000VDC 15000VDC Solar Panel Cable Connectors For Solar Photovoltaic System\"}]},{\"@type\":\"WebSite\",\"@id\":\"https:\/\/www.jyiele.com\/#website\",\"url\":\"https:\/\/www.jyiele.com\/\",\"name\":\"JYIELE\",\"description\":\"Vacuum Circuit Breaker manufacturer\",\"publisher\":{\"@id\":\"https:\/\/www.jyiele.com\/#organization\"},\"potentialAction\":[{\"@type\":\"SearchAction\",\"target\":{\"@type\":\"EntryPoint\",\"urlTemplate\":\"https:\/\/www.jyiele.com\/?s={search_term_string}\"},\"query-input\":{\"@type\":\"PropertyValueSpecification\",\"valueRequired\":true,\"valueName\":\"search_term_string\"}}],\"inLanguage\":\"pl-PL\"},{\"@type\":\"Organization\",\"@id\":\"https:\/\/www.jyiele.com\/#organization\",\"name\":\"JYIELE\",\"url\":\"https:\/\/www.jyiele.com\/\",\"logo\":{\"@type\":\"ImageObject\",\"inLanguage\":\"pl-PL\",\"@id\":\"https:\/\/www.jyiele.com\/#\/schema\/logo\/image\/\",\"url\":\"https:\/\/www.jyiele.com\/wp-content\/uploads\/2024\/09\/cropped-jyele-1.webp\",\"contentUrl\":\"https:\/\/www.jyiele.com\/wp-content\/uploads\/2024\/09\/cropped-jyele-1.webp\",\"width\":137,\"height\":60,\"caption\":\"JYIELE\"},\"image\":{\"@id\":\"https:\/\/www.jyiele.com\/#\/schema\/logo\/image\/\"}}]}<\/script>\n<!-- \/ Yoast SEO plugin. -->","yoast_head_json":{"title":"Dostosowane fabryczne z\u0142\u0105cza kablowe paneli s\u0142onecznych Producent-JYIELE","description":"Wysokiej jako\u015bci producenci z\u0142\u0105czy kablowych do paneli s\u0142onecznych, wsparcie dostosowywania, wysoka jako\u015b\u0107, \u017ar\u00f3d\u0142owa cena fabryczna, kompleksowa obs\u0142uga\u3002","robots":{"index":"index","follow":"follow","max-snippet":"max-snippet:-1","max-image-preview":"max-image-preview:large","max-video-preview":"max-video-preview:-1"},"canonical":"https:\/\/www.jyiele.com\/pl\/product\/customized-1000vdc-15000vdc-solar-panel-cable-connectors\/","og_locale":"pl_PL","og_type":"article","og_title":"Customized Solar Panel Cable Connectors Factory Manufacturer-JYIELE","og_description":"High quality solar panel cable connector manufacturers, support customization, high quality, source factory price, one-stop service\u3002","og_url":"https:\/\/www.jyiele.com\/pl\/product\/customized-1000vdc-15000vdc-solar-panel-cable-connectors\/","og_site_name":"JYIELE","article_modified_time":"2025-03-09T11:43:04+00:00","og_image":[{"width":800,"height":800,"url":"https:\/\/www.jyiele.com\/wp-content\/uploads\/2024\/09\/Customized-1000VDC-15000VDC-Solar-Panel-Cable-Connectors-For-Solar-Photovoltaic-System.webp","type":"image\/webp"}],"twitter_card":"summary_large_image","twitter_misc":{"Szacowany czas czytania":"2 minuty"},"schema":{"@context":"https:\/\/schema.org","@graph":[{"@type":"WebPage","@id":"https:\/\/www.jyiele.com\/product\/customized-1000vdc-15000vdc-solar-panel-cable-connectors\/","url":"https:\/\/www.jyiele.com\/product\/customized-1000vdc-15000vdc-solar-panel-cable-connectors\/","name":"Dostosowane fabryczne z\u0142\u0105cza kablowe paneli s\u0142onecznych Producent-JYIELE","isPartOf":{"@id":"https:\/\/www.jyiele.com\/#website"},"primaryImageOfPage":{"@id":"https:\/\/www.jyiele.com\/product\/customized-1000vdc-15000vdc-solar-panel-cable-connectors\/#primaryimage"},"image":{"@id":"https:\/\/www.jyiele.com\/product\/customized-1000vdc-15000vdc-solar-panel-cable-connectors\/#primaryimage"},"thumbnailUrl":"https:\/\/www.jyiele.com\/wp-content\/uploads\/2024\/09\/Customized-1000VDC-15000VDC-Solar-Panel-Cable-Connectors-For-Solar-Photovoltaic-System.webp","datePublished":"2024-11-04T07:52:01+00:00","dateModified":"2025-03-09T11:43:04+00:00","description":"Wysokiej jako\u015bci producenci z\u0142\u0105czy kablowych do paneli s\u0142onecznych, wsparcie dostosowywania, wysoka jako\u015b\u0107, \u017ar\u00f3d\u0142owa cena fabryczna, kompleksowa obs\u0142uga\u3002","breadcrumb":{"@id":"https:\/\/www.jyiele.com\/product\/customized-1000vdc-15000vdc-solar-panel-cable-connectors\/#breadcrumb"},"inLanguage":"pl-PL","potentialAction":[{"@type":"ReadAction","target":["https:\/\/www.jyiele.com\/product\/customized-1000vdc-15000vdc-solar-panel-cable-connectors\/"]}]},{"@type":"ImageObject","inLanguage":"pl-PL","@id":"https:\/\/www.jyiele.com\/product\/customized-1000vdc-15000vdc-solar-panel-cable-connectors\/#primaryimage","url":"https:\/\/www.jyiele.com\/wp-content\/uploads\/2024\/09\/Customized-1000VDC-15000VDC-Solar-Panel-Cable-Connectors-For-Solar-Photovoltaic-System.webp","contentUrl":"https:\/\/www.jyiele.com\/wp-content\/uploads\/2024\/09\/Customized-1000VDC-15000VDC-Solar-Panel-Cable-Connectors-For-Solar-Photovoltaic-System.webp","width":800,"height":800,"caption":"Customized 1000VDC 15000VDC Solar Panel Cable Connectors For Solar Photovoltaic System"},{"@type":"BreadcrumbList","@id":"https:\/\/www.jyiele.com\/product\/customized-1000vdc-15000vdc-solar-panel-cable-connectors\/#breadcrumb","itemListElement":[{"@type":"ListItem","position":1,"name":"Home","item":"https:\/\/www.jyiele.com\/"},{"@type":"ListItem","position":2,"name":"Product","item":"https:\/\/www.jyiele.com\/product\/"},{"@type":"ListItem","position":3,"name":"MC4 Connector","item":"https:\/\/www.jyiele.com\/product-category\/mc4-connector\/"},{"@type":"ListItem","position":4,"name":"Customized 1000VDC 15000VDC Solar Panel Cable Connectors For Solar Photovoltaic System"}]},{"@type":"WebSite","@id":"https:\/\/www.jyiele.com\/#website","url":"https:\/\/www.jyiele.com\/","name":"JYIELE","description":"Producent wy\u0142\u0105cznik\u00f3w pr\u00f3\u017cniowych","publisher":{"@id":"https:\/\/www.jyiele.com\/#organization"},"potentialAction":[{"@type":"SearchAction","target":{"@type":"EntryPoint","urlTemplate":"https:\/\/www.jyiele.com\/?s={search_term_string}"},"query-input":{"@type":"PropertyValueSpecification","valueRequired":true,"valueName":"search_term_string"}}],"inLanguage":"pl-PL"},{"@type":"Organization","@id":"https:\/\/www.jyiele.com\/#organization","name":"JYIELE","url":"https:\/\/www.jyiele.com\/","logo":{"@type":"ImageObject","inLanguage":"pl-PL","@id":"https:\/\/www.jyiele.com\/#\/schema\/logo\/image\/","url":"https:\/\/www.jyiele.com\/wp-content\/uploads\/2024\/09\/cropped-jyele-1.webp","contentUrl":"https:\/\/www.jyiele.com\/wp-content\/uploads\/2024\/09\/cropped-jyele-1.webp","width":137,"height":60,"caption":"JYIELE"},"image":{"@id":"https:\/\/www.jyiele.com\/#\/schema\/logo\/image\/"}}]}},"_links":{"self":[{"href":"https:\/\/www.jyiele.com\/pl\/wp-json\/wp\/v2\/product\/1529","targetHints":{"allow":["GET"]}}],"collection":[{"href":"https:\/\/www.jyiele.com\/pl\/wp-json\/wp\/v2\/product"}],"about":[{"href":"https:\/\/www.jyiele.com\/pl\/wp-json\/wp\/v2\/types\/product"}],"version-history":[{"count":2,"href":"https:\/\/www.jyiele.com\/pl\/wp-json\/wp\/v2\/product\/1529\/revisions"}],"predecessor-version":[{"id":1532,"href":"https:\/\/www.jyiele.com\/pl\/wp-json\/wp\/v2\/product\/1529\/revisions\/1532"}],"wp:featuredmedia":[{"embeddable":true,"href":"https:\/\/www.jyiele.com\/pl\/wp-json\/wp\/v2\/media\/1530"}],"wp:attachment":[{"href":"https:\/\/www.jyiele.com\/pl\/wp-json\/wp\/v2\/media?parent=1529"}],"wp:term":[{"taxonomy":"product_brand","embeddable":true,"href":"https:\/\/www.jyiele.com\/pl\/wp-json\/wp\/v2\/product_brand?post=1529"},{"taxonomy":"product_cat","embeddable":true,"href":"https:\/\/www.jyiele.com\/pl\/wp-json\/wp\/v2\/product_cat?post=1529"},{"taxonomy":"product_tag","embeddable":true,"href":"https:\/\/www.jyiele.com\/pl\/wp-json\/wp\/v2\/product_tag?post=1529"}],"curies":[{"name":"wp","href":"https:\/\/api.w.org\/{rel}","templated":true}]}}