{"id":1627,"date":"2023-10-01T05:58:51","date_gmt":"2023-10-01T05:58:51","guid":{"rendered":"https:\/\/www.jy-electric.com\/?post_type=product&#038;p=1627"},"modified":"2024-10-09T13:07:14","modified_gmt":"2024-10-09T13:07:14","slug":"shear-bolt-connector","status":"publish","type":"product","link":"https:\/\/www.jyiele.com\/pl\/product\/shear-bolt-connector\/","title":{"rendered":"Aluminiowe z\u0142\u0105cze \u015brubowe \u015bcinane serii BSM"},"content":{"rendered":"<p>Z\u0142\u0105cza z trzpieniem \u015bcinanym zosta\u0142y zaprojektowane w celu optymalizacji po\u0142\u0105czenia mi\u0119dzy przewodnikiem a urz\u0105dzeniem. Mechanizm \u015bruby \u015bcinanej zapewnia stabilne i niezawodne mocowanie z wy\u017csz\u0105 wydajno\u015bci\u0105 instalacji i sta\u0142ym momentem \u015bcinaj\u0105cym w por\u00f3wnaniu do tradycyjnych metod zaciskania. Korpus rurki jest wykonany z cynowanego stopu aluminium z rowkowan\u0105 wewn\u0119trzn\u0105 \u015bciank\u0105, kt\u00f3ra pomaga poprawi\u0107 w\u0142a\u015bciwo\u015bci elektryczne i mechaniczne, jednocze\u015bnie zmniejszaj\u0105c potrzeb\u0119 r\u0119cznej obs\u0142ugi.<\/p>\n<p>Wysokowytrzyma\u0142y stop aluminium jest pokryty miedzi\u0105 i cyn\u0105, aby jeszcze bardziej zwi\u0119kszy\u0107 przydatno\u015b\u0107 i trwa\u0142o\u015b\u0107 przewodnika.<\/p>\n<p>\u015aruby dynamometryczne: Precyzyjnie wykonane dzi\u0119ki obr\u00f3bce CNC, proces instalacji jest prosty i mo\u017cna go \u0142atwo zabezpieczy\u0107 za pomoc\u0105 niewielkiej liczby \u015brub sze\u015bciok\u0105tnych.<\/p>\n<h2>Opis komponentu<\/h2>\n<p>Korpus g\u0142\u00f3wny: wykonany z wysokiej jako\u015bci stopu aluminium, w procesie kucia i cynowania, grubo\u015b\u0107 poszycia wynosi ponad 7 \u03bcm.<br \/>\n\u015aruba dynamometryczna (\u015bruba \u015bcinana): Obr\u00f3bka tokarska CNC, wysoka precyzja.<br \/>\nPrzegroda po\u015brednia: Produkty s\u0105 podzielone na typ blokuj\u0105cy olej i typ nie blokuj\u0105cy oleju, typ blokuj\u0105cy olej jest wyposa\u017cony w przegrod\u0119.<br \/>\nZacisk: Pocz\u0105wszy od modelu BSM-500\/630, rurka \u0142\u0105cz\u0105ca eliminuje konstrukcj\u0119 zaciskan\u0105.<\/p>\n<h2>Cechy strukturalne<\/h2>\n<p>Szerokie zastosowanie: Obs\u0142uguje przewody w zakresie od 10 mm\u00b2 do 1000 mm\u00b2 i nadaje si\u0119 do szerokiej gamy typ\u00f3w przewod\u00f3w i materia\u0142\u00f3w;<br \/>\nTrwa\u0142a konstrukcja: nadaje si\u0119 do akcesori\u00f3w kablowych wysokiego napi\u0119cia do 42 kV;<br \/>\nNiezawodne po\u0142\u0105czenie: przewody s\u0105 zabezpieczone w rurze po\u0142\u0105czeniowej za pomoc\u0105 wst\u0119pnie dokr\u0119conych \u015brub, aby zapewni\u0107 pewny kontakt;<br \/>\n\u0141atwa instalacja: kompaktowa konstrukcja umo\u017cliwia \u0142atw\u0105 instalacj\u0119 za pomoc\u0105 standardowego klucza nasadowego;<br \/>\nInstrukcje instalacji: do instalacji nie s\u0105 wymagane \u017cadne specjalne narz\u0119dzia, wystarczy zwyk\u0142y klucz nasadowy. Do ka\u017cdego z\u0142\u0105cza lub ko\u0144c\u00f3wki kablowej do\u0142\u0105czona jest szczeg\u00f3\u0142owa instrukcja instalacji, a konstrukcja podw\u00f3jnej \u015bruby z \u0142bem \u015bcinanym zapewnia bezpieczne i stabilne po\u0142\u0105czenie. Aby unikn\u0105\u0107 zginania przewod\u00f3w, zaleca si\u0119 u\u017cycie odpowiedniego narz\u0119dzia pomocniczego.<\/p>\n<h4 class=\"wp-block-heading\"><strong>Tabela parametr\u00f3w z\u0142\u0105cza \u015bruby \u015bcinanej<\/strong><\/h4>\n<figure class=\"wp-block-image size-full is-resized\"><img fetchpriority=\"high\" decoding=\"async\" class=\"alignnone wp-image-1634 size-full\" src=\"https:\/\/www.jy-electric.com\/wp-content\/uploads\/2024\/10\/Shear-Bolt-Connector-Parameter-Table.webp\" alt=\"Tabela parametr\u00f3w z\u0142\u0105cza \u015bruby \u015bcinanej\" width=\"660\" height=\"254\" srcset=\"https:\/\/www.jyiele.com\/wp-content\/uploads\/2024\/10\/Shear-Bolt-Connector-Parameter-Table.webp 660w, https:\/\/www.jyiele.com\/wp-content\/uploads\/2024\/10\/Shear-Bolt-Connector-Parameter-Table-300x115.webp 300w, https:\/\/www.jyiele.com\/wp-content\/uploads\/2024\/10\/Shear-Bolt-Connector-Parameter-Table-18x7.webp 18w, https:\/\/www.jyiele.com\/wp-content\/uploads\/2024\/10\/Shear-Bolt-Connector-Parameter-Table-600x231.webp 600w\" sizes=\"(max-width: 660px) 100vw, 660px\" \/><\/figure>\n<figure class=\"wp-block-table\">\n<div class=\"scroll\">\n<table>\n<tbody>\n<tr>\n<td rowspan=\"2\">TYP<\/td>\n<td rowspan=\"2\">Drut krzy\u017cowy<br \/>\nprzekr\u00f3j mm\u00b2<\/td>\n<td rowspan=\"2\">Z centralnym<br \/>\nbariera<br \/>\n(tak\/nie)<\/td>\n<td colspan=\"4\">Wymiary (mm)<\/td>\n<td rowspan=\"2\">Liczba<br \/>\n\u015aruba<\/td>\n<td>G\u0142owica \u015brubowa<br \/>\nspecyfikacje<\/td>\n<\/tr>\n<tr>\n<td>L1<\/td>\n<td>D2<\/td>\n<td>D1<\/td>\n<td>D2<\/td>\n<td>AF(mm)<\/td>\n<\/tr>\n<tr>\n<td>BSM-10\/35<\/td>\n<td>10-35<\/td>\n<td>Tak<\/td>\n<td>45<\/td>\n<td>20<\/td>\n<td>19<\/td>\n<td>8.5<\/td>\n<td>2<\/td>\n<td>10<\/td>\n<\/tr>\n<tr>\n<td>BSM-25\/95<\/td>\n<td>25-95<\/td>\n<td>Tak<\/td>\n<td>65<\/td>\n<td>30<\/td>\n<td>24<\/td>\n<td>12.8<\/td>\n<td>2<\/td>\n<td>13<\/td>\n<\/tr>\n<tr>\n<td>BSMU-25\/95<\/td>\n<td>25-95<\/td>\n<td>nie<\/td>\n<td>65<\/td>\n<td><\/td>\n<td>24<\/td>\n<td>12.8<\/td>\n<td>2<\/td>\n<td>13<\/td>\n<\/tr>\n<tr>\n<td>BSM-35\/150<\/td>\n<td>35-150<\/td>\n<td>Tak<\/td>\n<td>80<\/td>\n<td>35<\/td>\n<td>28<\/td>\n<td>15.8<\/td>\n<td>2<\/td>\n<td>17<\/td>\n<\/tr>\n<tr>\n<td>BSMU-35\/150<\/td>\n<td>35-150<\/td>\n<td>nie<\/td>\n<td>80<\/td>\n<td><\/td>\n<td>28<\/td>\n<td>15.8<\/td>\n<td>2<\/td>\n<td>17<\/td>\n<\/tr>\n<tr>\n<td>BSM-95\/240<\/td>\n<td>95-240<\/td>\n<td>Tak<\/td>\n<td>125<\/td>\n<td>60<\/td>\n<td>33<\/td>\n<td>20<\/td>\n<td>4<\/td>\n<td>19<\/td>\n<\/tr>\n<tr>\n<td>BSMU-95\/240<\/td>\n<td>95-240<\/td>\n<td>nie<\/td>\n<td>125<\/td>\n<td><\/td>\n<td>33<\/td>\n<td>20<\/td>\n<td>4<\/td>\n<td>19<\/td>\n<\/tr>\n<tr>\n<td>BSM-95\/240-34<\/td>\n<td>95-240<\/td>\n<td>Tak<\/td>\n<td>125<\/td>\n<td>60<\/td>\n<td>34<\/td>\n<td>22<\/td>\n<td>4<\/td>\n<td>19<\/td>\n<\/tr>\n<tr>\n<td>BSM-120\/300<\/td>\n<td>120-300<\/td>\n<td>Tak<\/td>\n<td>140<\/td>\n<td>65<\/td>\n<td>37<\/td>\n<td>24<\/td>\n<td>4<\/td>\n<td>22<\/td>\n<\/tr>\n<tr>\n<td>BSMU-120\/300<\/td>\n<td>120-300<\/td>\n<td>nie<\/td>\n<td>140<\/td>\n<td><\/td>\n<td>37<\/td>\n<td>24<\/td>\n<td>4<\/td>\n<td>22<\/td>\n<\/tr>\n<tr>\n<td>BSM-185\/400<\/td>\n<td>185-400<\/td>\n<td>Tak<\/td>\n<td>170<\/td>\n<td>80<\/td>\n<td>42<\/td>\n<td>25.5<\/td>\n<td>6<\/td>\n<td>22<\/td>\n<\/tr>\n<tr>\n<td>BSMU-185\/400<\/td>\n<td>185-400<\/td>\n<td>nie<\/td>\n<td>170<\/td>\n<td><\/td>\n<td>42<\/td>\n<td>25.5<\/td>\n<td>6<\/td>\n<td>22<\/td>\n<\/tr>\n<tr>\n<td>BSM-500\/630<\/td>\n<td>500-630<\/td>\n<td>Tak<\/td>\n<td>200<\/td>\n<td>95<\/td>\n<td>50<\/td>\n<td>33<\/td>\n<td>6<\/td>\n<td>27<\/td>\n<\/tr>\n<tr>\n<td>BSMU-500\/630<\/td>\n<td>500-630<\/td>\n<td>nie<\/td>\n<td>200<\/td>\n<td>95<\/td>\n<td>50<\/td>\n<td>33<\/td>\n<td>6<\/td>\n<td>27<\/td>\n<\/tr>\n<tr>\n<td>BSM-800\/1000<\/td>\n<td>800-1000<\/td>\n<td>Tak<\/td>\n<td>230<\/td>\n<td>110<\/td>\n<td>60<\/td>\n<td>40.5<\/td>\n<td>8<\/td>\n<td>13<\/td>\n<\/tr>\n<\/tbody>\n<\/table>\n<\/div>\n<\/figure>\n<figure class=\"wp-block-image size-full is-resized\"><img decoding=\"async\" class=\"alignnone wp-image-1635 size-full\" src=\"https:\/\/www.jy-electric.com\/wp-content\/uploads\/2024\/10\/Shear-Bolt-Connector-Parameter.webp\" alt=\"Parametr z\u0142\u0105cza \u015bruby \u015bcinanej\" width=\"923\" height=\"321\" srcset=\"https:\/\/www.jyiele.com\/wp-content\/uploads\/2024\/10\/Shear-Bolt-Connector-Parameter.webp 923w, https:\/\/www.jyiele.com\/wp-content\/uploads\/2024\/10\/Shear-Bolt-Connector-Parameter-300x104.webp 300w, https:\/\/www.jyiele.com\/wp-content\/uploads\/2024\/10\/Shear-Bolt-Connector-Parameter-768x267.webp 768w, https:\/\/www.jyiele.com\/wp-content\/uploads\/2024\/10\/Shear-Bolt-Connector-Parameter-18x6.webp 18w, https:\/\/www.jyiele.com\/wp-content\/uploads\/2024\/10\/Shear-Bolt-Connector-Parameter-600x209.webp 600w\" sizes=\"(max-width: 923px) 100vw, 923px\" \/><\/figure>\n<figure class=\"wp-block-table\">\n<div class=\"scroll\">\n<table>\n<tbody>\n<tr>\n<td rowspan=\"2\">TYP<\/td>\n<td colspan=\"2\">Przekr\u00f3j poprzeczny przewodu<br \/>\npowierzchnia mm?<\/td>\n<td rowspan=\"2\">Z centralnym<br \/>\nbariera<br \/>\n(tak\/nie)<\/td>\n<td colspan=\"5\">Rozmiar (mm)<\/td>\n<td colspan=\"2\">Liczba \u015brub<\/td>\n<td colspan=\"2\">Specyfikacja \u0142ba \u015bruby<br \/>\nAF(mm)<\/td>\n<\/tr>\n<tr>\n<td>Linia g\u0142\u00f3wna<\/td>\n<td>Linia oddzia\u0142u<\/td>\n<td>\u00a0\u00a0\u00a0L<\/td>\n<td>D1<\/td>\n<td>D2<\/td>\n<td>D3<\/td>\n<td>D4<\/td>\n<td>Linia g\u0142\u00f3wna<\/td>\n<td>Oddzia\u0142<br \/>\nlinia<\/td>\n<td>Linia g\u0142\u00f3wna<\/td>\n<td>Oddzia\u0142<br \/>\nlinia<\/td>\n<\/tr>\n<tr>\n<td>BSMB 25\/95-95\/240<\/td>\n<td>95-240<\/td>\n<td>25-95<\/td>\n<td>Tak<\/td>\n<td>125<\/td>\n<td>24<\/td>\n<td>33<\/td>\n<td>33<\/td>\n<td>20<\/td>\n<td>2<\/td>\n<td>1<\/td>\n<td>19<\/td>\n<td>13<\/td>\n<\/tr>\n<tr>\n<td>BSMB 95\/240-185\/400<\/td>\n<td>185-400<\/td>\n<td>95-240<\/td>\n<td>Tak<\/td>\n<td>170<\/td>\n<td>33<\/td>\n<td>42<\/td>\n<td>42<\/td>\n<td>25.5<\/td>\n<td>3<\/td>\n<td>2<\/td>\n<td>22<\/td>\n<td>19<\/td>\n<\/tr>\n<tr>\n<td>BSMB 185\/400-500<\/td>\n<td>500<\/td>\n<td>185-400<\/td>\n<td>Tak<\/td>\n<td>190<\/td>\n<td>42<\/td>\n<td>25.5<\/td>\n<td>46<\/td>\n<td>30<\/td>\n<td>3<\/td>\n<td>3<\/td>\n<td>27<\/td>\n<td>22<\/td>\n<\/tr>\n<tr>\n<td>BSMB 185\/400-630<\/td>\n<td>630<\/td>\n<td>185-400<\/td>\n<td>Tak<\/td>\n<td>200<\/td>\n<td>42<\/td>\n<td>50<\/td>\n<td>50<\/td>\n<td>33<\/td>\n<td>3<\/td>\n<td>3<\/td>\n<td>27<\/td>\n<td>22<\/td>\n<\/tr>\n<tr>\n<td>BSMB 500-800<\/td>\n<td>800<\/td>\n<td>500<\/td>\n<td>Tak<\/td>\n<td>180<\/td>\n<td>46<\/td>\n<td>56<\/td>\n<td>56<\/td>\n<td>36<\/td>\n<td>4<\/td>\n<td>3<\/td>\n<td>13<\/td>\n<td>13<\/td>\n<\/tr>\n<tr>\n<td>BSMB 630-800<\/td>\n<td>800<\/td>\n<td>630<\/td>\n<td>Tak<\/td>\n<td>180<\/td>\n<td>50<\/td>\n<td>56<\/td>\n<td>56<\/td>\n<td>36<\/td>\n<td>4<\/td>\n<td>3<\/td>\n<td>13<\/td>\n<td>13<\/td>\n<\/tr>\n<tr>\n<td>BSMB 630-1000<\/td>\n<td>1000<\/td>\n<td>630<\/td>\n<td>Tak<\/td>\n<td>180<\/td>\n<td>50<\/td>\n<td>60<\/td>\n<td>60<\/td>\n<td>40<\/td>\n<td>4<\/td>\n<td>3<\/td>\n<td>13<\/td>\n<td>13<\/td>\n<\/tr>\n<tr>\n<td>BSMB 800-1000<\/td>\n<td>1000<\/td>\n<td>800<\/td>\n<td>Tak<\/td>\n<td>180<\/td>\n<td>56<\/td>\n<td>60<\/td>\n<td>60<\/td>\n<td>40<\/td>\n<td>4<\/td>\n<td>3<\/td>\n<td>13<\/td>\n<td>13<\/td>\n<\/tr>\n<tr>\n<td>BSMB 95\/240-34-120\/300<\/td>\n<td>120-300<\/td>\n<td>95-240<\/td>\n<td>Tak<\/td>\n<td>140<\/td>\n<td>34<\/td>\n<td>22<\/td>\n<td>37<\/td>\n<td>24<\/td>\n<td>2<\/td>\n<td>2<\/td>\n<td>22<\/td>\n<td>19<\/td>\n<\/tr>\n<tr>\n<td>BSMB 95\/240-34-500<\/td>\n<td>500<\/td>\n<td>95-240<\/td>\n<td>Tak<\/td>\n<td>160<\/td>\n<td>34<\/td>\n<td>22<\/td>\n<td>46<\/td>\n<td>30<\/td>\n<td>3<\/td>\n<td>2<\/td>\n<td>19<\/td>\n<td>13<\/td>\n<\/tr>\n<\/tbody>\n<\/table>\n<\/div>\n<\/figure>\n<h4 class=\"wp-block-heading\"><strong>Jak prawid\u0142owo ci\u0105\u0107 kable<\/strong><\/h4>\n<p>Podczas monta\u017cu z\u0142\u0105cza splotu nale\u017cy upewni\u0107 si\u0119, \u017ce przew\u00f3d jest ca\u0142kowicie wsuni\u0119ty w otw\u00f3r rurki: mi\u0119dzy przewodem a z\u0142\u0105czem splotu nie ma szczeliny<\/p>\n<figure class=\"wp-block-gallery has-nested-images columns-default is-cropped wp-block-gallery-1 is-layout-flex wp-block-gallery-is-layout-flex\">\n<figure class=\"wp-block-image size-large\"><img decoding=\"async\" class=\"alignnone wp-image-1631 size-full\" src=\"https:\/\/www.jy-electric.com\/wp-content\/uploads\/2024\/10\/installing-splice-connector.webp\" alt=\"instalacja z\u0142\u0105cza splotu\" width=\"1024\" height=\"191\" srcset=\"https:\/\/www.jyiele.com\/wp-content\/uploads\/2024\/10\/installing-splice-connector.webp 1024w, https:\/\/www.jyiele.com\/wp-content\/uploads\/2024\/10\/installing-splice-connector-300x56.webp 300w, https:\/\/www.jyiele.com\/wp-content\/uploads\/2024\/10\/installing-splice-connector-768x143.webp 768w, https:\/\/www.jyiele.com\/wp-content\/uploads\/2024\/10\/installing-splice-connector-18x3.webp 18w, https:\/\/www.jyiele.com\/wp-content\/uploads\/2024\/10\/installing-splice-connector-600x112.webp 600w\" sizes=\"(max-width: 1024px) 100vw, 1024px\" \/><\/figure>\n<\/figure>","protected":false},"excerpt":{"rendered":"<p>Z\u0142\u0105cza \u015brubowe \u015bcinane BSM sk\u0142adaj\u0105 si\u0119 z cynowanego korpusu ze stopu aluminium, \u0142ba \u015bruby \u015bcinanej i wk\u0142adki i s\u0105 odpowiednie do \u0142\u0105czenia przewod\u00f3w o ma\u0142ych rozmiarach. \u015aruby wykonane s\u0105 ze specjalnego stopu aluminium o wysokiej wytrzyma\u0142o\u015bci z podw\u00f3jnym \u015bcinaniem i \u0142bem sze\u015bciok\u0105tnym i s\u0105 nasmarowane, aby zapewni\u0107 p\u0142ynn\u0105 instalacj\u0119. \u0141eb \u015bruby automatycznie \u015bcina si\u0119 po osi\u0105gni\u0119ciu ustawionego momentu obrotowego, zapewniaj\u0105c, \u017ce nie mo\u017cna go zdemontowa\u0107, zwi\u0119kszaj\u0105c w ten spos\u00f3b bezpiecze\u0144stwo. Korpus ko\u0144c\u00f3wki jest r\u00f3wnie\u017c wykonany z cynowanego stopu aluminium z rowkami po wewn\u0119trznej stronie otwor\u00f3w na przewody w celu zwi\u0119kszenia stabilno\u015bci styku.<\/p>","protected":false},"featured_media":1630,"template":"","meta":{"site-sidebar-layout":"default","site-content-layout":"","ast-site-content-layout":"default","site-content-style":"default","site-sidebar-style":"default","ast-global-header-display":"","ast-banner-title-visibility":"","ast-main-header-display":"","ast-hfb-above-header-display":"","ast-hfb-below-header-display":"","ast-hfb-mobile-header-display":"","site-post-title":"","ast-breadcrumbs-content":"","ast-featured-img":"","footer-sml-layout":"","ast-disable-related-posts":"","theme-transparent-header-meta":"default","adv-header-id-meta":"","stick-header-meta":"","header-above-stick-meta":"","header-main-stick-meta":"","header-below-stick-meta":"","astra-migrate-meta-layouts":"set","ast-page-background-enabled":"default","ast-page-background-meta":{"desktop":{"background-color":"var(--ast-global-color-4)","background-image":"","background-repeat":"repeat","background-position":"center center","background-size":"auto","background-attachment":"scroll","background-type":"","background-media":"","overlay-type":"","overlay-color":"","overlay-opacity":"","overlay-gradient":""},"tablet":{"background-color":"","background-image":"","background-repeat":"repeat","background-position":"center center","background-size":"auto","background-attachment":"scroll","background-type":"","background-media":"","overlay-type":"","overlay-color":"","overlay-opacity":"","overlay-gradient":""},"mobile":{"background-color":"","background-image":"","background-repeat":"repeat","background-position":"center center","background-size":"auto","background-attachment":"scroll","background-type":"","background-media":"","overlay-type":"","overlay-color":"","overlay-opacity":"","overlay-gradient":""}},"ast-content-background-meta":{"desktop":{"background-color":"var(--ast-global-color-5)","background-image":"","background-repeat":"repeat","background-position":"center center","background-size":"auto","background-attachment":"scroll","background-type":"","background-media":"","overlay-type":"","overlay-color":"","overlay-opacity":"","overlay-gradient":""},"tablet":{"background-color":"var(--ast-global-color-5)","background-image":"","background-repeat":"repeat","background-position":"center center","background-size":"auto","background-attachment":"scroll","background-type":"","background-media":"","overlay-type":"","overlay-color":"","overlay-opacity":"","overlay-gradient":""},"mobile":{"background-color":"var(--ast-global-color-5)","background-image":"","background-repeat":"repeat","background-position":"center center","background-size":"auto","background-attachment":"scroll","background-type":"","background-media":"","overlay-type":"","overlay-color":"","overlay-opacity":"","overlay-gradient":""}}},"product_brand":[],"product_cat":[21],"product_tag":[],"class_list":{"0":"post-1627","1":"product","2":"type-product","3":"status-publish","4":"has-post-thumbnail","6":"product_cat-power-fittings","7":"desktop-align-left","8":"tablet-align-left","9":"mobile-align-left","11":"first","12":"instock","13":"shipping-taxable","14":"product-type-simple"},"yoast_head":"<!-- This site is optimized with the Yoast SEO plugin v24.8.1 - https:\/\/yoast.com\/wordpress\/plugins\/seo\/ -->\n<title>China Aluminum Shear Bolt Connector Manufacturers &amp; Suppliers - JYIELE<\/title>\n<meta name=\"description\" content=\"JYIELE&#039;s shear stud connectors are made of high-strength tinned aluminum alloy to ensure stable electrical performance, easy and efficient installation, and are suitable for a wide range of wire sizes.\" \/>\n<meta name=\"robots\" content=\"index, follow, max-snippet:-1, max-image-preview:large, max-video-preview:-1\" \/>\n<link rel=\"canonical\" href=\"https:\/\/www.jyiele.com\/pl\/product\/shear-bolt-connector\/\" \/>\n<meta property=\"og:locale\" content=\"pl_PL\" \/>\n<meta property=\"og:type\" content=\"article\" \/>\n<meta property=\"og:title\" content=\"China Aluminum Shear Bolt Connector Manufacturers &amp; Suppliers - JYIELE\" \/>\n<meta property=\"og:description\" content=\"JYIELE&#039;s shear stud connectors are made of high-strength tinned aluminum alloy to ensure stable electrical performance, easy and efficient installation, and are suitable for a wide range of wire sizes.\" \/>\n<meta property=\"og:url\" content=\"https:\/\/www.jyiele.com\/pl\/product\/shear-bolt-connector\/\" \/>\n<meta property=\"og:site_name\" content=\"JYIELE\" \/>\n<meta property=\"article:modified_time\" content=\"2024-10-09T13:07:14+00:00\" \/>\n<meta property=\"og:image\" content=\"https:\/\/www.jyiele.com\/wp-content\/uploads\/2024\/10\/Aluminum-Shear-Bolt-Connector.webp\" \/>\n\t<meta property=\"og:image:width\" content=\"800\" \/>\n\t<meta property=\"og:image:height\" content=\"800\" \/>\n\t<meta property=\"og:image:type\" content=\"image\/webp\" \/>\n<meta name=\"twitter:card\" content=\"summary_large_image\" \/>\n<meta name=\"twitter:label1\" content=\"Szacowany czas czytania\" \/>\n\t<meta name=\"twitter:data1\" content=\"4 minuty\" \/>\n<script type=\"application\/ld+json\" class=\"yoast-schema-graph\">{\"@context\":\"https:\/\/schema.org\",\"@graph\":[{\"@type\":\"WebPage\",\"@id\":\"https:\/\/www.jyiele.com\/product\/shear-bolt-connector\/\",\"url\":\"https:\/\/www.jyiele.com\/product\/shear-bolt-connector\/\",\"name\":\"China Aluminum Shear Bolt Connector Manufacturers & Suppliers - JYIELE\",\"isPartOf\":{\"@id\":\"https:\/\/www.jyiele.com\/#website\"},\"primaryImageOfPage\":{\"@id\":\"https:\/\/www.jyiele.com\/product\/shear-bolt-connector\/#primaryimage\"},\"image\":{\"@id\":\"https:\/\/www.jyiele.com\/product\/shear-bolt-connector\/#primaryimage\"},\"thumbnailUrl\":\"https:\/\/www.jyiele.com\/wp-content\/uploads\/2024\/10\/Aluminum-Shear-Bolt-Connector.webp\",\"datePublished\":\"2023-10-01T05:58:51+00:00\",\"dateModified\":\"2024-10-09T13:07:14+00:00\",\"description\":\"JYIELE's shear stud connectors are made of high-strength tinned aluminum alloy to ensure stable electrical performance, easy and efficient installation, and are suitable for a wide range of wire sizes.\",\"breadcrumb\":{\"@id\":\"https:\/\/www.jyiele.com\/product\/shear-bolt-connector\/#breadcrumb\"},\"inLanguage\":\"pl-PL\",\"potentialAction\":[{\"@type\":\"ReadAction\",\"target\":[\"https:\/\/www.jyiele.com\/product\/shear-bolt-connector\/\"]}]},{\"@type\":\"ImageObject\",\"inLanguage\":\"pl-PL\",\"@id\":\"https:\/\/www.jyiele.com\/product\/shear-bolt-connector\/#primaryimage\",\"url\":\"https:\/\/www.jyiele.com\/wp-content\/uploads\/2024\/10\/Aluminum-Shear-Bolt-Connector.webp\",\"contentUrl\":\"https:\/\/www.jyiele.com\/wp-content\/uploads\/2024\/10\/Aluminum-Shear-Bolt-Connector.webp\",\"width\":800,\"height\":800,\"caption\":\"Aluminum Shear Bolt Connector\"},{\"@type\":\"BreadcrumbList\",\"@id\":\"https:\/\/www.jyiele.com\/product\/shear-bolt-connector\/#breadcrumb\",\"itemListElement\":[{\"@type\":\"ListItem\",\"position\":1,\"name\":\"Home\",\"item\":\"https:\/\/www.jyiele.com\/\"},{\"@type\":\"ListItem\",\"position\":2,\"name\":\"Product\",\"item\":\"https:\/\/www.jyiele.com\/product\/\"},{\"@type\":\"ListItem\",\"position\":3,\"name\":\"Power Fittings\",\"item\":\"https:\/\/www.jyiele.com\/product-category\/power-fittings\/\"},{\"@type\":\"ListItem\",\"position\":4,\"name\":\"BSM Series Aluminum Shear Bolt Connector\"}]},{\"@type\":\"WebSite\",\"@id\":\"https:\/\/www.jyiele.com\/#website\",\"url\":\"https:\/\/www.jyiele.com\/\",\"name\":\"JYIELE\",\"description\":\"Vacuum Circuit Breaker manufacturer\",\"publisher\":{\"@id\":\"https:\/\/www.jyiele.com\/#organization\"},\"potentialAction\":[{\"@type\":\"SearchAction\",\"target\":{\"@type\":\"EntryPoint\",\"urlTemplate\":\"https:\/\/www.jyiele.com\/?s={search_term_string}\"},\"query-input\":{\"@type\":\"PropertyValueSpecification\",\"valueRequired\":true,\"valueName\":\"search_term_string\"}}],\"inLanguage\":\"pl-PL\"},{\"@type\":\"Organization\",\"@id\":\"https:\/\/www.jyiele.com\/#organization\",\"name\":\"JYIELE\",\"url\":\"https:\/\/www.jyiele.com\/\",\"logo\":{\"@type\":\"ImageObject\",\"inLanguage\":\"pl-PL\",\"@id\":\"https:\/\/www.jyiele.com\/#\/schema\/logo\/image\/\",\"url\":\"https:\/\/www.jyiele.com\/wp-content\/uploads\/2024\/09\/cropped-jyele-1.webp\",\"contentUrl\":\"https:\/\/www.jyiele.com\/wp-content\/uploads\/2024\/09\/cropped-jyele-1.webp\",\"width\":137,\"height\":60,\"caption\":\"JYIELE\"},\"image\":{\"@id\":\"https:\/\/www.jyiele.com\/#\/schema\/logo\/image\/\"}}]}<\/script>\n<!-- \/ Yoast SEO plugin. -->","yoast_head_json":{"title":"Chiny Producenci i dostawcy aluminiowych z\u0142\u0105czy \u015brubowych - JYIELE","description":"Z\u0142\u0105cza \u015bcinane JYIELE s\u0105 wykonane z wysokowytrzyma\u0142ego cynowanego stopu aluminium, aby zapewni\u0107 stabiln\u0105 wydajno\u015b\u0107 elektryczn\u0105, \u0142atw\u0105 i wydajn\u0105 instalacj\u0119 oraz s\u0105 odpowiednie dla szerokiej gamy rozmiar\u00f3w przewod\u00f3w.","robots":{"index":"index","follow":"follow","max-snippet":"max-snippet:-1","max-image-preview":"max-image-preview:large","max-video-preview":"max-video-preview:-1"},"canonical":"https:\/\/www.jyiele.com\/pl\/product\/shear-bolt-connector\/","og_locale":"pl_PL","og_type":"article","og_title":"China Aluminum Shear Bolt Connector Manufacturers & Suppliers - JYIELE","og_description":"JYIELE's shear stud connectors are made of high-strength tinned aluminum alloy to ensure stable electrical performance, easy and efficient installation, and are suitable for a wide range of wire sizes.","og_url":"https:\/\/www.jyiele.com\/pl\/product\/shear-bolt-connector\/","og_site_name":"JYIELE","article_modified_time":"2024-10-09T13:07:14+00:00","og_image":[{"width":800,"height":800,"url":"https:\/\/www.jyiele.com\/wp-content\/uploads\/2024\/10\/Aluminum-Shear-Bolt-Connector.webp","type":"image\/webp"}],"twitter_card":"summary_large_image","twitter_misc":{"Szacowany czas czytania":"4 minuty"},"schema":{"@context":"https:\/\/schema.org","@graph":[{"@type":"WebPage","@id":"https:\/\/www.jyiele.com\/product\/shear-bolt-connector\/","url":"https:\/\/www.jyiele.com\/product\/shear-bolt-connector\/","name":"Chiny Producenci i dostawcy aluminiowych z\u0142\u0105czy \u015brubowych - JYIELE","isPartOf":{"@id":"https:\/\/www.jyiele.com\/#website"},"primaryImageOfPage":{"@id":"https:\/\/www.jyiele.com\/product\/shear-bolt-connector\/#primaryimage"},"image":{"@id":"https:\/\/www.jyiele.com\/product\/shear-bolt-connector\/#primaryimage"},"thumbnailUrl":"https:\/\/www.jyiele.com\/wp-content\/uploads\/2024\/10\/Aluminum-Shear-Bolt-Connector.webp","datePublished":"2023-10-01T05:58:51+00:00","dateModified":"2024-10-09T13:07:14+00:00","description":"Z\u0142\u0105cza \u015bcinane JYIELE s\u0105 wykonane z wysokowytrzyma\u0142ego cynowanego stopu aluminium, aby zapewni\u0107 stabiln\u0105 wydajno\u015b\u0107 elektryczn\u0105, \u0142atw\u0105 i wydajn\u0105 instalacj\u0119 oraz s\u0105 odpowiednie dla szerokiej gamy rozmiar\u00f3w przewod\u00f3w.","breadcrumb":{"@id":"https:\/\/www.jyiele.com\/product\/shear-bolt-connector\/#breadcrumb"},"inLanguage":"pl-PL","potentialAction":[{"@type":"ReadAction","target":["https:\/\/www.jyiele.com\/product\/shear-bolt-connector\/"]}]},{"@type":"ImageObject","inLanguage":"pl-PL","@id":"https:\/\/www.jyiele.com\/product\/shear-bolt-connector\/#primaryimage","url":"https:\/\/www.jyiele.com\/wp-content\/uploads\/2024\/10\/Aluminum-Shear-Bolt-Connector.webp","contentUrl":"https:\/\/www.jyiele.com\/wp-content\/uploads\/2024\/10\/Aluminum-Shear-Bolt-Connector.webp","width":800,"height":800,"caption":"Aluminum Shear Bolt Connector"},{"@type":"BreadcrumbList","@id":"https:\/\/www.jyiele.com\/product\/shear-bolt-connector\/#breadcrumb","itemListElement":[{"@type":"ListItem","position":1,"name":"Home","item":"https:\/\/www.jyiele.com\/"},{"@type":"ListItem","position":2,"name":"Product","item":"https:\/\/www.jyiele.com\/product\/"},{"@type":"ListItem","position":3,"name":"Power Fittings","item":"https:\/\/www.jyiele.com\/product-category\/power-fittings\/"},{"@type":"ListItem","position":4,"name":"BSM Series Aluminum Shear Bolt Connector"}]},{"@type":"WebSite","@id":"https:\/\/www.jyiele.com\/#website","url":"https:\/\/www.jyiele.com\/","name":"JYIELE","description":"Producent wy\u0142\u0105cznik\u00f3w pr\u00f3\u017cniowych","publisher":{"@id":"https:\/\/www.jyiele.com\/#organization"},"potentialAction":[{"@type":"SearchAction","target":{"@type":"EntryPoint","urlTemplate":"https:\/\/www.jyiele.com\/?s={search_term_string}"},"query-input":{"@type":"PropertyValueSpecification","valueRequired":true,"valueName":"search_term_string"}}],"inLanguage":"pl-PL"},{"@type":"Organization","@id":"https:\/\/www.jyiele.com\/#organization","name":"JYIELE","url":"https:\/\/www.jyiele.com\/","logo":{"@type":"ImageObject","inLanguage":"pl-PL","@id":"https:\/\/www.jyiele.com\/#\/schema\/logo\/image\/","url":"https:\/\/www.jyiele.com\/wp-content\/uploads\/2024\/09\/cropped-jyele-1.webp","contentUrl":"https:\/\/www.jyiele.com\/wp-content\/uploads\/2024\/09\/cropped-jyele-1.webp","width":137,"height":60,"caption":"JYIELE"},"image":{"@id":"https:\/\/www.jyiele.com\/#\/schema\/logo\/image\/"}}]}},"_links":{"self":[{"href":"https:\/\/www.jyiele.com\/pl\/wp-json\/wp\/v2\/product\/1627","targetHints":{"allow":["GET"]}}],"collection":[{"href":"https:\/\/www.jyiele.com\/pl\/wp-json\/wp\/v2\/product"}],"about":[{"href":"https:\/\/www.jyiele.com\/pl\/wp-json\/wp\/v2\/types\/product"}],"version-history":[{"count":3,"href":"https:\/\/www.jyiele.com\/pl\/wp-json\/wp\/v2\/product\/1627\/revisions"}],"predecessor-version":[{"id":1629,"href":"https:\/\/www.jyiele.com\/pl\/wp-json\/wp\/v2\/product\/1627\/revisions\/1629"}],"wp:featuredmedia":[{"embeddable":true,"href":"https:\/\/www.jyiele.com\/pl\/wp-json\/wp\/v2\/media\/1630"}],"wp:attachment":[{"href":"https:\/\/www.jyiele.com\/pl\/wp-json\/wp\/v2\/media?parent=1627"}],"wp:term":[{"taxonomy":"product_brand","embeddable":true,"href":"https:\/\/www.jyiele.com\/pl\/wp-json\/wp\/v2\/product_brand?post=1627"},{"taxonomy":"product_cat","embeddable":true,"href":"https:\/\/www.jyiele.com\/pl\/wp-json\/wp\/v2\/product_cat?post=1627"},{"taxonomy":"product_tag","embeddable":true,"href":"https:\/\/www.jyiele.com\/pl\/wp-json\/wp\/v2\/product_tag?post=1627"}],"curies":[{"name":"wp","href":"https:\/\/api.w.org\/{rel}","templated":true}]}}