{"id":1654,"date":"2024-11-03T08:03:27","date_gmt":"2024-11-03T08:03:27","guid":{"rendered":"https:\/\/www.jy-electric.com\/?post_type=product&#038;p=1654"},"modified":"2025-03-09T11:43:21","modified_gmt":"2025-03-09T11:43:21","slug":"mc4-branch-connector","status":"publish","type":"product","link":"https:\/\/www.jyiele.com\/pl\/product\/mc4-branch-connector\/","title":{"rendered":"Z\u0142\u0105cze rozga\u0142\u0119zione Mc4 Para z\u0142\u0105czy m\u0119skich i \u017ce\u0144skich 1000V 1500V DC 50Amp jeden w czterech wyj\u015bciach wodoodporny system solarny"},"content":{"rendered":"<h2>Z\u0142\u0105cze rozga\u0142\u0119zione Mc4 Opis produktu<\/h2>\n<p><strong>Wysokiej jako\u015bci materia\u0142 PPO<\/strong><br \/>\nPrzyj\u0119cie trwa\u0142ego materia\u0142u PPO, z odporno\u015bci\u0105 na promieniowanie, nisk\u0105 temperatur\u0119, wysok\u0105 temperatur\u0119, odporno\u015b\u0107 na uderzenia, ognioodporno\u015b\u0107 i doskona\u0142\u0105 wodoodporno\u015b\u0107, nadaje si\u0119 do r\u00f3\u017cnych trudnych warunk\u00f3w.<\/p>\n<p><strong>Przew\u00f3d miedziany T2<\/strong><br \/>\nWyposa\u017cony w opcjonalny otwarty przewodnik miedziany typu U lub O, miedziany cynowany lub miedziany posrebrzany, o doskona\u0142ej odporno\u015bci na zu\u017cycie, odporno\u015bci na korozj\u0119, odporno\u015bci na utlenianie, niskiej rezystancji i silnej przewodno\u015bci.<\/p>\n<p><strong>Wodoodporny pier\u015bcie\u0144 o wysokiej wytrzyma\u0142o\u015bci<\/strong><br \/>\nZastosowanie wodoodpornego pier\u015bcienia o wysokiej wytrzyma\u0142o\u015bci osadzonego w silikonie, zapewniaj\u0105cego wodoodporno\u015b\u0107 i py\u0142oszczelno\u015b\u0107, aby osi\u0105gn\u0105\u0107 poziom ochrony IP68, aby zapewni\u0107, \u017ce z\u0142\u0105cze mo\u017ce by\u0107 nadal bezpiecznie obs\u0142ugiwane w niekorzystnych warunkach.<\/p>\n<p><strong>Samoblokuj\u0105ca si\u0119 struktura<\/strong><br \/>\nZ\u0142\u0105cza m\u0119skie i \u017ce\u0144skie maj\u0105 stabiln\u0105, samoblokuj\u0105c\u0105 si\u0119 konstrukcj\u0119, kt\u00f3ra zapewnia mocne po\u0142\u0105czenie i mo\u017ce by\u0107 \u0142atwo otwierana i zamykana, zapewniaj\u0105c \u0142atw\u0105 instalacj\u0119 i demonta\u017c.<\/p>\n<p><strong>Zintegrowana wodoodporna konstrukcja<\/strong><br \/>\nProsta konstrukcja, lepsza wodoodporno\u015b\u0107, \u0142atwy i szybki monta\u017c.<\/p>\n<h2>Parametr produktu<\/h2>\n<figure class=\"wp-block-table\">\n<div class=\"scroll\">\n<table>\n<tbody>\n<tr>\n<td>Nr seryjny.<\/td>\n<td>Parametr<\/td>\n<td>Parametr<\/td>\n<\/tr>\n<tr>\n<td>1<\/td>\n<td>Typ<\/td>\n<td>Z\u0142\u0105cze bezpiecznika solarnego<\/td>\n<\/tr>\n<tr>\n<td>2<\/td>\n<td>Napi\u0119cie znamionowe<\/td>\n<td>1000 V \/ 1500 V DC<\/td>\n<\/tr>\n<tr>\n<td>3<\/td>\n<td>Pr\u0105d znamionowy<\/td>\n<td>2A-45A<\/td>\n<\/tr>\n<tr>\n<td>4<\/td>\n<td>Napi\u0119cie testowe<\/td>\n<td>8000V (50Hz, 1min)<\/td>\n<\/tr>\n<tr>\n<td>5<\/td>\n<td>Zakres temperatur<\/td>\n<td>-40\u00b0C ...+90\u00b0C<\/td>\n<\/tr>\n<tr>\n<td>6<\/td>\n<td>G\u00f3rna temperatura graniczna<\/td>\n<td>+105\u00b0C<\/td>\n<\/tr>\n<tr>\n<td>7<\/td>\n<td>Stopie\u0144 ochrony<\/td>\n<td>IP2X\/ IP68<\/td>\n<\/tr>\n<tr>\n<td>8<\/td>\n<td>Rezystancja styku z\u0142\u0105czy wtykowych<\/td>\n<td>0,5 m\u03a9<\/td>\n<\/tr>\n<tr>\n<td>9<\/td>\n<td>Klasa bezpiecze\u0144stwa<\/td>\n<td>\u2161<\/td>\n<\/tr>\n<tr>\n<td>10<\/td>\n<td>Materia\u0142 kontaktowy<\/td>\n<td>Mied\u017a, ocynowana<\/td>\n<\/tr>\n<tr>\n<td>11<\/td>\n<td>Materia\u0142 izolacyjny<\/td>\n<td>PPO<\/td>\n<\/tr>\n<tr>\n<td>12<\/td>\n<td>Si\u0142a wycofuj\u0105ca\/si\u0142a wprowadzaj\u0105ca<\/td>\n<td>\u226550N\/\u226450N<\/td>\n<\/tr>\n<tr>\n<td>13<\/td>\n<td>System blokuj\u0105cy<\/td>\n<td>Zatrzask<\/td>\n<\/tr>\n<tr>\n<td>14<\/td>\n<td>Klasa p\u0142omienia<\/td>\n<td>UL-94-V0<\/td>\n<\/tr>\n<tr>\n<td>15<\/td>\n<td>Numer modelu<\/td>\n<td>RMC4.0-T4<\/td>\n<\/tr>\n<tr>\n<td>16<\/td>\n<td>P\u0142e\u0107<\/td>\n<td>Kobieta \/ M\u0119\u017cczyzna<\/td>\n<\/tr>\n<tr>\n<td>17<\/td>\n<td>Zastosowanie<\/td>\n<td>Z\u0142\u0105cze kabla solarnego<\/td>\n<\/tr>\n<tr>\n<td>18<\/td>\n<td>Typ<\/td>\n<td>ADAPTER<\/td>\n<\/tr>\n<\/tbody>\n<\/table>\n<\/div>\n<\/figure>\n<h4 class=\"wp-block-heading\"><\/h4>\n<h2>Dlaczego warto nas wybra\u0107?<\/h2>\n<p><strong>Zalety strukturalne<\/strong><br \/>\nZintegrowana wodoodporna konstrukcja zapewnia lepsz\u0105 ochron\u0119.<br \/>\nKompaktowa konstrukcja, przew\u00f3d i izolacja s\u0105 \u015bci\u015ble po\u0142\u0105czone, niska si\u0142a wsuwania, wspiera u\u017cycie elastycznych kabli.<br \/>\n\u0141atwy monta\u017c, oszcz\u0119dno\u015b\u0107 czasu.<\/p>\n<p><strong>Klasa wodoodporno\u015bci<\/strong><br \/>\nWodoodporno\u015b\u0107 na poziomie IP68 zapewnia doskona\u0142y efekt wodoodporno\u015bci, odpowiedni do u\u017cytku na zewn\u0105trz.<\/p>\n<p><strong>Wysokiej jako\u015bci materia\u0142<\/strong><br \/>\nWykorzystanie wysokiej jako\u015bci materia\u0142u PPO, odpornego na wysokie temperatury i korozj\u0119, z dobr\u0105 izolacj\u0105 elektryczn\u0105 i odporno\u015bci\u0105 na uderzenia.<br \/>\nPrzew\u00f3d z cynowanej miedzi T2 dodatkowo poprawia przewodno\u015b\u0107 i trwa\u0142o\u015b\u0107.<br \/>\n<strong>Specyfikacja okablowania<\/strong><\/p>\n<p>Nadaje si\u0119 do kabli od 3 mm do 7,5 mm, kompatybilny z kablami fotowoltaicznymi i elektronicznymi o mniejszej \u015brednicy, elastyczny w szerokim zakresie zastosowa\u0144.<\/p>","protected":false},"excerpt":{"rendered":"<p><strong>Z\u0142\u0105cze rozga\u0142\u0119ziaj\u0105ce MC4<\/strong> jest przeznaczony do system\u00f3w energii s\u0142onecznej, obs\u0142uguj\u0105cych wysokie napi\u0119cie i pr\u0105d, odpowiednich do r\u00f3\u017cnych wymaga\u0144 dotycz\u0105cych zasilania. Jest odporny na wysokie i niskie temperatury, posiada certyfikat wodoodporno\u015bci i py\u0142oszczelno\u015bci IP68 i mo\u017ce stabilnie pracowa\u0107 w trudnych warunkach. \u0141atwa instalacja i niska rezystancja styku zmniejszaj\u0105 straty energii. Dzi\u0119ki zastosowaniu materia\u0142\u00f3w trudnopalnych i cynowanych styk\u00f3w miedzianych, jest zar\u00f3wno bezpieczny, jak i trwa\u0142y, idealny do pod\u0142\u0105czania kabli solarnych.<\/p>","protected":false},"featured_media":1657,"template":"","meta":{"site-sidebar-layout":"default","site-content-layout":"","ast-site-content-layout":"default","site-content-style":"default","site-sidebar-style":"default","ast-global-header-display":"","ast-banner-title-visibility":"","ast-main-header-display":"","ast-hfb-above-header-display":"","ast-hfb-below-header-display":"","ast-hfb-mobile-header-display":"","site-post-title":"","ast-breadcrumbs-content":"","ast-featured-img":"","footer-sml-layout":"","ast-disable-related-posts":"","theme-transparent-header-meta":"default","adv-header-id-meta":"","stick-header-meta":"","header-above-stick-meta":"","header-main-stick-meta":"","header-below-stick-meta":"","astra-migrate-meta-layouts":"set","ast-page-background-enabled":"default","ast-page-background-meta":{"desktop":{"background-color":"var(--ast-global-color-4)","background-image":"","background-repeat":"repeat","background-position":"center center","background-size":"auto","background-attachment":"scroll","background-type":"","background-media":"","overlay-type":"","overlay-color":"","overlay-opacity":"","overlay-gradient":""},"tablet":{"background-color":"","background-image":"","background-repeat":"repeat","background-position":"center center","background-size":"auto","background-attachment":"scroll","background-type":"","background-media":"","overlay-type":"","overlay-color":"","overlay-opacity":"","overlay-gradient":""},"mobile":{"background-color":"","background-image":"","background-repeat":"repeat","background-position":"center center","background-size":"auto","background-attachment":"scroll","background-type":"","background-media":"","overlay-type":"","overlay-color":"","overlay-opacity":"","overlay-gradient":""}},"ast-content-background-meta":{"desktop":{"background-color":"var(--ast-global-color-5)","background-image":"","background-repeat":"repeat","background-position":"center center","background-size":"auto","background-attachment":"scroll","background-type":"","background-media":"","overlay-type":"","overlay-color":"","overlay-opacity":"","overlay-gradient":""},"tablet":{"background-color":"var(--ast-global-color-5)","background-image":"","background-repeat":"repeat","background-position":"center center","background-size":"auto","background-attachment":"scroll","background-type":"","background-media":"","overlay-type":"","overlay-color":"","overlay-opacity":"","overlay-gradient":""},"mobile":{"background-color":"var(--ast-global-color-5)","background-image":"","background-repeat":"repeat","background-position":"center center","background-size":"auto","background-attachment":"scroll","background-type":"","background-media":"","overlay-type":"","overlay-color":"","overlay-opacity":"","overlay-gradient":""}}},"product_brand":[],"product_cat":[19],"product_tag":[],"class_list":{"0":"post-1654","1":"product","2":"type-product","3":"status-publish","4":"has-post-thumbnail","6":"product_cat-mc4-connector","7":"desktop-align-left","8":"tablet-align-left","9":"mobile-align-left","11":"first","12":"instock","13":"shipping-taxable","14":"product-type-simple"},"yoast_head":"<!-- This site is optimized with the Yoast SEO plugin v24.8.1 - https:\/\/yoast.com\/wordpress\/plugins\/seo\/ -->\n<title>China Mc4 Branch Connector Manufacturers &amp; Suppliers- JYIELE<\/title>\n<meta name=\"description\" content=\"Mc4 Branch Connector is suitable for solar energy system, high efficiency, safety, easy to install, safety and durability, source manufacturers cost-effective, come and compare prices now.\" \/>\n<meta name=\"robots\" content=\"index, follow, max-snippet:-1, max-image-preview:large, max-video-preview:-1\" \/>\n<link rel=\"canonical\" href=\"https:\/\/www.jyiele.com\/pl\/product\/mc4-branch-connector\/\" \/>\n<meta property=\"og:locale\" content=\"pl_PL\" \/>\n<meta property=\"og:type\" content=\"article\" \/>\n<meta property=\"og:title\" content=\"China Mc4 Branch Connector Manufacturers &amp; Suppliers- JYIELE\" \/>\n<meta property=\"og:description\" content=\"Mc4 Branch Connector is suitable for solar energy system, high efficiency, safety, easy to install, safety and durability, source manufacturers cost-effective, come and compare prices now.\" \/>\n<meta property=\"og:url\" content=\"https:\/\/www.jyiele.com\/pl\/product\/mc4-branch-connector\/\" \/>\n<meta property=\"og:site_name\" content=\"JYIELE\" \/>\n<meta property=\"article:modified_time\" content=\"2025-03-09T11:43:21+00:00\" \/>\n<meta property=\"og:image\" content=\"https:\/\/www.jyiele.com\/wp-content\/uploads\/2024\/10\/Mc4-Branch-Connector.webp\" \/>\n\t<meta property=\"og:image:width\" content=\"800\" \/>\n\t<meta property=\"og:image:height\" content=\"800\" \/>\n\t<meta property=\"og:image:type\" content=\"image\/webp\" \/>\n<meta name=\"twitter:card\" content=\"summary_large_image\" \/>\n<meta name=\"twitter:label1\" content=\"Szacowany czas czytania\" \/>\n\t<meta name=\"twitter:data1\" content=\"2 minuty\" \/>\n<script type=\"application\/ld+json\" class=\"yoast-schema-graph\">{\"@context\":\"https:\/\/schema.org\",\"@graph\":[{\"@type\":\"WebPage\",\"@id\":\"https:\/\/www.jyiele.com\/product\/mc4-branch-connector\/\",\"url\":\"https:\/\/www.jyiele.com\/product\/mc4-branch-connector\/\",\"name\":\"China Mc4 Branch Connector Manufacturers & Suppliers- JYIELE\",\"isPartOf\":{\"@id\":\"https:\/\/www.jyiele.com\/#website\"},\"primaryImageOfPage\":{\"@id\":\"https:\/\/www.jyiele.com\/product\/mc4-branch-connector\/#primaryimage\"},\"image\":{\"@id\":\"https:\/\/www.jyiele.com\/product\/mc4-branch-connector\/#primaryimage\"},\"thumbnailUrl\":\"https:\/\/www.jyiele.com\/wp-content\/uploads\/2024\/10\/Mc4-Branch-Connector.webp\",\"datePublished\":\"2024-11-03T08:03:27+00:00\",\"dateModified\":\"2025-03-09T11:43:21+00:00\",\"description\":\"Mc4 Branch Connector is suitable for solar energy system, high efficiency, safety, easy to install, safety and durability, source manufacturers cost-effective, come and compare prices now.\",\"breadcrumb\":{\"@id\":\"https:\/\/www.jyiele.com\/product\/mc4-branch-connector\/#breadcrumb\"},\"inLanguage\":\"pl-PL\",\"potentialAction\":[{\"@type\":\"ReadAction\",\"target\":[\"https:\/\/www.jyiele.com\/product\/mc4-branch-connector\/\"]}]},{\"@type\":\"ImageObject\",\"inLanguage\":\"pl-PL\",\"@id\":\"https:\/\/www.jyiele.com\/product\/mc4-branch-connector\/#primaryimage\",\"url\":\"https:\/\/www.jyiele.com\/wp-content\/uploads\/2024\/10\/Mc4-Branch-Connector.webp\",\"contentUrl\":\"https:\/\/www.jyiele.com\/wp-content\/uploads\/2024\/10\/Mc4-Branch-Connector.webp\",\"width\":800,\"height\":800,\"caption\":\"Mc4 Branch Connector\"},{\"@type\":\"BreadcrumbList\",\"@id\":\"https:\/\/www.jyiele.com\/product\/mc4-branch-connector\/#breadcrumb\",\"itemListElement\":[{\"@type\":\"ListItem\",\"position\":1,\"name\":\"Home\",\"item\":\"https:\/\/www.jyiele.com\/\"},{\"@type\":\"ListItem\",\"position\":2,\"name\":\"Product\",\"item\":\"https:\/\/www.jyiele.com\/product\/\"},{\"@type\":\"ListItem\",\"position\":3,\"name\":\"MC4 Connector\",\"item\":\"https:\/\/www.jyiele.com\/product-category\/mc4-connector\/\"},{\"@type\":\"ListItem\",\"position\":4,\"name\":\"Mc4 Branch Connector A pair of Male Female 1000V 1500V DC 50Amp one in four out solar system waterproof\"}]},{\"@type\":\"WebSite\",\"@id\":\"https:\/\/www.jyiele.com\/#website\",\"url\":\"https:\/\/www.jyiele.com\/\",\"name\":\"JYIELE\",\"description\":\"Vacuum Circuit Breaker manufacturer\",\"publisher\":{\"@id\":\"https:\/\/www.jyiele.com\/#organization\"},\"potentialAction\":[{\"@type\":\"SearchAction\",\"target\":{\"@type\":\"EntryPoint\",\"urlTemplate\":\"https:\/\/www.jyiele.com\/?s={search_term_string}\"},\"query-input\":{\"@type\":\"PropertyValueSpecification\",\"valueRequired\":true,\"valueName\":\"search_term_string\"}}],\"inLanguage\":\"pl-PL\"},{\"@type\":\"Organization\",\"@id\":\"https:\/\/www.jyiele.com\/#organization\",\"name\":\"JYIELE\",\"url\":\"https:\/\/www.jyiele.com\/\",\"logo\":{\"@type\":\"ImageObject\",\"inLanguage\":\"pl-PL\",\"@id\":\"https:\/\/www.jyiele.com\/#\/schema\/logo\/image\/\",\"url\":\"https:\/\/www.jyiele.com\/wp-content\/uploads\/2024\/09\/cropped-jyele-1.webp\",\"contentUrl\":\"https:\/\/www.jyiele.com\/wp-content\/uploads\/2024\/09\/cropped-jyele-1.webp\",\"width\":137,\"height\":60,\"caption\":\"JYIELE\"},\"image\":{\"@id\":\"https:\/\/www.jyiele.com\/#\/schema\/logo\/image\/\"}}]}<\/script>\n<!-- \/ Yoast SEO plugin. -->","yoast_head_json":{"title":"Chiny Producenci i dostawcy z\u0142\u0105czy rozga\u0142\u0119\u017anych Mc4 - JYIELE","description":"Z\u0142\u0105cze odga\u0142\u0119zione Mc4 nadaje si\u0119 do systemu energii s\u0142onecznej, wysoka wydajno\u015b\u0107, bezpiecze\u0144stwo, \u0142atwa instalacja, bezpiecze\u0144stwo i trwa\u0142o\u015b\u0107, producenci \u017ar\u00f3de\u0142 op\u0142acalne, przyjd\u017a i por\u00f3wnaj ceny teraz.","robots":{"index":"index","follow":"follow","max-snippet":"max-snippet:-1","max-image-preview":"max-image-preview:large","max-video-preview":"max-video-preview:-1"},"canonical":"https:\/\/www.jyiele.com\/pl\/product\/mc4-branch-connector\/","og_locale":"pl_PL","og_type":"article","og_title":"China Mc4 Branch Connector Manufacturers & Suppliers- JYIELE","og_description":"Mc4 Branch Connector is suitable for solar energy system, high efficiency, safety, easy to install, safety and durability, source manufacturers cost-effective, come and compare prices now.","og_url":"https:\/\/www.jyiele.com\/pl\/product\/mc4-branch-connector\/","og_site_name":"JYIELE","article_modified_time":"2025-03-09T11:43:21+00:00","og_image":[{"width":800,"height":800,"url":"https:\/\/www.jyiele.com\/wp-content\/uploads\/2024\/10\/Mc4-Branch-Connector.webp","type":"image\/webp"}],"twitter_card":"summary_large_image","twitter_misc":{"Szacowany czas czytania":"2 minuty"},"schema":{"@context":"https:\/\/schema.org","@graph":[{"@type":"WebPage","@id":"https:\/\/www.jyiele.com\/product\/mc4-branch-connector\/","url":"https:\/\/www.jyiele.com\/product\/mc4-branch-connector\/","name":"Chiny Producenci i dostawcy z\u0142\u0105czy rozga\u0142\u0119\u017anych Mc4 - JYIELE","isPartOf":{"@id":"https:\/\/www.jyiele.com\/#website"},"primaryImageOfPage":{"@id":"https:\/\/www.jyiele.com\/product\/mc4-branch-connector\/#primaryimage"},"image":{"@id":"https:\/\/www.jyiele.com\/product\/mc4-branch-connector\/#primaryimage"},"thumbnailUrl":"https:\/\/www.jyiele.com\/wp-content\/uploads\/2024\/10\/Mc4-Branch-Connector.webp","datePublished":"2024-11-03T08:03:27+00:00","dateModified":"2025-03-09T11:43:21+00:00","description":"Z\u0142\u0105cze odga\u0142\u0119zione Mc4 nadaje si\u0119 do systemu energii s\u0142onecznej, wysoka wydajno\u015b\u0107, bezpiecze\u0144stwo, \u0142atwa instalacja, bezpiecze\u0144stwo i trwa\u0142o\u015b\u0107, producenci \u017ar\u00f3de\u0142 op\u0142acalne, przyjd\u017a i por\u00f3wnaj ceny teraz.","breadcrumb":{"@id":"https:\/\/www.jyiele.com\/product\/mc4-branch-connector\/#breadcrumb"},"inLanguage":"pl-PL","potentialAction":[{"@type":"ReadAction","target":["https:\/\/www.jyiele.com\/product\/mc4-branch-connector\/"]}]},{"@type":"ImageObject","inLanguage":"pl-PL","@id":"https:\/\/www.jyiele.com\/product\/mc4-branch-connector\/#primaryimage","url":"https:\/\/www.jyiele.com\/wp-content\/uploads\/2024\/10\/Mc4-Branch-Connector.webp","contentUrl":"https:\/\/www.jyiele.com\/wp-content\/uploads\/2024\/10\/Mc4-Branch-Connector.webp","width":800,"height":800,"caption":"Mc4 Branch Connector"},{"@type":"BreadcrumbList","@id":"https:\/\/www.jyiele.com\/product\/mc4-branch-connector\/#breadcrumb","itemListElement":[{"@type":"ListItem","position":1,"name":"Home","item":"https:\/\/www.jyiele.com\/"},{"@type":"ListItem","position":2,"name":"Product","item":"https:\/\/www.jyiele.com\/product\/"},{"@type":"ListItem","position":3,"name":"MC4 Connector","item":"https:\/\/www.jyiele.com\/product-category\/mc4-connector\/"},{"@type":"ListItem","position":4,"name":"Mc4 Branch Connector A pair of Male Female 1000V 1500V DC 50Amp one in four out solar system waterproof"}]},{"@type":"WebSite","@id":"https:\/\/www.jyiele.com\/#website","url":"https:\/\/www.jyiele.com\/","name":"JYIELE","description":"Producent wy\u0142\u0105cznik\u00f3w pr\u00f3\u017cniowych","publisher":{"@id":"https:\/\/www.jyiele.com\/#organization"},"potentialAction":[{"@type":"SearchAction","target":{"@type":"EntryPoint","urlTemplate":"https:\/\/www.jyiele.com\/?s={search_term_string}"},"query-input":{"@type":"PropertyValueSpecification","valueRequired":true,"valueName":"search_term_string"}}],"inLanguage":"pl-PL"},{"@type":"Organization","@id":"https:\/\/www.jyiele.com\/#organization","name":"JYIELE","url":"https:\/\/www.jyiele.com\/","logo":{"@type":"ImageObject","inLanguage":"pl-PL","@id":"https:\/\/www.jyiele.com\/#\/schema\/logo\/image\/","url":"https:\/\/www.jyiele.com\/wp-content\/uploads\/2024\/09\/cropped-jyele-1.webp","contentUrl":"https:\/\/www.jyiele.com\/wp-content\/uploads\/2024\/09\/cropped-jyele-1.webp","width":137,"height":60,"caption":"JYIELE"},"image":{"@id":"https:\/\/www.jyiele.com\/#\/schema\/logo\/image\/"}}]}},"_links":{"self":[{"href":"https:\/\/www.jyiele.com\/pl\/wp-json\/wp\/v2\/product\/1654","targetHints":{"allow":["GET"]}}],"collection":[{"href":"https:\/\/www.jyiele.com\/pl\/wp-json\/wp\/v2\/product"}],"about":[{"href":"https:\/\/www.jyiele.com\/pl\/wp-json\/wp\/v2\/types\/product"}],"version-history":[{"count":3,"href":"https:\/\/www.jyiele.com\/pl\/wp-json\/wp\/v2\/product\/1654\/revisions"}],"predecessor-version":[{"id":1658,"href":"https:\/\/www.jyiele.com\/pl\/wp-json\/wp\/v2\/product\/1654\/revisions\/1658"}],"wp:featuredmedia":[{"embeddable":true,"href":"https:\/\/www.jyiele.com\/pl\/wp-json\/wp\/v2\/media\/1657"}],"wp:attachment":[{"href":"https:\/\/www.jyiele.com\/pl\/wp-json\/wp\/v2\/media?parent=1654"}],"wp:term":[{"taxonomy":"product_brand","embeddable":true,"href":"https:\/\/www.jyiele.com\/pl\/wp-json\/wp\/v2\/product_brand?post=1654"},{"taxonomy":"product_cat","embeddable":true,"href":"https:\/\/www.jyiele.com\/pl\/wp-json\/wp\/v2\/product_cat?post=1654"},{"taxonomy":"product_tag","embeddable":true,"href":"https:\/\/www.jyiele.com\/pl\/wp-json\/wp\/v2\/product_tag?post=1654"}],"curies":[{"name":"wp","href":"https:\/\/api.w.org\/{rel}","templated":true}]}}