{"id":1871,"date":"2021-10-10T12:16:59","date_gmt":"2021-10-10T12:16:59","guid":{"rendered":"https:\/\/www.jy-electric.com\/?post_type=product&#038;p=1871"},"modified":"2024-10-10T12:31:10","modified_gmt":"2024-10-10T12:31:10","slug":"k75-95-high-voltage-fireproof-pa66-switch-cabinet-cable-clip","status":"publish","type":"product","link":"https:\/\/www.jyiele.com\/pl\/product\/k75-95-high-voltage-fireproof-pa66-switch-cabinet-cable-clip\/","title":{"rendered":"K75-95 Wysokonapi\u0119ciowy ognioodporny zacisk kablowy do szafy sterowniczej PA66"},"content":{"rendered":"<h2>Cechy klipsa kablowego<\/h2>\n<p>Ognioodporny materia\u0142 nylonowy PA66 jest doskona\u0142y pod wzgl\u0119dem ognioodporno\u015bci i wytrzyma\u0142o\u015bci, odporno\u015bci na wysok\u0105 temperatur\u0119, odpowiedni do mocowania kabli w r\u00f3\u017cnych sytuacjach. W swojej konstrukcji zapewnia bezpiecze\u0144stwo instalacji kabli i jest przeznaczony do sprz\u0119tu instalacyjnego, budynk\u00f3w, szaf elektrycznych i kabli wysokiego napi\u0119cia.<\/p>\n<h2>Mocowanie kabli siatkowych za pomoc\u0105 zacisku kablowego<\/h2>\n<p>Podczas zaciskania kabla sieciowego nale\u017cy wybra\u0107 odpowiedni rozmiar zacisku kablowego w zale\u017cno\u015bci od \u015brednicy kabla sieciowego i umie\u015bci\u0107 go w uchwycie. Zamocuj zacisk kablowy za pomoc\u0105 \u015brub lub urz\u0105dzenia blokuj\u0105cego na uchwycie. Nale\u017cy uwa\u017ca\u0107, aby kabel siatkowy by\u0142 stabilny, nie przesuwa\u0142 si\u0119 i nie poluzowa\u0142. Nale\u017cy uwa\u017ca\u0107, aby nie dokr\u0119ci\u0107 zbyt mocno i nie uszkodzi\u0107 zewn\u0119trznej pow\u0142oki kabla siatkowego.<\/p>\n<p><img fetchpriority=\"high\" decoding=\"async\" class=\"alignnone wp-image-1877\" src=\"https:\/\/www.jy-electric.com\/wp-content\/uploads\/2021\/10\/Cable-Clip-Dimensions.webp\" alt=\"Wymiary zacisku kablowego\" width=\"686\" height=\"686\" srcset=\"https:\/\/www.jyiele.com\/wp-content\/uploads\/2021\/10\/Cable-Clip-Dimensions.webp 800w, https:\/\/www.jyiele.com\/wp-content\/uploads\/2021\/10\/Cable-Clip-Dimensions-300x300.webp 300w, https:\/\/www.jyiele.com\/wp-content\/uploads\/2021\/10\/Cable-Clip-Dimensions-150x150.webp 150w, https:\/\/www.jyiele.com\/wp-content\/uploads\/2021\/10\/Cable-Clip-Dimensions-768x768.webp 768w, https:\/\/www.jyiele.com\/wp-content\/uploads\/2021\/10\/Cable-Clip-Dimensions-12x12.webp 12w, https:\/\/www.jyiele.com\/wp-content\/uploads\/2021\/10\/Cable-Clip-Dimensions-600x600.webp 600w, https:\/\/www.jyiele.com\/wp-content\/uploads\/2021\/10\/Cable-Clip-Dimensions-100x100.webp 100w\" sizes=\"(max-width: 686px) 100vw, 686px\" \/><\/p>\n<h2>Jak daleko od siebie powinny by\u0107 rozmieszczone zaciski kablowe?<\/h2>\n<p>Odst\u0119py mi\u0119dzy zaciskami kablowymi w wi\u0119kszo\u015bci zastosowa\u0144 zale\u017c\u0105 od typu i \u015brednicy kabla; og\u00f3lnym zaleceniem jest jednak, aby by\u0142y one oddalone od siebie o 30 do 50 centymetr\u00f3w. W ten spos\u00f3b kable nie mog\u0105 zosta\u0107 uszkodzone przez dzia\u0142anie si\u0142 zewn\u0119trznych, a jednocze\u015bnie zachowuj\u0105 schludny, przyjemny wygl\u0105d. Oczywi\u015bcie taka odleg\u0142o\u015b\u0107 mo\u017ce by\u0107 modyfikowana w niekt\u00f3rych zastosowaniach, kt\u00f3re musz\u0105 by\u0107 odpowiednio dobrane.<\/p>\n<figure class=\"wp-block-image size-full is-resized\"><img decoding=\"async\" class=\"alignnone wp-image-1875 size-full\" src=\"https:\/\/www.jy-electric.com\/wp-content\/uploads\/2021\/10\/Cable-Clamp-Dimensions.webp\" alt=\"Wymiary zacisku kablowego\" width=\"790\" height=\"377\" srcset=\"https:\/\/www.jyiele.com\/wp-content\/uploads\/2021\/10\/Cable-Clamp-Dimensions.webp 790w, https:\/\/www.jyiele.com\/wp-content\/uploads\/2021\/10\/Cable-Clamp-Dimensions-300x143.webp 300w, https:\/\/www.jyiele.com\/wp-content\/uploads\/2021\/10\/Cable-Clamp-Dimensions-768x367.webp 768w, https:\/\/www.jyiele.com\/wp-content\/uploads\/2021\/10\/Cable-Clamp-Dimensions-18x9.webp 18w, https:\/\/www.jyiele.com\/wp-content\/uploads\/2021\/10\/Cable-Clamp-Dimensions-600x286.webp 600w\" sizes=\"(max-width: 790px) 100vw, 790px\" \/><\/figure>\n<h2>Parametry produktu<\/h2>\n<figure class=\"wp-block-table\">\n<div class=\"scroll\">\n<table>\n<tbody>\n<tr>\n<td>Rozmiar<\/td>\n<td>A<\/td>\n<td>B<\/td>\n<td>C<\/td>\n<td>D<\/td>\n<td>E<\/td>\n<td>F<\/td>\n<td>Dia<\/td>\n<\/tr>\n<tr>\n<td>20-36<\/td>\n<td>89<\/td>\n<td>44<\/td>\n<td>60<\/td>\n<td>24<\/td>\n<td>36<\/td>\n<td>58<\/td>\n<td>12<\/td>\n<\/tr>\n<tr>\n<td>36-52<\/td>\n<td>108<\/td>\n<td>50<\/td>\n<td>75<\/td>\n<td>34<\/td>\n<td>50<\/td>\n<td>59<\/td>\n<td>13<\/td>\n<\/tr>\n<tr>\n<td>55-75<\/td>\n<td>115<\/td>\n<td>52<\/td>\n<td>84<\/td>\n<td>37<\/td>\n<td>58<\/td>\n<td>59<\/td>\n<td>13<\/td>\n<\/tr>\n<tr>\n<td>75-95<\/td>\n<td>128<\/td>\n<td>66<\/td>\n<td>96<\/td>\n<td>48<\/td>\n<td>68<\/td>\n<td>60<\/td>\n<td>14<\/td>\n<\/tr>\n<tr>\n<td>90-150<\/td>\n<td>150<\/td>\n<td>87<\/td>\n<td>120<\/td>\n<td>66<\/td>\n<td>102<\/td>\n<td>60<\/td>\n<td>14<\/td>\n<\/tr>\n<\/tbody>\n<\/table>\n<\/div>\n<\/figure>\n<div class=\"wp-block-image\">\n<figure class=\"aligncenter size-large\"><img decoding=\"async\" class=\"wp-image-1876 size-full alignleft\" src=\"https:\/\/www.jy-electric.com\/wp-content\/uploads\/2021\/10\/Cable-Clamps-Dimensions.webp\" alt=\"Wymiary zacisk\u00f3w kablowych\" width=\"653\" height=\"1024\" srcset=\"https:\/\/www.jyiele.com\/wp-content\/uploads\/2021\/10\/Cable-Clamps-Dimensions.webp 653w, https:\/\/www.jyiele.com\/wp-content\/uploads\/2021\/10\/Cable-Clamps-Dimensions-191x300.webp 191w, https:\/\/www.jyiele.com\/wp-content\/uploads\/2021\/10\/Cable-Clamps-Dimensions-8x12.webp 8w, https:\/\/www.jyiele.com\/wp-content\/uploads\/2021\/10\/Cable-Clamps-Dimensions-600x941.webp 600w\" sizes=\"(max-width: 653px) 100vw, 653px\" \/><\/figure>\n<\/div>","protected":false},"excerpt":{"rendered":"<p>Powszechnie u\u017cywany<strong> zacisk kablowy<\/strong> to akcesorium s\u0142u\u017c\u0105ce do przytrzymywania kabli na miejscu. W zwi\u0105zku z tym dzia\u0142a g\u0142\u00f3wnie w celu utrzymania kabli na miejscu, zapobiegaj\u0105c ich przemieszczaniu si\u0119 lub poluzowaniu w celu zapewnienia bezpiecze\u0144stwa i porz\u0105dku. <strong>Zacisk kablowy<\/strong> s\u0105 zwykle wykonane z materia\u0142\u00f3w odpornych na wysokie temperatury i trudnopalnych, takich jak PA66, o profilowanej konstrukcji pasuj\u0105cej do wi\u0119kszo\u015bci rodzaj\u00f3w kabli, w tym kabli niskiego i wysokiego napi\u0119cia. \u015arednice kabli wahaj\u0105 si\u0119 od kilku milimetr\u00f3w do kilku centymetr\u00f3w dla r\u00f3\u017cnych zastosowa\u0144.<\/p>\n<p>Miejsce pochodzenia: zhejiang, Chiny<br \/>\nNumer modelu: CA-C001<br \/>\nTyp: Kszta\u0142t C<br \/>\nMateria\u0142: Tworzywo sztuczne, Nylon PA66<br \/>\nNazwa produktu: Zacisk kablowy do szafy sterowniczej<br \/>\nZastosowanie: Kabel WN<br \/>\nKolor: czarny<br \/>\nTemperatura pracy: od -40 \u2103 do +120 \u2103<br \/>\nSpecyfikacja: Kabel 13mm\u00b2-150mm\u00b2<br \/>\nCzas produkcji: 5-7 dni<\/p>","protected":false},"featured_media":1873,"template":"","meta":{"site-sidebar-layout":"default","site-content-layout":"","ast-site-content-layout":"default","site-content-style":"default","site-sidebar-style":"default","ast-global-header-display":"","ast-banner-title-visibility":"","ast-main-header-display":"","ast-hfb-above-header-display":"","ast-hfb-below-header-display":"","ast-hfb-mobile-header-display":"","site-post-title":"","ast-breadcrumbs-content":"","ast-featured-img":"","footer-sml-layout":"","ast-disable-related-posts":"","theme-transparent-header-meta":"default","adv-header-id-meta":"","stick-header-meta":"","header-above-stick-meta":"","header-main-stick-meta":"","header-below-stick-meta":"","astra-migrate-meta-layouts":"set","ast-page-background-enabled":"default","ast-page-background-meta":{"desktop":{"background-color":"var(--ast-global-color-4)","background-image":"","background-repeat":"repeat","background-position":"center center","background-size":"auto","background-attachment":"scroll","background-type":"","background-media":"","overlay-type":"","overlay-color":"","overlay-opacity":"","overlay-gradient":""},"tablet":{"background-color":"","background-image":"","background-repeat":"repeat","background-position":"center center","background-size":"auto","background-attachment":"scroll","background-type":"","background-media":"","overlay-type":"","overlay-color":"","overlay-opacity":"","overlay-gradient":""},"mobile":{"background-color":"","background-image":"","background-repeat":"repeat","background-position":"center center","background-size":"auto","background-attachment":"scroll","background-type":"","background-media":"","overlay-type":"","overlay-color":"","overlay-opacity":"","overlay-gradient":""}},"ast-content-background-meta":{"desktop":{"background-color":"var(--ast-global-color-5)","background-image":"","background-repeat":"repeat","background-position":"center center","background-size":"auto","background-attachment":"scroll","background-type":"","background-media":"","overlay-type":"","overlay-color":"","overlay-opacity":"","overlay-gradient":""},"tablet":{"background-color":"var(--ast-global-color-5)","background-image":"","background-repeat":"repeat","background-position":"center center","background-size":"auto","background-attachment":"scroll","background-type":"","background-media":"","overlay-type":"","overlay-color":"","overlay-opacity":"","overlay-gradient":""},"mobile":{"background-color":"var(--ast-global-color-5)","background-image":"","background-repeat":"repeat","background-position":"center center","background-size":"auto","background-attachment":"scroll","background-type":"","background-media":"","overlay-type":"","overlay-color":"","overlay-opacity":"","overlay-gradient":""}}},"product_brand":[],"product_cat":[27],"product_tag":[],"class_list":{"0":"post-1871","1":"product","2":"type-product","3":"status-publish","4":"has-post-thumbnail","6":"product_cat-other","7":"desktop-align-left","8":"tablet-align-left","9":"mobile-align-left","11":"first","12":"instock","13":"shipping-taxable","14":"product-type-simple"},"yoast_head":"<!-- This site is optimized with the Yoast SEO plugin v24.8.1 - https:\/\/yoast.com\/wordpress\/plugins\/seo\/ -->\n<title>High Voltage Cable Clip Manufacturer- High Temperature Flame Retardant Cable Clamps | Industrial Cable Installation<\/title>\n<meta name=\"description\" content=\"High-quality PA66 flame retardant high-voltage cable clip for electrical cabinets, high-voltage cables and other installation and fixing. High temperature resistance, strong toughness, to ensure that the cable is safe and solid, widely used in industrial electrical equipment.\" \/>\n<meta name=\"robots\" content=\"index, follow, max-snippet:-1, max-image-preview:large, max-video-preview:-1\" \/>\n<link rel=\"canonical\" href=\"https:\/\/www.jyiele.com\/pl\/product\/k75-95-high-voltage-fireproof-pa66-switch-cabinet-cable-clip\/\" \/>\n<meta property=\"og:locale\" content=\"pl_PL\" \/>\n<meta property=\"og:type\" content=\"article\" \/>\n<meta property=\"og:title\" content=\"High Voltage Cable Clip Manufacturer- High Temperature Flame Retardant Cable Clamps | Industrial Cable Installation\" \/>\n<meta property=\"og:description\" content=\"High-quality PA66 flame retardant high-voltage cable clip for electrical cabinets, high-voltage cables and other installation and fixing. High temperature resistance, strong toughness, to ensure that the cable is safe and solid, widely used in industrial electrical equipment.\" \/>\n<meta property=\"og:url\" content=\"https:\/\/www.jyiele.com\/pl\/product\/k75-95-high-voltage-fireproof-pa66-switch-cabinet-cable-clip\/\" \/>\n<meta property=\"og:site_name\" content=\"JYIELE\" \/>\n<meta property=\"article:modified_time\" content=\"2024-10-10T12:31:10+00:00\" \/>\n<meta property=\"og:image\" content=\"https:\/\/www.jyiele.com\/wp-content\/uploads\/2021\/10\/K75-95-High-Voltage-Fireproof-PA66-Switch-Cabinet-Cable-Clip.webp\" \/>\n\t<meta property=\"og:image:width\" content=\"800\" \/>\n\t<meta property=\"og:image:height\" content=\"800\" \/>\n\t<meta property=\"og:image:type\" content=\"image\/webp\" \/>\n<meta name=\"twitter:card\" content=\"summary_large_image\" \/>\n<meta name=\"twitter:label1\" content=\"Szacowany czas czytania\" \/>\n\t<meta name=\"twitter:data1\" content=\"2 minuty\" \/>\n<script type=\"application\/ld+json\" class=\"yoast-schema-graph\">{\"@context\":\"https:\/\/schema.org\",\"@graph\":[{\"@type\":\"WebPage\",\"@id\":\"https:\/\/www.jyiele.com\/product\/k75-95-high-voltage-fireproof-pa66-switch-cabinet-cable-clip\/\",\"url\":\"https:\/\/www.jyiele.com\/product\/k75-95-high-voltage-fireproof-pa66-switch-cabinet-cable-clip\/\",\"name\":\"High Voltage Cable Clip Manufacturer- High Temperature Flame Retardant Cable Clamps | Industrial Cable Installation\",\"isPartOf\":{\"@id\":\"https:\/\/www.jyiele.com\/#website\"},\"primaryImageOfPage\":{\"@id\":\"https:\/\/www.jyiele.com\/product\/k75-95-high-voltage-fireproof-pa66-switch-cabinet-cable-clip\/#primaryimage\"},\"image\":{\"@id\":\"https:\/\/www.jyiele.com\/product\/k75-95-high-voltage-fireproof-pa66-switch-cabinet-cable-clip\/#primaryimage\"},\"thumbnailUrl\":\"https:\/\/www.jyiele.com\/wp-content\/uploads\/2021\/10\/K75-95-High-Voltage-Fireproof-PA66-Switch-Cabinet-Cable-Clip.webp\",\"datePublished\":\"2021-10-10T12:16:59+00:00\",\"dateModified\":\"2024-10-10T12:31:10+00:00\",\"description\":\"High-quality PA66 flame retardant high-voltage cable clip for electrical cabinets, high-voltage cables and other installation and fixing. High temperature resistance, strong toughness, to ensure that the cable is safe and solid, widely used in industrial electrical equipment.\",\"breadcrumb\":{\"@id\":\"https:\/\/www.jyiele.com\/product\/k75-95-high-voltage-fireproof-pa66-switch-cabinet-cable-clip\/#breadcrumb\"},\"inLanguage\":\"pl-PL\",\"potentialAction\":[{\"@type\":\"ReadAction\",\"target\":[\"https:\/\/www.jyiele.com\/product\/k75-95-high-voltage-fireproof-pa66-switch-cabinet-cable-clip\/\"]}]},{\"@type\":\"ImageObject\",\"inLanguage\":\"pl-PL\",\"@id\":\"https:\/\/www.jyiele.com\/product\/k75-95-high-voltage-fireproof-pa66-switch-cabinet-cable-clip\/#primaryimage\",\"url\":\"https:\/\/www.jyiele.com\/wp-content\/uploads\/2021\/10\/K75-95-High-Voltage-Fireproof-PA66-Switch-Cabinet-Cable-Clip.webp\",\"contentUrl\":\"https:\/\/www.jyiele.com\/wp-content\/uploads\/2021\/10\/K75-95-High-Voltage-Fireproof-PA66-Switch-Cabinet-Cable-Clip.webp\",\"width\":800,\"height\":800,\"caption\":\"Cable Clamp Dimensions\"},{\"@type\":\"BreadcrumbList\",\"@id\":\"https:\/\/www.jyiele.com\/product\/k75-95-high-voltage-fireproof-pa66-switch-cabinet-cable-clip\/#breadcrumb\",\"itemListElement\":[{\"@type\":\"ListItem\",\"position\":1,\"name\":\"Home\",\"item\":\"https:\/\/www.jyiele.com\/\"},{\"@type\":\"ListItem\",\"position\":2,\"name\":\"Product\",\"item\":\"https:\/\/www.jyiele.com\/product\/\"},{\"@type\":\"ListItem\",\"position\":3,\"name\":\"Other\",\"item\":\"https:\/\/www.jyiele.com\/product-category\/other\/\"},{\"@type\":\"ListItem\",\"position\":4,\"name\":\"K75-95 High Voltage Fireproof PA66 Switch Cabinet Cable Clip\"}]},{\"@type\":\"WebSite\",\"@id\":\"https:\/\/www.jyiele.com\/#website\",\"url\":\"https:\/\/www.jyiele.com\/\",\"name\":\"JYIELE\",\"description\":\"Vacuum Circuit Breaker manufacturer\",\"publisher\":{\"@id\":\"https:\/\/www.jyiele.com\/#organization\"},\"potentialAction\":[{\"@type\":\"SearchAction\",\"target\":{\"@type\":\"EntryPoint\",\"urlTemplate\":\"https:\/\/www.jyiele.com\/?s={search_term_string}\"},\"query-input\":{\"@type\":\"PropertyValueSpecification\",\"valueRequired\":true,\"valueName\":\"search_term_string\"}}],\"inLanguage\":\"pl-PL\"},{\"@type\":\"Organization\",\"@id\":\"https:\/\/www.jyiele.com\/#organization\",\"name\":\"JYIELE\",\"url\":\"https:\/\/www.jyiele.com\/\",\"logo\":{\"@type\":\"ImageObject\",\"inLanguage\":\"pl-PL\",\"@id\":\"https:\/\/www.jyiele.com\/#\/schema\/logo\/image\/\",\"url\":\"https:\/\/www.jyiele.com\/wp-content\/uploads\/2024\/09\/cropped-jyele-1.webp\",\"contentUrl\":\"https:\/\/www.jyiele.com\/wp-content\/uploads\/2024\/09\/cropped-jyele-1.webp\",\"width\":137,\"height\":60,\"caption\":\"JYIELE\"},\"image\":{\"@id\":\"https:\/\/www.jyiele.com\/#\/schema\/logo\/image\/\"}}]}<\/script>\n<!-- \/ Yoast SEO plugin. -->","yoast_head_json":{"title":"Producent zacisk\u00f3w kablowych wysokiego napi\u0119cia - wysokotemperaturowe ognioodporne zaciski kablowe | instalacja kabli przemys\u0142owych","description":"Wysokiej jako\u015bci ognioodporny zacisk kablowy wysokiego napi\u0119cia PA66 do szaf elektrycznych, kabli wysokiego napi\u0119cia oraz innych instalacji i mocowa\u0144. Odporno\u015b\u0107 na wysokie temperatury, du\u017ca wytrzyma\u0142o\u015b\u0107, aby zapewni\u0107, \u017ce kabel jest bezpieczny i solidny, szeroko stosowany w przemys\u0142owych urz\u0105dzeniach elektrycznych.","robots":{"index":"index","follow":"follow","max-snippet":"max-snippet:-1","max-image-preview":"max-image-preview:large","max-video-preview":"max-video-preview:-1"},"canonical":"https:\/\/www.jyiele.com\/pl\/product\/k75-95-high-voltage-fireproof-pa66-switch-cabinet-cable-clip\/","og_locale":"pl_PL","og_type":"article","og_title":"High Voltage Cable Clip Manufacturer- High Temperature Flame Retardant Cable Clamps | Industrial Cable Installation","og_description":"High-quality PA66 flame retardant high-voltage cable clip for electrical cabinets, high-voltage cables and other installation and fixing. High temperature resistance, strong toughness, to ensure that the cable is safe and solid, widely used in industrial electrical equipment.","og_url":"https:\/\/www.jyiele.com\/pl\/product\/k75-95-high-voltage-fireproof-pa66-switch-cabinet-cable-clip\/","og_site_name":"JYIELE","article_modified_time":"2024-10-10T12:31:10+00:00","og_image":[{"width":800,"height":800,"url":"https:\/\/www.jyiele.com\/wp-content\/uploads\/2021\/10\/K75-95-High-Voltage-Fireproof-PA66-Switch-Cabinet-Cable-Clip.webp","type":"image\/webp"}],"twitter_card":"summary_large_image","twitter_misc":{"Szacowany czas czytania":"2 minuty"},"schema":{"@context":"https:\/\/schema.org","@graph":[{"@type":"WebPage","@id":"https:\/\/www.jyiele.com\/product\/k75-95-high-voltage-fireproof-pa66-switch-cabinet-cable-clip\/","url":"https:\/\/www.jyiele.com\/product\/k75-95-high-voltage-fireproof-pa66-switch-cabinet-cable-clip\/","name":"Producent zacisk\u00f3w kablowych wysokiego napi\u0119cia - wysokotemperaturowe ognioodporne zaciski kablowe | instalacja kabli przemys\u0142owych","isPartOf":{"@id":"https:\/\/www.jyiele.com\/#website"},"primaryImageOfPage":{"@id":"https:\/\/www.jyiele.com\/product\/k75-95-high-voltage-fireproof-pa66-switch-cabinet-cable-clip\/#primaryimage"},"image":{"@id":"https:\/\/www.jyiele.com\/product\/k75-95-high-voltage-fireproof-pa66-switch-cabinet-cable-clip\/#primaryimage"},"thumbnailUrl":"https:\/\/www.jyiele.com\/wp-content\/uploads\/2021\/10\/K75-95-High-Voltage-Fireproof-PA66-Switch-Cabinet-Cable-Clip.webp","datePublished":"2021-10-10T12:16:59+00:00","dateModified":"2024-10-10T12:31:10+00:00","description":"Wysokiej jako\u015bci ognioodporny zacisk kablowy wysokiego napi\u0119cia PA66 do szaf elektrycznych, kabli wysokiego napi\u0119cia oraz innych instalacji i mocowa\u0144. Odporno\u015b\u0107 na wysokie temperatury, du\u017ca wytrzyma\u0142o\u015b\u0107, aby zapewni\u0107, \u017ce kabel jest bezpieczny i solidny, szeroko stosowany w przemys\u0142owych urz\u0105dzeniach elektrycznych.","breadcrumb":{"@id":"https:\/\/www.jyiele.com\/product\/k75-95-high-voltage-fireproof-pa66-switch-cabinet-cable-clip\/#breadcrumb"},"inLanguage":"pl-PL","potentialAction":[{"@type":"ReadAction","target":["https:\/\/www.jyiele.com\/product\/k75-95-high-voltage-fireproof-pa66-switch-cabinet-cable-clip\/"]}]},{"@type":"ImageObject","inLanguage":"pl-PL","@id":"https:\/\/www.jyiele.com\/product\/k75-95-high-voltage-fireproof-pa66-switch-cabinet-cable-clip\/#primaryimage","url":"https:\/\/www.jyiele.com\/wp-content\/uploads\/2021\/10\/K75-95-High-Voltage-Fireproof-PA66-Switch-Cabinet-Cable-Clip.webp","contentUrl":"https:\/\/www.jyiele.com\/wp-content\/uploads\/2021\/10\/K75-95-High-Voltage-Fireproof-PA66-Switch-Cabinet-Cable-Clip.webp","width":800,"height":800,"caption":"Cable Clamp Dimensions"},{"@type":"BreadcrumbList","@id":"https:\/\/www.jyiele.com\/product\/k75-95-high-voltage-fireproof-pa66-switch-cabinet-cable-clip\/#breadcrumb","itemListElement":[{"@type":"ListItem","position":1,"name":"Home","item":"https:\/\/www.jyiele.com\/"},{"@type":"ListItem","position":2,"name":"Product","item":"https:\/\/www.jyiele.com\/product\/"},{"@type":"ListItem","position":3,"name":"Other","item":"https:\/\/www.jyiele.com\/product-category\/other\/"},{"@type":"ListItem","position":4,"name":"K75-95 High Voltage Fireproof PA66 Switch Cabinet Cable Clip"}]},{"@type":"WebSite","@id":"https:\/\/www.jyiele.com\/#website","url":"https:\/\/www.jyiele.com\/","name":"JYIELE","description":"Producent wy\u0142\u0105cznik\u00f3w pr\u00f3\u017cniowych","publisher":{"@id":"https:\/\/www.jyiele.com\/#organization"},"potentialAction":[{"@type":"SearchAction","target":{"@type":"EntryPoint","urlTemplate":"https:\/\/www.jyiele.com\/?s={search_term_string}"},"query-input":{"@type":"PropertyValueSpecification","valueRequired":true,"valueName":"search_term_string"}}],"inLanguage":"pl-PL"},{"@type":"Organization","@id":"https:\/\/www.jyiele.com\/#organization","name":"JYIELE","url":"https:\/\/www.jyiele.com\/","logo":{"@type":"ImageObject","inLanguage":"pl-PL","@id":"https:\/\/www.jyiele.com\/#\/schema\/logo\/image\/","url":"https:\/\/www.jyiele.com\/wp-content\/uploads\/2024\/09\/cropped-jyele-1.webp","contentUrl":"https:\/\/www.jyiele.com\/wp-content\/uploads\/2024\/09\/cropped-jyele-1.webp","width":137,"height":60,"caption":"JYIELE"},"image":{"@id":"https:\/\/www.jyiele.com\/#\/schema\/logo\/image\/"}}]}},"_links":{"self":[{"href":"https:\/\/www.jyiele.com\/pl\/wp-json\/wp\/v2\/product\/1871","targetHints":{"allow":["GET"]}}],"collection":[{"href":"https:\/\/www.jyiele.com\/pl\/wp-json\/wp\/v2\/product"}],"about":[{"href":"https:\/\/www.jyiele.com\/pl\/wp-json\/wp\/v2\/types\/product"}],"version-history":[{"count":4,"href":"https:\/\/www.jyiele.com\/pl\/wp-json\/wp\/v2\/product\/1871\/revisions"}],"predecessor-version":[{"id":1878,"href":"https:\/\/www.jyiele.com\/pl\/wp-json\/wp\/v2\/product\/1871\/revisions\/1878"}],"wp:featuredmedia":[{"embeddable":true,"href":"https:\/\/www.jyiele.com\/pl\/wp-json\/wp\/v2\/media\/1873"}],"wp:attachment":[{"href":"https:\/\/www.jyiele.com\/pl\/wp-json\/wp\/v2\/media?parent=1871"}],"wp:term":[{"taxonomy":"product_brand","embeddable":true,"href":"https:\/\/www.jyiele.com\/pl\/wp-json\/wp\/v2\/product_brand?post=1871"},{"taxonomy":"product_cat","embeddable":true,"href":"https:\/\/www.jyiele.com\/pl\/wp-json\/wp\/v2\/product_cat?post=1871"},{"taxonomy":"product_tag","embeddable":true,"href":"https:\/\/www.jyiele.com\/pl\/wp-json\/wp\/v2\/product_tag?post=1871"}],"curies":[{"name":"wp","href":"https:\/\/api.w.org\/{rel}","templated":true}]}}