{"id":1888,"date":"2022-10-11T13:06:57","date_gmt":"2022-10-11T13:06:57","guid":{"rendered":"https:\/\/www.jy-electric.com\/?post_type=product&#038;p=1888"},"modified":"2025-03-09T11:39:25","modified_gmt":"2025-03-09T11:39:25","slug":"ac-distribution-cabinets-metal-clad-switchgear-enclosed-kyn28-12kv","status":"publish","type":"product","link":"https:\/\/www.jyiele.com\/pl\/product\/ac-distribution-cabinets-metal-clad-switchgear-enclosed-kyn28-12kv\/","title":{"rendered":"Szafy rozdzielcze AC w obudowie metalowej KYN28-12KV"},"content":{"rendered":"<h2>\u015arodowisko pracy:<\/h2>\n<p>Temperatura otoczenia: od -25\u00b0C do +45\u00b0C, przy \u015bredniej warto\u015bci nieprzekraczaj\u0105cej 35\u00b0C dziennie.<br \/>\nWysoko\u015b\u0107: 1000 m i maks. 4500 m dzi\u0119ki specjalnej konstrukcji.<br \/>\nWilgotno\u015b\u0107: \u015arednia dzienna \u2264 95%, \u015brednia miesi\u0119czna \u2264 90%.<br \/>\nAktywno\u015b\u0107 sejsmiczna: Sprz\u0119t jest odporny na trz\u0119sienia ziemi do maksymalnej intensywno\u015bci 8 stopni.<br \/>\nWarunki \u015brodowiskowe: Miejsce monta\u017cu jest niepalne, wolne od materia\u0142\u00f3w wybuchowych, \u017cr\u0105cych chemikali\u00f3w i nie wyst\u0119puj\u0105 w nim silne wibracje.<\/p>\n<h2>Opis produktu<\/h2>\n<p><img fetchpriority=\"high\" decoding=\"async\" class=\"alignnone wp-image-1892 size-full\" src=\"https:\/\/www.jy-electric.com\/wp-content\/uploads\/2024\/10\/metal-clad-switchgear-Model-Meaning.webp\" alt=\"rozdzielnice metalowe Znaczenie modelu\" width=\"630\" height=\"310\" srcset=\"https:\/\/www.jyiele.com\/wp-content\/uploads\/2024\/10\/metal-clad-switchgear-Model-Meaning.webp 630w, https:\/\/www.jyiele.com\/wp-content\/uploads\/2024\/10\/metal-clad-switchgear-Model-Meaning-300x148.webp 300w, https:\/\/www.jyiele.com\/wp-content\/uploads\/2024\/10\/metal-clad-switchgear-Model-Meaning-18x9.webp 18w, https:\/\/www.jyiele.com\/wp-content\/uploads\/2024\/10\/metal-clad-switchgear-Model-Meaning-600x295.webp 600w\" sizes=\"(max-width: 630px) 100vw, 630px\" \/><\/p>\n<p>Uwaga: Nadaje si\u0119 do wy\u0142\u0105cznik\u00f3w pr\u00f3\u017cniowych marek ABB \/ Siemens, Schneider itp.<\/p>\n<h2>Kluczowe cechy rozdzielnicy metalowej KYN28-12KV:<\/h2>\n<p>Kompatybilno\u015b\u0107: Kompatybilny z naszymi zastrze\u017conymi wy\u0142\u0105cznikami pr\u00f3\u017cniowymi GPyN-12kV z wbudowan\u0105 lub izolowan\u0105 tulej\u0105 lub wy\u0142\u0105cznikami pr\u00f3\u017cniowymi VD4 ABB. Ponadto jest r\u00f3wnie\u017c kompatybilny z kombinacjami stycznik\u00f3w pr\u00f3\u017cniowych i bezpiecznik\u00f3w GPVC lub stycznik\u00f3w pr\u00f3\u017cniowych VC firmy ABB, umo\u017cliwiaj\u0105c szafom p\u0119tli F-C spe\u0142nienie potrzeb elektrycznych elektrowni i podstacji \".<\/p>\n<p>Wysoka precyzja wykonania: Obudowa wykorzystuje technik\u0119 podw\u00f3jnego gi\u0119cia p\u0142yt ze stali aluminiowo-cynkowej o wysokiej wytrzyma\u0142o\u015bci przy u\u017cyciu najnowocze\u015bniejszych maszyn CNC. Zapewnia to doskona\u0142\u0105 wytrzyma\u0142o\u015b\u0107 i precyzj\u0119.<\/p>\n<p>Zaawansowana obr\u00f3bka powierzchni: Drzwi szafy s\u0105 powlekane przy u\u017cyciu technologii elektrostatycznego natryskiwania proszkowego \u017cywic\u0105 epoksydow\u0105, kt\u00f3ra jest odporna na korozj\u0119, utlenianie i uderzenia. Dzi\u0119ki temu obudowa jest trwalsza i bardziej wytrzyma\u0142a przez d\u0142ugi czas.<\/p>\n<p>Ca\u0142kowicie zamkni\u0119ta konstrukcja Pancerna konstrukcja obudowy ca\u0142kowicie izoluje cz\u0119\u015bci funkcjonalne, zapewniaj\u0105c tym samym najwy\u017csze bezpiecze\u0144stwo pracy. Pozwala to na dzia\u0142anie wy\u0142\u0105cznika automatycznego i uziemnika nawet przy zamkni\u0119tych drzwiach.<\/p>\n<p>Wymienno\u015b\u0107 Podwozie jest wyposa\u017cone w precyzyjny \u015brubowy mechanizm nap\u0119dowy. Ca\u0142a wymienno\u015b\u0107 podwozia jest doskona\u0142a, co u\u0142atwia konserwacj\u0119 i obs\u0142ug\u0119.<\/p>\n<p>Elastyczna konstrukcja podstawowa Ten zakres konstrukcji podstawowej spe\u0142nia r\u00f3\u017cnorodne wymagania u\u017cytkownik\u00f3w. Opcjonalnie dost\u0119pne jest podw\u00f3jne podwozie.<\/p>\n<p>Zmotoryzowane uziemienie i ochrona przed zwarciem: Szybki prze\u0142\u0105cznik uziemienia umo\u017cliwia prac\u0119 elektryczn\u0105 (zmotoryzowan\u0105), zapewniaj\u0105c w ten spos\u00f3b szybkie uziemienie i ochron\u0119 przed zwarciem.<\/p>\n<p>Zwi\u0119kszone bezpiecze\u0144stwo: Mechanizm blokuj\u0105cy \"Five Protection\" zapobiega nieprawid\u0142owemu dzia\u0142aniu, dzi\u0119ki czemu ochrona operator\u00f3w jest wysoce gwarantowana.<\/p>\n<p>Konstrukcja odporna na dzia\u0142anie \u0142uku elektrycznego: Urz\u0105dzenia obni\u017caj\u0105ce ci\u015bnienie w przedziale magistrali, przedziale wy\u0142\u0105cznika i przedziale zacisk\u00f3w kablowych to tylko niekt\u00f3re z funkcji odpornych na dzia\u0142anie \u0142uku elektrycznego, co zwi\u0119ksza poziom bezpiecze\u0144stwa.<\/p>\n<p>Zaprojektowany przedzia\u0142 kablowy jest przestronny i pozwala na \u0142\u0105czenie wielu kabli w odpowiednich odleg\u0142o\u015bciach, aby umo\u017cliwi\u0107 w\u0142a\u015bciw\u0105 wysoko\u015b\u0107 instalacji kabli w ich wtyczkach.<\/p>\n<p>Wysoki stopie\u0144 ochrony: Rozdzielnica posiada stopie\u0144 ochrony IP4X, kt\u00f3ry uniemo\u017cliwia przedostanie si\u0119 cia\u0142 obcych lub szkodnik\u00f3w.<\/p>\n<p>Zaawansowane monitorowanie i sterowanie: Opcjonalna integracja z dodatkowymi urz\u0105dzeniami monitoruj\u0105cymi bezpiecze\u0144stwo systemu poprzez autodiagnostyk\u0119 umo\u017cliwia zdalne sterowanie, telemetri\u0119 i regulacje w systemie.<\/p>\n<p>Zgodno\u015b\u0107 z normami Rozdzielnica jest zgodna z normami GB3906, GB\/T1022, DL404 i IEC62271-1. Przesz\u0142a ona og\u00f3lne testy wysoko\u015bciowe na 3000 m n.p.m. oraz testy kompatybilno\u015bci elektromagnetycznej w potwierdzonych warunkach w okre\u015blonych laboratoriach sprz\u0119tu wysokonapi\u0119ciowego.<\/p>\n<p>To po\u0142\u0105czenie wytrzyma\u0142o\u015bci, bezpiecze\u0144stwa i najnowocze\u015bniejszej in\u017cynierii w obudowie metalowej zapewnia odpowiednie rozwi\u0105zania dla szerokiego zakresu zastosowa\u0144 przy \u015brednim napi\u0119ciu. Dzi\u0119ki temu systemy zasilania \u015bredniego napi\u0119cia b\u0119d\u0105 mia\u0142y solidn\u0105 platform\u0119 do niezawodnej i bezpiecznej pracy.<\/p>\n<h2>Specyfikacja techniczna<\/h2>\n<p><img decoding=\"async\" class=\"alignnone wp-image-1895 size-full\" src=\"https:\/\/www.jy-electric.com\/wp-content\/uploads\/2024\/10\/Distribution-Cabinets-Metal-Clad.webp\" alt=\"Szafy dystrybucyjne metalowe\" width=\"1292\" height=\"573\" srcset=\"https:\/\/www.jyiele.com\/wp-content\/uploads\/2024\/10\/Distribution-Cabinets-Metal-Clad.webp 1292w, https:\/\/www.jyiele.com\/wp-content\/uploads\/2024\/10\/Distribution-Cabinets-Metal-Clad-300x133.webp 300w, https:\/\/www.jyiele.com\/wp-content\/uploads\/2024\/10\/Distribution-Cabinets-Metal-Clad-1024x454.webp 1024w, https:\/\/www.jyiele.com\/wp-content\/uploads\/2024\/10\/Distribution-Cabinets-Metal-Clad-768x341.webp 768w, https:\/\/www.jyiele.com\/wp-content\/uploads\/2024\/10\/Distribution-Cabinets-Metal-Clad-18x8.webp 18w, https:\/\/www.jyiele.com\/wp-content\/uploads\/2024\/10\/Distribution-Cabinets-Metal-Clad-600x266.webp 600w\" sizes=\"(max-width: 1292px) 100vw, 1292px\" \/><\/p>\n<p><img decoding=\"async\" class=\"alignnone wp-image-1894 size-full\" src=\"https:\/\/www.jy-electric.com\/wp-content\/uploads\/2024\/10\/metal-clad-switchgear-Meaning.webp\" alt=\"rozdzielnica z obudow\u0105 metalow\u0105 Znaczenie\" width=\"1254\" height=\"670\" srcset=\"https:\/\/www.jyiele.com\/wp-content\/uploads\/2024\/10\/metal-clad-switchgear-Meaning.webp 1254w, https:\/\/www.jyiele.com\/wp-content\/uploads\/2024\/10\/metal-clad-switchgear-Meaning-300x160.webp 300w, https:\/\/www.jyiele.com\/wp-content\/uploads\/2024\/10\/metal-clad-switchgear-Meaning-1024x547.webp 1024w, https:\/\/www.jyiele.com\/wp-content\/uploads\/2024\/10\/metal-clad-switchgear-Meaning-768x410.webp 768w, https:\/\/www.jyiele.com\/wp-content\/uploads\/2024\/10\/metal-clad-switchgear-Meaning-18x10.webp 18w, https:\/\/www.jyiele.com\/wp-content\/uploads\/2024\/10\/metal-clad-switchgear-Meaning-600x321.webp 600w\" sizes=\"(max-width: 1254px) 100vw, 1254px\" \/><\/p>\n<h2>Wymiar konturu (mm)<\/h2>\n<p><img loading=\"lazy\" decoding=\"async\" class=\"alignnone wp-image-1896 size-full\" src=\"https:\/\/www.jy-electric.com\/wp-content\/uploads\/2024\/10\/Distribution-Cabinets.webp\" alt=\"Szafy dystrybucyjne\" width=\"1300\" height=\"142\" srcset=\"https:\/\/www.jyiele.com\/wp-content\/uploads\/2024\/10\/Distribution-Cabinets.webp 1300w, https:\/\/www.jyiele.com\/wp-content\/uploads\/2024\/10\/Distribution-Cabinets-300x33.webp 300w, https:\/\/www.jyiele.com\/wp-content\/uploads\/2024\/10\/Distribution-Cabinets-1024x112.webp 1024w, https:\/\/www.jyiele.com\/wp-content\/uploads\/2024\/10\/Distribution-Cabinets-768x84.webp 768w, https:\/\/www.jyiele.com\/wp-content\/uploads\/2024\/10\/Distribution-Cabinets-18x2.webp 18w, https:\/\/www.jyiele.com\/wp-content\/uploads\/2024\/10\/Distribution-Cabinets-600x66.webp 600w\" sizes=\"(max-width: 1300px) 100vw, 1300px\" \/><\/p>","protected":false},"excerpt":{"rendered":"<p>The <strong>KYN28-12KV wysuwana rozdzielnica wn\u0119trzowa AC w obudowie metalowej<\/strong> jest wysokiej jako\u015bci i wytrzyma\u0142a do u\u017cytku w 3-fazowych sieciach pr\u0105du przemiennego 50 Hz przy docelowych poziomach napi\u0119cia od 3,6 kV do 12 kV. Dzi\u0119ki kr\u00f3tkiemu lub wewn\u0119trznemu podej\u015bciu, obca technologia zapewnia tej rozdzielnicy najnowocze\u015bniejsz\u0105 wydajno\u015b\u0107 i ochron\u0119 w trudnych warunkach. Rozdzielnica jest produkowana jako zamkni\u0119ta, opancerzona konstrukcja, precyzyjnie zaprojektowana przy u\u017cyciu obr\u00f3bki CNC w celu zwi\u0119kszenia wytrzyma\u0142o\u015bci i niezawodno\u015bci. Jest ona opracowywana z my\u015bl\u0105 o bezpiecze\u0144stwie. Wszystkie konstrukcje odporne na \u0142uk elektryczny, silne blokady i systemy wysokiej ochrony s\u0105 przyj\u0119te i zgodne z mi\u0119dzynarodowymi standardami. Urz\u0105dzenie przesz\u0142o testy kompatybilno\u015bci elektromagnetycznej i testy plateau na wysoko\u015bci 3000 m.<\/p>","protected":false},"featured_media":1890,"template":"","meta":{"site-sidebar-layout":"default","site-content-layout":"","ast-site-content-layout":"default","site-content-style":"default","site-sidebar-style":"default","ast-global-header-display":"","ast-banner-title-visibility":"","ast-main-header-display":"","ast-hfb-above-header-display":"","ast-hfb-below-header-display":"","ast-hfb-mobile-header-display":"","site-post-title":"","ast-breadcrumbs-content":"","ast-featured-img":"","footer-sml-layout":"","ast-disable-related-posts":"","theme-transparent-header-meta":"default","adv-header-id-meta":"","stick-header-meta":"","header-above-stick-meta":"","header-main-stick-meta":"","header-below-stick-meta":"","astra-migrate-meta-layouts":"set","ast-page-background-enabled":"default","ast-page-background-meta":{"desktop":{"background-color":"var(--ast-global-color-4)","background-image":"","background-repeat":"repeat","background-position":"center center","background-size":"auto","background-attachment":"scroll","background-type":"","background-media":"","overlay-type":"","overlay-color":"","overlay-opacity":"","overlay-gradient":""},"tablet":{"background-color":"","background-image":"","background-repeat":"repeat","background-position":"center center","background-size":"auto","background-attachment":"scroll","background-type":"","background-media":"","overlay-type":"","overlay-color":"","overlay-opacity":"","overlay-gradient":""},"mobile":{"background-color":"","background-image":"","background-repeat":"repeat","background-position":"center center","background-size":"auto","background-attachment":"scroll","background-type":"","background-media":"","overlay-type":"","overlay-color":"","overlay-opacity":"","overlay-gradient":""}},"ast-content-background-meta":{"desktop":{"background-color":"var(--ast-global-color-5)","background-image":"","background-repeat":"repeat","background-position":"center center","background-size":"auto","background-attachment":"scroll","background-type":"","background-media":"","overlay-type":"","overlay-color":"","overlay-opacity":"","overlay-gradient":""},"tablet":{"background-color":"var(--ast-global-color-5)","background-image":"","background-repeat":"repeat","background-position":"center center","background-size":"auto","background-attachment":"scroll","background-type":"","background-media":"","overlay-type":"","overlay-color":"","overlay-opacity":"","overlay-gradient":""},"mobile":{"background-color":"var(--ast-global-color-5)","background-image":"","background-repeat":"repeat","background-position":"center center","background-size":"auto","background-attachment":"scroll","background-type":"","background-media":"","overlay-type":"","overlay-color":"","overlay-opacity":"","overlay-gradient":""}}},"product_brand":[],"product_cat":[26],"product_tag":[],"class_list":{"0":"post-1888","1":"product","2":"type-product","3":"status-publish","4":"has-post-thumbnail","6":"product_cat-vacuum-circuit-breaker","7":"desktop-align-left","8":"tablet-align-left","9":"mobile-align-left","11":"first","12":"instock","13":"shipping-taxable","14":"product-type-simple"},"yoast_head":"<!-- This site is optimized with the Yoast SEO plugin v24.8.1 - https:\/\/yoast.com\/wordpress\/plugins\/seo\/ -->\n<title>KYN28-12KV Metal-clad Switchgear: Advanced, Reliable, Arc-proof<\/title>\n<meta name=\"description\" content=\"Discover the KYN28-12KV removable metal-clad switchgear, designed for 3.6~12kV networks. Offers arc-proof design, advanced protection, and compliance with global standards.\" \/>\n<meta name=\"robots\" content=\"index, follow, max-snippet:-1, max-image-preview:large, max-video-preview:-1\" \/>\n<link rel=\"canonical\" href=\"https:\/\/www.jyiele.com\/pl\/product\/ac-distribution-cabinets-metal-clad-switchgear-enclosed-kyn28-12kv\/\" \/>\n<meta property=\"og:locale\" content=\"pl_PL\" \/>\n<meta property=\"og:type\" content=\"article\" \/>\n<meta property=\"og:title\" content=\"KYN28-12KV Metal-clad Switchgear: Advanced, Reliable, Arc-proof\" \/>\n<meta property=\"og:description\" content=\"Discover the KYN28-12KV removable metal-clad switchgear, designed for 3.6~12kV networks. Offers arc-proof design, advanced protection, and compliance with global standards.\" \/>\n<meta property=\"og:url\" content=\"https:\/\/www.jyiele.com\/pl\/product\/ac-distribution-cabinets-metal-clad-switchgear-enclosed-kyn28-12kv\/\" \/>\n<meta property=\"og:site_name\" content=\"JYIELE\" \/>\n<meta property=\"article:modified_time\" content=\"2025-03-09T11:39:25+00:00\" \/>\n<meta property=\"og:image\" content=\"https:\/\/www.jyiele.com\/wp-content\/uploads\/2024\/10\/Distribution-Cabinets-Metal-Clad-Switchgear-Kyn28-12Kv.webp\" \/>\n\t<meta property=\"og:image:width\" content=\"800\" \/>\n\t<meta property=\"og:image:height\" content=\"800\" \/>\n\t<meta property=\"og:image:type\" content=\"image\/webp\" \/>\n<meta name=\"twitter:card\" content=\"summary_large_image\" \/>\n<meta name=\"twitter:label1\" content=\"Szacowany czas czytania\" \/>\n\t<meta name=\"twitter:data1\" content=\"4 minuty\" \/>\n<script type=\"application\/ld+json\" class=\"yoast-schema-graph\">{\"@context\":\"https:\/\/schema.org\",\"@graph\":[{\"@type\":\"WebPage\",\"@id\":\"https:\/\/www.jyiele.com\/product\/ac-distribution-cabinets-metal-clad-switchgear-enclosed-kyn28-12kv\/\",\"url\":\"https:\/\/www.jyiele.com\/product\/ac-distribution-cabinets-metal-clad-switchgear-enclosed-kyn28-12kv\/\",\"name\":\"KYN28-12KV Metal-clad Switchgear: Advanced, Reliable, Arc-proof\",\"isPartOf\":{\"@id\":\"https:\/\/www.jyiele.com\/#website\"},\"primaryImageOfPage\":{\"@id\":\"https:\/\/www.jyiele.com\/product\/ac-distribution-cabinets-metal-clad-switchgear-enclosed-kyn28-12kv\/#primaryimage\"},\"image\":{\"@id\":\"https:\/\/www.jyiele.com\/product\/ac-distribution-cabinets-metal-clad-switchgear-enclosed-kyn28-12kv\/#primaryimage\"},\"thumbnailUrl\":\"https:\/\/www.jyiele.com\/wp-content\/uploads\/2024\/10\/Distribution-Cabinets-Metal-Clad-Switchgear-Kyn28-12Kv.webp\",\"datePublished\":\"2022-10-11T13:06:57+00:00\",\"dateModified\":\"2025-03-09T11:39:25+00:00\",\"description\":\"Discover the KYN28-12KV removable metal-clad switchgear, designed for 3.6~12kV networks. Offers arc-proof design, advanced protection, and compliance with global standards.\",\"breadcrumb\":{\"@id\":\"https:\/\/www.jyiele.com\/product\/ac-distribution-cabinets-metal-clad-switchgear-enclosed-kyn28-12kv\/#breadcrumb\"},\"inLanguage\":\"pl-PL\",\"potentialAction\":[{\"@type\":\"ReadAction\",\"target\":[\"https:\/\/www.jyiele.com\/product\/ac-distribution-cabinets-metal-clad-switchgear-enclosed-kyn28-12kv\/\"]}]},{\"@type\":\"ImageObject\",\"inLanguage\":\"pl-PL\",\"@id\":\"https:\/\/www.jyiele.com\/product\/ac-distribution-cabinets-metal-clad-switchgear-enclosed-kyn28-12kv\/#primaryimage\",\"url\":\"https:\/\/www.jyiele.com\/wp-content\/uploads\/2024\/10\/Distribution-Cabinets-Metal-Clad-Switchgear-Kyn28-12Kv.webp\",\"contentUrl\":\"https:\/\/www.jyiele.com\/wp-content\/uploads\/2024\/10\/Distribution-Cabinets-Metal-Clad-Switchgear-Kyn28-12Kv.webp\",\"width\":800,\"height\":800,\"caption\":\"Distribution Cabinets Metal-Clad Switchgear Kyn28-12Kv\"},{\"@type\":\"BreadcrumbList\",\"@id\":\"https:\/\/www.jyiele.com\/product\/ac-distribution-cabinets-metal-clad-switchgear-enclosed-kyn28-12kv\/#breadcrumb\",\"itemListElement\":[{\"@type\":\"ListItem\",\"position\":1,\"name\":\"Home\",\"item\":\"https:\/\/www.jyiele.com\/\"},{\"@type\":\"ListItem\",\"position\":2,\"name\":\"Product\",\"item\":\"https:\/\/www.jyiele.com\/product\/\"},{\"@type\":\"ListItem\",\"position\":3,\"name\":\"Vacuum Circuit Breaker\",\"item\":\"https:\/\/www.jyiele.com\/product-category\/vacuum-circuit-breaker\/\"},{\"@type\":\"ListItem\",\"position\":4,\"name\":\"AC Distribution Cabinets Metal-Clad Switchgear Enclosed KYN28-12KV\"}]},{\"@type\":\"WebSite\",\"@id\":\"https:\/\/www.jyiele.com\/#website\",\"url\":\"https:\/\/www.jyiele.com\/\",\"name\":\"JYIELE\",\"description\":\"Vacuum Circuit Breaker manufacturer\",\"publisher\":{\"@id\":\"https:\/\/www.jyiele.com\/#organization\"},\"potentialAction\":[{\"@type\":\"SearchAction\",\"target\":{\"@type\":\"EntryPoint\",\"urlTemplate\":\"https:\/\/www.jyiele.com\/?s={search_term_string}\"},\"query-input\":{\"@type\":\"PropertyValueSpecification\",\"valueRequired\":true,\"valueName\":\"search_term_string\"}}],\"inLanguage\":\"pl-PL\"},{\"@type\":\"Organization\",\"@id\":\"https:\/\/www.jyiele.com\/#organization\",\"name\":\"JYIELE\",\"url\":\"https:\/\/www.jyiele.com\/\",\"logo\":{\"@type\":\"ImageObject\",\"inLanguage\":\"pl-PL\",\"@id\":\"https:\/\/www.jyiele.com\/#\/schema\/logo\/image\/\",\"url\":\"https:\/\/www.jyiele.com\/wp-content\/uploads\/2024\/09\/cropped-jyele-1.webp\",\"contentUrl\":\"https:\/\/www.jyiele.com\/wp-content\/uploads\/2024\/09\/cropped-jyele-1.webp\",\"width\":137,\"height\":60,\"caption\":\"JYIELE\"},\"image\":{\"@id\":\"https:\/\/www.jyiele.com\/#\/schema\/logo\/image\/\"}}]}<\/script>\n<!-- \/ Yoast SEO plugin. -->","yoast_head_json":{"title":"Rozdzielnica KYN28-12KV w obudowie metalowej: Zaawansowane, niezawodne, odporne na wy\u0142adowania \u0142ukowe","description":"Odkryj zdejmowan\u0105 rozdzielnic\u0119 metalow\u0105 KYN28-12KV, zaprojektowan\u0105 dla sieci 3,6~12kV. Oferuje konstrukcj\u0119 odporn\u0105 na \u0142uk elektryczny, zaawansowan\u0105 ochron\u0119 i zgodno\u015b\u0107 z globalnymi standardami.","robots":{"index":"index","follow":"follow","max-snippet":"max-snippet:-1","max-image-preview":"max-image-preview:large","max-video-preview":"max-video-preview:-1"},"canonical":"https:\/\/www.jyiele.com\/pl\/product\/ac-distribution-cabinets-metal-clad-switchgear-enclosed-kyn28-12kv\/","og_locale":"pl_PL","og_type":"article","og_title":"KYN28-12KV Metal-clad Switchgear: Advanced, Reliable, Arc-proof","og_description":"Discover the KYN28-12KV removable metal-clad switchgear, designed for 3.6~12kV networks. Offers arc-proof design, advanced protection, and compliance with global standards.","og_url":"https:\/\/www.jyiele.com\/pl\/product\/ac-distribution-cabinets-metal-clad-switchgear-enclosed-kyn28-12kv\/","og_site_name":"JYIELE","article_modified_time":"2025-03-09T11:39:25+00:00","og_image":[{"width":800,"height":800,"url":"https:\/\/www.jyiele.com\/wp-content\/uploads\/2024\/10\/Distribution-Cabinets-Metal-Clad-Switchgear-Kyn28-12Kv.webp","type":"image\/webp"}],"twitter_card":"summary_large_image","twitter_misc":{"Szacowany czas czytania":"4 minuty"},"schema":{"@context":"https:\/\/schema.org","@graph":[{"@type":"WebPage","@id":"https:\/\/www.jyiele.com\/product\/ac-distribution-cabinets-metal-clad-switchgear-enclosed-kyn28-12kv\/","url":"https:\/\/www.jyiele.com\/product\/ac-distribution-cabinets-metal-clad-switchgear-enclosed-kyn28-12kv\/","name":"Rozdzielnica KYN28-12KV w obudowie metalowej: Zaawansowane, niezawodne, odporne na wy\u0142adowania \u0142ukowe","isPartOf":{"@id":"https:\/\/www.jyiele.com\/#website"},"primaryImageOfPage":{"@id":"https:\/\/www.jyiele.com\/product\/ac-distribution-cabinets-metal-clad-switchgear-enclosed-kyn28-12kv\/#primaryimage"},"image":{"@id":"https:\/\/www.jyiele.com\/product\/ac-distribution-cabinets-metal-clad-switchgear-enclosed-kyn28-12kv\/#primaryimage"},"thumbnailUrl":"https:\/\/www.jyiele.com\/wp-content\/uploads\/2024\/10\/Distribution-Cabinets-Metal-Clad-Switchgear-Kyn28-12Kv.webp","datePublished":"2022-10-11T13:06:57+00:00","dateModified":"2025-03-09T11:39:25+00:00","description":"Odkryj zdejmowan\u0105 rozdzielnic\u0119 metalow\u0105 KYN28-12KV, zaprojektowan\u0105 dla sieci 3,6~12kV. Oferuje konstrukcj\u0119 odporn\u0105 na \u0142uk elektryczny, zaawansowan\u0105 ochron\u0119 i zgodno\u015b\u0107 z globalnymi standardami.","breadcrumb":{"@id":"https:\/\/www.jyiele.com\/product\/ac-distribution-cabinets-metal-clad-switchgear-enclosed-kyn28-12kv\/#breadcrumb"},"inLanguage":"pl-PL","potentialAction":[{"@type":"ReadAction","target":["https:\/\/www.jyiele.com\/product\/ac-distribution-cabinets-metal-clad-switchgear-enclosed-kyn28-12kv\/"]}]},{"@type":"ImageObject","inLanguage":"pl-PL","@id":"https:\/\/www.jyiele.com\/product\/ac-distribution-cabinets-metal-clad-switchgear-enclosed-kyn28-12kv\/#primaryimage","url":"https:\/\/www.jyiele.com\/wp-content\/uploads\/2024\/10\/Distribution-Cabinets-Metal-Clad-Switchgear-Kyn28-12Kv.webp","contentUrl":"https:\/\/www.jyiele.com\/wp-content\/uploads\/2024\/10\/Distribution-Cabinets-Metal-Clad-Switchgear-Kyn28-12Kv.webp","width":800,"height":800,"caption":"Distribution Cabinets Metal-Clad Switchgear Kyn28-12Kv"},{"@type":"BreadcrumbList","@id":"https:\/\/www.jyiele.com\/product\/ac-distribution-cabinets-metal-clad-switchgear-enclosed-kyn28-12kv\/#breadcrumb","itemListElement":[{"@type":"ListItem","position":1,"name":"Home","item":"https:\/\/www.jyiele.com\/"},{"@type":"ListItem","position":2,"name":"Product","item":"https:\/\/www.jyiele.com\/product\/"},{"@type":"ListItem","position":3,"name":"Vacuum Circuit Breaker","item":"https:\/\/www.jyiele.com\/product-category\/vacuum-circuit-breaker\/"},{"@type":"ListItem","position":4,"name":"AC Distribution Cabinets Metal-Clad Switchgear Enclosed KYN28-12KV"}]},{"@type":"WebSite","@id":"https:\/\/www.jyiele.com\/#website","url":"https:\/\/www.jyiele.com\/","name":"JYIELE","description":"Producent wy\u0142\u0105cznik\u00f3w pr\u00f3\u017cniowych","publisher":{"@id":"https:\/\/www.jyiele.com\/#organization"},"potentialAction":[{"@type":"SearchAction","target":{"@type":"EntryPoint","urlTemplate":"https:\/\/www.jyiele.com\/?s={search_term_string}"},"query-input":{"@type":"PropertyValueSpecification","valueRequired":true,"valueName":"search_term_string"}}],"inLanguage":"pl-PL"},{"@type":"Organization","@id":"https:\/\/www.jyiele.com\/#organization","name":"JYIELE","url":"https:\/\/www.jyiele.com\/","logo":{"@type":"ImageObject","inLanguage":"pl-PL","@id":"https:\/\/www.jyiele.com\/#\/schema\/logo\/image\/","url":"https:\/\/www.jyiele.com\/wp-content\/uploads\/2024\/09\/cropped-jyele-1.webp","contentUrl":"https:\/\/www.jyiele.com\/wp-content\/uploads\/2024\/09\/cropped-jyele-1.webp","width":137,"height":60,"caption":"JYIELE"},"image":{"@id":"https:\/\/www.jyiele.com\/#\/schema\/logo\/image\/"}}]}},"_links":{"self":[{"href":"https:\/\/www.jyiele.com\/pl\/wp-json\/wp\/v2\/product\/1888","targetHints":{"allow":["GET"]}}],"collection":[{"href":"https:\/\/www.jyiele.com\/pl\/wp-json\/wp\/v2\/product"}],"about":[{"href":"https:\/\/www.jyiele.com\/pl\/wp-json\/wp\/v2\/types\/product"}],"version-history":[{"count":4,"href":"https:\/\/www.jyiele.com\/pl\/wp-json\/wp\/v2\/product\/1888\/revisions"}],"predecessor-version":[{"id":1897,"href":"https:\/\/www.jyiele.com\/pl\/wp-json\/wp\/v2\/product\/1888\/revisions\/1897"}],"wp:featuredmedia":[{"embeddable":true,"href":"https:\/\/www.jyiele.com\/pl\/wp-json\/wp\/v2\/media\/1890"}],"wp:attachment":[{"href":"https:\/\/www.jyiele.com\/pl\/wp-json\/wp\/v2\/media?parent=1888"}],"wp:term":[{"taxonomy":"product_brand","embeddable":true,"href":"https:\/\/www.jyiele.com\/pl\/wp-json\/wp\/v2\/product_brand?post=1888"},{"taxonomy":"product_cat","embeddable":true,"href":"https:\/\/www.jyiele.com\/pl\/wp-json\/wp\/v2\/product_cat?post=1888"},{"taxonomy":"product_tag","embeddable":true,"href":"https:\/\/www.jyiele.com\/pl\/wp-json\/wp\/v2\/product_tag?post=1888"}],"curies":[{"name":"wp","href":"https:\/\/api.w.org\/{rel}","templated":true}]}}