{"id":19,"date":"2022-09-07T08:57:09","date_gmt":"2022-09-07T08:57:09","guid":{"rendered":"http:\/\/jyiele.com\/?post_type=product&#038;p=19"},"modified":"2025-03-09T11:39:06","modified_gmt":"2025-03-09T11:39:06","slug":"three-station-indoor-vacuum-ckt-breaker","status":"publish","type":"product","link":"https:\/\/www.jyiele.com\/pl\/product\/three-station-indoor-vacuum-ckt-breaker\/","title":{"rendered":"BQVN-12GD Trzystanowiskowy wewn\u0119trzny wy\u0142\u0105cznik pr\u00f3\u017cniowy"},"content":{"rendered":"<h2>Profil produktu<\/h2>\n<p>Ten tr\u00f3jpozycyjny wy\u0142\u0105cznik pr\u00f3\u017cniowy \u0142\u0105czy w sobie wy\u0142\u0105cznik pr\u00f3\u017cniowy, roz\u0142\u0105cznik, uziemnik i czujnik w jednym urz\u0105dzeniu. Jego montowana z boku konstrukcja jest zgodna z trendem miniaturyzacji i mie\u015bci si\u0119 w szafach o wymiarach 450 \u00d7 1000 \u00d7 1800. Nadaje si\u0119 do sieci \u015bredniego napi\u0119cia 6-12 kV. Zaprojektowany w ten spos\u00f3b wy\u0142\u0105cznik ma doskona\u0142e w\u0142a\u015bciwo\u015bci elektryczne i mechaniczne, niezawodn\u0105 i stabiln\u0105 konstrukcj\u0119 oraz wymaga niewielkiej konserwacji.<\/p>\n<p>Obecnie dost\u0119pne s\u0105 dwa modele: BQVN-12GD\/630-25 oraz BQVN-12GD\/1250-31.5.<\/p>\n<p>Tradycyjne rozdzielnice wysokiego napi\u0119cia, takie jak XGN2 lub XGN66, wymagaj\u0105 oddzielnej instalacji od\u0142\u0105cznik\u00f3w, wy\u0142\u0105cznik\u00f3w pr\u00f3\u017cniowych, uziemnik\u00f3w, czujnik\u00f3w i mechanicznych urz\u0105dze\u0144 blokuj\u0105cych w ca\u0142ym zak\u0142adzie, co jest z\u0142o\u017conym i czasoch\u0142onnym procesem. Dzi\u0119ki temu nowemu produktowi, wyposa\u017conemu w wielofunkcyjny wy\u0142\u0105cznik pr\u00f3\u017cniowy ze zintegrowan\u0105 stacj\u0105 od\u0142\u0105czaj\u0105c\u0105, stacj\u0105 wy\u0142\u0105cznika i stacj\u0105 uziemiaj\u0105c\u0105, instalacja jest prostsza, szybsza i \u0142atwiejsza.<\/p>\n<p>Podczas u\u017cytkowania mo\u017ce by\u0107 obs\u0142ugiwany r\u0119cznie lub elektrycznie:<\/p>\n<h2>Obs\u0142uga r\u0119czna:<\/h2>\n<p>U\u017cyj specjalnego uchwytu do magazynowania energii.<br \/>\nZAMKNIJ: Naci\u015bnij przycisk zamykania (w przypadku blokady zamykania lub urz\u0105dzenia podnapi\u0119ciowego nale\u017cy najpierw w\u0142\u0105czy\u0107 zasilanie obwodu wt\u00f3rnego).<br \/>\nOtw\u00f3rz: Naci\u015bnij przycisk otwierania.<\/p>\n<h2>Obs\u0142uga za pomoc\u0105 silnika:<\/h2>\n<p>Gdy obw\u00f3d wt\u00f3rny jest zasilany, urz\u0105dzenie magazynuj\u0105ce energi\u0119 automatycznie gromadzi energi\u0119.<br \/>\nZAMKNIJ: Naci\u015bnij przycisk zamykania w obwodzie sterowania.<br \/>\nOtwarte: naci\u015bnij przycisk od\u0142\u0105czania w obwodzie sterowania.<br \/>\nPodczas sprawdzania wy\u0142\u0105cznika pr\u00f3\u017cniowego wysokiego napi\u0119cia nale\u017cy zwr\u00f3ci\u0107 uwag\u0119 na nast\u0119puj\u0105ce punkty:<\/p>\n<p>Podczas u\u017cywania wy\u0142\u0105cznika pr\u00f3\u017cniowego do sprawdzania elektryczno\u015bci, kto\u015b musi obs\u0142ugiwa\u0107, a jedna osoba musi nadzorowa\u0107.<br \/>\nOperator znajduje si\u0119 z przodu, a opiekun z ty\u0142u.<br \/>\nNale\u017cy zwr\u00f3ci\u0107 uwag\u0119 na poziom napi\u0119cia urz\u0105dze\u0144 elektrycznych, aby zapewni\u0107 ich bezpieczne dzia\u0142anie.<br \/>\nNie wystawiaj wy\u0142\u0105cznika na dzia\u0142anie gor\u0105cego s\u0142o\u0144ca, przechowuj go w suchym i wentylowanym miejscu oraz unikaj kontaktu z \u017cr\u0105cymi chemikaliami.<br \/>\nCz\u0119\u015b\u0107 izolowana to cz\u0119\u015b\u0107 od metalowej \u015bruby \u0142\u0105cz\u0105cej w dolnej cz\u0119\u015bci wska\u017anika do ko\u0144ca pier\u015bcienia ochronnego; cz\u0119\u015b\u0107 chwytaj\u0105ca to cz\u0119\u015b\u0107 poni\u017cej pier\u015bcienia ochronnego, a d\u0142ugo\u015b\u0107 tych cz\u0119\u015bci b\u0119dzie si\u0119 r\u00f3\u017cni\u0107 w zale\u017cno\u015bci od poziomu napi\u0119cia.<br \/>\nWysokonapi\u0119ciowe wy\u0142\u0105czniki pr\u00f3\u017cniowe powinny by\u0107 produkowane i u\u017cywane wy\u0142\u0105cznie w normalny spos\u00f3b, aby zapewni\u0107 bezpieczne dzia\u0142anie systemu.<\/p>\n<p>Testowanie sprz\u0119tu wymagaj\u0105cego weryfikacji elektrycznej.<br \/>\nPodczas weryfikacji elektrycznej linii wielowarstwowych zainstalowanych na tym samym s\u0142upie, niskie napi\u0119cie powinno by\u0107 testowane przed wysokim napi\u0119ciem, a dolna warstwa przed g\u00f3rn\u0105.<br \/>\nUnikaj silnych wibracji lub uderze\u0144 podczas przechowywania i transportu, nie reguluj i nie demontuj do woli oraz nie u\u017cywaj go w deszczow\u0105 lub \u015bnie\u017cn\u0105 pogod\u0119, aby nie wp\u0142ywa\u0107 na wydajno\u015b\u0107 izolacji.<\/p>","protected":false},"excerpt":{"rendered":"<p>Ten tr\u00f3jpozycyjny wy\u0142\u0105cznik pr\u00f3\u017cniowy wysokiego napi\u0119cia do zastosowa\u0144 wewn\u0119trznych doskonale sprawdza si\u0119 zar\u00f3wno pod wzgl\u0119dem w\u0142a\u015bciwo\u015bci elektrycznych, jak i mechanicznych, charakteryzuj\u0105c si\u0119 stabiln\u0105 konstrukcj\u0105 i d\u0142ug\u0105 \u017cywotno\u015bci\u0105. Wykorzystuje sta\u0142e bieguny uszczelniaj\u0105ce w obwodzie g\u0142\u00f3wnym, co pozwala wy\u0142\u0105cznikowi lepiej dostosowa\u0107 si\u0119 do \u015brodowiska i poprawi\u0107 niezawodno\u015b\u0107 izolacji.<\/p>","protected":false},"featured_media":1217,"template":"","meta":{"site-sidebar-layout":"default","site-content-layout":"","ast-site-content-layout":"default","site-content-style":"default","site-sidebar-style":"default","ast-global-header-display":"","ast-banner-title-visibility":"","ast-main-header-display":"","ast-hfb-above-header-display":"","ast-hfb-below-header-display":"","ast-hfb-mobile-header-display":"","site-post-title":"","ast-breadcrumbs-content":"","ast-featured-img":"","footer-sml-layout":"","ast-disable-related-posts":"","theme-transparent-header-meta":"default","adv-header-id-meta":"","stick-header-meta":"","header-above-stick-meta":"","header-main-stick-meta":"","header-below-stick-meta":"","astra-migrate-meta-layouts":"set","ast-page-background-enabled":"default","ast-page-background-meta":{"desktop":{"background-color":"var(--ast-global-color-4)","background-image":"","background-repeat":"repeat","background-position":"center center","background-size":"auto","background-attachment":"scroll","background-type":"","background-media":"","overlay-type":"","overlay-color":"","overlay-opacity":"","overlay-gradient":""},"tablet":{"background-color":"","background-image":"","background-repeat":"repeat","background-position":"center center","background-size":"auto","background-attachment":"scroll","background-type":"","background-media":"","overlay-type":"","overlay-color":"","overlay-opacity":"","overlay-gradient":""},"mobile":{"background-color":"","background-image":"","background-repeat":"repeat","background-position":"center center","background-size":"auto","background-attachment":"scroll","background-type":"","background-media":"","overlay-type":"","overlay-color":"","overlay-opacity":"","overlay-gradient":""}},"ast-content-background-meta":{"desktop":{"background-color":"var(--ast-global-color-5)","background-image":"","background-repeat":"repeat","background-position":"center center","background-size":"auto","background-attachment":"scroll","background-type":"","background-media":"","overlay-type":"","overlay-color":"","overlay-opacity":"","overlay-gradient":""},"tablet":{"background-color":"var(--ast-global-color-5)","background-image":"","background-repeat":"repeat","background-position":"center center","background-size":"auto","background-attachment":"scroll","background-type":"","background-media":"","overlay-type":"","overlay-color":"","overlay-opacity":"","overlay-gradient":""},"mobile":{"background-color":"var(--ast-global-color-5)","background-image":"","background-repeat":"repeat","background-position":"center center","background-size":"auto","background-attachment":"scroll","background-type":"","background-media":"","overlay-type":"","overlay-color":"","overlay-opacity":"","overlay-gradient":""}}},"product_brand":[],"product_cat":[26],"product_tag":[],"class_list":{"0":"post-19","1":"product","2":"type-product","3":"status-publish","4":"has-post-thumbnail","6":"product_cat-vacuum-circuit-breaker","7":"desktop-align-left","8":"tablet-align-left","9":"mobile-align-left","11":"first","12":"instock","13":"virtual","14":"product-type-simple"},"yoast_head":"<!-- This site is optimized with the Yoast SEO plugin v24.8.1 - https:\/\/yoast.com\/wordpress\/plugins\/seo\/ -->\n<title>Indoor Vacuum Circuit Breaker | Three-Station Switchgear Solution - JYIELE<\/title>\n<meta name=\"description\" content=\"Explore the JYIELE indoor vacuum circuit breaker, featuring three stations for efficient electrical control and protection. Built for reliability and performance, this breaker ensures seamless operation in indoor environments, providing essential circuit protection for various applications.\" \/>\n<meta name=\"robots\" content=\"index, follow, max-snippet:-1, max-image-preview:large, max-video-preview:-1\" \/>\n<link rel=\"canonical\" href=\"https:\/\/www.jyiele.com\/pl\/product\/three-station-indoor-vacuum-ckt-breaker\/\" \/>\n<meta property=\"og:locale\" content=\"pl_PL\" \/>\n<meta property=\"og:type\" content=\"article\" \/>\n<meta property=\"og:title\" content=\"Indoor Vacuum Circuit Breaker | Three-Station Switchgear Solution - JYIELE\" \/>\n<meta property=\"og:description\" content=\"Explore the JYIELE indoor vacuum circuit breaker, featuring three stations for efficient electrical control and protection. Built for reliability and performance, this breaker ensures seamless operation in indoor environments, providing essential circuit protection for various applications.\" \/>\n<meta property=\"og:url\" content=\"https:\/\/www.jyiele.com\/pl\/product\/three-station-indoor-vacuum-ckt-breaker\/\" \/>\n<meta property=\"og:site_name\" content=\"JYIELE\" \/>\n<meta property=\"article:modified_time\" content=\"2025-03-09T11:39:06+00:00\" \/>\n<meta property=\"og:image\" content=\"https:\/\/www.jyiele.com\/wp-content\/uploads\/2020\/04\/three-station-indoor-vacuum-ckt-breaker.webp\" \/>\n\t<meta property=\"og:image:width\" content=\"600\" \/>\n\t<meta property=\"og:image:height\" content=\"600\" \/>\n\t<meta property=\"og:image:type\" content=\"image\/webp\" \/>\n<meta name=\"twitter:card\" content=\"summary_large_image\" \/>\n<meta name=\"twitter:label1\" content=\"Szacowany czas czytania\" \/>\n\t<meta name=\"twitter:data1\" content=\"3 minuty\" \/>\n<script type=\"application\/ld+json\" class=\"yoast-schema-graph\">{\"@context\":\"https:\/\/schema.org\",\"@graph\":[{\"@type\":\"WebPage\",\"@id\":\"https:\/\/www.jyiele.com\/product\/three-station-indoor-vacuum-ckt-breaker\/\",\"url\":\"https:\/\/www.jyiele.com\/product\/three-station-indoor-vacuum-ckt-breaker\/\",\"name\":\"Indoor Vacuum Circuit Breaker | Three-Station Switchgear Solution - JYIELE\",\"isPartOf\":{\"@id\":\"https:\/\/www.jyiele.com\/#website\"},\"primaryImageOfPage\":{\"@id\":\"https:\/\/www.jyiele.com\/product\/three-station-indoor-vacuum-ckt-breaker\/#primaryimage\"},\"image\":{\"@id\":\"https:\/\/www.jyiele.com\/product\/three-station-indoor-vacuum-ckt-breaker\/#primaryimage\"},\"thumbnailUrl\":\"https:\/\/www.jyiele.com\/wp-content\/uploads\/2020\/04\/three-station-indoor-vacuum-ckt-breaker.webp\",\"datePublished\":\"2022-09-07T08:57:09+00:00\",\"dateModified\":\"2025-03-09T11:39:06+00:00\",\"description\":\"Explore the JYIELE indoor vacuum circuit breaker, featuring three stations for efficient electrical control and protection. Built for reliability and performance, this breaker ensures seamless operation in indoor environments, providing essential circuit protection for various applications.\",\"breadcrumb\":{\"@id\":\"https:\/\/www.jyiele.com\/product\/three-station-indoor-vacuum-ckt-breaker\/#breadcrumb\"},\"inLanguage\":\"pl-PL\",\"potentialAction\":[{\"@type\":\"ReadAction\",\"target\":[\"https:\/\/www.jyiele.com\/product\/three-station-indoor-vacuum-ckt-breaker\/\"]}]},{\"@type\":\"ImageObject\",\"inLanguage\":\"pl-PL\",\"@id\":\"https:\/\/www.jyiele.com\/product\/three-station-indoor-vacuum-ckt-breaker\/#primaryimage\",\"url\":\"https:\/\/www.jyiele.com\/wp-content\/uploads\/2020\/04\/three-station-indoor-vacuum-ckt-breaker.webp\",\"contentUrl\":\"https:\/\/www.jyiele.com\/wp-content\/uploads\/2020\/04\/three-station-indoor-vacuum-ckt-breaker.webp\",\"width\":600,\"height\":600,\"caption\":\"three-station-indoor-vacuum-ckt-breaker\"},{\"@type\":\"BreadcrumbList\",\"@id\":\"https:\/\/www.jyiele.com\/product\/three-station-indoor-vacuum-ckt-breaker\/#breadcrumb\",\"itemListElement\":[{\"@type\":\"ListItem\",\"position\":1,\"name\":\"Home\",\"item\":\"https:\/\/www.jyiele.com\/\"},{\"@type\":\"ListItem\",\"position\":2,\"name\":\"Product\",\"item\":\"https:\/\/www.jyiele.com\/product\/\"},{\"@type\":\"ListItem\",\"position\":3,\"name\":\"Vacuum Circuit Breaker\",\"item\":\"https:\/\/www.jyiele.com\/product-category\/vacuum-circuit-breaker\/\"},{\"@type\":\"ListItem\",\"position\":4,\"name\":\"BQVN-12GD Three Station Indoor Vacuum Ckt Breaker\"}]},{\"@type\":\"WebSite\",\"@id\":\"https:\/\/www.jyiele.com\/#website\",\"url\":\"https:\/\/www.jyiele.com\/\",\"name\":\"JYIELE\",\"description\":\"Vacuum Circuit Breaker manufacturer\",\"publisher\":{\"@id\":\"https:\/\/www.jyiele.com\/#organization\"},\"potentialAction\":[{\"@type\":\"SearchAction\",\"target\":{\"@type\":\"EntryPoint\",\"urlTemplate\":\"https:\/\/www.jyiele.com\/?s={search_term_string}\"},\"query-input\":{\"@type\":\"PropertyValueSpecification\",\"valueRequired\":true,\"valueName\":\"search_term_string\"}}],\"inLanguage\":\"pl-PL\"},{\"@type\":\"Organization\",\"@id\":\"https:\/\/www.jyiele.com\/#organization\",\"name\":\"JYIELE\",\"url\":\"https:\/\/www.jyiele.com\/\",\"logo\":{\"@type\":\"ImageObject\",\"inLanguage\":\"pl-PL\",\"@id\":\"https:\/\/www.jyiele.com\/#\/schema\/logo\/image\/\",\"url\":\"https:\/\/www.jyiele.com\/wp-content\/uploads\/2024\/09\/cropped-jyele-1.webp\",\"contentUrl\":\"https:\/\/www.jyiele.com\/wp-content\/uploads\/2024\/09\/cropped-jyele-1.webp\",\"width\":137,\"height\":60,\"caption\":\"JYIELE\"},\"image\":{\"@id\":\"https:\/\/www.jyiele.com\/#\/schema\/logo\/image\/\"}}]}<\/script>\n<!-- \/ Yoast SEO plugin. -->","yoast_head_json":{"title":"Wewn\u0119trzny wy\u0142\u0105cznik pr\u00f3\u017cniowy | Trzystanowiskowe rozwi\u0105zanie rozdzielcze - JYIELE","description":"Poznaj wewn\u0119trzny wy\u0142\u0105cznik pr\u00f3\u017cniowy JYIELE, wyposa\u017cony w trzy stacje zapewniaj\u0105ce wydajn\u0105 kontrol\u0119 i ochron\u0119 elektryczn\u0105. Zbudowany z my\u015bl\u0105 o niezawodno\u015bci i wydajno\u015bci, wy\u0142\u0105cznik ten zapewnia p\u0142ynn\u0105 prac\u0119 w \u015brodowiskach wewn\u0119trznych, zapewniaj\u0105c niezb\u0119dn\u0105 ochron\u0119 obwod\u00f3w w r\u00f3\u017cnych zastosowaniach.","robots":{"index":"index","follow":"follow","max-snippet":"max-snippet:-1","max-image-preview":"max-image-preview:large","max-video-preview":"max-video-preview:-1"},"canonical":"https:\/\/www.jyiele.com\/pl\/product\/three-station-indoor-vacuum-ckt-breaker\/","og_locale":"pl_PL","og_type":"article","og_title":"Indoor Vacuum Circuit Breaker | Three-Station Switchgear Solution - JYIELE","og_description":"Explore the JYIELE indoor vacuum circuit breaker, featuring three stations for efficient electrical control and protection. Built for reliability and performance, this breaker ensures seamless operation in indoor environments, providing essential circuit protection for various applications.","og_url":"https:\/\/www.jyiele.com\/pl\/product\/three-station-indoor-vacuum-ckt-breaker\/","og_site_name":"JYIELE","article_modified_time":"2025-03-09T11:39:06+00:00","og_image":[{"width":600,"height":600,"url":"https:\/\/www.jyiele.com\/wp-content\/uploads\/2020\/04\/three-station-indoor-vacuum-ckt-breaker.webp","type":"image\/webp"}],"twitter_card":"summary_large_image","twitter_misc":{"Szacowany czas czytania":"3 minuty"},"schema":{"@context":"https:\/\/schema.org","@graph":[{"@type":"WebPage","@id":"https:\/\/www.jyiele.com\/product\/three-station-indoor-vacuum-ckt-breaker\/","url":"https:\/\/www.jyiele.com\/product\/three-station-indoor-vacuum-ckt-breaker\/","name":"Wewn\u0119trzny wy\u0142\u0105cznik pr\u00f3\u017cniowy | Trzystanowiskowe rozwi\u0105zanie rozdzielcze - JYIELE","isPartOf":{"@id":"https:\/\/www.jyiele.com\/#website"},"primaryImageOfPage":{"@id":"https:\/\/www.jyiele.com\/product\/three-station-indoor-vacuum-ckt-breaker\/#primaryimage"},"image":{"@id":"https:\/\/www.jyiele.com\/product\/three-station-indoor-vacuum-ckt-breaker\/#primaryimage"},"thumbnailUrl":"https:\/\/www.jyiele.com\/wp-content\/uploads\/2020\/04\/three-station-indoor-vacuum-ckt-breaker.webp","datePublished":"2022-09-07T08:57:09+00:00","dateModified":"2025-03-09T11:39:06+00:00","description":"Poznaj wewn\u0119trzny wy\u0142\u0105cznik pr\u00f3\u017cniowy JYIELE, wyposa\u017cony w trzy stacje zapewniaj\u0105ce wydajn\u0105 kontrol\u0119 i ochron\u0119 elektryczn\u0105. Zbudowany z my\u015bl\u0105 o niezawodno\u015bci i wydajno\u015bci, wy\u0142\u0105cznik ten zapewnia p\u0142ynn\u0105 prac\u0119 w \u015brodowiskach wewn\u0119trznych, zapewniaj\u0105c niezb\u0119dn\u0105 ochron\u0119 obwod\u00f3w w r\u00f3\u017cnych zastosowaniach.","breadcrumb":{"@id":"https:\/\/www.jyiele.com\/product\/three-station-indoor-vacuum-ckt-breaker\/#breadcrumb"},"inLanguage":"pl-PL","potentialAction":[{"@type":"ReadAction","target":["https:\/\/www.jyiele.com\/product\/three-station-indoor-vacuum-ckt-breaker\/"]}]},{"@type":"ImageObject","inLanguage":"pl-PL","@id":"https:\/\/www.jyiele.com\/product\/three-station-indoor-vacuum-ckt-breaker\/#primaryimage","url":"https:\/\/www.jyiele.com\/wp-content\/uploads\/2020\/04\/three-station-indoor-vacuum-ckt-breaker.webp","contentUrl":"https:\/\/www.jyiele.com\/wp-content\/uploads\/2020\/04\/three-station-indoor-vacuum-ckt-breaker.webp","width":600,"height":600,"caption":"three-station-indoor-vacuum-ckt-breaker"},{"@type":"BreadcrumbList","@id":"https:\/\/www.jyiele.com\/product\/three-station-indoor-vacuum-ckt-breaker\/#breadcrumb","itemListElement":[{"@type":"ListItem","position":1,"name":"Home","item":"https:\/\/www.jyiele.com\/"},{"@type":"ListItem","position":2,"name":"Product","item":"https:\/\/www.jyiele.com\/product\/"},{"@type":"ListItem","position":3,"name":"Vacuum Circuit Breaker","item":"https:\/\/www.jyiele.com\/product-category\/vacuum-circuit-breaker\/"},{"@type":"ListItem","position":4,"name":"BQVN-12GD Three Station Indoor Vacuum Ckt Breaker"}]},{"@type":"WebSite","@id":"https:\/\/www.jyiele.com\/#website","url":"https:\/\/www.jyiele.com\/","name":"JYIELE","description":"Producent wy\u0142\u0105cznik\u00f3w pr\u00f3\u017cniowych","publisher":{"@id":"https:\/\/www.jyiele.com\/#organization"},"potentialAction":[{"@type":"SearchAction","target":{"@type":"EntryPoint","urlTemplate":"https:\/\/www.jyiele.com\/?s={search_term_string}"},"query-input":{"@type":"PropertyValueSpecification","valueRequired":true,"valueName":"search_term_string"}}],"inLanguage":"pl-PL"},{"@type":"Organization","@id":"https:\/\/www.jyiele.com\/#organization","name":"JYIELE","url":"https:\/\/www.jyiele.com\/","logo":{"@type":"ImageObject","inLanguage":"pl-PL","@id":"https:\/\/www.jyiele.com\/#\/schema\/logo\/image\/","url":"https:\/\/www.jyiele.com\/wp-content\/uploads\/2024\/09\/cropped-jyele-1.webp","contentUrl":"https:\/\/www.jyiele.com\/wp-content\/uploads\/2024\/09\/cropped-jyele-1.webp","width":137,"height":60,"caption":"JYIELE"},"image":{"@id":"https:\/\/www.jyiele.com\/#\/schema\/logo\/image\/"}}]}},"_links":{"self":[{"href":"https:\/\/www.jyiele.com\/pl\/wp-json\/wp\/v2\/product\/19","targetHints":{"allow":["GET"]}}],"collection":[{"href":"https:\/\/www.jyiele.com\/pl\/wp-json\/wp\/v2\/product"}],"about":[{"href":"https:\/\/www.jyiele.com\/pl\/wp-json\/wp\/v2\/types\/product"}],"version-history":[{"count":1,"href":"https:\/\/www.jyiele.com\/pl\/wp-json\/wp\/v2\/product\/19\/revisions"}],"predecessor-version":[{"id":1483,"href":"https:\/\/www.jyiele.com\/pl\/wp-json\/wp\/v2\/product\/19\/revisions\/1483"}],"wp:featuredmedia":[{"embeddable":true,"href":"https:\/\/www.jyiele.com\/pl\/wp-json\/wp\/v2\/media\/1217"}],"wp:attachment":[{"href":"https:\/\/www.jyiele.com\/pl\/wp-json\/wp\/v2\/media?parent=19"}],"wp:term":[{"taxonomy":"product_brand","embeddable":true,"href":"https:\/\/www.jyiele.com\/pl\/wp-json\/wp\/v2\/product_brand?post=19"},{"taxonomy":"product_cat","embeddable":true,"href":"https:\/\/www.jyiele.com\/pl\/wp-json\/wp\/v2\/product_cat?post=19"},{"taxonomy":"product_tag","embeddable":true,"href":"https:\/\/www.jyiele.com\/pl\/wp-json\/wp\/v2\/product_tag?post=19"}],"curies":[{"name":"wp","href":"https:\/\/api.w.org\/{rel}","templated":true}]}}