{"id":1979,"date":"2024-11-13T10:10:11","date_gmt":"2024-11-13T10:10:11","guid":{"rendered":"https:\/\/www.jy-electric.com\/?post_type=product&#038;p=1979"},"modified":"2025-03-09T11:42:05","modified_gmt":"2025-03-09T11:42:05","slug":"1000vdc-30a-solar-panel-electrical-connectors-ip67","status":"publish","type":"product","link":"https:\/\/www.jyiele.com\/pl\/product\/1000vdc-30a-solar-panel-electrical-connectors-ip67\/","title":{"rendered":"1000VDC 30A Z\u0142\u0105cza elektryczne do paneli s\u0142onecznych IP67 Wodoodporne PV-HCA30"},"content":{"rendered":"<h2>Cechy i zalety<\/h2>\n<p>Konstrukcja Safety-Lock: Wykorzystuje \u0142atwy zatrzaskowy mechanizm blokuj\u0105cy dla mocnego i niezawodnego po\u0142\u0105czenia; szybka i \u0142atwa instalacja z wieloma z\u0142\u0105czami solarnymi.<br \/>\nMateria\u0142 silikonowy o wysokiej g\u0119sto\u015bci: Odporno\u015b\u0107 na ciep\u0142o, ognioodporno\u015b\u0107, funkcje wodoodporno\u015bci i py\u0142oszczelno\u015bci przyczyniaj\u0105 si\u0119 do d\u0142ugiego dzia\u0142ania w trudnych warunkach.<br \/>\nFunkcja wodoodporno\u015bci i py\u0142oszczelno\u015bci: Wyposa\u017cony w wodoodporne gumowe pier\u015bcienie o wysokiej g\u0119sto\u015bci, doskona\u0142\u0105 jako\u015b\u0107 materia\u0142\u00f3w silikonowych, stopie\u0144 ochrony IP67 dla zr\u00f3\u017cnicowanych warunk\u00f3w pogodowych.<br \/>\nZag\u0119szczony miedziany rdze\u0144: Lutowany miedziany rdze\u0144 charakteryzuje si\u0119 doskona\u0142\u0105 przewodno\u015bci\u0105 i odporno\u015bci\u0105 na utlenianie. Rezystancja styku mo\u017ce wynosi\u0107 zaledwie 0,5 m\u03a9, co gwarantuje wydajn\u0105 transmisj\u0119 pr\u0105du.<br \/>\nObs\u0142uga wysokiego napi\u0119cia znamionowego i pr\u0105du: Z\u0142\u0105cze charakteryzuje si\u0119 wysokim napi\u0119ciem znamionowym do 1000 V DC i wysokim pr\u0105dem znamionowym do 45 A, dzi\u0119ki czemu idealnie nadaje si\u0119 do instalacji fotowoltaicznych na du\u017c\u0105 skal\u0119.<br \/>\nSzeroki zakres temperatur pracy: Dzia\u0142a w temperaturze od -40\u00b0C do +90\u00b0C, a maksymalna temperatura mo\u017ce osi\u0105gn\u0105\u0107 +105\u00b0C, dzi\u0119ki czemu mo\u017cna go dostosowa\u0107 do r\u00f3\u017cnych warunk\u00f3w \u015brodowiskowych.<br \/>\nWysoka ognioodporno\u015b\u0107: Obejmuje ognioodporno\u015b\u0107 klasy UL-94-V0, a zatem spe\u0142nia wymagania bezpiecze\u0144stwa w \u015brodowiskach o wysokiej temperaturze lub podatnych na ogie\u0144.<\/p>\n<h2>Parametr produktu<\/h2>\n<figure class=\"wp-block-table\">\n<div class=\"scroll\">\n<table>\n<tbody>\n<tr>\n<td>Nr seryjny.<\/td>\n<td>Parametr<\/td>\n<td>Parametr<\/td>\n<\/tr>\n<tr>\n<td>1<\/td>\n<td>Typ<\/td>\n<td>Z\u0142\u0105cze fotowoltaiczne<\/td>\n<\/tr>\n<tr>\n<td>2<\/td>\n<td>Napi\u0119cie znamionowe<\/td>\n<td>1000 V DC<\/td>\n<\/tr>\n<tr>\n<td>3<\/td>\n<td>Pr\u0105d znamionowy<\/td>\n<td>45A (2,5\/4\/6mm2,14\/12\/10AWG)<\/td>\n<\/tr>\n<tr>\n<td>4<\/td>\n<td>Napi\u0119cie testowe<\/td>\n<td>8000V (50Hz, 1min)<\/td>\n<\/tr>\n<tr>\n<td>5<\/td>\n<td>Zakres temperatur<\/td>\n<td>-40\u00b0C ...+90\u00b0C<\/td>\n<\/tr>\n<tr>\n<td>6<\/td>\n<td>G\u00f3rna temperatura graniczna<\/td>\n<td>+105\u00b0C<\/td>\n<\/tr>\n<tr>\n<td>7<\/td>\n<td>Stopie\u0144 ochrony<\/td>\n<td>IP2X\/ IP68<\/td>\n<\/tr>\n<tr>\n<td>8<\/td>\n<td>Rezystancja styku z\u0142\u0105czy wtykowych<\/td>\n<td>0,5 m\u03a9<\/td>\n<\/tr>\n<tr>\n<td>9<\/td>\n<td>Klasa bezpiecze\u0144stwa<\/td>\n<td>\u2161<\/td>\n<\/tr>\n<tr>\n<td>10<\/td>\n<td>Materia\u0142 kontaktowy<\/td>\n<td>Mied\u017a, ocynowana<\/td>\n<\/tr>\n<tr>\n<td>11<\/td>\n<td>Materia\u0142 izolacyjny<\/td>\n<td>PPO<\/td>\n<\/tr>\n<tr>\n<td>12<\/td>\n<td>Si\u0142a wycofuj\u0105ca\/si\u0142a wprowadzaj\u0105ca<\/td>\n<td>\u226550N\/\u226450N<\/td>\n<\/tr>\n<tr>\n<td>13<\/td>\n<td>System blokuj\u0105cy<\/td>\n<td>Zatrzask<\/td>\n<\/tr>\n<tr>\n<td>14<\/td>\n<td>Klasa p\u0142omienia<\/td>\n<td>UL-94-V0<\/td>\n<\/tr>\n<\/tbody>\n<\/table>\n<\/div>\n<\/figure>\n<figure class=\"wp-block-image size-full is-resized\"><img fetchpriority=\"high\" decoding=\"async\" class=\"alignnone wp-image-1983\" src=\"https:\/\/www.jy-electric.com\/wp-content\/uploads\/2024\/10\/30A-Solar-PV-Connector-Male-And-Female-294x300.webp\" alt=\"Z\u0142\u0105cze fotowoltaiczne 30A m\u0119skie i \u017ce\u0144skie\" width=\"450\" height=\"459\" srcset=\"https:\/\/www.jyiele.com\/wp-content\/uploads\/2024\/10\/30A-Solar-PV-Connector-Male-And-Female-294x300.webp 294w, https:\/\/www.jyiele.com\/wp-content\/uploads\/2024\/10\/30A-Solar-PV-Connector-Male-And-Female-12x12.webp 12w, https:\/\/www.jyiele.com\/wp-content\/uploads\/2024\/10\/30A-Solar-PV-Connector-Male-And-Female-600x613.webp 600w, https:\/\/www.jyiele.com\/wp-content\/uploads\/2024\/10\/30A-Solar-PV-Connector-Male-And-Female.webp 671w\" sizes=\"(max-width: 450px) 100vw, 450px\" \/><\/figure>\n<h2>G\u0142\u00f3wne aplikacje<\/h2>\n<p><strong>Z\u0142\u0105cza elektryczne panelu s\u0142onecznego<\/strong> mo\u017ce by\u0107 stosowany w szerokim zakresie zastosowa\u0144 w fotowoltaicznych systemach wytwarzania energii, w tym mi\u0119dzy innymi w nast\u0119puj\u0105cych scenariuszach:<\/p>\n<p>Mieszkaniowe systemy energii s\u0142onecznej: B\u0119d\u0105 one wykorzystywane w po\u0142\u0105czeniach paneli s\u0142onecznych na dachu z sieci\u0105 lub falownikiem w celu konwersji i przesy\u0142ania energii.<\/p>\n<p>Komercyjne elektrownie s\u0142oneczne: Z\u0142\u0105cza te znajd\u0105 zastosowanie na du\u017c\u0105 skal\u0119 w projektach zwi\u0105zanych z energi\u0105 s\u0142oneczn\u0105, kt\u00f3re \u0142\u0105cz\u0105 panele s\u0142oneczne w celu efektywnego przesy\u0142u energii.<\/p>\n<p>Przemys\u0142owe aplikacje solarne: Z\u0142\u0105cza elektryczne paneli s\u0142onecznych mog\u0105 by\u0107 stosowane w przemys\u0142owych elektrowniach s\u0142onecznych i systemach zasilanych energi\u0105 s\u0142oneczn\u0105.<\/p>\n<h2>Konserwacja i piel\u0119gnacja<\/h2>\n<p>\u2666 Regularna kontrola: Regularnie sprawdzaj rezystancj\u0119 styku z\u0142\u0105cza, aby upewni\u0107 si\u0119, \u017ce jego przewodno\u015b\u0107 mie\u015bci si\u0119 w normalnym zakresie.<br \/>\nCzyszczenie wodoodpornych pier\u015bcieni gumowych: Wodoodporne pier\u015bcienie gumowe nale\u017cy cz\u0119sto czy\u015bci\u0107, poniewa\u017c gromadz\u0105cy si\u0119 na nich kurz lub inne cz\u0105steczki mog\u0105 zak\u0142\u00f3ca\u0107 uszczelnienie.<br \/>\nSprawd\u017a blokad\u0119 bezpiecze\u0144stwa: Sprawd\u017a stabilno\u015b\u0107 mechanizmu blokuj\u0105cego, aby zapewni\u0107 niezawodno\u015b\u0107 po\u0142\u0105cze\u0144 nawet po pewnym czasie.<br \/>\n\u2666 Przed instalacj\u0105 nale\u017cy zwr\u00f3ci\u0107 uwag\u0119 na prawid\u0142owe pod\u0142\u0105czenie zacisk\u00f3w dodatnich i ujemnych, aby unikn\u0105\u0107 b\u0142\u0119d\u00f3w polaryzacji systemu, kt\u00f3re mog\u0105 prowadzi\u0107 do nieprawid\u0142owego dzia\u0142ania.<br \/>\nChroni\u0107 przed s\u0142o\u0144cem i deszczem: W miar\u0119 mo\u017cliwo\u015bci nale\u017cy unika\u0107 silnego nas\u0142onecznienia i deszczu, aby wyd\u0142u\u017cy\u0107 \u017cywotno\u015b\u0107 z\u0142\u0105cza.<br \/>\nPost\u0119puj\u0105c zgodnie z opisanymi poni\u017cej krokami, mo\u017cna przed\u0142u\u017cy\u0107 \u017cywotno\u015b\u0107 z\u0142\u0105czy elektrycznych paneli s\u0142onecznych, aby zapewni\u0107 stabilno\u015b\u0107 systemu fotowoltaicznego.<\/p>","protected":false},"excerpt":{"rendered":"<p><strong>Z\u0142\u0105cza elektryczne paneli s\u0142onecznych<\/strong> s\u0105 wa\u017cnymi elementami systemu fotowoltaicznego. Zosta\u0142y zaprojektowane do \u0142\u0105czenia paneli s\u0142onecznych z kontrolerami, falownikami i innymi instalacjami w celu zapewnienia maksymalnej mocy wyj\u015bciowej. To z\u0142\u0105cze 1000VDC 30A jest zaprojektowane zar\u00f3wno w wersji m\u0119skiej, jak i \u017ce\u0144skiej, wodoodporne IP 67 i spe\u0142nia najwy\u017csze mo\u017cliwe standardy. Posiada konstrukcj\u0119 PV-HCA30 o doskona\u0142ej odporno\u015bci na ciep\u0142o, wodoodporno\u015b\u0107 i py\u0142oszczelno\u015b\u0107, dzi\u0119ki czemu nadaje si\u0119 do instalacji i konserwacji w r\u00f3\u017cnych typach system\u00f3w fotowoltaicznych.<\/p>","protected":false},"featured_media":1986,"template":"","meta":{"site-sidebar-layout":"default","site-content-layout":"","ast-site-content-layout":"default","site-content-style":"default","site-sidebar-style":"default","ast-global-header-display":"","ast-banner-title-visibility":"","ast-main-header-display":"","ast-hfb-above-header-display":"","ast-hfb-below-header-display":"","ast-hfb-mobile-header-display":"","site-post-title":"","ast-breadcrumbs-content":"","ast-featured-img":"","footer-sml-layout":"","ast-disable-related-posts":"","theme-transparent-header-meta":"default","adv-header-id-meta":"","stick-header-meta":"","header-above-stick-meta":"","header-main-stick-meta":"","header-below-stick-meta":"","astra-migrate-meta-layouts":"set","ast-page-background-enabled":"default","ast-page-background-meta":{"desktop":{"background-color":"var(--ast-global-color-4)","background-image":"","background-repeat":"repeat","background-position":"center center","background-size":"auto","background-attachment":"scroll","background-type":"","background-media":"","overlay-type":"","overlay-color":"","overlay-opacity":"","overlay-gradient":""},"tablet":{"background-color":"","background-image":"","background-repeat":"repeat","background-position":"center center","background-size":"auto","background-attachment":"scroll","background-type":"","background-media":"","overlay-type":"","overlay-color":"","overlay-opacity":"","overlay-gradient":""},"mobile":{"background-color":"","background-image":"","background-repeat":"repeat","background-position":"center center","background-size":"auto","background-attachment":"scroll","background-type":"","background-media":"","overlay-type":"","overlay-color":"","overlay-opacity":"","overlay-gradient":""}},"ast-content-background-meta":{"desktop":{"background-color":"var(--ast-global-color-5)","background-image":"","background-repeat":"repeat","background-position":"center center","background-size":"auto","background-attachment":"scroll","background-type":"","background-media":"","overlay-type":"","overlay-color":"","overlay-opacity":"","overlay-gradient":""},"tablet":{"background-color":"var(--ast-global-color-5)","background-image":"","background-repeat":"repeat","background-position":"center center","background-size":"auto","background-attachment":"scroll","background-type":"","background-media":"","overlay-type":"","overlay-color":"","overlay-opacity":"","overlay-gradient":""},"mobile":{"background-color":"var(--ast-global-color-5)","background-image":"","background-repeat":"repeat","background-position":"center center","background-size":"auto","background-attachment":"scroll","background-type":"","background-media":"","overlay-type":"","overlay-color":"","overlay-opacity":"","overlay-gradient":""}}},"product_brand":[],"product_cat":[19],"product_tag":[],"class_list":{"0":"post-1979","1":"product","2":"type-product","3":"status-publish","4":"has-post-thumbnail","6":"product_cat-mc4-connector","7":"desktop-align-left","8":"tablet-align-left","9":"mobile-align-left","11":"first","12":"instock","13":"shipping-taxable","14":"product-type-simple"},"yoast_head":"<!-- This site is optimized with the Yoast SEO plugin v24.8.1 - https:\/\/yoast.com\/wordpress\/plugins\/seo\/ -->\n<title>Solar Panel Electrical Connectors Manufacturer Form China<\/title>\n<meta name=\"description\" content=\"Durable solar panel electrical connectors, IP67 waterproof rating, and heat resistance. Ideal for efficient, safe solar power system connections.\" \/>\n<meta name=\"robots\" content=\"index, follow, max-snippet:-1, max-image-preview:large, max-video-preview:-1\" \/>\n<link rel=\"canonical\" href=\"https:\/\/www.jyiele.com\/pl\/product\/1000vdc-30a-solar-panel-electrical-connectors-ip67\/\" \/>\n<meta property=\"og:locale\" content=\"pl_PL\" \/>\n<meta property=\"og:type\" content=\"article\" \/>\n<meta property=\"og:title\" content=\"Solar Panel Electrical Connectors Manufacturer Form China\" \/>\n<meta property=\"og:description\" content=\"Durable solar panel electrical connectors, IP67 waterproof rating, and heat resistance. Ideal for efficient, safe solar power system connections.\" \/>\n<meta property=\"og:url\" content=\"https:\/\/www.jyiele.com\/pl\/product\/1000vdc-30a-solar-panel-electrical-connectors-ip67\/\" \/>\n<meta property=\"og:site_name\" content=\"JYIELE\" \/>\n<meta property=\"article:modified_time\" content=\"2025-03-09T11:42:05+00:00\" \/>\n<meta property=\"og:image\" content=\"https:\/\/www.jyiele.com\/wp-content\/uploads\/2024\/10\/1000VDC-30A-Solar-Panel-Electrical-Connectors-IP67.webp\" \/>\n\t<meta property=\"og:image:width\" content=\"800\" \/>\n\t<meta property=\"og:image:height\" content=\"800\" \/>\n\t<meta property=\"og:image:type\" content=\"image\/webp\" \/>\n<meta name=\"twitter:card\" content=\"summary_large_image\" \/>\n<meta name=\"twitter:label1\" content=\"Szacowany czas czytania\" \/>\n\t<meta name=\"twitter:data1\" content=\"3 minuty\" \/>\n<script type=\"application\/ld+json\" class=\"yoast-schema-graph\">{\"@context\":\"https:\/\/schema.org\",\"@graph\":[{\"@type\":\"WebPage\",\"@id\":\"https:\/\/www.jyiele.com\/product\/1000vdc-30a-solar-panel-electrical-connectors-ip67\/\",\"url\":\"https:\/\/www.jyiele.com\/product\/1000vdc-30a-solar-panel-electrical-connectors-ip67\/\",\"name\":\"Solar Panel Electrical Connectors Manufacturer Form China\",\"isPartOf\":{\"@id\":\"https:\/\/www.jyiele.com\/#website\"},\"primaryImageOfPage\":{\"@id\":\"https:\/\/www.jyiele.com\/product\/1000vdc-30a-solar-panel-electrical-connectors-ip67\/#primaryimage\"},\"image\":{\"@id\":\"https:\/\/www.jyiele.com\/product\/1000vdc-30a-solar-panel-electrical-connectors-ip67\/#primaryimage\"},\"thumbnailUrl\":\"https:\/\/www.jyiele.com\/wp-content\/uploads\/2024\/10\/1000VDC-30A-Solar-Panel-Electrical-Connectors-IP67.webp\",\"datePublished\":\"2024-11-13T10:10:11+00:00\",\"dateModified\":\"2025-03-09T11:42:05+00:00\",\"description\":\"Durable solar panel electrical connectors, IP67 waterproof rating, and heat resistance. Ideal for efficient, safe solar power system connections.\",\"breadcrumb\":{\"@id\":\"https:\/\/www.jyiele.com\/product\/1000vdc-30a-solar-panel-electrical-connectors-ip67\/#breadcrumb\"},\"inLanguage\":\"pl-PL\",\"potentialAction\":[{\"@type\":\"ReadAction\",\"target\":[\"https:\/\/www.jyiele.com\/product\/1000vdc-30a-solar-panel-electrical-connectors-ip67\/\"]}]},{\"@type\":\"ImageObject\",\"inLanguage\":\"pl-PL\",\"@id\":\"https:\/\/www.jyiele.com\/product\/1000vdc-30a-solar-panel-electrical-connectors-ip67\/#primaryimage\",\"url\":\"https:\/\/www.jyiele.com\/wp-content\/uploads\/2024\/10\/1000VDC-30A-Solar-Panel-Electrical-Connectors-IP67.webp\",\"contentUrl\":\"https:\/\/www.jyiele.com\/wp-content\/uploads\/2024\/10\/1000VDC-30A-Solar-Panel-Electrical-Connectors-IP67.webp\",\"width\":800,\"height\":800,\"caption\":\"1000VDC 30A Solar Panel Electrical Connectors IP67\"},{\"@type\":\"BreadcrumbList\",\"@id\":\"https:\/\/www.jyiele.com\/product\/1000vdc-30a-solar-panel-electrical-connectors-ip67\/#breadcrumb\",\"itemListElement\":[{\"@type\":\"ListItem\",\"position\":1,\"name\":\"Home\",\"item\":\"https:\/\/www.jyiele.com\/\"},{\"@type\":\"ListItem\",\"position\":2,\"name\":\"Product\",\"item\":\"https:\/\/www.jyiele.com\/product\/\"},{\"@type\":\"ListItem\",\"position\":3,\"name\":\"MC4 Connector\",\"item\":\"https:\/\/www.jyiele.com\/product-category\/mc4-connector\/\"},{\"@type\":\"ListItem\",\"position\":4,\"name\":\"1000VDC 30A Solar Panel Electrical Connectors IP67 Waterproof PV-HCA30\"}]},{\"@type\":\"WebSite\",\"@id\":\"https:\/\/www.jyiele.com\/#website\",\"url\":\"https:\/\/www.jyiele.com\/\",\"name\":\"JYIELE\",\"description\":\"Vacuum Circuit Breaker manufacturer\",\"publisher\":{\"@id\":\"https:\/\/www.jyiele.com\/#organization\"},\"potentialAction\":[{\"@type\":\"SearchAction\",\"target\":{\"@type\":\"EntryPoint\",\"urlTemplate\":\"https:\/\/www.jyiele.com\/?s={search_term_string}\"},\"query-input\":{\"@type\":\"PropertyValueSpecification\",\"valueRequired\":true,\"valueName\":\"search_term_string\"}}],\"inLanguage\":\"pl-PL\"},{\"@type\":\"Organization\",\"@id\":\"https:\/\/www.jyiele.com\/#organization\",\"name\":\"JYIELE\",\"url\":\"https:\/\/www.jyiele.com\/\",\"logo\":{\"@type\":\"ImageObject\",\"inLanguage\":\"pl-PL\",\"@id\":\"https:\/\/www.jyiele.com\/#\/schema\/logo\/image\/\",\"url\":\"https:\/\/www.jyiele.com\/wp-content\/uploads\/2024\/09\/cropped-jyele-1.webp\",\"contentUrl\":\"https:\/\/www.jyiele.com\/wp-content\/uploads\/2024\/09\/cropped-jyele-1.webp\",\"width\":137,\"height\":60,\"caption\":\"JYIELE\"},\"image\":{\"@id\":\"https:\/\/www.jyiele.com\/#\/schema\/logo\/image\/\"}}]}<\/script>\n<!-- \/ Yoast SEO plugin. -->","yoast_head_json":{"title":"Producent z\u0142\u0105czy elektrycznych do paneli s\u0142onecznych z Chin","description":"Wytrzyma\u0142e z\u0142\u0105cza elektryczne do paneli s\u0142onecznych, klasa wodoodporno\u015bci IP67 i odporno\u015b\u0107 na ciep\u0142o. Idealne do wydajnego i bezpiecznego pod\u0142\u0105czania system\u00f3w solarnych.","robots":{"index":"index","follow":"follow","max-snippet":"max-snippet:-1","max-image-preview":"max-image-preview:large","max-video-preview":"max-video-preview:-1"},"canonical":"https:\/\/www.jyiele.com\/pl\/product\/1000vdc-30a-solar-panel-electrical-connectors-ip67\/","og_locale":"pl_PL","og_type":"article","og_title":"Solar Panel Electrical Connectors Manufacturer Form China","og_description":"Durable solar panel electrical connectors, IP67 waterproof rating, and heat resistance. Ideal for efficient, safe solar power system connections.","og_url":"https:\/\/www.jyiele.com\/pl\/product\/1000vdc-30a-solar-panel-electrical-connectors-ip67\/","og_site_name":"JYIELE","article_modified_time":"2025-03-09T11:42:05+00:00","og_image":[{"width":800,"height":800,"url":"https:\/\/www.jyiele.com\/wp-content\/uploads\/2024\/10\/1000VDC-30A-Solar-Panel-Electrical-Connectors-IP67.webp","type":"image\/webp"}],"twitter_card":"summary_large_image","twitter_misc":{"Szacowany czas czytania":"3 minuty"},"schema":{"@context":"https:\/\/schema.org","@graph":[{"@type":"WebPage","@id":"https:\/\/www.jyiele.com\/product\/1000vdc-30a-solar-panel-electrical-connectors-ip67\/","url":"https:\/\/www.jyiele.com\/product\/1000vdc-30a-solar-panel-electrical-connectors-ip67\/","name":"Producent z\u0142\u0105czy elektrycznych do paneli s\u0142onecznych z Chin","isPartOf":{"@id":"https:\/\/www.jyiele.com\/#website"},"primaryImageOfPage":{"@id":"https:\/\/www.jyiele.com\/product\/1000vdc-30a-solar-panel-electrical-connectors-ip67\/#primaryimage"},"image":{"@id":"https:\/\/www.jyiele.com\/product\/1000vdc-30a-solar-panel-electrical-connectors-ip67\/#primaryimage"},"thumbnailUrl":"https:\/\/www.jyiele.com\/wp-content\/uploads\/2024\/10\/1000VDC-30A-Solar-Panel-Electrical-Connectors-IP67.webp","datePublished":"2024-11-13T10:10:11+00:00","dateModified":"2025-03-09T11:42:05+00:00","description":"Wytrzyma\u0142e z\u0142\u0105cza elektryczne do paneli s\u0142onecznych, klasa wodoodporno\u015bci IP67 i odporno\u015b\u0107 na ciep\u0142o. Idealne do wydajnego i bezpiecznego pod\u0142\u0105czania system\u00f3w solarnych.","breadcrumb":{"@id":"https:\/\/www.jyiele.com\/product\/1000vdc-30a-solar-panel-electrical-connectors-ip67\/#breadcrumb"},"inLanguage":"pl-PL","potentialAction":[{"@type":"ReadAction","target":["https:\/\/www.jyiele.com\/product\/1000vdc-30a-solar-panel-electrical-connectors-ip67\/"]}]},{"@type":"ImageObject","inLanguage":"pl-PL","@id":"https:\/\/www.jyiele.com\/product\/1000vdc-30a-solar-panel-electrical-connectors-ip67\/#primaryimage","url":"https:\/\/www.jyiele.com\/wp-content\/uploads\/2024\/10\/1000VDC-30A-Solar-Panel-Electrical-Connectors-IP67.webp","contentUrl":"https:\/\/www.jyiele.com\/wp-content\/uploads\/2024\/10\/1000VDC-30A-Solar-Panel-Electrical-Connectors-IP67.webp","width":800,"height":800,"caption":"1000VDC 30A Solar Panel Electrical Connectors IP67"},{"@type":"BreadcrumbList","@id":"https:\/\/www.jyiele.com\/product\/1000vdc-30a-solar-panel-electrical-connectors-ip67\/#breadcrumb","itemListElement":[{"@type":"ListItem","position":1,"name":"Home","item":"https:\/\/www.jyiele.com\/"},{"@type":"ListItem","position":2,"name":"Product","item":"https:\/\/www.jyiele.com\/product\/"},{"@type":"ListItem","position":3,"name":"MC4 Connector","item":"https:\/\/www.jyiele.com\/product-category\/mc4-connector\/"},{"@type":"ListItem","position":4,"name":"1000VDC 30A Solar Panel Electrical Connectors IP67 Waterproof PV-HCA30"}]},{"@type":"WebSite","@id":"https:\/\/www.jyiele.com\/#website","url":"https:\/\/www.jyiele.com\/","name":"JYIELE","description":"Producent wy\u0142\u0105cznik\u00f3w pr\u00f3\u017cniowych","publisher":{"@id":"https:\/\/www.jyiele.com\/#organization"},"potentialAction":[{"@type":"SearchAction","target":{"@type":"EntryPoint","urlTemplate":"https:\/\/www.jyiele.com\/?s={search_term_string}"},"query-input":{"@type":"PropertyValueSpecification","valueRequired":true,"valueName":"search_term_string"}}],"inLanguage":"pl-PL"},{"@type":"Organization","@id":"https:\/\/www.jyiele.com\/#organization","name":"JYIELE","url":"https:\/\/www.jyiele.com\/","logo":{"@type":"ImageObject","inLanguage":"pl-PL","@id":"https:\/\/www.jyiele.com\/#\/schema\/logo\/image\/","url":"https:\/\/www.jyiele.com\/wp-content\/uploads\/2024\/09\/cropped-jyele-1.webp","contentUrl":"https:\/\/www.jyiele.com\/wp-content\/uploads\/2024\/09\/cropped-jyele-1.webp","width":137,"height":60,"caption":"JYIELE"},"image":{"@id":"https:\/\/www.jyiele.com\/#\/schema\/logo\/image\/"}}]}},"_links":{"self":[{"href":"https:\/\/www.jyiele.com\/pl\/wp-json\/wp\/v2\/product\/1979","targetHints":{"allow":["GET"]}}],"collection":[{"href":"https:\/\/www.jyiele.com\/pl\/wp-json\/wp\/v2\/product"}],"about":[{"href":"https:\/\/www.jyiele.com\/pl\/wp-json\/wp\/v2\/types\/product"}],"version-history":[{"count":4,"href":"https:\/\/www.jyiele.com\/pl\/wp-json\/wp\/v2\/product\/1979\/revisions"}],"predecessor-version":[{"id":1987,"href":"https:\/\/www.jyiele.com\/pl\/wp-json\/wp\/v2\/product\/1979\/revisions\/1987"}],"wp:featuredmedia":[{"embeddable":true,"href":"https:\/\/www.jyiele.com\/pl\/wp-json\/wp\/v2\/media\/1986"}],"wp:attachment":[{"href":"https:\/\/www.jyiele.com\/pl\/wp-json\/wp\/v2\/media?parent=1979"}],"wp:term":[{"taxonomy":"product_brand","embeddable":true,"href":"https:\/\/www.jyiele.com\/pl\/wp-json\/wp\/v2\/product_brand?post=1979"},{"taxonomy":"product_cat","embeddable":true,"href":"https:\/\/www.jyiele.com\/pl\/wp-json\/wp\/v2\/product_cat?post=1979"},{"taxonomy":"product_tag","embeddable":true,"href":"https:\/\/www.jyiele.com\/pl\/wp-json\/wp\/v2\/product_tag?post=1979"}],"curies":[{"name":"wp","href":"https:\/\/api.w.org\/{rel}","templated":true}]}}