{"id":2057,"date":"2023-03-09T11:29:21","date_gmt":"2023-03-09T11:29:21","guid":{"rendered":"https:\/\/www.jy-electric.com\/?post_type=product&#038;p=2057"},"modified":"2025-03-09T11:41:06","modified_gmt":"2025-03-09T11:41:06","slug":"isolation-type-dual-power-ats-automatic-transfer-switch","status":"publish","type":"product","link":"https:\/\/www.jyiele.com\/pl\/product\/isolation-type-dual-power-ats-automatic-transfer-switch\/","title":{"rendered":"Podw\u00f3jny automatyczny prze\u0142\u0105cznik zasilania ATS typu izolowanego"},"content":{"rendered":"<h4 class=\"wp-block-heading\"><strong>Cechy produktu<\/strong><\/h4>\n<p>Urz\u0105dzenie steruj\u0105ce: wbudowany kontroler<br \/>\nStruktura produktu: ma\u0142y rozmiar, du\u017cy pr\u0105d, prosta struktura, zintegrowany ATS<br \/>\nCechy: du\u017ca szybko\u015b\u0107 prze\u0142\u0105czania, niski wska\u017anik awaryjno\u015bci, wygodna konserwacja, niezawodne dzia\u0142anie<br \/>\nMetoda okablowania: okablowanie z przodu<br \/>\nTryb konwersji: sie\u0107-sie\u0107, sie\u0107-generator, autoprze\u0142\u0105czanie i autoregeneracja<br \/>\nRama produktu: 100, 160, 250, 400, 630, 1000, 1250, 1600, 2000, 2500, 3200<br \/>\nPr\u0105d produktu: 20, 32, 40, 63, 80, 100, 125, 160, 200, 225, 250, 315, 400, 500, 630, 800, 1000, 1250, 1600, 2000, 2500, 3200A<br \/>\nKategoria produktu: Typ wy\u0142\u0105cznika obci\u0105\u017cenia<br \/>\nLiczba biegun\u00f3w produktu: 3, 4<br \/>\nStandard produktu: GB\/T14048.11<br \/>\nATSE: klasa PC<\/p>\n<p><strong>Model i znaczenie<\/strong><\/p>\n<p>Prze\u0142\u0105cznik mo\u017ce osi\u0105gn\u0105\u0107 w pe\u0142ni automatyczne, obowi\u0105zkowe \"0\", zdalne sterowanie, piln\u0105 obs\u0142ug\u0119 r\u0119czn\u0105; Posiada r\u00f3wnie\u017c funkcje badania i ochrony braku fazy, blokady mechanizmu elektrycznego itp.<\/p>\n<h4 class=\"wp-block-heading\"><strong>Cechy produktu<\/strong><\/h4>\n<figure class=\"wp-block-table\">\n<div class=\"scroll\">\n<table>\n<tbody>\n<tr>\n<td>Typ: Automatyczny prze\u0142\u0105cznik transferowy<br \/>\nLiczba biegun\u00f3w: 3P\u30014P<br \/>\nNapi\u0119cie znamionowe: 380 V<br \/>\nKrzywa BCD: C<br \/>\nCz\u0119stotliwo\u015b\u0107 znamionowa: 50 Hz<br \/>\nNazwa produktu: Automatyczny prze\u0142\u0105cznik transferowy<br \/>\nPr\u0105d znamionowy: 630A<br \/>\nNapi\u0119cie znamionowe: 400 V<br \/>\nCz\u0119stotliwo\u015b\u0107 znamionowa: 50 Hz<\/td>\n<td>Certyfikat: ISO9001,3C<br \/>\nZnamionowa zwarciowa zdolno\u015b\u0107 \u0142\u0105czeniowa: 26KA<br \/>\nCzas transferu I-II lub II-I: 0,6S<br \/>\nNapi\u0119cie sterowania: AC220V<br \/>\nZnamionowy kr\u00f3tkotrwa\u0142y pr\u0105d wytrzymywany (Icw): 12,6kA\/60ms<br \/>\nKorzystanie z kategorii: AC-33B<br \/>\nMiejsce pochodzenia: Zhejiang, Chiny, Chiny<br \/>\nNumer modelu: CJQ3-400GA\/4P<br \/>\nJednostki sprzeda\u017cy: Pojedyncza sztuka<\/td>\n<\/tr>\n<\/tbody>\n<\/table>\n<\/div><figcaption class=\"wp-element-caption\">Dobre bezpiecze\u0144stwo: dzi\u0119ki dwurz\u0119dowemu stykowi kompozytowemu, mechanizmowi otwierania i zamykania z r\u00f3wnomiernym poci\u0105gni\u0119ciem, technologii wst\u0119pnego magazynowania energii mikrosilnika, a tak\u017ce technologii sterowania mikroelektronicznego, zasadniczo nie dochodzi do rozgorzenia (brak zsypu \u0142ukowego).<br \/>\nStosowanie niezawodnych blokad mechanicznych i elektrycznych<br \/>\nZe wzgl\u0119du na technologi\u0119 przej\u015bcia przez zero, mo\u017ce ustawi\u0107 zero przymusowo w sytuacjach awaryjnych (synchroniczne odci\u0119cie zasilania podw\u00f3jnego obwodu).<br \/>\n\u25c6 Dzi\u0119ki widocznemu wskazaniu pozycji w\u0142\u0105czenia\/wy\u0142\u0105czenia i funkcji k\u0142\u00f3dki, mo\u017ce uzyska\u0107 przestrze\u0144 mi\u0119dzy zasilaniem a obci\u0105\u017ceniem.<br \/>\nWysoka niezawodno\u015b\u0107, \u017cywotno\u015b\u0107 si\u0119gaj\u0105ca 8000 razy<br \/>\nDzi\u0119ki integracji elektromechanicznej prze\u0142\u0105cznik przenosi dane dok\u0142adnie, elastycznie i p\u0142ynnie. Doskona\u0142a kompatybilno\u015b\u0107 elektromagnetyczna, du\u017ca odporno\u015b\u0107 na zak\u0142\u00f3cenia, brak zak\u0142\u00f3ce\u0144 z zewn\u0105trz.<br \/>\nPrze\u0142\u0105cznik posiada wieloobwodowy interfejs wej\u015bcia\/wyj\u015bcia, kt\u00f3ry mo\u017ce realizowa\u0107 zdalne sterowanie PLC, a tak\u017ce automatyzacj\u0119 systemu.<br \/>\nPrze\u0142\u0105cznik nie wymaga \u017cadnych zewn\u0119trznych element\u00f3w steruj\u0105cych.<br \/>\n\u0141adny wygl\u0105d, ma\u0142a obj\u0119to\u015b\u0107, niewielka waga.<br \/>\nProdukt jest zgodny z nast\u0119puj\u0105cymi normami: GB\/T 14048.11-2008\/IEC60947-6-1 Automatic Transfer Switching Equipment, GB\/T14048.3-2008\/IEC60947-1 Low-voltage Switchgear and Controlgear General Rules oraz GB\/14048.3-2008\/IEC60947-3 Low-voltage Switchgear and Controlgear-Low-voltage Switches, Disconnectors, Switch-disconnectors and Fuse-combination units.<\/figcaption><\/figure>\n<p><strong>Indeks techniczny<\/strong><\/p>\n<figure class=\"wp-block-table\">\n<div class=\"scroll\">\n<table>\n<tbody>\n<tr>\n<td>Konwencjonalny pr\u0105d grzewczy<\/td>\n<td>16A,20A,25A,32A,40A,50A,63A,80A,100A<\/td>\n<\/tr>\n<tr>\n<td>Znamionowe napi\u0119cie izolacji Ui<\/td>\n<td>690V<\/td>\n<\/tr>\n<tr>\n<td>Znamionowe napi\u0119cie udarowe wytrzymywane Uimp<\/td>\n<td>8KV<\/td>\n<\/tr>\n<tr>\n<td>Znamionowe napi\u0119cie robocze Ue<\/td>\n<td>AC440V<\/td>\n<\/tr>\n<tr>\n<td>Znamionowy pr\u0105d roboczy Ie<\/td>\n<td>16A,20A,25A,32A,40A,50A,63A,80A,100A<\/td>\n<\/tr>\n<tr>\n<td>Za\u0142aduj znak<\/td>\n<td>AC33iB<\/td>\n<\/tr>\n<tr>\n<td>Wydajno\u015b\u0107 znamionowa<\/td>\n<td>10Ie<\/td>\n<\/tr>\n<tr>\n<td>Znamionowa si\u0142a zrywaj\u0105ca<\/td>\n<td>8Ie<\/td>\n<\/tr>\n<tr>\n<td>Znamionowy ograniczaj\u0105cy pr\u0105d zwarciowy<\/td>\n<td>50KA<\/td>\n<\/tr>\n<tr>\n<td>Znamionowy kr\u00f3tkotrwa\u0142y pr\u0105d wytrzymywany Ie<\/td>\n<td>7KA<\/td>\n<\/tr>\n<tr>\n<td>Czas transferu II-I lub I-II<\/td>\n<td>2S<\/td>\n<\/tr>\n<tr>\n<td>Napi\u0119cie zasilania sterowania<\/td>\n<td>AC220V (inne napi\u0119cie wymaga dostosowania)<\/td>\n<\/tr>\n<tr>\n<td>Zu\u017cycie energii przez silnik<\/td>\n<td>40W<\/td>\n<\/tr>\n<tr>\n<td>Waga Kg 4 bieguny<\/td>\n<td>3.5<\/td>\n<\/tr>\n<\/tbody>\n<\/table>\n<\/div>\n<\/figure>\n<figure class=\"wp-block-table\">\n<div class=\"scroll\">\n<table>\n<tbody>\n<tr>\n<td colspan=\"2\">Konwencjonalny pr\u0105d grzewczy<\/td>\n<td colspan=\"16\">100A,160A,250A,400A,630A,800A,1000A,1250A,1600A,2000A,2500A,3200A<\/td>\n<td colspan=\"2\"><\/td>\n<\/tr>\n<tr>\n<td colspan=\"2\">Znamionowe napi\u0119cie izolacji Ui<\/td>\n<td colspan=\"16\">800V<\/td>\n<td colspan=\"2\"><\/td>\n<\/tr>\n<tr>\n<td colspan=\"2\">Znamionowe napi\u0119cie udarowe wytrzymywane Uimp<\/td>\n<td colspan=\"8\">8KV<\/td>\n<td colspan=\"8\">12KV<\/td>\n<td colspan=\"2\"><\/td>\n<\/tr>\n<tr>\n<td colspan=\"2\">Znamionowe napi\u0119cie robocze Ue<\/td>\n<td colspan=\"16\">AC440V<\/td>\n<td colspan=\"2\"><\/td>\n<\/tr>\n<tr>\n<td colspan=\"2\">Znamionowy pr\u0105d roboczy Ie<\/td>\n<td colspan=\"16\">125A,160A,250A,400A,630A,800A,1000A,1250A,1600A,2000A,2500A,3200A<\/td>\n<td colspan=\"2\"><\/td>\n<\/tr>\n<tr>\n<td colspan=\"2\">Za\u0142aduj znak<\/td>\n<td colspan=\"16\">AC33iB<\/td>\n<td colspan=\"2\"><\/td>\n<\/tr>\n<tr>\n<td colspan=\"2\">Wydajno\u015b\u0107 znamionowa<\/td>\n<td colspan=\"3\">17KA<\/td>\n<td colspan=\"3\">25.2KA<\/td>\n<td colspan=\"10\">34KA<\/td>\n<td colspan=\"2\"><\/td>\n<\/tr>\n<tr>\n<td colspan=\"2\">Znamionowa si\u0142a zrywaj\u0105ca<\/td>\n<td colspan=\"16\"><\/td>\n<td colspan=\"2\"><\/td>\n<\/tr>\n<tr>\n<td colspan=\"2\">Znamionowy ograniczaj\u0105cy pr\u0105d zwarciowy<\/td>\n<td colspan=\"7\">20KA<\/td>\n<td colspan=\"9\">50KA<\/td>\n<td colspan=\"2\"><\/td>\n<\/tr>\n<tr>\n<td colspan=\"2\">Znamionowy kr\u00f3tkotrwa\u0142y pr\u0105d wytrzymywany Ie<\/td>\n<td colspan=\"3\">10KA<\/td>\n<td colspan=\"4\">12.6KA<\/td>\n<td colspan=\"9\">20KA<\/td>\n<td colspan=\"2\"><\/td>\n<\/tr>\n<tr>\n<td colspan=\"2\">Czas transferu II-I lub I-II<\/td>\n<td colspan=\"7\">2S<\/td>\n<td colspan=\"9\">3S<\/td>\n<td colspan=\"2\"><\/td>\n<\/tr>\n<tr>\n<td colspan=\"2\">Napi\u0119cie zasilania sterowania<\/td>\n<td colspan=\"16\">AC220V (inne napi\u0119cie wymaga dostosowania)<\/td>\n<td colspan=\"2\"><\/td>\n<\/tr>\n<tr>\n<td rowspan=\"3\">Zu\u017cycie energii przez silnik<\/td>\n<td>Start<\/td>\n<td>300W<\/td>\n<td colspan=\"3\">325W<\/td>\n<td colspan=\"3\">355W<\/td>\n<td colspan=\"2\">400W<\/td>\n<td colspan=\"4\">440W<\/td>\n<td colspan=\"3\">600W<\/td>\n<td colspan=\"2\"><\/td>\n<\/tr>\n<tr>\n<td rowspan=\"2\">Normalny<\/td>\n<td rowspan=\"2\">355W<\/td>\n<td colspan=\"3\" rowspan=\"2\">362W<\/td>\n<td colspan=\"3\" rowspan=\"2\">374W<\/td>\n<td colspan=\"2\" rowspan=\"2\">390W<\/td>\n<td colspan=\"4\" rowspan=\"2\">398W<\/td>\n<td colspan=\"3\"><\/td>\n<td colspan=\"2\" rowspan=\"2\"><\/td>\n<\/tr>\n<tr>\n<td colspan=\"3\">120W<\/td>\n<\/tr>\n<tr>\n<td colspan=\"2\" rowspan=\"2\">Waga Kg 4 bieguny<\/td>\n<td>3<\/td>\n<td rowspan=\"2\">.8.8<\/td>\n<td colspan=\"2\">9<\/td>\n<td rowspan=\"2\">116.5<\/td>\n<td colspan=\"2\" rowspan=\"2\">17<\/td>\n<td colspan=\"3\" rowspan=\"2\">32<\/td>\n<td rowspan=\"2\">36<\/td>\n<td rowspan=\"2\">40<\/td>\n<td colspan=\"2\" rowspan=\"2\">49<\/td>\n<td rowspan=\"2\">95<\/td>\n<td colspan=\"2\" rowspan=\"2\">98<\/td>\n<td rowspan=\"2\">135<\/td>\n<\/tr>\n<\/tbody>\n<\/table>\n<\/div>\n<\/figure>","protected":false},"excerpt":{"rendered":"<p>Seria CJQ3 Dual Power Automatic Transfer Switch jest rodzajem nowego automatycznego prze\u0142\u0105cznika transferowego zebranego z prze\u0142\u0105cznikiem i kontrolerem logicznym, dzi\u0119ki czemu mechanika i elektryczno\u015b\u0107 zamieniaj\u0105 si\u0119 w integraln\u0105 ca\u0142o\u015b\u0107. Nadaje si\u0119 do stosowania w urz\u0105dzeniach dystrybucyjnych w przemy\u015ble i biznesie o znamionowym napi\u0119ciu izolacji do 690 V, cz\u0119stotliwo\u015bci znamionowej 50 Hz \/ 60 Hz, napi\u0119ciu znamionowym 380 V, konwencjonalnym pr\u0105dzie grzewczym do 3200 A, s\u0142u\u017cy do automatycznego prze\u0142\u0105czania mi\u0119dzy moc\u0105 normaln\u0105 a moc\u0105 rezerwow\u0105 w systemie zasilania lub automatycznego przesy\u0142ania i izolacji bezpiecze\u0144stwa dw\u00f3ch zestaw\u00f3w urz\u0105dze\u0144 obci\u0105\u017caj\u0105cych itp. Mo\u017ce by\u0107 stosowany w szpitalach, sklepach, bankach, wysokich budynkach, kopalniach w\u0119gla, telekomunikacji, kopalniach \u017celaza, autostradach, lotniskach, przemys\u0142owych liniach wodnych i instalacjach wojskowych itp. Wa\u017cna sytuacja, w kt\u00f3rej nie mo\u017cna dopu\u015bci\u0107 do awarii zasilania.<\/p>","protected":false},"featured_media":2061,"template":"","meta":{"site-sidebar-layout":"default","site-content-layout":"","ast-site-content-layout":"default","site-content-style":"default","site-sidebar-style":"default","ast-global-header-display":"","ast-banner-title-visibility":"","ast-main-header-display":"","ast-hfb-above-header-display":"","ast-hfb-below-header-display":"","ast-hfb-mobile-header-display":"","site-post-title":"","ast-breadcrumbs-content":"","ast-featured-img":"","footer-sml-layout":"","ast-disable-related-posts":"","theme-transparent-header-meta":"default","adv-header-id-meta":"","stick-header-meta":"","header-above-stick-meta":"","header-main-stick-meta":"","header-below-stick-meta":"","astra-migrate-meta-layouts":"set","ast-page-background-enabled":"default","ast-page-background-meta":{"desktop":{"background-color":"var(--ast-global-color-4)","background-image":"","background-repeat":"repeat","background-position":"center center","background-size":"auto","background-attachment":"scroll","background-type":"","background-media":"","overlay-type":"","overlay-color":"","overlay-opacity":"","overlay-gradient":""},"tablet":{"background-color":"","background-image":"","background-repeat":"repeat","background-position":"center center","background-size":"auto","background-attachment":"scroll","background-type":"","background-media":"","overlay-type":"","overlay-color":"","overlay-opacity":"","overlay-gradient":""},"mobile":{"background-color":"","background-image":"","background-repeat":"repeat","background-position":"center center","background-size":"auto","background-attachment":"scroll","background-type":"","background-media":"","overlay-type":"","overlay-color":"","overlay-opacity":"","overlay-gradient":""}},"ast-content-background-meta":{"desktop":{"background-color":"var(--ast-global-color-5)","background-image":"","background-repeat":"repeat","background-position":"center center","background-size":"auto","background-attachment":"scroll","background-type":"","background-media":"","overlay-type":"","overlay-color":"","overlay-opacity":"","overlay-gradient":""},"tablet":{"background-color":"var(--ast-global-color-5)","background-image":"","background-repeat":"repeat","background-position":"center center","background-size":"auto","background-attachment":"scroll","background-type":"","background-media":"","overlay-type":"","overlay-color":"","overlay-opacity":"","overlay-gradient":""},"mobile":{"background-color":"var(--ast-global-color-5)","background-image":"","background-repeat":"repeat","background-position":"center center","background-size":"auto","background-attachment":"scroll","background-type":"","background-media":"","overlay-type":"","overlay-color":"","overlay-opacity":"","overlay-gradient":""}}},"product_brand":[],"product_cat":[24],"product_tag":[],"class_list":{"0":"post-2057","1":"product","2":"type-product","3":"status-publish","4":"has-post-thumbnail","6":"product_cat-dual-power-automatic-transfer-switch","7":"desktop-align-left","8":"tablet-align-left","9":"mobile-align-left","11":"first","12":"instock","13":"shipping-taxable","14":"product-type-simple"},"yoast_head":"<!-- This site is optimized with the Yoast SEO plugin v24.8.1 - https:\/\/yoast.com\/wordpress\/plugins\/seo\/ -->\n<title>Isolation Type Dual Power ATS Automatic Transfer Switch Manufacturer - JYIELE<\/title>\n<meta name=\"robots\" content=\"index, follow, max-snippet:-1, max-image-preview:large, max-video-preview:-1\" \/>\n<link rel=\"canonical\" href=\"https:\/\/www.jyiele.com\/pl\/product\/isolation-type-dual-power-ats-automatic-transfer-switch\/\" \/>\n<meta property=\"og:locale\" content=\"pl_PL\" \/>\n<meta property=\"og:type\" content=\"article\" \/>\n<meta property=\"og:title\" content=\"Isolation Type Dual Power ATS Automatic Transfer Switch Manufacturer - JYIELE\" \/>\n<meta property=\"og:description\" content=\"CJQ3 Dual Power Automatic Transfer Switch Series is a kind of new automatic transfer switch gathered with switch and logic controller\uff0cachieve mechanic and electricity turn into a integral whole. It is suitable for using in the distribution equipment in industry and business with rated insulating voltage up to 690V, rated frequency 50Hz\/60Hz, rated voltage 380V, conventional heating current up to 3200A ,it is used to transfer automatically between Normal power and reserve power in power system or transfer automatically and safety isolation of two sets load device etc. It can be used for hospital, shop, bank, high building, coal mine, telecommunication, iron mine, superhighway, airport, industrial flowing water line and military installation etc. Important situation where disallow power supply failure.\" \/>\n<meta property=\"og:url\" content=\"https:\/\/www.jyiele.com\/pl\/product\/isolation-type-dual-power-ats-automatic-transfer-switch\/\" \/>\n<meta property=\"og:site_name\" content=\"JYIELE\" \/>\n<meta property=\"article:modified_time\" content=\"2025-03-09T11:41:06+00:00\" \/>\n<meta property=\"og:image\" content=\"https:\/\/www.jyiele.com\/wp-content\/uploads\/2024\/10\/Isolation-Type-Dual-Power-ATS-Automatic-Transfer-Switch.webp\" \/>\n\t<meta property=\"og:image:width\" content=\"800\" \/>\n\t<meta property=\"og:image:height\" content=\"800\" \/>\n\t<meta property=\"og:image:type\" content=\"image\/webp\" \/>\n<meta name=\"twitter:card\" content=\"summary_large_image\" \/>\n<meta name=\"twitter:label1\" content=\"Szacowany czas czytania\" \/>\n\t<meta name=\"twitter:data1\" content=\"3 minuty\" \/>\n<script type=\"application\/ld+json\" class=\"yoast-schema-graph\">{\"@context\":\"https:\/\/schema.org\",\"@graph\":[{\"@type\":\"WebPage\",\"@id\":\"https:\/\/www.jyiele.com\/product\/isolation-type-dual-power-ats-automatic-transfer-switch\/\",\"url\":\"https:\/\/www.jyiele.com\/product\/isolation-type-dual-power-ats-automatic-transfer-switch\/\",\"name\":\"Isolation Type Dual Power ATS Automatic Transfer Switch Manufacturer - JYIELE\",\"isPartOf\":{\"@id\":\"https:\/\/www.jyiele.com\/#website\"},\"primaryImageOfPage\":{\"@id\":\"https:\/\/www.jyiele.com\/product\/isolation-type-dual-power-ats-automatic-transfer-switch\/#primaryimage\"},\"image\":{\"@id\":\"https:\/\/www.jyiele.com\/product\/isolation-type-dual-power-ats-automatic-transfer-switch\/#primaryimage\"},\"thumbnailUrl\":\"https:\/\/www.jyiele.com\/wp-content\/uploads\/2024\/10\/Isolation-Type-Dual-Power-ATS-Automatic-Transfer-Switch.webp\",\"datePublished\":\"2023-03-09T11:29:21+00:00\",\"dateModified\":\"2025-03-09T11:41:06+00:00\",\"breadcrumb\":{\"@id\":\"https:\/\/www.jyiele.com\/product\/isolation-type-dual-power-ats-automatic-transfer-switch\/#breadcrumb\"},\"inLanguage\":\"pl-PL\",\"potentialAction\":[{\"@type\":\"ReadAction\",\"target\":[\"https:\/\/www.jyiele.com\/product\/isolation-type-dual-power-ats-automatic-transfer-switch\/\"]}]},{\"@type\":\"ImageObject\",\"inLanguage\":\"pl-PL\",\"@id\":\"https:\/\/www.jyiele.com\/product\/isolation-type-dual-power-ats-automatic-transfer-switch\/#primaryimage\",\"url\":\"https:\/\/www.jyiele.com\/wp-content\/uploads\/2024\/10\/Isolation-Type-Dual-Power-ATS-Automatic-Transfer-Switch.webp\",\"contentUrl\":\"https:\/\/www.jyiele.com\/wp-content\/uploads\/2024\/10\/Isolation-Type-Dual-Power-ATS-Automatic-Transfer-Switch.webp\",\"width\":800,\"height\":800,\"caption\":\"Isolation Type Dual Power ATS Automatic Transfer Switch\"},{\"@type\":\"BreadcrumbList\",\"@id\":\"https:\/\/www.jyiele.com\/product\/isolation-type-dual-power-ats-automatic-transfer-switch\/#breadcrumb\",\"itemListElement\":[{\"@type\":\"ListItem\",\"position\":1,\"name\":\"Home\",\"item\":\"https:\/\/www.jyiele.com\/\"},{\"@type\":\"ListItem\",\"position\":2,\"name\":\"Product\",\"item\":\"https:\/\/www.jyiele.com\/product\/\"},{\"@type\":\"ListItem\",\"position\":3,\"name\":\"Dual Power Automatic Transfer Switch\",\"item\":\"https:\/\/www.jyiele.com\/it\/categoria-prodotto\/dual-power-automatic-transfer-switch\/\"},{\"@type\":\"ListItem\",\"position\":4,\"name\":\"Isolation Type Dual Power ATS Automatic Transfer Switch\"}]},{\"@type\":\"WebSite\",\"@id\":\"https:\/\/www.jyiele.com\/#website\",\"url\":\"https:\/\/www.jyiele.com\/\",\"name\":\"JYIELE\",\"description\":\"Vacuum Circuit Breaker manufacturer\",\"publisher\":{\"@id\":\"https:\/\/www.jyiele.com\/#organization\"},\"potentialAction\":[{\"@type\":\"SearchAction\",\"target\":{\"@type\":\"EntryPoint\",\"urlTemplate\":\"https:\/\/www.jyiele.com\/?s={search_term_string}\"},\"query-input\":{\"@type\":\"PropertyValueSpecification\",\"valueRequired\":true,\"valueName\":\"search_term_string\"}}],\"inLanguage\":\"pl-PL\"},{\"@type\":\"Organization\",\"@id\":\"https:\/\/www.jyiele.com\/#organization\",\"name\":\"JYIELE\",\"url\":\"https:\/\/www.jyiele.com\/\",\"logo\":{\"@type\":\"ImageObject\",\"inLanguage\":\"pl-PL\",\"@id\":\"https:\/\/www.jyiele.com\/#\/schema\/logo\/image\/\",\"url\":\"https:\/\/www.jyiele.com\/wp-content\/uploads\/2024\/09\/cropped-jyele-1.webp\",\"contentUrl\":\"https:\/\/www.jyiele.com\/wp-content\/uploads\/2024\/09\/cropped-jyele-1.webp\",\"width\":137,\"height\":60,\"caption\":\"JYIELE\"},\"image\":{\"@id\":\"https:\/\/www.jyiele.com\/#\/schema\/logo\/image\/\"}}]}<\/script>\n<!-- \/ Yoast SEO plugin. -->","yoast_head_json":{"title":"Podw\u00f3jny prze\u0142\u0105cznik zasilania ATS z izolacj\u0105 Producent - JYIELE","robots":{"index":"index","follow":"follow","max-snippet":"max-snippet:-1","max-image-preview":"max-image-preview:large","max-video-preview":"max-video-preview:-1"},"canonical":"https:\/\/www.jyiele.com\/pl\/product\/isolation-type-dual-power-ats-automatic-transfer-switch\/","og_locale":"pl_PL","og_type":"article","og_title":"Isolation Type Dual Power ATS Automatic Transfer Switch Manufacturer - JYIELE","og_description":"CJQ3 Dual Power Automatic Transfer Switch Series is a kind of new automatic transfer switch gathered with switch and logic controller\uff0cachieve mechanic and electricity turn into a integral whole. It is suitable for using in the distribution equipment in industry and business with rated insulating voltage up to 690V, rated frequency 50Hz\/60Hz, rated voltage 380V, conventional heating current up to 3200A ,it is used to transfer automatically between Normal power and reserve power in power system or transfer automatically and safety isolation of two sets load device etc. It can be used for hospital, shop, bank, high building, coal mine, telecommunication, iron mine, superhighway, airport, industrial flowing water line and military installation etc. Important situation where disallow power supply failure.","og_url":"https:\/\/www.jyiele.com\/pl\/product\/isolation-type-dual-power-ats-automatic-transfer-switch\/","og_site_name":"JYIELE","article_modified_time":"2025-03-09T11:41:06+00:00","og_image":[{"width":800,"height":800,"url":"https:\/\/www.jyiele.com\/wp-content\/uploads\/2024\/10\/Isolation-Type-Dual-Power-ATS-Automatic-Transfer-Switch.webp","type":"image\/webp"}],"twitter_card":"summary_large_image","twitter_misc":{"Szacowany czas czytania":"3 minuty"},"schema":{"@context":"https:\/\/schema.org","@graph":[{"@type":"WebPage","@id":"https:\/\/www.jyiele.com\/product\/isolation-type-dual-power-ats-automatic-transfer-switch\/","url":"https:\/\/www.jyiele.com\/product\/isolation-type-dual-power-ats-automatic-transfer-switch\/","name":"Podw\u00f3jny prze\u0142\u0105cznik zasilania ATS z izolacj\u0105 Producent - JYIELE","isPartOf":{"@id":"https:\/\/www.jyiele.com\/#website"},"primaryImageOfPage":{"@id":"https:\/\/www.jyiele.com\/product\/isolation-type-dual-power-ats-automatic-transfer-switch\/#primaryimage"},"image":{"@id":"https:\/\/www.jyiele.com\/product\/isolation-type-dual-power-ats-automatic-transfer-switch\/#primaryimage"},"thumbnailUrl":"https:\/\/www.jyiele.com\/wp-content\/uploads\/2024\/10\/Isolation-Type-Dual-Power-ATS-Automatic-Transfer-Switch.webp","datePublished":"2023-03-09T11:29:21+00:00","dateModified":"2025-03-09T11:41:06+00:00","breadcrumb":{"@id":"https:\/\/www.jyiele.com\/product\/isolation-type-dual-power-ats-automatic-transfer-switch\/#breadcrumb"},"inLanguage":"pl-PL","potentialAction":[{"@type":"ReadAction","target":["https:\/\/www.jyiele.com\/product\/isolation-type-dual-power-ats-automatic-transfer-switch\/"]}]},{"@type":"ImageObject","inLanguage":"pl-PL","@id":"https:\/\/www.jyiele.com\/product\/isolation-type-dual-power-ats-automatic-transfer-switch\/#primaryimage","url":"https:\/\/www.jyiele.com\/wp-content\/uploads\/2024\/10\/Isolation-Type-Dual-Power-ATS-Automatic-Transfer-Switch.webp","contentUrl":"https:\/\/www.jyiele.com\/wp-content\/uploads\/2024\/10\/Isolation-Type-Dual-Power-ATS-Automatic-Transfer-Switch.webp","width":800,"height":800,"caption":"Isolation Type Dual Power ATS Automatic Transfer Switch"},{"@type":"BreadcrumbList","@id":"https:\/\/www.jyiele.com\/product\/isolation-type-dual-power-ats-automatic-transfer-switch\/#breadcrumb","itemListElement":[{"@type":"ListItem","position":1,"name":"Home","item":"https:\/\/www.jyiele.com\/"},{"@type":"ListItem","position":2,"name":"Product","item":"https:\/\/www.jyiele.com\/product\/"},{"@type":"ListItem","position":3,"name":"Dual Power Automatic Transfer Switch","item":"https:\/\/www.jyiele.com\/it\/categoria-prodotto\/dual-power-automatic-transfer-switch\/"},{"@type":"ListItem","position":4,"name":"Isolation Type Dual Power ATS Automatic Transfer Switch"}]},{"@type":"WebSite","@id":"https:\/\/www.jyiele.com\/#website","url":"https:\/\/www.jyiele.com\/","name":"JYIELE","description":"Producent wy\u0142\u0105cznik\u00f3w pr\u00f3\u017cniowych","publisher":{"@id":"https:\/\/www.jyiele.com\/#organization"},"potentialAction":[{"@type":"SearchAction","target":{"@type":"EntryPoint","urlTemplate":"https:\/\/www.jyiele.com\/?s={search_term_string}"},"query-input":{"@type":"PropertyValueSpecification","valueRequired":true,"valueName":"search_term_string"}}],"inLanguage":"pl-PL"},{"@type":"Organization","@id":"https:\/\/www.jyiele.com\/#organization","name":"JYIELE","url":"https:\/\/www.jyiele.com\/","logo":{"@type":"ImageObject","inLanguage":"pl-PL","@id":"https:\/\/www.jyiele.com\/#\/schema\/logo\/image\/","url":"https:\/\/www.jyiele.com\/wp-content\/uploads\/2024\/09\/cropped-jyele-1.webp","contentUrl":"https:\/\/www.jyiele.com\/wp-content\/uploads\/2024\/09\/cropped-jyele-1.webp","width":137,"height":60,"caption":"JYIELE"},"image":{"@id":"https:\/\/www.jyiele.com\/#\/schema\/logo\/image\/"}}]}},"_links":{"self":[{"href":"https:\/\/www.jyiele.com\/pl\/wp-json\/wp\/v2\/product\/2057","targetHints":{"allow":["GET"]}}],"collection":[{"href":"https:\/\/www.jyiele.com\/pl\/wp-json\/wp\/v2\/product"}],"about":[{"href":"https:\/\/www.jyiele.com\/pl\/wp-json\/wp\/v2\/types\/product"}],"version-history":[{"count":1,"href":"https:\/\/www.jyiele.com\/pl\/wp-json\/wp\/v2\/product\/2057\/revisions"}],"predecessor-version":[{"id":2062,"href":"https:\/\/www.jyiele.com\/pl\/wp-json\/wp\/v2\/product\/2057\/revisions\/2062"}],"wp:featuredmedia":[{"embeddable":true,"href":"https:\/\/www.jyiele.com\/pl\/wp-json\/wp\/v2\/media\/2061"}],"wp:attachment":[{"href":"https:\/\/www.jyiele.com\/pl\/wp-json\/wp\/v2\/media?parent=2057"}],"wp:term":[{"taxonomy":"product_brand","embeddable":true,"href":"https:\/\/www.jyiele.com\/pl\/wp-json\/wp\/v2\/product_brand?post=2057"},{"taxonomy":"product_cat","embeddable":true,"href":"https:\/\/www.jyiele.com\/pl\/wp-json\/wp\/v2\/product_cat?post=2057"},{"taxonomy":"product_tag","embeddable":true,"href":"https:\/\/www.jyiele.com\/pl\/wp-json\/wp\/v2\/product_tag?post=2057"}],"curies":[{"name":"wp","href":"https:\/\/api.w.org\/{rel}","templated":true}]}}