{"id":2063,"date":"2024-10-15T09:43:04","date_gmt":"2024-10-15T09:43:04","guid":{"rendered":"https:\/\/www.jy-electric.com\/?post_type=product&#038;p=2063"},"modified":"2025-03-09T11:35:41","modified_gmt":"2025-03-09T11:35:41","slug":"4p-double-power-automatic-transfer-switch","status":"publish","type":"product","link":"https:\/\/www.jyiele.com\/pl\/product\/4p-double-power-automatic-transfer-switch\/","title":{"rendered":"Wysokiej jako\u015bci inteligentny automatyczny prze\u0142\u0105cznik podw\u00f3jnego zasilania serii ATSQ2 4P"},"content":{"rendered":"<h4 class=\"wp-block-heading\"><strong>Cechy produktu<\/strong><\/h4>\n<p>Akcesoria wewn\u0119trzne: wyzwalacz bocznikowy, wyzwalacz podnapi\u0119ciowy, styki pomocnicze, styki alarmowe<br \/>\nFunkcja produktu: automatyczny wy\u0142\u0105cznik zasilania i zabezpieczenie przed przeci\u0105\u017ceniem, zwarciem itp.<br \/>\nWydajno\u015b\u0107 produktu: Op\u00f3\u017anienie prze\u0142\u0105czania jest regulowane, a czas dzia\u0142ania jest dok\u0142adny<br \/>\nZastosowanie produktu: metalurgia, budownictwo, wojsko i inne przypadki dwukierunkowego obci\u0105\u017cenia<br \/>\nStruktura produktu: ma\u0142y rozmiar, zwarta konstrukcja, kr\u00f3tki \u0142uk elektryczny, wysoka odporno\u015b\u0107 na uszkodzenia<br \/>\nRama produktu: 63, 100, 225, 250, 400, 630, 800, 1250<br \/>\nPr\u0105d produktu: 6A-1250A<br \/>\nLiczba biegun\u00f3w produktu: 3, 4<br \/>\nStandard produktu: IEC60947-6, GB14048.11<br \/>\nATSE: Klasa CB<\/p>\n<figure class=\"wp-block-table\">\n<div class=\"scroll\">\n<table>\n<tbody>\n<tr>\n<td>Numer modelu: CJQ2<br \/>\nMaks. Pr\u0105d: 12500A<br \/>\nMaks. Napi\u0119cie: 400 V<br \/>\nNazwa produktu: Inteligentny automatyczny prze\u0142\u0105cznik podw\u00f3jnej mocy<br \/>\nPr\u0105d znamionowy: 6~1250A<br \/>\nBieguny: 3P\/4P<br \/>\nGwarancja: 1 rok<br \/>\nMateria\u0142: Klasa CB<\/td>\n<td>Uchwyt: TAK<br \/>\nOEM: Tak<br \/>\nTyp: Wy\u0142\u0105cznik kompaktowy<br \/>\nOpakowanie: Standardowe opakowanie eksportowe<br \/>\nExpress: DHL, TNT, EMS, FEDEX lub jako \u017c\u0105danie<br \/>\nCertyfikacja: CE<br \/>\nCzy inteligentny: Tak<br \/>\nMiejsce pochodzenia: Zhejiang, Chiny<\/td>\n<\/tr>\n<\/tbody>\n<\/table>\n<\/div>\n<\/figure>\n<h4 class=\"wp-block-heading\"><strong>Model<\/strong><\/h4>\n<figure class=\"wp-block-table\">\n<div class=\"scroll\">\n<table>\n<tbody>\n<tr>\n<td rowspan=\"7\">Model:ATSQ2\u25a1-\u25a1\/\u25a1\u25a1<\/td>\n<td>ATS<\/td>\n<td>Automatyczny prze\u0142\u0105cznik transferu<\/td>\n<\/tr>\n<tr>\n<td>Q<\/td>\n<td>Poziom CB<\/td>\n<\/tr>\n<tr>\n<td>2<\/td>\n<td>Sekwencja projektowania<\/td>\n<\/tr>\n<tr>\n<td>\u25a1<\/td>\n<td>(R)Automatyczna konwersja i odzyskiwanie(S)Automatyczna konwersja i brak automatycznego odzyskiwania(F) Sie\u0107 do generatora<\/td>\n<\/tr>\n<tr>\n<td>\u25a1<\/td>\n<td>Maksymalny pr\u0105d<\/td>\n<\/tr>\n<tr>\n<td>\u25a1<\/td>\n<td>Bieguny: 3P\u30014P<\/td>\n<\/tr>\n<tr>\n<td>\u25a1<\/td>\n<td>Pr\u0105d znamionowy<\/td>\n<\/tr>\n<\/tbody>\n<\/table>\n<\/div>\n<\/figure>\n<div class=\"wp-block-media-text is-stacked-on-mobile\">\n<figure class=\"wp-block-media-text__media\"><img fetchpriority=\"high\" decoding=\"async\" class=\"alignnone size-medium wp-image-2065\" src=\"https:\/\/www.jy-electric.com\/wp-content\/uploads\/2024\/10\/4P-Double-Power-Automatic-Transfer-SwitchS-300x211.webp\" alt=\"Automatyczne prze\u0142\u0105czniki 4P z podw\u00f3jnym zasilaniem\" width=\"300\" height=\"211\" srcset=\"https:\/\/www.jyiele.com\/wp-content\/uploads\/2024\/10\/4P-Double-Power-Automatic-Transfer-SwitchS-300x211.webp 300w, https:\/\/www.jyiele.com\/wp-content\/uploads\/2024\/10\/4P-Double-Power-Automatic-Transfer-SwitchS-18x12.webp 18w, https:\/\/www.jyiele.com\/wp-content\/uploads\/2024\/10\/4P-Double-Power-Automatic-Transfer-SwitchS.webp 389w\" sizes=\"(max-width: 300px) 100vw, 300px\" \/><\/figure>\n<div class=\"wp-block-media-text__content\">\n<p>1\u3001Ekran LCD<br \/>\n2\u3001Ustawienie<br \/>\n3\u3001Przycisk przesuni\u0119cia w prawo<br \/>\n4\u3001Wzrost warto\u015bci<br \/>\n5\u3001Zmniejszenie warto\u015bci\/Alarm<br \/>\n6\u3001R\u0119czny<br \/>\n7\u3001Auto<br \/>\n8\u3001Oba wy\u0142\u0105czone<\/p>\n<\/div>\n<\/div>\n<h4 class=\"wp-block-heading\"><strong>Zarys<\/strong><\/h4>\n<figure class=\"wp-block-image size-full\"><img decoding=\"async\" class=\"alignnone size-medium wp-image-2066\" src=\"https:\/\/www.jy-electric.com\/wp-content\/uploads\/2024\/10\/4P-Intelligent-Double-Power-Automatic-Transfer-Switch-2-300x110.webp\" alt=\"4P Inteligentny automatyczny prze\u0142\u0105cznik podw\u00f3jnego zasilania 2\" width=\"300\" height=\"110\" srcset=\"https:\/\/www.jyiele.com\/wp-content\/uploads\/2024\/10\/4P-Intelligent-Double-Power-Automatic-Transfer-Switch-2-300x110.webp 300w, https:\/\/www.jyiele.com\/wp-content\/uploads\/2024\/10\/4P-Intelligent-Double-Power-Automatic-Transfer-Switch-2-768x282.webp 768w, https:\/\/www.jyiele.com\/wp-content\/uploads\/2024\/10\/4P-Intelligent-Double-Power-Automatic-Transfer-Switch-2-18x7.webp 18w, https:\/\/www.jyiele.com\/wp-content\/uploads\/2024\/10\/4P-Intelligent-Double-Power-Automatic-Transfer-Switch-2-600x220.webp 600w, https:\/\/www.jyiele.com\/wp-content\/uploads\/2024\/10\/4P-Intelligent-Double-Power-Automatic-Transfer-Switch-2.webp 872w\" sizes=\"(max-width: 300px) 100vw, 300px\" \/><\/figure>\n<h4 class=\"wp-block-heading\"><strong>Model produktu<\/strong><\/h4>\n<figure class=\"wp-block-table\">\n<div class=\"scroll\">\n<table>\n<tbody>\n<tr>\n<td>Model<\/td>\n<td>Aktualny<\/td>\n<td>Jednostka<\/td>\n<\/tr>\n<tr>\n<td>ATSQ2M-63\/3P<\/td>\n<td>63A<\/td>\n<td>1 PC<\/td>\n<\/tr>\n<tr>\n<td>ATSQ2M-63\/4P<\/td>\n<td>63A<\/td>\n<td>1 PC<\/td>\n<\/tr>\n<tr>\n<td>ATSQ2M-100\/3P<\/td>\n<td>16-100A<\/td>\n<td>1 PC<\/td>\n<\/tr>\n<tr>\n<td>ATSQ2M-100\/4P<\/td>\n<td>16-100A<\/td>\n<td>1 PC<\/td>\n<\/tr>\n<tr>\n<td>ATSQ2M-225\/3P<\/td>\n<td>100-225A<\/td>\n<td>1 PC<\/td>\n<\/tr>\n<tr>\n<td>ATSQ2M-225\/4P<\/td>\n<td>100-225A<\/td>\n<td>1 PC<\/td>\n<\/tr>\n<tr>\n<td>ATSQ2M-400\/3P<\/td>\n<td>225-400A<\/td>\n<td>1 PC<\/td>\n<\/tr>\n<tr>\n<td>ATSQ2M-400\/4P<\/td>\n<td>225-400A<\/td>\n<td>1 PC<\/td>\n<\/tr>\n<tr>\n<td>ATSQ2M-630\/3P<\/td>\n<td>400-630A<\/td>\n<td>1 PC<\/td>\n<\/tr>\n<tr>\n<td>ATSQ2M-630\/4P<\/td>\n<td>400-630A<\/td>\n<td>1 PC<\/td>\n<\/tr>\n<tr>\n<td>ATSQ2M-800\/3P<\/td>\n<td>630-800A<\/td>\n<td>1 PC<\/td>\n<\/tr>\n<tr>\n<td>ATSQ2M-800\/4P<\/td>\n<td>630-800A<\/td>\n<td>1 PC<\/td>\n<\/tr>\n<tr>\n<td>ATSQ2M-1000\/4P<\/td>\n<td>1000A<\/td>\n<td>1 PC<\/td>\n<\/tr>\n<\/tbody>\n<\/table>\n<\/div>\n<\/figure>\n<h4 class=\"wp-block-heading\"><strong>Normalne warunki pracy i monta\u017cu<\/strong><\/h4>\n<p>1. wysoko\u015b\u0107 instalacji nieprzekraczaj\u0105ca 2000 metr\u00f3w.<br \/>\n2. g\u00f3rna granica temperatury otoczenia nie jest wy\u017csza ni\u017c +40\u00b0C, dolna granica nie jest ni\u017csza ni\u017c -5\u00b0C, \u015brednia 24-godzinna nie przekracza +35\u00b0C.<br \/>\n3. atmosferyczna wilgotno\u015b\u0107 wzgl\u0119dna w temperaturze powietrza otoczenia wynosi + 40 \u00b0 C nie wi\u0119cej ni\u017c 50%, w ni\u017cszych temperaturach mo\u017ce mie\u0107 wy\u017csz\u0105 wilgotno\u015b\u0107, produkty kondensacji powinny uwzgl\u0119dnia\u0107 powierzchni\u0119 zmiany wilgotno\u015bci.<br \/>\n4. brak medium wybuchowego, medium nie wystarcza do korozji i uszkodzenia izolacji gazu i py\u0142u.<br \/>\n5. brak znacz\u0105cych drga\u0144 i wstrz\u0105s\u00f3w<\/p>\n<h4 class=\"wp-block-heading\"><strong>Zastosowanie<\/strong><\/h4>\n<p>Automatyczny prze\u0142\u0105cznik zasilania (zwany dalej prze\u0142\u0105cznikiem) dla pr\u0105du przemiennego 50 Hz, znamionowego napi\u0119cia roboczego 380 V, pr\u0105du znamionowego 63A-1250A podw\u00f3jnego systemu zasilania, z automatyczn\u0105 lub r\u0119czn\u0105 obs\u0142ug\u0105 kompletnego prze\u0142\u0105czania wsp\u00f3lnego zasilania i zasilania rezerwowego. Prze\u0142\u0105cznik jest u\u017cywany g\u0142\u00f3wnie przy wa\u017cnych okazjach, w szpitalach, sklepach, bankach, przemy\u015ble chemicznym, metalurgii, wie\u017cowcach, instalacjach wojskowych itp.<br \/>\nPodstawowa struktura<br \/>\nAutomatyczny prze\u0142\u0105cznik zasilania g\u0142\u00f3wnie przez konwerter mocy, aby wykona\u0107 kompozycj\u0119 wy\u0142\u0105cznika, istniej\u0105 trzy pozycje prze\u0142\u0105czania stanu dla u\u017cytkownik\u00f3w do wyboru: wsp\u00f3lne zasilanie (N) razem, podw\u00f3jne punkty, zasilanie rezerwowe (R) razem, prze\u0142\u0105cznik ma ma\u0142y rozmiar, lekki, stabilny \u0142atwy w u\u017cyciu i tak dalej.<\/p>\n<p>[wpforms id=\"1930\u2033 title=\"true\"]<\/p>","protected":false},"excerpt":{"rendered":"<p>Podw\u00f3jny automatyczny prze\u0142\u0105cznik zasilania CJQ2 (zwany dalej ATS) dla 50 Hz \/ 60 Hz, znamionowe napi\u0119cie robocze wynosi 380 V (3P, 4P), a pr\u0105d znamionowy wynosi 10 A ~ 1250 A (system zasilania z podw\u00f3jn\u0105 p\u0119tl\u0105). Mo\u017ce automatycznie konwertowa\u0107 normaln\u0105 moc i moc odwr\u00f3con\u0105, aby zapewni\u0107 niezawodno\u015b\u0107 zasilania, g\u0142\u00f3wnie w wysokich budynkach, centrach handlowych, pompach przeciwpo\u017carowych, wentylatorach dymu, windach, pompach wody pitnej, o\u015bwietleniu awaryjnym i innych miejscach.<\/p>\n<p>&nbsp;<\/p>","protected":false},"featured_media":2064,"template":"","meta":{"site-sidebar-layout":"no-sidebar","site-content-layout":"","ast-site-content-layout":"default","site-content-style":"unboxed","site-sidebar-style":"default","ast-global-header-display":"","ast-banner-title-visibility":"","ast-main-header-display":"","ast-hfb-above-header-display":"","ast-hfb-below-header-display":"","ast-hfb-mobile-header-display":"","site-post-title":"","ast-breadcrumbs-content":"","ast-featured-img":"","footer-sml-layout":"","ast-disable-related-posts":"","theme-transparent-header-meta":"default","adv-header-id-meta":"","stick-header-meta":"","header-above-stick-meta":"","header-main-stick-meta":"","header-below-stick-meta":"","astra-migrate-meta-layouts":"set","ast-page-background-enabled":"default","ast-page-background-meta":{"desktop":{"background-color":"var(--ast-global-color-4)","background-image":"","background-repeat":"repeat","background-position":"center center","background-size":"auto","background-attachment":"scroll","background-type":"","background-media":"","overlay-type":"","overlay-color":"","overlay-opacity":"","overlay-gradient":""},"tablet":{"background-color":"","background-image":"","background-repeat":"repeat","background-position":"center center","background-size":"auto","background-attachment":"scroll","background-type":"","background-media":"","overlay-type":"","overlay-color":"","overlay-opacity":"","overlay-gradient":""},"mobile":{"background-color":"","background-image":"","background-repeat":"repeat","background-position":"center center","background-size":"auto","background-attachment":"scroll","background-type":"","background-media":"","overlay-type":"","overlay-color":"","overlay-opacity":"","overlay-gradient":""}},"ast-content-background-meta":{"desktop":{"background-color":"var(--ast-global-color-5)","background-image":"","background-repeat":"repeat","background-position":"center center","background-size":"auto","background-attachment":"scroll","background-type":"","background-media":"","overlay-type":"","overlay-color":"","overlay-opacity":"","overlay-gradient":""},"tablet":{"background-color":"var(--ast-global-color-5)","background-image":"","background-repeat":"repeat","background-position":"center center","background-size":"auto","background-attachment":"scroll","background-type":"","background-media":"","overlay-type":"","overlay-color":"","overlay-opacity":"","overlay-gradient":""},"mobile":{"background-color":"var(--ast-global-color-5)","background-image":"","background-repeat":"repeat","background-position":"center center","background-size":"auto","background-attachment":"scroll","background-type":"","background-media":"","overlay-type":"","overlay-color":"","overlay-opacity":"","overlay-gradient":""}}},"product_brand":[],"product_cat":[24,27],"product_tag":[],"class_list":{"0":"post-2063","1":"product","2":"type-product","3":"status-publish","4":"has-post-thumbnail","6":"product_cat-dual-power-automatic-transfer-switch","7":"product_cat-other","8":"desktop-align-left","9":"tablet-align-left","10":"mobile-align-left","12":"first","13":"instock","14":"shipping-taxable","15":"product-type-simple"},"yoast_head":"<!-- This site is optimized with the Yoast SEO plugin v24.8.1 - https:\/\/yoast.com\/wordpress\/plugins\/seo\/ -->\n<title>High Quality ATSQ2 Series 4P Intelligent Double Power Automatic Transfer Switch - JYIELE<\/title>\n<meta name=\"robots\" content=\"index, follow, max-snippet:-1, max-image-preview:large, max-video-preview:-1\" \/>\n<link rel=\"canonical\" href=\"https:\/\/www.jyiele.com\/pl\/product\/4p-double-power-automatic-transfer-switch\/\" \/>\n<meta property=\"og:locale\" content=\"pl_PL\" \/>\n<meta property=\"og:type\" content=\"article\" \/>\n<meta property=\"og:title\" content=\"High Quality ATSQ2 Series 4P Intelligent Double Power Automatic Transfer Switch - JYIELE\" \/>\n<meta property=\"og:description\" content=\"CJQ2 dual power automatic transfer switch (hereinafter referred to as A.T.S) for 50Hz \/ 60Hz, the rated operating voltage is 380V (3P, 4P), and the rated current is 10A~1250A (double loop power supply system). It can convert the normal power and reversed power automatically to ensure the reliability of the power, mainly for high -rise buildings, shopping malls, fire pumps, smoke fans, elevators, life water pumps, accident lighting and other places.  &nbsp;\" \/>\n<meta property=\"og:url\" content=\"https:\/\/www.jyiele.com\/pl\/product\/4p-double-power-automatic-transfer-switch\/\" \/>\n<meta property=\"og:site_name\" content=\"JYIELE\" \/>\n<meta property=\"article:modified_time\" content=\"2025-03-09T11:35:41+00:00\" \/>\n<meta property=\"og:image\" content=\"https:\/\/www.jyiele.com\/wp-content\/uploads\/2024\/10\/4P-Double-Power-Automatic-Transfer-Switch.webp\" \/>\n\t<meta property=\"og:image:width\" content=\"800\" \/>\n\t<meta property=\"og:image:height\" content=\"800\" \/>\n\t<meta property=\"og:image:type\" content=\"image\/webp\" \/>\n<meta name=\"twitter:card\" content=\"summary_large_image\" \/>\n<meta name=\"twitter:label1\" content=\"Szacowany czas czytania\" \/>\n\t<meta name=\"twitter:data1\" content=\"3 minuty\" \/>\n<script type=\"application\/ld+json\" class=\"yoast-schema-graph\">{\"@context\":\"https:\/\/schema.org\",\"@graph\":[{\"@type\":\"WebPage\",\"@id\":\"https:\/\/www.jyiele.com\/it\/prodotto\/4p-double-power-automatic-transfer-switch\/\",\"url\":\"https:\/\/www.jyiele.com\/it\/prodotto\/4p-double-power-automatic-transfer-switch\/\",\"name\":\"High Quality ATSQ2 Series 4P Intelligent Double Power Automatic Transfer Switch - JYIELE\",\"isPartOf\":{\"@id\":\"https:\/\/www.jyiele.com\/#website\"},\"primaryImageOfPage\":{\"@id\":\"https:\/\/www.jyiele.com\/it\/prodotto\/4p-double-power-automatic-transfer-switch\/#primaryimage\"},\"image\":{\"@id\":\"https:\/\/www.jyiele.com\/it\/prodotto\/4p-double-power-automatic-transfer-switch\/#primaryimage\"},\"thumbnailUrl\":\"https:\/\/www.jyiele.com\/wp-content\/uploads\/2024\/10\/4P-Double-Power-Automatic-Transfer-Switch.webp\",\"datePublished\":\"2024-10-15T09:43:04+00:00\",\"dateModified\":\"2025-03-09T11:35:41+00:00\",\"breadcrumb\":{\"@id\":\"https:\/\/www.jyiele.com\/it\/prodotto\/4p-double-power-automatic-transfer-switch\/#breadcrumb\"},\"inLanguage\":\"pl-PL\",\"potentialAction\":[{\"@type\":\"ReadAction\",\"target\":[\"https:\/\/www.jyiele.com\/it\/prodotto\/4p-double-power-automatic-transfer-switch\/\"]}]},{\"@type\":\"ImageObject\",\"inLanguage\":\"pl-PL\",\"@id\":\"https:\/\/www.jyiele.com\/it\/prodotto\/4p-double-power-automatic-transfer-switch\/#primaryimage\",\"url\":\"https:\/\/www.jyiele.com\/wp-content\/uploads\/2024\/10\/4P-Double-Power-Automatic-Transfer-Switch.webp\",\"contentUrl\":\"https:\/\/www.jyiele.com\/wp-content\/uploads\/2024\/10\/4P-Double-Power-Automatic-Transfer-Switch.webp\",\"width\":800,\"height\":800,\"caption\":\"4P Double Power Automatic Transfer Switch\"},{\"@type\":\"BreadcrumbList\",\"@id\":\"https:\/\/www.jyiele.com\/it\/prodotto\/4p-double-power-automatic-transfer-switch\/#breadcrumb\",\"itemListElement\":[{\"@type\":\"ListItem\",\"position\":1,\"name\":\"Home\",\"item\":\"https:\/\/www.jyiele.com\/\"},{\"@type\":\"ListItem\",\"position\":2,\"name\":\"Product\",\"item\":\"https:\/\/www.jyiele.com\/product\/\"},{\"@type\":\"ListItem\",\"position\":3,\"name\":\"Dual Power Automatic Transfer Switch\",\"item\":\"https:\/\/www.jyiele.com\/it\/categoria-prodotto\/dual-power-automatic-transfer-switch\/\"},{\"@type\":\"ListItem\",\"position\":4,\"name\":\"High Quality ATSQ2 Series 4P Intelligent Double Power Automatic Transfer Switch\"}]},{\"@type\":\"WebSite\",\"@id\":\"https:\/\/www.jyiele.com\/#website\",\"url\":\"https:\/\/www.jyiele.com\/\",\"name\":\"JYIELE\",\"description\":\"Vacuum Circuit Breaker manufacturer\",\"publisher\":{\"@id\":\"https:\/\/www.jyiele.com\/#organization\"},\"potentialAction\":[{\"@type\":\"SearchAction\",\"target\":{\"@type\":\"EntryPoint\",\"urlTemplate\":\"https:\/\/www.jyiele.com\/?s={search_term_string}\"},\"query-input\":{\"@type\":\"PropertyValueSpecification\",\"valueRequired\":true,\"valueName\":\"search_term_string\"}}],\"inLanguage\":\"pl-PL\"},{\"@type\":\"Organization\",\"@id\":\"https:\/\/www.jyiele.com\/#organization\",\"name\":\"JYIELE\",\"url\":\"https:\/\/www.jyiele.com\/\",\"logo\":{\"@type\":\"ImageObject\",\"inLanguage\":\"pl-PL\",\"@id\":\"https:\/\/www.jyiele.com\/#\/schema\/logo\/image\/\",\"url\":\"https:\/\/www.jyiele.com\/wp-content\/uploads\/2024\/09\/cropped-jyele-1.webp\",\"contentUrl\":\"https:\/\/www.jyiele.com\/wp-content\/uploads\/2024\/09\/cropped-jyele-1.webp\",\"width\":137,\"height\":60,\"caption\":\"JYIELE\"},\"image\":{\"@id\":\"https:\/\/www.jyiele.com\/#\/schema\/logo\/image\/\"}}]}<\/script>\n<!-- \/ Yoast SEO plugin. -->","yoast_head_json":{"title":"Wysokiej jako\u015bci inteligentny automatyczny prze\u0142\u0105cznik podw\u00f3jnego zasilania serii ATSQ2 4P - JYIELE","robots":{"index":"index","follow":"follow","max-snippet":"max-snippet:-1","max-image-preview":"max-image-preview:large","max-video-preview":"max-video-preview:-1"},"canonical":"https:\/\/www.jyiele.com\/pl\/product\/4p-double-power-automatic-transfer-switch\/","og_locale":"pl_PL","og_type":"article","og_title":"High Quality ATSQ2 Series 4P Intelligent Double Power Automatic Transfer Switch - JYIELE","og_description":"CJQ2 dual power automatic transfer switch (hereinafter referred to as A.T.S) for 50Hz \/ 60Hz, the rated operating voltage is 380V (3P, 4P), and the rated current is 10A~1250A (double loop power supply system). It can convert the normal power and reversed power automatically to ensure the reliability of the power, mainly for high -rise buildings, shopping malls, fire pumps, smoke fans, elevators, life water pumps, accident lighting and other places.  &nbsp;","og_url":"https:\/\/www.jyiele.com\/pl\/product\/4p-double-power-automatic-transfer-switch\/","og_site_name":"JYIELE","article_modified_time":"2025-03-09T11:35:41+00:00","og_image":[{"width":800,"height":800,"url":"https:\/\/www.jyiele.com\/wp-content\/uploads\/2024\/10\/4P-Double-Power-Automatic-Transfer-Switch.webp","type":"image\/webp"}],"twitter_card":"summary_large_image","twitter_misc":{"Szacowany czas czytania":"3 minuty"},"schema":{"@context":"https:\/\/schema.org","@graph":[{"@type":"WebPage","@id":"https:\/\/www.jyiele.com\/it\/prodotto\/4p-double-power-automatic-transfer-switch\/","url":"https:\/\/www.jyiele.com\/it\/prodotto\/4p-double-power-automatic-transfer-switch\/","name":"Wysokiej jako\u015bci inteligentny automatyczny prze\u0142\u0105cznik podw\u00f3jnego zasilania serii ATSQ2 4P - JYIELE","isPartOf":{"@id":"https:\/\/www.jyiele.com\/#website"},"primaryImageOfPage":{"@id":"https:\/\/www.jyiele.com\/it\/prodotto\/4p-double-power-automatic-transfer-switch\/#primaryimage"},"image":{"@id":"https:\/\/www.jyiele.com\/it\/prodotto\/4p-double-power-automatic-transfer-switch\/#primaryimage"},"thumbnailUrl":"https:\/\/www.jyiele.com\/wp-content\/uploads\/2024\/10\/4P-Double-Power-Automatic-Transfer-Switch.webp","datePublished":"2024-10-15T09:43:04+00:00","dateModified":"2025-03-09T11:35:41+00:00","breadcrumb":{"@id":"https:\/\/www.jyiele.com\/it\/prodotto\/4p-double-power-automatic-transfer-switch\/#breadcrumb"},"inLanguage":"pl-PL","potentialAction":[{"@type":"ReadAction","target":["https:\/\/www.jyiele.com\/it\/prodotto\/4p-double-power-automatic-transfer-switch\/"]}]},{"@type":"ImageObject","inLanguage":"pl-PL","@id":"https:\/\/www.jyiele.com\/it\/prodotto\/4p-double-power-automatic-transfer-switch\/#primaryimage","url":"https:\/\/www.jyiele.com\/wp-content\/uploads\/2024\/10\/4P-Double-Power-Automatic-Transfer-Switch.webp","contentUrl":"https:\/\/www.jyiele.com\/wp-content\/uploads\/2024\/10\/4P-Double-Power-Automatic-Transfer-Switch.webp","width":800,"height":800,"caption":"4P Double Power Automatic Transfer Switch"},{"@type":"BreadcrumbList","@id":"https:\/\/www.jyiele.com\/it\/prodotto\/4p-double-power-automatic-transfer-switch\/#breadcrumb","itemListElement":[{"@type":"ListItem","position":1,"name":"Home","item":"https:\/\/www.jyiele.com\/"},{"@type":"ListItem","position":2,"name":"Product","item":"https:\/\/www.jyiele.com\/product\/"},{"@type":"ListItem","position":3,"name":"Dual Power Automatic Transfer Switch","item":"https:\/\/www.jyiele.com\/it\/categoria-prodotto\/dual-power-automatic-transfer-switch\/"},{"@type":"ListItem","position":4,"name":"High Quality ATSQ2 Series 4P Intelligent Double Power Automatic Transfer Switch"}]},{"@type":"WebSite","@id":"https:\/\/www.jyiele.com\/#website","url":"https:\/\/www.jyiele.com\/","name":"JYIELE","description":"Producent wy\u0142\u0105cznik\u00f3w pr\u00f3\u017cniowych","publisher":{"@id":"https:\/\/www.jyiele.com\/#organization"},"potentialAction":[{"@type":"SearchAction","target":{"@type":"EntryPoint","urlTemplate":"https:\/\/www.jyiele.com\/?s={search_term_string}"},"query-input":{"@type":"PropertyValueSpecification","valueRequired":true,"valueName":"search_term_string"}}],"inLanguage":"pl-PL"},{"@type":"Organization","@id":"https:\/\/www.jyiele.com\/#organization","name":"JYIELE","url":"https:\/\/www.jyiele.com\/","logo":{"@type":"ImageObject","inLanguage":"pl-PL","@id":"https:\/\/www.jyiele.com\/#\/schema\/logo\/image\/","url":"https:\/\/www.jyiele.com\/wp-content\/uploads\/2024\/09\/cropped-jyele-1.webp","contentUrl":"https:\/\/www.jyiele.com\/wp-content\/uploads\/2024\/09\/cropped-jyele-1.webp","width":137,"height":60,"caption":"JYIELE"},"image":{"@id":"https:\/\/www.jyiele.com\/#\/schema\/logo\/image\/"}}]}},"_links":{"self":[{"href":"https:\/\/www.jyiele.com\/pl\/wp-json\/wp\/v2\/product\/2063","targetHints":{"allow":["GET"]}}],"collection":[{"href":"https:\/\/www.jyiele.com\/pl\/wp-json\/wp\/v2\/product"}],"about":[{"href":"https:\/\/www.jyiele.com\/pl\/wp-json\/wp\/v2\/types\/product"}],"version-history":[{"count":3,"href":"https:\/\/www.jyiele.com\/pl\/wp-json\/wp\/v2\/product\/2063\/revisions"}],"predecessor-version":[{"id":2087,"href":"https:\/\/www.jyiele.com\/pl\/wp-json\/wp\/v2\/product\/2063\/revisions\/2087"}],"wp:featuredmedia":[{"embeddable":true,"href":"https:\/\/www.jyiele.com\/pl\/wp-json\/wp\/v2\/media\/2064"}],"wp:attachment":[{"href":"https:\/\/www.jyiele.com\/pl\/wp-json\/wp\/v2\/media?parent=2063"}],"wp:term":[{"taxonomy":"product_brand","embeddable":true,"href":"https:\/\/www.jyiele.com\/pl\/wp-json\/wp\/v2\/product_brand?post=2063"},{"taxonomy":"product_cat","embeddable":true,"href":"https:\/\/www.jyiele.com\/pl\/wp-json\/wp\/v2\/product_cat?post=2063"},{"taxonomy":"product_tag","embeddable":true,"href":"https:\/\/www.jyiele.com\/pl\/wp-json\/wp\/v2\/product_tag?post=2063"}],"curies":[{"name":"wp","href":"https:\/\/api.w.org\/{rel}","templated":true}]}}