{"id":2113,"date":"2024-10-16T11:51:04","date_gmt":"2024-10-16T11:51:04","guid":{"rendered":"https:\/\/www.jy-electric.com\/?post_type=product&#038;p=2113"},"modified":"2025-03-09T11:35:15","modified_gmt":"2025-03-09T11:35:15","slug":"ip65-outdoorusing-waterproof-pc-plastic-electrical-mcb-distribution-box","status":"publish","type":"product","link":"https:\/\/www.jyiele.com\/pl\/product\/ip65-outdoorusing-waterproof-pc-plastic-electrical-mcb-distribution-box\/","title":{"rendered":"Seria HT Ip65 Zewn\u0119trzna wodoodporna skrzynka rozdzielcza PC z tworzywa sztucznego Mcb"},"content":{"rendered":"<h2>Seria HT IP65 Zewn\u0119trzna wodoodporna skrzynka rozdzielcza MCB z tworzywa sztucznego PC<\/h2>\n<h2>Kluczowe cechy:<\/h2>\n<p>Kilka opcji wlotu i wylotu<br \/>\nSkrzynka zosta\u0142a zaprojektowana z zachowanymi otworami wlotowymi i wylotowymi i zawiera pasuj\u0105ce nylonowe z\u0142\u0105cza dla wi\u0119kszej liczby opcji wodoodporno\u015bci.<\/p>\n<p>Wodoodporna ta\u015bma PVC<br \/>\nWytrzyma\u0142a, antykorozyjna ta\u015bma PVC zosta\u0142a przymocowana do pude\u0142ka w celu zapewnienia trwa\u0142ej wodoodporno\u015bci.<\/p>\n<p>Elastyczny projekt instalacji<br \/>\nWst\u0119pnie wywiercone otwory monta\u017cowe i jedna szyna monta\u017cowa 35 mm umo\u017cliwiaj\u0105 \u0142atw\u0105 instalacj\u0119 zacisk\u00f3w zerowego rz\u0119du i uziemienia tam, gdzie jest to wymagane.<\/p>\n<p>Uniwersalny monta\u017c<br \/>\nObudowy zapewniaj\u0105 kilka zarezerwowanych otwor\u00f3w monta\u017cowych, aby umo\u017cliwi\u0107 \u0142atwiejsze i bardziej adaptacyjne metody instalacji w r\u00f3\u017cnych \u015brodowiskach.<\/p>\n<p>Solidna obudowa<br \/>\nObudowa wykonana z odpornego na uderzenia poliw\u0119glanu lub ABS nadaje si\u0119 do trudnych warunk\u00f3w przemys\u0142owych.<\/p>\n<h4 class=\"wp-block-heading\">Specyfikacja produktu<\/h4>\n<figure class=\"wp-block-table\">\n<div class=\"scroll\">\n<table>\n<tbody>\n<tr>\n<td>Model<\/td>\n<td>Sposoby<\/td>\n<td>Stopie\u0144 ochrony IP<\/td>\n<td>Rozmiary produktu (d\u0142. * szer. * wys.) (mm)<\/td>\n<td>waga produktu<\/td>\n<\/tr>\n<tr>\n<td>HT-5<\/td>\n<td>5 dr\u00f3g<\/td>\n<td>IP65<\/td>\n<td>120*160*95<\/td>\n<td>0,34 KG<\/td>\n<\/tr>\n<tr>\n<td>HT-8<\/td>\n<td>8 sposob\u00f3w<\/td>\n<td>IP65<\/td>\n<td>200*155*95<\/td>\n<td>0,53 KG<\/td>\n<\/tr>\n<tr>\n<td>HT-12<\/td>\n<td>12ways<\/td>\n<td>IP65<\/td>\n<td>250*195*110<\/td>\n<td>0,84 KG<\/td>\n<\/tr>\n<tr>\n<td>HT-15<\/td>\n<td>15 sposob\u00f3w<\/td>\n<td>IP65<\/td>\n<td>310*195*110<\/td>\n<td>0,9 KG<\/td>\n<\/tr>\n<tr>\n<td>HT-18<\/td>\n<td>18 sposob\u00f3w<\/td>\n<td>IP65<\/td>\n<td>365*195*110<\/td>\n<td>1,07 KG<\/td>\n<\/tr>\n<tr>\n<td>HT-24<\/td>\n<td>24 sposoby<\/td>\n<td>IP65<\/td>\n<td>360*280*110<\/td>\n<td>1,35 KG<\/td>\n<\/tr>\n<\/tbody>\n<\/table>\n<\/div>\n<\/figure>","protected":false},"excerpt":{"rendered":"<p>Seria HT <strong>Plastikowa skrzynka rozdzielcza<\/strong> zaprojektowany zgodnie z mi\u0119dzynarodowymi standardami jest atrakcyjny i trwa\u0142y. Jest bezpieczny, niezawodny i szeroko stosowany w fabrykach, budynkach, rezydencjach, centrach handlowych i wielu innych miejscach.<\/p>\n<p>Numer modelu: HT-3<br \/>\nNazwa produktu: Elektryczna skrzynka rozdzielcza<br \/>\nZastosowanie: System dystrybucji zasilania niskiego napi\u0119cia<br \/>\nKolor: jasnoszary<br \/>\nTyp instalacji: Monta\u017c powierzchniowy<br \/>\nStopie\u0144 ochrony: IP65\/IP55\/IP44<br \/>\nSposoby: od 3 do 24 sposob\u00f3w<br \/>\nGwarancja: 24 miesi\u0105ce<br \/>\nNapi\u0119cie znamionowe: 220V-380V<br \/>\nCz\u0119stotliwo\u015b\u0107 znamionowa: 50-60 Hz<br \/>\nCertyfikaty: CE, ROHS<\/p>\n<p>&nbsp;<\/p>","protected":false},"featured_media":2116,"template":"","meta":{"site-sidebar-layout":"default","site-content-layout":"","ast-site-content-layout":"default","site-content-style":"default","site-sidebar-style":"default","ast-global-header-display":"","ast-banner-title-visibility":"","ast-main-header-display":"","ast-hfb-above-header-display":"","ast-hfb-below-header-display":"","ast-hfb-mobile-header-display":"","site-post-title":"","ast-breadcrumbs-content":"","ast-featured-img":"","footer-sml-layout":"","ast-disable-related-posts":"","theme-transparent-header-meta":"default","adv-header-id-meta":"","stick-header-meta":"","header-above-stick-meta":"","header-main-stick-meta":"","header-below-stick-meta":"","astra-migrate-meta-layouts":"set","ast-page-background-enabled":"default","ast-page-background-meta":{"desktop":{"background-color":"var(--ast-global-color-4)","background-image":"","background-repeat":"repeat","background-position":"center center","background-size":"auto","background-attachment":"scroll","background-type":"","background-media":"","overlay-type":"","overlay-color":"","overlay-opacity":"","overlay-gradient":""},"tablet":{"background-color":"","background-image":"","background-repeat":"repeat","background-position":"center center","background-size":"auto","background-attachment":"scroll","background-type":"","background-media":"","overlay-type":"","overlay-color":"","overlay-opacity":"","overlay-gradient":""},"mobile":{"background-color":"","background-image":"","background-repeat":"repeat","background-position":"center center","background-size":"auto","background-attachment":"scroll","background-type":"","background-media":"","overlay-type":"","overlay-color":"","overlay-opacity":"","overlay-gradient":""}},"ast-content-background-meta":{"desktop":{"background-color":"var(--ast-global-color-5)","background-image":"","background-repeat":"repeat","background-position":"center center","background-size":"auto","background-attachment":"scroll","background-type":"","background-media":"","overlay-type":"","overlay-color":"","overlay-opacity":"","overlay-gradient":""},"tablet":{"background-color":"var(--ast-global-color-5)","background-image":"","background-repeat":"repeat","background-position":"center center","background-size":"auto","background-attachment":"scroll","background-type":"","background-media":"","overlay-type":"","overlay-color":"","overlay-opacity":"","overlay-gradient":""},"mobile":{"background-color":"var(--ast-global-color-5)","background-image":"","background-repeat":"repeat","background-position":"center center","background-size":"auto","background-attachment":"scroll","background-type":"","background-media":"","overlay-type":"","overlay-color":"","overlay-opacity":"","overlay-gradient":""}}},"product_brand":[],"product_cat":[23],"product_tag":[],"class_list":{"0":"post-2113","1":"product","2":"type-product","3":"status-publish","4":"has-post-thumbnail","6":"product_cat-waterproof-plastic-enclosure","7":"desktop-align-left","8":"tablet-align-left","9":"mobile-align-left","11":"first","12":"instock","13":"shipping-taxable","14":"product-type-simple"},"yoast_head":"<!-- This site is optimized with the Yoast SEO plugin v24.8.1 - https:\/\/yoast.com\/wordpress\/plugins\/seo\/ -->\n<title>Ip65 Outdoorusing Waterproof PC Plastic Electrical Mcb Distribution Box Factory - JYIELE<\/title>\n<meta name=\"robots\" content=\"index, follow, max-snippet:-1, max-image-preview:large, max-video-preview:-1\" \/>\n<link rel=\"canonical\" href=\"https:\/\/www.jyiele.com\/pl\/product\/ip65-outdoorusing-waterproof-pc-plastic-electrical-mcb-distribution-box\/\" \/>\n<meta property=\"og:locale\" content=\"pl_PL\" \/>\n<meta property=\"og:type\" content=\"article\" \/>\n<meta property=\"og:title\" content=\"Ip65 Outdoorusing Waterproof PC Plastic Electrical Mcb Distribution Box Factory - JYIELE\" \/>\n<meta property=\"og:description\" content=\"HT Series Plastic Distribution Box designed by international standard is a kind of attractive and durable one. It is safe, reliable, and widely used in factories, buildings, residences, shopping centers, and many other places.  Model Number: HT-3 Product Name: Electrical Distribution Box Application: Low Voltage Power Distribution System Color: Light Grey Installation Type: Surface Mount Protection Degree: IP65\/IP55\/IP44 Ways: 3 to 24 ways Warranty: 24 Months Rated Voltage: 220V-380V Rated Frequency: 50-60HZ Certification: CE, ROHS  &nbsp;\" \/>\n<meta property=\"og:url\" content=\"https:\/\/www.jyiele.com\/pl\/product\/ip65-outdoorusing-waterproof-pc-plastic-electrical-mcb-distribution-box\/\" \/>\n<meta property=\"og:site_name\" content=\"JYIELE\" \/>\n<meta property=\"article:modified_time\" content=\"2025-03-09T11:35:15+00:00\" \/>\n<meta property=\"og:image\" content=\"https:\/\/www.jyiele.com\/wp-content\/uploads\/2024\/10\/HT-Series-Ip65-Outdoorusing-Waterproof-PC-Plastic-Electrical-Mcb-Distribution-Box.webp\" \/>\n\t<meta property=\"og:image:width\" content=\"800\" \/>\n\t<meta property=\"og:image:height\" content=\"800\" \/>\n\t<meta property=\"og:image:type\" content=\"image\/webp\" \/>\n<meta name=\"twitter:card\" content=\"summary_large_image\" \/>\n<meta name=\"twitter:label1\" content=\"Szacowany czas czytania\" \/>\n\t<meta name=\"twitter:data1\" content=\"1 minuta\" \/>\n<script type=\"application\/ld+json\" class=\"yoast-schema-graph\">{\"@context\":\"https:\/\/schema.org\",\"@graph\":[{\"@type\":\"WebPage\",\"@id\":\"https:\/\/www.jyiele.com\/product\/ip65-outdoorusing-waterproof-pc-plastic-electrical-mcb-distribution-box\/\",\"url\":\"https:\/\/www.jyiele.com\/product\/ip65-outdoorusing-waterproof-pc-plastic-electrical-mcb-distribution-box\/\",\"name\":\"Ip65 Outdoorusing Waterproof PC Plastic Electrical Mcb Distribution Box Factory - JYIELE\",\"isPartOf\":{\"@id\":\"https:\/\/www.jyiele.com\/#website\"},\"primaryImageOfPage\":{\"@id\":\"https:\/\/www.jyiele.com\/product\/ip65-outdoorusing-waterproof-pc-plastic-electrical-mcb-distribution-box\/#primaryimage\"},\"image\":{\"@id\":\"https:\/\/www.jyiele.com\/product\/ip65-outdoorusing-waterproof-pc-plastic-electrical-mcb-distribution-box\/#primaryimage\"},\"thumbnailUrl\":\"https:\/\/www.jyiele.com\/wp-content\/uploads\/2024\/10\/HT-Series-Ip65-Outdoorusing-Waterproof-PC-Plastic-Electrical-Mcb-Distribution-Box.webp\",\"datePublished\":\"2024-10-16T11:51:04+00:00\",\"dateModified\":\"2025-03-09T11:35:15+00:00\",\"breadcrumb\":{\"@id\":\"https:\/\/www.jyiele.com\/product\/ip65-outdoorusing-waterproof-pc-plastic-electrical-mcb-distribution-box\/#breadcrumb\"},\"inLanguage\":\"pl-PL\",\"potentialAction\":[{\"@type\":\"ReadAction\",\"target\":[\"https:\/\/www.jyiele.com\/product\/ip65-outdoorusing-waterproof-pc-plastic-electrical-mcb-distribution-box\/\"]}]},{\"@type\":\"ImageObject\",\"inLanguage\":\"pl-PL\",\"@id\":\"https:\/\/www.jyiele.com\/product\/ip65-outdoorusing-waterproof-pc-plastic-electrical-mcb-distribution-box\/#primaryimage\",\"url\":\"https:\/\/www.jyiele.com\/wp-content\/uploads\/2024\/10\/HT-Series-Ip65-Outdoorusing-Waterproof-PC-Plastic-Electrical-Mcb-Distribution-Box.webp\",\"contentUrl\":\"https:\/\/www.jyiele.com\/wp-content\/uploads\/2024\/10\/HT-Series-Ip65-Outdoorusing-Waterproof-PC-Plastic-Electrical-Mcb-Distribution-Box.webp\",\"width\":800,\"height\":800,\"caption\":\"HT Series Ip65 Outdoorusing Waterproof PC Plastic Electrical Mcb Distribution Box\"},{\"@type\":\"BreadcrumbList\",\"@id\":\"https:\/\/www.jyiele.com\/product\/ip65-outdoorusing-waterproof-pc-plastic-electrical-mcb-distribution-box\/#breadcrumb\",\"itemListElement\":[{\"@type\":\"ListItem\",\"position\":1,\"name\":\"Home\",\"item\":\"https:\/\/www.jyiele.com\/\"},{\"@type\":\"ListItem\",\"position\":2,\"name\":\"Product\",\"item\":\"https:\/\/www.jyiele.com\/product\/\"},{\"@type\":\"ListItem\",\"position\":3,\"name\":\"Waterproof Plastic Enclosure\",\"item\":\"https:\/\/www.jyiele.com\/ja\/product-category\/waterproof-plastic-enclosure\/\"},{\"@type\":\"ListItem\",\"position\":4,\"name\":\"HT Series Ip65 Outdoorusing Waterproof PC Plastic Electrical Mcb Distribution Box\"}]},{\"@type\":\"WebSite\",\"@id\":\"https:\/\/www.jyiele.com\/#website\",\"url\":\"https:\/\/www.jyiele.com\/\",\"name\":\"JYIELE\",\"description\":\"Vacuum Circuit Breaker manufacturer\",\"publisher\":{\"@id\":\"https:\/\/www.jyiele.com\/#organization\"},\"potentialAction\":[{\"@type\":\"SearchAction\",\"target\":{\"@type\":\"EntryPoint\",\"urlTemplate\":\"https:\/\/www.jyiele.com\/?s={search_term_string}\"},\"query-input\":{\"@type\":\"PropertyValueSpecification\",\"valueRequired\":true,\"valueName\":\"search_term_string\"}}],\"inLanguage\":\"pl-PL\"},{\"@type\":\"Organization\",\"@id\":\"https:\/\/www.jyiele.com\/#organization\",\"name\":\"JYIELE\",\"url\":\"https:\/\/www.jyiele.com\/\",\"logo\":{\"@type\":\"ImageObject\",\"inLanguage\":\"pl-PL\",\"@id\":\"https:\/\/www.jyiele.com\/#\/schema\/logo\/image\/\",\"url\":\"https:\/\/www.jyiele.com\/wp-content\/uploads\/2024\/09\/cropped-jyele-1.webp\",\"contentUrl\":\"https:\/\/www.jyiele.com\/wp-content\/uploads\/2024\/09\/cropped-jyele-1.webp\",\"width\":137,\"height\":60,\"caption\":\"JYIELE\"},\"image\":{\"@id\":\"https:\/\/www.jyiele.com\/#\/schema\/logo\/image\/\"}}]}<\/script>\n<!-- \/ Yoast SEO plugin. -->","yoast_head_json":{"title":"Ip65 Zewn\u0119trzna wodoodporna PC Plastikowa elektryczna skrzynka rozdzielcza Mcb Factory - JYIELE","robots":{"index":"index","follow":"follow","max-snippet":"max-snippet:-1","max-image-preview":"max-image-preview:large","max-video-preview":"max-video-preview:-1"},"canonical":"https:\/\/www.jyiele.com\/pl\/product\/ip65-outdoorusing-waterproof-pc-plastic-electrical-mcb-distribution-box\/","og_locale":"pl_PL","og_type":"article","og_title":"Ip65 Outdoorusing Waterproof PC Plastic Electrical Mcb Distribution Box Factory - JYIELE","og_description":"HT Series Plastic Distribution Box designed by international standard is a kind of attractive and durable one. It is safe, reliable, and widely used in factories, buildings, residences, shopping centers, and many other places.  Model Number: HT-3 Product Name: Electrical Distribution Box Application: Low Voltage Power Distribution System Color: Light Grey Installation Type: Surface Mount Protection Degree: IP65\/IP55\/IP44 Ways: 3 to 24 ways Warranty: 24 Months Rated Voltage: 220V-380V Rated Frequency: 50-60HZ Certification: CE, ROHS  &nbsp;","og_url":"https:\/\/www.jyiele.com\/pl\/product\/ip65-outdoorusing-waterproof-pc-plastic-electrical-mcb-distribution-box\/","og_site_name":"JYIELE","article_modified_time":"2025-03-09T11:35:15+00:00","og_image":[{"width":800,"height":800,"url":"https:\/\/www.jyiele.com\/wp-content\/uploads\/2024\/10\/HT-Series-Ip65-Outdoorusing-Waterproof-PC-Plastic-Electrical-Mcb-Distribution-Box.webp","type":"image\/webp"}],"twitter_card":"summary_large_image","twitter_misc":{"Szacowany czas czytania":"1 minuta"},"schema":{"@context":"https:\/\/schema.org","@graph":[{"@type":"WebPage","@id":"https:\/\/www.jyiele.com\/product\/ip65-outdoorusing-waterproof-pc-plastic-electrical-mcb-distribution-box\/","url":"https:\/\/www.jyiele.com\/product\/ip65-outdoorusing-waterproof-pc-plastic-electrical-mcb-distribution-box\/","name":"Ip65 Zewn\u0119trzna wodoodporna PC Plastikowa elektryczna skrzynka rozdzielcza Mcb Factory - JYIELE","isPartOf":{"@id":"https:\/\/www.jyiele.com\/#website"},"primaryImageOfPage":{"@id":"https:\/\/www.jyiele.com\/product\/ip65-outdoorusing-waterproof-pc-plastic-electrical-mcb-distribution-box\/#primaryimage"},"image":{"@id":"https:\/\/www.jyiele.com\/product\/ip65-outdoorusing-waterproof-pc-plastic-electrical-mcb-distribution-box\/#primaryimage"},"thumbnailUrl":"https:\/\/www.jyiele.com\/wp-content\/uploads\/2024\/10\/HT-Series-Ip65-Outdoorusing-Waterproof-PC-Plastic-Electrical-Mcb-Distribution-Box.webp","datePublished":"2024-10-16T11:51:04+00:00","dateModified":"2025-03-09T11:35:15+00:00","breadcrumb":{"@id":"https:\/\/www.jyiele.com\/product\/ip65-outdoorusing-waterproof-pc-plastic-electrical-mcb-distribution-box\/#breadcrumb"},"inLanguage":"pl-PL","potentialAction":[{"@type":"ReadAction","target":["https:\/\/www.jyiele.com\/product\/ip65-outdoorusing-waterproof-pc-plastic-electrical-mcb-distribution-box\/"]}]},{"@type":"ImageObject","inLanguage":"pl-PL","@id":"https:\/\/www.jyiele.com\/product\/ip65-outdoorusing-waterproof-pc-plastic-electrical-mcb-distribution-box\/#primaryimage","url":"https:\/\/www.jyiele.com\/wp-content\/uploads\/2024\/10\/HT-Series-Ip65-Outdoorusing-Waterproof-PC-Plastic-Electrical-Mcb-Distribution-Box.webp","contentUrl":"https:\/\/www.jyiele.com\/wp-content\/uploads\/2024\/10\/HT-Series-Ip65-Outdoorusing-Waterproof-PC-Plastic-Electrical-Mcb-Distribution-Box.webp","width":800,"height":800,"caption":"HT Series Ip65 Outdoorusing Waterproof PC Plastic Electrical Mcb Distribution Box"},{"@type":"BreadcrumbList","@id":"https:\/\/www.jyiele.com\/product\/ip65-outdoorusing-waterproof-pc-plastic-electrical-mcb-distribution-box\/#breadcrumb","itemListElement":[{"@type":"ListItem","position":1,"name":"Home","item":"https:\/\/www.jyiele.com\/"},{"@type":"ListItem","position":2,"name":"Product","item":"https:\/\/www.jyiele.com\/product\/"},{"@type":"ListItem","position":3,"name":"Waterproof Plastic Enclosure","item":"https:\/\/www.jyiele.com\/ja\/product-category\/waterproof-plastic-enclosure\/"},{"@type":"ListItem","position":4,"name":"HT Series Ip65 Outdoorusing Waterproof PC Plastic Electrical Mcb Distribution Box"}]},{"@type":"WebSite","@id":"https:\/\/www.jyiele.com\/#website","url":"https:\/\/www.jyiele.com\/","name":"JYIELE","description":"Producent wy\u0142\u0105cznik\u00f3w pr\u00f3\u017cniowych","publisher":{"@id":"https:\/\/www.jyiele.com\/#organization"},"potentialAction":[{"@type":"SearchAction","target":{"@type":"EntryPoint","urlTemplate":"https:\/\/www.jyiele.com\/?s={search_term_string}"},"query-input":{"@type":"PropertyValueSpecification","valueRequired":true,"valueName":"search_term_string"}}],"inLanguage":"pl-PL"},{"@type":"Organization","@id":"https:\/\/www.jyiele.com\/#organization","name":"JYIELE","url":"https:\/\/www.jyiele.com\/","logo":{"@type":"ImageObject","inLanguage":"pl-PL","@id":"https:\/\/www.jyiele.com\/#\/schema\/logo\/image\/","url":"https:\/\/www.jyiele.com\/wp-content\/uploads\/2024\/09\/cropped-jyele-1.webp","contentUrl":"https:\/\/www.jyiele.com\/wp-content\/uploads\/2024\/09\/cropped-jyele-1.webp","width":137,"height":60,"caption":"JYIELE"},"image":{"@id":"https:\/\/www.jyiele.com\/#\/schema\/logo\/image\/"}}]}},"_links":{"self":[{"href":"https:\/\/www.jyiele.com\/pl\/wp-json\/wp\/v2\/product\/2113","targetHints":{"allow":["GET"]}}],"collection":[{"href":"https:\/\/www.jyiele.com\/pl\/wp-json\/wp\/v2\/product"}],"about":[{"href":"https:\/\/www.jyiele.com\/pl\/wp-json\/wp\/v2\/types\/product"}],"version-history":[{"count":1,"href":"https:\/\/www.jyiele.com\/pl\/wp-json\/wp\/v2\/product\/2113\/revisions"}],"predecessor-version":[{"id":2118,"href":"https:\/\/www.jyiele.com\/pl\/wp-json\/wp\/v2\/product\/2113\/revisions\/2118"}],"wp:featuredmedia":[{"embeddable":true,"href":"https:\/\/www.jyiele.com\/pl\/wp-json\/wp\/v2\/media\/2116"}],"wp:attachment":[{"href":"https:\/\/www.jyiele.com\/pl\/wp-json\/wp\/v2\/media?parent=2113"}],"wp:term":[{"taxonomy":"product_brand","embeddable":true,"href":"https:\/\/www.jyiele.com\/pl\/wp-json\/wp\/v2\/product_brand?post=2113"},{"taxonomy":"product_cat","embeddable":true,"href":"https:\/\/www.jyiele.com\/pl\/wp-json\/wp\/v2\/product_cat?post=2113"},{"taxonomy":"product_tag","embeddable":true,"href":"https:\/\/www.jyiele.com\/pl\/wp-json\/wp\/v2\/product_tag?post=2113"}],"curies":[{"name":"wp","href":"https:\/\/api.w.org\/{rel}","templated":true}]}}